{"id":49341,"date":"2021-04-21T09:26:38","date_gmt":"2025-05-13T07:48:44","guid":{"rendered":"https:\/\/www.pakery.pl\/produkt\/gunluk-paketleyici-pi-spx-13-110swg\/"},"modified":"2025-05-19T14:25:01","modified_gmt":"2025-05-19T12:25:01","slug":"paker-jednodniowy-pi-spx-13-110swg","status":"publish","type":"product","link":"https:\/\/www.pakery.pl\/tr\/produkt\/paker-jednodniowy-pi-spx-13-110swg\/","title":{"rendered":"G\u00fcnl\u00fck paketleyici PI-SPX 13\/110swg"},"content":{"rendered":"\t\t<div data-elementor-type=\"product-post\" data-elementor-id=\"49341\" class=\"elementor elementor-49341 elementor-1881\" data-elementor-post-type=\"product\">\n\t\t\t\t\t\t<section class=\"elementor-section elementor-top-section elementor-element elementor-element-c52e51e elementor-section-full_width elementor-section-height-default elementor-section-height-default\" data-id=\"c52e51e\" data-element_type=\"section\" data-e-type=\"section\">\n\t\t\t\t\t\t<div class=\"elementor-container elementor-column-gap-default\">\n\t\t\t\t\t<div class=\"elementor-column elementor-col-100 elementor-top-column elementor-element elementor-element-762439c\" data-id=\"762439c\" data-element_type=\"column\" data-e-type=\"column\">\n\t\t\t<div class=\"elementor-widget-wrap elementor-element-populated\">\n\t\t\t\t\t\t<div class=\"elementor-element elementor-element-43abffc elementor-widget elementor-widget-text-editor\" data-id=\"43abffc\" data-element_type=\"widget\" data-e-type=\"widget\" data-widget_type=\"text-editor.default\">\n\t\t\t\t<div class=\"elementor-widget-container\">\n\t\t\t\t\t\t\t\t\t<p><span style=\"color: #000000;\"><strong>Bir g\u00fcnl\u00fck enjeksiyon paketleyiciler<\/strong> veya iki valfli <strong>paketleyiciler<\/strong>. Enjeksiyon re\u00e7inesinin sertle\u015fmesini beklemeden enjeksiyonun ayn\u0131 g\u00fcn i\u00e7inde tamamlanmas\u0131n\u0131 sa\u011flarlar. <\/span><\/p>\n<p><span style=\"color: #000000;\">Enjeksiyon pakerinin (genle\u015fme lasti\u011fi) alt k\u0131sm\u0131nda ikinci bir valf ve di\u015f \u00fczerinde bir s\u0131k\u0131\u015ft\u0131rma halkas\u0131 bulunmaktad\u0131r. Enjeksiyon re\u00e7inesinin sertle\u015fmesini beklemeden enjeksiyondan hemen sonra enjeksiyon paketleyici g\u00f6vdesini \u00e7\u0131karabilirsiniz. <\/span><\/p>\n<p><em><span style=\"color: #000000;\">Bu, \u00f6zellikle enjeksiyon ekibinin ertesi g\u00fcn sadece ambalajc\u0131lar\u0131 \u00e7\u0131karmak i\u00e7in gelmesinin uygun maliyetli olmad\u0131\u011f\u0131 durumlarda faydal\u0131d\u0131r.<\/span><\/em><br><em><span style=\"color: #000000;\">Ayr\u0131ca, her zamanki enjeksiyon paketleyicilerinin giren arabalar\u0131n lastiklerini kesti\u011fi yeralt\u0131 garajlar\u0131nda.<\/span><\/em><\/p>\t\t\t\t\t\t\t\t<\/div>\n\t\t\t\t<\/div>\n\t\t\t\t\t<\/div>\n\t\t<\/div>\n\t\t\t\t\t<\/div>\n\t\t<\/section>\n\t\t\t\t<\/div>\n\t\t","protected":false},"excerpt":{"rendered":"<p>Bir g\u00fcnl\u00fck enjeksiyon paketleyiciler veya iki valfli paketleyiciler. Enjeksiyon re\u00e7inesinin sertle\u015fmesini beklemeden enjeksiyonun ayn\u0131 g\u00fcn i\u00e7inde tamamlanmas\u0131n\u0131 sa\u011flarlar. Enjeksiyon pakerinin (genle\u015fme lasti\u011fi) alt k\u0131sm\u0131nda ikinci bir valf ve di\u015f \u00fczerinde bir s\u0131k\u0131\u015ft\u0131rma halkas\u0131 bulunmaktad\u0131r. Enjeksiyon re\u00e7inesinin sertle\u015fmesini beklemeden enjeksiyondan hemen sonra enjeksiyon paketleyici g\u00f6vdesini \u00e7\u0131karabilirsiniz. Bu, \u00f6zellikle enjeksiyon ekibinin ertesi g\u00fcn sadece ambalajc\u0131lar\u0131 \u00e7\u0131karmak i\u00e7in [&hellip;]<\/p>\n","protected":false},"featured_media":49255,"template":"","meta":{"_acf_changed":false},"product_brand":[],"product_cat":[2024,1396],"product_tag":[],"class_list":{"0":"post-49341","1":"product","2":"type-product","3":"status-publish","4":"has-post-thumbnail","6":"product_cat-enjeksiyon-paketleyiciler-tr","7":"product_cat-metal-paketleyiciler","9":"first","10":"instock","11":"taxable","12":"shipping-taxable","13":"purchasable","14":"product-type-simple"},"acf":[],"yoast_head":"<!-- This site is optimized with the Yoast SEO plugin v27.3 - https:\/\/yoast.com\/product\/yoast-seo-wordpress\/ -->\n<title>Bir g\u00fcnl\u00fck enjeksiyon i\u00e7in enjeksiyon paketleyici PI-SPX 13\/110 - PAKERY.PL<\/title>\n<meta name=\"description\" content=\"Bir g\u00fcnl\u00fck enjeksiyon paketleyici. \u00c7ok y\u00fcksek bas\u0131n\u00e7larda bile ola\u011fan\u00fcst\u00fc s\u0131zd\u0131rmazl\u0131k. Kalamit t\u00fcr\u00fcn\u00fcz\u00fc se\u00e7mek i\u00e7in kaydolun.\" \/>\n<meta name=\"robots\" content=\"index, follow, max-snippet:-1, max-image-preview:large, max-video-preview:-1\" \/>\n<link rel=\"canonical\" href=\"https:\/\/www.pakery.pl\/tr\/produkt\/paker-jednodniowy-pi-spx-13-110swg\/\" \/>\n<meta property=\"og:locale\" content=\"tr_TR\" \/>\n<meta property=\"og:type\" content=\"article\" \/>\n<meta property=\"og:title\" content=\"Bir g\u00fcnl\u00fck enjeksiyon i\u00e7in enjeksiyon paketleyici PI-SPX 13\/110 - PAKERY.PL\" \/>\n<meta property=\"og:description\" content=\"Bir g\u00fcnl\u00fck enjeksiyon paketleyici. \u00c7ok y\u00fcksek bas\u0131n\u00e7larda bile ola\u011fan\u00fcst\u00fc s\u0131zd\u0131rmazl\u0131k. Kalamit t\u00fcr\u00fcn\u00fcz\u00fc se\u00e7mek i\u00e7in kaydolun.\" \/>\n<meta property=\"og:url\" content=\"https:\/\/www.pakery.pl\/tr\/produkt\/paker-jednodniowy-pi-spx-13-110swg\/\" \/>\n<meta property=\"og:site_name\" content=\"PAKERY.PL\" \/>\n<meta property=\"article:modified_time\" content=\"2025-05-19T12:25:01+00:00\" \/>\n<meta property=\"og:image\" content=\"https:\/\/www.pakery.pl\/wp-content\/uploads\/2021\/04\/PI-SPX-13110e.png\" \/>\n\t<meta property=\"og:image:width\" content=\"2000\" \/>\n\t<meta property=\"og:image:height\" content=\"2000\" \/>\n\t<meta property=\"og:image:type\" content=\"image\/png\" \/>\n<meta name=\"twitter:card\" content=\"summary_large_image\" \/>\n<meta name=\"twitter:label1\" content=\"Tahmini okuma s\u00fcresi\" \/>\n\t<meta name=\"twitter:data1\" content=\"1 dakika\" \/>\n<script type=\"application\/ld+json\" class=\"yoast-schema-graph\">{\"@context\":\"https:\\\/\\\/schema.org\",\"@graph\":[{\"@type\":\"WebPage\",\"@id\":\"https:\\\/\\\/www.pakery.pl\\\/tr\\\/produkt\\\/paker-jednodniowy-pi-spx-13-110swg\\\/\",\"url\":\"https:\\\/\\\/www.pakery.pl\\\/tr\\\/produkt\\\/paker-jednodniowy-pi-spx-13-110swg\\\/\",\"name\":\"Bir g\u00fcnl\u00fck enjeksiyon i\u00e7in enjeksiyon paketleyici PI-SPX 13\\\/110 - PAKERY.PL\",\"isPartOf\":{\"@id\":\"https:\\\/\\\/www.pakery.pl\\\/tr\\\/#website\"},\"primaryImageOfPage\":{\"@id\":\"https:\\\/\\\/www.pakery.pl\\\/tr\\\/produkt\\\/paker-jednodniowy-pi-spx-13-110swg\\\/#primaryimage\"},\"image\":{\"@id\":\"https:\\\/\\\/www.pakery.pl\\\/tr\\\/produkt\\\/paker-jednodniowy-pi-spx-13-110swg\\\/#primaryimage\"},\"thumbnailUrl\":\"https:\\\/\\\/www.pakery.pl\\\/wp-content\\\/uploads\\\/2021\\\/04\\\/PI-SPX-13110e.png\",\"datePublished\":\"2025-05-13T07:48:44+00:00\",\"dateModified\":\"2025-05-19T12:25:01+00:00\",\"description\":\"Bir g\u00fcnl\u00fck enjeksiyon paketleyici. \u00c7ok y\u00fcksek bas\u0131n\u00e7larda bile ola\u011fan\u00fcst\u00fc s\u0131zd\u0131rmazl\u0131k. Kalamit t\u00fcr\u00fcn\u00fcz\u00fc se\u00e7mek i\u00e7in kaydolun.\",\"breadcrumb\":{\"@id\":\"https:\\\/\\\/www.pakery.pl\\\/tr\\\/produkt\\\/paker-jednodniowy-pi-spx-13-110swg\\\/#breadcrumb\"},\"inLanguage\":\"tr\",\"potentialAction\":[{\"@type\":\"ReadAction\",\"target\":[\"https:\\\/\\\/www.pakery.pl\\\/tr\\\/produkt\\\/paker-jednodniowy-pi-spx-13-110swg\\\/\"]}]},{\"@type\":\"ImageObject\",\"inLanguage\":\"tr\",\"@id\":\"https:\\\/\\\/www.pakery.pl\\\/tr\\\/produkt\\\/paker-jednodniowy-pi-spx-13-110swg\\\/#primaryimage\",\"url\":\"https:\\\/\\\/www.pakery.pl\\\/wp-content\\\/uploads\\\/2021\\\/04\\\/PI-SPX-13110e.png\",\"contentUrl\":\"https:\\\/\\\/www.pakery.pl\\\/wp-content\\\/uploads\\\/2021\\\/04\\\/PI-SPX-13110e.png\",\"width\":2000,\"height\":2000},{\"@type\":\"BreadcrumbList\",\"@id\":\"https:\\\/\\\/www.pakery.pl\\\/tr\\\/produkt\\\/paker-jednodniowy-pi-spx-13-110swg\\\/#breadcrumb\",\"itemListElement\":[{\"@type\":\"ListItem\",\"position\":1,\"name\":\"Strona g\u0142\u00f3wna\",\"item\":\"https:\\\/\\\/www.pakery.pl\\\/tr\\\/\"},{\"@type\":\"ListItem\",\"position\":2,\"name\":\"Ma\u011faza\",\"item\":\"https:\\\/\\\/www.pakery.pl\\\/tr\\\/magaza\\\/\"},{\"@type\":\"ListItem\",\"position\":3,\"name\":\"G\u00fcnl\u00fck paketleyici PI-SPX 13\\\/110swg\"}]},{\"@type\":\"WebSite\",\"@id\":\"https:\\\/\\\/www.pakery.pl\\\/tr\\\/#website\",\"url\":\"https:\\\/\\\/www.pakery.pl\\\/tr\\\/\",\"name\":\"Pakery.pl\",\"description\":\"Pakery iniekcyjne, Kotwy spiralne, Lance iniekcyjne, W\u0119\u017ce do iniekcji, Pompy iniekcyjne, Serwis pomp iniekcyjnych, Wynajem pomp do iniekcji\",\"publisher\":{\"@id\":\"https:\\\/\\\/www.pakery.pl\\\/tr\\\/#organization\"},\"potentialAction\":[{\"@type\":\"SearchAction\",\"target\":{\"@type\":\"EntryPoint\",\"urlTemplate\":\"https:\\\/\\\/www.pakery.pl\\\/tr\\\/?s={search_term_string}\"},\"query-input\":{\"@type\":\"PropertyValueSpecification\",\"valueRequired\":true,\"valueName\":\"search_term_string\"}}],\"inLanguage\":\"tr\"},{\"@type\":\"Organization\",\"@id\":\"https:\\\/\\\/www.pakery.pl\\\/tr\\\/#organization\",\"name\":\"PAKERY.PL\",\"url\":\"https:\\\/\\\/www.pakery.pl\\\/tr\\\/\",\"logo\":{\"@type\":\"ImageObject\",\"inLanguage\":\"tr\",\"@id\":\"https:\\\/\\\/www.pakery.pl\\\/tr\\\/#\\\/schema\\\/logo\\\/image\\\/\",\"url\":\"https:\\\/\\\/www.pakery.pl\\\/wp-content\\\/uploads\\\/2021\\\/04\\\/cropped-PAKERY-LOGO.png\",\"contentUrl\":\"https:\\\/\\\/www.pakery.pl\\\/wp-content\\\/uploads\\\/2021\\\/04\\\/cropped-PAKERY-LOGO.png\",\"width\":1529,\"height\":500,\"caption\":\"PAKERY.PL\"},\"image\":{\"@id\":\"https:\\\/\\\/www.pakery.pl\\\/tr\\\/#\\\/schema\\\/logo\\\/image\\\/\"}}]}<\/script>\n<!-- \/ Yoast SEO plugin. -->","yoast_head_json":{"title":"Bir g\u00fcnl\u00fck enjeksiyon i\u00e7in enjeksiyon paketleyici PI-SPX 13\/110 - PAKERY.PL","description":"Bir g\u00fcnl\u00fck enjeksiyon paketleyici. \u00c7ok y\u00fcksek bas\u0131n\u00e7larda bile ola\u011fan\u00fcst\u00fc s\u0131zd\u0131rmazl\u0131k. Kalamit t\u00fcr\u00fcn\u00fcz\u00fc se\u00e7mek i\u00e7in kaydolun.","robots":{"index":"index","follow":"follow","max-snippet":"max-snippet:-1","max-image-preview":"max-image-preview:large","max-video-preview":"max-video-preview:-1"},"canonical":"https:\/\/www.pakery.pl\/tr\/produkt\/paker-jednodniowy-pi-spx-13-110swg\/","og_locale":"tr_TR","og_type":"article","og_title":"Bir g\u00fcnl\u00fck enjeksiyon i\u00e7in enjeksiyon paketleyici PI-SPX 13\/110 - PAKERY.PL","og_description":"Bir g\u00fcnl\u00fck enjeksiyon paketleyici. \u00c7ok y\u00fcksek bas\u0131n\u00e7larda bile ola\u011fan\u00fcst\u00fc s\u0131zd\u0131rmazl\u0131k. Kalamit t\u00fcr\u00fcn\u00fcz\u00fc se\u00e7mek i\u00e7in kaydolun.","og_url":"https:\/\/www.pakery.pl\/tr\/produkt\/paker-jednodniowy-pi-spx-13-110swg\/","og_site_name":"PAKERY.PL","article_modified_time":"2025-05-19T12:25:01+00:00","og_image":[{"width":2000,"height":2000,"url":"https:\/\/www.pakery.pl\/wp-content\/uploads\/2021\/04\/PI-SPX-13110e.png","type":"image\/png"}],"twitter_card":"summary_large_image","twitter_misc":{"Tahmini okuma s\u00fcresi":"1 dakika"},"schema":{"@context":"https:\/\/schema.org","@graph":[{"@type":"WebPage","@id":"https:\/\/www.pakery.pl\/tr\/produkt\/paker-jednodniowy-pi-spx-13-110swg\/","url":"https:\/\/www.pakery.pl\/tr\/produkt\/paker-jednodniowy-pi-spx-13-110swg\/","name":"Bir g\u00fcnl\u00fck enjeksiyon i\u00e7in enjeksiyon paketleyici PI-SPX 13\/110 - PAKERY.PL","isPartOf":{"@id":"https:\/\/www.pakery.pl\/tr\/#website"},"primaryImageOfPage":{"@id":"https:\/\/www.pakery.pl\/tr\/produkt\/paker-jednodniowy-pi-spx-13-110swg\/#primaryimage"},"image":{"@id":"https:\/\/www.pakery.pl\/tr\/produkt\/paker-jednodniowy-pi-spx-13-110swg\/#primaryimage"},"thumbnailUrl":"https:\/\/www.pakery.pl\/wp-content\/uploads\/2021\/04\/PI-SPX-13110e.png","datePublished":"2025-05-13T07:48:44+00:00","dateModified":"2025-05-19T12:25:01+00:00","description":"Bir g\u00fcnl\u00fck enjeksiyon paketleyici. \u00c7ok y\u00fcksek bas\u0131n\u00e7larda bile ola\u011fan\u00fcst\u00fc s\u0131zd\u0131rmazl\u0131k. Kalamit t\u00fcr\u00fcn\u00fcz\u00fc se\u00e7mek i\u00e7in kaydolun.","breadcrumb":{"@id":"https:\/\/www.pakery.pl\/tr\/produkt\/paker-jednodniowy-pi-spx-13-110swg\/#breadcrumb"},"inLanguage":"tr","potentialAction":[{"@type":"ReadAction","target":["https:\/\/www.pakery.pl\/tr\/produkt\/paker-jednodniowy-pi-spx-13-110swg\/"]}]},{"@type":"ImageObject","inLanguage":"tr","@id":"https:\/\/www.pakery.pl\/tr\/produkt\/paker-jednodniowy-pi-spx-13-110swg\/#primaryimage","url":"https:\/\/www.pakery.pl\/wp-content\/uploads\/2021\/04\/PI-SPX-13110e.png","contentUrl":"https:\/\/www.pakery.pl\/wp-content\/uploads\/2021\/04\/PI-SPX-13110e.png","width":2000,"height":2000},{"@type":"BreadcrumbList","@id":"https:\/\/www.pakery.pl\/tr\/produkt\/paker-jednodniowy-pi-spx-13-110swg\/#breadcrumb","itemListElement":[{"@type":"ListItem","position":1,"name":"Strona g\u0142\u00f3wna","item":"https:\/\/www.pakery.pl\/tr\/"},{"@type":"ListItem","position":2,"name":"Ma\u011faza","item":"https:\/\/www.pakery.pl\/tr\/magaza\/"},{"@type":"ListItem","position":3,"name":"G\u00fcnl\u00fck paketleyici PI-SPX 13\/110swg"}]},{"@type":"WebSite","@id":"https:\/\/www.pakery.pl\/tr\/#website","url":"https:\/\/www.pakery.pl\/tr\/","name":"Pakery.pl","description":"Pakery iniekcyjne, Kotwy spiralne, Lance iniekcyjne, W\u0119\u017ce do iniekcji, Pompy iniekcyjne, Serwis pomp iniekcyjnych, Wynajem pomp do iniekcji","publisher":{"@id":"https:\/\/www.pakery.pl\/tr\/#organization"},"potentialAction":[{"@type":"SearchAction","target":{"@type":"EntryPoint","urlTemplate":"https:\/\/www.pakery.pl\/tr\/?s={search_term_string}"},"query-input":{"@type":"PropertyValueSpecification","valueRequired":true,"valueName":"search_term_string"}}],"inLanguage":"tr"},{"@type":"Organization","@id":"https:\/\/www.pakery.pl\/tr\/#organization","name":"PAKERY.PL","url":"https:\/\/www.pakery.pl\/tr\/","logo":{"@type":"ImageObject","inLanguage":"tr","@id":"https:\/\/www.pakery.pl\/tr\/#\/schema\/logo\/image\/","url":"https:\/\/www.pakery.pl\/wp-content\/uploads\/2021\/04\/cropped-PAKERY-LOGO.png","contentUrl":"https:\/\/www.pakery.pl\/wp-content\/uploads\/2021\/04\/cropped-PAKERY-LOGO.png","width":1529,"height":500,"caption":"PAKERY.PL"},"image":{"@id":"https:\/\/www.pakery.pl\/tr\/#\/schema\/logo\/image\/"}}]}},"_links":{"self":[{"href":"https:\/\/www.pakery.pl\/tr\/wp-json\/wp\/v2\/product\/49341","targetHints":{"allow":["GET"]}}],"collection":[{"href":"https:\/\/www.pakery.pl\/tr\/wp-json\/wp\/v2\/product"}],"about":[{"href":"https:\/\/www.pakery.pl\/tr\/wp-json\/wp\/v2\/types\/product"}],"version-history":[{"count":1,"href":"https:\/\/www.pakery.pl\/tr\/wp-json\/wp\/v2\/product\/49341\/revisions"}],"predecessor-version":[{"id":49343,"href":"https:\/\/www.pakery.pl\/tr\/wp-json\/wp\/v2\/product\/49341\/revisions\/49343"}],"wp:featuredmedia":[{"embeddable":true,"href":"https:\/\/www.pakery.pl\/tr\/wp-json\/wp\/v2\/media\/49255"}],"wp:attachment":[{"href":"https:\/\/www.pakery.pl\/tr\/wp-json\/wp\/v2\/media?parent=49341"}],"wp:term":[{"taxonomy":"product_brand","embeddable":true,"href":"https:\/\/www.pakery.pl\/tr\/wp-json\/wp\/v2\/product_brand?post=49341"},{"taxonomy":"product_cat","embeddable":true,"href":"https:\/\/www.pakery.pl\/tr\/wp-json\/wp\/v2\/product_cat?post=49341"},{"taxonomy":"product_tag","embeddable":true,"href":"https:\/\/www.pakery.pl\/tr\/wp-json\/wp\/v2\/product_tag?post=49341"}],"curies":[{"name":"wp","href":"https:\/\/api.w.org\/{rel}","templated":true}]}}