{"id":48716,"date":"2025-05-09T12:42:06","date_gmt":"2025-05-12T05:31:42","guid":{"rendered":"https:\/\/www.pakery.pl\/produkt\/enjeksiyon-paketleyici-pi-spm-10-300\/"},"modified":"2025-05-12T07:31:42","modified_gmt":"2025-05-12T05:31:42","slug":"paker-do-iniekcji-pi-spm-10-300","status":"publish","type":"product","link":"https:\/\/www.pakery.pl\/tr\/produkt\/paker-do-iniekcji-pi-spm-10-300\/","title":{"rendered":"Enjeksiyon paketleyici PI-SPM 10\/300"},"content":{"rendered":"<p>PI-SPM pacer <strong>profesyonel hat<\/strong> serisinin y\u0131llard\u0131r amiral gemisi modeli. Enjekt\u00f6r m\u00fckemmel s\u0131zd\u0131rmazl\u0131k ve \u00f6rnek bir ankraj sa\u011flar. Enjekt\u00f6r her t\u00fcrl\u00fc enjeksiyon i\u00e7in uygundur. Hem y\u00fcksek bas\u0131n\u00e7l\u0131 hem de d\u00fc\u015f\u00fck bas\u0131n\u00e7l\u0131 enjeksiyon i\u00e7in dikme par\u00e7as\u0131n\u0131n yan\u0131 s\u0131ra kalamiterlerin \u00f6rnek bir s\u0131zd\u0131rmazl\u0131\u011f\u0131n\u0131 sa\u011flar.  <\/p>\n<p>\u00d6zel kalamitler sayesinde, paketleyiciler s\u0131rt bas\u0131nc\u0131n\u0131 m\u00fckemmel bir \u015fekilde tutar (&#8220;s\u0131zd\u0131rmaz&#8221;).<\/p>\n<p><em><strong>SWG kalamit paketleyiciler<\/strong>, anaerobik yap\u0131\u015ft\u0131r\u0131c\u0131 ile mekanik olarak s\u0131k\u0131l\u0131r ve s\u0131k\u0131 bir m6x1 di\u015fli ba\u011flant\u0131s\u0131n\u0131 garanti eder.  <\/em><\/p>\n<p><em><strong>PRE kalamit paketleyiciler<\/strong>, bir kaplama ile \u00f6nceden uygulanm\u0131\u015f di\u015flere sahiptir, b\u00f6ylece kalamit b\u00fck\u00fcld\u00fc\u011f\u00fcnde an\u0131nda s\u0131zd\u0131rmazl\u0131k sa\u011flar.<\/em><\/p>\n","protected":false},"excerpt":{"rendered":"<p>PI-SPM pacer profesyonel hat serisinin y\u0131llard\u0131r amiral gemisi modeli. Enjekt\u00f6r m\u00fckemmel s\u0131zd\u0131rmazl\u0131k ve \u00f6rnek bir ankraj sa\u011flar. Enjekt\u00f6r her t\u00fcrl\u00fc enjeksiyon i\u00e7in uygundur. Hem y\u00fcksek bas\u0131n\u00e7l\u0131 hem de d\u00fc\u015f\u00fck bas\u0131n\u00e7l\u0131 enjeksiyon i\u00e7in dikme par\u00e7as\u0131n\u0131n yan\u0131 s\u0131ra kalamiterlerin \u00f6rnek bir s\u0131zd\u0131rmazl\u0131\u011f\u0131n\u0131 sa\u011flar. \u00d6zel kalamitler sayesinde, paketleyiciler s\u0131rt bas\u0131nc\u0131n\u0131 m\u00fckemmel bir \u015fekilde tutar (&#8220;s\u0131zd\u0131rmaz&#8221;). SWG kalamit paketleyiciler, [&hellip;]<\/p>\n","protected":false},"featured_media":48687,"template":"","meta":{"_acf_changed":false},"product_brand":[],"product_cat":[1396],"product_tag":[],"class_list":{"0":"post-48716","1":"product","2":"type-product","3":"status-publish","4":"has-post-thumbnail","6":"product_cat-metal-paketleyiciler","8":"first","9":"instock","10":"taxable","11":"shipping-taxable","12":"product-type-simple"},"acf":[],"yoast_head":"<!-- This site is optimized with the Yoast SEO plugin v27.3 - https:\/\/yoast.com\/product\/yoast-seo-wordpress\/ -->\n<title>Enjeksiyon paketleyici PI-SPM 10\/300 - PAKERY.PL<\/title>\n<meta name=\"robots\" content=\"index, follow, max-snippet:-1, max-image-preview:large, max-video-preview:-1\" \/>\n<link rel=\"canonical\" href=\"https:\/\/www.pakery.pl\/tr\/produkt\/paker-do-iniekcji-pi-spm-10-300\/\" \/>\n<meta property=\"og:locale\" content=\"tr_TR\" \/>\n<meta property=\"og:type\" content=\"article\" \/>\n<meta property=\"og:title\" content=\"Enjeksiyon paketleyici PI-SPM 10\/300 - PAKERY.PL\" \/>\n<meta property=\"og:description\" content=\"PI-SPM pacer profesyonel hat serisinin y\u0131llard\u0131r amiral gemisi modeli. Enjekt\u00f6r m\u00fckemmel s\u0131zd\u0131rmazl\u0131k ve \u00f6rnek bir ankraj sa\u011flar. Enjekt\u00f6r her t\u00fcrl\u00fc enjeksiyon i\u00e7in uygundur. Hem y\u00fcksek bas\u0131n\u00e7l\u0131 hem de d\u00fc\u015f\u00fck bas\u0131n\u00e7l\u0131 enjeksiyon i\u00e7in dikme par\u00e7as\u0131n\u0131n yan\u0131 s\u0131ra kalamiterlerin \u00f6rnek bir s\u0131zd\u0131rmazl\u0131\u011f\u0131n\u0131 sa\u011flar. \u00d6zel kalamitler sayesinde, paketleyiciler s\u0131rt bas\u0131nc\u0131n\u0131 m\u00fckemmel bir \u015fekilde tutar (&#8220;s\u0131zd\u0131rmaz&#8221;). SWG kalamit paketleyiciler, [&hellip;]\" \/>\n<meta property=\"og:url\" content=\"https:\/\/www.pakery.pl\/tr\/produkt\/paker-do-iniekcji-pi-spm-10-300\/\" \/>\n<meta property=\"og:site_name\" content=\"PAKERY.PL\" \/>\n<meta property=\"og:image\" content=\"https:\/\/www.pakery.pl\/wp-content\/uploads\/2025\/05\/PI-SPM-10300-ikona.png\" \/>\n\t<meta property=\"og:image:width\" content=\"683\" \/>\n\t<meta property=\"og:image:height\" content=\"683\" \/>\n\t<meta property=\"og:image:type\" content=\"image\/png\" \/>\n<meta name=\"twitter:card\" content=\"summary_large_image\" \/>\n<meta name=\"twitter:label1\" content=\"Tahmini okuma s\u00fcresi\" \/>\n\t<meta name=\"twitter:data1\" content=\"1 dakika\" \/>\n<script type=\"application\/ld+json\" class=\"yoast-schema-graph\">{\"@context\":\"https:\\\/\\\/schema.org\",\"@graph\":[{\"@type\":\"WebPage\",\"@id\":\"https:\\\/\\\/www.pakery.pl\\\/tr\\\/produkt\\\/paker-do-iniekcji-pi-spm-10-300\\\/\",\"url\":\"https:\\\/\\\/www.pakery.pl\\\/tr\\\/produkt\\\/paker-do-iniekcji-pi-spm-10-300\\\/\",\"name\":\"Enjeksiyon paketleyici PI-SPM 10\\\/300 - PAKERY.PL\",\"isPartOf\":{\"@id\":\"https:\\\/\\\/www.pakery.pl\\\/tr\\\/#website\"},\"primaryImageOfPage\":{\"@id\":\"https:\\\/\\\/www.pakery.pl\\\/tr\\\/produkt\\\/paker-do-iniekcji-pi-spm-10-300\\\/#primaryimage\"},\"image\":{\"@id\":\"https:\\\/\\\/www.pakery.pl\\\/tr\\\/produkt\\\/paker-do-iniekcji-pi-spm-10-300\\\/#primaryimage\"},\"thumbnailUrl\":\"https:\\\/\\\/www.pakery.pl\\\/wp-content\\\/uploads\\\/2025\\\/05\\\/PI-SPM-10300-ikona.png\",\"datePublished\":\"2025-05-12T05:31:42+00:00\",\"breadcrumb\":{\"@id\":\"https:\\\/\\\/www.pakery.pl\\\/tr\\\/produkt\\\/paker-do-iniekcji-pi-spm-10-300\\\/#breadcrumb\"},\"inLanguage\":\"tr\",\"potentialAction\":[{\"@type\":\"ReadAction\",\"target\":[\"https:\\\/\\\/www.pakery.pl\\\/tr\\\/produkt\\\/paker-do-iniekcji-pi-spm-10-300\\\/\"]}]},{\"@type\":\"ImageObject\",\"inLanguage\":\"tr\",\"@id\":\"https:\\\/\\\/www.pakery.pl\\\/tr\\\/produkt\\\/paker-do-iniekcji-pi-spm-10-300\\\/#primaryimage\",\"url\":\"https:\\\/\\\/www.pakery.pl\\\/wp-content\\\/uploads\\\/2025\\\/05\\\/PI-SPM-10300-ikona.png\",\"contentUrl\":\"https:\\\/\\\/www.pakery.pl\\\/wp-content\\\/uploads\\\/2025\\\/05\\\/PI-SPM-10300-ikona.png\",\"width\":683,\"height\":683},{\"@type\":\"BreadcrumbList\",\"@id\":\"https:\\\/\\\/www.pakery.pl\\\/tr\\\/produkt\\\/paker-do-iniekcji-pi-spm-10-300\\\/#breadcrumb\",\"itemListElement\":[{\"@type\":\"ListItem\",\"position\":1,\"name\":\"Strona g\u0142\u00f3wna\",\"item\":\"https:\\\/\\\/www.pakery.pl\\\/tr\\\/\"},{\"@type\":\"ListItem\",\"position\":2,\"name\":\"Ma\u011faza\",\"item\":\"https:\\\/\\\/www.pakery.pl\\\/tr\\\/magaza\\\/\"},{\"@type\":\"ListItem\",\"position\":3,\"name\":\"Enjeksiyon paketleyici PI-SPM 10\\\/300\"}]},{\"@type\":\"WebSite\",\"@id\":\"https:\\\/\\\/www.pakery.pl\\\/tr\\\/#website\",\"url\":\"https:\\\/\\\/www.pakery.pl\\\/tr\\\/\",\"name\":\"Pakery.pl\",\"description\":\"Pakery iniekcyjne, Kotwy spiralne, Lance iniekcyjne, W\u0119\u017ce do iniekcji, Pompy iniekcyjne, Serwis pomp iniekcyjnych, Wynajem pomp do iniekcji\",\"publisher\":{\"@id\":\"https:\\\/\\\/www.pakery.pl\\\/tr\\\/#organization\"},\"potentialAction\":[{\"@type\":\"SearchAction\",\"target\":{\"@type\":\"EntryPoint\",\"urlTemplate\":\"https:\\\/\\\/www.pakery.pl\\\/tr\\\/?s={search_term_string}\"},\"query-input\":{\"@type\":\"PropertyValueSpecification\",\"valueRequired\":true,\"valueName\":\"search_term_string\"}}],\"inLanguage\":\"tr\"},{\"@type\":\"Organization\",\"@id\":\"https:\\\/\\\/www.pakery.pl\\\/tr\\\/#organization\",\"name\":\"PAKERY.PL\",\"url\":\"https:\\\/\\\/www.pakery.pl\\\/tr\\\/\",\"logo\":{\"@type\":\"ImageObject\",\"inLanguage\":\"tr\",\"@id\":\"https:\\\/\\\/www.pakery.pl\\\/tr\\\/#\\\/schema\\\/logo\\\/image\\\/\",\"url\":\"https:\\\/\\\/www.pakery.pl\\\/wp-content\\\/uploads\\\/2021\\\/04\\\/cropped-PAKERY-LOGO.png\",\"contentUrl\":\"https:\\\/\\\/www.pakery.pl\\\/wp-content\\\/uploads\\\/2021\\\/04\\\/cropped-PAKERY-LOGO.png\",\"width\":1529,\"height\":500,\"caption\":\"PAKERY.PL\"},\"image\":{\"@id\":\"https:\\\/\\\/www.pakery.pl\\\/tr\\\/#\\\/schema\\\/logo\\\/image\\\/\"}}]}<\/script>\n<!-- \/ Yoast SEO plugin. -->","yoast_head_json":{"title":"Enjeksiyon paketleyici PI-SPM 10\/300 - PAKERY.PL","robots":{"index":"index","follow":"follow","max-snippet":"max-snippet:-1","max-image-preview":"max-image-preview:large","max-video-preview":"max-video-preview:-1"},"canonical":"https:\/\/www.pakery.pl\/tr\/produkt\/paker-do-iniekcji-pi-spm-10-300\/","og_locale":"tr_TR","og_type":"article","og_title":"Enjeksiyon paketleyici PI-SPM 10\/300 - PAKERY.PL","og_description":"PI-SPM pacer profesyonel hat serisinin y\u0131llard\u0131r amiral gemisi modeli. Enjekt\u00f6r m\u00fckemmel s\u0131zd\u0131rmazl\u0131k ve \u00f6rnek bir ankraj sa\u011flar. Enjekt\u00f6r her t\u00fcrl\u00fc enjeksiyon i\u00e7in uygundur. Hem y\u00fcksek bas\u0131n\u00e7l\u0131 hem de d\u00fc\u015f\u00fck bas\u0131n\u00e7l\u0131 enjeksiyon i\u00e7in dikme par\u00e7as\u0131n\u0131n yan\u0131 s\u0131ra kalamiterlerin \u00f6rnek bir s\u0131zd\u0131rmazl\u0131\u011f\u0131n\u0131 sa\u011flar. \u00d6zel kalamitler sayesinde, paketleyiciler s\u0131rt bas\u0131nc\u0131n\u0131 m\u00fckemmel bir \u015fekilde tutar (&#8220;s\u0131zd\u0131rmaz&#8221;). SWG kalamit paketleyiciler, [&hellip;]","og_url":"https:\/\/www.pakery.pl\/tr\/produkt\/paker-do-iniekcji-pi-spm-10-300\/","og_site_name":"PAKERY.PL","og_image":[{"width":683,"height":683,"url":"https:\/\/www.pakery.pl\/wp-content\/uploads\/2025\/05\/PI-SPM-10300-ikona.png","type":"image\/png"}],"twitter_card":"summary_large_image","twitter_misc":{"Tahmini okuma s\u00fcresi":"1 dakika"},"schema":{"@context":"https:\/\/schema.org","@graph":[{"@type":"WebPage","@id":"https:\/\/www.pakery.pl\/tr\/produkt\/paker-do-iniekcji-pi-spm-10-300\/","url":"https:\/\/www.pakery.pl\/tr\/produkt\/paker-do-iniekcji-pi-spm-10-300\/","name":"Enjeksiyon paketleyici PI-SPM 10\/300 - PAKERY.PL","isPartOf":{"@id":"https:\/\/www.pakery.pl\/tr\/#website"},"primaryImageOfPage":{"@id":"https:\/\/www.pakery.pl\/tr\/produkt\/paker-do-iniekcji-pi-spm-10-300\/#primaryimage"},"image":{"@id":"https:\/\/www.pakery.pl\/tr\/produkt\/paker-do-iniekcji-pi-spm-10-300\/#primaryimage"},"thumbnailUrl":"https:\/\/www.pakery.pl\/wp-content\/uploads\/2025\/05\/PI-SPM-10300-ikona.png","datePublished":"2025-05-12T05:31:42+00:00","breadcrumb":{"@id":"https:\/\/www.pakery.pl\/tr\/produkt\/paker-do-iniekcji-pi-spm-10-300\/#breadcrumb"},"inLanguage":"tr","potentialAction":[{"@type":"ReadAction","target":["https:\/\/www.pakery.pl\/tr\/produkt\/paker-do-iniekcji-pi-spm-10-300\/"]}]},{"@type":"ImageObject","inLanguage":"tr","@id":"https:\/\/www.pakery.pl\/tr\/produkt\/paker-do-iniekcji-pi-spm-10-300\/#primaryimage","url":"https:\/\/www.pakery.pl\/wp-content\/uploads\/2025\/05\/PI-SPM-10300-ikona.png","contentUrl":"https:\/\/www.pakery.pl\/wp-content\/uploads\/2025\/05\/PI-SPM-10300-ikona.png","width":683,"height":683},{"@type":"BreadcrumbList","@id":"https:\/\/www.pakery.pl\/tr\/produkt\/paker-do-iniekcji-pi-spm-10-300\/#breadcrumb","itemListElement":[{"@type":"ListItem","position":1,"name":"Strona g\u0142\u00f3wna","item":"https:\/\/www.pakery.pl\/tr\/"},{"@type":"ListItem","position":2,"name":"Ma\u011faza","item":"https:\/\/www.pakery.pl\/tr\/magaza\/"},{"@type":"ListItem","position":3,"name":"Enjeksiyon paketleyici PI-SPM 10\/300"}]},{"@type":"WebSite","@id":"https:\/\/www.pakery.pl\/tr\/#website","url":"https:\/\/www.pakery.pl\/tr\/","name":"Pakery.pl","description":"Pakery iniekcyjne, Kotwy spiralne, Lance iniekcyjne, W\u0119\u017ce do iniekcji, Pompy iniekcyjne, Serwis pomp iniekcyjnych, Wynajem pomp do iniekcji","publisher":{"@id":"https:\/\/www.pakery.pl\/tr\/#organization"},"potentialAction":[{"@type":"SearchAction","target":{"@type":"EntryPoint","urlTemplate":"https:\/\/www.pakery.pl\/tr\/?s={search_term_string}"},"query-input":{"@type":"PropertyValueSpecification","valueRequired":true,"valueName":"search_term_string"}}],"inLanguage":"tr"},{"@type":"Organization","@id":"https:\/\/www.pakery.pl\/tr\/#organization","name":"PAKERY.PL","url":"https:\/\/www.pakery.pl\/tr\/","logo":{"@type":"ImageObject","inLanguage":"tr","@id":"https:\/\/www.pakery.pl\/tr\/#\/schema\/logo\/image\/","url":"https:\/\/www.pakery.pl\/wp-content\/uploads\/2021\/04\/cropped-PAKERY-LOGO.png","contentUrl":"https:\/\/www.pakery.pl\/wp-content\/uploads\/2021\/04\/cropped-PAKERY-LOGO.png","width":1529,"height":500,"caption":"PAKERY.PL"},"image":{"@id":"https:\/\/www.pakery.pl\/tr\/#\/schema\/logo\/image\/"}}]}},"_links":{"self":[{"href":"https:\/\/www.pakery.pl\/tr\/wp-json\/wp\/v2\/product\/48716","targetHints":{"allow":["GET"]}}],"collection":[{"href":"https:\/\/www.pakery.pl\/tr\/wp-json\/wp\/v2\/product"}],"about":[{"href":"https:\/\/www.pakery.pl\/tr\/wp-json\/wp\/v2\/types\/product"}],"version-history":[{"count":0,"href":"https:\/\/www.pakery.pl\/tr\/wp-json\/wp\/v2\/product\/48716\/revisions"}],"wp:featuredmedia":[{"embeddable":true,"href":"https:\/\/www.pakery.pl\/tr\/wp-json\/wp\/v2\/media\/48687"}],"wp:attachment":[{"href":"https:\/\/www.pakery.pl\/tr\/wp-json\/wp\/v2\/media?parent=48716"}],"wp:term":[{"taxonomy":"product_brand","embeddable":true,"href":"https:\/\/www.pakery.pl\/tr\/wp-json\/wp\/v2\/product_brand?post=48716"},{"taxonomy":"product_cat","embeddable":true,"href":"https:\/\/www.pakery.pl\/tr\/wp-json\/wp\/v2\/product_cat?post=48716"},{"taxonomy":"product_tag","embeddable":true,"href":"https:\/\/www.pakery.pl\/tr\/wp-json\/wp\/v2\/product_tag?post=48716"}],"curies":[{"name":"wp","href":"https:\/\/api.w.org\/{rel}","templated":true}]}}