{"id":44532,"date":"2023-04-06T12:30:49","date_gmt":"2023-04-06T10:30:49","guid":{"rendered":"https:\/\/www.pakery.pl\/produkt\/enjeksiyon-pompasi-temizleyicisi\/"},"modified":"2023-04-06T12:30:51","modified_gmt":"2023-04-06T10:30:51","slug":"enjeksiyon-pompasi-temizleyicisi","status":"publish","type":"product","link":"https:\/\/www.pakery.pl\/tr\/produkt\/enjeksiyon-pompasi-temizleyicisi\/","title":{"rendered":"Enjeksiyon pompas\u0131 temizleyicisi"},"content":{"rendered":"\t\t<div data-elementor-type=\"product-post\" data-elementor-id=\"44532\" class=\"elementor elementor-44532 elementor-3547\" data-elementor-post-type=\"product\">\n\t\t\t\t\t\t<section class=\"elementor-section elementor-top-section elementor-element elementor-element-3e560d8 elementor-section-full_width elementor-section-height-default elementor-section-height-default\" data-id=\"3e560d8\" data-element_type=\"section\" data-e-type=\"section\">\n\t\t\t\t\t\t<div class=\"elementor-container elementor-column-gap-default\">\n\t\t\t\t\t<div class=\"elementor-column elementor-col-100 elementor-top-column elementor-element elementor-element-8404500\" data-id=\"8404500\" data-element_type=\"column\" data-e-type=\"column\">\n\t\t\t<div class=\"elementor-widget-wrap elementor-element-populated\">\n\t\t\t\t\t\t<section class=\"elementor-section elementor-inner-section elementor-element elementor-element-8fdfbc5 elementor-section-full_width elementor-section-height-default elementor-section-height-default\" data-id=\"8fdfbc5\" data-element_type=\"section\" data-e-type=\"section\">\n\t\t\t\t\t\t<div class=\"elementor-container elementor-column-gap-default\">\n\t\t\t\t\t<div class=\"elementor-column elementor-col-50 elementor-inner-column elementor-element elementor-element-0817a6e\" data-id=\"0817a6e\" data-element_type=\"column\" data-e-type=\"column\">\n\t\t\t<div class=\"elementor-widget-wrap elementor-element-populated\">\n\t\t\t\t\t\t<div class=\"elementor-element elementor-element-fa6af93 elementor-widget elementor-widget-text-editor\" data-id=\"fa6af93\" data-element_type=\"widget\" data-e-type=\"widget\" data-widget_type=\"text-editor.default\">\n\t\t\t\t<div class=\"elementor-widget-container\">\n\t\t\t\t\t\t\t\t\t<div class=\"_1bo4a _xu6h2 _1ylmp _2d49e_YrWCD\">\n<div class=\"_1voj4 _z9prt _1xzdi _ai5yc _5d6n2 _15lj1\">\n<div class=\"_2d49e_5pK0q\">\n<p style=\"text-align: center;\"><strong><span style=\"color: #000000;\"> <\/span><\/strong><\/p>\n<p style=\"text-align: center;\"><strong><span style=\"color: #000000;\">PI-TEM\u0130ZLEY\u0130C\u0130 A<\/span><\/strong><\/p>\n<p><span style=\"color: #000000;\">FAYDALARI:<\/span><\/p>\n<ul>\n<li><span style=\"color: #000000;\">Pompa ve kafalardaki o-ringlere ve contalara zarar vermez<\/span><\/li>\n<li><span style=\"color: #000000;\">koruyucu \u00f6zelliklere sahiptir<\/span><\/li>\n<li><span style=\"color: #000000;\">K\u00f6p\u00fckl\u00fc poli\u00fcretan re\u00e7ineler ile temas etti\u011finde k\u00f6p\u00fcrmez<\/span><\/li>\n<li><span style=\"color: #000000;\">buharla\u015fmaz<\/span><\/li>\n<li><span style=\"color: #000000;\">re\u00e7ine ile kar\u0131\u015ft\u0131r\u0131ld\u0131\u011f\u0131nda &#8220;etkisizle\u015ftirir&#8221;<\/span><\/li>\n<li><span style=\"color: #000000;\">\u00e7evre dostudur ve ADR etiketi yoktur<\/span><\/li>\n<\/ul>\n<\/div>\n<\/div>\n<\/div>\n<div class=\"_1bo4a _xu6h2 _1ylmp _2d49e_YrWCD\">\n<div class=\"_1voj4 _z9prt _1xzdi _ai5yc _5d6n2 _15lj1\">\n<div class=\"_2d49e_5pK0q\">\n<p><span style=\"color: #000000;\">Viskozitesini azaltmak i\u00e7in enjeksiyon re\u00e7inelerini seyreltmek i\u00e7in uygun de\u011fildir, re\u00e7ine ile temas etti\u011finde onu n\u00f6tralize eder ve kar\u0131\u015f\u0131m inerttir.<\/span><\/p>\n<p><span style=\"color: #000000;\">Enjeksiyon pompas\u0131 uzun bir s\u00fcre kullan\u0131lmayacaksa, hidrolik ya\u011f ile doldurulmas\u0131 tavsiye edilir.<\/span><\/p>\n<\/div>\n<\/div>\n<\/div>\n\t\t\t\t\t\t\t\t<\/div>\n\t\t\t\t<\/div>\n\t\t\t\t\t<\/div>\n\t\t<\/div>\n\t\t\t\t<div class=\"elementor-column elementor-col-50 elementor-inner-column elementor-element elementor-element-7279e65\" data-id=\"7279e65\" data-element_type=\"column\" data-e-type=\"column\">\n\t\t\t<div class=\"elementor-widget-wrap elementor-element-populated\">\n\t\t\t\t\t\t<div class=\"elementor-element elementor-element-659abdb elementor-widget elementor-widget-image\" data-id=\"659abdb\" data-element_type=\"widget\" data-e-type=\"widget\" data-widget_type=\"image.default\">\n\t\t\t\t<div class=\"elementor-widget-container\">\n\t\t\t\t\t\t\t\t\t\t\t\t\t\t\t<img decoding=\"async\" src=\"https:\/\/www.pakery.pl\/wp-content\/uploads\/elementor\/thumbs\/Cleaner_5kg-ppymivpw9zzdfe5j7sdp6mi0mw9ae62bsif74yeirs.png\" title=\"Temizleyici_5kg\" alt=\"Temizleyici_5kg\" loading=\"lazy\" \/>\t\t\t\t\t\t\t\t\t\t\t\t\t\t\t<\/div>\n\t\t\t\t<\/div>\n\t\t\t\t\t<\/div>\n\t\t<\/div>\n\t\t\t\t\t<\/div>\n\t\t<\/section>\n\t\t\t\t\t<\/div>\n\t\t<\/div>\n\t\t\t\t\t<\/div>\n\t\t<\/section>\n\t\t\t\t<\/div>\n\t\t","protected":false},"excerpt":{"rendered":"<p>PI-TEM\u0130ZLEY\u0130C\u0130 A FAYDALARI: Pompa ve kafalardaki o-ringlere ve contalara zarar vermez koruyucu \u00f6zelliklere sahiptir K\u00f6p\u00fckl\u00fc poli\u00fcretan re\u00e7ineler ile temas etti\u011finde k\u00f6p\u00fcrmez buharla\u015fmaz re\u00e7ine ile kar\u0131\u015ft\u0131r\u0131ld\u0131\u011f\u0131nda &#8220;etkisizle\u015ftirir&#8221; \u00e7evre dostudur ve ADR etiketi yoktur Viskozitesini azaltmak i\u00e7in enjeksiyon re\u00e7inelerini seyreltmek i\u00e7in uygun de\u011fildir, re\u00e7ine ile temas etti\u011finde onu n\u00f6tralize eder ve kar\u0131\u015f\u0131m inerttir. Enjeksiyon pompas\u0131 uzun bir [&hellip;]<\/p>\n","protected":false},"featured_media":40435,"template":"","meta":{"_acf_changed":false},"product_brand":[],"product_cat":[1363,1911],"product_tag":[],"class_list":{"0":"post-44532","1":"product","2":"type-product","3":"status-publish","4":"has-post-thumbnail","6":"product_cat-enjeksiyon-aksesuarlari","7":"product_cat-enjeksiyon-recineleri","8":"pa_przylacza-i-czyszczenie-baglantilar-ve-temizlik","9":"pa_waga-1-kg-tr","10":"pa_waga-5-kg-tr","12":"first","13":"instock","14":"taxable","15":"shipping-taxable","16":"purchasable","17":"product-type-variable"},"acf":[],"yoast_head":"<!-- This site is optimized with the Yoast SEO plugin v27.3 - https:\/\/yoast.com\/product\/yoast-seo-wordpress\/ -->\n<title>Enjeksiyon pompas\u0131 temizleyicisi - PAKERY.PL<\/title>\n<meta name=\"description\" content=\"Enjeksiyon pompas\u0131 temizleyicisi | S\u0131v\u0131 poli\u00fcretan veya epoksi re\u00e7ineleri \u00e7\u0131karmak i\u00e7in uygun y\u00fcksek \u00e7\u00f6zme g\u00fcc\u00fc\" \/>\n<meta name=\"robots\" content=\"index, follow, max-snippet:-1, max-image-preview:large, max-video-preview:-1\" \/>\n<link rel=\"canonical\" href=\"https:\/\/www.pakery.pl\/tr\/produkt\/enjeksiyon-pompasi-temizleyicisi\/\" \/>\n<meta property=\"og:locale\" content=\"tr_TR\" \/>\n<meta property=\"og:type\" content=\"article\" \/>\n<meta property=\"og:title\" content=\"Enjeksiyon pompas\u0131 temizleyicisi - PAKERY.PL\" \/>\n<meta property=\"og:description\" content=\"Enjeksiyon pompas\u0131 temizleyicisi | S\u0131v\u0131 poli\u00fcretan veya epoksi re\u00e7ineleri \u00e7\u0131karmak i\u00e7in uygun y\u00fcksek \u00e7\u00f6zme g\u00fcc\u00fc\" \/>\n<meta property=\"og:url\" content=\"https:\/\/www.pakery.pl\/tr\/produkt\/enjeksiyon-pompasi-temizleyicisi\/\" \/>\n<meta property=\"og:site_name\" content=\"PAKERY.PL\" \/>\n<meta property=\"article:modified_time\" content=\"2023-04-06T10:30:51+00:00\" \/>\n<meta property=\"og:image\" content=\"https:\/\/www.pakery.pl\/wp-content\/uploads\/2021\/05\/cleaner-15-e1656664350611.png\" \/>\n\t<meta property=\"og:image:width\" content=\"850\" \/>\n\t<meta property=\"og:image:height\" content=\"768\" \/>\n\t<meta property=\"og:image:type\" content=\"image\/png\" \/>\n<meta name=\"twitter:card\" content=\"summary_large_image\" \/>\n<script type=\"application\/ld+json\" class=\"yoast-schema-graph\">{\"@context\":\"https:\\\/\\\/schema.org\",\"@graph\":[{\"@type\":\"WebPage\",\"@id\":\"https:\\\/\\\/www.pakery.pl\\\/tr\\\/produkt\\\/enjeksiyon-pompasi-temizleyicisi\\\/\",\"url\":\"https:\\\/\\\/www.pakery.pl\\\/tr\\\/produkt\\\/enjeksiyon-pompasi-temizleyicisi\\\/\",\"name\":\"Enjeksiyon pompas\u0131 temizleyicisi - PAKERY.PL\",\"isPartOf\":{\"@id\":\"https:\\\/\\\/www.pakery.pl\\\/tr\\\/#website\"},\"primaryImageOfPage\":{\"@id\":\"https:\\\/\\\/www.pakery.pl\\\/tr\\\/produkt\\\/enjeksiyon-pompasi-temizleyicisi\\\/#primaryimage\"},\"image\":{\"@id\":\"https:\\\/\\\/www.pakery.pl\\\/tr\\\/produkt\\\/enjeksiyon-pompasi-temizleyicisi\\\/#primaryimage\"},\"thumbnailUrl\":\"https:\\\/\\\/www.pakery.pl\\\/wp-content\\\/uploads\\\/2021\\\/05\\\/cleaner-15-e1656664350611.png\",\"datePublished\":\"2023-04-06T10:30:49+00:00\",\"dateModified\":\"2023-04-06T10:30:51+00:00\",\"description\":\"Enjeksiyon pompas\u0131 temizleyicisi | S\u0131v\u0131 poli\u00fcretan veya epoksi re\u00e7ineleri \u00e7\u0131karmak i\u00e7in uygun y\u00fcksek \u00e7\u00f6zme g\u00fcc\u00fc\",\"breadcrumb\":{\"@id\":\"https:\\\/\\\/www.pakery.pl\\\/tr\\\/produkt\\\/enjeksiyon-pompasi-temizleyicisi\\\/#breadcrumb\"},\"inLanguage\":\"tr\",\"potentialAction\":[{\"@type\":\"ReadAction\",\"target\":[\"https:\\\/\\\/www.pakery.pl\\\/tr\\\/produkt\\\/enjeksiyon-pompasi-temizleyicisi\\\/\"]}]},{\"@type\":\"ImageObject\",\"inLanguage\":\"tr\",\"@id\":\"https:\\\/\\\/www.pakery.pl\\\/tr\\\/produkt\\\/enjeksiyon-pompasi-temizleyicisi\\\/#primaryimage\",\"url\":\"https:\\\/\\\/www.pakery.pl\\\/wp-content\\\/uploads\\\/2021\\\/05\\\/cleaner-15-e1656664350611.png\",\"contentUrl\":\"https:\\\/\\\/www.pakery.pl\\\/wp-content\\\/uploads\\\/2021\\\/05\\\/cleaner-15-e1656664350611.png\",\"width\":850,\"height\":768},{\"@type\":\"BreadcrumbList\",\"@id\":\"https:\\\/\\\/www.pakery.pl\\\/tr\\\/produkt\\\/enjeksiyon-pompasi-temizleyicisi\\\/#breadcrumb\",\"itemListElement\":[{\"@type\":\"ListItem\",\"position\":1,\"name\":\"Strona g\u0142\u00f3wna\",\"item\":\"https:\\\/\\\/www.pakery.pl\\\/tr\\\/\"},{\"@type\":\"ListItem\",\"position\":2,\"name\":\"Ma\u011faza\",\"item\":\"https:\\\/\\\/www.pakery.pl\\\/tr\\\/magaza\\\/\"},{\"@type\":\"ListItem\",\"position\":3,\"name\":\"Enjeksiyon pompas\u0131 temizleyicisi\"}]},{\"@type\":\"WebSite\",\"@id\":\"https:\\\/\\\/www.pakery.pl\\\/tr\\\/#website\",\"url\":\"https:\\\/\\\/www.pakery.pl\\\/tr\\\/\",\"name\":\"Pakery.pl\",\"description\":\"Pakery iniekcyjne, Kotwy spiralne, Lance iniekcyjne, W\u0119\u017ce do iniekcji, Pompy iniekcyjne, Serwis pomp iniekcyjnych, Wynajem pomp do iniekcji\",\"publisher\":{\"@id\":\"https:\\\/\\\/www.pakery.pl\\\/tr\\\/#organization\"},\"potentialAction\":[{\"@type\":\"SearchAction\",\"target\":{\"@type\":\"EntryPoint\",\"urlTemplate\":\"https:\\\/\\\/www.pakery.pl\\\/tr\\\/?s={search_term_string}\"},\"query-input\":{\"@type\":\"PropertyValueSpecification\",\"valueRequired\":true,\"valueName\":\"search_term_string\"}}],\"inLanguage\":\"tr\"},{\"@type\":\"Organization\",\"@id\":\"https:\\\/\\\/www.pakery.pl\\\/tr\\\/#organization\",\"name\":\"PAKERY.PL\",\"url\":\"https:\\\/\\\/www.pakery.pl\\\/tr\\\/\",\"logo\":{\"@type\":\"ImageObject\",\"inLanguage\":\"tr\",\"@id\":\"https:\\\/\\\/www.pakery.pl\\\/tr\\\/#\\\/schema\\\/logo\\\/image\\\/\",\"url\":\"https:\\\/\\\/www.pakery.pl\\\/wp-content\\\/uploads\\\/2021\\\/04\\\/cropped-PAKERY-LOGO.png\",\"contentUrl\":\"https:\\\/\\\/www.pakery.pl\\\/wp-content\\\/uploads\\\/2021\\\/04\\\/cropped-PAKERY-LOGO.png\",\"width\":1529,\"height\":500,\"caption\":\"PAKERY.PL\"},\"image\":{\"@id\":\"https:\\\/\\\/www.pakery.pl\\\/tr\\\/#\\\/schema\\\/logo\\\/image\\\/\"}}]}<\/script>\n<!-- \/ Yoast SEO plugin. -->","yoast_head_json":{"title":"Enjeksiyon pompas\u0131 temizleyicisi - PAKERY.PL","description":"Enjeksiyon pompas\u0131 temizleyicisi | S\u0131v\u0131 poli\u00fcretan veya epoksi re\u00e7ineleri \u00e7\u0131karmak i\u00e7in uygun y\u00fcksek \u00e7\u00f6zme g\u00fcc\u00fc","robots":{"index":"index","follow":"follow","max-snippet":"max-snippet:-1","max-image-preview":"max-image-preview:large","max-video-preview":"max-video-preview:-1"},"canonical":"https:\/\/www.pakery.pl\/tr\/produkt\/enjeksiyon-pompasi-temizleyicisi\/","og_locale":"tr_TR","og_type":"article","og_title":"Enjeksiyon pompas\u0131 temizleyicisi - PAKERY.PL","og_description":"Enjeksiyon pompas\u0131 temizleyicisi | S\u0131v\u0131 poli\u00fcretan veya epoksi re\u00e7ineleri \u00e7\u0131karmak i\u00e7in uygun y\u00fcksek \u00e7\u00f6zme g\u00fcc\u00fc","og_url":"https:\/\/www.pakery.pl\/tr\/produkt\/enjeksiyon-pompasi-temizleyicisi\/","og_site_name":"PAKERY.PL","article_modified_time":"2023-04-06T10:30:51+00:00","og_image":[{"width":850,"height":768,"url":"https:\/\/www.pakery.pl\/wp-content\/uploads\/2021\/05\/cleaner-15-e1656664350611.png","type":"image\/png"}],"twitter_card":"summary_large_image","schema":{"@context":"https:\/\/schema.org","@graph":[{"@type":"WebPage","@id":"https:\/\/www.pakery.pl\/tr\/produkt\/enjeksiyon-pompasi-temizleyicisi\/","url":"https:\/\/www.pakery.pl\/tr\/produkt\/enjeksiyon-pompasi-temizleyicisi\/","name":"Enjeksiyon pompas\u0131 temizleyicisi - PAKERY.PL","isPartOf":{"@id":"https:\/\/www.pakery.pl\/tr\/#website"},"primaryImageOfPage":{"@id":"https:\/\/www.pakery.pl\/tr\/produkt\/enjeksiyon-pompasi-temizleyicisi\/#primaryimage"},"image":{"@id":"https:\/\/www.pakery.pl\/tr\/produkt\/enjeksiyon-pompasi-temizleyicisi\/#primaryimage"},"thumbnailUrl":"https:\/\/www.pakery.pl\/wp-content\/uploads\/2021\/05\/cleaner-15-e1656664350611.png","datePublished":"2023-04-06T10:30:49+00:00","dateModified":"2023-04-06T10:30:51+00:00","description":"Enjeksiyon pompas\u0131 temizleyicisi | S\u0131v\u0131 poli\u00fcretan veya epoksi re\u00e7ineleri \u00e7\u0131karmak i\u00e7in uygun y\u00fcksek \u00e7\u00f6zme g\u00fcc\u00fc","breadcrumb":{"@id":"https:\/\/www.pakery.pl\/tr\/produkt\/enjeksiyon-pompasi-temizleyicisi\/#breadcrumb"},"inLanguage":"tr","potentialAction":[{"@type":"ReadAction","target":["https:\/\/www.pakery.pl\/tr\/produkt\/enjeksiyon-pompasi-temizleyicisi\/"]}]},{"@type":"ImageObject","inLanguage":"tr","@id":"https:\/\/www.pakery.pl\/tr\/produkt\/enjeksiyon-pompasi-temizleyicisi\/#primaryimage","url":"https:\/\/www.pakery.pl\/wp-content\/uploads\/2021\/05\/cleaner-15-e1656664350611.png","contentUrl":"https:\/\/www.pakery.pl\/wp-content\/uploads\/2021\/05\/cleaner-15-e1656664350611.png","width":850,"height":768},{"@type":"BreadcrumbList","@id":"https:\/\/www.pakery.pl\/tr\/produkt\/enjeksiyon-pompasi-temizleyicisi\/#breadcrumb","itemListElement":[{"@type":"ListItem","position":1,"name":"Strona g\u0142\u00f3wna","item":"https:\/\/www.pakery.pl\/tr\/"},{"@type":"ListItem","position":2,"name":"Ma\u011faza","item":"https:\/\/www.pakery.pl\/tr\/magaza\/"},{"@type":"ListItem","position":3,"name":"Enjeksiyon pompas\u0131 temizleyicisi"}]},{"@type":"WebSite","@id":"https:\/\/www.pakery.pl\/tr\/#website","url":"https:\/\/www.pakery.pl\/tr\/","name":"Pakery.pl","description":"Pakery iniekcyjne, Kotwy spiralne, Lance iniekcyjne, W\u0119\u017ce do iniekcji, Pompy iniekcyjne, Serwis pomp iniekcyjnych, Wynajem pomp do iniekcji","publisher":{"@id":"https:\/\/www.pakery.pl\/tr\/#organization"},"potentialAction":[{"@type":"SearchAction","target":{"@type":"EntryPoint","urlTemplate":"https:\/\/www.pakery.pl\/tr\/?s={search_term_string}"},"query-input":{"@type":"PropertyValueSpecification","valueRequired":true,"valueName":"search_term_string"}}],"inLanguage":"tr"},{"@type":"Organization","@id":"https:\/\/www.pakery.pl\/tr\/#organization","name":"PAKERY.PL","url":"https:\/\/www.pakery.pl\/tr\/","logo":{"@type":"ImageObject","inLanguage":"tr","@id":"https:\/\/www.pakery.pl\/tr\/#\/schema\/logo\/image\/","url":"https:\/\/www.pakery.pl\/wp-content\/uploads\/2021\/04\/cropped-PAKERY-LOGO.png","contentUrl":"https:\/\/www.pakery.pl\/wp-content\/uploads\/2021\/04\/cropped-PAKERY-LOGO.png","width":1529,"height":500,"caption":"PAKERY.PL"},"image":{"@id":"https:\/\/www.pakery.pl\/tr\/#\/schema\/logo\/image\/"}}]}},"_links":{"self":[{"href":"https:\/\/www.pakery.pl\/tr\/wp-json\/wp\/v2\/product\/44532","targetHints":{"allow":["GET"]}}],"collection":[{"href":"https:\/\/www.pakery.pl\/tr\/wp-json\/wp\/v2\/product"}],"about":[{"href":"https:\/\/www.pakery.pl\/tr\/wp-json\/wp\/v2\/types\/product"}],"version-history":[{"count":1,"href":"https:\/\/www.pakery.pl\/tr\/wp-json\/wp\/v2\/product\/44532\/revisions"}],"predecessor-version":[{"id":44535,"href":"https:\/\/www.pakery.pl\/tr\/wp-json\/wp\/v2\/product\/44532\/revisions\/44535"}],"wp:featuredmedia":[{"embeddable":true,"href":"https:\/\/www.pakery.pl\/tr\/wp-json\/wp\/v2\/media\/40435"}],"wp:attachment":[{"href":"https:\/\/www.pakery.pl\/tr\/wp-json\/wp\/v2\/media?parent=44532"}],"wp:term":[{"taxonomy":"product_brand","embeddable":true,"href":"https:\/\/www.pakery.pl\/tr\/wp-json\/wp\/v2\/product_brand?post=44532"},{"taxonomy":"product_cat","embeddable":true,"href":"https:\/\/www.pakery.pl\/tr\/wp-json\/wp\/v2\/product_cat?post=44532"},{"taxonomy":"product_tag","embeddable":true,"href":"https:\/\/www.pakery.pl\/tr\/wp-json\/wp\/v2\/product_tag?post=44532"}],"curies":[{"name":"wp","href":"https:\/\/api.w.org\/{rel}","templated":true}]}}