{"id":33082,"date":"2021-08-13T07:05:28","date_gmt":"2021-08-13T05:05:28","guid":{"rendered":"https:\/\/www.pakery.pl\/produkt\/pense-atasmani-m10x1\/"},"modified":"2021-08-13T07:05:35","modified_gmt":"2021-08-13T05:05:35","slug":"pense-atasmani-m10x1","status":"publish","type":"product","link":"https:\/\/www.pakery.pl\/tr\/produkt\/pense-atasmani-m10x1\/","title":{"rendered":"Pense ata\u015fman\u0131 m10x1"},"content":{"rendered":"\t\t<div data-elementor-type=\"product-post\" data-elementor-id=\"33082\" class=\"elementor elementor-33082\" data-elementor-post-type=\"product\">\n\t\t\t\t\t\t<section class=\"elementor-section elementor-top-section elementor-element elementor-element-d5e9685 elementor-section-full_width elementor-section-height-default elementor-section-height-default\" data-id=\"d5e9685\" data-element_type=\"section\" data-e-type=\"section\">\n\t\t\t\t\t\t<div class=\"elementor-container elementor-column-gap-default\">\n\t\t\t\t\t<div class=\"elementor-column elementor-col-50 elementor-top-column elementor-element elementor-element-f9715c0\" data-id=\"f9715c0\" data-element_type=\"column\" data-e-type=\"column\">\n\t\t\t<div class=\"elementor-widget-wrap elementor-element-populated\">\n\t\t\t\t\t\t<div class=\"elementor-element elementor-element-faa7f49 elementor-widget elementor-widget-text-editor\" data-id=\"faa7f49\" data-element_type=\"widget\" data-e-type=\"widget\" data-widget_type=\"text-editor.default\">\n\t\t\t\t<div class=\"elementor-widget-container\">\n\t\t\t\t\t\t\t\t\t<hr>\n<p><span style=\"color: #000000;\"><b>\u00d6ZELL\u0130KLER\u0130<br \/><\/b><\/span><\/p>\n<ul>\n<li><span style=\"color: #000000;\">montaj\u0131 kolay<\/span><\/li>\n<li><span style=\"color: #000000;\">\u0130\u015f kolayl\u0131\u011f\u0131<\/span><\/li>\n<li><span style=\"color: #000000;\">\u00c7imento s\u00fcspansiyonlar\u0131 i\u00e7in<\/span><\/li>\n<li><span style=\"color: #000000;\">Sular\u0131n da\u011f\u0131t\u0131lmas\u0131 i\u00e7in<\/span><\/li>\n<li><span style=\"color: #000000;\">7,5 mm&#8217;lik geni\u015f ge\u00e7i\u015f<\/span><\/li>\n<li><span style=\"color: #000000;\">Enjeksiyon forsepsi ile uyumlu<\/span><\/li>\n<\/ul>\n<p><span style=\"color: #000000;\">CPC taban\u0131, her iki taraf\u0131 O-ringlerle kapat\u0131lm\u0131\u015f, geri \u00e7ekilebilir bir s\u00fcrg\u00fcl\u00fc valf arac\u0131l\u0131\u011f\u0131yla enjeksiyonun kolay g\u00f6zlemlenmesine ve kontrol\u00fcne olanak tan\u0131r. <\/span><\/p>\n<p><span style=\"color: #000000;\">k\u0131ska\u00e7lar<b> m10x1<\/b> paketleyiciler i\u00e7in uygun:<b> PI-JG 18\/150, PI-PC 18\/130<\/b><\/span><\/p>\n\t\t\t\t\t\t\t\t<\/div>\n\t\t\t\t<\/div>\n\t\t\t\t\t<\/div>\n\t\t<\/div>\n\t\t\t\t<div class=\"elementor-column elementor-col-50 elementor-top-column elementor-element elementor-element-fda0d39\" data-id=\"fda0d39\" data-element_type=\"column\" data-e-type=\"column\">\n\t\t\t<div class=\"elementor-widget-wrap elementor-element-populated\">\n\t\t\t\t\t\t<div class=\"elementor-element elementor-element-5b3b0ad elementor-widget elementor-widget-image\" data-id=\"5b3b0ad\" data-element_type=\"widget\" data-e-type=\"widget\" data-widget_type=\"image.default\">\n\t\t\t\t<div class=\"elementor-widget-container\">\n\t\t\t\t\t\t\t\t\t\t\t\t\t\t\t<img fetchpriority=\"high\" decoding=\"async\" width=\"768\" height=\"768\" src=\"https:\/\/www.pakery.pl\/wp-content\/uploads\/2021\/05\/nasada-m10x1-768x768.png\" class=\"attachment-medium_large size-medium_large wp-image-4274\" alt=\"\" srcset=\"https:\/\/www.pakery.pl\/wp-content\/uploads\/2021\/05\/nasada-m10x1-768x768.png 768w, https:\/\/www.pakery.pl\/wp-content\/uploads\/2021\/05\/nasada-m10x1-300x300.png 300w, https:\/\/www.pakery.pl\/wp-content\/uploads\/2021\/05\/nasada-m10x1-1024x1024.png 1024w, https:\/\/www.pakery.pl\/wp-content\/uploads\/2021\/05\/nasada-m10x1-150x150.png 150w, https:\/\/www.pakery.pl\/wp-content\/uploads\/2021\/05\/nasada-m10x1-1536x1536.png 1536w, https:\/\/www.pakery.pl\/wp-content\/uploads\/2021\/05\/nasada-m10x1-2048x2048.png 2048w, https:\/\/www.pakery.pl\/wp-content\/uploads\/2021\/05\/nasada-m10x1-683x683.png 683w, https:\/\/www.pakery.pl\/wp-content\/uploads\/2021\/05\/nasada-m10x1-602x602.png 602w, https:\/\/www.pakery.pl\/wp-content\/uploads\/2021\/05\/nasada-m10x1-110x110.png 110w\" sizes=\"(max-width: 768px) 100vw, 768px\" \/>\t\t\t\t\t\t\t\t\t\t\t\t\t\t\t<\/div>\n\t\t\t\t<\/div>\n\t\t\t\t\t<\/div>\n\t\t<\/div>\n\t\t\t\t\t<\/div>\n\t\t<\/section>\n\t\t\t\t<\/div>\n\t\t","protected":false},"excerpt":{"rendered":"<p>\u00d6ZELL\u0130KLER\u0130 montaj\u0131 kolay \u0130\u015f kolayl\u0131\u011f\u0131 \u00c7imento s\u00fcspansiyonlar\u0131 i\u00e7in Sular\u0131n da\u011f\u0131t\u0131lmas\u0131 i\u00e7in 7,5 mm&#8217;lik geni\u015f ge\u00e7i\u015f Enjeksiyon forsepsi ile uyumlu CPC taban\u0131, her iki taraf\u0131 O-ringlerle kapat\u0131lm\u0131\u015f, geri \u00e7ekilebilir bir s\u00fcrg\u00fcl\u00fc valf arac\u0131l\u0131\u011f\u0131yla enjeksiyonun kolay g\u00f6zlemlenmesine ve kontrol\u00fcne olanak tan\u0131r. k\u0131ska\u00e7lar m10x1 paketleyiciler i\u00e7in uygun: PI-JG 18\/150, PI-PC 18\/130<\/p>\n","protected":false},"featured_media":32930,"template":"","meta":{"_acf_changed":false},"product_brand":[],"product_cat":[1370,1363,1369],"product_tag":[],"class_list":{"0":"post-33082","1":"product","2":"type-product","3":"status-publish","4":"has-post-thumbnail","6":"product_cat-cimento-paketleyiciler","7":"product_cat-enjeksiyon-aksesuarlari","8":"product_cat-enjeksiyon-mizraklari","9":"pa_akcesoria-pakerowe-paketleyiciler-aksesuarlari","11":"first","12":"instock","13":"taxable","14":"shipping-taxable","15":"purchasable","16":"product-type-simple"},"acf":[],"yoast_head":"<!-- This site is optimized with the Yoast SEO plugin v27.3 - https:\/\/yoast.com\/product\/yoast-seo-wordpress\/ -->\n<title>Pense ata\u015fman\u0131 m10x1 | ENJEKS\u0130YON | ENJEKS\u0130YON PAKETLER\u0130 - PAKERY.PL<\/title>\n<meta name=\"description\" content=\"M10x1 i\u00e7 di\u015fli pense ata\u015fman\u0131. Enjeksiyon pensesinin ba\u011flanmas\u0131n\u0131 sa\u011flar. Enjeksiyon i\u015fini \u00e7ok daha kolay hale getirir\" \/>\n<meta name=\"robots\" content=\"index, follow, max-snippet:-1, max-image-preview:large, max-video-preview:-1\" \/>\n<link rel=\"canonical\" href=\"https:\/\/www.pakery.pl\/tr\/produkt\/pense-atasmani-m10x1\/\" \/>\n<meta property=\"og:locale\" content=\"tr_TR\" \/>\n<meta property=\"og:type\" content=\"article\" \/>\n<meta property=\"og:title\" content=\"Pense ata\u015fman\u0131 m10x1 | ENJEKS\u0130YON | ENJEKS\u0130YON PAKETLER\u0130 - PAKERY.PL\" \/>\n<meta property=\"og:description\" content=\"M10x1 i\u00e7 di\u015fli pense ata\u015fman\u0131. Enjeksiyon pensesinin ba\u011flanmas\u0131n\u0131 sa\u011flar. Enjeksiyon i\u015fini \u00e7ok daha kolay hale getirir\" \/>\n<meta property=\"og:url\" content=\"https:\/\/www.pakery.pl\/tr\/produkt\/pense-atasmani-m10x1\/\" \/>\n<meta property=\"og:site_name\" content=\"PAKERY.PL\" \/>\n<meta property=\"article:modified_time\" content=\"2021-08-13T05:05:35+00:00\" \/>\n<meta property=\"og:image\" content=\"https:\/\/www.pakery.pl\/wp-content\/uploads\/2021\/04\/CPC.png\" \/>\n\t<meta property=\"og:image:width\" content=\"2500\" \/>\n\t<meta property=\"og:image:height\" content=\"2500\" \/>\n\t<meta property=\"og:image:type\" content=\"image\/png\" \/>\n<meta name=\"twitter:card\" content=\"summary_large_image\" \/>\n<script type=\"application\/ld+json\" class=\"yoast-schema-graph\">{\"@context\":\"https:\\\/\\\/schema.org\",\"@graph\":[{\"@type\":\"WebPage\",\"@id\":\"https:\\\/\\\/www.pakery.pl\\\/tr\\\/produkt\\\/pense-atasmani-m10x1\\\/\",\"url\":\"https:\\\/\\\/www.pakery.pl\\\/tr\\\/produkt\\\/pense-atasmani-m10x1\\\/\",\"name\":\"Pense ata\u015fman\u0131 m10x1 | ENJEKS\u0130YON | ENJEKS\u0130YON PAKETLER\u0130 - PAKERY.PL\",\"isPartOf\":{\"@id\":\"https:\\\/\\\/www.pakery.pl\\\/tr\\\/#website\"},\"primaryImageOfPage\":{\"@id\":\"https:\\\/\\\/www.pakery.pl\\\/tr\\\/produkt\\\/pense-atasmani-m10x1\\\/#primaryimage\"},\"image\":{\"@id\":\"https:\\\/\\\/www.pakery.pl\\\/tr\\\/produkt\\\/pense-atasmani-m10x1\\\/#primaryimage\"},\"thumbnailUrl\":\"https:\\\/\\\/www.pakery.pl\\\/wp-content\\\/uploads\\\/2021\\\/04\\\/CPC.png\",\"datePublished\":\"2021-08-13T05:05:28+00:00\",\"dateModified\":\"2021-08-13T05:05:35+00:00\",\"description\":\"M10x1 i\u00e7 di\u015fli pense ata\u015fman\u0131. Enjeksiyon pensesinin ba\u011flanmas\u0131n\u0131 sa\u011flar. Enjeksiyon i\u015fini \u00e7ok daha kolay hale getirir\",\"breadcrumb\":{\"@id\":\"https:\\\/\\\/www.pakery.pl\\\/tr\\\/produkt\\\/pense-atasmani-m10x1\\\/#breadcrumb\"},\"inLanguage\":\"tr\",\"potentialAction\":[{\"@type\":\"ReadAction\",\"target\":[\"https:\\\/\\\/www.pakery.pl\\\/tr\\\/produkt\\\/pense-atasmani-m10x1\\\/\"]}]},{\"@type\":\"ImageObject\",\"inLanguage\":\"tr\",\"@id\":\"https:\\\/\\\/www.pakery.pl\\\/tr\\\/produkt\\\/pense-atasmani-m10x1\\\/#primaryimage\",\"url\":\"https:\\\/\\\/www.pakery.pl\\\/wp-content\\\/uploads\\\/2021\\\/04\\\/CPC.png\",\"contentUrl\":\"https:\\\/\\\/www.pakery.pl\\\/wp-content\\\/uploads\\\/2021\\\/04\\\/CPC.png\",\"width\":2500,\"height\":2500,\"caption\":\"k\u0131ska\u00e7 eki \u00e7imento eki\"},{\"@type\":\"BreadcrumbList\",\"@id\":\"https:\\\/\\\/www.pakery.pl\\\/tr\\\/produkt\\\/pense-atasmani-m10x1\\\/#breadcrumb\",\"itemListElement\":[{\"@type\":\"ListItem\",\"position\":1,\"name\":\"Strona g\u0142\u00f3wna\",\"item\":\"https:\\\/\\\/www.pakery.pl\\\/tr\\\/\"},{\"@type\":\"ListItem\",\"position\":2,\"name\":\"Ma\u011faza\",\"item\":\"https:\\\/\\\/www.pakery.pl\\\/tr\\\/magaza\\\/\"},{\"@type\":\"ListItem\",\"position\":3,\"name\":\"Pense ata\u015fman\u0131 m10x1\"}]},{\"@type\":\"WebSite\",\"@id\":\"https:\\\/\\\/www.pakery.pl\\\/tr\\\/#website\",\"url\":\"https:\\\/\\\/www.pakery.pl\\\/tr\\\/\",\"name\":\"Pakery.pl\",\"description\":\"Pakery iniekcyjne, Kotwy spiralne, Lance iniekcyjne, W\u0119\u017ce do iniekcji, Pompy iniekcyjne, Serwis pomp iniekcyjnych, Wynajem pomp do iniekcji\",\"publisher\":{\"@id\":\"https:\\\/\\\/www.pakery.pl\\\/tr\\\/#organization\"},\"potentialAction\":[{\"@type\":\"SearchAction\",\"target\":{\"@type\":\"EntryPoint\",\"urlTemplate\":\"https:\\\/\\\/www.pakery.pl\\\/tr\\\/?s={search_term_string}\"},\"query-input\":{\"@type\":\"PropertyValueSpecification\",\"valueRequired\":true,\"valueName\":\"search_term_string\"}}],\"inLanguage\":\"tr\"},{\"@type\":\"Organization\",\"@id\":\"https:\\\/\\\/www.pakery.pl\\\/tr\\\/#organization\",\"name\":\"PAKERY.PL\",\"url\":\"https:\\\/\\\/www.pakery.pl\\\/tr\\\/\",\"logo\":{\"@type\":\"ImageObject\",\"inLanguage\":\"tr\",\"@id\":\"https:\\\/\\\/www.pakery.pl\\\/tr\\\/#\\\/schema\\\/logo\\\/image\\\/\",\"url\":\"https:\\\/\\\/www.pakery.pl\\\/wp-content\\\/uploads\\\/2021\\\/04\\\/cropped-PAKERY-LOGO.png\",\"contentUrl\":\"https:\\\/\\\/www.pakery.pl\\\/wp-content\\\/uploads\\\/2021\\\/04\\\/cropped-PAKERY-LOGO.png\",\"width\":1529,\"height\":500,\"caption\":\"PAKERY.PL\"},\"image\":{\"@id\":\"https:\\\/\\\/www.pakery.pl\\\/tr\\\/#\\\/schema\\\/logo\\\/image\\\/\"}}]}<\/script>\n<!-- \/ Yoast SEO plugin. -->","yoast_head_json":{"title":"Pense ata\u015fman\u0131 m10x1 | ENJEKS\u0130YON | ENJEKS\u0130YON PAKETLER\u0130 - PAKERY.PL","description":"M10x1 i\u00e7 di\u015fli pense ata\u015fman\u0131. Enjeksiyon pensesinin ba\u011flanmas\u0131n\u0131 sa\u011flar. Enjeksiyon i\u015fini \u00e7ok daha kolay hale getirir","robots":{"index":"index","follow":"follow","max-snippet":"max-snippet:-1","max-image-preview":"max-image-preview:large","max-video-preview":"max-video-preview:-1"},"canonical":"https:\/\/www.pakery.pl\/tr\/produkt\/pense-atasmani-m10x1\/","og_locale":"tr_TR","og_type":"article","og_title":"Pense ata\u015fman\u0131 m10x1 | ENJEKS\u0130YON | ENJEKS\u0130YON PAKETLER\u0130 - PAKERY.PL","og_description":"M10x1 i\u00e7 di\u015fli pense ata\u015fman\u0131. Enjeksiyon pensesinin ba\u011flanmas\u0131n\u0131 sa\u011flar. Enjeksiyon i\u015fini \u00e7ok daha kolay hale getirir","og_url":"https:\/\/www.pakery.pl\/tr\/produkt\/pense-atasmani-m10x1\/","og_site_name":"PAKERY.PL","article_modified_time":"2021-08-13T05:05:35+00:00","og_image":[{"width":2500,"height":2500,"url":"https:\/\/www.pakery.pl\/wp-content\/uploads\/2021\/04\/CPC.png","type":"image\/png"}],"twitter_card":"summary_large_image","schema":{"@context":"https:\/\/schema.org","@graph":[{"@type":"WebPage","@id":"https:\/\/www.pakery.pl\/tr\/produkt\/pense-atasmani-m10x1\/","url":"https:\/\/www.pakery.pl\/tr\/produkt\/pense-atasmani-m10x1\/","name":"Pense ata\u015fman\u0131 m10x1 | ENJEKS\u0130YON | ENJEKS\u0130YON PAKETLER\u0130 - PAKERY.PL","isPartOf":{"@id":"https:\/\/www.pakery.pl\/tr\/#website"},"primaryImageOfPage":{"@id":"https:\/\/www.pakery.pl\/tr\/produkt\/pense-atasmani-m10x1\/#primaryimage"},"image":{"@id":"https:\/\/www.pakery.pl\/tr\/produkt\/pense-atasmani-m10x1\/#primaryimage"},"thumbnailUrl":"https:\/\/www.pakery.pl\/wp-content\/uploads\/2021\/04\/CPC.png","datePublished":"2021-08-13T05:05:28+00:00","dateModified":"2021-08-13T05:05:35+00:00","description":"M10x1 i\u00e7 di\u015fli pense ata\u015fman\u0131. Enjeksiyon pensesinin ba\u011flanmas\u0131n\u0131 sa\u011flar. Enjeksiyon i\u015fini \u00e7ok daha kolay hale getirir","breadcrumb":{"@id":"https:\/\/www.pakery.pl\/tr\/produkt\/pense-atasmani-m10x1\/#breadcrumb"},"inLanguage":"tr","potentialAction":[{"@type":"ReadAction","target":["https:\/\/www.pakery.pl\/tr\/produkt\/pense-atasmani-m10x1\/"]}]},{"@type":"ImageObject","inLanguage":"tr","@id":"https:\/\/www.pakery.pl\/tr\/produkt\/pense-atasmani-m10x1\/#primaryimage","url":"https:\/\/www.pakery.pl\/wp-content\/uploads\/2021\/04\/CPC.png","contentUrl":"https:\/\/www.pakery.pl\/wp-content\/uploads\/2021\/04\/CPC.png","width":2500,"height":2500,"caption":"k\u0131ska\u00e7 eki \u00e7imento eki"},{"@type":"BreadcrumbList","@id":"https:\/\/www.pakery.pl\/tr\/produkt\/pense-atasmani-m10x1\/#breadcrumb","itemListElement":[{"@type":"ListItem","position":1,"name":"Strona g\u0142\u00f3wna","item":"https:\/\/www.pakery.pl\/tr\/"},{"@type":"ListItem","position":2,"name":"Ma\u011faza","item":"https:\/\/www.pakery.pl\/tr\/magaza\/"},{"@type":"ListItem","position":3,"name":"Pense ata\u015fman\u0131 m10x1"}]},{"@type":"WebSite","@id":"https:\/\/www.pakery.pl\/tr\/#website","url":"https:\/\/www.pakery.pl\/tr\/","name":"Pakery.pl","description":"Pakery iniekcyjne, Kotwy spiralne, Lance iniekcyjne, W\u0119\u017ce do iniekcji, Pompy iniekcyjne, Serwis pomp iniekcyjnych, Wynajem pomp do iniekcji","publisher":{"@id":"https:\/\/www.pakery.pl\/tr\/#organization"},"potentialAction":[{"@type":"SearchAction","target":{"@type":"EntryPoint","urlTemplate":"https:\/\/www.pakery.pl\/tr\/?s={search_term_string}"},"query-input":{"@type":"PropertyValueSpecification","valueRequired":true,"valueName":"search_term_string"}}],"inLanguage":"tr"},{"@type":"Organization","@id":"https:\/\/www.pakery.pl\/tr\/#organization","name":"PAKERY.PL","url":"https:\/\/www.pakery.pl\/tr\/","logo":{"@type":"ImageObject","inLanguage":"tr","@id":"https:\/\/www.pakery.pl\/tr\/#\/schema\/logo\/image\/","url":"https:\/\/www.pakery.pl\/wp-content\/uploads\/2021\/04\/cropped-PAKERY-LOGO.png","contentUrl":"https:\/\/www.pakery.pl\/wp-content\/uploads\/2021\/04\/cropped-PAKERY-LOGO.png","width":1529,"height":500,"caption":"PAKERY.PL"},"image":{"@id":"https:\/\/www.pakery.pl\/tr\/#\/schema\/logo\/image\/"}}]}},"_links":{"self":[{"href":"https:\/\/www.pakery.pl\/tr\/wp-json\/wp\/v2\/product\/33082","targetHints":{"allow":["GET"]}}],"collection":[{"href":"https:\/\/www.pakery.pl\/tr\/wp-json\/wp\/v2\/product"}],"about":[{"href":"https:\/\/www.pakery.pl\/tr\/wp-json\/wp\/v2\/types\/product"}],"version-history":[{"count":3,"href":"https:\/\/www.pakery.pl\/tr\/wp-json\/wp\/v2\/product\/33082\/revisions"}],"predecessor-version":[{"id":33085,"href":"https:\/\/www.pakery.pl\/tr\/wp-json\/wp\/v2\/product\/33082\/revisions\/33085"}],"wp:featuredmedia":[{"embeddable":true,"href":"https:\/\/www.pakery.pl\/tr\/wp-json\/wp\/v2\/media\/32930"}],"wp:attachment":[{"href":"https:\/\/www.pakery.pl\/tr\/wp-json\/wp\/v2\/media?parent=33082"}],"wp:term":[{"taxonomy":"product_brand","embeddable":true,"href":"https:\/\/www.pakery.pl\/tr\/wp-json\/wp\/v2\/product_brand?post=33082"},{"taxonomy":"product_cat","embeddable":true,"href":"https:\/\/www.pakery.pl\/tr\/wp-json\/wp\/v2\/product_cat?post=33082"},{"taxonomy":"product_tag","embeddable":true,"href":"https:\/\/www.pakery.pl\/tr\/wp-json\/wp\/v2\/product_tag?post=33082"}],"curies":[{"name":"wp","href":"https:\/\/api.w.org\/{rel}","templated":true}]}}