{"id":32964,"date":"2021-04-22T07:51:39","date_gmt":"2021-08-13T05:03:46","guid":{"rendered":"https:\/\/www.pakery.pl\/produkt\/sds-max-cekic\/"},"modified":"2021-08-13T07:03:57","modified_gmt":"2021-08-13T05:03:57","slug":"sds-max-cekic","status":"publish","type":"product","link":"https:\/\/www.pakery.pl\/tr\/produkt\/sds-max-cekic\/","title":{"rendered":"SDS MAX \u00e7eki\u00e7"},"content":{"rendered":"\t\t<div data-elementor-type=\"product-post\" data-elementor-id=\"32964\" class=\"elementor elementor-32964 elementor-1970\" data-elementor-post-type=\"product\">\n\t\t\t\t\t\t<section class=\"elementor-section elementor-top-section elementor-element elementor-element-49f6667 elementor-section-full_width elementor-section-height-default elementor-section-height-default\" data-id=\"49f6667\" data-element_type=\"section\" data-e-type=\"section\">\n\t\t\t\t\t\t<div class=\"elementor-container elementor-column-gap-default\">\n\t\t\t\t\t<div class=\"elementor-column elementor-col-100 elementor-top-column elementor-element elementor-element-d82bae6\" data-id=\"d82bae6\" data-element_type=\"column\" data-e-type=\"column\">\n\t\t\t<div class=\"elementor-widget-wrap elementor-element-populated\">\n\t\t\t\t\t\t<div class=\"elementor-element elementor-element-c6fa9a8 elementor-widget elementor-widget-image\" data-id=\"c6fa9a8\" data-element_type=\"widget\" data-e-type=\"widget\" data-widget_type=\"image.default\">\n\t\t\t\t<div class=\"elementor-widget-container\">\n\t\t\t\t\t\t\t\t\t\t\t\t\t\t\t<img fetchpriority=\"high\" decoding=\"async\" width=\"1247\" height=\"340\" src=\"https:\/\/www.pakery.pl\/wp-content\/uploads\/2021\/05\/Zrzut-ekranu-2021-05-19-o-11.40.06.png\" class=\"attachment-full size-full wp-image-32514\" alt=\"\" srcset=\"https:\/\/www.pakery.pl\/wp-content\/uploads\/2021\/05\/Zrzut-ekranu-2021-05-19-o-11.40.06.png 1247w, https:\/\/www.pakery.pl\/wp-content\/uploads\/2021\/05\/Zrzut-ekranu-2021-05-19-o-11.40.06-300x82.png 300w, https:\/\/www.pakery.pl\/wp-content\/uploads\/2021\/05\/Zrzut-ekranu-2021-05-19-o-11.40.06-1024x279.png 1024w, https:\/\/www.pakery.pl\/wp-content\/uploads\/2021\/05\/Zrzut-ekranu-2021-05-19-o-11.40.06-768x209.png 768w, https:\/\/www.pakery.pl\/wp-content\/uploads\/2021\/05\/Zrzut-ekranu-2021-05-19-o-11.40.06-683x186.png 683w, https:\/\/www.pakery.pl\/wp-content\/uploads\/2021\/05\/Zrzut-ekranu-2021-05-19-o-11.40.06-602x164.png 602w\" sizes=\"(max-width: 1247px) 100vw, 1247px\" \/>\t\t\t\t\t\t\t\t\t\t\t\t\t\t\t<\/div>\n\t\t\t\t<\/div>\n\t\t\t\t<div class=\"elementor-element elementor-element-d46a0ac elementor-widget elementor-widget-spacer\" data-id=\"d46a0ac\" data-element_type=\"widget\" data-e-type=\"widget\" data-widget_type=\"spacer.default\">\n\t\t\t\t<div class=\"elementor-widget-container\">\n\t\t\t\t\t\t\t<div class=\"elementor-spacer\">\n\t\t\t<div class=\"elementor-spacer-inner\"><\/div>\n\t\t<\/div>\n\t\t\t\t\t\t<\/div>\n\t\t\t\t<\/div>\n\t\t\t\t<div class=\"elementor-element elementor-element-a4e4ae4 elementor-widget elementor-widget-text-editor\" data-id=\"a4e4ae4\" data-element_type=\"widget\" data-e-type=\"widget\" data-widget_type=\"text-editor.default\">\n\t\t\t\t<div class=\"elementor-widget-container\">\n\t\t\t\t\t\t\t\t\t<p><span style=\"color: #000000;\"><strong>TEKN\u0130K \u00d6ZELL\u0130KLER:<\/strong><\/span><\/p>\n<ul>\n<li><span style=\"color: #000000;\">SDS MAX s\u0131kma<\/span><\/li>\n<li><span style=\"color: #000000;\">JG-HAMMPLUG ile kullan\u0131m i\u00e7in<\/span><\/li>\n<li><span style=\"color: #000000;\">Y\u00fcksek kaliteli Cro-Mo \u00e7elik<\/span><\/li>\n<\/ul>\n\t\t\t\t\t\t\t\t<\/div>\n\t\t\t\t<\/div>\n\t\t\t\t\t<\/div>\n\t\t<\/div>\n\t\t\t\t\t<\/div>\n\t\t<\/section>\n\t\t\t\t<\/div>\n\t\t","protected":false},"excerpt":{"rendered":"<p>TEKN\u0130K \u00d6ZELL\u0130KLER: SDS MAX s\u0131kma JG-HAMMPLUG ile kullan\u0131m i\u00e7in Y\u00fcksek kaliteli Cro-Mo \u00e7elik<\/p>\n","protected":false},"featured_media":32965,"template":"","meta":{"_acf_changed":false},"product_brand":[],"product_cat":[1363,1369],"product_tag":[],"class_list":{"0":"post-32964","1":"product","2":"type-product","3":"status-publish","4":"has-post-thumbnail","6":"product_cat-enjeksiyon-aksesuarlari","7":"product_cat-enjeksiyon-mizraklari","8":"pa_akcesoria-pakerowe-paketleyiciler-aksesuarlari","10":"first","11":"instock","12":"taxable","13":"shipping-taxable","14":"purchasable","15":"product-type-simple"},"acf":[],"yoast_head":"<!-- This site is optimized with the Yoast SEO plugin v27.3 - https:\/\/yoast.com\/product\/yoast-seo-wordpress\/ -->\n<title>SDS MAX \u00e7eki\u00e7 - PAKERY.PL<\/title>\n<meta name=\"description\" content=\"Enjeksiyon m\u0131zraklar\u0131 i\u00e7in \u00e7eki\u00e7 | Enjeksiyon lanslar\u0131 | SDS MAX s\u0131kma\" \/>\n<meta name=\"robots\" content=\"index, follow, max-snippet:-1, max-image-preview:large, max-video-preview:-1\" \/>\n<link rel=\"canonical\" href=\"https:\/\/www.pakery.pl\/tr\/produkt\/sds-max-cekic\/\" \/>\n<meta property=\"og:locale\" content=\"tr_TR\" \/>\n<meta property=\"og:type\" content=\"article\" \/>\n<meta property=\"og:title\" content=\"SDS MAX \u00e7eki\u00e7 - PAKERY.PL\" \/>\n<meta property=\"og:description\" content=\"Enjeksiyon m\u0131zraklar\u0131 i\u00e7in \u00e7eki\u00e7 | Enjeksiyon lanslar\u0131 | SDS MAX s\u0131kma\" \/>\n<meta property=\"og:url\" content=\"https:\/\/www.pakery.pl\/tr\/produkt\/sds-max-cekic\/\" \/>\n<meta property=\"og:site_name\" content=\"PAKERY.PL\" \/>\n<meta property=\"article:modified_time\" content=\"2021-08-13T05:03:57+00:00\" \/>\n<meta property=\"og:image\" content=\"https:\/\/www.pakery.pl\/wp-content\/uploads\/2021\/04\/JG-HAMMPOD-SDS-MAX.png\" \/>\n\t<meta property=\"og:image:width\" content=\"2500\" \/>\n\t<meta property=\"og:image:height\" content=\"2500\" \/>\n\t<meta property=\"og:image:type\" content=\"image\/png\" \/>\n<meta name=\"twitter:card\" content=\"summary_large_image\" \/>\n<script type=\"application\/ld+json\" class=\"yoast-schema-graph\">{\"@context\":\"https:\\\/\\\/schema.org\",\"@graph\":[{\"@type\":\"WebPage\",\"@id\":\"https:\\\/\\\/www.pakery.pl\\\/tr\\\/produkt\\\/sds-max-cekic\\\/\",\"url\":\"https:\\\/\\\/www.pakery.pl\\\/tr\\\/produkt\\\/sds-max-cekic\\\/\",\"name\":\"SDS MAX \u00e7eki\u00e7 - PAKERY.PL\",\"isPartOf\":{\"@id\":\"https:\\\/\\\/www.pakery.pl\\\/tr\\\/#website\"},\"primaryImageOfPage\":{\"@id\":\"https:\\\/\\\/www.pakery.pl\\\/tr\\\/produkt\\\/sds-max-cekic\\\/#primaryimage\"},\"image\":{\"@id\":\"https:\\\/\\\/www.pakery.pl\\\/tr\\\/produkt\\\/sds-max-cekic\\\/#primaryimage\"},\"thumbnailUrl\":\"https:\\\/\\\/www.pakery.pl\\\/wp-content\\\/uploads\\\/2021\\\/04\\\/JG-HAMMPOD-SDS-MAX.png\",\"datePublished\":\"2021-08-13T05:03:46+00:00\",\"dateModified\":\"2021-08-13T05:03:57+00:00\",\"description\":\"Enjeksiyon m\u0131zraklar\u0131 i\u00e7in \u00e7eki\u00e7 | Enjeksiyon lanslar\u0131 | SDS MAX s\u0131kma\",\"breadcrumb\":{\"@id\":\"https:\\\/\\\/www.pakery.pl\\\/tr\\\/produkt\\\/sds-max-cekic\\\/#breadcrumb\"},\"inLanguage\":\"tr\",\"potentialAction\":[{\"@type\":\"ReadAction\",\"target\":[\"https:\\\/\\\/www.pakery.pl\\\/tr\\\/produkt\\\/sds-max-cekic\\\/\"]}]},{\"@type\":\"ImageObject\",\"inLanguage\":\"tr\",\"@id\":\"https:\\\/\\\/www.pakery.pl\\\/tr\\\/produkt\\\/sds-max-cekic\\\/#primaryimage\",\"url\":\"https:\\\/\\\/www.pakery.pl\\\/wp-content\\\/uploads\\\/2021\\\/04\\\/JG-HAMMPOD-SDS-MAX.png\",\"contentUrl\":\"https:\\\/\\\/www.pakery.pl\\\/wp-content\\\/uploads\\\/2021\\\/04\\\/JG-HAMMPOD-SDS-MAX.png\",\"width\":2500,\"height\":2500},{\"@type\":\"BreadcrumbList\",\"@id\":\"https:\\\/\\\/www.pakery.pl\\\/tr\\\/produkt\\\/sds-max-cekic\\\/#breadcrumb\",\"itemListElement\":[{\"@type\":\"ListItem\",\"position\":1,\"name\":\"Strona g\u0142\u00f3wna\",\"item\":\"https:\\\/\\\/www.pakery.pl\\\/tr\\\/\"},{\"@type\":\"ListItem\",\"position\":2,\"name\":\"Ma\u011faza\",\"item\":\"https:\\\/\\\/www.pakery.pl\\\/tr\\\/magaza\\\/\"},{\"@type\":\"ListItem\",\"position\":3,\"name\":\"SDS MAX \u00e7eki\u00e7\"}]},{\"@type\":\"WebSite\",\"@id\":\"https:\\\/\\\/www.pakery.pl\\\/tr\\\/#website\",\"url\":\"https:\\\/\\\/www.pakery.pl\\\/tr\\\/\",\"name\":\"Pakery.pl\",\"description\":\"Pakery iniekcyjne, Kotwy spiralne, Lance iniekcyjne, W\u0119\u017ce do iniekcji, Pompy iniekcyjne, Serwis pomp iniekcyjnych, Wynajem pomp do iniekcji\",\"publisher\":{\"@id\":\"https:\\\/\\\/www.pakery.pl\\\/tr\\\/#organization\"},\"potentialAction\":[{\"@type\":\"SearchAction\",\"target\":{\"@type\":\"EntryPoint\",\"urlTemplate\":\"https:\\\/\\\/www.pakery.pl\\\/tr\\\/?s={search_term_string}\"},\"query-input\":{\"@type\":\"PropertyValueSpecification\",\"valueRequired\":true,\"valueName\":\"search_term_string\"}}],\"inLanguage\":\"tr\"},{\"@type\":\"Organization\",\"@id\":\"https:\\\/\\\/www.pakery.pl\\\/tr\\\/#organization\",\"name\":\"PAKERY.PL\",\"url\":\"https:\\\/\\\/www.pakery.pl\\\/tr\\\/\",\"logo\":{\"@type\":\"ImageObject\",\"inLanguage\":\"tr\",\"@id\":\"https:\\\/\\\/www.pakery.pl\\\/tr\\\/#\\\/schema\\\/logo\\\/image\\\/\",\"url\":\"https:\\\/\\\/www.pakery.pl\\\/wp-content\\\/uploads\\\/2021\\\/04\\\/cropped-PAKERY-LOGO.png\",\"contentUrl\":\"https:\\\/\\\/www.pakery.pl\\\/wp-content\\\/uploads\\\/2021\\\/04\\\/cropped-PAKERY-LOGO.png\",\"width\":1529,\"height\":500,\"caption\":\"PAKERY.PL\"},\"image\":{\"@id\":\"https:\\\/\\\/www.pakery.pl\\\/tr\\\/#\\\/schema\\\/logo\\\/image\\\/\"}}]}<\/script>\n<!-- \/ Yoast SEO plugin. -->","yoast_head_json":{"title":"SDS MAX \u00e7eki\u00e7 - PAKERY.PL","description":"Enjeksiyon m\u0131zraklar\u0131 i\u00e7in \u00e7eki\u00e7 | Enjeksiyon lanslar\u0131 | SDS MAX s\u0131kma","robots":{"index":"index","follow":"follow","max-snippet":"max-snippet:-1","max-image-preview":"max-image-preview:large","max-video-preview":"max-video-preview:-1"},"canonical":"https:\/\/www.pakery.pl\/tr\/produkt\/sds-max-cekic\/","og_locale":"tr_TR","og_type":"article","og_title":"SDS MAX \u00e7eki\u00e7 - PAKERY.PL","og_description":"Enjeksiyon m\u0131zraklar\u0131 i\u00e7in \u00e7eki\u00e7 | Enjeksiyon lanslar\u0131 | SDS MAX s\u0131kma","og_url":"https:\/\/www.pakery.pl\/tr\/produkt\/sds-max-cekic\/","og_site_name":"PAKERY.PL","article_modified_time":"2021-08-13T05:03:57+00:00","og_image":[{"width":2500,"height":2500,"url":"https:\/\/www.pakery.pl\/wp-content\/uploads\/2021\/04\/JG-HAMMPOD-SDS-MAX.png","type":"image\/png"}],"twitter_card":"summary_large_image","schema":{"@context":"https:\/\/schema.org","@graph":[{"@type":"WebPage","@id":"https:\/\/www.pakery.pl\/tr\/produkt\/sds-max-cekic\/","url":"https:\/\/www.pakery.pl\/tr\/produkt\/sds-max-cekic\/","name":"SDS MAX \u00e7eki\u00e7 - PAKERY.PL","isPartOf":{"@id":"https:\/\/www.pakery.pl\/tr\/#website"},"primaryImageOfPage":{"@id":"https:\/\/www.pakery.pl\/tr\/produkt\/sds-max-cekic\/#primaryimage"},"image":{"@id":"https:\/\/www.pakery.pl\/tr\/produkt\/sds-max-cekic\/#primaryimage"},"thumbnailUrl":"https:\/\/www.pakery.pl\/wp-content\/uploads\/2021\/04\/JG-HAMMPOD-SDS-MAX.png","datePublished":"2021-08-13T05:03:46+00:00","dateModified":"2021-08-13T05:03:57+00:00","description":"Enjeksiyon m\u0131zraklar\u0131 i\u00e7in \u00e7eki\u00e7 | Enjeksiyon lanslar\u0131 | SDS MAX s\u0131kma","breadcrumb":{"@id":"https:\/\/www.pakery.pl\/tr\/produkt\/sds-max-cekic\/#breadcrumb"},"inLanguage":"tr","potentialAction":[{"@type":"ReadAction","target":["https:\/\/www.pakery.pl\/tr\/produkt\/sds-max-cekic\/"]}]},{"@type":"ImageObject","inLanguage":"tr","@id":"https:\/\/www.pakery.pl\/tr\/produkt\/sds-max-cekic\/#primaryimage","url":"https:\/\/www.pakery.pl\/wp-content\/uploads\/2021\/04\/JG-HAMMPOD-SDS-MAX.png","contentUrl":"https:\/\/www.pakery.pl\/wp-content\/uploads\/2021\/04\/JG-HAMMPOD-SDS-MAX.png","width":2500,"height":2500},{"@type":"BreadcrumbList","@id":"https:\/\/www.pakery.pl\/tr\/produkt\/sds-max-cekic\/#breadcrumb","itemListElement":[{"@type":"ListItem","position":1,"name":"Strona g\u0142\u00f3wna","item":"https:\/\/www.pakery.pl\/tr\/"},{"@type":"ListItem","position":2,"name":"Ma\u011faza","item":"https:\/\/www.pakery.pl\/tr\/magaza\/"},{"@type":"ListItem","position":3,"name":"SDS MAX \u00e7eki\u00e7"}]},{"@type":"WebSite","@id":"https:\/\/www.pakery.pl\/tr\/#website","url":"https:\/\/www.pakery.pl\/tr\/","name":"Pakery.pl","description":"Pakery iniekcyjne, Kotwy spiralne, Lance iniekcyjne, W\u0119\u017ce do iniekcji, Pompy iniekcyjne, Serwis pomp iniekcyjnych, Wynajem pomp do iniekcji","publisher":{"@id":"https:\/\/www.pakery.pl\/tr\/#organization"},"potentialAction":[{"@type":"SearchAction","target":{"@type":"EntryPoint","urlTemplate":"https:\/\/www.pakery.pl\/tr\/?s={search_term_string}"},"query-input":{"@type":"PropertyValueSpecification","valueRequired":true,"valueName":"search_term_string"}}],"inLanguage":"tr"},{"@type":"Organization","@id":"https:\/\/www.pakery.pl\/tr\/#organization","name":"PAKERY.PL","url":"https:\/\/www.pakery.pl\/tr\/","logo":{"@type":"ImageObject","inLanguage":"tr","@id":"https:\/\/www.pakery.pl\/tr\/#\/schema\/logo\/image\/","url":"https:\/\/www.pakery.pl\/wp-content\/uploads\/2021\/04\/cropped-PAKERY-LOGO.png","contentUrl":"https:\/\/www.pakery.pl\/wp-content\/uploads\/2021\/04\/cropped-PAKERY-LOGO.png","width":1529,"height":500,"caption":"PAKERY.PL"},"image":{"@id":"https:\/\/www.pakery.pl\/tr\/#\/schema\/logo\/image\/"}}]}},"_links":{"self":[{"href":"https:\/\/www.pakery.pl\/tr\/wp-json\/wp\/v2\/product\/32964","targetHints":{"allow":["GET"]}}],"collection":[{"href":"https:\/\/www.pakery.pl\/tr\/wp-json\/wp\/v2\/product"}],"about":[{"href":"https:\/\/www.pakery.pl\/tr\/wp-json\/wp\/v2\/types\/product"}],"version-history":[{"count":3,"href":"https:\/\/www.pakery.pl\/tr\/wp-json\/wp\/v2\/product\/32964\/revisions"}],"predecessor-version":[{"id":32968,"href":"https:\/\/www.pakery.pl\/tr\/wp-json\/wp\/v2\/product\/32964\/revisions\/32968"}],"wp:featuredmedia":[{"embeddable":true,"href":"https:\/\/www.pakery.pl\/tr\/wp-json\/wp\/v2\/media\/32965"}],"wp:attachment":[{"href":"https:\/\/www.pakery.pl\/tr\/wp-json\/wp\/v2\/media?parent=32964"}],"wp:term":[{"taxonomy":"product_brand","embeddable":true,"href":"https:\/\/www.pakery.pl\/tr\/wp-json\/wp\/v2\/product_brand?post=32964"},{"taxonomy":"product_cat","embeddable":true,"href":"https:\/\/www.pakery.pl\/tr\/wp-json\/wp\/v2\/product_cat?post=32964"},{"taxonomy":"product_tag","embeddable":true,"href":"https:\/\/www.pakery.pl\/tr\/wp-json\/wp\/v2\/product_tag?post=32964"}],"curies":[{"name":"wp","href":"https:\/\/api.w.org\/{rel}","templated":true}]}}