{"id":32934,"date":"2021-04-22T10:17:48","date_gmt":"2021-08-13T05:03:24","guid":{"rendered":"https:\/\/www.pakery.pl\/produkt\/1-4-duz-kalamar\/"},"modified":"2021-08-13T07:03:25","modified_gmt":"2021-08-13T05:03:25","slug":"1-4-duz-kalamar","status":"publish","type":"product","link":"https:\/\/www.pakery.pl\/tr\/produkt\/1-4-duz-kalamar\/","title":{"rendered":"1\/4&#8242; d\u00fcz kalamar"},"content":{"rendered":"\t\t<div data-elementor-type=\"product-post\" data-elementor-id=\"32934\" class=\"elementor elementor-32934 elementor-1992\" data-elementor-post-type=\"product\">\n\t\t\t\t\t\t<section class=\"elementor-section elementor-top-section elementor-element elementor-element-bbe259b elementor-section-full_width elementor-section-height-default elementor-section-height-default\" data-id=\"bbe259b\" data-element_type=\"section\" data-e-type=\"section\">\n\t\t\t\t\t\t<div class=\"elementor-container elementor-column-gap-default\">\n\t\t\t\t\t<div class=\"elementor-column elementor-col-50 elementor-top-column elementor-element elementor-element-0ff230c\" data-id=\"0ff230c\" data-element_type=\"column\" data-e-type=\"column\">\n\t\t\t<div class=\"elementor-widget-wrap elementor-element-populated\">\n\t\t\t\t\t\t<div class=\"elementor-element elementor-element-353802d elementor-widget elementor-widget-text-editor\" data-id=\"353802d\" data-element_type=\"widget\" data-e-type=\"widget\" data-widget_type=\"text-editor.default\">\n\t\t\t\t<div class=\"elementor-widget-container\">\n\t\t\t\t\t\t\t\t\t<hr>\n<p><span style=\"color: #000000;\">Uyarlanm\u0131\u015f b\u00fcy\u00fck bir ak\u0131\u015fa sahip Calamit d\u00fcz<strong> enjeksiyon borular\u0131 ve paketleyiciler i\u00e7in PI-CEM 18\/110, PI-CEM 14\/110<\/strong><\/span><\/p>\n\t\t\t\t\t\t\t\t<\/div>\n\t\t\t\t<\/div>\n\t\t\t\t\t<\/div>\n\t\t<\/div>\n\t\t\t\t<div class=\"elementor-column elementor-col-50 elementor-top-column elementor-element elementor-element-1f71719\" data-id=\"1f71719\" data-element_type=\"column\" data-e-type=\"column\">\n\t\t\t<div class=\"elementor-widget-wrap elementor-element-populated\">\n\t\t\t\t\t\t<div class=\"elementor-element elementor-element-c8cea89 elementor-widget elementor-widget-image\" data-id=\"c8cea89\" data-element_type=\"widget\" data-e-type=\"widget\" data-widget_type=\"image.default\">\n\t\t\t\t<div class=\"elementor-widget-container\">\n\t\t\t\t\t\t\t\t\t\t\t\t\t\t\t<img fetchpriority=\"high\" decoding=\"async\" width=\"300\" height=\"300\" src=\"https:\/\/www.pakery.pl\/wp-content\/uploads\/2021\/05\/plastik-lanca-kalamitka-300x300.png\" class=\"attachment-medium size-medium wp-image-4282\" alt=\"\" srcset=\"https:\/\/www.pakery.pl\/wp-content\/uploads\/2021\/05\/plastik-lanca-kalamitka-300x300.png 300w, https:\/\/www.pakery.pl\/wp-content\/uploads\/2021\/05\/plastik-lanca-kalamitka-1024x1024.png 1024w, https:\/\/www.pakery.pl\/wp-content\/uploads\/2021\/05\/plastik-lanca-kalamitka-150x150.png 150w, https:\/\/www.pakery.pl\/wp-content\/uploads\/2021\/05\/plastik-lanca-kalamitka-768x768.png 768w, https:\/\/www.pakery.pl\/wp-content\/uploads\/2021\/05\/plastik-lanca-kalamitka-1536x1536.png 1536w, https:\/\/www.pakery.pl\/wp-content\/uploads\/2021\/05\/plastik-lanca-kalamitka-2048x2048.png 2048w, https:\/\/www.pakery.pl\/wp-content\/uploads\/2021\/05\/plastik-lanca-kalamitka-683x683.png 683w, https:\/\/www.pakery.pl\/wp-content\/uploads\/2021\/05\/plastik-lanca-kalamitka-602x602.png 602w, https:\/\/www.pakery.pl\/wp-content\/uploads\/2021\/05\/plastik-lanca-kalamitka-110x110.png 110w\" sizes=\"(max-width: 300px) 100vw, 300px\" \/>\t\t\t\t\t\t\t\t\t\t\t\t\t\t\t<\/div>\n\t\t\t\t<\/div>\n\t\t\t\t\t<\/div>\n\t\t<\/div>\n\t\t\t\t\t<\/div>\n\t\t<\/section>\n\t\t\t\t<section class=\"elementor-section elementor-top-section elementor-element elementor-element-3013643 elementor-section-full_width elementor-section-height-default elementor-section-height-default\" data-id=\"3013643\" data-element_type=\"section\" data-e-type=\"section\">\n\t\t\t\t\t\t<div class=\"elementor-container elementor-column-gap-default\">\n\t\t\t\t\t<div class=\"elementor-column elementor-col-100 elementor-top-column elementor-element elementor-element-116259f\" data-id=\"116259f\" data-element_type=\"column\" data-e-type=\"column\">\n\t\t\t<div class=\"elementor-widget-wrap elementor-element-populated\">\n\t\t\t\t\t\t<div class=\"elementor-element elementor-element-bded2b2 elementor-widget elementor-widget-image\" data-id=\"bded2b2\" data-element_type=\"widget\" data-e-type=\"widget\" data-widget_type=\"image.default\">\n\t\t\t\t<div class=\"elementor-widget-container\">\n\t\t\t\t\t\t\t\t\t\t\t\t\t\t\t<img decoding=\"async\" width=\"1763\" height=\"565\" src=\"https:\/\/www.pakery.pl\/wp-content\/uploads\/2021\/05\/schemat-lance-NG-F-14.png\" class=\"attachment-full size-full wp-image-32938\" alt=\"\" srcset=\"https:\/\/www.pakery.pl\/wp-content\/uploads\/2021\/05\/schemat-lance-NG-F-14.png 1763w, https:\/\/www.pakery.pl\/wp-content\/uploads\/2021\/05\/schemat-lance-NG-F-14-300x96.png 300w, https:\/\/www.pakery.pl\/wp-content\/uploads\/2021\/05\/schemat-lance-NG-F-14-1024x328.png 1024w, https:\/\/www.pakery.pl\/wp-content\/uploads\/2021\/05\/schemat-lance-NG-F-14-768x246.png 768w, https:\/\/www.pakery.pl\/wp-content\/uploads\/2021\/05\/schemat-lance-NG-F-14-1536x492.png 1536w, https:\/\/www.pakery.pl\/wp-content\/uploads\/2021\/05\/schemat-lance-NG-F-14-683x219.png 683w, https:\/\/www.pakery.pl\/wp-content\/uploads\/2021\/05\/schemat-lance-NG-F-14-602x193.png 602w\" sizes=\"(max-width: 1763px) 100vw, 1763px\" \/>\t\t\t\t\t\t\t\t\t\t\t\t\t\t\t<\/div>\n\t\t\t\t<\/div>\n\t\t\t\t\t<\/div>\n\t\t<\/div>\n\t\t\t\t\t<\/div>\n\t\t<\/section>\n\t\t\t\t<\/div>\n\t\t","protected":false},"excerpt":{"rendered":"<p>Uyarlanm\u0131\u015f b\u00fcy\u00fck bir ak\u0131\u015fa sahip Calamit d\u00fcz enjeksiyon borular\u0131 ve paketleyiciler i\u00e7in PI-CEM 18\/110, PI-CEM 14\/110<\/p>\n","protected":false},"featured_media":41415,"template":"","meta":{"_acf_changed":false},"product_brand":[],"product_cat":[1370,1363,1369],"product_tag":[],"class_list":{"0":"post-32934","1":"product","2":"type-product","3":"status-publish","4":"has-post-thumbnail","6":"product_cat-cimento-paketleyiciler","7":"product_cat-enjeksiyon-aksesuarlari","8":"product_cat-enjeksiyon-mizraklari","9":"pa_akcesoria-pakerowe-paketleyiciler-aksesuarlari","11":"first","12":"instock","13":"taxable","14":"shipping-taxable","15":"purchasable","16":"product-type-variable"},"acf":[],"yoast_head":"<!-- This site is optimized with the Yoast SEO plugin v27.3 - https:\/\/yoast.com\/product\/yoast-seo-wordpress\/ -->\n<title>1\/4&#039; d\u00fcz kalamar \u00e7imento s\u00fcspansiyonlar\u0131 i\u00e7in - PAKERY.PL<\/title>\n<meta name=\"description\" content=\"Yass\u0131 Hint kam\u0131\u015f\u0131 kullan\u0131rken enjeksiyon rahatl\u0131\u011f\u0131n\u0131 kazan\u0131r\u0131z, konik kalamitte oldu\u011fu gibi k\u00f6k\u00fc desteklemeye gerek yoktur.\" \/>\n<meta name=\"robots\" content=\"index, follow, max-snippet:-1, max-image-preview:large, max-video-preview:-1\" \/>\n<link rel=\"canonical\" href=\"https:\/\/www.pakery.pl\/tr\/produkt\/1-4-duz-kalamar\/\" \/>\n<meta property=\"og:locale\" content=\"tr_TR\" \/>\n<meta property=\"og:type\" content=\"article\" \/>\n<meta property=\"og:title\" content=\"1\/4&#039; d\u00fcz kalamar \u00e7imento s\u00fcspansiyonlar\u0131 i\u00e7in - PAKERY.PL\" \/>\n<meta property=\"og:description\" content=\"Yass\u0131 Hint kam\u0131\u015f\u0131 kullan\u0131rken enjeksiyon rahatl\u0131\u011f\u0131n\u0131 kazan\u0131r\u0131z, konik kalamitte oldu\u011fu gibi k\u00f6k\u00fc desteklemeye gerek yoktur.\" \/>\n<meta property=\"og:url\" content=\"https:\/\/www.pakery.pl\/tr\/produkt\/1-4-duz-kalamar\/\" \/>\n<meta property=\"og:site_name\" content=\"PAKERY.PL\" \/>\n<meta property=\"article:modified_time\" content=\"2021-08-13T05:03:25+00:00\" \/>\n<meta property=\"og:image\" content=\"https:\/\/www.pakery.pl\/wp-content\/uploads\/2021\/04\/kalamitka-plaska-do-cementu-602x593-1.png\" \/>\n\t<meta property=\"og:image:width\" content=\"602\" \/>\n\t<meta property=\"og:image:height\" content=\"593\" \/>\n\t<meta property=\"og:image:type\" content=\"image\/png\" \/>\n<meta name=\"twitter:card\" content=\"summary_large_image\" \/>\n<script type=\"application\/ld+json\" class=\"yoast-schema-graph\">{\"@context\":\"https:\\\/\\\/schema.org\",\"@graph\":[{\"@type\":\"WebPage\",\"@id\":\"https:\\\/\\\/www.pakery.pl\\\/tr\\\/produkt\\\/1-4-duz-kalamar\\\/\",\"url\":\"https:\\\/\\\/www.pakery.pl\\\/tr\\\/produkt\\\/1-4-duz-kalamar\\\/\",\"name\":\"1\\\/4' d\u00fcz kalamar \u00e7imento s\u00fcspansiyonlar\u0131 i\u00e7in - PAKERY.PL\",\"isPartOf\":{\"@id\":\"https:\\\/\\\/www.pakery.pl\\\/tr\\\/#website\"},\"primaryImageOfPage\":{\"@id\":\"https:\\\/\\\/www.pakery.pl\\\/tr\\\/produkt\\\/1-4-duz-kalamar\\\/#primaryimage\"},\"image\":{\"@id\":\"https:\\\/\\\/www.pakery.pl\\\/tr\\\/produkt\\\/1-4-duz-kalamar\\\/#primaryimage\"},\"thumbnailUrl\":\"https:\\\/\\\/www.pakery.pl\\\/wp-content\\\/uploads\\\/2021\\\/04\\\/kalamitka-plaska-do-cementu-602x593-1.png\",\"datePublished\":\"2021-08-13T05:03:24+00:00\",\"dateModified\":\"2021-08-13T05:03:25+00:00\",\"description\":\"Yass\u0131 Hint kam\u0131\u015f\u0131 kullan\u0131rken enjeksiyon rahatl\u0131\u011f\u0131n\u0131 kazan\u0131r\u0131z, konik kalamitte oldu\u011fu gibi k\u00f6k\u00fc desteklemeye gerek yoktur.\",\"breadcrumb\":{\"@id\":\"https:\\\/\\\/www.pakery.pl\\\/tr\\\/produkt\\\/1-4-duz-kalamar\\\/#breadcrumb\"},\"inLanguage\":\"tr\",\"potentialAction\":[{\"@type\":\"ReadAction\",\"target\":[\"https:\\\/\\\/www.pakery.pl\\\/tr\\\/produkt\\\/1-4-duz-kalamar\\\/\"]}]},{\"@type\":\"ImageObject\",\"inLanguage\":\"tr\",\"@id\":\"https:\\\/\\\/www.pakery.pl\\\/tr\\\/produkt\\\/1-4-duz-kalamar\\\/#primaryimage\",\"url\":\"https:\\\/\\\/www.pakery.pl\\\/wp-content\\\/uploads\\\/2021\\\/04\\\/kalamitka-plaska-do-cementu-602x593-1.png\",\"contentUrl\":\"https:\\\/\\\/www.pakery.pl\\\/wp-content\\\/uploads\\\/2021\\\/04\\\/kalamitka-plaska-do-cementu-602x593-1.png\",\"width\":602,\"height\":593},{\"@type\":\"BreadcrumbList\",\"@id\":\"https:\\\/\\\/www.pakery.pl\\\/tr\\\/produkt\\\/1-4-duz-kalamar\\\/#breadcrumb\",\"itemListElement\":[{\"@type\":\"ListItem\",\"position\":1,\"name\":\"Strona g\u0142\u00f3wna\",\"item\":\"https:\\\/\\\/www.pakery.pl\\\/tr\\\/\"},{\"@type\":\"ListItem\",\"position\":2,\"name\":\"Ma\u011faza\",\"item\":\"https:\\\/\\\/www.pakery.pl\\\/tr\\\/magaza\\\/\"},{\"@type\":\"ListItem\",\"position\":3,\"name\":\"1\\\/4&#8242; d\u00fcz kalamar\"}]},{\"@type\":\"WebSite\",\"@id\":\"https:\\\/\\\/www.pakery.pl\\\/tr\\\/#website\",\"url\":\"https:\\\/\\\/www.pakery.pl\\\/tr\\\/\",\"name\":\"Pakery.pl\",\"description\":\"Pakery iniekcyjne, Kotwy spiralne, Lance iniekcyjne, W\u0119\u017ce do iniekcji, Pompy iniekcyjne, Serwis pomp iniekcyjnych, Wynajem pomp do iniekcji\",\"publisher\":{\"@id\":\"https:\\\/\\\/www.pakery.pl\\\/tr\\\/#organization\"},\"potentialAction\":[{\"@type\":\"SearchAction\",\"target\":{\"@type\":\"EntryPoint\",\"urlTemplate\":\"https:\\\/\\\/www.pakery.pl\\\/tr\\\/?s={search_term_string}\"},\"query-input\":{\"@type\":\"PropertyValueSpecification\",\"valueRequired\":true,\"valueName\":\"search_term_string\"}}],\"inLanguage\":\"tr\"},{\"@type\":\"Organization\",\"@id\":\"https:\\\/\\\/www.pakery.pl\\\/tr\\\/#organization\",\"name\":\"PAKERY.PL\",\"url\":\"https:\\\/\\\/www.pakery.pl\\\/tr\\\/\",\"logo\":{\"@type\":\"ImageObject\",\"inLanguage\":\"tr\",\"@id\":\"https:\\\/\\\/www.pakery.pl\\\/tr\\\/#\\\/schema\\\/logo\\\/image\\\/\",\"url\":\"https:\\\/\\\/www.pakery.pl\\\/wp-content\\\/uploads\\\/2021\\\/04\\\/cropped-PAKERY-LOGO.png\",\"contentUrl\":\"https:\\\/\\\/www.pakery.pl\\\/wp-content\\\/uploads\\\/2021\\\/04\\\/cropped-PAKERY-LOGO.png\",\"width\":1529,\"height\":500,\"caption\":\"PAKERY.PL\"},\"image\":{\"@id\":\"https:\\\/\\\/www.pakery.pl\\\/tr\\\/#\\\/schema\\\/logo\\\/image\\\/\"}}]}<\/script>\n<!-- \/ Yoast SEO plugin. -->","yoast_head_json":{"title":"1\/4' d\u00fcz kalamar \u00e7imento s\u00fcspansiyonlar\u0131 i\u00e7in - PAKERY.PL","description":"Yass\u0131 Hint kam\u0131\u015f\u0131 kullan\u0131rken enjeksiyon rahatl\u0131\u011f\u0131n\u0131 kazan\u0131r\u0131z, konik kalamitte oldu\u011fu gibi k\u00f6k\u00fc desteklemeye gerek yoktur.","robots":{"index":"index","follow":"follow","max-snippet":"max-snippet:-1","max-image-preview":"max-image-preview:large","max-video-preview":"max-video-preview:-1"},"canonical":"https:\/\/www.pakery.pl\/tr\/produkt\/1-4-duz-kalamar\/","og_locale":"tr_TR","og_type":"article","og_title":"1\/4' d\u00fcz kalamar \u00e7imento s\u00fcspansiyonlar\u0131 i\u00e7in - PAKERY.PL","og_description":"Yass\u0131 Hint kam\u0131\u015f\u0131 kullan\u0131rken enjeksiyon rahatl\u0131\u011f\u0131n\u0131 kazan\u0131r\u0131z, konik kalamitte oldu\u011fu gibi k\u00f6k\u00fc desteklemeye gerek yoktur.","og_url":"https:\/\/www.pakery.pl\/tr\/produkt\/1-4-duz-kalamar\/","og_site_name":"PAKERY.PL","article_modified_time":"2021-08-13T05:03:25+00:00","og_image":[{"width":602,"height":593,"url":"https:\/\/www.pakery.pl\/wp-content\/uploads\/2021\/04\/kalamitka-plaska-do-cementu-602x593-1.png","type":"image\/png"}],"twitter_card":"summary_large_image","schema":{"@context":"https:\/\/schema.org","@graph":[{"@type":"WebPage","@id":"https:\/\/www.pakery.pl\/tr\/produkt\/1-4-duz-kalamar\/","url":"https:\/\/www.pakery.pl\/tr\/produkt\/1-4-duz-kalamar\/","name":"1\/4' d\u00fcz kalamar \u00e7imento s\u00fcspansiyonlar\u0131 i\u00e7in - PAKERY.PL","isPartOf":{"@id":"https:\/\/www.pakery.pl\/tr\/#website"},"primaryImageOfPage":{"@id":"https:\/\/www.pakery.pl\/tr\/produkt\/1-4-duz-kalamar\/#primaryimage"},"image":{"@id":"https:\/\/www.pakery.pl\/tr\/produkt\/1-4-duz-kalamar\/#primaryimage"},"thumbnailUrl":"https:\/\/www.pakery.pl\/wp-content\/uploads\/2021\/04\/kalamitka-plaska-do-cementu-602x593-1.png","datePublished":"2021-08-13T05:03:24+00:00","dateModified":"2021-08-13T05:03:25+00:00","description":"Yass\u0131 Hint kam\u0131\u015f\u0131 kullan\u0131rken enjeksiyon rahatl\u0131\u011f\u0131n\u0131 kazan\u0131r\u0131z, konik kalamitte oldu\u011fu gibi k\u00f6k\u00fc desteklemeye gerek yoktur.","breadcrumb":{"@id":"https:\/\/www.pakery.pl\/tr\/produkt\/1-4-duz-kalamar\/#breadcrumb"},"inLanguage":"tr","potentialAction":[{"@type":"ReadAction","target":["https:\/\/www.pakery.pl\/tr\/produkt\/1-4-duz-kalamar\/"]}]},{"@type":"ImageObject","inLanguage":"tr","@id":"https:\/\/www.pakery.pl\/tr\/produkt\/1-4-duz-kalamar\/#primaryimage","url":"https:\/\/www.pakery.pl\/wp-content\/uploads\/2021\/04\/kalamitka-plaska-do-cementu-602x593-1.png","contentUrl":"https:\/\/www.pakery.pl\/wp-content\/uploads\/2021\/04\/kalamitka-plaska-do-cementu-602x593-1.png","width":602,"height":593},{"@type":"BreadcrumbList","@id":"https:\/\/www.pakery.pl\/tr\/produkt\/1-4-duz-kalamar\/#breadcrumb","itemListElement":[{"@type":"ListItem","position":1,"name":"Strona g\u0142\u00f3wna","item":"https:\/\/www.pakery.pl\/tr\/"},{"@type":"ListItem","position":2,"name":"Ma\u011faza","item":"https:\/\/www.pakery.pl\/tr\/magaza\/"},{"@type":"ListItem","position":3,"name":"1\/4&#8242; d\u00fcz kalamar"}]},{"@type":"WebSite","@id":"https:\/\/www.pakery.pl\/tr\/#website","url":"https:\/\/www.pakery.pl\/tr\/","name":"Pakery.pl","description":"Pakery iniekcyjne, Kotwy spiralne, Lance iniekcyjne, W\u0119\u017ce do iniekcji, Pompy iniekcyjne, Serwis pomp iniekcyjnych, Wynajem pomp do iniekcji","publisher":{"@id":"https:\/\/www.pakery.pl\/tr\/#organization"},"potentialAction":[{"@type":"SearchAction","target":{"@type":"EntryPoint","urlTemplate":"https:\/\/www.pakery.pl\/tr\/?s={search_term_string}"},"query-input":{"@type":"PropertyValueSpecification","valueRequired":true,"valueName":"search_term_string"}}],"inLanguage":"tr"},{"@type":"Organization","@id":"https:\/\/www.pakery.pl\/tr\/#organization","name":"PAKERY.PL","url":"https:\/\/www.pakery.pl\/tr\/","logo":{"@type":"ImageObject","inLanguage":"tr","@id":"https:\/\/www.pakery.pl\/tr\/#\/schema\/logo\/image\/","url":"https:\/\/www.pakery.pl\/wp-content\/uploads\/2021\/04\/cropped-PAKERY-LOGO.png","contentUrl":"https:\/\/www.pakery.pl\/wp-content\/uploads\/2021\/04\/cropped-PAKERY-LOGO.png","width":1529,"height":500,"caption":"PAKERY.PL"},"image":{"@id":"https:\/\/www.pakery.pl\/tr\/#\/schema\/logo\/image\/"}}]}},"_links":{"self":[{"href":"https:\/\/www.pakery.pl\/tr\/wp-json\/wp\/v2\/product\/32934","targetHints":{"allow":["GET"]}}],"collection":[{"href":"https:\/\/www.pakery.pl\/tr\/wp-json\/wp\/v2\/product"}],"about":[{"href":"https:\/\/www.pakery.pl\/tr\/wp-json\/wp\/v2\/types\/product"}],"version-history":[{"count":1,"href":"https:\/\/www.pakery.pl\/tr\/wp-json\/wp\/v2\/product\/32934\/revisions"}],"predecessor-version":[{"id":32937,"href":"https:\/\/www.pakery.pl\/tr\/wp-json\/wp\/v2\/product\/32934\/revisions\/32937"}],"wp:featuredmedia":[{"embeddable":true,"href":"https:\/\/www.pakery.pl\/tr\/wp-json\/wp\/v2\/media\/41415"}],"wp:attachment":[{"href":"https:\/\/www.pakery.pl\/tr\/wp-json\/wp\/v2\/media?parent=32934"}],"wp:term":[{"taxonomy":"product_brand","embeddable":true,"href":"https:\/\/www.pakery.pl\/tr\/wp-json\/wp\/v2\/product_brand?post=32934"},{"taxonomy":"product_cat","embeddable":true,"href":"https:\/\/www.pakery.pl\/tr\/wp-json\/wp\/v2\/product_cat?post=32934"},{"taxonomy":"product_tag","embeddable":true,"href":"https:\/\/www.pakery.pl\/tr\/wp-json\/wp\/v2\/product_tag?post=32934"}],"curies":[{"name":"wp","href":"https:\/\/api.w.org\/{rel}","templated":true}]}}