{"id":32906,"date":"2021-08-13T07:01:53","date_gmt":"2021-08-13T05:01:53","guid":{"rendered":"https:\/\/www.pakery.pl\/produkt\/spiral-capa-%e2%8c%808-mm\/"},"modified":"2021-08-24T07:59:30","modified_gmt":"2021-08-24T05:59:30","slug":"spiral-capa-%e2%8c%808-mm","status":"publish","type":"product","link":"https:\/\/www.pakery.pl\/tr\/produkt\/spiral-capa-%e2%8c%808-mm\/","title":{"rendered":"Spiral \u00e7apa \u23008 mm"},"content":{"rendered":"\t\t<div data-elementor-type=\"product-post\" data-elementor-id=\"32906\" class=\"elementor elementor-32906 elementor-1861\" data-elementor-post-type=\"product\">\n\t\t\t\t\t\t<section class=\"elementor-section elementor-top-section elementor-element elementor-element-27d19c8 elementor-section-boxed elementor-section-height-default elementor-section-height-default\" data-id=\"27d19c8\" data-element_type=\"section\" data-e-type=\"section\">\n\t\t\t\t\t\t<div class=\"elementor-container elementor-column-gap-default\">\n\t\t\t\t\t<div class=\"elementor-column elementor-col-100 elementor-top-column elementor-element elementor-element-1379c46\" data-id=\"1379c46\" data-element_type=\"column\" data-e-type=\"column\">\n\t\t\t<div class=\"elementor-widget-wrap elementor-element-populated\">\n\t\t\t\t\t\t<section class=\"elementor-section elementor-inner-section elementor-element elementor-element-6a4b693 elementor-section-boxed elementor-section-height-default elementor-section-height-default\" data-id=\"6a4b693\" data-element_type=\"section\" data-e-type=\"section\">\n\t\t\t\t\t\t<div class=\"elementor-container elementor-column-gap-default\">\n\t\t\t\t\t<div class=\"elementor-column elementor-col-50 elementor-inner-column elementor-element elementor-element-9775ea6\" data-id=\"9775ea6\" data-element_type=\"column\" data-e-type=\"column\">\n\t\t\t<div class=\"elementor-widget-wrap elementor-element-populated\">\n\t\t\t\t\t\t<div class=\"elementor-element elementor-element-54aed20 elementor-widget elementor-widget-text-editor\" data-id=\"54aed20\" data-element_type=\"widget\" data-e-type=\"widget\" data-widget_type=\"text-editor.default\">\n\t\t\t\t<div class=\"elementor-widget-container\">\n\t\t\t\t\t\t\t\t\t<div data-id=\"9c16b70\" data-element_type=\"widget\" data-widget_type=\"text-editor.default\">\n<div>\n<div>\n<div><span style=\"color: #000000;\"><strong>TEKN\u0130K \u00d6ZELL\u0130KLER:<\/strong><\/span><\/div>\n<ul>\n<li><span style=\"color: #000000;\">Ankraj \u00e7ap\u0131: 8 mm<\/span><\/li>\n<li><span style=\"color: #000000;\">Kesit alan\u0131[mm\u00b2] : 10.00<\/span><\/li>\n<li><span style=\"color: #000000;\">verim noktas\u0131[MPa] : 388.9<\/span><\/li>\n<li><span style=\"color: #000000;\">Gerilme direnci[MPa] : 988.7<\/span><\/li>\n<li><span style=\"color: #000000;\">Mod\u00fcl[GPa] : 163.1<\/span><\/li>\n<\/ul>\n<\/div>\n<\/div>\n<\/div>\n<div data-id=\"f10e87b\" data-element_type=\"widget\" data-widget_type=\"text-editor.default\">\n<div>\n<div>\n<p><span style=\"color: #000000;\"><strong>UYGULAMA:<\/strong><\/span><\/p>\n<ul>\n<li><span style=\"color: #000000;\">tu\u011fla, ta\u015f, betondan yap\u0131lm\u0131\u015f yap\u0131sal duvarlardaki \u00e7atlaklar\u0131n onar\u0131m\u0131<\/span><\/li>\n<li><span style=\"color: #000000;\">b\u00f6lme duvarlar\u0131n yap\u0131sal olanlarla ba\u011flant\u0131lar\u0131n\u0131n g\u00fc\u00e7lendirilmesi<\/span><\/li>\n<li><span style=\"color: #000000;\">\u00e7at\u0131 katlar\u0131n\u0131n g\u00fc\u00e7lendirilmesi<\/span><\/li>\n<li><span style=\"color: #000000;\">balkon levhalar\u0131n\u0131n g\u00fc\u00e7lendirilmesi<\/span><\/li>\n<li><span style=\"color: #000000;\">lentolar\u0131n, kiri\u015flerin ve tavanlar\u0131n onar\u0131m\u0131 ve g\u00fc\u00e7lendirilmesi<\/span><\/li>\n<li><span style=\"color: #000000;\">ba\u011f\u0131ms\u0131z duvar kaplama katmanlar\u0131n\u0131n sabitlenmesi<\/span><\/li>\n<li><span style=\"color: #000000;\">b\u00fck\u00fclm\u00fc\u015f duvarlar\u0131n stabilizasyonu<\/span><\/li>\n<li><span style=\"color: #000000;\">\u00e7a\u011fda\u015f binalarda duvar takviyesi<\/span><\/li>\n<\/ul>\n<p><span style=\"color: #000000;\"><strong>SP\u0130RAL G\u00dc\u00c7LEND\u0130RMELER\u0130N AVANTAJLARI:<\/strong><\/span><\/p>\n<ul>\n<li><span style=\"color: #000000;\">Duvarlar\u0131n, kolonlar\u0131n, kiri\u015flerin, kiri\u015flerin, d\u00f6\u015femelerin, temellerin ta\u015f\u0131ma kapasitesinin artt\u0131r\u0131lmas\u0131<\/span><\/li>\n<li><span style=\"color: #000000;\">H\u0131zl\u0131 uygulama &#8211; teknolojik kesintiler olmadan<\/span><\/li>\n<li><span style=\"color: #000000;\">D\u00fc\u015f\u00fck invazivlik &#8211; kar\u0131\u015f\u0131kl\u0131k ve kar\u0131\u015f\u0131kl\u0131k olmadan uygulama<\/span><\/li>\n<li><span style=\"color: #000000;\">\u00c7atlaklar yeniden g\u00f6r\u00fcnm\u00fcyor &#8211; y\u00fcksek performansl\u0131 teknoloji<\/span><\/li>\n<li><span style=\"color: #000000;\">D\u00fc\u015f\u00fck maliyetli<\/span><\/li>\n<\/ul>\n<\/div>\n<\/div>\n<\/div>\n\t\t\t\t\t\t\t\t<\/div>\n\t\t\t\t<\/div>\n\t\t\t\t\t<\/div>\n\t\t<\/div>\n\t\t\t\t<div class=\"elementor-column elementor-col-50 elementor-inner-column elementor-element elementor-element-1c1b2cc\" data-id=\"1c1b2cc\" data-element_type=\"column\" data-e-type=\"column\">\n\t\t\t<div class=\"elementor-widget-wrap elementor-element-populated\">\n\t\t\t\t\t\t<div class=\"elementor-element elementor-element-fb8190c elementor-widget elementor-widget-image\" data-id=\"fb8190c\" data-element_type=\"widget\" data-e-type=\"widget\" data-widget_type=\"image.default\">\n\t\t\t\t<div class=\"elementor-widget-container\">\n\t\t\t\t\t\t\t\t\t\t\t\t\t\t\t<img fetchpriority=\"high\" decoding=\"async\" width=\"691\" height=\"758\" src=\"https:\/\/www.pakery.pl\/wp-content\/uploads\/2021\/04\/Kotwa-spiralna.png\" class=\"attachment-large size-large wp-image-32878\" alt=\"\" srcset=\"https:\/\/www.pakery.pl\/wp-content\/uploads\/2021\/04\/Kotwa-spiralna.png 691w, https:\/\/www.pakery.pl\/wp-content\/uploads\/2021\/04\/Kotwa-spiralna-273x300.png 273w, https:\/\/www.pakery.pl\/wp-content\/uploads\/2021\/04\/Kotwa-spiralna-683x749.png 683w, https:\/\/www.pakery.pl\/wp-content\/uploads\/2021\/04\/Kotwa-spiralna-602x660.png 602w\" sizes=\"(max-width: 691px) 100vw, 691px\" \/>\t\t\t\t\t\t\t\t\t\t\t\t\t\t\t<\/div>\n\t\t\t\t<\/div>\n\t\t\t\t\t<\/div>\n\t\t<\/div>\n\t\t\t\t\t<\/div>\n\t\t<\/section>\n\t\t\t\t\t<\/div>\n\t\t<\/div>\n\t\t\t\t\t<\/div>\n\t\t<\/section>\n\t\t\t\t<section class=\"elementor-section elementor-top-section elementor-element elementor-element-c5684eb elementor-section-boxed elementor-section-height-default elementor-section-height-default\" data-id=\"c5684eb\" data-element_type=\"section\" data-e-type=\"section\">\n\t\t\t\t\t\t<div class=\"elementor-container elementor-column-gap-default\">\n\t\t\t\t\t<div class=\"elementor-column elementor-col-100 elementor-top-column elementor-element elementor-element-a67b020\" data-id=\"a67b020\" data-element_type=\"column\" data-e-type=\"column\">\n\t\t\t<div class=\"elementor-widget-wrap elementor-element-populated\">\n\t\t\t\t\t\t<div class=\"elementor-element elementor-element-4006458 elementor-widget elementor-widget-image\" data-id=\"4006458\" data-element_type=\"widget\" data-e-type=\"widget\" data-widget_type=\"image.default\">\n\t\t\t\t<div class=\"elementor-widget-container\">\n\t\t\t\t\t\t\t\t\t\t\t\t\t\t\t<img decoding=\"async\" width=\"781\" height=\"410\" src=\"https:\/\/www.pakery.pl\/wp-content\/uploads\/2021\/04\/kotwy-eng-.png\" class=\"attachment-large size-large wp-image-36156\" alt=\"\" srcset=\"https:\/\/www.pakery.pl\/wp-content\/uploads\/2021\/04\/kotwy-eng-.png 781w, https:\/\/www.pakery.pl\/wp-content\/uploads\/2021\/04\/kotwy-eng--300x157.png 300w, https:\/\/www.pakery.pl\/wp-content\/uploads\/2021\/04\/kotwy-eng--768x403.png 768w, https:\/\/www.pakery.pl\/wp-content\/uploads\/2021\/04\/kotwy-eng--683x359.png 683w, https:\/\/www.pakery.pl\/wp-content\/uploads\/2021\/04\/kotwy-eng--602x316.png 602w\" sizes=\"(max-width: 781px) 100vw, 781px\" \/>\t\t\t\t\t\t\t\t\t\t\t\t\t\t\t<\/div>\n\t\t\t\t<\/div>\n\t\t\t\t\t<\/div>\n\t\t<\/div>\n\t\t\t\t\t<\/div>\n\t\t<\/section>\n\t\t\t\t<section class=\"elementor-section elementor-top-section elementor-element elementor-element-ec0bf78 elementor-section-boxed elementor-section-height-default elementor-section-height-default\" data-id=\"ec0bf78\" data-element_type=\"section\" data-e-type=\"section\">\n\t\t\t\t\t\t<div class=\"elementor-container elementor-column-gap-default\">\n\t\t\t\t\t<div class=\"elementor-column elementor-col-100 elementor-top-column elementor-element elementor-element-05c2e9e\" data-id=\"05c2e9e\" data-element_type=\"column\" data-e-type=\"column\">\n\t\t\t<div class=\"elementor-widget-wrap elementor-element-populated\">\n\t\t\t\t\t\t<div class=\"elementor-element elementor-element-8369f04 elementor-widget elementor-widget-text-editor\" data-id=\"8369f04\" data-element_type=\"widget\" data-e-type=\"widget\" data-widget_type=\"text-editor.default\">\n\t\t\t\t<div class=\"elementor-widget-container\">\n\t\t\t\t\t\t\t\t\t<p><span style=\"caret-color: #000000; color: #000000;\">Ankraj harc\u0131n\u0131n yakla\u015f\u0131k t\u00fcketimi ile birlikte spiral ankraj oluklar\u0131n\u0131n boyutlar\u0131 a\u015fa\u011f\u0131daki tabloda bulunabilir:<\/span><\/p>\n\t\t\t\t\t\t\t\t<\/div>\n\t\t\t\t<\/div>\n\t\t\t\t\t<\/div>\n\t\t<\/div>\n\t\t\t\t\t<\/div>\n\t\t<\/section>\n\t\t\t\t<section class=\"elementor-section elementor-top-section elementor-element elementor-element-ab4cb88 elementor-section-boxed elementor-section-height-default elementor-section-height-default\" data-id=\"ab4cb88\" data-element_type=\"section\" data-e-type=\"section\">\n\t\t\t\t\t\t<div class=\"elementor-container elementor-column-gap-default\">\n\t\t\t\t\t<div class=\"elementor-column elementor-col-100 elementor-top-column elementor-element elementor-element-6c18d94\" data-id=\"6c18d94\" data-element_type=\"column\" data-e-type=\"column\">\n\t\t\t<div class=\"elementor-widget-wrap elementor-element-populated\">\n\t\t\t\t\t\t<section class=\"elementor-section elementor-inner-section elementor-element elementor-element-26da927 elementor-section-boxed elementor-section-height-default elementor-section-height-default\" data-id=\"26da927\" data-element_type=\"section\" data-e-type=\"section\">\n\t\t\t\t\t\t<div class=\"elementor-container elementor-column-gap-default\">\n\t\t\t\t\t<div class=\"elementor-column elementor-col-50 elementor-inner-column elementor-element elementor-element-5fb7aab\" data-id=\"5fb7aab\" data-element_type=\"column\" data-e-type=\"column\">\n\t\t\t<div class=\"elementor-widget-wrap elementor-element-populated\">\n\t\t\t\t\t\t<div class=\"elementor-element elementor-element-43c5782 elementor-widget elementor-widget-image\" data-id=\"43c5782\" data-element_type=\"widget\" data-e-type=\"widget\" data-widget_type=\"image.default\">\n\t\t\t\t<div class=\"elementor-widget-container\">\n\t\t\t\t\t\t\t\t\t\t\t\t\t\t\t<img decoding=\"async\" width=\"1024\" height=\"525\" src=\"https:\/\/www.pakery.pl\/wp-content\/uploads\/2021\/04\/table-kotwa-1024x525.png\" class=\"attachment-large size-large wp-image-36183\" alt=\"\" srcset=\"https:\/\/www.pakery.pl\/wp-content\/uploads\/2021\/04\/table-kotwa-1024x525.png 1024w, https:\/\/www.pakery.pl\/wp-content\/uploads\/2021\/04\/table-kotwa-300x154.png 300w, https:\/\/www.pakery.pl\/wp-content\/uploads\/2021\/04\/table-kotwa-768x393.png 768w, https:\/\/www.pakery.pl\/wp-content\/uploads\/2021\/04\/table-kotwa-683x350.png 683w, https:\/\/www.pakery.pl\/wp-content\/uploads\/2021\/04\/table-kotwa-602x308.png 602w, https:\/\/www.pakery.pl\/wp-content\/uploads\/2021\/04\/table-kotwa.png 1058w\" sizes=\"(max-width: 1024px) 100vw, 1024px\" \/>\t\t\t\t\t\t\t\t\t\t\t\t\t\t\t<\/div>\n\t\t\t\t<\/div>\n\t\t\t\t\t<\/div>\n\t\t<\/div>\n\t\t\t\t<div class=\"elementor-column elementor-col-50 elementor-inner-column elementor-element elementor-element-fe237d5\" data-id=\"fe237d5\" data-element_type=\"column\" data-e-type=\"column\">\n\t\t\t<div class=\"elementor-widget-wrap elementor-element-populated\">\n\t\t\t\t\t\t<div class=\"elementor-element elementor-element-a112f5a elementor-widget elementor-widget-text-editor\" data-id=\"a112f5a\" data-element_type=\"widget\" data-e-type=\"widget\" data-widget_type=\"text-editor.default\">\n\t\t\t\t<div class=\"elementor-widget-container\">\n\t\t\t\t\t\t\t\t\t<p><strong><span style=\"font-size: 1rem; color: #000000;\">dk. ankraj\u0131n toplam uzunlu\u011fu (tu\u011fla \/ ta\u015f \/ kar\u0131\u015f\u0131k duvar) &#8211; 1000 mm<\/span><\/strong><\/p>\n<p><strong><span style=\"color: #000000;\">dk. ankraj\u0131n toplam uzunlu\u011fu (beton) &#8211; 600 mm<\/span><\/strong><\/p>\n<p><em>M\u00fc\u015fterinin a\u00e7\u0131k talebi \u00fczerine ankrajlar\u0131 belirtilen ebatta kesiyoruz.<\/em><\/p>\n<p><em>Daha fazla tasar\u0131m \u00f6nerisi i\u00e7in Hammpack Spiral Hammer teknik belgelerine bak\u0131n.<\/em><\/p>\n\t\t\t\t\t\t\t\t<\/div>\n\t\t\t\t<\/div>\n\t\t\t\t\t<\/div>\n\t\t<\/div>\n\t\t\t\t\t<\/div>\n\t\t<\/section>\n\t\t\t\t\t<\/div>\n\t\t<\/div>\n\t\t\t\t\t<\/div>\n\t\t<\/section>\n\t\t\t\t<\/div>\n\t\t","protected":false},"excerpt":{"rendered":"<p>TEKN\u0130K \u00d6ZELL\u0130KLER: Ankraj \u00e7ap\u0131: 8 mm Kesit alan\u0131[mm\u00b2] : 10.00 verim noktas\u0131[MPa] : 388.9 Gerilme direnci[MPa] : 988.7 Mod\u00fcl[GPa] : 163.1 UYGULAMA: tu\u011fla, ta\u015f, betondan yap\u0131lm\u0131\u015f yap\u0131sal duvarlardaki \u00e7atlaklar\u0131n onar\u0131m\u0131 b\u00f6lme duvarlar\u0131n yap\u0131sal olanlarla ba\u011flant\u0131lar\u0131n\u0131n g\u00fc\u00e7lendirilmesi \u00e7at\u0131 katlar\u0131n\u0131n g\u00fc\u00e7lendirilmesi balkon levhalar\u0131n\u0131n g\u00fc\u00e7lendirilmesi lentolar\u0131n, kiri\u015flerin ve tavanlar\u0131n onar\u0131m\u0131 ve g\u00fc\u00e7lendirilmesi ba\u011f\u0131ms\u0131z duvar kaplama katmanlar\u0131n\u0131n sabitlenmesi b\u00fck\u00fclm\u00fc\u015f [&hellip;]<\/p>\n","protected":false},"featured_media":32871,"template":"","meta":{"_acf_changed":false},"product_brand":[],"product_cat":[1364],"product_tag":[],"class_list":{"0":"post-32906","1":"product","2":"type-product","3":"status-publish","4":"has-post-thumbnail","6":"product_cat-spiral-capalar","7":"pa_dlugosc-100m-tr","8":"pa_dlugosc-10m-tr","9":"pa_dlugosc-1m-tr","11":"first","12":"instock","13":"taxable","14":"shipping-taxable","15":"purchasable","16":"product-type-variable"},"acf":[],"yoast_head":"<!-- This site is optimized with the Yoast SEO plugin v27.3 - https:\/\/yoast.com\/product\/yoast-seo-wordpress\/ -->\n<title>Spiral \u00e7apa \u23008 mm l Duvarlardaki \u00e7atlaklar i\u00e7in spiral ankraj<\/title>\n<meta name=\"description\" content=\"Duvar \u00e7atlama \u00e7apa | Spiral \u00e7apa | Duvarlar\u0131n, kolonlar\u0131n, kiri\u015flerin, kiri\u015flerin, d\u00f6\u015femelerin, temellerin ta\u015f\u0131ma kapasitesinin artt\u0131r\u0131lmas\u0131\" \/>\n<meta name=\"robots\" content=\"index, follow, max-snippet:-1, max-image-preview:large, max-video-preview:-1\" \/>\n<link rel=\"canonical\" href=\"https:\/\/www.pakery.pl\/tr\/produkt\/spiral-capa-%e2%8c%808-mm\/\" \/>\n<meta property=\"og:locale\" content=\"tr_TR\" \/>\n<meta property=\"og:type\" content=\"article\" \/>\n<meta property=\"og:title\" content=\"Spiral \u00e7apa \u23008 mm l Duvarlardaki \u00e7atlaklar i\u00e7in spiral ankraj\" \/>\n<meta property=\"og:description\" content=\"Duvar \u00e7atlama \u00e7apa | Spiral \u00e7apa | Duvarlar\u0131n, kolonlar\u0131n, kiri\u015flerin, kiri\u015flerin, d\u00f6\u015femelerin, temellerin ta\u015f\u0131ma kapasitesinin artt\u0131r\u0131lmas\u0131\" \/>\n<meta property=\"og:url\" content=\"https:\/\/www.pakery.pl\/tr\/produkt\/spiral-capa-%e2%8c%808-mm\/\" \/>\n<meta property=\"og:site_name\" content=\"PAKERY.PL\" \/>\n<meta property=\"article:modified_time\" content=\"2021-08-24T05:59:30+00:00\" \/>\n<meta property=\"og:image\" content=\"https:\/\/www.pakery.pl\/wp-content\/uploads\/2021\/05\/kotwy-zbiorcze-1024x1024.png\" \/>\n\t<meta property=\"og:image:width\" content=\"1024\" \/>\n\t<meta property=\"og:image:height\" content=\"1024\" \/>\n\t<meta property=\"og:image:type\" content=\"image\/png\" \/>\n<meta name=\"twitter:card\" content=\"summary_large_image\" \/>\n<meta name=\"twitter:label1\" content=\"Tahmini okuma s\u00fcresi\" \/>\n\t<meta name=\"twitter:data1\" content=\"1 dakika\" \/>\n<script type=\"application\/ld+json\" class=\"yoast-schema-graph\">{\"@context\":\"https:\\\/\\\/schema.org\",\"@graph\":[{\"@type\":\"WebPage\",\"@id\":\"https:\\\/\\\/www.pakery.pl\\\/tr\\\/produkt\\\/spiral-capa-%e2%8c%808-mm\\\/\",\"url\":\"https:\\\/\\\/www.pakery.pl\\\/tr\\\/produkt\\\/spiral-capa-%e2%8c%808-mm\\\/\",\"name\":\"Spiral \u00e7apa \u23008 mm l Duvarlardaki \u00e7atlaklar i\u00e7in spiral ankraj\",\"isPartOf\":{\"@id\":\"https:\\\/\\\/www.pakery.pl\\\/tr\\\/#website\"},\"primaryImageOfPage\":{\"@id\":\"https:\\\/\\\/www.pakery.pl\\\/tr\\\/produkt\\\/spiral-capa-%e2%8c%808-mm\\\/#primaryimage\"},\"image\":{\"@id\":\"https:\\\/\\\/www.pakery.pl\\\/tr\\\/produkt\\\/spiral-capa-%e2%8c%808-mm\\\/#primaryimage\"},\"thumbnailUrl\":\"https:\\\/\\\/www.pakery.pl\\\/wp-content\\\/uploads\\\/2021\\\/05\\\/kotwy-zbiorcze.png\",\"datePublished\":\"2021-08-13T05:01:53+00:00\",\"dateModified\":\"2021-08-24T05:59:30+00:00\",\"description\":\"Duvar \u00e7atlama \u00e7apa | Spiral \u00e7apa | Duvarlar\u0131n, kolonlar\u0131n, kiri\u015flerin, kiri\u015flerin, d\u00f6\u015femelerin, temellerin ta\u015f\u0131ma kapasitesinin artt\u0131r\u0131lmas\u0131\",\"breadcrumb\":{\"@id\":\"https:\\\/\\\/www.pakery.pl\\\/tr\\\/produkt\\\/spiral-capa-%e2%8c%808-mm\\\/#breadcrumb\"},\"inLanguage\":\"tr\",\"potentialAction\":[{\"@type\":\"ReadAction\",\"target\":[\"https:\\\/\\\/www.pakery.pl\\\/tr\\\/produkt\\\/spiral-capa-%e2%8c%808-mm\\\/\"]}]},{\"@type\":\"ImageObject\",\"inLanguage\":\"tr\",\"@id\":\"https:\\\/\\\/www.pakery.pl\\\/tr\\\/produkt\\\/spiral-capa-%e2%8c%808-mm\\\/#primaryimage\",\"url\":\"https:\\\/\\\/www.pakery.pl\\\/wp-content\\\/uploads\\\/2021\\\/05\\\/kotwy-zbiorcze.png\",\"contentUrl\":\"https:\\\/\\\/www.pakery.pl\\\/wp-content\\\/uploads\\\/2021\\\/05\\\/kotwy-zbiorcze.png\",\"width\":2500,\"height\":2500},{\"@type\":\"BreadcrumbList\",\"@id\":\"https:\\\/\\\/www.pakery.pl\\\/tr\\\/produkt\\\/spiral-capa-%e2%8c%808-mm\\\/#breadcrumb\",\"itemListElement\":[{\"@type\":\"ListItem\",\"position\":1,\"name\":\"Strona g\u0142\u00f3wna\",\"item\":\"https:\\\/\\\/www.pakery.pl\\\/tr\\\/\"},{\"@type\":\"ListItem\",\"position\":2,\"name\":\"Ma\u011faza\",\"item\":\"https:\\\/\\\/www.pakery.pl\\\/tr\\\/magaza\\\/\"},{\"@type\":\"ListItem\",\"position\":3,\"name\":\"Spiral \u00e7apa \u23008 mm\"}]},{\"@type\":\"WebSite\",\"@id\":\"https:\\\/\\\/www.pakery.pl\\\/tr\\\/#website\",\"url\":\"https:\\\/\\\/www.pakery.pl\\\/tr\\\/\",\"name\":\"Pakery.pl\",\"description\":\"Pakery iniekcyjne, Kotwy spiralne, Lance iniekcyjne, W\u0119\u017ce do iniekcji, Pompy iniekcyjne, Serwis pomp iniekcyjnych, Wynajem pomp do iniekcji\",\"publisher\":{\"@id\":\"https:\\\/\\\/www.pakery.pl\\\/tr\\\/#organization\"},\"potentialAction\":[{\"@type\":\"SearchAction\",\"target\":{\"@type\":\"EntryPoint\",\"urlTemplate\":\"https:\\\/\\\/www.pakery.pl\\\/tr\\\/?s={search_term_string}\"},\"query-input\":{\"@type\":\"PropertyValueSpecification\",\"valueRequired\":true,\"valueName\":\"search_term_string\"}}],\"inLanguage\":\"tr\"},{\"@type\":\"Organization\",\"@id\":\"https:\\\/\\\/www.pakery.pl\\\/tr\\\/#organization\",\"name\":\"PAKERY.PL\",\"url\":\"https:\\\/\\\/www.pakery.pl\\\/tr\\\/\",\"logo\":{\"@type\":\"ImageObject\",\"inLanguage\":\"tr\",\"@id\":\"https:\\\/\\\/www.pakery.pl\\\/tr\\\/#\\\/schema\\\/logo\\\/image\\\/\",\"url\":\"https:\\\/\\\/www.pakery.pl\\\/wp-content\\\/uploads\\\/2021\\\/04\\\/cropped-PAKERY-LOGO.png\",\"contentUrl\":\"https:\\\/\\\/www.pakery.pl\\\/wp-content\\\/uploads\\\/2021\\\/04\\\/cropped-PAKERY-LOGO.png\",\"width\":1529,\"height\":500,\"caption\":\"PAKERY.PL\"},\"image\":{\"@id\":\"https:\\\/\\\/www.pakery.pl\\\/tr\\\/#\\\/schema\\\/logo\\\/image\\\/\"}}]}<\/script>\n<!-- \/ Yoast SEO plugin. -->","yoast_head_json":{"title":"Spiral \u00e7apa \u23008 mm l Duvarlardaki \u00e7atlaklar i\u00e7in spiral ankraj","description":"Duvar \u00e7atlama \u00e7apa | Spiral \u00e7apa | Duvarlar\u0131n, kolonlar\u0131n, kiri\u015flerin, kiri\u015flerin, d\u00f6\u015femelerin, temellerin ta\u015f\u0131ma kapasitesinin artt\u0131r\u0131lmas\u0131","robots":{"index":"index","follow":"follow","max-snippet":"max-snippet:-1","max-image-preview":"max-image-preview:large","max-video-preview":"max-video-preview:-1"},"canonical":"https:\/\/www.pakery.pl\/tr\/produkt\/spiral-capa-%e2%8c%808-mm\/","og_locale":"tr_TR","og_type":"article","og_title":"Spiral \u00e7apa \u23008 mm l Duvarlardaki \u00e7atlaklar i\u00e7in spiral ankraj","og_description":"Duvar \u00e7atlama \u00e7apa | Spiral \u00e7apa | Duvarlar\u0131n, kolonlar\u0131n, kiri\u015flerin, kiri\u015flerin, d\u00f6\u015femelerin, temellerin ta\u015f\u0131ma kapasitesinin artt\u0131r\u0131lmas\u0131","og_url":"https:\/\/www.pakery.pl\/tr\/produkt\/spiral-capa-%e2%8c%808-mm\/","og_site_name":"PAKERY.PL","article_modified_time":"2021-08-24T05:59:30+00:00","og_image":[{"width":1024,"height":1024,"url":"https:\/\/www.pakery.pl\/wp-content\/uploads\/2021\/05\/kotwy-zbiorcze-1024x1024.png","type":"image\/png"}],"twitter_card":"summary_large_image","twitter_misc":{"Tahmini okuma s\u00fcresi":"1 dakika"},"schema":{"@context":"https:\/\/schema.org","@graph":[{"@type":"WebPage","@id":"https:\/\/www.pakery.pl\/tr\/produkt\/spiral-capa-%e2%8c%808-mm\/","url":"https:\/\/www.pakery.pl\/tr\/produkt\/spiral-capa-%e2%8c%808-mm\/","name":"Spiral \u00e7apa \u23008 mm l Duvarlardaki \u00e7atlaklar i\u00e7in spiral ankraj","isPartOf":{"@id":"https:\/\/www.pakery.pl\/tr\/#website"},"primaryImageOfPage":{"@id":"https:\/\/www.pakery.pl\/tr\/produkt\/spiral-capa-%e2%8c%808-mm\/#primaryimage"},"image":{"@id":"https:\/\/www.pakery.pl\/tr\/produkt\/spiral-capa-%e2%8c%808-mm\/#primaryimage"},"thumbnailUrl":"https:\/\/www.pakery.pl\/wp-content\/uploads\/2021\/05\/kotwy-zbiorcze.png","datePublished":"2021-08-13T05:01:53+00:00","dateModified":"2021-08-24T05:59:30+00:00","description":"Duvar \u00e7atlama \u00e7apa | Spiral \u00e7apa | Duvarlar\u0131n, kolonlar\u0131n, kiri\u015flerin, kiri\u015flerin, d\u00f6\u015femelerin, temellerin ta\u015f\u0131ma kapasitesinin artt\u0131r\u0131lmas\u0131","breadcrumb":{"@id":"https:\/\/www.pakery.pl\/tr\/produkt\/spiral-capa-%e2%8c%808-mm\/#breadcrumb"},"inLanguage":"tr","potentialAction":[{"@type":"ReadAction","target":["https:\/\/www.pakery.pl\/tr\/produkt\/spiral-capa-%e2%8c%808-mm\/"]}]},{"@type":"ImageObject","inLanguage":"tr","@id":"https:\/\/www.pakery.pl\/tr\/produkt\/spiral-capa-%e2%8c%808-mm\/#primaryimage","url":"https:\/\/www.pakery.pl\/wp-content\/uploads\/2021\/05\/kotwy-zbiorcze.png","contentUrl":"https:\/\/www.pakery.pl\/wp-content\/uploads\/2021\/05\/kotwy-zbiorcze.png","width":2500,"height":2500},{"@type":"BreadcrumbList","@id":"https:\/\/www.pakery.pl\/tr\/produkt\/spiral-capa-%e2%8c%808-mm\/#breadcrumb","itemListElement":[{"@type":"ListItem","position":1,"name":"Strona g\u0142\u00f3wna","item":"https:\/\/www.pakery.pl\/tr\/"},{"@type":"ListItem","position":2,"name":"Ma\u011faza","item":"https:\/\/www.pakery.pl\/tr\/magaza\/"},{"@type":"ListItem","position":3,"name":"Spiral \u00e7apa \u23008 mm"}]},{"@type":"WebSite","@id":"https:\/\/www.pakery.pl\/tr\/#website","url":"https:\/\/www.pakery.pl\/tr\/","name":"Pakery.pl","description":"Pakery iniekcyjne, Kotwy spiralne, Lance iniekcyjne, W\u0119\u017ce do iniekcji, Pompy iniekcyjne, Serwis pomp iniekcyjnych, Wynajem pomp do iniekcji","publisher":{"@id":"https:\/\/www.pakery.pl\/tr\/#organization"},"potentialAction":[{"@type":"SearchAction","target":{"@type":"EntryPoint","urlTemplate":"https:\/\/www.pakery.pl\/tr\/?s={search_term_string}"},"query-input":{"@type":"PropertyValueSpecification","valueRequired":true,"valueName":"search_term_string"}}],"inLanguage":"tr"},{"@type":"Organization","@id":"https:\/\/www.pakery.pl\/tr\/#organization","name":"PAKERY.PL","url":"https:\/\/www.pakery.pl\/tr\/","logo":{"@type":"ImageObject","inLanguage":"tr","@id":"https:\/\/www.pakery.pl\/tr\/#\/schema\/logo\/image\/","url":"https:\/\/www.pakery.pl\/wp-content\/uploads\/2021\/04\/cropped-PAKERY-LOGO.png","contentUrl":"https:\/\/www.pakery.pl\/wp-content\/uploads\/2021\/04\/cropped-PAKERY-LOGO.png","width":1529,"height":500,"caption":"PAKERY.PL"},"image":{"@id":"https:\/\/www.pakery.pl\/tr\/#\/schema\/logo\/image\/"}}]}},"_links":{"self":[{"href":"https:\/\/www.pakery.pl\/tr\/wp-json\/wp\/v2\/product\/32906","targetHints":{"allow":["GET"]}}],"collection":[{"href":"https:\/\/www.pakery.pl\/tr\/wp-json\/wp\/v2\/product"}],"about":[{"href":"https:\/\/www.pakery.pl\/tr\/wp-json\/wp\/v2\/types\/product"}],"version-history":[{"count":5,"href":"https:\/\/www.pakery.pl\/tr\/wp-json\/wp\/v2\/product\/32906\/revisions"}],"predecessor-version":[{"id":36458,"href":"https:\/\/www.pakery.pl\/tr\/wp-json\/wp\/v2\/product\/32906\/revisions\/36458"}],"wp:featuredmedia":[{"embeddable":true,"href":"https:\/\/www.pakery.pl\/tr\/wp-json\/wp\/v2\/media\/32871"}],"wp:attachment":[{"href":"https:\/\/www.pakery.pl\/tr\/wp-json\/wp\/v2\/media?parent=32906"}],"wp:term":[{"taxonomy":"product_brand","embeddable":true,"href":"https:\/\/www.pakery.pl\/tr\/wp-json\/wp\/v2\/product_brand?post=32906"},{"taxonomy":"product_cat","embeddable":true,"href":"https:\/\/www.pakery.pl\/tr\/wp-json\/wp\/v2\/product_cat?post=32906"},{"taxonomy":"product_tag","embeddable":true,"href":"https:\/\/www.pakery.pl\/tr\/wp-json\/wp\/v2\/product_tag?post=32906"}],"curies":[{"name":"wp","href":"https:\/\/api.w.org\/{rel}","templated":true}]}}