{"id":32750,"date":"2021-08-13T06:58:41","date_gmt":"2021-08-13T04:58:41","guid":{"rendered":"https:\/\/www.pakery.pl\/kayit\/"},"modified":"2021-08-13T07:48:31","modified_gmt":"2021-08-13T05:48:31","slug":"kayit","status":"publish","type":"page","link":"https:\/\/www.pakery.pl\/tr\/kayit\/","title":{"rendered":"Kay\u0131t"},"content":{"rendered":"\t\t<div data-elementor-type=\"wp-page\" data-elementor-id=\"32750\" class=\"elementor elementor-32750 elementor-1271\" data-elementor-post-type=\"page\">\n\t\t\t\t\t\t<section class=\"elementor-section elementor-top-section elementor-element elementor-element-06f1593 elementor-section-boxed elementor-section-height-default elementor-section-height-default\" data-id=\"06f1593\" data-element_type=\"section\" data-e-type=\"section\">\n\t\t\t\t\t\t<div class=\"elementor-container elementor-column-gap-default\">\n\t\t\t\t\t<div class=\"elementor-column elementor-col-100 elementor-top-column elementor-element elementor-element-cfbb1e7\" data-id=\"cfbb1e7\" data-element_type=\"column\" data-e-type=\"column\">\n\t\t\t<div class=\"elementor-widget-wrap elementor-element-populated\">\n\t\t\t\t\t\t<div class=\"elementor-element elementor-element-2b129a7 elementor-widget elementor-widget-text-editor\" data-id=\"2b129a7\" data-element_type=\"widget\" data-e-type=\"widget\" data-widget_type=\"text-editor.default\">\n\t\t\t\t<div class=\"elementor-widget-container\">\n\t\t\t\t\t\t\t\t\t<p style=\"text-align: center;\"><span style=\"color: #000000;\">Bayanlar ve Baylar ! Toptan sipari\u015f vermek i\u00e7in l\u00fctfen kay\u0131t formunu doldurunuz. Perakende miktarlarda sat\u0131n almak i\u00e7in \u00fcr\u00fcnler ar\u0131yorsan\u0131z (<b><i> kay\u0131t olmadan)<\/i><\/b> l\u00fctfen ma\u011fazay\u0131 ziyaret edin<span style=\"text-decoration: underline;\"><a style=\"color: #000000; text-decoration: underline;\" href=\"https:\/\/iniekcjebudowlane.pl\/\"> INIEKCJEBUDOWLANE.PL<\/a><\/span><\/span><\/p>\n<p style=\"text-align: center;\"><span style=\"color: #000000;\">B2B platformunda PAKERY.PL Y\u00fcklenicisi olun. Yeni \u00fcr\u00fcnler, fiyatlar ve g\u00fcn\u00fcn 24 saati sipari\u015f hakk\u0131nda bilgi edinin<\/span><\/p>\n<p style=\"text-align: center;\"><span style=\"color: #000000;\">Yaln\u0131zca giri\u015fimciler ve \u015firketler platformun kullan\u0131c\u0131s\u0131 olabilir<span class=\"Apple-converted-space\"> <\/span><\/span><\/p>\n<p style=\"text-align: center;\"><span style=\"color: #000000;\">Kay\u0131t olmak i\u00e7in l\u00fctfen a\u015fa\u011f\u0131daki alanlar\u0131 doldurun:<\/span><\/p>\n\t\t\t\t\t\t\t\t<\/div>\n\t\t\t\t<\/div>\n\t\t\t\t\t<\/div>\n\t\t<\/div>\n\t\t\t\t\t<\/div>\n\t\t<\/section>\n\t\t\t\t<section class=\"elementor-section elementor-top-section elementor-element elementor-element-d91d0e4 elementor-section-boxed elementor-section-height-default elementor-section-height-default\" data-id=\"d91d0e4\" data-element_type=\"section\" data-e-type=\"section\">\n\t\t\t\t\t\t<div class=\"elementor-container elementor-column-gap-default\">\n\t\t\t\t\t<div class=\"elementor-column elementor-col-100 elementor-top-column elementor-element elementor-element-c0bf998\" data-id=\"c0bf998\" data-element_type=\"column\" data-e-type=\"column\">\n\t\t\t<div class=\"elementor-widget-wrap elementor-element-populated\">\n\t\t\t\t\t\t<section class=\"elementor-section elementor-inner-section elementor-element elementor-element-fffb09c elementor-section-boxed elementor-section-height-default elementor-section-height-default\" data-id=\"fffb09c\" data-element_type=\"section\" data-e-type=\"section\">\n\t\t\t\t\t\t<div class=\"elementor-container elementor-column-gap-default\">\n\t\t\t\t\t<div class=\"elementor-column elementor-col-100 elementor-inner-column elementor-element elementor-element-186a892\" data-id=\"186a892\" data-element_type=\"column\" data-e-type=\"column\">\n\t\t\t<div class=\"elementor-widget-wrap elementor-element-populated\">\n\t\t\t\t\t\t<div class=\"elementor-element elementor-element-870a454 responsive-iframe elementor-widget elementor-widget-html\" data-id=\"870a454\" data-element_type=\"widget\" data-e-type=\"widget\" data-widget_type=\"html.default\">\n\t\t\t\t<div class=\"elementor-widget-container\">\n\t\t\t\t\t  <iframe class=\"responsive-iframe\" src=\"https:\/\/docs.google.com\/forms\/d\/e\/1FAIpQLScT3KfAkQMfterHbbkCMFbiofJqGWi5Lx55gjs1Mr4BQ1_pGw\/viewform\"><\/iframe>\t\t\t\t<\/div>\n\t\t\t\t<\/div>\n\t\t\t\t\t<\/div>\n\t\t<\/div>\n\t\t\t\t\t<\/div>\n\t\t<\/section>\n\t\t\t\t\t<\/div>\n\t\t<\/div>\n\t\t\t\t\t<\/div>\n\t\t<\/section>\n\t\t\t\t<\/div>\n\t\t","protected":false},"excerpt":{"rendered":"<p>Bayanlar ve Baylar ! Toptan sipari\u015f vermek i\u00e7in l\u00fctfen kay\u0131t formunu doldurunuz. Perakende miktarlarda sat\u0131n almak i\u00e7in \u00fcr\u00fcnler ar\u0131yorsan\u0131z ( kay\u0131t olmadan) l\u00fctfen ma\u011fazay\u0131 ziyaret edin INIEKCJEBUDOWLANE.PL B2B platformunda PAKERY.PL Y\u00fcklenicisi olun. Yeni \u00fcr\u00fcnler, fiyatlar ve g\u00fcn\u00fcn 24 saati sipari\u015f hakk\u0131nda bilgi edinin Yaln\u0131zca giri\u015fimciler ve \u015firketler platformun kullan\u0131c\u0131s\u0131 olabilir Kay\u0131t olmak i\u00e7in l\u00fctfen a\u015fa\u011f\u0131daki [&hellip;]<\/p>\n","protected":false},"author":1,"featured_media":0,"parent":0,"menu_order":0,"comment_status":"closed","ping_status":"closed","template":"","meta":{"_acf_changed":false,"footnotes":""},"class_list":["post-32750","page","type-page","status-publish","hentry"],"acf":[],"yoast_head":"<!-- This site is optimized with the Yoast SEO plugin v27.3 - https:\/\/yoast.com\/product\/yoast-seo-wordpress\/ -->\n<title>Kay\u0131t - PAKERY.PL<\/title>\n<meta name=\"robots\" content=\"index, follow, max-snippet:-1, max-image-preview:large, max-video-preview:-1\" \/>\n<link rel=\"canonical\" href=\"https:\/\/www.pakery.pl\/tr\/kayit\/\" \/>\n<meta property=\"og:locale\" content=\"tr_TR\" \/>\n<meta property=\"og:type\" content=\"article\" \/>\n<meta property=\"og:title\" content=\"Kay\u0131t - PAKERY.PL\" \/>\n<meta property=\"og:description\" content=\"Bayanlar ve Baylar ! Toptan sipari\u015f vermek i\u00e7in l\u00fctfen kay\u0131t formunu doldurunuz. Perakende miktarlarda sat\u0131n almak i\u00e7in \u00fcr\u00fcnler ar\u0131yorsan\u0131z ( kay\u0131t olmadan) l\u00fctfen ma\u011fazay\u0131 ziyaret edin INIEKCJEBUDOWLANE.PL B2B platformunda PAKERY.PL Y\u00fcklenicisi olun. Yeni \u00fcr\u00fcnler, fiyatlar ve g\u00fcn\u00fcn 24 saati sipari\u015f hakk\u0131nda bilgi edinin Yaln\u0131zca giri\u015fimciler ve \u015firketler platformun kullan\u0131c\u0131s\u0131 olabilir Kay\u0131t olmak i\u00e7in l\u00fctfen a\u015fa\u011f\u0131daki [&hellip;]\" \/>\n<meta property=\"og:url\" content=\"https:\/\/www.pakery.pl\/tr\/kayit\/\" \/>\n<meta property=\"og:site_name\" content=\"PAKERY.PL\" \/>\n<meta property=\"article:modified_time\" content=\"2021-08-13T05:48:31+00:00\" \/>\n<meta name=\"twitter:card\" content=\"summary_large_image\" \/>\n<meta name=\"twitter:label1\" content=\"Tahmini okuma s\u00fcresi\" \/>\n\t<meta name=\"twitter:data1\" content=\"1 dakika\" \/>\n<script type=\"application\/ld+json\" class=\"yoast-schema-graph\">{\"@context\":\"https:\\\/\\\/schema.org\",\"@graph\":[{\"@type\":\"WebPage\",\"@id\":\"https:\\\/\\\/www.pakery.pl\\\/tr\\\/kayit\\\/\",\"url\":\"https:\\\/\\\/www.pakery.pl\\\/tr\\\/kayit\\\/\",\"name\":\"Kay\u0131t - PAKERY.PL\",\"isPartOf\":{\"@id\":\"https:\\\/\\\/www.pakery.pl\\\/tr\\\/#website\"},\"datePublished\":\"2021-08-13T04:58:41+00:00\",\"dateModified\":\"2021-08-13T05:48:31+00:00\",\"breadcrumb\":{\"@id\":\"https:\\\/\\\/www.pakery.pl\\\/tr\\\/kayit\\\/#breadcrumb\"},\"inLanguage\":\"tr\",\"potentialAction\":[{\"@type\":\"ReadAction\",\"target\":[\"https:\\\/\\\/www.pakery.pl\\\/tr\\\/kayit\\\/\"]}]},{\"@type\":\"BreadcrumbList\",\"@id\":\"https:\\\/\\\/www.pakery.pl\\\/tr\\\/kayit\\\/#breadcrumb\",\"itemListElement\":[{\"@type\":\"ListItem\",\"position\":1,\"name\":\"Strona g\u0142\u00f3wna\",\"item\":\"https:\\\/\\\/www.pakery.pl\\\/tr\\\/\"},{\"@type\":\"ListItem\",\"position\":2,\"name\":\"Kay\u0131t\"}]},{\"@type\":\"WebSite\",\"@id\":\"https:\\\/\\\/www.pakery.pl\\\/tr\\\/#website\",\"url\":\"https:\\\/\\\/www.pakery.pl\\\/tr\\\/\",\"name\":\"Pakery.pl\",\"description\":\"Pakery iniekcyjne, Kotwy spiralne, Lance iniekcyjne, W\u0119\u017ce do iniekcji, Pompy iniekcyjne, Serwis pomp iniekcyjnych, Wynajem pomp do iniekcji\",\"publisher\":{\"@id\":\"https:\\\/\\\/www.pakery.pl\\\/tr\\\/#organization\"},\"potentialAction\":[{\"@type\":\"SearchAction\",\"target\":{\"@type\":\"EntryPoint\",\"urlTemplate\":\"https:\\\/\\\/www.pakery.pl\\\/tr\\\/?s={search_term_string}\"},\"query-input\":{\"@type\":\"PropertyValueSpecification\",\"valueRequired\":true,\"valueName\":\"search_term_string\"}}],\"inLanguage\":\"tr\"},{\"@type\":\"Organization\",\"@id\":\"https:\\\/\\\/www.pakery.pl\\\/tr\\\/#organization\",\"name\":\"PAKERY.PL\",\"url\":\"https:\\\/\\\/www.pakery.pl\\\/tr\\\/\",\"logo\":{\"@type\":\"ImageObject\",\"inLanguage\":\"tr\",\"@id\":\"https:\\\/\\\/www.pakery.pl\\\/tr\\\/#\\\/schema\\\/logo\\\/image\\\/\",\"url\":\"https:\\\/\\\/www.pakery.pl\\\/wp-content\\\/uploads\\\/2021\\\/04\\\/cropped-PAKERY-LOGO.png\",\"contentUrl\":\"https:\\\/\\\/www.pakery.pl\\\/wp-content\\\/uploads\\\/2021\\\/04\\\/cropped-PAKERY-LOGO.png\",\"width\":1529,\"height\":500,\"caption\":\"PAKERY.PL\"},\"image\":{\"@id\":\"https:\\\/\\\/www.pakery.pl\\\/tr\\\/#\\\/schema\\\/logo\\\/image\\\/\"}}]}<\/script>\n<!-- \/ Yoast SEO plugin. -->","yoast_head_json":{"title":"Kay\u0131t - PAKERY.PL","robots":{"index":"index","follow":"follow","max-snippet":"max-snippet:-1","max-image-preview":"max-image-preview:large","max-video-preview":"max-video-preview:-1"},"canonical":"https:\/\/www.pakery.pl\/tr\/kayit\/","og_locale":"tr_TR","og_type":"article","og_title":"Kay\u0131t - PAKERY.PL","og_description":"Bayanlar ve Baylar ! Toptan sipari\u015f vermek i\u00e7in l\u00fctfen kay\u0131t formunu doldurunuz. Perakende miktarlarda sat\u0131n almak i\u00e7in \u00fcr\u00fcnler ar\u0131yorsan\u0131z ( kay\u0131t olmadan) l\u00fctfen ma\u011fazay\u0131 ziyaret edin INIEKCJEBUDOWLANE.PL B2B platformunda PAKERY.PL Y\u00fcklenicisi olun. Yeni \u00fcr\u00fcnler, fiyatlar ve g\u00fcn\u00fcn 24 saati sipari\u015f hakk\u0131nda bilgi edinin Yaln\u0131zca giri\u015fimciler ve \u015firketler platformun kullan\u0131c\u0131s\u0131 olabilir Kay\u0131t olmak i\u00e7in l\u00fctfen a\u015fa\u011f\u0131daki [&hellip;]","og_url":"https:\/\/www.pakery.pl\/tr\/kayit\/","og_site_name":"PAKERY.PL","article_modified_time":"2021-08-13T05:48:31+00:00","twitter_card":"summary_large_image","twitter_misc":{"Tahmini okuma s\u00fcresi":"1 dakika"},"schema":{"@context":"https:\/\/schema.org","@graph":[{"@type":"WebPage","@id":"https:\/\/www.pakery.pl\/tr\/kayit\/","url":"https:\/\/www.pakery.pl\/tr\/kayit\/","name":"Kay\u0131t - PAKERY.PL","isPartOf":{"@id":"https:\/\/www.pakery.pl\/tr\/#website"},"datePublished":"2021-08-13T04:58:41+00:00","dateModified":"2021-08-13T05:48:31+00:00","breadcrumb":{"@id":"https:\/\/www.pakery.pl\/tr\/kayit\/#breadcrumb"},"inLanguage":"tr","potentialAction":[{"@type":"ReadAction","target":["https:\/\/www.pakery.pl\/tr\/kayit\/"]}]},{"@type":"BreadcrumbList","@id":"https:\/\/www.pakery.pl\/tr\/kayit\/#breadcrumb","itemListElement":[{"@type":"ListItem","position":1,"name":"Strona g\u0142\u00f3wna","item":"https:\/\/www.pakery.pl\/tr\/"},{"@type":"ListItem","position":2,"name":"Kay\u0131t"}]},{"@type":"WebSite","@id":"https:\/\/www.pakery.pl\/tr\/#website","url":"https:\/\/www.pakery.pl\/tr\/","name":"Pakery.pl","description":"Pakery iniekcyjne, Kotwy spiralne, Lance iniekcyjne, W\u0119\u017ce do iniekcji, Pompy iniekcyjne, Serwis pomp iniekcyjnych, Wynajem pomp do iniekcji","publisher":{"@id":"https:\/\/www.pakery.pl\/tr\/#organization"},"potentialAction":[{"@type":"SearchAction","target":{"@type":"EntryPoint","urlTemplate":"https:\/\/www.pakery.pl\/tr\/?s={search_term_string}"},"query-input":{"@type":"PropertyValueSpecification","valueRequired":true,"valueName":"search_term_string"}}],"inLanguage":"tr"},{"@type":"Organization","@id":"https:\/\/www.pakery.pl\/tr\/#organization","name":"PAKERY.PL","url":"https:\/\/www.pakery.pl\/tr\/","logo":{"@type":"ImageObject","inLanguage":"tr","@id":"https:\/\/www.pakery.pl\/tr\/#\/schema\/logo\/image\/","url":"https:\/\/www.pakery.pl\/wp-content\/uploads\/2021\/04\/cropped-PAKERY-LOGO.png","contentUrl":"https:\/\/www.pakery.pl\/wp-content\/uploads\/2021\/04\/cropped-PAKERY-LOGO.png","width":1529,"height":500,"caption":"PAKERY.PL"},"image":{"@id":"https:\/\/www.pakery.pl\/tr\/#\/schema\/logo\/image\/"}}]}},"_links":{"self":[{"href":"https:\/\/www.pakery.pl\/tr\/wp-json\/wp\/v2\/pages\/32750","targetHints":{"allow":["GET"]}}],"collection":[{"href":"https:\/\/www.pakery.pl\/tr\/wp-json\/wp\/v2\/pages"}],"about":[{"href":"https:\/\/www.pakery.pl\/tr\/wp-json\/wp\/v2\/types\/page"}],"author":[{"embeddable":true,"href":"https:\/\/www.pakery.pl\/tr\/wp-json\/wp\/v2\/users\/1"}],"replies":[{"embeddable":true,"href":"https:\/\/www.pakery.pl\/tr\/wp-json\/wp\/v2\/comments?post=32750"}],"version-history":[{"count":5,"href":"https:\/\/www.pakery.pl\/tr\/wp-json\/wp\/v2\/pages\/32750\/revisions"}],"predecessor-version":[{"id":34200,"href":"https:\/\/www.pakery.pl\/tr\/wp-json\/wp\/v2\/pages\/32750\/revisions\/34200"}],"wp:attachment":[{"href":"https:\/\/www.pakery.pl\/tr\/wp-json\/wp\/v2\/media?parent=32750"}],"curies":[{"name":"wp","href":"https:\/\/api.w.org\/{rel}","templated":true}]}}