{"id":32598,"date":"2021-08-13T06:56:24","date_gmt":"2021-08-13T04:56:24","guid":{"rendered":"https:\/\/www.pakery.pl\/hakkimizda\/"},"modified":"2021-10-14T10:56:37","modified_gmt":"2021-10-14T08:56:37","slug":"hakkimizda","status":"publish","type":"page","link":"https:\/\/www.pakery.pl\/tr\/hakkimizda\/","title":{"rendered":"Hakk\u0131m\u0131zda"},"content":{"rendered":"\t\t<div data-elementor-type=\"wp-page\" data-elementor-id=\"32598\" class=\"elementor elementor-32598 elementor-33\" data-elementor-post-type=\"page\">\n\t\t\t\t\t\t<section class=\"elementor-section elementor-top-section elementor-element elementor-element-78aa48a elementor-section-boxed elementor-section-height-default elementor-section-height-default\" data-id=\"78aa48a\" data-element_type=\"section\" data-e-type=\"section\">\n\t\t\t\t\t\t<div class=\"elementor-container elementor-column-gap-default\">\n\t\t\t\t\t<div class=\"elementor-column elementor-col-100 elementor-top-column elementor-element elementor-element-e1039cb\" data-id=\"e1039cb\" data-element_type=\"column\" data-e-type=\"column\">\n\t\t\t<div class=\"elementor-widget-wrap elementor-element-populated\">\n\t\t\t\t\t\t<section class=\"elementor-section elementor-inner-section elementor-element elementor-element-55e95fa elementor-section-boxed elementor-section-height-default elementor-section-height-default\" data-id=\"55e95fa\" data-element_type=\"section\" data-e-type=\"section\">\n\t\t\t\t\t\t<div class=\"elementor-container elementor-column-gap-default\">\n\t\t\t\t\t<div class=\"elementor-column elementor-col-50 elementor-inner-column elementor-element elementor-element-974093a\" data-id=\"974093a\" data-element_type=\"column\" data-e-type=\"column\">\n\t\t\t<div class=\"elementor-widget-wrap elementor-element-populated\">\n\t\t\t\t\t\t<div class=\"elementor-element elementor-element-f8778c7 elementor-widget elementor-widget-video\" data-id=\"f8778c7\" data-element_type=\"widget\" data-e-type=\"widget\" data-settings=\"{&quot;video_type&quot;:&quot;hosted&quot;,&quot;autoplay&quot;:&quot;yes&quot;,&quot;play_on_mobile&quot;:&quot;yes&quot;,&quot;mute&quot;:&quot;yes&quot;,&quot;loop&quot;:&quot;yes&quot;}\" data-widget_type=\"video.default\">\n\t\t\t\t<div class=\"elementor-widget-container\">\n\t\t\t\t\t\t\t<div class=\"e-hosted-video elementor-wrapper elementor-open-inline\">\n\t\t\t\t\t<video class=\"elementor-video\" src=\"https:\/\/www.pakery.pl\/wp-content\/uploads\/2021\/05\/2N6A3256.mp4\" autoplay=\"\" loop=\"\" muted=\"muted\" playsinline=\"\" controlsList=\"nodownload\"><\/video>\n\t\t\t\t<\/div>\n\t\t\t\t\t\t<\/div>\n\t\t\t\t<\/div>\n\t\t\t\t\t<\/div>\n\t\t<\/div>\n\t\t\t\t<div class=\"elementor-column elementor-col-50 elementor-inner-column elementor-element elementor-element-8675d35\" data-id=\"8675d35\" data-element_type=\"column\" data-e-type=\"column\">\n\t\t\t<div class=\"elementor-widget-wrap elementor-element-populated\">\n\t\t\t\t\t\t<div class=\"elementor-element elementor-element-43860b0 elementor-widget elementor-widget-text-editor\" data-id=\"43860b0\" data-element_type=\"widget\" data-e-type=\"widget\" data-widget_type=\"text-editor.default\">\n\t\t\t\t<div class=\"elementor-widget-container\">\n\t\t\t\t\t\t\t\t\t<h2 style=\"text-align: center;\"><span style=\"color: #000000;\"><strong> <\/strong><\/span><\/h2>\n<h2 style=\"text-align: center;\"><span style=\"color: #000000;\"><strong style=\"font-family: inherit; font-size: 2rem;\"> <\/strong><\/span><\/h2>\n<h2 style=\"text-align: center;\"><span style=\"color: #000000;\"><strong style=\"font-family: inherit; font-size: 2rem;\">PAKERY.PL FELSEFES\u0130<\/strong><\/span><\/h2>\n<div><span style=\"color: #000000;\"><strong style=\"font-family: inherit; font-size: 2rem;\"> <\/strong><\/span><\/div>\n<p style=\"text-align: center;\"><span style=\"color: #000000;\"><span style=\"caret-color: #333333; font-family: 'Open Sans', Arial, sans-serif; font-size: 20px;\">Ba\u015far\u0131, \u00f6ncelikle m\u00fc\u015fterilerin g\u00fcveni ve memnuniyeti \u00fczerine in\u015fa edilmelidir. Onlar\u0131n yorumlar\u0131n\u0131 dinlemeli ve \u00fcr\u00fcnleri s\u00fcrekli geli\u015ftirmelisiniz.<\/span><strong><br \/><\/strong><\/span><\/p>\n\t\t\t\t\t\t\t\t<\/div>\n\t\t\t\t<\/div>\n\t\t\t\t\t<\/div>\n\t\t<\/div>\n\t\t\t\t\t<\/div>\n\t\t<\/section>\n\t\t\t\t\t<\/div>\n\t\t<\/div>\n\t\t\t\t\t<\/div>\n\t\t<\/section>\n\t\t\t\t<section class=\"elementor-section elementor-top-section elementor-element elementor-element-8b13b9a elementor-section-boxed elementor-section-height-default elementor-section-height-default\" data-id=\"8b13b9a\" data-element_type=\"section\" data-e-type=\"section\">\n\t\t\t\t\t\t<div class=\"elementor-container elementor-column-gap-default\">\n\t\t\t\t\t<div class=\"elementor-column elementor-col-100 elementor-top-column elementor-element elementor-element-7746aa3\" data-id=\"7746aa3\" data-element_type=\"column\" data-e-type=\"column\">\n\t\t\t<div class=\"elementor-widget-wrap elementor-element-populated\">\n\t\t\t\t\t\t<section class=\"elementor-section elementor-inner-section elementor-element elementor-element-4f0e2cf elementor-section-full_width elementor-section-height-default elementor-section-height-default\" data-id=\"4f0e2cf\" data-element_type=\"section\" data-e-type=\"section\">\n\t\t\t\t\t\t<div class=\"elementor-container elementor-column-gap-default\">\n\t\t\t\t\t<div class=\"elementor-column elementor-col-25 elementor-inner-column elementor-element elementor-element-f7516d1\" data-id=\"f7516d1\" data-element_type=\"column\" data-e-type=\"column\">\n\t\t\t<div class=\"elementor-widget-wrap elementor-element-populated\">\n\t\t\t\t\t\t<div class=\"elementor-element elementor-element-f3c97f7 elementor-view-default elementor-widget elementor-widget-icon\" data-id=\"f3c97f7\" data-element_type=\"widget\" data-e-type=\"widget\" data-widget_type=\"icon.default\">\n\t\t\t\t<div class=\"elementor-widget-container\">\n\t\t\t\t\t\t\t<div class=\"elementor-icon-wrapper\">\n\t\t\t<div class=\"elementor-icon\">\n\t\t\t<i aria-hidden=\"true\" class=\"fas fa-star\"><\/i>\t\t\t<\/div>\n\t\t<\/div>\n\t\t\t\t\t\t<\/div>\n\t\t\t\t<\/div>\n\t\t\t\t<div class=\"elementor-element elementor-element-c83f1f9 elementor-widget elementor-widget-text-editor\" data-id=\"c83f1f9\" data-element_type=\"widget\" data-e-type=\"widget\" data-widget_type=\"text-editor.default\">\n\t\t\t\t<div class=\"elementor-widget-container\">\n\t\t\t\t\t\t\t\t\t<p style=\"text-align: center;\">Sa\u011flanan kalite ve hizmetlerin do\u011frulanmas\u0131<\/p>\n\t\t\t\t\t\t\t\t<\/div>\n\t\t\t\t<\/div>\n\t\t\t\t\t<\/div>\n\t\t<\/div>\n\t\t\t\t<div class=\"elementor-column elementor-col-25 elementor-inner-column elementor-element elementor-element-4ca2f28\" data-id=\"4ca2f28\" data-element_type=\"column\" data-e-type=\"column\">\n\t\t\t<div class=\"elementor-widget-wrap elementor-element-populated\">\n\t\t\t\t\t\t<div class=\"elementor-element elementor-element-775f5b9 elementor-view-default elementor-widget elementor-widget-icon\" data-id=\"775f5b9\" data-element_type=\"widget\" data-e-type=\"widget\" data-widget_type=\"icon.default\">\n\t\t\t\t<div class=\"elementor-widget-container\">\n\t\t\t\t\t\t\t<div class=\"elementor-icon-wrapper\">\n\t\t\t<div class=\"elementor-icon\">\n\t\t\t<i aria-hidden=\"true\" class=\"fas fa-clock\"><\/i>\t\t\t<\/div>\n\t\t<\/div>\n\t\t\t\t\t\t<\/div>\n\t\t\t\t<\/div>\n\t\t\t\t<div class=\"elementor-element elementor-element-a3fd845 elementor-widget elementor-widget-text-editor\" data-id=\"a3fd845\" data-element_type=\"widget\" data-e-type=\"widget\" data-widget_type=\"text-editor.default\">\n\t\t\t\t<div class=\"elementor-widget-container\">\n\t\t\t\t\t\t\t\t\t<p style=\"text-align: center;\">Sipari\u015fler m\u00fcmk\u00fcn olan en k\u0131sa s\u00fcrede i\u015flenir<\/p>\n\t\t\t\t\t\t\t\t<\/div>\n\t\t\t\t<\/div>\n\t\t\t\t\t<\/div>\n\t\t<\/div>\n\t\t\t\t<div class=\"elementor-column elementor-col-25 elementor-inner-column elementor-element elementor-element-0f41bf9\" data-id=\"0f41bf9\" data-element_type=\"column\" data-e-type=\"column\">\n\t\t\t<div class=\"elementor-widget-wrap elementor-element-populated\">\n\t\t\t\t\t\t<div class=\"elementor-element elementor-element-72aefb2 elementor-view-default elementor-widget elementor-widget-icon\" data-id=\"72aefb2\" data-element_type=\"widget\" data-e-type=\"widget\" data-widget_type=\"icon.default\">\n\t\t\t\t<div class=\"elementor-widget-container\">\n\t\t\t\t\t\t\t<div class=\"elementor-icon-wrapper\">\n\t\t\t<div class=\"elementor-icon\">\n\t\t\t<i aria-hidden=\"true\" class=\"fas fa-comment\"><\/i>\t\t\t<\/div>\n\t\t<\/div>\n\t\t\t\t\t\t<\/div>\n\t\t\t\t<\/div>\n\t\t\t\t<div class=\"elementor-element elementor-element-0b5d0f2 elementor-widget elementor-widget-text-editor\" data-id=\"0b5d0f2\" data-element_type=\"widget\" data-e-type=\"widget\" data-widget_type=\"text-editor.default\">\n\t\t\t\t<div class=\"elementor-widget-container\">\n\t\t\t\t\t\t\t\t\t<p style=\"text-align: center;\">\u0130\u015fin her a\u015famas\u0131nda tam teknik destek<\/p>\n\t\t\t\t\t\t\t\t<\/div>\n\t\t\t\t<\/div>\n\t\t\t\t\t<\/div>\n\t\t<\/div>\n\t\t\t\t<div class=\"elementor-column elementor-col-25 elementor-inner-column elementor-element elementor-element-3b1a7d3\" data-id=\"3b1a7d3\" data-element_type=\"column\" data-e-type=\"column\">\n\t\t\t<div class=\"elementor-widget-wrap elementor-element-populated\">\n\t\t\t\t\t\t<div class=\"elementor-element elementor-element-a1bcc45 elementor-view-default elementor-widget elementor-widget-icon\" data-id=\"a1bcc45\" data-element_type=\"widget\" data-e-type=\"widget\" data-widget_type=\"icon.default\">\n\t\t\t\t<div class=\"elementor-widget-container\">\n\t\t\t\t\t\t\t<div class=\"elementor-icon-wrapper\">\n\t\t\t<div class=\"elementor-icon\">\n\t\t\t<i aria-hidden=\"true\" class=\"fas fa-user\"><\/i>\t\t\t<\/div>\n\t\t<\/div>\n\t\t\t\t\t\t<\/div>\n\t\t\t\t<\/div>\n\t\t\t\t<div class=\"elementor-element elementor-element-cbf69f9 elementor-widget elementor-widget-text-editor\" data-id=\"cbf69f9\" data-element_type=\"widget\" data-e-type=\"widget\" data-widget_type=\"text-editor.default\">\n\t\t\t\t<div class=\"elementor-widget-container\">\n\t\t\t\t\t\t\t\t\t<p style=\"text-align: center;\">\u00d6zel m\u00fc\u015fteri gereksinimleri i\u00e7in bireysel \u00fcretim<\/p>\n\t\t\t\t\t\t\t\t<\/div>\n\t\t\t\t<\/div>\n\t\t\t\t\t<\/div>\n\t\t<\/div>\n\t\t\t\t\t<\/div>\n\t\t<\/section>\n\t\t\t\t\t<\/div>\n\t\t<\/div>\n\t\t\t\t\t<\/div>\n\t\t<\/section>\n\t\t\t\t<section class=\"elementor-section elementor-top-section elementor-element elementor-element-dd22f4d elementor-section-boxed elementor-section-height-default elementor-section-height-default\" data-id=\"dd22f4d\" data-element_type=\"section\" data-e-type=\"section\">\n\t\t\t\t\t\t<div class=\"elementor-container elementor-column-gap-wide\">\n\t\t\t\t\t<div class=\"elementor-column elementor-col-100 elementor-top-column elementor-element elementor-element-28115a6\" data-id=\"28115a6\" data-element_type=\"column\" data-e-type=\"column\">\n\t\t\t<div class=\"elementor-widget-wrap elementor-element-populated\">\n\t\t\t\t\t\t<div class=\"elementor-element elementor-element-9019dc1 elementor-widget elementor-widget-text-editor\" data-id=\"9019dc1\" data-element_type=\"widget\" data-e-type=\"widget\" data-widget_type=\"text-editor.default\">\n\t\t\t\t<div class=\"elementor-widget-container\">\n\t\t\t\t\t\t\t\t\t<h2 style=\"text-align: center;\"><span style=\"color: #000000;\">Her zaman hizmetinizde<\/span><\/h2>\n<div> <\/div>\n<p><span style=\"color: #000000;\">PAKERY.PL, en y\u00fcksek kalitede \u00fcr\u00fcnler, etkileyici yenilik ve uygun fiyat ile dinamik olarak geli\u015fen bir markad\u0131r. \u00dcr\u00fcnlerimiz Polonya&#8217;da ve \u00e7o\u011fu Avrupa \u00fclkesinde bir\u00e7ok profesyonel taraf\u0131ndan takdir edilmi\u015ftir.<\/span><\/p>\n<p><span style=\"color: #000000;\">\u0130ki paketleyici hatt\u0131m\u0131z var: ekonomi hatt\u0131, yani \u00e7ok iyi bir fiyata biraz daha d\u00fc\u015f\u00fck kaliteli \u00fcr\u00fcnler ve en zorlu m\u00fcteahhitleri hedefleyen profesyonel bir hat.<\/span><\/p>\n<p><span style=\"color: #000000;\">2021 y\u0131l\u0131nda en y\u00fcksek teknik ve fayda parametrelerine sahip Hammpack marka enjeksiyon \u00fcr\u00fcnlerinin resmi distrib\u00fct\u00f6r\u00fc olduk.<\/span><\/p>\n<p><span style=\"color: #000000;\">\u015eirketimizin sahip oldu\u011fu de\u011ferlerin rehberli\u011finde, verimli ve g\u00fcvenilir ara\u00e7lar sa\u011flayarak ve enjeksiyon i\u015flerinin nas\u0131l daha etkin bir \u015fekilde ger\u00e7ekle\u015ftirilece\u011fini g\u00f6stererek, m\u00fc\u015fterilerimize ba\u015far\u0131ya ula\u015fmalar\u0131na yard\u0131mc\u0131 oldu\u011fumuz i\u00e7in m\u00fc\u015fterilerimizle uzun vadeli i\u015fbirli\u011fi kurmaya \u00e7al\u0131\u015f\u0131yoruz. <span style=\"font-size: 1rem;\">Ba\u015far\u0131n\u0131n \u00f6ncelikle m\u00fc\u015fterilerin g\u00fcveni ve memnuniyeti \u00fczerine in\u015fa edilmesi gerekti\u011finin bilincindeyiz. Onlar\u0131n yorumlar\u0131n\u0131 dinlemeli ve \u00fcr\u00fcnleri s\u00fcrekli geli\u015ftirmelisiniz.<\/span><\/span><\/p>\n<p><span style=\"color: #000000;\"><span style=\"font-size: 1rem;\"> <\/span><\/span><\/p>\n\t\t\t\t\t\t\t\t<\/div>\n\t\t\t\t<\/div>\n\t\t\t\t\t<\/div>\n\t\t<\/div>\n\t\t\t\t\t<\/div>\n\t\t<\/section>\n\t\t\t\t<section class=\"elementor-section elementor-top-section elementor-element elementor-element-de490e7 elementor-section-boxed elementor-section-height-default elementor-section-height-default\" data-id=\"de490e7\" data-element_type=\"section\" data-e-type=\"section\">\n\t\t\t\t\t\t<div class=\"elementor-container elementor-column-gap-default\">\n\t\t\t\t\t<div class=\"elementor-column elementor-col-100 elementor-top-column elementor-element elementor-element-9a66aee\" data-id=\"9a66aee\" data-element_type=\"column\" data-e-type=\"column\">\n\t\t\t<div class=\"elementor-widget-wrap elementor-element-populated\">\n\t\t\t\t\t\t<div class=\"elementor-element elementor-element-c466823 elementor-widget elementor-widget-text-editor\" data-id=\"c466823\" data-element_type=\"widget\" data-e-type=\"widget\" data-widget_type=\"text-editor.default\">\n\t\t\t\t<div class=\"elementor-widget-container\">\n\t\t\t\t\t\t\t\t\t<h4 style=\"text-align: center;\"><span style=\"color: #333333;\"><b><a style=\"color: #333333;\" href=\"https:\/\/www.pakery.pl\/\" target=\"_blank\" rel=\"noopener\">HAMMPACK Sp Z O.O.<\/a><\/b><\/span><br \/><span style=\"color: #333333;\"><i>owner of:<br \/><b><a style=\"color: #333333;\" href=\"https:\/\/www.pakery.pl\/\" target=\"_blank\" rel=\"noopener\">PAKERY.PL<\/a><\/b><br \/><\/i><\/span><br \/><span style=\"color: #333333;\">ul. Bokserska 47<\/span><br \/><span style=\"color: #333333;\">02-690 Warszawa<\/span><br \/><span style=\"color: #333333;\">POLAND<br \/><\/span><br \/><span style=\"color: #333333;\">VAT UE: PL<\/span><span style=\"color: #000000;\">9512466806<\/span><\/h4><p style=\"text-align: center;\"><span style=\"color: #000000;\">EORI: PL9512466806<\/span><span style=\"color: #333333;\">000000<\/span><br \/><span style=\"color: #333333;\">nr rej. KRS: <span style=\"text-decoration: underline;\">0000742089<\/span><\/span><\/p><p style=\"caret-color: #000000; color: #000000; text-align: center;\"><span style=\"font-family: georgia, serif; color: #333333;\">t: 690 93 0000 &#8211;\u00a0<\/span><span style=\"color: #333333; font-family: georgia, serif;\">support\u00a0<\/span><a style=\"color: #333333;\" href=\"http:\/\/iniekcjebudowlane.pl\/\" target=\"_blank\" rel=\"noopener\">P<\/a>AKERY.PL<span style=\"font-family: georgia, serif; color: #333333;\"><br \/><\/span><span style=\"color: #333333; font-family: georgia, serif;\">t: 690 532 000 &#8211; support\u00a0<\/span><a style=\"color: #333333;\" href=\"http:\/\/iniekcjebudowlane.pl\/\" target=\"_blank\" rel=\"noopener\">INIEKCJEBUDOWLANE.PL<\/a><\/p><p style=\"caret-color: #000000; color: #000000; text-align: center;\">\u00a0<\/p><h3 style=\"text-align: center;\"><span style=\"color: #333333;\"><b><a style=\"color: #333333;\" href=\"https:\/\/www.pakery.pl\/\" target=\"_blank\" rel=\"noopener\">PAKERY.PL<\/a><\/b><\/span><\/h3><h3 style=\"text-align: center;\"><span style=\"color: #333333;\">e:<a style=\"color: #333333;\" target=\"_blank\">\u00a0biuro@www.pakery.pl<\/a><\/span><\/h3><h3 style=\"text-align: center;\"><span style=\"color: #333333;\">t: +48 690 93 0000<\/span><\/h3>\t\t\t\t\t\t\t\t<\/div>\n\t\t\t\t<\/div>\n\t\t\t\t\t<\/div>\n\t\t<\/div>\n\t\t\t\t\t<\/div>\n\t\t<\/section>\n\t\t\t\t<\/div>\n\t\t","protected":false},"excerpt":{"rendered":"<p>https:\/\/www.pakery.pl\/wp-content\/uploads\/2021\/05\/2N6A3256.mp4 PAKERY.PL FELSEFES\u0130 Ba\u015far\u0131, \u00f6ncelikle m\u00fc\u015fterilerin g\u00fcveni ve memnuniyeti \u00fczerine in\u015fa edilmelidir. Onlar\u0131n yorumlar\u0131n\u0131 dinlemeli ve \u00fcr\u00fcnleri s\u00fcrekli geli\u015ftirmelisiniz. Sa\u011flanan kalite ve hizmetlerin do\u011frulanmas\u0131 Sipari\u015fler m\u00fcmk\u00fcn olan en k\u0131sa s\u00fcrede i\u015flenir \u0130\u015fin her a\u015famas\u0131nda tam teknik destek \u00d6zel m\u00fc\u015fteri gereksinimleri i\u00e7in bireysel \u00fcretim Her zaman hizmetinizde PAKERY.PL, en y\u00fcksek kalitede \u00fcr\u00fcnler, etkileyici yenilik ve uygun [&hellip;]<\/p>\n","protected":false},"author":1,"featured_media":0,"parent":0,"menu_order":0,"comment_status":"closed","ping_status":"closed","template":"","meta":{"_acf_changed":false,"footnotes":""},"class_list":["post-32598","page","type-page","status-publish","hentry"],"acf":[],"yoast_head":"<!-- This site is optimized with the Yoast SEO plugin v27.3 - https:\/\/yoast.com\/product\/yoast-seo-wordpress\/ -->\n<title>Hakk\u0131m\u0131zda - PAKERY.PL<\/title>\n<meta name=\"robots\" content=\"index, follow, max-snippet:-1, max-image-preview:large, max-video-preview:-1\" \/>\n<link rel=\"canonical\" href=\"https:\/\/www.pakery.pl\/tr\/hakkimizda\/\" \/>\n<meta property=\"og:locale\" content=\"tr_TR\" \/>\n<meta property=\"og:type\" content=\"article\" \/>\n<meta property=\"og:title\" content=\"Hakk\u0131m\u0131zda - PAKERY.PL\" \/>\n<meta property=\"og:description\" content=\"https:\/\/www.pakery.pl\/wp-content\/uploads\/2021\/05\/2N6A3256.mp4 PAKERY.PL FELSEFES\u0130 Ba\u015far\u0131, \u00f6ncelikle m\u00fc\u015fterilerin g\u00fcveni ve memnuniyeti \u00fczerine in\u015fa edilmelidir. Onlar\u0131n yorumlar\u0131n\u0131 dinlemeli ve \u00fcr\u00fcnleri s\u00fcrekli geli\u015ftirmelisiniz. Sa\u011flanan kalite ve hizmetlerin do\u011frulanmas\u0131 Sipari\u015fler m\u00fcmk\u00fcn olan en k\u0131sa s\u00fcrede i\u015flenir \u0130\u015fin her a\u015famas\u0131nda tam teknik destek \u00d6zel m\u00fc\u015fteri gereksinimleri i\u00e7in bireysel \u00fcretim Her zaman hizmetinizde PAKERY.PL, en y\u00fcksek kalitede \u00fcr\u00fcnler, etkileyici yenilik ve uygun [&hellip;]\" \/>\n<meta property=\"og:url\" content=\"https:\/\/www.pakery.pl\/tr\/hakkimizda\/\" \/>\n<meta property=\"og:site_name\" content=\"PAKERY.PL\" \/>\n<meta property=\"article:modified_time\" content=\"2021-10-14T08:56:37+00:00\" \/>\n<meta name=\"twitter:card\" content=\"summary_large_image\" \/>\n<meta name=\"twitter:label1\" content=\"Tahmini okuma s\u00fcresi\" \/>\n\t<meta name=\"twitter:data1\" content=\"1 dakika\" \/>\n<script type=\"application\/ld+json\" class=\"yoast-schema-graph\">{\"@context\":\"https:\\\/\\\/schema.org\",\"@graph\":[{\"@type\":\"WebPage\",\"@id\":\"https:\\\/\\\/www.pakery.pl\\\/tr\\\/hakkimizda\\\/\",\"url\":\"https:\\\/\\\/www.pakery.pl\\\/tr\\\/hakkimizda\\\/\",\"name\":\"Hakk\u0131m\u0131zda - PAKERY.PL\",\"isPartOf\":{\"@id\":\"https:\\\/\\\/www.pakery.pl\\\/tr\\\/#website\"},\"datePublished\":\"2021-08-13T04:56:24+00:00\",\"dateModified\":\"2021-10-14T08:56:37+00:00\",\"breadcrumb\":{\"@id\":\"https:\\\/\\\/www.pakery.pl\\\/tr\\\/hakkimizda\\\/#breadcrumb\"},\"inLanguage\":\"tr\",\"potentialAction\":[{\"@type\":\"ReadAction\",\"target\":[\"https:\\\/\\\/www.pakery.pl\\\/tr\\\/hakkimizda\\\/\"]}]},{\"@type\":\"BreadcrumbList\",\"@id\":\"https:\\\/\\\/www.pakery.pl\\\/tr\\\/hakkimizda\\\/#breadcrumb\",\"itemListElement\":[{\"@type\":\"ListItem\",\"position\":1,\"name\":\"Strona g\u0142\u00f3wna\",\"item\":\"https:\\\/\\\/www.pakery.pl\\\/tr\\\/\"},{\"@type\":\"ListItem\",\"position\":2,\"name\":\"Hakk\u0131m\u0131zda\"}]},{\"@type\":\"WebSite\",\"@id\":\"https:\\\/\\\/www.pakery.pl\\\/tr\\\/#website\",\"url\":\"https:\\\/\\\/www.pakery.pl\\\/tr\\\/\",\"name\":\"Pakery.pl\",\"description\":\"Pakery iniekcyjne, Kotwy spiralne, Lance iniekcyjne, W\u0119\u017ce do iniekcji, Pompy iniekcyjne, Serwis pomp iniekcyjnych, Wynajem pomp do iniekcji\",\"publisher\":{\"@id\":\"https:\\\/\\\/www.pakery.pl\\\/tr\\\/#organization\"},\"potentialAction\":[{\"@type\":\"SearchAction\",\"target\":{\"@type\":\"EntryPoint\",\"urlTemplate\":\"https:\\\/\\\/www.pakery.pl\\\/tr\\\/?s={search_term_string}\"},\"query-input\":{\"@type\":\"PropertyValueSpecification\",\"valueRequired\":true,\"valueName\":\"search_term_string\"}}],\"inLanguage\":\"tr\"},{\"@type\":\"Organization\",\"@id\":\"https:\\\/\\\/www.pakery.pl\\\/tr\\\/#organization\",\"name\":\"PAKERY.PL\",\"url\":\"https:\\\/\\\/www.pakery.pl\\\/tr\\\/\",\"logo\":{\"@type\":\"ImageObject\",\"inLanguage\":\"tr\",\"@id\":\"https:\\\/\\\/www.pakery.pl\\\/tr\\\/#\\\/schema\\\/logo\\\/image\\\/\",\"url\":\"https:\\\/\\\/www.pakery.pl\\\/wp-content\\\/uploads\\\/2021\\\/04\\\/cropped-PAKERY-LOGO.png\",\"contentUrl\":\"https:\\\/\\\/www.pakery.pl\\\/wp-content\\\/uploads\\\/2021\\\/04\\\/cropped-PAKERY-LOGO.png\",\"width\":1529,\"height\":500,\"caption\":\"PAKERY.PL\"},\"image\":{\"@id\":\"https:\\\/\\\/www.pakery.pl\\\/tr\\\/#\\\/schema\\\/logo\\\/image\\\/\"}}]}<\/script>\n<!-- \/ Yoast SEO plugin. -->","yoast_head_json":{"title":"Hakk\u0131m\u0131zda - PAKERY.PL","robots":{"index":"index","follow":"follow","max-snippet":"max-snippet:-1","max-image-preview":"max-image-preview:large","max-video-preview":"max-video-preview:-1"},"canonical":"https:\/\/www.pakery.pl\/tr\/hakkimizda\/","og_locale":"tr_TR","og_type":"article","og_title":"Hakk\u0131m\u0131zda - PAKERY.PL","og_description":"https:\/\/www.pakery.pl\/wp-content\/uploads\/2021\/05\/2N6A3256.mp4 PAKERY.PL FELSEFES\u0130 Ba\u015far\u0131, \u00f6ncelikle m\u00fc\u015fterilerin g\u00fcveni ve memnuniyeti \u00fczerine in\u015fa edilmelidir. Onlar\u0131n yorumlar\u0131n\u0131 dinlemeli ve \u00fcr\u00fcnleri s\u00fcrekli geli\u015ftirmelisiniz. Sa\u011flanan kalite ve hizmetlerin do\u011frulanmas\u0131 Sipari\u015fler m\u00fcmk\u00fcn olan en k\u0131sa s\u00fcrede i\u015flenir \u0130\u015fin her a\u015famas\u0131nda tam teknik destek \u00d6zel m\u00fc\u015fteri gereksinimleri i\u00e7in bireysel \u00fcretim Her zaman hizmetinizde PAKERY.PL, en y\u00fcksek kalitede \u00fcr\u00fcnler, etkileyici yenilik ve uygun [&hellip;]","og_url":"https:\/\/www.pakery.pl\/tr\/hakkimizda\/","og_site_name":"PAKERY.PL","article_modified_time":"2021-10-14T08:56:37+00:00","twitter_card":"summary_large_image","twitter_misc":{"Tahmini okuma s\u00fcresi":"1 dakika"},"schema":{"@context":"https:\/\/schema.org","@graph":[{"@type":"WebPage","@id":"https:\/\/www.pakery.pl\/tr\/hakkimizda\/","url":"https:\/\/www.pakery.pl\/tr\/hakkimizda\/","name":"Hakk\u0131m\u0131zda - PAKERY.PL","isPartOf":{"@id":"https:\/\/www.pakery.pl\/tr\/#website"},"datePublished":"2021-08-13T04:56:24+00:00","dateModified":"2021-10-14T08:56:37+00:00","breadcrumb":{"@id":"https:\/\/www.pakery.pl\/tr\/hakkimizda\/#breadcrumb"},"inLanguage":"tr","potentialAction":[{"@type":"ReadAction","target":["https:\/\/www.pakery.pl\/tr\/hakkimizda\/"]}]},{"@type":"BreadcrumbList","@id":"https:\/\/www.pakery.pl\/tr\/hakkimizda\/#breadcrumb","itemListElement":[{"@type":"ListItem","position":1,"name":"Strona g\u0142\u00f3wna","item":"https:\/\/www.pakery.pl\/tr\/"},{"@type":"ListItem","position":2,"name":"Hakk\u0131m\u0131zda"}]},{"@type":"WebSite","@id":"https:\/\/www.pakery.pl\/tr\/#website","url":"https:\/\/www.pakery.pl\/tr\/","name":"Pakery.pl","description":"Pakery iniekcyjne, Kotwy spiralne, Lance iniekcyjne, W\u0119\u017ce do iniekcji, Pompy iniekcyjne, Serwis pomp iniekcyjnych, Wynajem pomp do iniekcji","publisher":{"@id":"https:\/\/www.pakery.pl\/tr\/#organization"},"potentialAction":[{"@type":"SearchAction","target":{"@type":"EntryPoint","urlTemplate":"https:\/\/www.pakery.pl\/tr\/?s={search_term_string}"},"query-input":{"@type":"PropertyValueSpecification","valueRequired":true,"valueName":"search_term_string"}}],"inLanguage":"tr"},{"@type":"Organization","@id":"https:\/\/www.pakery.pl\/tr\/#organization","name":"PAKERY.PL","url":"https:\/\/www.pakery.pl\/tr\/","logo":{"@type":"ImageObject","inLanguage":"tr","@id":"https:\/\/www.pakery.pl\/tr\/#\/schema\/logo\/image\/","url":"https:\/\/www.pakery.pl\/wp-content\/uploads\/2021\/04\/cropped-PAKERY-LOGO.png","contentUrl":"https:\/\/www.pakery.pl\/wp-content\/uploads\/2021\/04\/cropped-PAKERY-LOGO.png","width":1529,"height":500,"caption":"PAKERY.PL"},"image":{"@id":"https:\/\/www.pakery.pl\/tr\/#\/schema\/logo\/image\/"}}]}},"_links":{"self":[{"href":"https:\/\/www.pakery.pl\/tr\/wp-json\/wp\/v2\/pages\/32598","targetHints":{"allow":["GET"]}}],"collection":[{"href":"https:\/\/www.pakery.pl\/tr\/wp-json\/wp\/v2\/pages"}],"about":[{"href":"https:\/\/www.pakery.pl\/tr\/wp-json\/wp\/v2\/types\/page"}],"author":[{"embeddable":true,"href":"https:\/\/www.pakery.pl\/tr\/wp-json\/wp\/v2\/users\/1"}],"replies":[{"embeddable":true,"href":"https:\/\/www.pakery.pl\/tr\/wp-json\/wp\/v2\/comments?post=32598"}],"version-history":[{"count":5,"href":"https:\/\/www.pakery.pl\/tr\/wp-json\/wp\/v2\/pages\/32598\/revisions"}],"predecessor-version":[{"id":38712,"href":"https:\/\/www.pakery.pl\/tr\/wp-json\/wp\/v2\/pages\/32598\/revisions\/38712"}],"wp:attachment":[{"href":"https:\/\/www.pakery.pl\/tr\/wp-json\/wp\/v2\/media?parent=32598"}],"curies":[{"name":"wp","href":"https:\/\/api.w.org\/{rel}","templated":true}]}}