{"id":49222,"date":"2021-04-21T09:23:50","date_gmt":"2025-05-13T07:28:37","guid":{"rendered":"https:\/\/www.pakery.pl\/produkt\/dagspackning-pi-spx-10-110swg\/"},"modified":"2025-05-19T14:34:31","modified_gmt":"2025-05-19T12:34:31","slug":"paker-jednodniowy-pi-spx-10-110swg","status":"publish","type":"product","link":"https:\/\/www.pakery.pl\/sv\/produkt\/paker-jednodniowy-pi-spx-10-110swg\/","title":{"rendered":"Dagspackning PI-SPX 10\/110swg"},"content":{"rendered":"\t\t<div data-elementor-type=\"product-post\" data-elementor-id=\"49222\" class=\"elementor elementor-49222 elementor-1875\" data-elementor-post-type=\"product\">\n\t\t\t\t\t\t<section class=\"elementor-section elementor-top-section elementor-element elementor-element-6bf1e09 elementor-section-full_width elementor-section-height-default elementor-section-height-default\" data-id=\"6bf1e09\" data-element_type=\"section\" data-e-type=\"section\">\n\t\t\t\t\t\t<div class=\"elementor-container elementor-column-gap-default\">\n\t\t\t\t\t<div class=\"elementor-column elementor-col-100 elementor-top-column elementor-element elementor-element-e29b068\" data-id=\"e29b068\" data-element_type=\"column\" data-e-type=\"column\">\n\t\t\t<div class=\"elementor-widget-wrap elementor-element-populated\">\n\t\t\t\t\t\t<div class=\"elementor-element elementor-element-85aae22 elementor-widget elementor-widget-text-editor\" data-id=\"85aae22\" data-element_type=\"widget\" data-e-type=\"widget\" data-widget_type=\"text-editor.default\">\n\t\t\t\t<div class=\"elementor-widget-container\">\n\t\t\t\t\t\t\t\t\t<p><span style=\"color: #000000;\"><strong>Endagsinjektionspackare eller tv\u00e5ventilspackare<\/strong>. De g\u00f6r det m\u00f6jligt att slutf\u00f6ra injektionen samma dag, utan att v\u00e4nta p\u00e5 att injektionshartset ska stelna. <\/span><\/p>\n<p><span style=\"color: #000000;\">L\u00e4ngst ner p\u00e5 injektionspacern (expansionsgummi) finns en andra ventil och en kl\u00e4mring p\u00e5 g\u00e4ngan. Du kan ta bort injektionspackarens kropp omedelbart efter injektionen utan att v\u00e4nta p\u00e5 att injektionshartset ska h\u00e4rda. <\/span><\/p>\n<p><em><span style=\"color: #000000;\">Detta \u00e4r s\u00e4rskilt anv\u00e4ndbart n\u00e4r det inte \u00e4r kostnadseffektivt f\u00f6r injekteringsteamet att komma n\u00e4sta dag bara f\u00f6r att ta bort packarna.<\/span><\/em><br \/><em><span style=\"color: #000000;\">\u00c4ven i underjordiska garage d\u00e4r de vanliga injektionspackarna l\u00e4mnade sk\u00e4ra d\u00e4cken p\u00e5 inkommande bilar.<\/span><\/em><\/p>\n\t\t\t\t\t\t\t\t<\/div>\n\t\t\t\t<\/div>\n\t\t\t\t\t<\/div>\n\t\t<\/div>\n\t\t\t\t\t<\/div>\n\t\t<\/section>\n\t\t\t\t<\/div>\n\t\t","protected":false},"excerpt":{"rendered":"<p>Endagsinjektionspackare eller tv\u00e5ventilspackare. De g\u00f6r det m\u00f6jligt att slutf\u00f6ra injektionen samma dag, utan att v\u00e4nta p\u00e5 att injektionshartset ska stelna. L\u00e4ngst ner p\u00e5 injektionspacern (expansionsgummi) finns en andra ventil och en kl\u00e4mring p\u00e5 g\u00e4ngan. Du kan ta bort injektionspackarens kropp omedelbart efter injektionen utan att v\u00e4nta p\u00e5 att injektionshartset ska h\u00e4rda. Detta \u00e4r s\u00e4rskilt anv\u00e4ndbart [&hellip;]<\/p>\n","protected":false},"featured_media":49193,"template":"","meta":{"_acf_changed":false},"product_brand":[],"product_cat":[2013,725],"product_tag":[],"class_list":{"0":"post-49222","1":"product","2":"type-product","3":"status-publish","4":"has-post-thumbnail","6":"product_cat-injektionspackare","7":"product_cat-metallforpackare","9":"first","10":"instock","11":"taxable","12":"shipping-taxable","13":"purchasable","14":"product-type-simple"},"acf":[],"yoast_head":"<!-- This site is optimized with the Yoast SEO plugin v27.3 - https:\/\/yoast.com\/product\/yoast-seo-wordpress\/ -->\n<title>Injektionsf\u00f6rpackare f\u00f6r endagsinjektion PI-SPX 10\/110 PAKERY.PL<\/title>\n<meta name=\"description\" content=\"Injektionsf\u00f6rpackare f\u00f6r en dag. Exceptionell t\u00e4thet \u00e4ven vid mycket h\u00f6ga tryck. Registrera dig f\u00f6r att v\u00e4lja din kalamittyp.\" \/>\n<meta name=\"robots\" content=\"index, follow, max-snippet:-1, max-image-preview:large, max-video-preview:-1\" \/>\n<link rel=\"canonical\" href=\"https:\/\/www.pakery.pl\/sv\/produkt\/paker-jednodniowy-pi-spx-10-110swg\/\" \/>\n<meta property=\"og:locale\" content=\"sv_SE\" \/>\n<meta property=\"og:type\" content=\"article\" \/>\n<meta property=\"og:title\" content=\"Injektionsf\u00f6rpackare f\u00f6r endagsinjektion PI-SPX 10\/110 PAKERY.PL\" \/>\n<meta property=\"og:description\" content=\"Injektionsf\u00f6rpackare f\u00f6r en dag. Exceptionell t\u00e4thet \u00e4ven vid mycket h\u00f6ga tryck. Registrera dig f\u00f6r att v\u00e4lja din kalamittyp.\" \/>\n<meta property=\"og:url\" content=\"https:\/\/www.pakery.pl\/sv\/produkt\/paker-jednodniowy-pi-spx-10-110swg\/\" \/>\n<meta property=\"og:site_name\" content=\"PAKERY.PL\" \/>\n<meta property=\"article:modified_time\" content=\"2025-05-19T12:34:31+00:00\" \/>\n<meta property=\"og:image\" content=\"https:\/\/www.pakery.pl\/wp-content\/uploads\/2021\/04\/PI-SPX-10110e-1024x1024.png\" \/>\n\t<meta property=\"og:image:width\" content=\"1024\" \/>\n\t<meta property=\"og:image:height\" content=\"1024\" \/>\n\t<meta property=\"og:image:type\" content=\"image\/png\" \/>\n<meta name=\"twitter:card\" content=\"summary_large_image\" \/>\n<meta name=\"twitter:label1\" content=\"Ber\u00e4knad l\u00e4stid\" \/>\n\t<meta name=\"twitter:data1\" content=\"1 minut\" \/>\n<script type=\"application\/ld+json\" class=\"yoast-schema-graph\">{\"@context\":\"https:\\\/\\\/schema.org\",\"@graph\":[{\"@type\":\"WebPage\",\"@id\":\"https:\\\/\\\/www.pakery.pl\\\/sv\\\/produkt\\\/paker-jednodniowy-pi-spx-10-110swg\\\/\",\"url\":\"https:\\\/\\\/www.pakery.pl\\\/sv\\\/produkt\\\/paker-jednodniowy-pi-spx-10-110swg\\\/\",\"name\":\"Injektionsf\u00f6rpackare f\u00f6r endagsinjektion PI-SPX 10\\\/110 PAKERY.PL\",\"isPartOf\":{\"@id\":\"https:\\\/\\\/www.pakery.pl\\\/sv\\\/#website\"},\"primaryImageOfPage\":{\"@id\":\"https:\\\/\\\/www.pakery.pl\\\/sv\\\/produkt\\\/paker-jednodniowy-pi-spx-10-110swg\\\/#primaryimage\"},\"image\":{\"@id\":\"https:\\\/\\\/www.pakery.pl\\\/sv\\\/produkt\\\/paker-jednodniowy-pi-spx-10-110swg\\\/#primaryimage\"},\"thumbnailUrl\":\"https:\\\/\\\/www.pakery.pl\\\/wp-content\\\/uploads\\\/2021\\\/04\\\/PI-SPX-10110e.png\",\"datePublished\":\"2025-05-13T07:28:37+00:00\",\"dateModified\":\"2025-05-19T12:34:31+00:00\",\"description\":\"Injektionsf\u00f6rpackare f\u00f6r en dag. Exceptionell t\u00e4thet \u00e4ven vid mycket h\u00f6ga tryck. Registrera dig f\u00f6r att v\u00e4lja din kalamittyp.\",\"breadcrumb\":{\"@id\":\"https:\\\/\\\/www.pakery.pl\\\/sv\\\/produkt\\\/paker-jednodniowy-pi-spx-10-110swg\\\/#breadcrumb\"},\"inLanguage\":\"sv-SE\",\"potentialAction\":[{\"@type\":\"ReadAction\",\"target\":[\"https:\\\/\\\/www.pakery.pl\\\/sv\\\/produkt\\\/paker-jednodniowy-pi-spx-10-110swg\\\/\"]}]},{\"@type\":\"ImageObject\",\"inLanguage\":\"sv-SE\",\"@id\":\"https:\\\/\\\/www.pakery.pl\\\/sv\\\/produkt\\\/paker-jednodniowy-pi-spx-10-110swg\\\/#primaryimage\",\"url\":\"https:\\\/\\\/www.pakery.pl\\\/wp-content\\\/uploads\\\/2021\\\/04\\\/PI-SPX-10110e.png\",\"contentUrl\":\"https:\\\/\\\/www.pakery.pl\\\/wp-content\\\/uploads\\\/2021\\\/04\\\/PI-SPX-10110e.png\",\"width\":2000,\"height\":2000},{\"@type\":\"BreadcrumbList\",\"@id\":\"https:\\\/\\\/www.pakery.pl\\\/sv\\\/produkt\\\/paker-jednodniowy-pi-spx-10-110swg\\\/#breadcrumb\",\"itemListElement\":[{\"@type\":\"ListItem\",\"position\":1,\"name\":\"Strona g\u0142\u00f3wna\",\"item\":\"https:\\\/\\\/www.pakery.pl\\\/sv\\\/\"},{\"@type\":\"ListItem\",\"position\":2,\"name\":\"Lagra\",\"item\":\"https:\\\/\\\/www.pakery.pl\\\/sv\\\/lagra\\\/\"},{\"@type\":\"ListItem\",\"position\":3,\"name\":\"Dagspackning PI-SPX 10\\\/110swg\"}]},{\"@type\":\"WebSite\",\"@id\":\"https:\\\/\\\/www.pakery.pl\\\/sv\\\/#website\",\"url\":\"https:\\\/\\\/www.pakery.pl\\\/sv\\\/\",\"name\":\"Pakery.pl\",\"description\":\"Pakery iniekcyjne, Kotwy spiralne, Lance iniekcyjne, W\u0119\u017ce do iniekcji, Pompy iniekcyjne, Serwis pomp iniekcyjnych, Wynajem pomp do iniekcji\",\"publisher\":{\"@id\":\"https:\\\/\\\/www.pakery.pl\\\/sv\\\/#organization\"},\"potentialAction\":[{\"@type\":\"SearchAction\",\"target\":{\"@type\":\"EntryPoint\",\"urlTemplate\":\"https:\\\/\\\/www.pakery.pl\\\/sv\\\/?s={search_term_string}\"},\"query-input\":{\"@type\":\"PropertyValueSpecification\",\"valueRequired\":true,\"valueName\":\"search_term_string\"}}],\"inLanguage\":\"sv-SE\"},{\"@type\":\"Organization\",\"@id\":\"https:\\\/\\\/www.pakery.pl\\\/sv\\\/#organization\",\"name\":\"PAKERY.PL\",\"url\":\"https:\\\/\\\/www.pakery.pl\\\/sv\\\/\",\"logo\":{\"@type\":\"ImageObject\",\"inLanguage\":\"sv-SE\",\"@id\":\"https:\\\/\\\/www.pakery.pl\\\/sv\\\/#\\\/schema\\\/logo\\\/image\\\/\",\"url\":\"https:\\\/\\\/www.pakery.pl\\\/wp-content\\\/uploads\\\/2021\\\/04\\\/cropped-PAKERY-LOGO.png\",\"contentUrl\":\"https:\\\/\\\/www.pakery.pl\\\/wp-content\\\/uploads\\\/2021\\\/04\\\/cropped-PAKERY-LOGO.png\",\"width\":1529,\"height\":500,\"caption\":\"PAKERY.PL\"},\"image\":{\"@id\":\"https:\\\/\\\/www.pakery.pl\\\/sv\\\/#\\\/schema\\\/logo\\\/image\\\/\"}}]}<\/script>\n<!-- \/ Yoast SEO plugin. -->","yoast_head_json":{"title":"Injektionsf\u00f6rpackare f\u00f6r endagsinjektion PI-SPX 10\/110 PAKERY.PL","description":"Injektionsf\u00f6rpackare f\u00f6r en dag. Exceptionell t\u00e4thet \u00e4ven vid mycket h\u00f6ga tryck. Registrera dig f\u00f6r att v\u00e4lja din kalamittyp.","robots":{"index":"index","follow":"follow","max-snippet":"max-snippet:-1","max-image-preview":"max-image-preview:large","max-video-preview":"max-video-preview:-1"},"canonical":"https:\/\/www.pakery.pl\/sv\/produkt\/paker-jednodniowy-pi-spx-10-110swg\/","og_locale":"sv_SE","og_type":"article","og_title":"Injektionsf\u00f6rpackare f\u00f6r endagsinjektion PI-SPX 10\/110 PAKERY.PL","og_description":"Injektionsf\u00f6rpackare f\u00f6r en dag. Exceptionell t\u00e4thet \u00e4ven vid mycket h\u00f6ga tryck. Registrera dig f\u00f6r att v\u00e4lja din kalamittyp.","og_url":"https:\/\/www.pakery.pl\/sv\/produkt\/paker-jednodniowy-pi-spx-10-110swg\/","og_site_name":"PAKERY.PL","article_modified_time":"2025-05-19T12:34:31+00:00","og_image":[{"width":1024,"height":1024,"url":"https:\/\/www.pakery.pl\/wp-content\/uploads\/2021\/04\/PI-SPX-10110e-1024x1024.png","type":"image\/png"}],"twitter_card":"summary_large_image","twitter_misc":{"Ber\u00e4knad l\u00e4stid":"1 minut"},"schema":{"@context":"https:\/\/schema.org","@graph":[{"@type":"WebPage","@id":"https:\/\/www.pakery.pl\/sv\/produkt\/paker-jednodniowy-pi-spx-10-110swg\/","url":"https:\/\/www.pakery.pl\/sv\/produkt\/paker-jednodniowy-pi-spx-10-110swg\/","name":"Injektionsf\u00f6rpackare f\u00f6r endagsinjektion PI-SPX 10\/110 PAKERY.PL","isPartOf":{"@id":"https:\/\/www.pakery.pl\/sv\/#website"},"primaryImageOfPage":{"@id":"https:\/\/www.pakery.pl\/sv\/produkt\/paker-jednodniowy-pi-spx-10-110swg\/#primaryimage"},"image":{"@id":"https:\/\/www.pakery.pl\/sv\/produkt\/paker-jednodniowy-pi-spx-10-110swg\/#primaryimage"},"thumbnailUrl":"https:\/\/www.pakery.pl\/wp-content\/uploads\/2021\/04\/PI-SPX-10110e.png","datePublished":"2025-05-13T07:28:37+00:00","dateModified":"2025-05-19T12:34:31+00:00","description":"Injektionsf\u00f6rpackare f\u00f6r en dag. Exceptionell t\u00e4thet \u00e4ven vid mycket h\u00f6ga tryck. Registrera dig f\u00f6r att v\u00e4lja din kalamittyp.","breadcrumb":{"@id":"https:\/\/www.pakery.pl\/sv\/produkt\/paker-jednodniowy-pi-spx-10-110swg\/#breadcrumb"},"inLanguage":"sv-SE","potentialAction":[{"@type":"ReadAction","target":["https:\/\/www.pakery.pl\/sv\/produkt\/paker-jednodniowy-pi-spx-10-110swg\/"]}]},{"@type":"ImageObject","inLanguage":"sv-SE","@id":"https:\/\/www.pakery.pl\/sv\/produkt\/paker-jednodniowy-pi-spx-10-110swg\/#primaryimage","url":"https:\/\/www.pakery.pl\/wp-content\/uploads\/2021\/04\/PI-SPX-10110e.png","contentUrl":"https:\/\/www.pakery.pl\/wp-content\/uploads\/2021\/04\/PI-SPX-10110e.png","width":2000,"height":2000},{"@type":"BreadcrumbList","@id":"https:\/\/www.pakery.pl\/sv\/produkt\/paker-jednodniowy-pi-spx-10-110swg\/#breadcrumb","itemListElement":[{"@type":"ListItem","position":1,"name":"Strona g\u0142\u00f3wna","item":"https:\/\/www.pakery.pl\/sv\/"},{"@type":"ListItem","position":2,"name":"Lagra","item":"https:\/\/www.pakery.pl\/sv\/lagra\/"},{"@type":"ListItem","position":3,"name":"Dagspackning PI-SPX 10\/110swg"}]},{"@type":"WebSite","@id":"https:\/\/www.pakery.pl\/sv\/#website","url":"https:\/\/www.pakery.pl\/sv\/","name":"Pakery.pl","description":"Pakery iniekcyjne, Kotwy spiralne, Lance iniekcyjne, W\u0119\u017ce do iniekcji, Pompy iniekcyjne, Serwis pomp iniekcyjnych, Wynajem pomp do iniekcji","publisher":{"@id":"https:\/\/www.pakery.pl\/sv\/#organization"},"potentialAction":[{"@type":"SearchAction","target":{"@type":"EntryPoint","urlTemplate":"https:\/\/www.pakery.pl\/sv\/?s={search_term_string}"},"query-input":{"@type":"PropertyValueSpecification","valueRequired":true,"valueName":"search_term_string"}}],"inLanguage":"sv-SE"},{"@type":"Organization","@id":"https:\/\/www.pakery.pl\/sv\/#organization","name":"PAKERY.PL","url":"https:\/\/www.pakery.pl\/sv\/","logo":{"@type":"ImageObject","inLanguage":"sv-SE","@id":"https:\/\/www.pakery.pl\/sv\/#\/schema\/logo\/image\/","url":"https:\/\/www.pakery.pl\/wp-content\/uploads\/2021\/04\/cropped-PAKERY-LOGO.png","contentUrl":"https:\/\/www.pakery.pl\/wp-content\/uploads\/2021\/04\/cropped-PAKERY-LOGO.png","width":1529,"height":500,"caption":"PAKERY.PL"},"image":{"@id":"https:\/\/www.pakery.pl\/sv\/#\/schema\/logo\/image\/"}}]}},"_links":{"self":[{"href":"https:\/\/www.pakery.pl\/sv\/wp-json\/wp\/v2\/product\/49222","targetHints":{"allow":["GET"]}}],"collection":[{"href":"https:\/\/www.pakery.pl\/sv\/wp-json\/wp\/v2\/product"}],"about":[{"href":"https:\/\/www.pakery.pl\/sv\/wp-json\/wp\/v2\/types\/product"}],"version-history":[{"count":5,"href":"https:\/\/www.pakery.pl\/sv\/wp-json\/wp\/v2\/product\/49222\/revisions"}],"predecessor-version":[{"id":49228,"href":"https:\/\/www.pakery.pl\/sv\/wp-json\/wp\/v2\/product\/49222\/revisions\/49228"}],"wp:featuredmedia":[{"embeddable":true,"href":"https:\/\/www.pakery.pl\/sv\/wp-json\/wp\/v2\/media\/49193"}],"wp:attachment":[{"href":"https:\/\/www.pakery.pl\/sv\/wp-json\/wp\/v2\/media?parent=49222"}],"wp:term":[{"taxonomy":"product_brand","embeddable":true,"href":"https:\/\/www.pakery.pl\/sv\/wp-json\/wp\/v2\/product_brand?post=49222"},{"taxonomy":"product_cat","embeddable":true,"href":"https:\/\/www.pakery.pl\/sv\/wp-json\/wp\/v2\/product_cat?post=49222"},{"taxonomy":"product_tag","embeddable":true,"href":"https:\/\/www.pakery.pl\/sv\/wp-json\/wp\/v2\/product_tag?post=49222"}],"curies":[{"name":"wp","href":"https:\/\/api.w.org\/{rel}","templated":true}]}}