{"id":45555,"date":"2023-04-19T15:29:40","date_gmt":"2023-07-21T12:29:41","guid":{"rendered":"https:\/\/www.pakery.pl\/produkt\/skruvpump\/"},"modified":"2023-07-21T14:29:41","modified_gmt":"2023-07-21T12:29:41","slug":"pump-do-cream-suspension-fugue-2","status":"publish","type":"product","link":"https:\/\/www.pakery.pl\/sv\/produkt\/pump-do-cream-suspension-fugue-2\/","title":{"rendered":"Skruvpump"},"content":{"rendered":"","protected":false},"excerpt":{"rendered":"","protected":false},"featured_media":44738,"template":"","meta":{"_acf_changed":false},"product_brand":[],"product_cat":[728,731,732],"product_tag":[],"class_list":{"0":"post-45555","1":"product","2":"type-product","3":"status-publish","4":"has-post-thumbnail","6":"product_cat-injektionspumpar","7":"product_cat-mekaniska-pumpar","8":"product_cat-spiralankare","10":"first","11":"instock","12":"taxable","13":"shipping-taxable","14":"product-type-simple"},"acf":[],"yoast_head":"<!-- This site is optimized with the Yoast SEO plugin v27.3 - https:\/\/yoast.com\/product\/yoast-seo-wordpress\/ -->\n<title>Skruvpump - PAKERY.PL<\/title>\n<meta name=\"description\" content=\"Skruvpump f\u00f6r kr\u00e4mer, suspensioner, injektering | injekteringskr\u00e4m | injektering | vattent\u00e4tning | bygginjektering\" \/>\n<meta name=\"robots\" content=\"index, follow, max-snippet:-1, max-image-preview:large, max-video-preview:-1\" \/>\n<link rel=\"canonical\" href=\"https:\/\/www.pakery.pl\/sv\/produkt\/pump-do-cream-suspension-fugue-2\/\" \/>\n<meta property=\"og:locale\" content=\"sv_SE\" \/>\n<meta property=\"og:type\" content=\"article\" \/>\n<meta property=\"og:title\" content=\"Skruvpump - PAKERY.PL\" \/>\n<meta property=\"og:description\" content=\"Skruvpump f\u00f6r kr\u00e4mer, suspensioner, injektering | injekteringskr\u00e4m | injektering | vattent\u00e4tning | bygginjektering\" \/>\n<meta property=\"og:url\" content=\"https:\/\/www.pakery.pl\/sv\/produkt\/pump-do-cream-suspension-fugue-2\/\" \/>\n<meta property=\"og:site_name\" content=\"PAKERY.PL\" \/>\n<meta property=\"og:image\" content=\"https:\/\/www.pakery.pl\/wp-content\/uploads\/2023\/04\/PIstolet-Pakerty-GroutGo-1024x1024.png\" \/>\n\t<meta property=\"og:image:width\" content=\"1024\" \/>\n\t<meta property=\"og:image:height\" content=\"1024\" \/>\n\t<meta property=\"og:image:type\" content=\"image\/png\" \/>\n<meta name=\"twitter:card\" content=\"summary_large_image\" \/>\n<script type=\"application\/ld+json\" class=\"yoast-schema-graph\">{\"@context\":\"https:\\\/\\\/schema.org\",\"@graph\":[{\"@type\":\"WebPage\",\"@id\":\"https:\\\/\\\/www.pakery.pl\\\/sv\\\/produkt\\\/pump-do-cream-suspension-fugue-2\\\/\",\"url\":\"https:\\\/\\\/www.pakery.pl\\\/sv\\\/produkt\\\/pump-do-cream-suspension-fugue-2\\\/\",\"name\":\"Skruvpump - PAKERY.PL\",\"isPartOf\":{\"@id\":\"https:\\\/\\\/www.pakery.pl\\\/sv\\\/#website\"},\"primaryImageOfPage\":{\"@id\":\"https:\\\/\\\/www.pakery.pl\\\/sv\\\/produkt\\\/pump-do-cream-suspension-fugue-2\\\/#primaryimage\"},\"image\":{\"@id\":\"https:\\\/\\\/www.pakery.pl\\\/sv\\\/produkt\\\/pump-do-cream-suspension-fugue-2\\\/#primaryimage\"},\"thumbnailUrl\":\"https:\\\/\\\/www.pakery.pl\\\/wp-content\\\/uploads\\\/2023\\\/04\\\/PIstolet-Pakerty-GroutGo.png\",\"datePublished\":\"2023-07-21T12:29:41+00:00\",\"description\":\"Skruvpump f\u00f6r kr\u00e4mer, suspensioner, injektering | injekteringskr\u00e4m | injektering | vattent\u00e4tning | bygginjektering\",\"breadcrumb\":{\"@id\":\"https:\\\/\\\/www.pakery.pl\\\/sv\\\/produkt\\\/pump-do-cream-suspension-fugue-2\\\/#breadcrumb\"},\"inLanguage\":\"sv-SE\",\"potentialAction\":[{\"@type\":\"ReadAction\",\"target\":[\"https:\\\/\\\/www.pakery.pl\\\/sv\\\/produkt\\\/pump-do-cream-suspension-fugue-2\\\/\"]}]},{\"@type\":\"ImageObject\",\"inLanguage\":\"sv-SE\",\"@id\":\"https:\\\/\\\/www.pakery.pl\\\/sv\\\/produkt\\\/pump-do-cream-suspension-fugue-2\\\/#primaryimage\",\"url\":\"https:\\\/\\\/www.pakery.pl\\\/wp-content\\\/uploads\\\/2023\\\/04\\\/PIstolet-Pakerty-GroutGo.png\",\"contentUrl\":\"https:\\\/\\\/www.pakery.pl\\\/wp-content\\\/uploads\\\/2023\\\/04\\\/PIstolet-Pakerty-GroutGo.png\",\"width\":4000,\"height\":4000},{\"@type\":\"BreadcrumbList\",\"@id\":\"https:\\\/\\\/www.pakery.pl\\\/sv\\\/produkt\\\/pump-do-cream-suspension-fugue-2\\\/#breadcrumb\",\"itemListElement\":[{\"@type\":\"ListItem\",\"position\":1,\"name\":\"Strona g\u0142\u00f3wna\",\"item\":\"https:\\\/\\\/www.pakery.pl\\\/sv\\\/\"},{\"@type\":\"ListItem\",\"position\":2,\"name\":\"Lagra\",\"item\":\"https:\\\/\\\/www.pakery.pl\\\/sv\\\/lagra\\\/\"},{\"@type\":\"ListItem\",\"position\":3,\"name\":\"Skruvpump\"}]},{\"@type\":\"WebSite\",\"@id\":\"https:\\\/\\\/www.pakery.pl\\\/sv\\\/#website\",\"url\":\"https:\\\/\\\/www.pakery.pl\\\/sv\\\/\",\"name\":\"Pakery.pl\",\"description\":\"Pakery iniekcyjne, Kotwy spiralne, Lance iniekcyjne, W\u0119\u017ce do iniekcji, Pompy iniekcyjne, Serwis pomp iniekcyjnych, Wynajem pomp do iniekcji\",\"publisher\":{\"@id\":\"https:\\\/\\\/www.pakery.pl\\\/sv\\\/#organization\"},\"potentialAction\":[{\"@type\":\"SearchAction\",\"target\":{\"@type\":\"EntryPoint\",\"urlTemplate\":\"https:\\\/\\\/www.pakery.pl\\\/sv\\\/?s={search_term_string}\"},\"query-input\":{\"@type\":\"PropertyValueSpecification\",\"valueRequired\":true,\"valueName\":\"search_term_string\"}}],\"inLanguage\":\"sv-SE\"},{\"@type\":\"Organization\",\"@id\":\"https:\\\/\\\/www.pakery.pl\\\/sv\\\/#organization\",\"name\":\"PAKERY.PL\",\"url\":\"https:\\\/\\\/www.pakery.pl\\\/sv\\\/\",\"logo\":{\"@type\":\"ImageObject\",\"inLanguage\":\"sv-SE\",\"@id\":\"https:\\\/\\\/www.pakery.pl\\\/sv\\\/#\\\/schema\\\/logo\\\/image\\\/\",\"url\":\"https:\\\/\\\/www.pakery.pl\\\/wp-content\\\/uploads\\\/2021\\\/04\\\/cropped-PAKERY-LOGO.png\",\"contentUrl\":\"https:\\\/\\\/www.pakery.pl\\\/wp-content\\\/uploads\\\/2021\\\/04\\\/cropped-PAKERY-LOGO.png\",\"width\":1529,\"height\":500,\"caption\":\"PAKERY.PL\"},\"image\":{\"@id\":\"https:\\\/\\\/www.pakery.pl\\\/sv\\\/#\\\/schema\\\/logo\\\/image\\\/\"}}]}<\/script>\n<!-- \/ Yoast SEO plugin. -->","yoast_head_json":{"title":"Skruvpump - PAKERY.PL","description":"Skruvpump f\u00f6r kr\u00e4mer, suspensioner, injektering | injekteringskr\u00e4m | injektering | vattent\u00e4tning | bygginjektering","robots":{"index":"index","follow":"follow","max-snippet":"max-snippet:-1","max-image-preview":"max-image-preview:large","max-video-preview":"max-video-preview:-1"},"canonical":"https:\/\/www.pakery.pl\/sv\/produkt\/pump-do-cream-suspension-fugue-2\/","og_locale":"sv_SE","og_type":"article","og_title":"Skruvpump - PAKERY.PL","og_description":"Skruvpump f\u00f6r kr\u00e4mer, suspensioner, injektering | injekteringskr\u00e4m | injektering | vattent\u00e4tning | bygginjektering","og_url":"https:\/\/www.pakery.pl\/sv\/produkt\/pump-do-cream-suspension-fugue-2\/","og_site_name":"PAKERY.PL","og_image":[{"width":1024,"height":1024,"url":"https:\/\/www.pakery.pl\/wp-content\/uploads\/2023\/04\/PIstolet-Pakerty-GroutGo-1024x1024.png","type":"image\/png"}],"twitter_card":"summary_large_image","schema":{"@context":"https:\/\/schema.org","@graph":[{"@type":"WebPage","@id":"https:\/\/www.pakery.pl\/sv\/produkt\/pump-do-cream-suspension-fugue-2\/","url":"https:\/\/www.pakery.pl\/sv\/produkt\/pump-do-cream-suspension-fugue-2\/","name":"Skruvpump - PAKERY.PL","isPartOf":{"@id":"https:\/\/www.pakery.pl\/sv\/#website"},"primaryImageOfPage":{"@id":"https:\/\/www.pakery.pl\/sv\/produkt\/pump-do-cream-suspension-fugue-2\/#primaryimage"},"image":{"@id":"https:\/\/www.pakery.pl\/sv\/produkt\/pump-do-cream-suspension-fugue-2\/#primaryimage"},"thumbnailUrl":"https:\/\/www.pakery.pl\/wp-content\/uploads\/2023\/04\/PIstolet-Pakerty-GroutGo.png","datePublished":"2023-07-21T12:29:41+00:00","description":"Skruvpump f\u00f6r kr\u00e4mer, suspensioner, injektering | injekteringskr\u00e4m | injektering | vattent\u00e4tning | bygginjektering","breadcrumb":{"@id":"https:\/\/www.pakery.pl\/sv\/produkt\/pump-do-cream-suspension-fugue-2\/#breadcrumb"},"inLanguage":"sv-SE","potentialAction":[{"@type":"ReadAction","target":["https:\/\/www.pakery.pl\/sv\/produkt\/pump-do-cream-suspension-fugue-2\/"]}]},{"@type":"ImageObject","inLanguage":"sv-SE","@id":"https:\/\/www.pakery.pl\/sv\/produkt\/pump-do-cream-suspension-fugue-2\/#primaryimage","url":"https:\/\/www.pakery.pl\/wp-content\/uploads\/2023\/04\/PIstolet-Pakerty-GroutGo.png","contentUrl":"https:\/\/www.pakery.pl\/wp-content\/uploads\/2023\/04\/PIstolet-Pakerty-GroutGo.png","width":4000,"height":4000},{"@type":"BreadcrumbList","@id":"https:\/\/www.pakery.pl\/sv\/produkt\/pump-do-cream-suspension-fugue-2\/#breadcrumb","itemListElement":[{"@type":"ListItem","position":1,"name":"Strona g\u0142\u00f3wna","item":"https:\/\/www.pakery.pl\/sv\/"},{"@type":"ListItem","position":2,"name":"Lagra","item":"https:\/\/www.pakery.pl\/sv\/lagra\/"},{"@type":"ListItem","position":3,"name":"Skruvpump"}]},{"@type":"WebSite","@id":"https:\/\/www.pakery.pl\/sv\/#website","url":"https:\/\/www.pakery.pl\/sv\/","name":"Pakery.pl","description":"Pakery iniekcyjne, Kotwy spiralne, Lance iniekcyjne, W\u0119\u017ce do iniekcji, Pompy iniekcyjne, Serwis pomp iniekcyjnych, Wynajem pomp do iniekcji","publisher":{"@id":"https:\/\/www.pakery.pl\/sv\/#organization"},"potentialAction":[{"@type":"SearchAction","target":{"@type":"EntryPoint","urlTemplate":"https:\/\/www.pakery.pl\/sv\/?s={search_term_string}"},"query-input":{"@type":"PropertyValueSpecification","valueRequired":true,"valueName":"search_term_string"}}],"inLanguage":"sv-SE"},{"@type":"Organization","@id":"https:\/\/www.pakery.pl\/sv\/#organization","name":"PAKERY.PL","url":"https:\/\/www.pakery.pl\/sv\/","logo":{"@type":"ImageObject","inLanguage":"sv-SE","@id":"https:\/\/www.pakery.pl\/sv\/#\/schema\/logo\/image\/","url":"https:\/\/www.pakery.pl\/wp-content\/uploads\/2021\/04\/cropped-PAKERY-LOGO.png","contentUrl":"https:\/\/www.pakery.pl\/wp-content\/uploads\/2021\/04\/cropped-PAKERY-LOGO.png","width":1529,"height":500,"caption":"PAKERY.PL"},"image":{"@id":"https:\/\/www.pakery.pl\/sv\/#\/schema\/logo\/image\/"}}]}},"_links":{"self":[{"href":"https:\/\/www.pakery.pl\/sv\/wp-json\/wp\/v2\/product\/45555","targetHints":{"allow":["GET"]}}],"collection":[{"href":"https:\/\/www.pakery.pl\/sv\/wp-json\/wp\/v2\/product"}],"about":[{"href":"https:\/\/www.pakery.pl\/sv\/wp-json\/wp\/v2\/types\/product"}],"version-history":[{"count":0,"href":"https:\/\/www.pakery.pl\/sv\/wp-json\/wp\/v2\/product\/45555\/revisions"}],"wp:featuredmedia":[{"embeddable":true,"href":"https:\/\/www.pakery.pl\/sv\/wp-json\/wp\/v2\/media\/44738"}],"wp:attachment":[{"href":"https:\/\/www.pakery.pl\/sv\/wp-json\/wp\/v2\/media?parent=45555"}],"wp:term":[{"taxonomy":"product_brand","embeddable":true,"href":"https:\/\/www.pakery.pl\/sv\/wp-json\/wp\/v2\/product_brand?post=45555"},{"taxonomy":"product_cat","embeddable":true,"href":"https:\/\/www.pakery.pl\/sv\/wp-json\/wp\/v2\/product_cat?post=45555"},{"taxonomy":"product_tag","embeddable":true,"href":"https:\/\/www.pakery.pl\/sv\/wp-json\/wp\/v2\/product_tag?post=45555"}],"curies":[{"name":"wp","href":"https:\/\/api.w.org\/{rel}","templated":true}]}}