{"id":45449,"date":"2023-07-21T14:15:11","date_gmt":"2023-07-21T12:15:11","guid":{"rendered":"https:\/\/www.pakery.pl\/produkt\/injektionspackare-pi-sph-10-150\/"},"modified":"2023-07-21T14:15:12","modified_gmt":"2023-07-21T12:15:12","slug":"injektionspackare-pi-sph-10-150","status":"publish","type":"product","link":"https:\/\/www.pakery.pl\/sv\/produkt\/injektionspackare-pi-sph-10-150\/","title":{"rendered":"Injektionspackare PI-SPH 10\/150"},"content":{"rendered":"\t\t<div data-elementor-type=\"product-post\" data-elementor-id=\"45449\" class=\"elementor elementor-45449 elementor-44878\" data-elementor-post-type=\"product\">\n\t\t\t\t\t\t<section class=\"elementor-section elementor-top-section elementor-element elementor-element-4d2ed93 elementor-section-full_width elementor-section-height-default elementor-section-height-default\" data-id=\"4d2ed93\" data-element_type=\"section\" data-e-type=\"section\">\n\t\t\t\t\t\t<div class=\"elementor-container elementor-column-gap-default\">\n\t\t\t\t\t<div class=\"elementor-column elementor-col-100 elementor-top-column elementor-element elementor-element-69f2b7b\" data-id=\"69f2b7b\" data-element_type=\"column\" data-e-type=\"column\">\n\t\t\t<div class=\"elementor-widget-wrap elementor-element-populated\">\n\t\t\t\t\t\t<div class=\"elementor-element elementor-element-5ed7d18 elementor-widget elementor-widget-text-editor\" data-id=\"5ed7d18\" data-element_type=\"widget\" data-e-type=\"widget\" data-widget_type=\"text-editor.default\">\n\t\t\t\t<div class=\"elementor-widget-container\">\n\t\t\t\t\t\t\t\t\t<div>\n<div>\n<div>\n<p><span style=\"color: #000000;\"> <\/span><span style=\"font-size: 1rem; color: #000000;\">Den mest popul\u00e4ra storleken, det klistrande gummit biter sig till och med fast i ytan.  <\/span><b style=\"font-size: 1rem; color: #000000;\">Perfekt anpassad diameter f\u00f6r ett \u00d810 borrh\u00e5l.<\/b><\/p>\n<p><span style=\"caret-color: #000000; color: #808080;\"><em><b>Registrera dig f\u00f6r att se v\u00e5r pacer-konfigurator. V\u00e4lj din typ av kalamit.<\/b><\/em><\/span><b style=\"font-size: 1rem; color: #000000;\"><br \/><\/b><\/p>\n<p><span style=\"caret-color: #000000; color: #000000;\"><em><b> <\/b><\/em><\/span><\/p>\n<\/div>\n<\/div>\n<\/div>\n<div>\n<h2> <\/h2>\n<h2><span style=\"color: #000000;\"><img fetchpriority=\"high\" decoding=\"async\" src=\"https:\/\/www.pakery.pl\/wp-content\/uploads\/2021\/05\/baner-sph-10.png\" alt=\"\" width=\"1800\" height=\"300\"><\/span><\/h2>\n<h2><span style=\"color: #000000;\"> <\/span><\/h2>\n<p><span style=\"color: #000000;\"><br \/>\n  <span style=\"caret-color: #000000;\"><br \/>\n    <b>F\u00d6RDELAR MED PACERS <\/b><br \/>\n  <\/span><br \/>\n<\/span><span style=\"color: #000000;\"><br \/>\n  <span style=\"caret-color: #000000;\"><br \/>\n    <b>HAMMPACK<\/b><br \/>\n  <\/span><br \/>\n<\/span><\/p>\n<ul style=\"font-size: 16px;\">\n<li><span style=\"color: #000000;\">\u00f6ka effektiviteten i f\u00f6rankringen av packaren i h\u00e5let genom att justera diametrarna och utbuktningarna p\u00e5 toppen av expansionsgummit, detta underl\u00e4ttar vidh\u00e4ftning och korrekt f\u00f6rankring (detta m\u00f6jligg\u00f6r en betydande acceleration av installationen av packaren och \u00f6kar t\u00e4theten)<\/span><\/li>\n<li><span style=\"color: #000000;\">\u00f6kad styrka och repeterbarhet hos expansionsgummit, justering av gummiblandningen och kylningsprocessen (genom temperaturkontroll), vilket g\u00f6r injektorn motst\u00e5ndskraftig mot gummibrott och gummi som faller ur kuddarna.<\/span><\/li>\n<\/ul>\n<\/div>\n\t\t\t\t\t\t\t\t<\/div>\n\t\t\t\t<\/div>\n\t\t\t\t\t<\/div>\n\t\t<\/div>\n\t\t\t\t\t<\/div>\n\t\t<\/section>\n\t\t\t\t<section class=\"elementor-section elementor-top-section elementor-element elementor-element-c57369c elementor-section-full_width elementor-section-height-default elementor-section-height-default\" data-id=\"c57369c\" data-element_type=\"section\" data-e-type=\"section\">\n\t\t\t\t\t\t<div class=\"elementor-container elementor-column-gap-default\">\n\t\t\t\t\t<div class=\"elementor-column elementor-col-100 elementor-top-column elementor-element elementor-element-edfa13a\" data-id=\"edfa13a\" data-element_type=\"column\" data-e-type=\"column\">\n\t\t\t<div class=\"elementor-widget-wrap elementor-element-populated\">\n\t\t\t\t\t\t<section class=\"elementor-section elementor-inner-section elementor-element elementor-element-443c401 elementor-section-full_width elementor-section-height-default elementor-section-height-default\" data-id=\"443c401\" data-element_type=\"section\" data-e-type=\"section\">\n\t\t\t\t\t\t<div class=\"elementor-container elementor-column-gap-default\">\n\t\t\t\t\t<div class=\"elementor-column elementor-col-50 elementor-inner-column elementor-element elementor-element-b16844a\" data-id=\"b16844a\" data-element_type=\"column\" data-e-type=\"column\">\n\t\t\t<div class=\"elementor-widget-wrap elementor-element-populated\">\n\t\t\t\t\t\t<div class=\"elementor-element elementor-element-55ad7a4 elementor-widget elementor-widget-text-editor\" data-id=\"55ad7a4\" data-element_type=\"widget\" data-e-type=\"widget\" data-widget_type=\"text-editor.default\">\n\t\t\t\t<div class=\"elementor-widget-container\">\n\t\t\t\t\t\t\t\t\t<p><strong><span style=\"color: #000000;\">ANS\u00d6KAN  <\/span><\/strong><\/p>\n<ul>\n<li><span style=\"color: #000000;\">Injektionshartser av polyuretan \/ hartser av polyuretanskum<\/span><\/li>\n<li><span style=\"color: #000000;\">Epoxihartser<\/span><\/li>\n<li><span style=\"color: #000000;\">Silikater<\/span><\/li>\n<li><span style=\"color: #000000;\">Vattenhaltiga dispersioner<\/span><\/li>\n<li><span style=\"color: #000000;\">Akrylgeler<\/span><\/li>\n<li><span style=\"color: #000000;\">Cementhaltig suspension upp till en kornstorlek p\u00e5 0,5 mm<\/span><\/li>\n<\/ul>\n<p><strong><span style=\"color: #000000;\">TEKNISKA SPECIFIKATIONER<\/span><\/strong><\/p>\n<ul>\n<li><span style=\"color: #000000;\">material: st\u00e5l<\/span><\/li>\n<li><span style=\"color: #000000;\">Injektionsh\u00e5lets diameter: \u00d810<\/span><\/li>\n<li><span style=\"color: #000000;\">l\u00e4ngd: 150 mm<\/span><\/li>\n<li><span style=\"color: #000000;\">t\u00e4tningens l\u00e4ngd: 39 mm<\/span><\/li>\n<li><span style=\"color: #000000;\">kl\u00e4md: 10 mm<\/span><\/li>\n<li><span style=\"color: #000000;\">enkel t\u00e4tning<\/span><\/li>\n<li><span style=\"color: #000000;\">h\u00f6gsta t\u00e4thet<\/span><\/li>\n<li><span style=\"color: #000000;\">Kalamit SWG, PRE, FWG, FPRE<\/span><\/li>\n<\/ul>\n\t\t\t\t\t\t\t\t<\/div>\n\t\t\t\t<\/div>\n\t\t\t\t\t<\/div>\n\t\t<\/div>\n\t\t\t\t<div class=\"elementor-column elementor-col-50 elementor-inner-column elementor-element elementor-element-73f2e7c\" data-id=\"73f2e7c\" data-element_type=\"column\" data-e-type=\"column\">\n\t\t\t<div class=\"elementor-widget-wrap elementor-element-populated\">\n\t\t\t\t\t\t<div class=\"elementor-element elementor-element-6febaf7 elementor-widget elementor-widget-image\" data-id=\"6febaf7\" data-element_type=\"widget\" data-e-type=\"widget\" data-widget_type=\"image.default\">\n\t\t\t\t<div class=\"elementor-widget-container\">\n\t\t\t\t\t\t\t\t\t\t\t\t\t\t\t<img decoding=\"async\" src=\"https:\/\/www.pakery.pl\/wp-content\/uploads\/2023\/07\/PI-SPH-10150swg-.png\" title=\"PI-SPH 10:150swg-\" alt=\"\" loading=\"lazy\" \/>\t\t\t\t\t\t\t\t\t\t\t\t\t\t\t<\/div>\n\t\t\t\t<\/div>\n\t\t\t\t\t<\/div>\n\t\t<\/div>\n\t\t\t\t\t<\/div>\n\t\t<\/section>\n\t\t\t\t\t<\/div>\n\t\t<\/div>\n\t\t\t\t\t<\/div>\n\t\t<\/section>\n\t\t\t\t<section class=\"elementor-section elementor-top-section elementor-element elementor-element-d6fd31e elementor-section-full_width elementor-section-height-default elementor-section-height-default\" data-id=\"d6fd31e\" data-element_type=\"section\" data-e-type=\"section\">\n\t\t\t\t\t\t<div class=\"elementor-container elementor-column-gap-default\">\n\t\t\t\t\t<div class=\"elementor-column elementor-col-100 elementor-top-column elementor-element elementor-element-b660cb1\" data-id=\"b660cb1\" data-element_type=\"column\" data-e-type=\"column\">\n\t\t\t<div class=\"elementor-widget-wrap elementor-element-populated\">\n\t\t\t\t\t\t<section class=\"elementor-section elementor-inner-section elementor-element elementor-element-4d3e2df elementor-section-full_width elementor-section-height-default elementor-section-height-default\" data-id=\"4d3e2df\" data-element_type=\"section\" data-e-type=\"section\">\n\t\t\t\t\t\t<div class=\"elementor-container elementor-column-gap-default\">\n\t\t\t\t\t<div class=\"elementor-column elementor-col-100 elementor-inner-column elementor-element elementor-element-ca6463f\" data-id=\"ca6463f\" data-element_type=\"column\" data-e-type=\"column\">\n\t\t\t<div class=\"elementor-widget-wrap elementor-element-populated\">\n\t\t\t\t\t\t<div class=\"elementor-element elementor-element-a8c2918 elementor-widget elementor-widget-text-editor\" data-id=\"a8c2918\" data-element_type=\"widget\" data-e-type=\"widget\" data-widget_type=\"text-editor.default\">\n\t\t\t\t<div class=\"elementor-widget-container\">\n\t\t\t\t\t\t\t\t\t<p style=\"caret-color: #000000; color: #000000;\"><strong>Specialist HAMMPACK calamers<\/strong> &#8211; \u00e4r specialiserade ventiler som kan h\u00e5lla och leverera injektionsmedlet utan minsta f\u00f6rlust av material (oavsett om det \u00e4r en mycket l\u00e5gvisk\u00f6s injektionsharts eller akrylgel. eller mycket skummande polyuretanharts). De uppr\u00e4tth\u00e5ller mottrycket p\u00e5 ett f\u00f6red\u00f6mligt s\u00e4tt. Kort sagt, de l\u00e4cker inte.<\/p>\n<p style=\"caret-color: #000000; color: #000000;\"><strong>PRE, FPRE<\/strong> &#8211; g\u00e4ngorna p\u00e5 kalamiterna \u00e4r f\u00f6rbehandlade med en bel\u00e4ggning, vilket g\u00f6r att kalamiterna kan dras \u00e5t efter att hartset har fl\u00f6dat ut ur packaren, f\u00f6r att ventilera och kontrollera injektionen. F\u00f6rappliceringsskiktet f\u00f6rseglar omedelbart den g\u00e4ngade fogen, redo f\u00f6r ytterligare injektering. Denna typ av kalamit levereras utan \u00e5tdragning till injektorn.<\/p>\n<p style=\"caret-color: #000000; color: #000000;\"><strong>SWG och PRE calamers<\/strong> &#8211; \u00e4r calamers som \u00e4r mekaniskt \u00e5tdragna till injektionspackaren, tillsammans med ett lager av anaerobt lim. Denna kombination s\u00e4kerst\u00e4ller en exemplarisk t\u00e4thet i den g\u00e4ngade anslutningen.<\/p>\n<div class=\"_1bo4a _xu6h2 _1ylmp _2d49e_YrWCD\" style=\"caret-color: #000000; color: #000000;\">\n<div class=\"_1voj4 _z9prt _1xzdi _ai5yc _5d6n2 _15lj1\">\n<div class=\"_2d49e_5pK0q\">\n<ul>\n<li style=\"list-style-type: none;\"> <\/li>\n<\/ul>\n<\/div>\n<\/div>\n<\/div>\n\t\t\t\t\t\t\t\t<\/div>\n\t\t\t\t<\/div>\n\t\t\t\t\t<\/div>\n\t\t<\/div>\n\t\t\t\t\t<\/div>\n\t\t<\/section>\n\t\t\t\t\t<\/div>\n\t\t<\/div>\n\t\t\t\t\t<\/div>\n\t\t<\/section>\n\t\t\t\t<\/div>\n\t\t","protected":false},"excerpt":{"rendered":"<p>Den mest popul\u00e4ra storleken, det klistrande gummit biter sig till och med fast i ytan. Perfekt anpassad diameter f\u00f6r ett \u00d810 borrh\u00e5l. Registrera dig f\u00f6r att se v\u00e5r pacer-konfigurator. V\u00e4lj din typ av kalamit. F\u00d6RDELAR MED PACERS HAMMPACK \u00f6ka effektiviteten i f\u00f6rankringen av packaren i h\u00e5let genom att justera diametrarna och utbuktningarna p\u00e5 toppen av [&hellip;]<\/p>\n","protected":false},"featured_media":44925,"template":"","meta":{"_acf_changed":false},"product_brand":[],"product_cat":[726],"product_tag":[],"class_list":{"0":"post-45449","1":"product","2":"type-product","3":"status-publish","4":"has-post-thumbnail","6":"product_cat-hammpack-steel-packers","8":"first","9":"instock","10":"taxable","11":"shipping-taxable","12":"product-type-simple"},"acf":[],"yoast_head":"<!-- This site is optimized with the Yoast SEO plugin v27.3 - https:\/\/yoast.com\/product\/yoast-seo-wordpress\/ -->\n<title>Injection packer | Injection packer PI-SPH 10\/150 - PAKERY.PL%<\/title>\n<meta name=\"description\" content=\"Injektionsf\u00f6rpackare av h\u00f6gsta kvalitet. Hammpacks injektionspackare garanterar exemplarisk t\u00e4thet. V\u00e4lj din typ av kalamit !\" \/>\n<meta name=\"robots\" content=\"index, follow, max-snippet:-1, max-image-preview:large, max-video-preview:-1\" \/>\n<link rel=\"canonical\" href=\"https:\/\/www.pakery.pl\/sv\/produkt\/injektionspackare-pi-sph-10-150\/\" \/>\n<meta property=\"og:locale\" content=\"sv_SE\" \/>\n<meta property=\"og:type\" content=\"article\" \/>\n<meta property=\"og:title\" content=\"Injection packer | Injection packer PI-SPH 10\/150 - PAKERY.PL%\" \/>\n<meta property=\"og:description\" content=\"Injektionsf\u00f6rpackare av h\u00f6gsta kvalitet. Hammpacks injektionspackare garanterar exemplarisk t\u00e4thet. V\u00e4lj din typ av kalamit !\" \/>\n<meta property=\"og:url\" content=\"https:\/\/www.pakery.pl\/sv\/produkt\/injektionspackare-pi-sph-10-150\/\" \/>\n<meta property=\"og:site_name\" content=\"PAKERY.PL\" \/>\n<meta property=\"article:modified_time\" content=\"2023-07-21T12:15:12+00:00\" \/>\n<meta property=\"og:image\" content=\"https:\/\/www.pakery.pl\/wp-content\/uploads\/2023\/07\/PI-SPH-10150-ikona.png\" \/>\n\t<meta property=\"og:image:width\" content=\"683\" \/>\n\t<meta property=\"og:image:height\" content=\"683\" \/>\n\t<meta property=\"og:image:type\" content=\"image\/png\" \/>\n<meta name=\"twitter:card\" content=\"summary_large_image\" \/>\n<meta name=\"twitter:label1\" content=\"Ber\u00e4knad l\u00e4stid\" \/>\n\t<meta name=\"twitter:data1\" content=\"2 minuter\" \/>\n<script type=\"application\/ld+json\" class=\"yoast-schema-graph\">{\"@context\":\"https:\\\/\\\/schema.org\",\"@graph\":[{\"@type\":\"WebPage\",\"@id\":\"https:\\\/\\\/www.pakery.pl\\\/sv\\\/produkt\\\/injektionspackare-pi-sph-10-150\\\/\",\"url\":\"https:\\\/\\\/www.pakery.pl\\\/sv\\\/produkt\\\/injektionspackare-pi-sph-10-150\\\/\",\"name\":\"Injection packer | Injection packer PI-SPH 10\\\/150 - PAKERY.PL%\",\"isPartOf\":{\"@id\":\"https:\\\/\\\/www.pakery.pl\\\/sv\\\/#website\"},\"primaryImageOfPage\":{\"@id\":\"https:\\\/\\\/www.pakery.pl\\\/sv\\\/produkt\\\/injektionspackare-pi-sph-10-150\\\/#primaryimage\"},\"image\":{\"@id\":\"https:\\\/\\\/www.pakery.pl\\\/sv\\\/produkt\\\/injektionspackare-pi-sph-10-150\\\/#primaryimage\"},\"thumbnailUrl\":\"https:\\\/\\\/www.pakery.pl\\\/wp-content\\\/uploads\\\/2023\\\/07\\\/PI-SPH-10150-ikona.png\",\"datePublished\":\"2023-07-21T12:15:11+00:00\",\"dateModified\":\"2023-07-21T12:15:12+00:00\",\"description\":\"Injektionsf\u00f6rpackare av h\u00f6gsta kvalitet. Hammpacks injektionspackare garanterar exemplarisk t\u00e4thet. V\u00e4lj din typ av kalamit !\",\"breadcrumb\":{\"@id\":\"https:\\\/\\\/www.pakery.pl\\\/sv\\\/produkt\\\/injektionspackare-pi-sph-10-150\\\/#breadcrumb\"},\"inLanguage\":\"sv-SE\",\"potentialAction\":[{\"@type\":\"ReadAction\",\"target\":[\"https:\\\/\\\/www.pakery.pl\\\/sv\\\/produkt\\\/injektionspackare-pi-sph-10-150\\\/\"]}]},{\"@type\":\"ImageObject\",\"inLanguage\":\"sv-SE\",\"@id\":\"https:\\\/\\\/www.pakery.pl\\\/sv\\\/produkt\\\/injektionspackare-pi-sph-10-150\\\/#primaryimage\",\"url\":\"https:\\\/\\\/www.pakery.pl\\\/wp-content\\\/uploads\\\/2023\\\/07\\\/PI-SPH-10150-ikona.png\",\"contentUrl\":\"https:\\\/\\\/www.pakery.pl\\\/wp-content\\\/uploads\\\/2023\\\/07\\\/PI-SPH-10150-ikona.png\",\"width\":683,\"height\":683},{\"@type\":\"BreadcrumbList\",\"@id\":\"https:\\\/\\\/www.pakery.pl\\\/sv\\\/produkt\\\/injektionspackare-pi-sph-10-150\\\/#breadcrumb\",\"itemListElement\":[{\"@type\":\"ListItem\",\"position\":1,\"name\":\"Strona g\u0142\u00f3wna\",\"item\":\"https:\\\/\\\/www.pakery.pl\\\/sv\\\/\"},{\"@type\":\"ListItem\",\"position\":2,\"name\":\"Lagra\",\"item\":\"https:\\\/\\\/www.pakery.pl\\\/sv\\\/lagra\\\/\"},{\"@type\":\"ListItem\",\"position\":3,\"name\":\"Injektionspackare PI-SPH 10\\\/150\"}]},{\"@type\":\"WebSite\",\"@id\":\"https:\\\/\\\/www.pakery.pl\\\/sv\\\/#website\",\"url\":\"https:\\\/\\\/www.pakery.pl\\\/sv\\\/\",\"name\":\"Pakery.pl\",\"description\":\"Pakery iniekcyjne, Kotwy spiralne, Lance iniekcyjne, W\u0119\u017ce do iniekcji, Pompy iniekcyjne, Serwis pomp iniekcyjnych, Wynajem pomp do iniekcji\",\"publisher\":{\"@id\":\"https:\\\/\\\/www.pakery.pl\\\/sv\\\/#organization\"},\"potentialAction\":[{\"@type\":\"SearchAction\",\"target\":{\"@type\":\"EntryPoint\",\"urlTemplate\":\"https:\\\/\\\/www.pakery.pl\\\/sv\\\/?s={search_term_string}\"},\"query-input\":{\"@type\":\"PropertyValueSpecification\",\"valueRequired\":true,\"valueName\":\"search_term_string\"}}],\"inLanguage\":\"sv-SE\"},{\"@type\":\"Organization\",\"@id\":\"https:\\\/\\\/www.pakery.pl\\\/sv\\\/#organization\",\"name\":\"PAKERY.PL\",\"url\":\"https:\\\/\\\/www.pakery.pl\\\/sv\\\/\",\"logo\":{\"@type\":\"ImageObject\",\"inLanguage\":\"sv-SE\",\"@id\":\"https:\\\/\\\/www.pakery.pl\\\/sv\\\/#\\\/schema\\\/logo\\\/image\\\/\",\"url\":\"https:\\\/\\\/www.pakery.pl\\\/wp-content\\\/uploads\\\/2021\\\/04\\\/cropped-PAKERY-LOGO.png\",\"contentUrl\":\"https:\\\/\\\/www.pakery.pl\\\/wp-content\\\/uploads\\\/2021\\\/04\\\/cropped-PAKERY-LOGO.png\",\"width\":1529,\"height\":500,\"caption\":\"PAKERY.PL\"},\"image\":{\"@id\":\"https:\\\/\\\/www.pakery.pl\\\/sv\\\/#\\\/schema\\\/logo\\\/image\\\/\"}}]}<\/script>\n<!-- \/ Yoast SEO plugin. -->","yoast_head_json":{"title":"Injection packer | Injection packer PI-SPH 10\/150 - PAKERY.PL%","description":"Injektionsf\u00f6rpackare av h\u00f6gsta kvalitet. Hammpacks injektionspackare garanterar exemplarisk t\u00e4thet. V\u00e4lj din typ av kalamit !","robots":{"index":"index","follow":"follow","max-snippet":"max-snippet:-1","max-image-preview":"max-image-preview:large","max-video-preview":"max-video-preview:-1"},"canonical":"https:\/\/www.pakery.pl\/sv\/produkt\/injektionspackare-pi-sph-10-150\/","og_locale":"sv_SE","og_type":"article","og_title":"Injection packer | Injection packer PI-SPH 10\/150 - PAKERY.PL%","og_description":"Injektionsf\u00f6rpackare av h\u00f6gsta kvalitet. Hammpacks injektionspackare garanterar exemplarisk t\u00e4thet. V\u00e4lj din typ av kalamit !","og_url":"https:\/\/www.pakery.pl\/sv\/produkt\/injektionspackare-pi-sph-10-150\/","og_site_name":"PAKERY.PL","article_modified_time":"2023-07-21T12:15:12+00:00","og_image":[{"width":683,"height":683,"url":"https:\/\/www.pakery.pl\/wp-content\/uploads\/2023\/07\/PI-SPH-10150-ikona.png","type":"image\/png"}],"twitter_card":"summary_large_image","twitter_misc":{"Ber\u00e4knad l\u00e4stid":"2 minuter"},"schema":{"@context":"https:\/\/schema.org","@graph":[{"@type":"WebPage","@id":"https:\/\/www.pakery.pl\/sv\/produkt\/injektionspackare-pi-sph-10-150\/","url":"https:\/\/www.pakery.pl\/sv\/produkt\/injektionspackare-pi-sph-10-150\/","name":"Injection packer | Injection packer PI-SPH 10\/150 - PAKERY.PL%","isPartOf":{"@id":"https:\/\/www.pakery.pl\/sv\/#website"},"primaryImageOfPage":{"@id":"https:\/\/www.pakery.pl\/sv\/produkt\/injektionspackare-pi-sph-10-150\/#primaryimage"},"image":{"@id":"https:\/\/www.pakery.pl\/sv\/produkt\/injektionspackare-pi-sph-10-150\/#primaryimage"},"thumbnailUrl":"https:\/\/www.pakery.pl\/wp-content\/uploads\/2023\/07\/PI-SPH-10150-ikona.png","datePublished":"2023-07-21T12:15:11+00:00","dateModified":"2023-07-21T12:15:12+00:00","description":"Injektionsf\u00f6rpackare av h\u00f6gsta kvalitet. Hammpacks injektionspackare garanterar exemplarisk t\u00e4thet. V\u00e4lj din typ av kalamit !","breadcrumb":{"@id":"https:\/\/www.pakery.pl\/sv\/produkt\/injektionspackare-pi-sph-10-150\/#breadcrumb"},"inLanguage":"sv-SE","potentialAction":[{"@type":"ReadAction","target":["https:\/\/www.pakery.pl\/sv\/produkt\/injektionspackare-pi-sph-10-150\/"]}]},{"@type":"ImageObject","inLanguage":"sv-SE","@id":"https:\/\/www.pakery.pl\/sv\/produkt\/injektionspackare-pi-sph-10-150\/#primaryimage","url":"https:\/\/www.pakery.pl\/wp-content\/uploads\/2023\/07\/PI-SPH-10150-ikona.png","contentUrl":"https:\/\/www.pakery.pl\/wp-content\/uploads\/2023\/07\/PI-SPH-10150-ikona.png","width":683,"height":683},{"@type":"BreadcrumbList","@id":"https:\/\/www.pakery.pl\/sv\/produkt\/injektionspackare-pi-sph-10-150\/#breadcrumb","itemListElement":[{"@type":"ListItem","position":1,"name":"Strona g\u0142\u00f3wna","item":"https:\/\/www.pakery.pl\/sv\/"},{"@type":"ListItem","position":2,"name":"Lagra","item":"https:\/\/www.pakery.pl\/sv\/lagra\/"},{"@type":"ListItem","position":3,"name":"Injektionspackare PI-SPH 10\/150"}]},{"@type":"WebSite","@id":"https:\/\/www.pakery.pl\/sv\/#website","url":"https:\/\/www.pakery.pl\/sv\/","name":"Pakery.pl","description":"Pakery iniekcyjne, Kotwy spiralne, Lance iniekcyjne, W\u0119\u017ce do iniekcji, Pompy iniekcyjne, Serwis pomp iniekcyjnych, Wynajem pomp do iniekcji","publisher":{"@id":"https:\/\/www.pakery.pl\/sv\/#organization"},"potentialAction":[{"@type":"SearchAction","target":{"@type":"EntryPoint","urlTemplate":"https:\/\/www.pakery.pl\/sv\/?s={search_term_string}"},"query-input":{"@type":"PropertyValueSpecification","valueRequired":true,"valueName":"search_term_string"}}],"inLanguage":"sv-SE"},{"@type":"Organization","@id":"https:\/\/www.pakery.pl\/sv\/#organization","name":"PAKERY.PL","url":"https:\/\/www.pakery.pl\/sv\/","logo":{"@type":"ImageObject","inLanguage":"sv-SE","@id":"https:\/\/www.pakery.pl\/sv\/#\/schema\/logo\/image\/","url":"https:\/\/www.pakery.pl\/wp-content\/uploads\/2021\/04\/cropped-PAKERY-LOGO.png","contentUrl":"https:\/\/www.pakery.pl\/wp-content\/uploads\/2021\/04\/cropped-PAKERY-LOGO.png","width":1529,"height":500,"caption":"PAKERY.PL"},"image":{"@id":"https:\/\/www.pakery.pl\/sv\/#\/schema\/logo\/image\/"}}]}},"_links":{"self":[{"href":"https:\/\/www.pakery.pl\/sv\/wp-json\/wp\/v2\/product\/45449","targetHints":{"allow":["GET"]}}],"collection":[{"href":"https:\/\/www.pakery.pl\/sv\/wp-json\/wp\/v2\/product"}],"about":[{"href":"https:\/\/www.pakery.pl\/sv\/wp-json\/wp\/v2\/types\/product"}],"version-history":[{"count":1,"href":"https:\/\/www.pakery.pl\/sv\/wp-json\/wp\/v2\/product\/45449\/revisions"}],"predecessor-version":[{"id":45450,"href":"https:\/\/www.pakery.pl\/sv\/wp-json\/wp\/v2\/product\/45449\/revisions\/45450"}],"wp:featuredmedia":[{"embeddable":true,"href":"https:\/\/www.pakery.pl\/sv\/wp-json\/wp\/v2\/media\/44925"}],"wp:attachment":[{"href":"https:\/\/www.pakery.pl\/sv\/wp-json\/wp\/v2\/media?parent=45449"}],"wp:term":[{"taxonomy":"product_brand","embeddable":true,"href":"https:\/\/www.pakery.pl\/sv\/wp-json\/wp\/v2\/product_brand?post=45449"},{"taxonomy":"product_cat","embeddable":true,"href":"https:\/\/www.pakery.pl\/sv\/wp-json\/wp\/v2\/product_cat?post=45449"},{"taxonomy":"product_tag","embeddable":true,"href":"https:\/\/www.pakery.pl\/sv\/wp-json\/wp\/v2\/product_tag?post=45449"}],"curies":[{"name":"wp","href":"https:\/\/api.w.org\/{rel}","templated":true}]}}