{"id":44616,"date":"2023-04-06T12:36:39","date_gmt":"2023-04-06T10:36:39","guid":{"rendered":"https:\/\/www.pakery.pl\/produkt\/produkt-for-pumpunderhall\/"},"modified":"2023-04-06T12:36:40","modified_gmt":"2023-04-06T10:36:40","slug":"produkt-for-pumpunderhall","status":"publish","type":"product","link":"https:\/\/www.pakery.pl\/sv\/produkt\/produkt-for-pumpunderhall\/","title":{"rendered":"Produkt f\u00f6r pumpunderh\u00e5ll"},"content":{"rendered":"\t\t<div data-elementor-type=\"product-post\" data-elementor-id=\"44616\" class=\"elementor elementor-44616 elementor-3514\" data-elementor-post-type=\"product\">\n\t\t\t\t\t\t<section class=\"elementor-section elementor-top-section elementor-element elementor-element-8ddbad9 elementor-section-full_width elementor-section-height-default elementor-section-height-default\" data-id=\"8ddbad9\" data-element_type=\"section\" data-e-type=\"section\">\n\t\t\t\t\t\t<div class=\"elementor-container elementor-column-gap-default\">\n\t\t\t\t\t<div class=\"elementor-column elementor-col-100 elementor-top-column elementor-element elementor-element-50b441d\" data-id=\"50b441d\" data-element_type=\"column\" data-e-type=\"column\">\n\t\t\t<div class=\"elementor-widget-wrap elementor-element-populated\">\n\t\t\t\t\t\t<section class=\"elementor-section elementor-inner-section elementor-element elementor-element-16e0ca8 elementor-section-full_width elementor-section-height-default elementor-section-height-default\" data-id=\"16e0ca8\" data-element_type=\"section\" data-e-type=\"section\">\n\t\t\t\t\t\t<div class=\"elementor-container elementor-column-gap-default\">\n\t\t\t\t\t<div class=\"elementor-column elementor-col-50 elementor-inner-column elementor-element elementor-element-8f44681\" data-id=\"8f44681\" data-element_type=\"column\" data-e-type=\"column\">\n\t\t\t<div class=\"elementor-widget-wrap elementor-element-populated\">\n\t\t\t\t\t\t<div class=\"elementor-element elementor-element-fd982ca elementor-widget elementor-widget-text-editor\" data-id=\"fd982ca\" data-element_type=\"widget\" data-e-type=\"widget\" data-widget_type=\"text-editor.default\">\n\t\t\t\t<div class=\"elementor-widget-container\">\n\t\t\t\t\t\t\t\t\t<p><span style=\"color: #000000;\"> <\/span><span style=\"color: #000000; font-size: 1rem;\">En speciell sm\u00f6rjmassa f\u00f6r injektionspumpar f\u00f6r att f\u00f6rl\u00e4nga enhetens livsl\u00e4ngd.<\/span><\/p>\n<p><span style=\"color: #000000;\">Perfekt f\u00f6r att testa enheten, f\u00f6r sm\u00f6rjning efter varje reng\u00f6ring.<\/span><\/p>\n<p><strong><span style=\"color: #000000;\">Medlet kan l\u00e4mnas kvar i pumpen utan att du beh\u00f6ver oroa dig f\u00f6r t\u00e4tningarna.<\/span><\/strong><\/p>\n<p><span style=\"color: #000000;\">Om du vill att manometern ska fungera efter att injektionen har avslutats ska du anv\u00e4nda PI-SAVER sm\u00f6rjmedel f\u00f6re och efter varje injektion:<\/span><\/p>\n<ol>\n<li><span style=\"color: #000000;\">H\u00e4ll olja i pumpen s\u00e5 att du kan skapa pumpens maximala tryck med ventilen st\u00e4ngd &#8211; kom ih\u00e5g att de flesta insprutningspumpar inte b\u00f6r g\u00e5 utan v\u00e4tska. PI-SAVER ska n\u00e5 ut till Bourdonfj\u00e4derr\u00f6rets utrymme och stanna d\u00e4r under hela injektionen &#8211; om det l\u00e4mnas d\u00e4r h\u00e5rdnar injektionsmedlet och manometern slutar att fungera eller stannar vid &#8221;visst tryck&#8221;.<\/span><\/li>\n<li><span style=\"color: #000000;\">Du har ocks\u00e5 m\u00f6jlighet att kontrollera att pumpen fungerar som den ska.<\/span><\/li>\n<li><span style=\"color: #000000;\">T\u00f6m oljan och h\u00e4ll i en liten m\u00e4ngd harts (om det \u00e4r ett tv\u00e5komponentsharts blandas det ordentligt).<\/span><\/li>\n<\/ol>\n\t\t\t\t\t\t\t\t<\/div>\n\t\t\t\t<\/div>\n\t\t\t\t\t<\/div>\n\t\t<\/div>\n\t\t\t\t<div class=\"elementor-column elementor-col-50 elementor-inner-column elementor-element elementor-element-7c9e0c2\" data-id=\"7c9e0c2\" data-element_type=\"column\" data-e-type=\"column\">\n\t\t\t<div class=\"elementor-widget-wrap elementor-element-populated\">\n\t\t\t\t\t\t<div class=\"elementor-element elementor-element-e90fc85 elementor-widget elementor-widget-image\" data-id=\"e90fc85\" data-element_type=\"widget\" data-e-type=\"widget\" data-widget_type=\"image.default\">\n\t\t\t\t<div class=\"elementor-widget-container\">\n\t\t\t\t\t\t\t\t\t\t\t\t\t\t\t<img decoding=\"async\" src=\"https:\/\/www.pakery.pl\/wp-content\/uploads\/elementor\/thumbs\/Cleaner-saver-e1656666513907-pr492e5l1e25c0drmwaud5p33fu5gly4vwleodw0p4.png\" title=\"Saver\" alt=\"Saver\" loading=\"lazy\" \/>\t\t\t\t\t\t\t\t\t\t\t\t\t\t\t<\/div>\n\t\t\t\t<\/div>\n\t\t\t\t\t<\/div>\n\t\t<\/div>\n\t\t\t\t\t<\/div>\n\t\t<\/section>\n\t\t\t\t\t<\/div>\n\t\t<\/div>\n\t\t\t\t\t<\/div>\n\t\t<\/section>\n\t\t\t\t<\/div>\n\t\t","protected":false},"excerpt":{"rendered":"<p>En speciell sm\u00f6rjmassa f\u00f6r injektionspumpar f\u00f6r att f\u00f6rl\u00e4nga enhetens livsl\u00e4ngd. Perfekt f\u00f6r att testa enheten, f\u00f6r sm\u00f6rjning efter varje reng\u00f6ring. Medlet kan l\u00e4mnas kvar i pumpen utan att du beh\u00f6ver oroa dig f\u00f6r t\u00e4tningarna. Om du vill att manometern ska fungera efter att injektionen har avslutats ska du anv\u00e4nda PI-SAVER sm\u00f6rjmedel f\u00f6re och efter varje [&hellip;]<\/p>\n","protected":false},"featured_media":40511,"template":"","meta":{"_acf_changed":false},"product_brand":[],"product_cat":[1910,720],"product_tag":[],"class_list":{"0":"post-44616","1":"product","2":"type-product","3":"status-publish","4":"has-post-thumbnail","6":"product_cat-injektionshartser","7":"product_cat-injektionstillbehor","8":"pa_pojemnosc-1l-sv","9":"pa_pojemnosc-5l-sv","10":"pa_przylacza-i-czyszczenie-anslutningar-och-stadning","12":"first","13":"instock","14":"taxable","15":"shipping-taxable","16":"purchasable","17":"product-type-variable"},"acf":[],"yoast_head":"<!-- This site is optimized with the Yoast SEO plugin v27.3 - https:\/\/yoast.com\/product\/yoast-seo-wordpress\/ -->\n<title>Produkt f\u00f6r pumpunderh\u00e5ll % - PAKERY.PL% | Insprutningspumpar<\/title>\n<meta name=\"description\" content=\"Pumpkonserveringsmedel | En speciell sm\u00f6rjmassa f\u00f6r injektionspumpar f\u00f6r att f\u00f6rl\u00e4nga enhetens livsl\u00e4ngd.\" \/>\n<meta name=\"robots\" content=\"index, follow, max-snippet:-1, max-image-preview:large, max-video-preview:-1\" \/>\n<link rel=\"canonical\" href=\"https:\/\/www.pakery.pl\/sv\/produkt\/produkt-for-pumpunderhall\/\" \/>\n<meta property=\"og:locale\" content=\"sv_SE\" \/>\n<meta property=\"og:type\" content=\"article\" \/>\n<meta property=\"og:title\" content=\"Produkt f\u00f6r pumpunderh\u00e5ll % - PAKERY.PL% | Insprutningspumpar\" \/>\n<meta property=\"og:description\" content=\"Pumpkonserveringsmedel | En speciell sm\u00f6rjmassa f\u00f6r injektionspumpar f\u00f6r att f\u00f6rl\u00e4nga enhetens livsl\u00e4ngd.\" \/>\n<meta property=\"og:url\" content=\"https:\/\/www.pakery.pl\/sv\/produkt\/produkt-for-pumpunderhall\/\" \/>\n<meta property=\"og:site_name\" content=\"PAKERY.PL\" \/>\n<meta property=\"article:modified_time\" content=\"2023-04-06T10:36:40+00:00\" \/>\n<meta property=\"og:image\" content=\"https:\/\/www.pakery.pl\/wp-content\/uploads\/2022\/06\/Cleaner-saver-e1656666513907.png\" \/>\n\t<meta property=\"og:image:width\" content=\"850\" \/>\n\t<meta property=\"og:image:height\" content=\"768\" \/>\n\t<meta property=\"og:image:type\" content=\"image\/png\" \/>\n<meta name=\"twitter:card\" content=\"summary_large_image\" \/>\n<meta name=\"twitter:label1\" content=\"Ber\u00e4knad l\u00e4stid\" \/>\n\t<meta name=\"twitter:data1\" content=\"1 minut\" \/>\n<script type=\"application\/ld+json\" class=\"yoast-schema-graph\">{\"@context\":\"https:\\\/\\\/schema.org\",\"@graph\":[{\"@type\":\"WebPage\",\"@id\":\"https:\\\/\\\/www.pakery.pl\\\/sv\\\/produkt\\\/produkt-for-pumpunderhall\\\/\",\"url\":\"https:\\\/\\\/www.pakery.pl\\\/sv\\\/produkt\\\/produkt-for-pumpunderhall\\\/\",\"name\":\"Produkt f\u00f6r pumpunderh\u00e5ll % - PAKERY.PL% | Insprutningspumpar\",\"isPartOf\":{\"@id\":\"https:\\\/\\\/www.pakery.pl\\\/sv\\\/#website\"},\"primaryImageOfPage\":{\"@id\":\"https:\\\/\\\/www.pakery.pl\\\/sv\\\/produkt\\\/produkt-for-pumpunderhall\\\/#primaryimage\"},\"image\":{\"@id\":\"https:\\\/\\\/www.pakery.pl\\\/sv\\\/produkt\\\/produkt-for-pumpunderhall\\\/#primaryimage\"},\"thumbnailUrl\":\"https:\\\/\\\/www.pakery.pl\\\/wp-content\\\/uploads\\\/2022\\\/06\\\/Cleaner-saver-e1656666513907.png\",\"datePublished\":\"2023-04-06T10:36:39+00:00\",\"dateModified\":\"2023-04-06T10:36:40+00:00\",\"description\":\"Pumpkonserveringsmedel | En speciell sm\u00f6rjmassa f\u00f6r injektionspumpar f\u00f6r att f\u00f6rl\u00e4nga enhetens livsl\u00e4ngd.\",\"breadcrumb\":{\"@id\":\"https:\\\/\\\/www.pakery.pl\\\/sv\\\/produkt\\\/produkt-for-pumpunderhall\\\/#breadcrumb\"},\"inLanguage\":\"sv-SE\",\"potentialAction\":[{\"@type\":\"ReadAction\",\"target\":[\"https:\\\/\\\/www.pakery.pl\\\/sv\\\/produkt\\\/produkt-for-pumpunderhall\\\/\"]}]},{\"@type\":\"ImageObject\",\"inLanguage\":\"sv-SE\",\"@id\":\"https:\\\/\\\/www.pakery.pl\\\/sv\\\/produkt\\\/produkt-for-pumpunderhall\\\/#primaryimage\",\"url\":\"https:\\\/\\\/www.pakery.pl\\\/wp-content\\\/uploads\\\/2022\\\/06\\\/Cleaner-saver-e1656666513907.png\",\"contentUrl\":\"https:\\\/\\\/www.pakery.pl\\\/wp-content\\\/uploads\\\/2022\\\/06\\\/Cleaner-saver-e1656666513907.png\",\"width\":850,\"height\":768},{\"@type\":\"BreadcrumbList\",\"@id\":\"https:\\\/\\\/www.pakery.pl\\\/sv\\\/produkt\\\/produkt-for-pumpunderhall\\\/#breadcrumb\",\"itemListElement\":[{\"@type\":\"ListItem\",\"position\":1,\"name\":\"Strona g\u0142\u00f3wna\",\"item\":\"https:\\\/\\\/www.pakery.pl\\\/sv\\\/\"},{\"@type\":\"ListItem\",\"position\":2,\"name\":\"Lagra\",\"item\":\"https:\\\/\\\/www.pakery.pl\\\/sv\\\/lagra\\\/\"},{\"@type\":\"ListItem\",\"position\":3,\"name\":\"Produkt f\u00f6r pumpunderh\u00e5ll\"}]},{\"@type\":\"WebSite\",\"@id\":\"https:\\\/\\\/www.pakery.pl\\\/sv\\\/#website\",\"url\":\"https:\\\/\\\/www.pakery.pl\\\/sv\\\/\",\"name\":\"Pakery.pl\",\"description\":\"Pakery iniekcyjne, Kotwy spiralne, Lance iniekcyjne, W\u0119\u017ce do iniekcji, Pompy iniekcyjne, Serwis pomp iniekcyjnych, Wynajem pomp do iniekcji\",\"publisher\":{\"@id\":\"https:\\\/\\\/www.pakery.pl\\\/sv\\\/#organization\"},\"potentialAction\":[{\"@type\":\"SearchAction\",\"target\":{\"@type\":\"EntryPoint\",\"urlTemplate\":\"https:\\\/\\\/www.pakery.pl\\\/sv\\\/?s={search_term_string}\"},\"query-input\":{\"@type\":\"PropertyValueSpecification\",\"valueRequired\":true,\"valueName\":\"search_term_string\"}}],\"inLanguage\":\"sv-SE\"},{\"@type\":\"Organization\",\"@id\":\"https:\\\/\\\/www.pakery.pl\\\/sv\\\/#organization\",\"name\":\"PAKERY.PL\",\"url\":\"https:\\\/\\\/www.pakery.pl\\\/sv\\\/\",\"logo\":{\"@type\":\"ImageObject\",\"inLanguage\":\"sv-SE\",\"@id\":\"https:\\\/\\\/www.pakery.pl\\\/sv\\\/#\\\/schema\\\/logo\\\/image\\\/\",\"url\":\"https:\\\/\\\/www.pakery.pl\\\/wp-content\\\/uploads\\\/2021\\\/04\\\/cropped-PAKERY-LOGO.png\",\"contentUrl\":\"https:\\\/\\\/www.pakery.pl\\\/wp-content\\\/uploads\\\/2021\\\/04\\\/cropped-PAKERY-LOGO.png\",\"width\":1529,\"height\":500,\"caption\":\"PAKERY.PL\"},\"image\":{\"@id\":\"https:\\\/\\\/www.pakery.pl\\\/sv\\\/#\\\/schema\\\/logo\\\/image\\\/\"}}]}<\/script>\n<!-- \/ Yoast SEO plugin. -->","yoast_head_json":{"title":"Produkt f\u00f6r pumpunderh\u00e5ll % - PAKERY.PL% | Insprutningspumpar","description":"Pumpkonserveringsmedel | En speciell sm\u00f6rjmassa f\u00f6r injektionspumpar f\u00f6r att f\u00f6rl\u00e4nga enhetens livsl\u00e4ngd.","robots":{"index":"index","follow":"follow","max-snippet":"max-snippet:-1","max-image-preview":"max-image-preview:large","max-video-preview":"max-video-preview:-1"},"canonical":"https:\/\/www.pakery.pl\/sv\/produkt\/produkt-for-pumpunderhall\/","og_locale":"sv_SE","og_type":"article","og_title":"Produkt f\u00f6r pumpunderh\u00e5ll % - PAKERY.PL% | Insprutningspumpar","og_description":"Pumpkonserveringsmedel | En speciell sm\u00f6rjmassa f\u00f6r injektionspumpar f\u00f6r att f\u00f6rl\u00e4nga enhetens livsl\u00e4ngd.","og_url":"https:\/\/www.pakery.pl\/sv\/produkt\/produkt-for-pumpunderhall\/","og_site_name":"PAKERY.PL","article_modified_time":"2023-04-06T10:36:40+00:00","og_image":[{"width":850,"height":768,"url":"https:\/\/www.pakery.pl\/wp-content\/uploads\/2022\/06\/Cleaner-saver-e1656666513907.png","type":"image\/png"}],"twitter_card":"summary_large_image","twitter_misc":{"Ber\u00e4knad l\u00e4stid":"1 minut"},"schema":{"@context":"https:\/\/schema.org","@graph":[{"@type":"WebPage","@id":"https:\/\/www.pakery.pl\/sv\/produkt\/produkt-for-pumpunderhall\/","url":"https:\/\/www.pakery.pl\/sv\/produkt\/produkt-for-pumpunderhall\/","name":"Produkt f\u00f6r pumpunderh\u00e5ll % - PAKERY.PL% | Insprutningspumpar","isPartOf":{"@id":"https:\/\/www.pakery.pl\/sv\/#website"},"primaryImageOfPage":{"@id":"https:\/\/www.pakery.pl\/sv\/produkt\/produkt-for-pumpunderhall\/#primaryimage"},"image":{"@id":"https:\/\/www.pakery.pl\/sv\/produkt\/produkt-for-pumpunderhall\/#primaryimage"},"thumbnailUrl":"https:\/\/www.pakery.pl\/wp-content\/uploads\/2022\/06\/Cleaner-saver-e1656666513907.png","datePublished":"2023-04-06T10:36:39+00:00","dateModified":"2023-04-06T10:36:40+00:00","description":"Pumpkonserveringsmedel | En speciell sm\u00f6rjmassa f\u00f6r injektionspumpar f\u00f6r att f\u00f6rl\u00e4nga enhetens livsl\u00e4ngd.","breadcrumb":{"@id":"https:\/\/www.pakery.pl\/sv\/produkt\/produkt-for-pumpunderhall\/#breadcrumb"},"inLanguage":"sv-SE","potentialAction":[{"@type":"ReadAction","target":["https:\/\/www.pakery.pl\/sv\/produkt\/produkt-for-pumpunderhall\/"]}]},{"@type":"ImageObject","inLanguage":"sv-SE","@id":"https:\/\/www.pakery.pl\/sv\/produkt\/produkt-for-pumpunderhall\/#primaryimage","url":"https:\/\/www.pakery.pl\/wp-content\/uploads\/2022\/06\/Cleaner-saver-e1656666513907.png","contentUrl":"https:\/\/www.pakery.pl\/wp-content\/uploads\/2022\/06\/Cleaner-saver-e1656666513907.png","width":850,"height":768},{"@type":"BreadcrumbList","@id":"https:\/\/www.pakery.pl\/sv\/produkt\/produkt-for-pumpunderhall\/#breadcrumb","itemListElement":[{"@type":"ListItem","position":1,"name":"Strona g\u0142\u00f3wna","item":"https:\/\/www.pakery.pl\/sv\/"},{"@type":"ListItem","position":2,"name":"Lagra","item":"https:\/\/www.pakery.pl\/sv\/lagra\/"},{"@type":"ListItem","position":3,"name":"Produkt f\u00f6r pumpunderh\u00e5ll"}]},{"@type":"WebSite","@id":"https:\/\/www.pakery.pl\/sv\/#website","url":"https:\/\/www.pakery.pl\/sv\/","name":"Pakery.pl","description":"Pakery iniekcyjne, Kotwy spiralne, Lance iniekcyjne, W\u0119\u017ce do iniekcji, Pompy iniekcyjne, Serwis pomp iniekcyjnych, Wynajem pomp do iniekcji","publisher":{"@id":"https:\/\/www.pakery.pl\/sv\/#organization"},"potentialAction":[{"@type":"SearchAction","target":{"@type":"EntryPoint","urlTemplate":"https:\/\/www.pakery.pl\/sv\/?s={search_term_string}"},"query-input":{"@type":"PropertyValueSpecification","valueRequired":true,"valueName":"search_term_string"}}],"inLanguage":"sv-SE"},{"@type":"Organization","@id":"https:\/\/www.pakery.pl\/sv\/#organization","name":"PAKERY.PL","url":"https:\/\/www.pakery.pl\/sv\/","logo":{"@type":"ImageObject","inLanguage":"sv-SE","@id":"https:\/\/www.pakery.pl\/sv\/#\/schema\/logo\/image\/","url":"https:\/\/www.pakery.pl\/wp-content\/uploads\/2021\/04\/cropped-PAKERY-LOGO.png","contentUrl":"https:\/\/www.pakery.pl\/wp-content\/uploads\/2021\/04\/cropped-PAKERY-LOGO.png","width":1529,"height":500,"caption":"PAKERY.PL"},"image":{"@id":"https:\/\/www.pakery.pl\/sv\/#\/schema\/logo\/image\/"}}]}},"_links":{"self":[{"href":"https:\/\/www.pakery.pl\/sv\/wp-json\/wp\/v2\/product\/44616","targetHints":{"allow":["GET"]}}],"collection":[{"href":"https:\/\/www.pakery.pl\/sv\/wp-json\/wp\/v2\/product"}],"about":[{"href":"https:\/\/www.pakery.pl\/sv\/wp-json\/wp\/v2\/types\/product"}],"version-history":[{"count":1,"href":"https:\/\/www.pakery.pl\/sv\/wp-json\/wp\/v2\/product\/44616\/revisions"}],"predecessor-version":[{"id":44619,"href":"https:\/\/www.pakery.pl\/sv\/wp-json\/wp\/v2\/product\/44616\/revisions\/44619"}],"wp:featuredmedia":[{"embeddable":true,"href":"https:\/\/www.pakery.pl\/sv\/wp-json\/wp\/v2\/media\/40511"}],"wp:attachment":[{"href":"https:\/\/www.pakery.pl\/sv\/wp-json\/wp\/v2\/media?parent=44616"}],"wp:term":[{"taxonomy":"product_brand","embeddable":true,"href":"https:\/\/www.pakery.pl\/sv\/wp-json\/wp\/v2\/product_brand?post=44616"},{"taxonomy":"product_cat","embeddable":true,"href":"https:\/\/www.pakery.pl\/sv\/wp-json\/wp\/v2\/product_cat?post=44616"},{"taxonomy":"product_tag","embeddable":true,"href":"https:\/\/www.pakery.pl\/sv\/wp-json\/wp\/v2\/product_tag?post=44616"}],"curies":[{"name":"wp","href":"https:\/\/api.w.org\/{rel}","templated":true}]}}