{"id":15754,"date":"2021-04-11T09:32:59","date_gmt":"2021-08-11T05:39:37","guid":{"rendered":"https:\/\/www.pakery.pl\/produkt\/injektionsforpackare-pi-sph-10-110\/"},"modified":"2021-08-11T07:39:40","modified_gmt":"2021-08-11T05:39:40","slug":"injektionsforpackare-pi-sph-10-110","status":"publish","type":"product","link":"https:\/\/www.pakery.pl\/sv\/produkt\/injektionsforpackare-pi-sph-10-110\/","title":{"rendered":"Injektionsf\u00f6rpackare PI-SPH 10\/110"},"content":{"rendered":"\t\t<div data-elementor-type=\"product-post\" data-elementor-id=\"15754\" class=\"elementor elementor-15754 elementor-1311\" data-elementor-post-type=\"product\">\n\t\t\t\t\t\t<section class=\"elementor-section elementor-top-section elementor-element elementor-element-372761f4 elementor-section-full_width elementor-section-height-default elementor-section-height-default\" data-id=\"372761f4\" data-element_type=\"section\" data-e-type=\"section\">\n\t\t\t\t\t\t<div class=\"elementor-container elementor-column-gap-default\">\n\t\t\t\t\t<div class=\"elementor-column elementor-col-100 elementor-top-column elementor-element elementor-element-4c118763\" data-id=\"4c118763\" data-element_type=\"column\" data-e-type=\"column\">\n\t\t\t<div class=\"elementor-widget-wrap elementor-element-populated\">\n\t\t\t\t\t\t<div class=\"elementor-element elementor-element-67b15f13 elementor-widget elementor-widget-text-editor\" data-id=\"67b15f13\" data-element_type=\"widget\" data-e-type=\"widget\" data-widget_type=\"text-editor.default\">\n\t\t\t\t<div class=\"elementor-widget-container\">\n\t\t\t\t\t\t\t\t\t<div>\n<div>\n<div>\n<p><span style=\"color: #000000;\"> <\/span><span style=\"font-size: 1rem; color: #000000;\">Den mest popul\u00e4ra storlek, klibbigt gummi biter till och med i ytan. <\/span><b style=\"font-size: 1rem; color: #000000;\">Perfekt matchad diameter f\u00f6r h\u00e5let \u00d810.<\/b><\/p>\n<p><span style=\"caret-color: #000000; color: #808080;\"><em><b>Registrera dig f\u00f6r att se v\u00e5r paketkonfigurator. V\u00e4lj din typ av kalamit.<\/b><\/em><\/span><b style=\"font-size: 1rem; color: #000000;\"><br \/><\/b><\/p>\n<p><span style=\"caret-color: #000000; color: #000000;\"><em><b> <\/b><\/em><\/span><\/p>\n<\/div>\n<\/div>\n<\/div>\n<div>\n<h2> <\/h2>\n<h2><span style=\"color: #000000;\"><img fetchpriority=\"high\" decoding=\"async\" src=\"https:\/\/www.pakery.pl\/wp-content\/uploads\/2021\/05\/baner-sph-10.png\" alt=\"\" width=\"1800\" height=\"300\"><\/span><\/h2>\n<h2><span style=\"color: #000000;\"> <\/span><\/h2>\n<p><span style=\"color: #000000;\"><span style=\"caret-color: #000000;\"><b>F\u00d6RDELAR<\/b><\/span><\/span> <span style=\"color: #000000;\"><span style=\"caret-color: #000000;\"><b>MED HAMPACKPACKAR<\/b><\/span><\/span><\/p>\n<ul style=\"font-size: 16px;\">\n<li><span style=\"color: #000000;\">\u00f6ka effektiviteten av f\u00f6rankring av packaren i h\u00e5let, genom att justera diametrar och utbuktningar p\u00e5 den \u00f6vre delen av det expanderande gummit, underl\u00e4ttar det att f\u00e5nga vidh\u00e4ftning och korrekt f\u00f6rankring (detta m\u00f6jligg\u00f6r en betydande acceleration av packarinstallationen och \u00f6kad t\u00e4thet)<\/span><\/li>\n<li><span style=\"color: #000000;\">\u00f6kad styrka och repeterbarhet av expansionsgummi, justering av gummiblandningen och kylningsprocessen (genom temperaturkontroll), g\u00f6r injektorn motst\u00e5ndskraftig mot gummirivning och gummi som faller ut fr\u00e5n brickorna.<\/span><\/li>\n<\/ul>\n<\/div>\n\t\t\t\t\t\t\t\t<\/div>\n\t\t\t\t<\/div>\n\t\t\t\t\t<\/div>\n\t\t<\/div>\n\t\t\t\t\t<\/div>\n\t\t<\/section>\n\t\t\t\t<section class=\"elementor-section elementor-top-section elementor-element elementor-element-dffc7ff elementor-section-full_width elementor-section-height-default elementor-section-height-default\" data-id=\"dffc7ff\" data-element_type=\"section\" data-e-type=\"section\">\n\t\t\t\t\t\t<div class=\"elementor-container elementor-column-gap-default\">\n\t\t\t\t\t<div class=\"elementor-column elementor-col-100 elementor-top-column elementor-element elementor-element-da16cbb\" data-id=\"da16cbb\" data-element_type=\"column\" data-e-type=\"column\">\n\t\t\t<div class=\"elementor-widget-wrap elementor-element-populated\">\n\t\t\t\t\t\t<section class=\"elementor-section elementor-inner-section elementor-element elementor-element-b82b221 elementor-section-full_width elementor-section-height-default elementor-section-height-default\" data-id=\"b82b221\" data-element_type=\"section\" data-e-type=\"section\">\n\t\t\t\t\t\t<div class=\"elementor-container elementor-column-gap-default\">\n\t\t\t\t\t<div class=\"elementor-column elementor-col-50 elementor-inner-column elementor-element elementor-element-f95e47d\" data-id=\"f95e47d\" data-element_type=\"column\" data-e-type=\"column\">\n\t\t\t<div class=\"elementor-widget-wrap elementor-element-populated\">\n\t\t\t\t\t\t<div class=\"elementor-element elementor-element-477b981 elementor-widget elementor-widget-text-editor\" data-id=\"477b981\" data-element_type=\"widget\" data-e-type=\"widget\" data-widget_type=\"text-editor.default\">\n\t\t\t\t<div class=\"elementor-widget-container\">\n\t\t\t\t\t\t\t\t\t<p><strong><span style=\"color: #000000;\">ANS\u00d6KAN <\/span><\/strong><\/p>\n<ul>\n<li><span style=\"color: #000000;\">Injektionsharts av polyuretan \/ polyuretan<\/span><\/li>\n<li><span style=\"color: #000000;\">Epoxihartser<\/span><\/li>\n<li><span style=\"color: #000000;\">Silikater<\/span><\/li>\n<li><span style=\"color: #000000;\">Vattendispersioner<\/span><\/li>\n<li><span style=\"color: #000000;\">Akrylgeler<\/span><\/li>\n<li><span style=\"color: #000000;\">Cementupph\u00e4ngningar upp till en kornstorlek p\u00e5 0,5 mm<\/span><\/li>\n<\/ul>\n<p><strong><span style=\"color: #000000;\">TEKNISKA SPECIFIKATIONER<\/span><\/strong><\/p>\n<ul>\n<li><span style=\"color: #000000;\">Material: st\u00e5l<\/span><\/li>\n<li><span style=\"color: #000000;\">injektionsh\u00e5lets diameter: \u00d810<\/span><\/li>\n<li><span style=\"color: #000000;\">l\u00e4ngd: 110 mm<\/span><\/li>\n<li><span style=\"color: #000000;\">t\u00e4tningsl\u00e4ngd: 37 mm<\/span><\/li>\n<li><span style=\"color: #000000;\">nyckel: 10 mm<\/span><\/li>\n<li><span style=\"color: #000000;\">enda t\u00e4tning<\/span><\/li>\n<li><span style=\"color: #000000;\">h\u00f6gsta t\u00e4thet<\/span><\/li>\n<li><span style=\"color: #000000;\">Kalamitka SWG, PRE, FWG, FPRE<\/span><\/li>\n<\/ul>\n\t\t\t\t\t\t\t\t<\/div>\n\t\t\t\t<\/div>\n\t\t\t\t\t<\/div>\n\t\t<\/div>\n\t\t\t\t<div class=\"elementor-column elementor-col-50 elementor-inner-column elementor-element elementor-element-2c41641\" data-id=\"2c41641\" data-element_type=\"column\" data-e-type=\"column\">\n\t\t\t<div class=\"elementor-widget-wrap elementor-element-populated\">\n\t\t\t\t\t\t<div class=\"elementor-element elementor-element-e983ff9 elementor-widget elementor-widget-image\" data-id=\"e983ff9\" data-element_type=\"widget\" data-e-type=\"widget\" data-widget_type=\"image.default\">\n\t\t\t\t<div class=\"elementor-widget-container\">\n\t\t\t\t\t\t\t\t\t\t\t\t\t\t\t<img decoding=\"async\" src=\"https:\/\/www.pakery.pl\/wp-content\/uploads\/elementor\/thumbs\/pi-sph-10110swg-pb4di5ftcxz6keqdfauysso0c59zrjugzibts70r7c.png\" title=\"pi-sph 10: 110swg\" alt=\"pi-sph 10: 110swg\" loading=\"lazy\" \/>\t\t\t\t\t\t\t\t\t\t\t\t\t\t\t<\/div>\n\t\t\t\t<\/div>\n\t\t\t\t\t<\/div>\n\t\t<\/div>\n\t\t\t\t\t<\/div>\n\t\t<\/section>\n\t\t\t\t\t<\/div>\n\t\t<\/div>\n\t\t\t\t\t<\/div>\n\t\t<\/section>\n\t\t\t\t<section class=\"elementor-section elementor-top-section elementor-element elementor-element-3de4684 elementor-section-full_width elementor-section-height-default elementor-section-height-default\" data-id=\"3de4684\" data-element_type=\"section\" data-e-type=\"section\">\n\t\t\t\t\t\t<div class=\"elementor-container elementor-column-gap-default\">\n\t\t\t\t\t<div class=\"elementor-column elementor-col-100 elementor-top-column elementor-element elementor-element-b956979\" data-id=\"b956979\" data-element_type=\"column\" data-e-type=\"column\">\n\t\t\t<div class=\"elementor-widget-wrap elementor-element-populated\">\n\t\t\t\t\t\t<section class=\"elementor-section elementor-inner-section elementor-element elementor-element-5d005de elementor-section-full_width elementor-section-height-default elementor-section-height-default\" data-id=\"5d005de\" data-element_type=\"section\" data-e-type=\"section\">\n\t\t\t\t\t\t<div class=\"elementor-container elementor-column-gap-default\">\n\t\t\t\t\t<div class=\"elementor-column elementor-col-100 elementor-inner-column elementor-element elementor-element-1bcef65\" data-id=\"1bcef65\" data-element_type=\"column\" data-e-type=\"column\">\n\t\t\t<div class=\"elementor-widget-wrap elementor-element-populated\">\n\t\t\t\t\t\t<div class=\"elementor-element elementor-element-3e1b10d elementor-widget elementor-widget-text-editor\" data-id=\"3e1b10d\" data-element_type=\"widget\" data-e-type=\"widget\" data-widget_type=\"text-editor.default\">\n\t\t\t\t<div class=\"elementor-widget-container\">\n\t\t\t\t\t\t\t\t\t<p style=\"caret-color: #000000; color: #000000;\"><strong>Specialist HAMMPACK -kalendrar<\/strong> &#8211; de \u00e4r specialventiler som kan h\u00e5lla och mata injektionen utan den minsta f\u00f6rlusten av materialet (oavsett om det \u00e4r ett injektionsharts med mycket l\u00e5g viskositet, akrylgel eller mycket skumbart polyuretanharts). De h\u00e5ller baktrycket perfekt. Med ett ord l\u00e4cker de inte ut.<\/p>\n<p style=\"caret-color: #000000; color: #000000;\"><strong>Kalamitki typ PRE, FPRE<\/strong> &#8211; f\u00f6rbelagda bromsokstr\u00e5dar, de till\u00e5ter att tjocklekarna dras \u00e5t efter att hartset rinner ut ur packaren f\u00f6r att avlufta och kontrollera injektionen. Skiktet f\u00f6r applicering t\u00e4tar den g\u00e4ngade anslutningen omedelbart, redo f\u00f6r ytterligare injektion. Denna typ av kalamit levereras osp\u00e4nt till injektorn.<\/p>\n<p style=\"caret-color: #000000; color: #000000;\"><strong>Kalamitki SWG och PRE<\/strong> &#8211; dessa \u00e4r bultar som \u00e4r mekaniskt \u00e5tdragna till injektionspackaren, tillsammans med ett lager av anaerobt lim. Denna anslutning s\u00e4kerst\u00e4ller exemplarisk t\u00e4thet hos den g\u00e4ngade anslutningen.<\/p>\n<div class=\"_1bo4a _xu6h2 _1ylmp _2d49e_YrWCD\" style=\"caret-color: #000000; color: #000000;\">\n<div class=\"_1voj4 _z9prt _1xzdi _ai5yc _5d6n2 _15lj1\">\n<div class=\"_2d49e_5pK0q\">\n<ul>\n<li style=\"list-style-type: none;\"> <\/li>\n<\/ul>\n<\/div>\n<\/div>\n<\/div>\n\t\t\t\t\t\t\t\t<\/div>\n\t\t\t\t<\/div>\n\t\t\t\t\t<\/div>\n\t\t<\/div>\n\t\t\t\t\t<\/div>\n\t\t<\/section>\n\t\t\t\t\t<\/div>\n\t\t<\/div>\n\t\t\t\t\t<\/div>\n\t\t<\/section>\n\t\t\t\t<\/div>\n\t\t","protected":false},"excerpt":{"rendered":"<p>Den mest popul\u00e4ra storlek, klibbigt gummi biter till och med i ytan. Perfekt matchad diameter f\u00f6r h\u00e5let \u00d810. Registrera dig f\u00f6r att se v\u00e5r paketkonfigurator. V\u00e4lj din typ av kalamit. F\u00d6RDELAR MED HAMPACKPACKAR \u00f6ka effektiviteten av f\u00f6rankring av packaren i h\u00e5let, genom att justera diametrar och utbuktningar p\u00e5 den \u00f6vre delen av det expanderande gummit, [&hellip;]<\/p>\n","protected":false},"featured_media":15755,"template":"","meta":{"_acf_changed":false},"product_brand":[],"product_cat":[726],"product_tag":[],"class_list":{"0":"post-15754","1":"product","2":"type-product","3":"status-publish","4":"has-post-thumbnail","6":"product_cat-hammpack-steel-packers","7":"pa_rodzaj-kalamitki-fpre-sv","8":"pa_rodzaj-kalamitki-fwg-sv","9":"pa_rodzaj-kalamitki-pre","10":"pa_rodzaj-kalamitki-swg-sv","12":"first","13":"instock","14":"featured","15":"taxable","16":"shipping-taxable","17":"purchasable","18":"product-type-variable","19":"has-default-attributes"},"acf":[],"yoast_head":"<!-- This site is optimized with the Yoast SEO plugin v27.3 - https:\/\/yoast.com\/product\/yoast-seo-wordpress\/ -->\n<title>Injektionspackare | Injektionspackare PI -SPH 10\/110 - PAKERY.PL<\/title>\n<meta name=\"description\" content=\"Injektionsf\u00f6rpackare av h\u00f6gsta kvalitet. Hammpack -injektionspackare garanterar perfekt t\u00e4thet. V\u00e4lj din typ av kalamitka!\" \/>\n<meta name=\"robots\" content=\"index, follow, max-snippet:-1, max-image-preview:large, max-video-preview:-1\" \/>\n<link rel=\"canonical\" href=\"https:\/\/www.pakery.pl\/sv\/produkt\/injektionsforpackare-pi-sph-10-110\/\" \/>\n<meta property=\"og:locale\" content=\"sv_SE\" \/>\n<meta property=\"og:type\" content=\"article\" \/>\n<meta property=\"og:title\" content=\"Injektionspackare | Injektionspackare PI -SPH 10\/110 - PAKERY.PL\" \/>\n<meta property=\"og:description\" content=\"Injektionsf\u00f6rpackare av h\u00f6gsta kvalitet. Hammpack -injektionspackare garanterar perfekt t\u00e4thet. V\u00e4lj din typ av kalamitka!\" \/>\n<meta property=\"og:url\" content=\"https:\/\/www.pakery.pl\/sv\/produkt\/injektionsforpackare-pi-sph-10-110\/\" \/>\n<meta property=\"og:site_name\" content=\"PAKERY.PL\" \/>\n<meta property=\"article:modified_time\" content=\"2021-08-11T05:39:40+00:00\" \/>\n<meta property=\"og:image\" content=\"https:\/\/www.pakery.pl\/wp-content\/uploads\/2021\/04\/foto-10-SPH-1-1-1024x1024.png\" \/>\n\t<meta property=\"og:image:width\" content=\"1024\" \/>\n\t<meta property=\"og:image:height\" content=\"1024\" \/>\n\t<meta property=\"og:image:type\" content=\"image\/png\" \/>\n<meta name=\"twitter:card\" content=\"summary_large_image\" \/>\n<meta name=\"twitter:label1\" content=\"Ber\u00e4knad l\u00e4stid\" \/>\n\t<meta name=\"twitter:data1\" content=\"2 minuter\" \/>\n<script type=\"application\/ld+json\" class=\"yoast-schema-graph\">{\"@context\":\"https:\\\/\\\/schema.org\",\"@graph\":[{\"@type\":\"WebPage\",\"@id\":\"https:\\\/\\\/www.pakery.pl\\\/sv\\\/produkt\\\/injektionsforpackare-pi-sph-10-110\\\/\",\"url\":\"https:\\\/\\\/www.pakery.pl\\\/sv\\\/produkt\\\/injektionsforpackare-pi-sph-10-110\\\/\",\"name\":\"Injektionspackare | Injektionspackare PI -SPH 10\\\/110 - PAKERY.PL\",\"isPartOf\":{\"@id\":\"https:\\\/\\\/www.pakery.pl\\\/sv\\\/#website\"},\"primaryImageOfPage\":{\"@id\":\"https:\\\/\\\/www.pakery.pl\\\/sv\\\/produkt\\\/injektionsforpackare-pi-sph-10-110\\\/#primaryimage\"},\"image\":{\"@id\":\"https:\\\/\\\/www.pakery.pl\\\/sv\\\/produkt\\\/injektionsforpackare-pi-sph-10-110\\\/#primaryimage\"},\"thumbnailUrl\":\"https:\\\/\\\/www.pakery.pl\\\/wp-content\\\/uploads\\\/2021\\\/04\\\/foto-10-SPH-1-1.png\",\"datePublished\":\"2021-08-11T05:39:37+00:00\",\"dateModified\":\"2021-08-11T05:39:40+00:00\",\"description\":\"Injektionsf\u00f6rpackare av h\u00f6gsta kvalitet. Hammpack -injektionspackare garanterar perfekt t\u00e4thet. V\u00e4lj din typ av kalamitka!\",\"breadcrumb\":{\"@id\":\"https:\\\/\\\/www.pakery.pl\\\/sv\\\/produkt\\\/injektionsforpackare-pi-sph-10-110\\\/#breadcrumb\"},\"inLanguage\":\"sv-SE\",\"potentialAction\":[{\"@type\":\"ReadAction\",\"target\":[\"https:\\\/\\\/www.pakery.pl\\\/sv\\\/produkt\\\/injektionsforpackare-pi-sph-10-110\\\/\"]}]},{\"@type\":\"ImageObject\",\"inLanguage\":\"sv-SE\",\"@id\":\"https:\\\/\\\/www.pakery.pl\\\/sv\\\/produkt\\\/injektionsforpackare-pi-sph-10-110\\\/#primaryimage\",\"url\":\"https:\\\/\\\/www.pakery.pl\\\/wp-content\\\/uploads\\\/2021\\\/04\\\/foto-10-SPH-1-1.png\",\"contentUrl\":\"https:\\\/\\\/www.pakery.pl\\\/wp-content\\\/uploads\\\/2021\\\/04\\\/foto-10-SPH-1-1.png\",\"width\":2500,\"height\":2500,\"caption\":\"injektionsf\u00f6rpackning injektionsf\u00f6rpackning injektionsf\u00f6rpackning injektionsf\u00f6rpackning\"},{\"@type\":\"BreadcrumbList\",\"@id\":\"https:\\\/\\\/www.pakery.pl\\\/sv\\\/produkt\\\/injektionsforpackare-pi-sph-10-110\\\/#breadcrumb\",\"itemListElement\":[{\"@type\":\"ListItem\",\"position\":1,\"name\":\"Strona g\u0142\u00f3wna\",\"item\":\"https:\\\/\\\/www.pakery.pl\\\/sv\\\/\"},{\"@type\":\"ListItem\",\"position\":2,\"name\":\"Lagra\",\"item\":\"https:\\\/\\\/www.pakery.pl\\\/sv\\\/lagra\\\/\"},{\"@type\":\"ListItem\",\"position\":3,\"name\":\"Injektionsf\u00f6rpackare PI-SPH 10\\\/110\"}]},{\"@type\":\"WebSite\",\"@id\":\"https:\\\/\\\/www.pakery.pl\\\/sv\\\/#website\",\"url\":\"https:\\\/\\\/www.pakery.pl\\\/sv\\\/\",\"name\":\"Pakery.pl\",\"description\":\"Pakery iniekcyjne, Kotwy spiralne, Lance iniekcyjne, W\u0119\u017ce do iniekcji, Pompy iniekcyjne, Serwis pomp iniekcyjnych, Wynajem pomp do iniekcji\",\"publisher\":{\"@id\":\"https:\\\/\\\/www.pakery.pl\\\/sv\\\/#organization\"},\"potentialAction\":[{\"@type\":\"SearchAction\",\"target\":{\"@type\":\"EntryPoint\",\"urlTemplate\":\"https:\\\/\\\/www.pakery.pl\\\/sv\\\/?s={search_term_string}\"},\"query-input\":{\"@type\":\"PropertyValueSpecification\",\"valueRequired\":true,\"valueName\":\"search_term_string\"}}],\"inLanguage\":\"sv-SE\"},{\"@type\":\"Organization\",\"@id\":\"https:\\\/\\\/www.pakery.pl\\\/sv\\\/#organization\",\"name\":\"PAKERY.PL\",\"url\":\"https:\\\/\\\/www.pakery.pl\\\/sv\\\/\",\"logo\":{\"@type\":\"ImageObject\",\"inLanguage\":\"sv-SE\",\"@id\":\"https:\\\/\\\/www.pakery.pl\\\/sv\\\/#\\\/schema\\\/logo\\\/image\\\/\",\"url\":\"https:\\\/\\\/www.pakery.pl\\\/wp-content\\\/uploads\\\/2021\\\/04\\\/cropped-PAKERY-LOGO.png\",\"contentUrl\":\"https:\\\/\\\/www.pakery.pl\\\/wp-content\\\/uploads\\\/2021\\\/04\\\/cropped-PAKERY-LOGO.png\",\"width\":1529,\"height\":500,\"caption\":\"PAKERY.PL\"},\"image\":{\"@id\":\"https:\\\/\\\/www.pakery.pl\\\/sv\\\/#\\\/schema\\\/logo\\\/image\\\/\"}}]}<\/script>\n<!-- \/ Yoast SEO plugin. -->","yoast_head_json":{"title":"Injektionspackare | Injektionspackare PI -SPH 10\/110 - PAKERY.PL","description":"Injektionsf\u00f6rpackare av h\u00f6gsta kvalitet. Hammpack -injektionspackare garanterar perfekt t\u00e4thet. V\u00e4lj din typ av kalamitka!","robots":{"index":"index","follow":"follow","max-snippet":"max-snippet:-1","max-image-preview":"max-image-preview:large","max-video-preview":"max-video-preview:-1"},"canonical":"https:\/\/www.pakery.pl\/sv\/produkt\/injektionsforpackare-pi-sph-10-110\/","og_locale":"sv_SE","og_type":"article","og_title":"Injektionspackare | Injektionspackare PI -SPH 10\/110 - PAKERY.PL","og_description":"Injektionsf\u00f6rpackare av h\u00f6gsta kvalitet. Hammpack -injektionspackare garanterar perfekt t\u00e4thet. V\u00e4lj din typ av kalamitka!","og_url":"https:\/\/www.pakery.pl\/sv\/produkt\/injektionsforpackare-pi-sph-10-110\/","og_site_name":"PAKERY.PL","article_modified_time":"2021-08-11T05:39:40+00:00","og_image":[{"width":1024,"height":1024,"url":"https:\/\/www.pakery.pl\/wp-content\/uploads\/2021\/04\/foto-10-SPH-1-1-1024x1024.png","type":"image\/png"}],"twitter_card":"summary_large_image","twitter_misc":{"Ber\u00e4knad l\u00e4stid":"2 minuter"},"schema":{"@context":"https:\/\/schema.org","@graph":[{"@type":"WebPage","@id":"https:\/\/www.pakery.pl\/sv\/produkt\/injektionsforpackare-pi-sph-10-110\/","url":"https:\/\/www.pakery.pl\/sv\/produkt\/injektionsforpackare-pi-sph-10-110\/","name":"Injektionspackare | Injektionspackare PI -SPH 10\/110 - PAKERY.PL","isPartOf":{"@id":"https:\/\/www.pakery.pl\/sv\/#website"},"primaryImageOfPage":{"@id":"https:\/\/www.pakery.pl\/sv\/produkt\/injektionsforpackare-pi-sph-10-110\/#primaryimage"},"image":{"@id":"https:\/\/www.pakery.pl\/sv\/produkt\/injektionsforpackare-pi-sph-10-110\/#primaryimage"},"thumbnailUrl":"https:\/\/www.pakery.pl\/wp-content\/uploads\/2021\/04\/foto-10-SPH-1-1.png","datePublished":"2021-08-11T05:39:37+00:00","dateModified":"2021-08-11T05:39:40+00:00","description":"Injektionsf\u00f6rpackare av h\u00f6gsta kvalitet. Hammpack -injektionspackare garanterar perfekt t\u00e4thet. V\u00e4lj din typ av kalamitka!","breadcrumb":{"@id":"https:\/\/www.pakery.pl\/sv\/produkt\/injektionsforpackare-pi-sph-10-110\/#breadcrumb"},"inLanguage":"sv-SE","potentialAction":[{"@type":"ReadAction","target":["https:\/\/www.pakery.pl\/sv\/produkt\/injektionsforpackare-pi-sph-10-110\/"]}]},{"@type":"ImageObject","inLanguage":"sv-SE","@id":"https:\/\/www.pakery.pl\/sv\/produkt\/injektionsforpackare-pi-sph-10-110\/#primaryimage","url":"https:\/\/www.pakery.pl\/wp-content\/uploads\/2021\/04\/foto-10-SPH-1-1.png","contentUrl":"https:\/\/www.pakery.pl\/wp-content\/uploads\/2021\/04\/foto-10-SPH-1-1.png","width":2500,"height":2500,"caption":"injektionsf\u00f6rpackning injektionsf\u00f6rpackning injektionsf\u00f6rpackning injektionsf\u00f6rpackning"},{"@type":"BreadcrumbList","@id":"https:\/\/www.pakery.pl\/sv\/produkt\/injektionsforpackare-pi-sph-10-110\/#breadcrumb","itemListElement":[{"@type":"ListItem","position":1,"name":"Strona g\u0142\u00f3wna","item":"https:\/\/www.pakery.pl\/sv\/"},{"@type":"ListItem","position":2,"name":"Lagra","item":"https:\/\/www.pakery.pl\/sv\/lagra\/"},{"@type":"ListItem","position":3,"name":"Injektionsf\u00f6rpackare PI-SPH 10\/110"}]},{"@type":"WebSite","@id":"https:\/\/www.pakery.pl\/sv\/#website","url":"https:\/\/www.pakery.pl\/sv\/","name":"Pakery.pl","description":"Pakery iniekcyjne, Kotwy spiralne, Lance iniekcyjne, W\u0119\u017ce do iniekcji, Pompy iniekcyjne, Serwis pomp iniekcyjnych, Wynajem pomp do iniekcji","publisher":{"@id":"https:\/\/www.pakery.pl\/sv\/#organization"},"potentialAction":[{"@type":"SearchAction","target":{"@type":"EntryPoint","urlTemplate":"https:\/\/www.pakery.pl\/sv\/?s={search_term_string}"},"query-input":{"@type":"PropertyValueSpecification","valueRequired":true,"valueName":"search_term_string"}}],"inLanguage":"sv-SE"},{"@type":"Organization","@id":"https:\/\/www.pakery.pl\/sv\/#organization","name":"PAKERY.PL","url":"https:\/\/www.pakery.pl\/sv\/","logo":{"@type":"ImageObject","inLanguage":"sv-SE","@id":"https:\/\/www.pakery.pl\/sv\/#\/schema\/logo\/image\/","url":"https:\/\/www.pakery.pl\/wp-content\/uploads\/2021\/04\/cropped-PAKERY-LOGO.png","contentUrl":"https:\/\/www.pakery.pl\/wp-content\/uploads\/2021\/04\/cropped-PAKERY-LOGO.png","width":1529,"height":500,"caption":"PAKERY.PL"},"image":{"@id":"https:\/\/www.pakery.pl\/sv\/#\/schema\/logo\/image\/"}}]}},"_links":{"self":[{"href":"https:\/\/www.pakery.pl\/sv\/wp-json\/wp\/v2\/product\/15754","targetHints":{"allow":["GET"]}}],"collection":[{"href":"https:\/\/www.pakery.pl\/sv\/wp-json\/wp\/v2\/product"}],"about":[{"href":"https:\/\/www.pakery.pl\/sv\/wp-json\/wp\/v2\/types\/product"}],"version-history":[{"count":1,"href":"https:\/\/www.pakery.pl\/sv\/wp-json\/wp\/v2\/product\/15754\/revisions"}],"predecessor-version":[{"id":15771,"href":"https:\/\/www.pakery.pl\/sv\/wp-json\/wp\/v2\/product\/15754\/revisions\/15771"}],"wp:featuredmedia":[{"embeddable":true,"href":"https:\/\/www.pakery.pl\/sv\/wp-json\/wp\/v2\/media\/15755"}],"wp:attachment":[{"href":"https:\/\/www.pakery.pl\/sv\/wp-json\/wp\/v2\/media?parent=15754"}],"wp:term":[{"taxonomy":"product_brand","embeddable":true,"href":"https:\/\/www.pakery.pl\/sv\/wp-json\/wp\/v2\/product_brand?post=15754"},{"taxonomy":"product_cat","embeddable":true,"href":"https:\/\/www.pakery.pl\/sv\/wp-json\/wp\/v2\/product_cat?post=15754"},{"taxonomy":"product_tag","embeddable":true,"href":"https:\/\/www.pakery.pl\/sv\/wp-json\/wp\/v2\/product_tag?post=15754"}],"curies":[{"name":"wp","href":"https:\/\/api.w.org\/{rel}","templated":true}]}}