{"id":15720,"date":"2021-04-21T07:09:38","date_gmt":"2021-08-11T05:39:08","guid":{"rendered":"https:\/\/www.pakery.pl\/produkt\/injektionsforpackare-pi-sph-8-80\/"},"modified":"2021-08-11T07:39:10","modified_gmt":"2021-08-11T05:39:10","slug":"injektionsforpackare-pi-sph-8-80","status":"publish","type":"product","link":"https:\/\/www.pakery.pl\/sv\/produkt\/injektionsforpackare-pi-sph-8-80\/","title":{"rendered":"Injektionsf\u00f6rpackare PI-SPH 8\/80"},"content":{"rendered":"\t\t<div data-elementor-type=\"product-post\" data-elementor-id=\"15720\" class=\"elementor elementor-15720 elementor-1817\" data-elementor-post-type=\"product\">\n\t\t\t\t\t\t<section class=\"elementor-section elementor-top-section elementor-element elementor-element-1a8c0285 elementor-section-full_width elementor-section-height-default elementor-section-height-default\" data-id=\"1a8c0285\" data-element_type=\"section\" data-e-type=\"section\">\n\t\t\t\t\t\t<div class=\"elementor-container elementor-column-gap-default\">\n\t\t\t\t\t<div class=\"elementor-column elementor-col-100 elementor-top-column elementor-element elementor-element-11806434\" data-id=\"11806434\" data-element_type=\"column\" data-e-type=\"column\">\n\t\t\t<div class=\"elementor-widget-wrap elementor-element-populated\">\n\t\t\t\t\t\t<div class=\"elementor-element elementor-element-6f76b3a8 elementor-widget elementor-widget-text-editor\" data-id=\"6f76b3a8\" data-element_type=\"widget\" data-e-type=\"widget\" data-widget_type=\"text-editor.default\">\n\t\t\t\t<div class=\"elementor-widget-container\">\n\t\t\t\t\t\t\t\t\t<p><span style=\"color: #000000;\">Injektorns minsta diameter<b> f\u00f6r s\u00e4rskilda uppgifter.<\/b><\/span><\/p>\n<div class=\"_1bo4a _xu6h2 _1ylmp _2d49e_YrWCD\">\n<div class=\"_1voj4 _z9prt _1xzdi _ai5yc _5d6n2 _15lj1\">\n<div class=\"_2d49e_5pK0q\">\n<p><span style=\"color: #808080;\"><strong><em>Registrera dig f\u00f6r att se v\u00e5r paketkonfigurator. V\u00e4lj din typ av kalamit.<\/em><\/strong><\/span><\/p>\n<\/p>\n<\/div>\n<\/div>\n<h3><span style=\"color: #000000;\"><img fetchpriority=\"high\" decoding=\"async\" class=\"aligncenter size-full wp-image-2629\" src=\"https:\/\/www.pakery.pl\/wp-content\/uploads\/2021\/05\/baner-sph-8.png\" alt=\"\" width=\"1800\" height=\"300\" srcset=\"https:\/\/www.pakery.pl\/wp-content\/uploads\/2021\/05\/baner-sph-8.png 1800w, https:\/\/www.pakery.pl\/wp-content\/uploads\/2021\/05\/baner-sph-8-300x50.png 300w, https:\/\/www.pakery.pl\/wp-content\/uploads\/2021\/05\/baner-sph-8-1024x171.png 1024w, https:\/\/www.pakery.pl\/wp-content\/uploads\/2021\/05\/baner-sph-8-768x128.png 768w, https:\/\/www.pakery.pl\/wp-content\/uploads\/2021\/05\/baner-sph-8-1536x256.png 1536w, https:\/\/www.pakery.pl\/wp-content\/uploads\/2021\/05\/baner-sph-8-683x114.png 683w, https:\/\/www.pakery.pl\/wp-content\/uploads\/2021\/05\/baner-sph-8-602x100.png 602w\" sizes=\"(max-width: 1800px) 100vw, 1800px\" \/><\/span><\/h3>\n<div class=\"_1voj4 _z9prt _1xzdi _ai5yc _5d6n2 _15lj1\">\n<div class=\"_2d49e_5pK0q\">\n<p><strong><span style=\"color: #000000;\">F\u00d6RDELAR MED HAMPACKPACKAR<\/span><\/strong><\/p>\n<div class=\"_1bo4a _xu6h2 _1ylmp _2d49e_YrWCD\">\n<div class=\"_1voj4 _z9prt _1xzdi _ai5yc _5d6n2 _15lj1\">\n<div class=\"_2d49e_5pK0q\">\n<ul>\n<li><span style=\"color: #000000;\">\u00f6ka effektiviteten av f\u00f6rankring av packaren i h\u00e5let, genom att justera diametrar och utbuktningar p\u00e5 den \u00f6vre delen av det expanderande gummit, underl\u00e4ttar det att f\u00e5nga vidh\u00e4ftning och korrekt f\u00f6rankring (detta m\u00f6jligg\u00f6r en betydande acceleration av packarinstallationen och \u00f6kad t\u00e4thet)<\/span><\/li>\n<li><span style=\"color: #000000;\">\u00f6kad styrka och repeterbarhet av expansionsgummi, justering av gummiblandningen och kylningsprocessen (genom temperaturkontroll), g\u00f6r injektorn motst\u00e5ndskraftig mot gummirivning och gummi som faller ut fr\u00e5n brickorna.<\/span><\/li>\n<\/ul>\n<\/div>\n<\/div>\n<\/div>\n<\/div>\n<\/div>\n<\/div>\n\t\t\t\t\t\t\t\t<\/div>\n\t\t\t\t<\/div>\n\t\t\t\t\t<\/div>\n\t\t<\/div>\n\t\t\t\t\t<\/div>\n\t\t<\/section>\n\t\t\t\t<section class=\"elementor-section elementor-top-section elementor-element elementor-element-01a2338 elementor-section-full_width elementor-section-height-default elementor-section-height-default\" data-id=\"01a2338\" data-element_type=\"section\" data-e-type=\"section\">\n\t\t\t\t\t\t<div class=\"elementor-container elementor-column-gap-default\">\n\t\t\t\t\t<div class=\"elementor-column elementor-col-100 elementor-top-column elementor-element elementor-element-d7fb9c8\" data-id=\"d7fb9c8\" data-element_type=\"column\" data-e-type=\"column\">\n\t\t\t<div class=\"elementor-widget-wrap elementor-element-populated\">\n\t\t\t\t\t\t<section class=\"elementor-section elementor-inner-section elementor-element elementor-element-9974fdb elementor-section-full_width elementor-section-height-default elementor-section-height-default\" data-id=\"9974fdb\" data-element_type=\"section\" data-e-type=\"section\">\n\t\t\t\t\t\t<div class=\"elementor-container elementor-column-gap-default\">\n\t\t\t\t\t<div class=\"elementor-column elementor-col-50 elementor-inner-column elementor-element elementor-element-ba443ff\" data-id=\"ba443ff\" data-element_type=\"column\" data-e-type=\"column\">\n\t\t\t<div class=\"elementor-widget-wrap elementor-element-populated\">\n\t\t\t\t\t\t<div class=\"elementor-element elementor-element-7d6434f elementor-widget elementor-widget-text-editor\" data-id=\"7d6434f\" data-element_type=\"widget\" data-e-type=\"widget\" data-widget_type=\"text-editor.default\">\n\t\t\t\t<div class=\"elementor-widget-container\">\n\t\t\t\t\t\t\t\t\t<div class=\"_1bo4a _xu6h2 _1ylmp _2d49e_YrWCD\">\n<div class=\"_1voj4 _z9prt _1xzdi _ai5yc _5d6n2 _15lj1\">\n<div class=\"_2d49e_5pK0q\">\n<p><strong><span style=\"color: #000000;\">ANS\u00d6KAN<\/span><\/strong><\/p>\n<\/div>\n<\/div>\n<\/div>\n<div class=\"_1bo4a _xu6h2 _1ylmp _2d49e_YrWCD\">\n<div class=\"_1voj4 _z9prt _1xzdi _ai5yc _5d6n2 _15lj1\">\n<div class=\"_2d49e_5pK0q\">\n<div class=\"_1bo4a _xu6h2 _1ylmp _2d49e_YrWCD\">\n<div class=\"_1voj4 _z9prt _1xzdi _ai5yc _5d6n2 _15lj1\">\n<div class=\"_2d49e_5pK0q\">\n<ul>\n<li><span style=\"color: #000000;\">Injektionsharts av polyuretan \/ polyuretan<\/span><\/li>\n<li><span style=\"color: #000000;\">Epoxihartser<\/span><\/li>\n<li><span style=\"color: #000000;\">Silikater<\/span><\/li>\n<li><span style=\"color: #000000;\">Vattendispersioner<\/span><\/li>\n<li><span style=\"color: #000000;\">Akrylgeler<\/span><\/li>\n<li><span style=\"color: #000000;\">Cementupph\u00e4ngningar upp till en kornstorlek p\u00e5 0,5 mm<\/span><\/li>\n<\/ul>\n<p><strong><span style=\"color: #000000;\">TEKNISKA SPECIFIKATIONER<\/span><\/strong><\/p>\n<ul>\n<li><span style=\"color: #000000;\">Material:<strong> st\u00e5l<\/strong><\/span><\/li>\n<li><strong><span style=\"color: #000000;\">injektionsh\u00e5lets diameter: \u00d88<\/span><\/strong><\/li>\n<li><span style=\"color: #000000;\">l\u00e4ngd: 80 mm<\/span><\/li>\n<li><span style=\"color: #000000;\">t\u00e4tningsl\u00e4ngd: 30 mm<\/span><\/li>\n<li><span style=\"color: #000000;\">nyckel: 10 mm<\/span><\/li>\n<li><span style=\"color: #000000;\">enda t\u00e4tning<\/span><\/li>\n<li><span style=\"color: #000000;\">h\u00f6gsta t\u00e4thet<\/span><\/li>\n<li><span style=\"color: #000000;\">Kalamitka SWG, PRE, FWG, FPRE<\/span><\/li>\n<\/ul>\n<\/div>\n<\/div>\n<\/div>\n<\/div>\n<\/div>\n<\/div>\n\t\t\t\t\t\t\t\t<\/div>\n\t\t\t\t<\/div>\n\t\t\t\t\t<\/div>\n\t\t<\/div>\n\t\t\t\t<div class=\"elementor-column elementor-col-50 elementor-inner-column elementor-element elementor-element-feef1d0\" data-id=\"feef1d0\" data-element_type=\"column\" data-e-type=\"column\">\n\t\t\t<div class=\"elementor-widget-wrap elementor-element-populated\">\n\t\t\t\t\t\t<div class=\"elementor-element elementor-element-af4cb4b elementor-widget elementor-widget-image\" data-id=\"af4cb4b\" data-element_type=\"widget\" data-e-type=\"widget\" data-widget_type=\"image.default\">\n\t\t\t\t<div class=\"elementor-widget-container\">\n\t\t\t\t\t\t\t\t\t\t\t\t\t\t\t<img decoding=\"async\" width=\"800\" height=\"600\" src=\"https:\/\/www.pakery.pl\/wp-content\/uploads\/2021\/04\/PI-SPH-8-80SWG.gif\" class=\"attachment-large size-large wp-image-15728\" alt=\"\" \/>\t\t\t\t\t\t\t\t\t\t\t\t\t\t\t<\/div>\n\t\t\t\t<\/div>\n\t\t\t\t\t<\/div>\n\t\t<\/div>\n\t\t\t\t\t<\/div>\n\t\t<\/section>\n\t\t\t\t\t<\/div>\n\t\t<\/div>\n\t\t\t\t\t<\/div>\n\t\t<\/section>\n\t\t\t\t<section class=\"elementor-section elementor-top-section elementor-element elementor-element-f991f30 elementor-section-full_width elementor-section-height-default elementor-section-height-default\" data-id=\"f991f30\" data-element_type=\"section\" data-e-type=\"section\">\n\t\t\t\t\t\t<div class=\"elementor-container elementor-column-gap-default\">\n\t\t\t\t\t<div class=\"elementor-column elementor-col-100 elementor-top-column elementor-element elementor-element-88aae2a\" data-id=\"88aae2a\" data-element_type=\"column\" data-e-type=\"column\">\n\t\t\t<div class=\"elementor-widget-wrap elementor-element-populated\">\n\t\t\t\t\t\t<div class=\"elementor-element elementor-element-05822ae elementor-widget elementor-widget-text-editor\" data-id=\"05822ae\" data-element_type=\"widget\" data-e-type=\"widget\" data-widget_type=\"text-editor.default\">\n\t\t\t\t<div class=\"elementor-widget-container\">\n\t\t\t\t\t\t\t\t\t<p><span style=\"color: #000000;\"><strong>Specialist HAMMPACK -kalendrar<\/strong> &#8211; de \u00e4r specialventiler som kan h\u00e5lla och mata injektionen utan den minsta f\u00f6rlusten av materialet (oavsett om det \u00e4r ett injektionsharts med mycket l\u00e5g viskositet, akrylgel eller mycket skumbart polyuretanharts). De h\u00e5ller baktrycket perfekt. Med ett ord l\u00e4cker de inte ut.<\/span><\/p>\n<p><span style=\"color: #000000;\"><strong>Kalamitki typ PRE, FPRE<\/strong> &#8211; f\u00f6rbelagda bromsokstr\u00e5dar, de till\u00e5ter att tjocklekarna dras \u00e5t efter att hartset rinner ut ur packaren f\u00f6r att avlufta och kontrollera injektionen. Skiktet f\u00f6r applicering t\u00e4tar den g\u00e4ngade anslutningen omedelbart, redo f\u00f6r ytterligare injektion. Denna typ av kalamit levereras osp\u00e4nt till injektorn.<\/span><\/p>\n<p><span style=\"color: #000000;\"><strong>Kalamitki SWG och PRE<\/strong> &#8211; dessa \u00e4r bultar som \u00e4r mekaniskt \u00e5tdragna till injektionspackaren, tillsammans med ett lager av anaerobt lim. Denna anslutning s\u00e4kerst\u00e4ller exemplarisk t\u00e4thet hos den g\u00e4ngade anslutningen.<\/span><\/p>\n\t\t\t\t\t\t\t\t<\/div>\n\t\t\t\t<\/div>\n\t\t\t\t\t<\/div>\n\t\t<\/div>\n\t\t\t\t\t<\/div>\n\t\t<\/section>\n\t\t\t\t<\/div>\n\t\t","protected":false},"excerpt":{"rendered":"<p><i>Injektorns minsta diameter<\/i><b><i> f\u00f6r s\u00e4rskilda uppgifter.<\/i><\/b><\/p>\n","protected":false},"featured_media":15721,"template":"","meta":{"_acf_changed":false},"product_brand":[],"product_cat":[726],"product_tag":[],"class_list":{"0":"post-15720","1":"product","2":"type-product","3":"status-publish","4":"has-post-thumbnail","6":"product_cat-hammpack-steel-packers","7":"pa_rodzaj-kalamitki-fwg-sv","8":"pa_rodzaj-kalamitki-pre","9":"pa_rodzaj-kalamitki-swg-sv","11":"first","12":"instock","13":"taxable","14":"shipping-taxable","15":"purchasable","16":"product-type-variable","17":"has-default-attributes"},"acf":[],"yoast_head":"<!-- This site is optimized with the Yoast SEO plugin v27.3 - https:\/\/yoast.com\/product\/yoast-seo-wordpress\/ -->\n<title>Injektionspackare | Injektionspackare PI -SPH 8\/80 - PAKERY.PL<\/title>\n<meta name=\"description\" content=\"Injektionsf\u00f6rpackare av h\u00f6gsta kvalitet. Hammpack -injektionspackare garanterar perfekt t\u00e4thet. V\u00e4lj din typ av kalamitka!\" \/>\n<meta name=\"robots\" content=\"index, follow, max-snippet:-1, max-image-preview:large, max-video-preview:-1\" \/>\n<link rel=\"canonical\" href=\"https:\/\/www.pakery.pl\/sv\/produkt\/injektionsforpackare-pi-sph-8-80\/\" \/>\n<meta property=\"og:locale\" content=\"sv_SE\" \/>\n<meta property=\"og:type\" content=\"article\" \/>\n<meta property=\"og:title\" content=\"Injektionspackare | Injektionspackare PI -SPH 8\/80 - PAKERY.PL\" \/>\n<meta property=\"og:description\" content=\"Injektionsf\u00f6rpackare av h\u00f6gsta kvalitet. Hammpack -injektionspackare garanterar perfekt t\u00e4thet. V\u00e4lj din typ av kalamitka!\" \/>\n<meta property=\"og:url\" content=\"https:\/\/www.pakery.pl\/sv\/produkt\/injektionsforpackare-pi-sph-8-80\/\" \/>\n<meta property=\"og:site_name\" content=\"PAKERY.PL\" \/>\n<meta property=\"article:modified_time\" content=\"2021-08-11T05:39:10+00:00\" \/>\n<meta property=\"og:image\" content=\"https:\/\/www.pakery.pl\/wp-content\/uploads\/2021\/04\/foto-8-SPH--1024x1024.png\" \/>\n\t<meta property=\"og:image:width\" content=\"1024\" \/>\n\t<meta property=\"og:image:height\" content=\"1024\" \/>\n\t<meta property=\"og:image:type\" content=\"image\/png\" \/>\n<meta name=\"twitter:card\" content=\"summary_large_image\" \/>\n<meta name=\"twitter:label1\" content=\"Ber\u00e4knad l\u00e4stid\" \/>\n\t<meta name=\"twitter:data1\" content=\"1 minut\" \/>\n<script type=\"application\/ld+json\" class=\"yoast-schema-graph\">{\"@context\":\"https:\\\/\\\/schema.org\",\"@graph\":[{\"@type\":\"WebPage\",\"@id\":\"https:\\\/\\\/www.pakery.pl\\\/sv\\\/produkt\\\/injektionsforpackare-pi-sph-8-80\\\/\",\"url\":\"https:\\\/\\\/www.pakery.pl\\\/sv\\\/produkt\\\/injektionsforpackare-pi-sph-8-80\\\/\",\"name\":\"Injektionspackare | Injektionspackare PI -SPH 8\\\/80 - PAKERY.PL\",\"isPartOf\":{\"@id\":\"https:\\\/\\\/www.pakery.pl\\\/sv\\\/#website\"},\"primaryImageOfPage\":{\"@id\":\"https:\\\/\\\/www.pakery.pl\\\/sv\\\/produkt\\\/injektionsforpackare-pi-sph-8-80\\\/#primaryimage\"},\"image\":{\"@id\":\"https:\\\/\\\/www.pakery.pl\\\/sv\\\/produkt\\\/injektionsforpackare-pi-sph-8-80\\\/#primaryimage\"},\"thumbnailUrl\":\"https:\\\/\\\/www.pakery.pl\\\/wp-content\\\/uploads\\\/2021\\\/04\\\/foto-8-SPH-.png\",\"datePublished\":\"2021-08-11T05:39:08+00:00\",\"dateModified\":\"2021-08-11T05:39:10+00:00\",\"description\":\"Injektionsf\u00f6rpackare av h\u00f6gsta kvalitet. Hammpack -injektionspackare garanterar perfekt t\u00e4thet. V\u00e4lj din typ av kalamitka!\",\"breadcrumb\":{\"@id\":\"https:\\\/\\\/www.pakery.pl\\\/sv\\\/produkt\\\/injektionsforpackare-pi-sph-8-80\\\/#breadcrumb\"},\"inLanguage\":\"sv-SE\",\"potentialAction\":[{\"@type\":\"ReadAction\",\"target\":[\"https:\\\/\\\/www.pakery.pl\\\/sv\\\/produkt\\\/injektionsforpackare-pi-sph-8-80\\\/\"]}]},{\"@type\":\"ImageObject\",\"inLanguage\":\"sv-SE\",\"@id\":\"https:\\\/\\\/www.pakery.pl\\\/sv\\\/produkt\\\/injektionsforpackare-pi-sph-8-80\\\/#primaryimage\",\"url\":\"https:\\\/\\\/www.pakery.pl\\\/wp-content\\\/uploads\\\/2021\\\/04\\\/foto-8-SPH-.png\",\"contentUrl\":\"https:\\\/\\\/www.pakery.pl\\\/wp-content\\\/uploads\\\/2021\\\/04\\\/foto-8-SPH-.png\",\"width\":2500,\"height\":2500,\"caption\":\"injektionsf\u00f6rpackning injektionsf\u00f6rpackning injektionsf\u00f6rpackning injektionsf\u00f6rpackning\"},{\"@type\":\"BreadcrumbList\",\"@id\":\"https:\\\/\\\/www.pakery.pl\\\/sv\\\/produkt\\\/injektionsforpackare-pi-sph-8-80\\\/#breadcrumb\",\"itemListElement\":[{\"@type\":\"ListItem\",\"position\":1,\"name\":\"Strona g\u0142\u00f3wna\",\"item\":\"https:\\\/\\\/www.pakery.pl\\\/sv\\\/\"},{\"@type\":\"ListItem\",\"position\":2,\"name\":\"Lagra\",\"item\":\"https:\\\/\\\/www.pakery.pl\\\/sv\\\/lagra\\\/\"},{\"@type\":\"ListItem\",\"position\":3,\"name\":\"Injektionsf\u00f6rpackare PI-SPH 8\\\/80\"}]},{\"@type\":\"WebSite\",\"@id\":\"https:\\\/\\\/www.pakery.pl\\\/sv\\\/#website\",\"url\":\"https:\\\/\\\/www.pakery.pl\\\/sv\\\/\",\"name\":\"Pakery.pl\",\"description\":\"Pakery iniekcyjne, Kotwy spiralne, Lance iniekcyjne, W\u0119\u017ce do iniekcji, Pompy iniekcyjne, Serwis pomp iniekcyjnych, Wynajem pomp do iniekcji\",\"publisher\":{\"@id\":\"https:\\\/\\\/www.pakery.pl\\\/sv\\\/#organization\"},\"potentialAction\":[{\"@type\":\"SearchAction\",\"target\":{\"@type\":\"EntryPoint\",\"urlTemplate\":\"https:\\\/\\\/www.pakery.pl\\\/sv\\\/?s={search_term_string}\"},\"query-input\":{\"@type\":\"PropertyValueSpecification\",\"valueRequired\":true,\"valueName\":\"search_term_string\"}}],\"inLanguage\":\"sv-SE\"},{\"@type\":\"Organization\",\"@id\":\"https:\\\/\\\/www.pakery.pl\\\/sv\\\/#organization\",\"name\":\"PAKERY.PL\",\"url\":\"https:\\\/\\\/www.pakery.pl\\\/sv\\\/\",\"logo\":{\"@type\":\"ImageObject\",\"inLanguage\":\"sv-SE\",\"@id\":\"https:\\\/\\\/www.pakery.pl\\\/sv\\\/#\\\/schema\\\/logo\\\/image\\\/\",\"url\":\"https:\\\/\\\/www.pakery.pl\\\/wp-content\\\/uploads\\\/2021\\\/04\\\/cropped-PAKERY-LOGO.png\",\"contentUrl\":\"https:\\\/\\\/www.pakery.pl\\\/wp-content\\\/uploads\\\/2021\\\/04\\\/cropped-PAKERY-LOGO.png\",\"width\":1529,\"height\":500,\"caption\":\"PAKERY.PL\"},\"image\":{\"@id\":\"https:\\\/\\\/www.pakery.pl\\\/sv\\\/#\\\/schema\\\/logo\\\/image\\\/\"}}]}<\/script>\n<!-- \/ Yoast SEO plugin. -->","yoast_head_json":{"title":"Injektionspackare | Injektionspackare PI -SPH 8\/80 - PAKERY.PL","description":"Injektionsf\u00f6rpackare av h\u00f6gsta kvalitet. Hammpack -injektionspackare garanterar perfekt t\u00e4thet. V\u00e4lj din typ av kalamitka!","robots":{"index":"index","follow":"follow","max-snippet":"max-snippet:-1","max-image-preview":"max-image-preview:large","max-video-preview":"max-video-preview:-1"},"canonical":"https:\/\/www.pakery.pl\/sv\/produkt\/injektionsforpackare-pi-sph-8-80\/","og_locale":"sv_SE","og_type":"article","og_title":"Injektionspackare | Injektionspackare PI -SPH 8\/80 - PAKERY.PL","og_description":"Injektionsf\u00f6rpackare av h\u00f6gsta kvalitet. Hammpack -injektionspackare garanterar perfekt t\u00e4thet. V\u00e4lj din typ av kalamitka!","og_url":"https:\/\/www.pakery.pl\/sv\/produkt\/injektionsforpackare-pi-sph-8-80\/","og_site_name":"PAKERY.PL","article_modified_time":"2021-08-11T05:39:10+00:00","og_image":[{"width":1024,"height":1024,"url":"https:\/\/www.pakery.pl\/wp-content\/uploads\/2021\/04\/foto-8-SPH--1024x1024.png","type":"image\/png"}],"twitter_card":"summary_large_image","twitter_misc":{"Ber\u00e4knad l\u00e4stid":"1 minut"},"schema":{"@context":"https:\/\/schema.org","@graph":[{"@type":"WebPage","@id":"https:\/\/www.pakery.pl\/sv\/produkt\/injektionsforpackare-pi-sph-8-80\/","url":"https:\/\/www.pakery.pl\/sv\/produkt\/injektionsforpackare-pi-sph-8-80\/","name":"Injektionspackare | Injektionspackare PI -SPH 8\/80 - PAKERY.PL","isPartOf":{"@id":"https:\/\/www.pakery.pl\/sv\/#website"},"primaryImageOfPage":{"@id":"https:\/\/www.pakery.pl\/sv\/produkt\/injektionsforpackare-pi-sph-8-80\/#primaryimage"},"image":{"@id":"https:\/\/www.pakery.pl\/sv\/produkt\/injektionsforpackare-pi-sph-8-80\/#primaryimage"},"thumbnailUrl":"https:\/\/www.pakery.pl\/wp-content\/uploads\/2021\/04\/foto-8-SPH-.png","datePublished":"2021-08-11T05:39:08+00:00","dateModified":"2021-08-11T05:39:10+00:00","description":"Injektionsf\u00f6rpackare av h\u00f6gsta kvalitet. Hammpack -injektionspackare garanterar perfekt t\u00e4thet. V\u00e4lj din typ av kalamitka!","breadcrumb":{"@id":"https:\/\/www.pakery.pl\/sv\/produkt\/injektionsforpackare-pi-sph-8-80\/#breadcrumb"},"inLanguage":"sv-SE","potentialAction":[{"@type":"ReadAction","target":["https:\/\/www.pakery.pl\/sv\/produkt\/injektionsforpackare-pi-sph-8-80\/"]}]},{"@type":"ImageObject","inLanguage":"sv-SE","@id":"https:\/\/www.pakery.pl\/sv\/produkt\/injektionsforpackare-pi-sph-8-80\/#primaryimage","url":"https:\/\/www.pakery.pl\/wp-content\/uploads\/2021\/04\/foto-8-SPH-.png","contentUrl":"https:\/\/www.pakery.pl\/wp-content\/uploads\/2021\/04\/foto-8-SPH-.png","width":2500,"height":2500,"caption":"injektionsf\u00f6rpackning injektionsf\u00f6rpackning injektionsf\u00f6rpackning injektionsf\u00f6rpackning"},{"@type":"BreadcrumbList","@id":"https:\/\/www.pakery.pl\/sv\/produkt\/injektionsforpackare-pi-sph-8-80\/#breadcrumb","itemListElement":[{"@type":"ListItem","position":1,"name":"Strona g\u0142\u00f3wna","item":"https:\/\/www.pakery.pl\/sv\/"},{"@type":"ListItem","position":2,"name":"Lagra","item":"https:\/\/www.pakery.pl\/sv\/lagra\/"},{"@type":"ListItem","position":3,"name":"Injektionsf\u00f6rpackare PI-SPH 8\/80"}]},{"@type":"WebSite","@id":"https:\/\/www.pakery.pl\/sv\/#website","url":"https:\/\/www.pakery.pl\/sv\/","name":"Pakery.pl","description":"Pakery iniekcyjne, Kotwy spiralne, Lance iniekcyjne, W\u0119\u017ce do iniekcji, Pompy iniekcyjne, Serwis pomp iniekcyjnych, Wynajem pomp do iniekcji","publisher":{"@id":"https:\/\/www.pakery.pl\/sv\/#organization"},"potentialAction":[{"@type":"SearchAction","target":{"@type":"EntryPoint","urlTemplate":"https:\/\/www.pakery.pl\/sv\/?s={search_term_string}"},"query-input":{"@type":"PropertyValueSpecification","valueRequired":true,"valueName":"search_term_string"}}],"inLanguage":"sv-SE"},{"@type":"Organization","@id":"https:\/\/www.pakery.pl\/sv\/#organization","name":"PAKERY.PL","url":"https:\/\/www.pakery.pl\/sv\/","logo":{"@type":"ImageObject","inLanguage":"sv-SE","@id":"https:\/\/www.pakery.pl\/sv\/#\/schema\/logo\/image\/","url":"https:\/\/www.pakery.pl\/wp-content\/uploads\/2021\/04\/cropped-PAKERY-LOGO.png","contentUrl":"https:\/\/www.pakery.pl\/wp-content\/uploads\/2021\/04\/cropped-PAKERY-LOGO.png","width":1529,"height":500,"caption":"PAKERY.PL"},"image":{"@id":"https:\/\/www.pakery.pl\/sv\/#\/schema\/logo\/image\/"}}]}},"_links":{"self":[{"href":"https:\/\/www.pakery.pl\/sv\/wp-json\/wp\/v2\/product\/15720","targetHints":{"allow":["GET"]}}],"collection":[{"href":"https:\/\/www.pakery.pl\/sv\/wp-json\/wp\/v2\/product"}],"about":[{"href":"https:\/\/www.pakery.pl\/sv\/wp-json\/wp\/v2\/types\/product"}],"version-history":[{"count":1,"href":"https:\/\/www.pakery.pl\/sv\/wp-json\/wp\/v2\/product\/15720\/revisions"}],"predecessor-version":[{"id":15729,"href":"https:\/\/www.pakery.pl\/sv\/wp-json\/wp\/v2\/product\/15720\/revisions\/15729"}],"wp:featuredmedia":[{"embeddable":true,"href":"https:\/\/www.pakery.pl\/sv\/wp-json\/wp\/v2\/media\/15721"}],"wp:attachment":[{"href":"https:\/\/www.pakery.pl\/sv\/wp-json\/wp\/v2\/media?parent=15720"}],"wp:term":[{"taxonomy":"product_brand","embeddable":true,"href":"https:\/\/www.pakery.pl\/sv\/wp-json\/wp\/v2\/product_brand?post=15720"},{"taxonomy":"product_cat","embeddable":true,"href":"https:\/\/www.pakery.pl\/sv\/wp-json\/wp\/v2\/product_cat?post=15720"},{"taxonomy":"product_tag","embeddable":true,"href":"https:\/\/www.pakery.pl\/sv\/wp-json\/wp\/v2\/product_tag?post=15720"}],"curies":[{"name":"wp","href":"https:\/\/api.w.org\/{rel}","templated":true}]}}