{"id":15247,"date":"2021-08-11T07:35:00","date_gmt":"2021-08-11T05:35:00","guid":{"rendered":"https:\/\/www.pakery.pl\/produkt\/spetsen-skjuts-in-i-injektionslansen\/"},"modified":"2021-08-11T07:35:01","modified_gmt":"2021-08-11T05:35:01","slug":"spetsen-skjuts-in-i-injektionslansen","status":"publish","type":"product","link":"https:\/\/www.pakery.pl\/sv\/produkt\/spetsen-skjuts-in-i-injektionslansen\/","title":{"rendered":"Spetsen skjuts in i injektionslansen"},"content":{"rendered":"\t\t<div data-elementor-type=\"product-post\" data-elementor-id=\"15247\" class=\"elementor elementor-15247 elementor-1926\" data-elementor-post-type=\"product\">\n\t\t\t\t\t\t<section class=\"elementor-section elementor-top-section elementor-element elementor-element-46bd872 elementor-section-full_width elementor-section-height-default elementor-section-height-default\" data-id=\"46bd872\" data-element_type=\"section\" data-e-type=\"section\">\n\t\t\t\t\t\t<div class=\"elementor-container elementor-column-gap-default\">\n\t\t\t\t\t<div class=\"elementor-column elementor-col-100 elementor-top-column elementor-element elementor-element-132d90f\" data-id=\"132d90f\" data-element_type=\"column\" data-e-type=\"column\">\n\t\t\t<div class=\"elementor-widget-wrap elementor-element-populated\">\n\t\t\t\t\t\t<div class=\"elementor-element elementor-element-ebe0078 elementor-widget elementor-widget-image\" data-id=\"ebe0078\" data-element_type=\"widget\" data-e-type=\"widget\" data-widget_type=\"image.default\">\n\t\t\t\t<div class=\"elementor-widget-container\">\n\t\t\t\t\t\t\t\t\t\t\t\t\t\t\t<img fetchpriority=\"high\" decoding=\"async\" width=\"1763\" height=\"565\" src=\"https:\/\/www.pakery.pl\/wp-content\/uploads\/2021\/05\/schemat-lance-shooter-.png\" class=\"attachment-full size-full wp-image-15258\" alt=\"\" srcset=\"https:\/\/www.pakery.pl\/wp-content\/uploads\/2021\/05\/schemat-lance-shooter-.png 1763w, https:\/\/www.pakery.pl\/wp-content\/uploads\/2021\/05\/schemat-lance-shooter--300x96.png 300w, https:\/\/www.pakery.pl\/wp-content\/uploads\/2021\/05\/schemat-lance-shooter--1024x328.png 1024w, https:\/\/www.pakery.pl\/wp-content\/uploads\/2021\/05\/schemat-lance-shooter--768x246.png 768w, https:\/\/www.pakery.pl\/wp-content\/uploads\/2021\/05\/schemat-lance-shooter--1536x492.png 1536w, https:\/\/www.pakery.pl\/wp-content\/uploads\/2021\/05\/schemat-lance-shooter--683x219.png 683w, https:\/\/www.pakery.pl\/wp-content\/uploads\/2021\/05\/schemat-lance-shooter--602x193.png 602w\" sizes=\"(max-width: 1763px) 100vw, 1763px\" \/>\t\t\t\t\t\t\t\t\t\t\t\t\t\t\t<\/div>\n\t\t\t\t<\/div>\n\t\t\t\t<div class=\"elementor-element elementor-element-7872d3e elementor-widget elementor-widget-spacer\" data-id=\"7872d3e\" data-element_type=\"widget\" data-e-type=\"widget\" data-widget_type=\"spacer.default\">\n\t\t\t\t<div class=\"elementor-widget-container\">\n\t\t\t\t\t\t\t<div class=\"elementor-spacer\">\n\t\t\t<div class=\"elementor-spacer-inner\"><\/div>\n\t\t<\/div>\n\t\t\t\t\t\t<\/div>\n\t\t\t\t<\/div>\n\t\t\t\t<section class=\"elementor-section elementor-inner-section elementor-element elementor-element-c230865 elementor-section-full_width elementor-section-height-default elementor-section-height-default\" data-id=\"c230865\" data-element_type=\"section\" data-e-type=\"section\">\n\t\t\t\t\t\t<div class=\"elementor-container elementor-column-gap-default\">\n\t\t\t\t\t<div class=\"elementor-column elementor-col-50 elementor-inner-column elementor-element elementor-element-3a70cf9\" data-id=\"3a70cf9\" data-element_type=\"column\" data-e-type=\"column\">\n\t\t\t<div class=\"elementor-widget-wrap elementor-element-populated\">\n\t\t\t\t\t\t<div class=\"elementor-element elementor-element-8682caf elementor-widget elementor-widget-text-editor\" data-id=\"8682caf\" data-element_type=\"widget\" data-e-type=\"widget\" data-widget_type=\"text-editor.default\">\n\t\t\t\t<div class=\"elementor-widget-container\">\n\t\t\t\t\t\t\t\t\t<h4><span style=\"color: #000000;\"><strong>JG-SHOOTER<\/strong><\/span><\/h4>\n<div><span style=\"color: #000000;\"><strong><br \/><\/strong><\/span><\/div>\n<p><span style=\"color: #000000;\">Skottspets &#8211; m\u00f6jligg\u00f6r injektioner direkt bredvid marken (f\u00f6r fulla injektionslanser) och \/ eller perforerade (full systemkompatibilitet). <strong>L\u00e4mplig f\u00f6r injektionslanser JG-CONNECT-PER, JG-CONNECT.<\/strong><\/span><\/p>\n\t\t\t\t\t\t\t\t<\/div>\n\t\t\t\t<\/div>\n\t\t\t\t\t<\/div>\n\t\t<\/div>\n\t\t\t\t<div class=\"elementor-column elementor-col-50 elementor-inner-column elementor-element elementor-element-15008d1\" data-id=\"15008d1\" data-element_type=\"column\" data-e-type=\"column\">\n\t\t\t<div class=\"elementor-widget-wrap elementor-element-populated\">\n\t\t\t\t\t\t<div class=\"elementor-element elementor-element-ec3916a elementor-widget elementor-widget-image\" data-id=\"ec3916a\" data-element_type=\"widget\" data-e-type=\"widget\" data-widget_type=\"image.default\">\n\t\t\t\t<div class=\"elementor-widget-container\">\n\t\t\t\t\t\t\t\t\t\t\t\t\t\t\t<img decoding=\"async\" width=\"250\" height=\"300\" src=\"https:\/\/www.pakery.pl\/wp-content\/uploads\/2021\/05\/LANCA-1-250x300.png\" class=\"attachment-medium size-medium wp-image-3852\" alt=\"\" srcset=\"https:\/\/www.pakery.pl\/wp-content\/uploads\/2021\/05\/LANCA-1-250x300.png 250w, https:\/\/www.pakery.pl\/wp-content\/uploads\/2021\/05\/LANCA-1.png 566w\" sizes=\"(max-width: 250px) 100vw, 250px\" \/>\t\t\t\t\t\t\t\t\t\t\t\t\t\t\t<\/div>\n\t\t\t\t<\/div>\n\t\t\t\t\t<\/div>\n\t\t<\/div>\n\t\t\t\t\t<\/div>\n\t\t<\/section>\n\t\t\t\t\t<\/div>\n\t\t<\/div>\n\t\t\t\t\t<\/div>\n\t\t<\/section>\n\t\t\t\t<\/div>\n\t\t","protected":false},"excerpt":{"rendered":"<p>JG-SHOOTER Skottspets &#8211; m\u00f6jligg\u00f6r injektioner direkt bredvid marken (f\u00f6r fulla injektionslanser) och \/ eller perforerade (full systemkompatibilitet). L\u00e4mplig f\u00f6r injektionslanser JG-CONNECT-PER, JG-CONNECT.<\/p>\n","protected":false},"featured_media":15248,"template":"","meta":{"_acf_changed":false},"product_brand":[],"product_cat":[722],"product_tag":[],"class_list":{"0":"post-15247","1":"product","2":"type-product","3":"status-publish","4":"has-post-thumbnail","6":"product_cat-injektionslanser","8":"first","9":"instock","10":"taxable","11":"shipping-taxable","12":"purchasable","13":"product-type-simple"},"acf":[],"yoast_head":"<!-- This site is optimized with the Yoast SEO plugin v27.3 - https:\/\/yoast.com\/product\/yoast-seo-wordpress\/ -->\n<title>Spetsen skjuts in i injektionslansen - PAKERY.PL<\/title>\n<meta name=\"robots\" content=\"index, follow, max-snippet:-1, max-image-preview:large, max-video-preview:-1\" \/>\n<link rel=\"canonical\" href=\"https:\/\/www.pakery.pl\/sv\/produkt\/spetsen-skjuts-in-i-injektionslansen\/\" \/>\n<meta property=\"og:locale\" content=\"sv_SE\" \/>\n<meta property=\"og:type\" content=\"article\" \/>\n<meta property=\"og:title\" content=\"Spetsen skjuts in i injektionslansen - PAKERY.PL\" \/>\n<meta property=\"og:description\" content=\"JG-SHOOTER Skottspets &#8211; m\u00f6jligg\u00f6r injektioner direkt bredvid marken (f\u00f6r fulla injektionslanser) och \/ eller perforerade (full systemkompatibilitet). L\u00e4mplig f\u00f6r injektionslanser JG-CONNECT-PER, JG-CONNECT.\" \/>\n<meta property=\"og:url\" content=\"https:\/\/www.pakery.pl\/sv\/produkt\/spetsen-skjuts-in-i-injektionslansen\/\" \/>\n<meta property=\"og:site_name\" content=\"PAKERY.PL\" \/>\n<meta property=\"article:modified_time\" content=\"2021-08-11T05:35:01+00:00\" \/>\n<meta property=\"og:image\" content=\"https:\/\/www.pakery.pl\/wp-content\/uploads\/2021\/04\/JG-SHOOTER-1.png\" \/>\n\t<meta property=\"og:image:width\" content=\"2500\" \/>\n\t<meta property=\"og:image:height\" content=\"2500\" \/>\n\t<meta property=\"og:image:type\" content=\"image\/png\" \/>\n<meta name=\"twitter:card\" content=\"summary_large_image\" \/>\n<script type=\"application\/ld+json\" class=\"yoast-schema-graph\">{\"@context\":\"https:\\\/\\\/schema.org\",\"@graph\":[{\"@type\":\"WebPage\",\"@id\":\"https:\\\/\\\/www.pakery.pl\\\/sv\\\/produkt\\\/spetsen-skjuts-in-i-injektionslansen\\\/\",\"url\":\"https:\\\/\\\/www.pakery.pl\\\/sv\\\/produkt\\\/spetsen-skjuts-in-i-injektionslansen\\\/\",\"name\":\"Spetsen skjuts in i injektionslansen - PAKERY.PL\",\"isPartOf\":{\"@id\":\"https:\\\/\\\/www.pakery.pl\\\/sv\\\/#website\"},\"primaryImageOfPage\":{\"@id\":\"https:\\\/\\\/www.pakery.pl\\\/sv\\\/produkt\\\/spetsen-skjuts-in-i-injektionslansen\\\/#primaryimage\"},\"image\":{\"@id\":\"https:\\\/\\\/www.pakery.pl\\\/sv\\\/produkt\\\/spetsen-skjuts-in-i-injektionslansen\\\/#primaryimage\"},\"thumbnailUrl\":\"https:\\\/\\\/www.pakery.pl\\\/wp-content\\\/uploads\\\/2021\\\/04\\\/JG-SHOOTER-1.png\",\"datePublished\":\"2021-08-11T05:35:00+00:00\",\"dateModified\":\"2021-08-11T05:35:01+00:00\",\"breadcrumb\":{\"@id\":\"https:\\\/\\\/www.pakery.pl\\\/sv\\\/produkt\\\/spetsen-skjuts-in-i-injektionslansen\\\/#breadcrumb\"},\"inLanguage\":\"sv-SE\",\"potentialAction\":[{\"@type\":\"ReadAction\",\"target\":[\"https:\\\/\\\/www.pakery.pl\\\/sv\\\/produkt\\\/spetsen-skjuts-in-i-injektionslansen\\\/\"]}]},{\"@type\":\"ImageObject\",\"inLanguage\":\"sv-SE\",\"@id\":\"https:\\\/\\\/www.pakery.pl\\\/sv\\\/produkt\\\/spetsen-skjuts-in-i-injektionslansen\\\/#primaryimage\",\"url\":\"https:\\\/\\\/www.pakery.pl\\\/wp-content\\\/uploads\\\/2021\\\/04\\\/JG-SHOOTER-1.png\",\"contentUrl\":\"https:\\\/\\\/www.pakery.pl\\\/wp-content\\\/uploads\\\/2021\\\/04\\\/JG-SHOOTER-1.png\",\"width\":2500,\"height\":2500},{\"@type\":\"BreadcrumbList\",\"@id\":\"https:\\\/\\\/www.pakery.pl\\\/sv\\\/produkt\\\/spetsen-skjuts-in-i-injektionslansen\\\/#breadcrumb\",\"itemListElement\":[{\"@type\":\"ListItem\",\"position\":1,\"name\":\"Strona g\u0142\u00f3wna\",\"item\":\"https:\\\/\\\/www.pakery.pl\\\/sv\\\/\"},{\"@type\":\"ListItem\",\"position\":2,\"name\":\"Lagra\",\"item\":\"https:\\\/\\\/www.pakery.pl\\\/sv\\\/lagra\\\/\"},{\"@type\":\"ListItem\",\"position\":3,\"name\":\"Spetsen skjuts in i injektionslansen\"}]},{\"@type\":\"WebSite\",\"@id\":\"https:\\\/\\\/www.pakery.pl\\\/sv\\\/#website\",\"url\":\"https:\\\/\\\/www.pakery.pl\\\/sv\\\/\",\"name\":\"Pakery.pl\",\"description\":\"Pakery iniekcyjne, Kotwy spiralne, Lance iniekcyjne, W\u0119\u017ce do iniekcji, Pompy iniekcyjne, Serwis pomp iniekcyjnych, Wynajem pomp do iniekcji\",\"publisher\":{\"@id\":\"https:\\\/\\\/www.pakery.pl\\\/sv\\\/#organization\"},\"potentialAction\":[{\"@type\":\"SearchAction\",\"target\":{\"@type\":\"EntryPoint\",\"urlTemplate\":\"https:\\\/\\\/www.pakery.pl\\\/sv\\\/?s={search_term_string}\"},\"query-input\":{\"@type\":\"PropertyValueSpecification\",\"valueRequired\":true,\"valueName\":\"search_term_string\"}}],\"inLanguage\":\"sv-SE\"},{\"@type\":\"Organization\",\"@id\":\"https:\\\/\\\/www.pakery.pl\\\/sv\\\/#organization\",\"name\":\"PAKERY.PL\",\"url\":\"https:\\\/\\\/www.pakery.pl\\\/sv\\\/\",\"logo\":{\"@type\":\"ImageObject\",\"inLanguage\":\"sv-SE\",\"@id\":\"https:\\\/\\\/www.pakery.pl\\\/sv\\\/#\\\/schema\\\/logo\\\/image\\\/\",\"url\":\"https:\\\/\\\/www.pakery.pl\\\/wp-content\\\/uploads\\\/2021\\\/04\\\/cropped-PAKERY-LOGO.png\",\"contentUrl\":\"https:\\\/\\\/www.pakery.pl\\\/wp-content\\\/uploads\\\/2021\\\/04\\\/cropped-PAKERY-LOGO.png\",\"width\":1529,\"height\":500,\"caption\":\"PAKERY.PL\"},\"image\":{\"@id\":\"https:\\\/\\\/www.pakery.pl\\\/sv\\\/#\\\/schema\\\/logo\\\/image\\\/\"}}]}<\/script>\n<!-- \/ Yoast SEO plugin. -->","yoast_head_json":{"title":"Spetsen skjuts in i injektionslansen - PAKERY.PL","robots":{"index":"index","follow":"follow","max-snippet":"max-snippet:-1","max-image-preview":"max-image-preview:large","max-video-preview":"max-video-preview:-1"},"canonical":"https:\/\/www.pakery.pl\/sv\/produkt\/spetsen-skjuts-in-i-injektionslansen\/","og_locale":"sv_SE","og_type":"article","og_title":"Spetsen skjuts in i injektionslansen - PAKERY.PL","og_description":"JG-SHOOTER Skottspets &#8211; m\u00f6jligg\u00f6r injektioner direkt bredvid marken (f\u00f6r fulla injektionslanser) och \/ eller perforerade (full systemkompatibilitet). L\u00e4mplig f\u00f6r injektionslanser JG-CONNECT-PER, JG-CONNECT.","og_url":"https:\/\/www.pakery.pl\/sv\/produkt\/spetsen-skjuts-in-i-injektionslansen\/","og_site_name":"PAKERY.PL","article_modified_time":"2021-08-11T05:35:01+00:00","og_image":[{"width":2500,"height":2500,"url":"https:\/\/www.pakery.pl\/wp-content\/uploads\/2021\/04\/JG-SHOOTER-1.png","type":"image\/png"}],"twitter_card":"summary_large_image","schema":{"@context":"https:\/\/schema.org","@graph":[{"@type":"WebPage","@id":"https:\/\/www.pakery.pl\/sv\/produkt\/spetsen-skjuts-in-i-injektionslansen\/","url":"https:\/\/www.pakery.pl\/sv\/produkt\/spetsen-skjuts-in-i-injektionslansen\/","name":"Spetsen skjuts in i injektionslansen - PAKERY.PL","isPartOf":{"@id":"https:\/\/www.pakery.pl\/sv\/#website"},"primaryImageOfPage":{"@id":"https:\/\/www.pakery.pl\/sv\/produkt\/spetsen-skjuts-in-i-injektionslansen\/#primaryimage"},"image":{"@id":"https:\/\/www.pakery.pl\/sv\/produkt\/spetsen-skjuts-in-i-injektionslansen\/#primaryimage"},"thumbnailUrl":"https:\/\/www.pakery.pl\/wp-content\/uploads\/2021\/04\/JG-SHOOTER-1.png","datePublished":"2021-08-11T05:35:00+00:00","dateModified":"2021-08-11T05:35:01+00:00","breadcrumb":{"@id":"https:\/\/www.pakery.pl\/sv\/produkt\/spetsen-skjuts-in-i-injektionslansen\/#breadcrumb"},"inLanguage":"sv-SE","potentialAction":[{"@type":"ReadAction","target":["https:\/\/www.pakery.pl\/sv\/produkt\/spetsen-skjuts-in-i-injektionslansen\/"]}]},{"@type":"ImageObject","inLanguage":"sv-SE","@id":"https:\/\/www.pakery.pl\/sv\/produkt\/spetsen-skjuts-in-i-injektionslansen\/#primaryimage","url":"https:\/\/www.pakery.pl\/wp-content\/uploads\/2021\/04\/JG-SHOOTER-1.png","contentUrl":"https:\/\/www.pakery.pl\/wp-content\/uploads\/2021\/04\/JG-SHOOTER-1.png","width":2500,"height":2500},{"@type":"BreadcrumbList","@id":"https:\/\/www.pakery.pl\/sv\/produkt\/spetsen-skjuts-in-i-injektionslansen\/#breadcrumb","itemListElement":[{"@type":"ListItem","position":1,"name":"Strona g\u0142\u00f3wna","item":"https:\/\/www.pakery.pl\/sv\/"},{"@type":"ListItem","position":2,"name":"Lagra","item":"https:\/\/www.pakery.pl\/sv\/lagra\/"},{"@type":"ListItem","position":3,"name":"Spetsen skjuts in i injektionslansen"}]},{"@type":"WebSite","@id":"https:\/\/www.pakery.pl\/sv\/#website","url":"https:\/\/www.pakery.pl\/sv\/","name":"Pakery.pl","description":"Pakery iniekcyjne, Kotwy spiralne, Lance iniekcyjne, W\u0119\u017ce do iniekcji, Pompy iniekcyjne, Serwis pomp iniekcyjnych, Wynajem pomp do iniekcji","publisher":{"@id":"https:\/\/www.pakery.pl\/sv\/#organization"},"potentialAction":[{"@type":"SearchAction","target":{"@type":"EntryPoint","urlTemplate":"https:\/\/www.pakery.pl\/sv\/?s={search_term_string}"},"query-input":{"@type":"PropertyValueSpecification","valueRequired":true,"valueName":"search_term_string"}}],"inLanguage":"sv-SE"},{"@type":"Organization","@id":"https:\/\/www.pakery.pl\/sv\/#organization","name":"PAKERY.PL","url":"https:\/\/www.pakery.pl\/sv\/","logo":{"@type":"ImageObject","inLanguage":"sv-SE","@id":"https:\/\/www.pakery.pl\/sv\/#\/schema\/logo\/image\/","url":"https:\/\/www.pakery.pl\/wp-content\/uploads\/2021\/04\/cropped-PAKERY-LOGO.png","contentUrl":"https:\/\/www.pakery.pl\/wp-content\/uploads\/2021\/04\/cropped-PAKERY-LOGO.png","width":1529,"height":500,"caption":"PAKERY.PL"},"image":{"@id":"https:\/\/www.pakery.pl\/sv\/#\/schema\/logo\/image\/"}}]}},"_links":{"self":[{"href":"https:\/\/www.pakery.pl\/sv\/wp-json\/wp\/v2\/product\/15247","targetHints":{"allow":["GET"]}}],"collection":[{"href":"https:\/\/www.pakery.pl\/sv\/wp-json\/wp\/v2\/product"}],"about":[{"href":"https:\/\/www.pakery.pl\/sv\/wp-json\/wp\/v2\/types\/product"}],"version-history":[{"count":1,"href":"https:\/\/www.pakery.pl\/sv\/wp-json\/wp\/v2\/product\/15247\/revisions"}],"predecessor-version":[{"id":15249,"href":"https:\/\/www.pakery.pl\/sv\/wp-json\/wp\/v2\/product\/15247\/revisions\/15249"}],"wp:featuredmedia":[{"embeddable":true,"href":"https:\/\/www.pakery.pl\/sv\/wp-json\/wp\/v2\/media\/15248"}],"wp:attachment":[{"href":"https:\/\/www.pakery.pl\/sv\/wp-json\/wp\/v2\/media?parent=15247"}],"wp:term":[{"taxonomy":"product_brand","embeddable":true,"href":"https:\/\/www.pakery.pl\/sv\/wp-json\/wp\/v2\/product_brand?post=15247"},{"taxonomy":"product_cat","embeddable":true,"href":"https:\/\/www.pakery.pl\/sv\/wp-json\/wp\/v2\/product_cat?post=15247"},{"taxonomy":"product_tag","embeddable":true,"href":"https:\/\/www.pakery.pl\/sv\/wp-json\/wp\/v2\/product_tag?post=15247"}],"curies":[{"name":"wp","href":"https:\/\/api.w.org\/{rel}","templated":true}]}}