{"id":14992,"date":"2021-08-11T07:30:07","date_gmt":"2021-08-11T05:30:07","guid":{"rendered":"https:\/\/www.pakery.pl\/produkt\/spiralankare-%e2%8c%8010-mm\/"},"modified":"2021-08-24T07:47:19","modified_gmt":"2021-08-24T05:47:19","slug":"%e2%8c%8010-mm-spiralankare","status":"publish","type":"product","link":"https:\/\/www.pakery.pl\/sv\/produkt\/%e2%8c%8010-mm-spiralankare\/","title":{"rendered":"Spiralankare \u230010 mm"},"content":{"rendered":"\t\t<div data-elementor-type=\"product-post\" data-elementor-id=\"14992\" class=\"elementor elementor-14992 elementor-1871\" data-elementor-post-type=\"product\">\n\t\t\t\t\t\t<section class=\"elementor-section elementor-top-section elementor-element elementor-element-b7e7196 elementor-section-full_width elementor-section-height-default elementor-section-height-default\" data-id=\"b7e7196\" data-element_type=\"section\" data-e-type=\"section\">\n\t\t\t\t\t\t<div class=\"elementor-container elementor-column-gap-default\">\n\t\t\t\t\t<div class=\"elementor-column elementor-col-100 elementor-top-column elementor-element elementor-element-6604f27\" data-id=\"6604f27\" data-element_type=\"column\" data-e-type=\"column\">\n\t\t\t<div class=\"elementor-widget-wrap elementor-element-populated\">\n\t\t\t\t\t\t<section class=\"elementor-section elementor-inner-section elementor-element elementor-element-45397ae elementor-section-full_width elementor-section-height-default elementor-section-height-default\" data-id=\"45397ae\" data-element_type=\"section\" data-e-type=\"section\">\n\t\t\t\t\t\t<div class=\"elementor-container elementor-column-gap-default\">\n\t\t\t\t\t<div class=\"elementor-column elementor-col-50 elementor-inner-column elementor-element elementor-element-5920a69\" data-id=\"5920a69\" data-element_type=\"column\" data-e-type=\"column\">\n\t\t\t<div class=\"elementor-widget-wrap elementor-element-populated\">\n\t\t\t\t\t\t<div class=\"elementor-element elementor-element-9c16b70 elementor-widget elementor-widget-text-editor\" data-id=\"9c16b70\" data-element_type=\"widget\" data-e-type=\"widget\" data-widget_type=\"text-editor.default\">\n\t\t\t\t<div class=\"elementor-widget-container\">\n\t\t\t\t\t\t\t\t\t<div>\n<p><strong><span style=\"color: #000000;\">TEKNISKA SPECIFIKATIONER:<\/span><\/strong><\/p>\n<\/div>\n<ul>\n<li><span style=\"color: #000000;\">Ankardiameter:<strong> 10 mm<\/strong><\/span><\/li>\n<li><span style=\"color: #000000;\">Tv\u00e4rsnittsarea[mm\u00b2] :<strong> 13.00<\/strong><\/span><\/li>\n<li><span style=\"color: #000000;\">Str\u00e4ckgr\u00e4ns[MPa] :<strong> 474,10<\/strong><\/span><\/li>\n<li><span style=\"color: #000000;\">Brottgr\u00e4ns[MPa] :<strong> 1006,30<\/strong><\/span><\/li>\n<li><span style=\"color: #000000;\">Modul[GPa] :<strong> 143,50<\/strong><\/span><\/li>\n<\/ul>\n\t\t\t\t\t\t\t\t<\/div>\n\t\t\t\t<\/div>\n\t\t\t\t<div class=\"elementor-element elementor-element-f10e87b elementor-widget elementor-widget-text-editor\" data-id=\"f10e87b\" data-element_type=\"widget\" data-e-type=\"widget\" data-widget_type=\"text-editor.default\">\n\t\t\t\t<div class=\"elementor-widget-container\">\n\t\t\t\t\t\t\t\t\t<h1><span style=\"color: #000000;\"><b style=\"font-size: 1rem;\">ANS\u00d6KAN:<\/b><\/span><\/h1>\n<ul>\n<li><span style=\"color: #000000;\">reparation av sprickor i konstruktionsv\u00e4ggar av tegel, sten, betong<\/span><\/li>\n<li><span style=\"color: #000000;\">f\u00f6rst\u00e4rkning av anslutningarna mellan skiljev\u00e4ggar med strukturella<\/span><\/li>\n<li><span style=\"color: #000000;\">f\u00f6rst\u00e4rkning av takvindar<\/span><\/li>\n<li><span style=\"color: #000000;\">f\u00f6rst\u00e4rkning av balkongplattor<\/span><\/li>\n<li><span style=\"color: #000000;\">reparation och f\u00f6rst\u00e4rkning av \u00f6verliggare, balkar och tak<\/span><\/li>\n<li><span style=\"color: #000000;\">f\u00f6rankring av frist\u00e5ende v\u00e4ggskydd<\/span><\/li>\n<li><span style=\"color: #000000;\">stabilisering av sp\u00e4nnv\u00e4ggar<\/span><\/li>\n<li><span style=\"color: #000000;\">v\u00e4ggf\u00f6rst\u00e4rkning i moderna byggnader<\/span><\/li>\n<\/ul>\n<p><span style=\"color: #000000;\"><b>F\u00d6RDELAR MED SPIRALF\u00d6RST\u00c4RKNINGAR:<\/b><\/span><\/p>\n<ul>\n<li><span style=\"color: #000000;\">\u00d6ka b\u00e4rf\u00f6rm\u00e5gan hos v\u00e4ggar, pelare, balkar, balkar, plattor, fundament<\/span><\/li>\n<li><span style=\"color: #000000;\">Snabb applikation &#8211; utan tekniska avbrott<\/span><\/li>\n<li><span style=\"color: #000000;\">L\u00e5g invasivitet &#8211; applikation utan r\u00f6relse och f\u00f6rvirring<\/span><\/li>\n<li><span style=\"color: #000000;\">Sprickor \u00e5terkommer inte &#8211; h\u00f6gpresterande teknik<\/span><\/li>\n<li><span style=\"color: #000000;\">L\u00e5g kostnad<\/span><\/li>\n<\/ul>\n<div><span style=\"color: #000000;\"><span style=\"caret-color: #000000;\"> <\/span><\/span><\/div>\n<div><span style=\"color: #000000;\"><span style=\"caret-color: #000000;\"> <\/span><\/span><\/div>\n<div><span style=\"color: #000000;\"><span style=\"caret-color: #000000;\"> <\/span><\/span><\/div>\n<div><span style=\"color: #000000;\"><span style=\"caret-color: #000000;\"> <\/span><\/span><\/div>\n<div><span style=\"color: #000000;\"><span style=\"caret-color: #000000;\"> <\/span><\/span><\/div>\n\t\t\t\t\t\t\t\t<\/div>\n\t\t\t\t<\/div>\n\t\t\t\t\t<\/div>\n\t\t<\/div>\n\t\t\t\t<div class=\"elementor-column elementor-col-50 elementor-inner-column elementor-element elementor-element-2d03299\" data-id=\"2d03299\" data-element_type=\"column\" data-e-type=\"column\">\n\t\t\t<div class=\"elementor-widget-wrap elementor-element-populated\">\n\t\t\t\t\t\t<div class=\"elementor-element elementor-element-32f59cc elementor-widget elementor-widget-image\" data-id=\"32f59cc\" data-element_type=\"widget\" data-e-type=\"widget\" data-widget_type=\"image.default\">\n\t\t\t\t<div class=\"elementor-widget-container\">\n\t\t\t\t\t\t\t\t\t\t\t\t\t\t\t<img fetchpriority=\"high\" decoding=\"async\" width=\"691\" height=\"758\" src=\"https:\/\/www.pakery.pl\/wp-content\/uploads\/2021\/04\/Kotwa-spiralna.png\" class=\"attachment-large size-large wp-image-14994\" alt=\"\" srcset=\"https:\/\/www.pakery.pl\/wp-content\/uploads\/2021\/04\/Kotwa-spiralna.png 691w, https:\/\/www.pakery.pl\/wp-content\/uploads\/2021\/04\/Kotwa-spiralna-273x300.png 273w, https:\/\/www.pakery.pl\/wp-content\/uploads\/2021\/04\/Kotwa-spiralna-683x749.png 683w, https:\/\/www.pakery.pl\/wp-content\/uploads\/2021\/04\/Kotwa-spiralna-602x660.png 602w\" sizes=\"(max-width: 691px) 100vw, 691px\" \/>\t\t\t\t\t\t\t\t\t\t\t\t\t\t\t<\/div>\n\t\t\t\t<\/div>\n\t\t\t\t\t<\/div>\n\t\t<\/div>\n\t\t\t\t\t<\/div>\n\t\t<\/section>\n\t\t\t\t<div class=\"elementor-element elementor-element-0b33b07 elementor-widget elementor-widget-image\" data-id=\"0b33b07\" data-element_type=\"widget\" data-e-type=\"widget\" data-widget_type=\"image.default\">\n\t\t\t\t<div class=\"elementor-widget-container\">\n\t\t\t\t\t\t\t\t\t\t\t\t\t\t\t<img decoding=\"async\" width=\"781\" height=\"410\" src=\"https:\/\/www.pakery.pl\/wp-content\/uploads\/2021\/04\/kotwy-eng-.png\" class=\"attachment-large size-large wp-image-36155\" alt=\"\" srcset=\"https:\/\/www.pakery.pl\/wp-content\/uploads\/2021\/04\/kotwy-eng-.png 781w, https:\/\/www.pakery.pl\/wp-content\/uploads\/2021\/04\/kotwy-eng--300x157.png 300w, https:\/\/www.pakery.pl\/wp-content\/uploads\/2021\/04\/kotwy-eng--768x403.png 768w, https:\/\/www.pakery.pl\/wp-content\/uploads\/2021\/04\/kotwy-eng--683x359.png 683w, https:\/\/www.pakery.pl\/wp-content\/uploads\/2021\/04\/kotwy-eng--602x316.png 602w\" sizes=\"(max-width: 781px) 100vw, 781px\" \/>\t\t\t\t\t\t\t\t\t\t\t\t\t\t\t<\/div>\n\t\t\t\t<\/div>\n\t\t\t\t<div class=\"elementor-element elementor-element-77d701e elementor-widget-divider--view-line elementor-widget elementor-widget-divider\" data-id=\"77d701e\" data-element_type=\"widget\" data-e-type=\"widget\" data-widget_type=\"divider.default\">\n\t\t\t\t<div class=\"elementor-widget-container\">\n\t\t\t\t\t\t\t<div class=\"elementor-divider\">\n\t\t\t<span class=\"elementor-divider-separator\">\n\t\t\t\t\t\t<\/span>\n\t\t<\/div>\n\t\t\t\t\t\t<\/div>\n\t\t\t\t<\/div>\n\t\t\t\t<div class=\"elementor-element elementor-element-cf2da9a elementor-widget elementor-widget-heading\" data-id=\"cf2da9a\" data-element_type=\"widget\" data-e-type=\"widget\" data-widget_type=\"heading.default\">\n\t\t\t\t<div class=\"elementor-widget-container\">\n\t\t\t\t\t<h2 class=\"elementor-heading-title elementor-size-default\">L\u00e4gg till din rubriktext h\u00e4r<\/h2>\t\t\t\t<\/div>\n\t\t\t\t<\/div>\n\t\t\t\t<section class=\"elementor-section elementor-inner-section elementor-element elementor-element-a6cce0d elementor-section-full_width elementor-section-height-default elementor-section-height-default\" data-id=\"a6cce0d\" data-element_type=\"section\" data-e-type=\"section\">\n\t\t\t\t\t\t<div class=\"elementor-container elementor-column-gap-default\">\n\t\t\t\t\t<div class=\"elementor-column elementor-col-50 elementor-inner-column elementor-element elementor-element-8ef05b0\" data-id=\"8ef05b0\" data-element_type=\"column\" data-e-type=\"column\">\n\t\t\t<div class=\"elementor-widget-wrap elementor-element-populated\">\n\t\t\t\t\t\t<div class=\"elementor-element elementor-element-2d277b7 elementor-widget elementor-widget-text-editor\" data-id=\"2d277b7\" data-element_type=\"widget\" data-e-type=\"widget\" data-widget_type=\"text-editor.default\">\n\t\t\t\t<div class=\"elementor-widget-container\">\n\t\t\t\t\t\t\t\t\t<p><span style=\"color: #000000;\"><strong>Sp\u00e5rens dimensioner f\u00f6r spiralankare, tillsammans med den ungef\u00e4rliga f\u00f6rbrukningen av ankarbruket, finns i tabellen nedan:<\/strong><\/span><\/p>\n\t\t\t\t\t\t\t\t<\/div>\n\t\t\t\t<\/div>\n\t\t\t\t<div class=\"elementor-element elementor-element-9983271 elementor-widget elementor-widget-image\" data-id=\"9983271\" data-element_type=\"widget\" data-e-type=\"widget\" data-widget_type=\"image.default\">\n\t\t\t\t<div class=\"elementor-widget-container\">\n\t\t\t\t\t\t\t\t\t\t\t\t\t\t\t<img decoding=\"async\" width=\"1024\" height=\"525\" src=\"https:\/\/www.pakery.pl\/wp-content\/uploads\/2021\/04\/table-kotwa-1024x525.png\" class=\"attachment-large size-large wp-image-36182\" alt=\"\" srcset=\"https:\/\/www.pakery.pl\/wp-content\/uploads\/2021\/04\/table-kotwa-1024x525.png 1024w, https:\/\/www.pakery.pl\/wp-content\/uploads\/2021\/04\/table-kotwa-300x154.png 300w, https:\/\/www.pakery.pl\/wp-content\/uploads\/2021\/04\/table-kotwa-768x393.png 768w, https:\/\/www.pakery.pl\/wp-content\/uploads\/2021\/04\/table-kotwa-683x350.png 683w, https:\/\/www.pakery.pl\/wp-content\/uploads\/2021\/04\/table-kotwa-602x308.png 602w, https:\/\/www.pakery.pl\/wp-content\/uploads\/2021\/04\/table-kotwa.png 1058w\" sizes=\"(max-width: 1024px) 100vw, 1024px\" \/>\t\t\t\t\t\t\t\t\t\t\t\t\t\t\t<\/div>\n\t\t\t\t<\/div>\n\t\t\t\t\t<\/div>\n\t\t<\/div>\n\t\t\t\t<div class=\"elementor-column elementor-col-50 elementor-inner-column elementor-element elementor-element-3f2140f\" data-id=\"3f2140f\" data-element_type=\"column\" data-e-type=\"column\">\n\t\t\t<div class=\"elementor-widget-wrap elementor-element-populated\">\n\t\t\t\t\t\t<div class=\"elementor-element elementor-element-4bc0503 elementor-widget elementor-widget-text-editor\" data-id=\"4bc0503\" data-element_type=\"widget\" data-e-type=\"widget\" data-widget_type=\"text-editor.default\">\n\t\t\t\t<div class=\"elementor-widget-container\">\n\t\t\t\t\t\t\t\t\t<p><span style=\"color: #000000;\"><strong>&nbsp;<\/strong><\/span><\/p>\n<p><strong style=\"font-size: 1rem; color: #000000;\">&nbsp;<\/strong><\/p>\n<p><strong style=\"font-size: 1rem; color: #000000;\">min. ankarets totala l\u00e4ngd (tegel \/ sten \/ blandat murverk) &#8211; 1000 mm<\/strong><\/p>\n<p><span style=\"color: #000000;\"><strong>min. ankarets totala l\u00e4ngd (betong) &#8211; 600 mm<\/strong><\/span><\/p>\n<p><em>P\u00e5 kundens uttryckliga beg\u00e4ran sk\u00e4r vi ankarna till den angivna storleken.<\/em><\/p>\n<p><em><strong>F\u00f6r mer designf\u00f6rslag, se Hammpack Spiral Hammer teknisk dokumentation.<br \/><\/strong><\/em><\/p>\n\t\t\t\t\t\t\t\t<\/div>\n\t\t\t\t<\/div>\n\t\t\t\t\t<\/div>\n\t\t<\/div>\n\t\t\t\t\t<\/div>\n\t\t<\/section>\n\t\t\t\t\t<\/div>\n\t\t<\/div>\n\t\t\t\t\t<\/div>\n\t\t<\/section>\n\t\t\t\t<\/div>\n\t\t","protected":false},"excerpt":{"rendered":"<p>TEKNISKA SPECIFIKATIONER: Ankardiameter: 10 mm Tv\u00e4rsnittsarea[mm\u00b2] : 13.00 Str\u00e4ckgr\u00e4ns[MPa] : 474,10 Brottgr\u00e4ns[MPa] : 1006,30 Modul[GPa] : 143,50 ANS\u00d6KAN: reparation av sprickor i konstruktionsv\u00e4ggar av tegel, sten, betong f\u00f6rst\u00e4rkning av anslutningarna mellan skiljev\u00e4ggar med strukturella f\u00f6rst\u00e4rkning av takvindar f\u00f6rst\u00e4rkning av balkongplattor reparation och f\u00f6rst\u00e4rkning av \u00f6verliggare, balkar och tak f\u00f6rankring av frist\u00e5ende v\u00e4ggskydd stabilisering av sp\u00e4nnv\u00e4ggar [&hellip;]<\/p>\n","protected":false},"featured_media":14999,"template":"","meta":{"_acf_changed":false},"product_brand":[],"product_cat":[732],"product_tag":[],"class_list":{"0":"post-14992","1":"product","2":"type-product","3":"status-publish","4":"has-post-thumbnail","6":"product_cat-spiralankare","7":"pa_dlugosc-100m-sv","8":"pa_dlugosc-10m-sv","9":"pa_dlugosc-1m-sv","11":"first","12":"instock","13":"taxable","14":"shipping-taxable","15":"purchasable","16":"product-type-variable"},"acf":[],"yoast_head":"<!-- This site is optimized with the Yoast SEO plugin v27.3 - https:\/\/yoast.com\/product\/yoast-seo-wordpress\/ -->\n<title>Spiralankare \u230010 mm l Spiralankare f\u00f6r sprickor i v\u00e4ggar<\/title>\n<meta name=\"description\" content=\"V\u00e4ggsprickankar | Spiralankare | \u00d6ka b\u00e4rf\u00f6rm\u00e5gan hos v\u00e4ggar, pelare, balkar, balkar, plattor, fundament\" \/>\n<meta name=\"robots\" content=\"index, follow, max-snippet:-1, max-image-preview:large, max-video-preview:-1\" \/>\n<link rel=\"canonical\" href=\"https:\/\/www.pakery.pl\/sv\/produkt\/%e2%8c%8010-mm-spiralankare\/\" \/>\n<meta property=\"og:locale\" content=\"sv_SE\" \/>\n<meta property=\"og:type\" content=\"article\" \/>\n<meta property=\"og:title\" content=\"Spiralankare \u230010 mm l Spiralankare f\u00f6r sprickor i v\u00e4ggar\" \/>\n<meta property=\"og:description\" content=\"V\u00e4ggsprickankar | Spiralankare | \u00d6ka b\u00e4rf\u00f6rm\u00e5gan hos v\u00e4ggar, pelare, balkar, balkar, plattor, fundament\" \/>\n<meta property=\"og:url\" content=\"https:\/\/www.pakery.pl\/sv\/produkt\/%e2%8c%8010-mm-spiralankare\/\" \/>\n<meta property=\"og:site_name\" content=\"PAKERY.PL\" \/>\n<meta property=\"article:modified_time\" content=\"2021-08-24T05:47:19+00:00\" \/>\n<meta property=\"og:image\" content=\"https:\/\/www.pakery.pl\/wp-content\/uploads\/2021\/05\/kotwy-zbiorcze-1024x1024.png\" \/>\n\t<meta property=\"og:image:width\" content=\"1024\" \/>\n\t<meta property=\"og:image:height\" content=\"1024\" \/>\n\t<meta property=\"og:image:type\" content=\"image\/png\" \/>\n<meta name=\"twitter:card\" content=\"summary_large_image\" \/>\n<meta name=\"twitter:label1\" content=\"Ber\u00e4knad l\u00e4stid\" \/>\n\t<meta name=\"twitter:data1\" content=\"1 minut\" \/>\n<script type=\"application\/ld+json\" class=\"yoast-schema-graph\">{\"@context\":\"https:\\\/\\\/schema.org\",\"@graph\":[{\"@type\":\"WebPage\",\"@id\":\"https:\\\/\\\/www.pakery.pl\\\/sv\\\/produkt\\\/%e2%8c%8010-mm-spiralankare\\\/\",\"url\":\"https:\\\/\\\/www.pakery.pl\\\/sv\\\/produkt\\\/%e2%8c%8010-mm-spiralankare\\\/\",\"name\":\"Spiralankare \u230010 mm l Spiralankare f\u00f6r sprickor i v\u00e4ggar\",\"isPartOf\":{\"@id\":\"https:\\\/\\\/www.pakery.pl\\\/sv\\\/#website\"},\"primaryImageOfPage\":{\"@id\":\"https:\\\/\\\/www.pakery.pl\\\/sv\\\/produkt\\\/%e2%8c%8010-mm-spiralankare\\\/#primaryimage\"},\"image\":{\"@id\":\"https:\\\/\\\/www.pakery.pl\\\/sv\\\/produkt\\\/%e2%8c%8010-mm-spiralankare\\\/#primaryimage\"},\"thumbnailUrl\":\"https:\\\/\\\/www.pakery.pl\\\/wp-content\\\/uploads\\\/2021\\\/05\\\/kotwy-zbiorcze.png\",\"datePublished\":\"2021-08-11T05:30:07+00:00\",\"dateModified\":\"2021-08-24T05:47:19+00:00\",\"description\":\"V\u00e4ggsprickankar | Spiralankare | \u00d6ka b\u00e4rf\u00f6rm\u00e5gan hos v\u00e4ggar, pelare, balkar, balkar, plattor, fundament\",\"breadcrumb\":{\"@id\":\"https:\\\/\\\/www.pakery.pl\\\/sv\\\/produkt\\\/%e2%8c%8010-mm-spiralankare\\\/#breadcrumb\"},\"inLanguage\":\"sv-SE\",\"potentialAction\":[{\"@type\":\"ReadAction\",\"target\":[\"https:\\\/\\\/www.pakery.pl\\\/sv\\\/produkt\\\/%e2%8c%8010-mm-spiralankare\\\/\"]}]},{\"@type\":\"ImageObject\",\"inLanguage\":\"sv-SE\",\"@id\":\"https:\\\/\\\/www.pakery.pl\\\/sv\\\/produkt\\\/%e2%8c%8010-mm-spiralankare\\\/#primaryimage\",\"url\":\"https:\\\/\\\/www.pakery.pl\\\/wp-content\\\/uploads\\\/2021\\\/05\\\/kotwy-zbiorcze.png\",\"contentUrl\":\"https:\\\/\\\/www.pakery.pl\\\/wp-content\\\/uploads\\\/2021\\\/05\\\/kotwy-zbiorcze.png\",\"width\":2500,\"height\":2500},{\"@type\":\"BreadcrumbList\",\"@id\":\"https:\\\/\\\/www.pakery.pl\\\/sv\\\/produkt\\\/%e2%8c%8010-mm-spiralankare\\\/#breadcrumb\",\"itemListElement\":[{\"@type\":\"ListItem\",\"position\":1,\"name\":\"Strona g\u0142\u00f3wna\",\"item\":\"https:\\\/\\\/www.pakery.pl\\\/sv\\\/\"},{\"@type\":\"ListItem\",\"position\":2,\"name\":\"Lagra\",\"item\":\"https:\\\/\\\/www.pakery.pl\\\/sv\\\/lagra\\\/\"},{\"@type\":\"ListItem\",\"position\":3,\"name\":\"Spiralankare \u230010 mm\"}]},{\"@type\":\"WebSite\",\"@id\":\"https:\\\/\\\/www.pakery.pl\\\/sv\\\/#website\",\"url\":\"https:\\\/\\\/www.pakery.pl\\\/sv\\\/\",\"name\":\"Pakery.pl\",\"description\":\"Pakery iniekcyjne, Kotwy spiralne, Lance iniekcyjne, W\u0119\u017ce do iniekcji, Pompy iniekcyjne, Serwis pomp iniekcyjnych, Wynajem pomp do iniekcji\",\"publisher\":{\"@id\":\"https:\\\/\\\/www.pakery.pl\\\/sv\\\/#organization\"},\"potentialAction\":[{\"@type\":\"SearchAction\",\"target\":{\"@type\":\"EntryPoint\",\"urlTemplate\":\"https:\\\/\\\/www.pakery.pl\\\/sv\\\/?s={search_term_string}\"},\"query-input\":{\"@type\":\"PropertyValueSpecification\",\"valueRequired\":true,\"valueName\":\"search_term_string\"}}],\"inLanguage\":\"sv-SE\"},{\"@type\":\"Organization\",\"@id\":\"https:\\\/\\\/www.pakery.pl\\\/sv\\\/#organization\",\"name\":\"PAKERY.PL\",\"url\":\"https:\\\/\\\/www.pakery.pl\\\/sv\\\/\",\"logo\":{\"@type\":\"ImageObject\",\"inLanguage\":\"sv-SE\",\"@id\":\"https:\\\/\\\/www.pakery.pl\\\/sv\\\/#\\\/schema\\\/logo\\\/image\\\/\",\"url\":\"https:\\\/\\\/www.pakery.pl\\\/wp-content\\\/uploads\\\/2021\\\/04\\\/cropped-PAKERY-LOGO.png\",\"contentUrl\":\"https:\\\/\\\/www.pakery.pl\\\/wp-content\\\/uploads\\\/2021\\\/04\\\/cropped-PAKERY-LOGO.png\",\"width\":1529,\"height\":500,\"caption\":\"PAKERY.PL\"},\"image\":{\"@id\":\"https:\\\/\\\/www.pakery.pl\\\/sv\\\/#\\\/schema\\\/logo\\\/image\\\/\"}}]}<\/script>\n<!-- \/ Yoast SEO plugin. -->","yoast_head_json":{"title":"Spiralankare \u230010 mm l Spiralankare f\u00f6r sprickor i v\u00e4ggar","description":"V\u00e4ggsprickankar | Spiralankare | \u00d6ka b\u00e4rf\u00f6rm\u00e5gan hos v\u00e4ggar, pelare, balkar, balkar, plattor, fundament","robots":{"index":"index","follow":"follow","max-snippet":"max-snippet:-1","max-image-preview":"max-image-preview:large","max-video-preview":"max-video-preview:-1"},"canonical":"https:\/\/www.pakery.pl\/sv\/produkt\/%e2%8c%8010-mm-spiralankare\/","og_locale":"sv_SE","og_type":"article","og_title":"Spiralankare \u230010 mm l Spiralankare f\u00f6r sprickor i v\u00e4ggar","og_description":"V\u00e4ggsprickankar | Spiralankare | \u00d6ka b\u00e4rf\u00f6rm\u00e5gan hos v\u00e4ggar, pelare, balkar, balkar, plattor, fundament","og_url":"https:\/\/www.pakery.pl\/sv\/produkt\/%e2%8c%8010-mm-spiralankare\/","og_site_name":"PAKERY.PL","article_modified_time":"2021-08-24T05:47:19+00:00","og_image":[{"width":1024,"height":1024,"url":"https:\/\/www.pakery.pl\/wp-content\/uploads\/2021\/05\/kotwy-zbiorcze-1024x1024.png","type":"image\/png"}],"twitter_card":"summary_large_image","twitter_misc":{"Ber\u00e4knad l\u00e4stid":"1 minut"},"schema":{"@context":"https:\/\/schema.org","@graph":[{"@type":"WebPage","@id":"https:\/\/www.pakery.pl\/sv\/produkt\/%e2%8c%8010-mm-spiralankare\/","url":"https:\/\/www.pakery.pl\/sv\/produkt\/%e2%8c%8010-mm-spiralankare\/","name":"Spiralankare \u230010 mm l Spiralankare f\u00f6r sprickor i v\u00e4ggar","isPartOf":{"@id":"https:\/\/www.pakery.pl\/sv\/#website"},"primaryImageOfPage":{"@id":"https:\/\/www.pakery.pl\/sv\/produkt\/%e2%8c%8010-mm-spiralankare\/#primaryimage"},"image":{"@id":"https:\/\/www.pakery.pl\/sv\/produkt\/%e2%8c%8010-mm-spiralankare\/#primaryimage"},"thumbnailUrl":"https:\/\/www.pakery.pl\/wp-content\/uploads\/2021\/05\/kotwy-zbiorcze.png","datePublished":"2021-08-11T05:30:07+00:00","dateModified":"2021-08-24T05:47:19+00:00","description":"V\u00e4ggsprickankar | Spiralankare | \u00d6ka b\u00e4rf\u00f6rm\u00e5gan hos v\u00e4ggar, pelare, balkar, balkar, plattor, fundament","breadcrumb":{"@id":"https:\/\/www.pakery.pl\/sv\/produkt\/%e2%8c%8010-mm-spiralankare\/#breadcrumb"},"inLanguage":"sv-SE","potentialAction":[{"@type":"ReadAction","target":["https:\/\/www.pakery.pl\/sv\/produkt\/%e2%8c%8010-mm-spiralankare\/"]}]},{"@type":"ImageObject","inLanguage":"sv-SE","@id":"https:\/\/www.pakery.pl\/sv\/produkt\/%e2%8c%8010-mm-spiralankare\/#primaryimage","url":"https:\/\/www.pakery.pl\/wp-content\/uploads\/2021\/05\/kotwy-zbiorcze.png","contentUrl":"https:\/\/www.pakery.pl\/wp-content\/uploads\/2021\/05\/kotwy-zbiorcze.png","width":2500,"height":2500},{"@type":"BreadcrumbList","@id":"https:\/\/www.pakery.pl\/sv\/produkt\/%e2%8c%8010-mm-spiralankare\/#breadcrumb","itemListElement":[{"@type":"ListItem","position":1,"name":"Strona g\u0142\u00f3wna","item":"https:\/\/www.pakery.pl\/sv\/"},{"@type":"ListItem","position":2,"name":"Lagra","item":"https:\/\/www.pakery.pl\/sv\/lagra\/"},{"@type":"ListItem","position":3,"name":"Spiralankare \u230010 mm"}]},{"@type":"WebSite","@id":"https:\/\/www.pakery.pl\/sv\/#website","url":"https:\/\/www.pakery.pl\/sv\/","name":"Pakery.pl","description":"Pakery iniekcyjne, Kotwy spiralne, Lance iniekcyjne, W\u0119\u017ce do iniekcji, Pompy iniekcyjne, Serwis pomp iniekcyjnych, Wynajem pomp do iniekcji","publisher":{"@id":"https:\/\/www.pakery.pl\/sv\/#organization"},"potentialAction":[{"@type":"SearchAction","target":{"@type":"EntryPoint","urlTemplate":"https:\/\/www.pakery.pl\/sv\/?s={search_term_string}"},"query-input":{"@type":"PropertyValueSpecification","valueRequired":true,"valueName":"search_term_string"}}],"inLanguage":"sv-SE"},{"@type":"Organization","@id":"https:\/\/www.pakery.pl\/sv\/#organization","name":"PAKERY.PL","url":"https:\/\/www.pakery.pl\/sv\/","logo":{"@type":"ImageObject","inLanguage":"sv-SE","@id":"https:\/\/www.pakery.pl\/sv\/#\/schema\/logo\/image\/","url":"https:\/\/www.pakery.pl\/wp-content\/uploads\/2021\/04\/cropped-PAKERY-LOGO.png","contentUrl":"https:\/\/www.pakery.pl\/wp-content\/uploads\/2021\/04\/cropped-PAKERY-LOGO.png","width":1529,"height":500,"caption":"PAKERY.PL"},"image":{"@id":"https:\/\/www.pakery.pl\/sv\/#\/schema\/logo\/image\/"}}]}},"_links":{"self":[{"href":"https:\/\/www.pakery.pl\/sv\/wp-json\/wp\/v2\/product\/14992","targetHints":{"allow":["GET"]}}],"collection":[{"href":"https:\/\/www.pakery.pl\/sv\/wp-json\/wp\/v2\/product"}],"about":[{"href":"https:\/\/www.pakery.pl\/sv\/wp-json\/wp\/v2\/types\/product"}],"version-history":[{"count":5,"href":"https:\/\/www.pakery.pl\/sv\/wp-json\/wp\/v2\/product\/14992\/revisions"}],"predecessor-version":[{"id":36449,"href":"https:\/\/www.pakery.pl\/sv\/wp-json\/wp\/v2\/product\/14992\/revisions\/36449"}],"wp:featuredmedia":[{"embeddable":true,"href":"https:\/\/www.pakery.pl\/sv\/wp-json\/wp\/v2\/media\/14999"}],"wp:attachment":[{"href":"https:\/\/www.pakery.pl\/sv\/wp-json\/wp\/v2\/media?parent=14992"}],"wp:term":[{"taxonomy":"product_brand","embeddable":true,"href":"https:\/\/www.pakery.pl\/sv\/wp-json\/wp\/v2\/product_brand?post=14992"},{"taxonomy":"product_cat","embeddable":true,"href":"https:\/\/www.pakery.pl\/sv\/wp-json\/wp\/v2\/product_cat?post=14992"},{"taxonomy":"product_tag","embeddable":true,"href":"https:\/\/www.pakery.pl\/sv\/wp-json\/wp\/v2\/product_tag?post=14992"}],"curies":[{"name":"wp","href":"https:\/\/api.w.org\/{rel}","templated":true}]}}