{"id":14926,"date":"2021-08-11T07:14:58","date_gmt":"2021-08-11T05:14:58","guid":{"rendered":"https:\/\/www.pakery.pl\/om-oss\/"},"modified":"2021-10-14T10:55:55","modified_gmt":"2021-10-14T08:55:55","slug":"om-oss","status":"publish","type":"page","link":"https:\/\/www.pakery.pl\/sv\/om-oss\/","title":{"rendered":"Om oss"},"content":{"rendered":"\t\t<div data-elementor-type=\"wp-page\" data-elementor-id=\"14926\" class=\"elementor elementor-14926 elementor-33\" data-elementor-post-type=\"page\">\n\t\t\t\t\t\t<section class=\"elementor-section elementor-top-section elementor-element elementor-element-78aa48a elementor-section-boxed elementor-section-height-default elementor-section-height-default\" data-id=\"78aa48a\" data-element_type=\"section\" data-e-type=\"section\">\n\t\t\t\t\t\t<div class=\"elementor-container elementor-column-gap-default\">\n\t\t\t\t\t<div class=\"elementor-column elementor-col-100 elementor-top-column elementor-element elementor-element-e1039cb\" data-id=\"e1039cb\" data-element_type=\"column\" data-e-type=\"column\">\n\t\t\t<div class=\"elementor-widget-wrap elementor-element-populated\">\n\t\t\t\t\t\t<section class=\"elementor-section elementor-inner-section elementor-element elementor-element-55e95fa elementor-section-boxed elementor-section-height-default elementor-section-height-default\" data-id=\"55e95fa\" data-element_type=\"section\" data-e-type=\"section\">\n\t\t\t\t\t\t<div class=\"elementor-container elementor-column-gap-default\">\n\t\t\t\t\t<div class=\"elementor-column elementor-col-50 elementor-inner-column elementor-element elementor-element-974093a\" data-id=\"974093a\" data-element_type=\"column\" data-e-type=\"column\">\n\t\t\t<div class=\"elementor-widget-wrap elementor-element-populated\">\n\t\t\t\t\t\t<div class=\"elementor-element elementor-element-f8778c7 elementor-widget elementor-widget-video\" data-id=\"f8778c7\" data-element_type=\"widget\" data-e-type=\"widget\" data-settings=\"{&quot;video_type&quot;:&quot;hosted&quot;,&quot;autoplay&quot;:&quot;yes&quot;,&quot;play_on_mobile&quot;:&quot;yes&quot;,&quot;mute&quot;:&quot;yes&quot;,&quot;loop&quot;:&quot;yes&quot;}\" data-widget_type=\"video.default\">\n\t\t\t\t<div class=\"elementor-widget-container\">\n\t\t\t\t\t\t\t<div class=\"e-hosted-video elementor-wrapper elementor-open-inline\">\n\t\t\t\t\t<video class=\"elementor-video\" src=\"https:\/\/www.pakery.pl\/wp-content\/uploads\/2021\/05\/2N6A3256.mp4\" autoplay=\"\" loop=\"\" muted=\"muted\" playsinline=\"\" controlsList=\"nodownload\"><\/video>\n\t\t\t\t<\/div>\n\t\t\t\t\t\t<\/div>\n\t\t\t\t<\/div>\n\t\t\t\t\t<\/div>\n\t\t<\/div>\n\t\t\t\t<div class=\"elementor-column elementor-col-50 elementor-inner-column elementor-element elementor-element-8675d35\" data-id=\"8675d35\" data-element_type=\"column\" data-e-type=\"column\">\n\t\t\t<div class=\"elementor-widget-wrap elementor-element-populated\">\n\t\t\t\t\t\t<div class=\"elementor-element elementor-element-43860b0 elementor-widget elementor-widget-text-editor\" data-id=\"43860b0\" data-element_type=\"widget\" data-e-type=\"widget\" data-widget_type=\"text-editor.default\">\n\t\t\t\t<div class=\"elementor-widget-container\">\n\t\t\t\t\t\t\t\t\t<h2 style=\"text-align: center;\"><span style=\"color: #000000;\"><strong> <\/strong><\/span><\/h2>\n<h2 style=\"text-align: center;\"><span style=\"color: #000000;\"><strong style=\"font-family: inherit; font-size: 2rem;\"> <\/strong><\/span><\/h2>\n<h2 style=\"text-align: center;\"><span style=\"color: #000000;\"><strong style=\"font-family: inherit; font-size: 2rem;\">FILOZOFIA PAKERY.PL<\/strong><\/span><\/h2>\n<div><span style=\"color: #000000;\"><strong style=\"font-family: inherit; font-size: 2rem;\"> <\/strong><\/span><\/div>\n<p style=\"text-align: center;\"><span style=\"color: #000000;\"><span style=\"caret-color: #333333; font-family: 'Open Sans', Arial, sans-serif; font-size: 20px;\">Sukces nale\u017cy budowa\u0107 przede wszystkim na zaufaniu i zadowoleniu klient\u00f3w. Nale\u017cy s\u0142ucha\u0107 ich uwag i ci\u0105gle udoskanala\u0107 produkty.<\/span><strong><br \/><\/strong><\/span><\/p>\n\t\t\t\t\t\t\t\t<\/div>\n\t\t\t\t<\/div>\n\t\t\t\t\t<\/div>\n\t\t<\/div>\n\t\t\t\t\t<\/div>\n\t\t<\/section>\n\t\t\t\t\t<\/div>\n\t\t<\/div>\n\t\t\t\t\t<\/div>\n\t\t<\/section>\n\t\t\t\t<section class=\"elementor-section elementor-top-section elementor-element elementor-element-8b13b9a elementor-section-boxed elementor-section-height-default elementor-section-height-default\" data-id=\"8b13b9a\" data-element_type=\"section\" data-e-type=\"section\">\n\t\t\t\t\t\t<div class=\"elementor-container elementor-column-gap-default\">\n\t\t\t\t\t<div class=\"elementor-column elementor-col-100 elementor-top-column elementor-element elementor-element-7746aa3\" data-id=\"7746aa3\" data-element_type=\"column\" data-e-type=\"column\">\n\t\t\t<div class=\"elementor-widget-wrap elementor-element-populated\">\n\t\t\t\t\t\t<section class=\"elementor-section elementor-inner-section elementor-element elementor-element-4f0e2cf elementor-section-full_width elementor-section-height-default elementor-section-height-default\" data-id=\"4f0e2cf\" data-element_type=\"section\" data-e-type=\"section\">\n\t\t\t\t\t\t<div class=\"elementor-container elementor-column-gap-default\">\n\t\t\t\t\t<div class=\"elementor-column elementor-col-25 elementor-inner-column elementor-element elementor-element-f7516d1\" data-id=\"f7516d1\" data-element_type=\"column\" data-e-type=\"column\">\n\t\t\t<div class=\"elementor-widget-wrap elementor-element-populated\">\n\t\t\t\t\t\t<div class=\"elementor-element elementor-element-f3c97f7 elementor-view-default elementor-widget elementor-widget-icon\" data-id=\"f3c97f7\" data-element_type=\"widget\" data-e-type=\"widget\" data-widget_type=\"icon.default\">\n\t\t\t\t<div class=\"elementor-widget-container\">\n\t\t\t\t\t\t\t<div class=\"elementor-icon-wrapper\">\n\t\t\t<div class=\"elementor-icon\">\n\t\t\t<i aria-hidden=\"true\" class=\"fas fa-star\"><\/i>\t\t\t<\/div>\n\t\t<\/div>\n\t\t\t\t\t\t<\/div>\n\t\t\t\t<\/div>\n\t\t\t\t<div class=\"elementor-element elementor-element-c83f1f9 elementor-widget elementor-widget-text-editor\" data-id=\"c83f1f9\" data-element_type=\"widget\" data-e-type=\"widget\" data-widget_type=\"text-editor.default\">\n\t\t\t\t<div class=\"elementor-widget-container\">\n\t\t\t\t\t\t\t\t\t<p style=\"text-align: center;\">Weryfikacja jako\u015bci i \u015bwiadczonych us\u0142ug<\/p>\n\t\t\t\t\t\t\t\t<\/div>\n\t\t\t\t<\/div>\n\t\t\t\t\t<\/div>\n\t\t<\/div>\n\t\t\t\t<div class=\"elementor-column elementor-col-25 elementor-inner-column elementor-element elementor-element-4ca2f28\" data-id=\"4ca2f28\" data-element_type=\"column\" data-e-type=\"column\">\n\t\t\t<div class=\"elementor-widget-wrap elementor-element-populated\">\n\t\t\t\t\t\t<div class=\"elementor-element elementor-element-775f5b9 elementor-view-default elementor-widget elementor-widget-icon\" data-id=\"775f5b9\" data-element_type=\"widget\" data-e-type=\"widget\" data-widget_type=\"icon.default\">\n\t\t\t\t<div class=\"elementor-widget-container\">\n\t\t\t\t\t\t\t<div class=\"elementor-icon-wrapper\">\n\t\t\t<div class=\"elementor-icon\">\n\t\t\t<i aria-hidden=\"true\" class=\"fas fa-clock\"><\/i>\t\t\t<\/div>\n\t\t<\/div>\n\t\t\t\t\t\t<\/div>\n\t\t\t\t<\/div>\n\t\t\t\t<div class=\"elementor-element elementor-element-a3fd845 elementor-widget elementor-widget-text-editor\" data-id=\"a3fd845\" data-element_type=\"widget\" data-e-type=\"widget\" data-widget_type=\"text-editor.default\">\n\t\t\t\t<div class=\"elementor-widget-container\">\n\t\t\t\t\t\t\t\t\t<p style=\"text-align: center;\">Zam\u00f3wienia realizowane w najkr\u00f3tszym mo\u017cliwym czasie<\/p>\n\t\t\t\t\t\t\t\t<\/div>\n\t\t\t\t<\/div>\n\t\t\t\t\t<\/div>\n\t\t<\/div>\n\t\t\t\t<div class=\"elementor-column elementor-col-25 elementor-inner-column elementor-element elementor-element-0f41bf9\" data-id=\"0f41bf9\" data-element_type=\"column\" data-e-type=\"column\">\n\t\t\t<div class=\"elementor-widget-wrap elementor-element-populated\">\n\t\t\t\t\t\t<div class=\"elementor-element elementor-element-72aefb2 elementor-view-default elementor-widget elementor-widget-icon\" data-id=\"72aefb2\" data-element_type=\"widget\" data-e-type=\"widget\" data-widget_type=\"icon.default\">\n\t\t\t\t<div class=\"elementor-widget-container\">\n\t\t\t\t\t\t\t<div class=\"elementor-icon-wrapper\">\n\t\t\t<div class=\"elementor-icon\">\n\t\t\t<i aria-hidden=\"true\" class=\"fas fa-comment\"><\/i>\t\t\t<\/div>\n\t\t<\/div>\n\t\t\t\t\t\t<\/div>\n\t\t\t\t<\/div>\n\t\t\t\t<div class=\"elementor-element elementor-element-0b5d0f2 elementor-widget elementor-widget-text-editor\" data-id=\"0b5d0f2\" data-element_type=\"widget\" data-e-type=\"widget\" data-widget_type=\"text-editor.default\">\n\t\t\t\t<div class=\"elementor-widget-container\">\n\t\t\t\t\t\t\t\t\t<p style=\"text-align: center;\">Pe\u0142ne wsparcie techniczne na ka\u017cdym etapie prac<\/p>\n\t\t\t\t\t\t\t\t<\/div>\n\t\t\t\t<\/div>\n\t\t\t\t\t<\/div>\n\t\t<\/div>\n\t\t\t\t<div class=\"elementor-column elementor-col-25 elementor-inner-column elementor-element elementor-element-3b1a7d3\" data-id=\"3b1a7d3\" data-element_type=\"column\" data-e-type=\"column\">\n\t\t\t<div class=\"elementor-widget-wrap elementor-element-populated\">\n\t\t\t\t\t\t<div class=\"elementor-element elementor-element-a1bcc45 elementor-view-default elementor-widget elementor-widget-icon\" data-id=\"a1bcc45\" data-element_type=\"widget\" data-e-type=\"widget\" data-widget_type=\"icon.default\">\n\t\t\t\t<div class=\"elementor-widget-container\">\n\t\t\t\t\t\t\t<div class=\"elementor-icon-wrapper\">\n\t\t\t<div class=\"elementor-icon\">\n\t\t\t<i aria-hidden=\"true\" class=\"fas fa-user\"><\/i>\t\t\t<\/div>\n\t\t<\/div>\n\t\t\t\t\t\t<\/div>\n\t\t\t\t<\/div>\n\t\t\t\t<div class=\"elementor-element elementor-element-cbf69f9 elementor-widget elementor-widget-text-editor\" data-id=\"cbf69f9\" data-element_type=\"widget\" data-e-type=\"widget\" data-widget_type=\"text-editor.default\">\n\t\t\t\t<div class=\"elementor-widget-container\">\n\t\t\t\t\t\t\t\t\t<p style=\"text-align: center;\">Produkcja indywidualna pod konkretne wymagania klienta<\/p>\n\t\t\t\t\t\t\t\t<\/div>\n\t\t\t\t<\/div>\n\t\t\t\t\t<\/div>\n\t\t<\/div>\n\t\t\t\t\t<\/div>\n\t\t<\/section>\n\t\t\t\t\t<\/div>\n\t\t<\/div>\n\t\t\t\t\t<\/div>\n\t\t<\/section>\n\t\t\t\t<section class=\"elementor-section elementor-top-section elementor-element elementor-element-dd22f4d elementor-section-boxed elementor-section-height-default elementor-section-height-default\" data-id=\"dd22f4d\" data-element_type=\"section\" data-e-type=\"section\">\n\t\t\t\t\t\t<div class=\"elementor-container elementor-column-gap-wide\">\n\t\t\t\t\t<div class=\"elementor-column elementor-col-100 elementor-top-column elementor-element elementor-element-28115a6\" data-id=\"28115a6\" data-element_type=\"column\" data-e-type=\"column\">\n\t\t\t<div class=\"elementor-widget-wrap elementor-element-populated\">\n\t\t\t\t\t\t<div class=\"elementor-element elementor-element-9019dc1 elementor-widget elementor-widget-text-editor\" data-id=\"9019dc1\" data-element_type=\"widget\" data-e-type=\"widget\" data-widget_type=\"text-editor.default\">\n\t\t\t\t<div class=\"elementor-widget-container\">\n\t\t\t\t\t\t\t\t\t<h2 style=\"text-align: center;\"><span style=\"color: #000000;\">Zawsze do twojej dyspozycji<\/span><\/h2>\n<div> <\/div>\n<p><span style=\"color: #000000;\">PAKERY. Nasze produkty zosta\u0142e docenione przez wielu professionalalist\u00f3w w Polsce, oraz w wi\u0119kszo\u015bci kraj\u00f3w Europy.<\/span><\/p>\n<p><span style=\"color: #000000;\">Posiadamy dwie linie paker\u00f3w: economy line, czyli produkty o nieco ni\u017cszej jako\u015bci w bardzo dobrej cenie, oraz professional line, kierowanej dla najbardziej wymagaj\u0105cych wykonawc\u00f3w.<\/span><\/p>\n<p><span style=\"color: #000000;\">W 2021 zostali\u015bmy oficjalnym dystrybutorem marki Hammpack &#8211; produktow iniekcyjnych o najwy\u017cszych parametrach technicznych i u\u017cytkowych.<\/span><\/p>\n<p><span style=\"color: #000000;\">Kieruj\u0105c si\u0119 wyznawanymi przez nasz\u0105 firm\u0119 warto\u015bciami, staramy si\u0119 nawi\u0105zywa\u0107 z naszymi klientami wieloletni\u0105 wsp\u00f3\u0142prac\u0119, dzi\u0119ki kt\u00f3rej pomagamy osi\u0105gn\u0105\u0107 im sukces, dostarczaj\u0105c wydajcowyznowyjzowyzowyjzowyzowyjzowyjowzyzowyjzowyjzowyzyzowyjzowyzyzowyjowzyyzowyjowzyyzzowyjowzyjowzyjzowyzowyzyzowyjowzyjowzyjowzyjowzyjowzyjowzyjowzyjowzyjowzyjowy <span style=\"font-size: 1rem;\">Jeste\u015bmy \u015bwiadomi, i\u017c sukces nale\u017cy budowa\u0107 przede wszystkim na zaufaniu i zadowoleniu klient\u00f3w. Nale\u017cy s\u0142ucha\u0107 ich uwag i ci\u0105gle udoskanala\u0107 produkty.<\/span><\/span><\/p>\n<p><span style=\"color: #000000;\"><span style=\"font-size: 1rem;\"> <\/span><\/span><\/p>\n\t\t\t\t\t\t\t\t<\/div>\n\t\t\t\t<\/div>\n\t\t\t\t\t<\/div>\n\t\t<\/div>\n\t\t\t\t\t<\/div>\n\t\t<\/section>\n\t\t\t\t<section class=\"elementor-section elementor-top-section elementor-element elementor-element-de490e7 elementor-section-boxed elementor-section-height-default elementor-section-height-default\" data-id=\"de490e7\" data-element_type=\"section\" data-e-type=\"section\">\n\t\t\t\t\t\t<div class=\"elementor-container elementor-column-gap-default\">\n\t\t\t\t\t<div class=\"elementor-column elementor-col-100 elementor-top-column elementor-element elementor-element-9a66aee\" data-id=\"9a66aee\" data-element_type=\"column\" data-e-type=\"column\">\n\t\t\t<div class=\"elementor-widget-wrap elementor-element-populated\">\n\t\t\t\t\t\t<div class=\"elementor-element elementor-element-c466823 elementor-widget elementor-widget-text-editor\" data-id=\"c466823\" data-element_type=\"widget\" data-e-type=\"widget\" data-widget_type=\"text-editor.default\">\n\t\t\t\t<div class=\"elementor-widget-container\">\n\t\t\t\t\t\t\t\t\t<h4 style=\"text-align: center;\"><span style=\"color: #333333;\"><b><a style=\"color: #333333;\" href=\"https:\/\/www.pakery.pl\/\" target=\"_blank\" rel=\"noopener\">HAMMPACK Sp Z O.O.<\/a><\/b><\/span><br \/><span style=\"color: #333333;\"><i>owner of:<br \/><b><a style=\"color: #333333;\" href=\"https:\/\/www.pakery.pl\/\" target=\"_blank\" rel=\"noopener\">PAKERY.PL<\/a><\/b><br \/><\/i><\/span><br \/><span style=\"color: #333333;\">ul. Bokserska 47<\/span><br \/><span style=\"color: #333333;\">02-690 Warszawa<\/span><br \/><span style=\"color: #333333;\">POLAND<br \/><\/span><br \/><span style=\"color: #333333;\">VAT UE: PL<\/span><span style=\"color: #000000;\">9512466806<\/span><\/h4><p style=\"text-align: center;\"><span style=\"color: #000000;\">EORI: PL9512466806<\/span><span style=\"color: #333333;\">000000<\/span><br \/><span style=\"color: #333333;\">nr rej. KRS: <span style=\"text-decoration: underline;\">0000742089<\/span><\/span><\/p><p style=\"caret-color: #000000; color: #000000; text-align: center;\"><span style=\"font-family: georgia, serif; color: #333333;\">t: 690 93 0000 &#8211;\u00a0<\/span><span style=\"color: #333333; font-family: georgia, serif;\">support\u00a0<\/span><a style=\"color: #333333;\" href=\"http:\/\/iniekcjebudowlane.pl\/\" target=\"_blank\" rel=\"noopener\">P<\/a>AKERY.PL<span style=\"font-family: georgia, serif; color: #333333;\"><br \/><\/span><span style=\"color: #333333; font-family: georgia, serif;\">t: 690 532 000 &#8211; support\u00a0<\/span><a style=\"color: #333333;\" href=\"http:\/\/iniekcjebudowlane.pl\/\" target=\"_blank\" rel=\"noopener\">INIEKCJEBUDOWLANE.PL<\/a><\/p><p style=\"caret-color: #000000; color: #000000; text-align: center;\">\u00a0<\/p><h3 style=\"text-align: center;\"><span style=\"color: #333333;\"><b><a style=\"color: #333333;\" href=\"https:\/\/www.pakery.pl\/\" target=\"_blank\" rel=\"noopener\">PAKERY.PL<\/a><\/b><\/span><\/h3><h3 style=\"text-align: center;\"><span style=\"color: #333333;\">e:<a style=\"color: #333333;\" target=\"_blank\">\u00a0biuro@www.pakery.pl<\/a><\/span><\/h3><h3 style=\"text-align: center;\"><span style=\"color: #333333;\">t: +48 690 93 0000<\/span><\/h3>\t\t\t\t\t\t\t\t<\/div>\n\t\t\t\t<\/div>\n\t\t\t\t\t<\/div>\n\t\t<\/div>\n\t\t\t\t\t<\/div>\n\t\t<\/section>\n\t\t\t\t<\/div>\n\t\t","protected":false},"excerpt":{"rendered":"<p>https:\/\/www.pakery.pl\/wp-content\/uploads\/2021\/05\/2N6A3256.mp4 FILOZOFIA PAKERY.PL Sukces nale\u017cy budowa\u0107 przede wszystkim na zaufaniu i zadowoleniu klient\u00f3w. Nale\u017cy s\u0142ucha\u0107 ich uwag i ci\u0105gle udoskanala\u0107 produkty. Weryfikacja jako\u015bci i \u015bwiadczonych us\u0142ug Zam\u00f3wienia realizowane w najkr\u00f3tszym mo\u017cliwym czasie Pe\u0142ne wsparcie techniczne na ka\u017cdym etapie prac Produkcja indywidualna pod konkretne wymagania klienta Zawsze do twojej dyspozycji PAKERY. Nasze produkty zosta\u0142e docenione przez [&hellip;]<\/p>\n","protected":false},"author":1,"featured_media":0,"parent":0,"menu_order":0,"comment_status":"closed","ping_status":"closed","template":"","meta":{"_acf_changed":false,"footnotes":""},"class_list":["post-14926","page","type-page","status-publish","hentry"],"acf":[],"yoast_head":"<!-- This site is optimized with the Yoast SEO plugin v27.3 - https:\/\/yoast.com\/product\/yoast-seo-wordpress\/ -->\n<title>Om oss - PAKERY.PL<\/title>\n<meta name=\"robots\" content=\"index, follow, max-snippet:-1, max-image-preview:large, max-video-preview:-1\" \/>\n<link rel=\"canonical\" href=\"https:\/\/www.pakery.pl\/sv\/om-oss\/\" \/>\n<meta property=\"og:locale\" content=\"sv_SE\" \/>\n<meta property=\"og:type\" content=\"article\" \/>\n<meta property=\"og:title\" content=\"Om oss - PAKERY.PL\" \/>\n<meta property=\"og:description\" content=\"https:\/\/www.pakery.pl\/wp-content\/uploads\/2021\/05\/2N6A3256.mp4 FILOZOFIA PAKERY.PL Sukces nale\u017cy budowa\u0107 przede wszystkim na zaufaniu i zadowoleniu klient\u00f3w. Nale\u017cy s\u0142ucha\u0107 ich uwag i ci\u0105gle udoskanala\u0107 produkty. Weryfikacja jako\u015bci i \u015bwiadczonych us\u0142ug Zam\u00f3wienia realizowane w najkr\u00f3tszym mo\u017cliwym czasie Pe\u0142ne wsparcie techniczne na ka\u017cdym etapie prac Produkcja indywidualna pod konkretne wymagania klienta Zawsze do twojej dyspozycji PAKERY. Nasze produkty zosta\u0142e docenione przez [&hellip;]\" \/>\n<meta property=\"og:url\" content=\"https:\/\/www.pakery.pl\/sv\/om-oss\/\" \/>\n<meta property=\"og:site_name\" content=\"PAKERY.PL\" \/>\n<meta property=\"article:modified_time\" content=\"2021-10-14T08:55:55+00:00\" \/>\n<meta name=\"twitter:card\" content=\"summary_large_image\" \/>\n<meta name=\"twitter:label1\" content=\"Ber\u00e4knad l\u00e4stid\" \/>\n\t<meta name=\"twitter:data1\" content=\"1 minut\" \/>\n<script type=\"application\/ld+json\" class=\"yoast-schema-graph\">{\"@context\":\"https:\\\/\\\/schema.org\",\"@graph\":[{\"@type\":\"WebPage\",\"@id\":\"https:\\\/\\\/www.pakery.pl\\\/sv\\\/om-oss\\\/\",\"url\":\"https:\\\/\\\/www.pakery.pl\\\/sv\\\/om-oss\\\/\",\"name\":\"Om oss - PAKERY.PL\",\"isPartOf\":{\"@id\":\"https:\\\/\\\/www.pakery.pl\\\/sv\\\/#website\"},\"datePublished\":\"2021-08-11T05:14:58+00:00\",\"dateModified\":\"2021-10-14T08:55:55+00:00\",\"breadcrumb\":{\"@id\":\"https:\\\/\\\/www.pakery.pl\\\/sv\\\/om-oss\\\/#breadcrumb\"},\"inLanguage\":\"sv-SE\",\"potentialAction\":[{\"@type\":\"ReadAction\",\"target\":[\"https:\\\/\\\/www.pakery.pl\\\/sv\\\/om-oss\\\/\"]}]},{\"@type\":\"BreadcrumbList\",\"@id\":\"https:\\\/\\\/www.pakery.pl\\\/sv\\\/om-oss\\\/#breadcrumb\",\"itemListElement\":[{\"@type\":\"ListItem\",\"position\":1,\"name\":\"Strona g\u0142\u00f3wna\",\"item\":\"https:\\\/\\\/www.pakery.pl\\\/sv\\\/\"},{\"@type\":\"ListItem\",\"position\":2,\"name\":\"Om oss\"}]},{\"@type\":\"WebSite\",\"@id\":\"https:\\\/\\\/www.pakery.pl\\\/sv\\\/#website\",\"url\":\"https:\\\/\\\/www.pakery.pl\\\/sv\\\/\",\"name\":\"Pakery.pl\",\"description\":\"Pakery iniekcyjne, Kotwy spiralne, Lance iniekcyjne, W\u0119\u017ce do iniekcji, Pompy iniekcyjne, Serwis pomp iniekcyjnych, Wynajem pomp do iniekcji\",\"publisher\":{\"@id\":\"https:\\\/\\\/www.pakery.pl\\\/sv\\\/#organization\"},\"potentialAction\":[{\"@type\":\"SearchAction\",\"target\":{\"@type\":\"EntryPoint\",\"urlTemplate\":\"https:\\\/\\\/www.pakery.pl\\\/sv\\\/?s={search_term_string}\"},\"query-input\":{\"@type\":\"PropertyValueSpecification\",\"valueRequired\":true,\"valueName\":\"search_term_string\"}}],\"inLanguage\":\"sv-SE\"},{\"@type\":\"Organization\",\"@id\":\"https:\\\/\\\/www.pakery.pl\\\/sv\\\/#organization\",\"name\":\"PAKERY.PL\",\"url\":\"https:\\\/\\\/www.pakery.pl\\\/sv\\\/\",\"logo\":{\"@type\":\"ImageObject\",\"inLanguage\":\"sv-SE\",\"@id\":\"https:\\\/\\\/www.pakery.pl\\\/sv\\\/#\\\/schema\\\/logo\\\/image\\\/\",\"url\":\"https:\\\/\\\/www.pakery.pl\\\/wp-content\\\/uploads\\\/2021\\\/04\\\/cropped-PAKERY-LOGO.png\",\"contentUrl\":\"https:\\\/\\\/www.pakery.pl\\\/wp-content\\\/uploads\\\/2021\\\/04\\\/cropped-PAKERY-LOGO.png\",\"width\":1529,\"height\":500,\"caption\":\"PAKERY.PL\"},\"image\":{\"@id\":\"https:\\\/\\\/www.pakery.pl\\\/sv\\\/#\\\/schema\\\/logo\\\/image\\\/\"}}]}<\/script>\n<!-- \/ Yoast SEO plugin. -->","yoast_head_json":{"title":"Om oss - PAKERY.PL","robots":{"index":"index","follow":"follow","max-snippet":"max-snippet:-1","max-image-preview":"max-image-preview:large","max-video-preview":"max-video-preview:-1"},"canonical":"https:\/\/www.pakery.pl\/sv\/om-oss\/","og_locale":"sv_SE","og_type":"article","og_title":"Om oss - PAKERY.PL","og_description":"https:\/\/www.pakery.pl\/wp-content\/uploads\/2021\/05\/2N6A3256.mp4 FILOZOFIA PAKERY.PL Sukces nale\u017cy budowa\u0107 przede wszystkim na zaufaniu i zadowoleniu klient\u00f3w. Nale\u017cy s\u0142ucha\u0107 ich uwag i ci\u0105gle udoskanala\u0107 produkty. Weryfikacja jako\u015bci i \u015bwiadczonych us\u0142ug Zam\u00f3wienia realizowane w najkr\u00f3tszym mo\u017cliwym czasie Pe\u0142ne wsparcie techniczne na ka\u017cdym etapie prac Produkcja indywidualna pod konkretne wymagania klienta Zawsze do twojej dyspozycji PAKERY. Nasze produkty zosta\u0142e docenione przez [&hellip;]","og_url":"https:\/\/www.pakery.pl\/sv\/om-oss\/","og_site_name":"PAKERY.PL","article_modified_time":"2021-10-14T08:55:55+00:00","twitter_card":"summary_large_image","twitter_misc":{"Ber\u00e4knad l\u00e4stid":"1 minut"},"schema":{"@context":"https:\/\/schema.org","@graph":[{"@type":"WebPage","@id":"https:\/\/www.pakery.pl\/sv\/om-oss\/","url":"https:\/\/www.pakery.pl\/sv\/om-oss\/","name":"Om oss - PAKERY.PL","isPartOf":{"@id":"https:\/\/www.pakery.pl\/sv\/#website"},"datePublished":"2021-08-11T05:14:58+00:00","dateModified":"2021-10-14T08:55:55+00:00","breadcrumb":{"@id":"https:\/\/www.pakery.pl\/sv\/om-oss\/#breadcrumb"},"inLanguage":"sv-SE","potentialAction":[{"@type":"ReadAction","target":["https:\/\/www.pakery.pl\/sv\/om-oss\/"]}]},{"@type":"BreadcrumbList","@id":"https:\/\/www.pakery.pl\/sv\/om-oss\/#breadcrumb","itemListElement":[{"@type":"ListItem","position":1,"name":"Strona g\u0142\u00f3wna","item":"https:\/\/www.pakery.pl\/sv\/"},{"@type":"ListItem","position":2,"name":"Om oss"}]},{"@type":"WebSite","@id":"https:\/\/www.pakery.pl\/sv\/#website","url":"https:\/\/www.pakery.pl\/sv\/","name":"Pakery.pl","description":"Pakery iniekcyjne, Kotwy spiralne, Lance iniekcyjne, W\u0119\u017ce do iniekcji, Pompy iniekcyjne, Serwis pomp iniekcyjnych, Wynajem pomp do iniekcji","publisher":{"@id":"https:\/\/www.pakery.pl\/sv\/#organization"},"potentialAction":[{"@type":"SearchAction","target":{"@type":"EntryPoint","urlTemplate":"https:\/\/www.pakery.pl\/sv\/?s={search_term_string}"},"query-input":{"@type":"PropertyValueSpecification","valueRequired":true,"valueName":"search_term_string"}}],"inLanguage":"sv-SE"},{"@type":"Organization","@id":"https:\/\/www.pakery.pl\/sv\/#organization","name":"PAKERY.PL","url":"https:\/\/www.pakery.pl\/sv\/","logo":{"@type":"ImageObject","inLanguage":"sv-SE","@id":"https:\/\/www.pakery.pl\/sv\/#\/schema\/logo\/image\/","url":"https:\/\/www.pakery.pl\/wp-content\/uploads\/2021\/04\/cropped-PAKERY-LOGO.png","contentUrl":"https:\/\/www.pakery.pl\/wp-content\/uploads\/2021\/04\/cropped-PAKERY-LOGO.png","width":1529,"height":500,"caption":"PAKERY.PL"},"image":{"@id":"https:\/\/www.pakery.pl\/sv\/#\/schema\/logo\/image\/"}}]}},"_links":{"self":[{"href":"https:\/\/www.pakery.pl\/sv\/wp-json\/wp\/v2\/pages\/14926","targetHints":{"allow":["GET"]}}],"collection":[{"href":"https:\/\/www.pakery.pl\/sv\/wp-json\/wp\/v2\/pages"}],"about":[{"href":"https:\/\/www.pakery.pl\/sv\/wp-json\/wp\/v2\/types\/page"}],"author":[{"embeddable":true,"href":"https:\/\/www.pakery.pl\/sv\/wp-json\/wp\/v2\/users\/1"}],"replies":[{"embeddable":true,"href":"https:\/\/www.pakery.pl\/sv\/wp-json\/wp\/v2\/comments?post=14926"}],"version-history":[{"count":4,"href":"https:\/\/www.pakery.pl\/sv\/wp-json\/wp\/v2\/pages\/14926\/revisions"}],"predecessor-version":[{"id":38709,"href":"https:\/\/www.pakery.pl\/sv\/wp-json\/wp\/v2\/pages\/14926\/revisions\/38709"}],"wp:attachment":[{"href":"https:\/\/www.pakery.pl\/sv\/wp-json\/wp\/v2\/media?parent=14926"}],"curies":[{"name":"wp","href":"https:\/\/api.w.org\/{rel}","templated":true}]}}