{"id":14855,"date":"2021-08-11T06:59:27","date_gmt":"2021-08-11T04:59:27","guid":{"rendered":"https:\/\/www.pakery.pl\/spela-in\/"},"modified":"2021-08-11T08:30:41","modified_gmt":"2021-08-11T06:30:41","slug":"spela-in","status":"publish","type":"page","link":"https:\/\/www.pakery.pl\/sv\/spela-in\/","title":{"rendered":"Spela in"},"content":{"rendered":"\t\t<div data-elementor-type=\"wp-page\" data-elementor-id=\"14855\" class=\"elementor elementor-14855 elementor-1271\" data-elementor-post-type=\"page\">\n\t\t\t\t\t\t<section class=\"elementor-section elementor-top-section elementor-element elementor-element-06f1593 elementor-section-boxed elementor-section-height-default elementor-section-height-default\" data-id=\"06f1593\" data-element_type=\"section\" data-e-type=\"section\">\n\t\t\t\t\t\t<div class=\"elementor-container elementor-column-gap-default\">\n\t\t\t\t\t<div class=\"elementor-column elementor-col-100 elementor-top-column elementor-element elementor-element-cfbb1e7\" data-id=\"cfbb1e7\" data-element_type=\"column\" data-e-type=\"column\">\n\t\t\t<div class=\"elementor-widget-wrap elementor-element-populated\">\n\t\t\t\t\t\t<div class=\"elementor-element elementor-element-2b129a7 elementor-widget elementor-widget-text-editor\" data-id=\"2b129a7\" data-element_type=\"widget\" data-e-type=\"widget\" data-widget_type=\"text-editor.default\">\n\t\t\t\t<div class=\"elementor-widget-container\">\n\t\t\t\t\t\t\t\t\t<p style=\"text-align: center;\"><span style=\"color: #000000;\">Damer och herrar ! F\u00f6r att g\u00f6ra en grossistorder, fyll i registreringsformul\u00e4ret. Om du letar efter produkter att k\u00f6pa i detaljhandeln (<b><i> utan registrering)<\/i><\/b> bes\u00f6k butiken<span style=\"text-decoration: underline;\"><a style=\"color: #000000; text-decoration: underline;\" href=\"https:\/\/iniekcjebudowlane.pl\/\"> INIEKCJEBUDOWLANE.PL<\/a><\/span><\/span><\/p>\n<p style=\"text-align: center;\"><span style=\"color: #000000;\">Bli en PAKERY.PL -entrepren\u00f6r p\u00e5 B2B -plattformen. Ta reda p\u00e5 nya produkter, priser, best\u00e4ll 24 timmar om dygnet<\/span><\/p>\n<p style=\"text-align: center;\"><span style=\"color: #000000;\">Endast f\u00f6retagare och f\u00f6retag kan bli anv\u00e4ndare av plattformen<span class=\"Apple-converted-space\"> <\/span><\/span><\/p>\n<p style=\"text-align: center;\"><span style=\"color: #000000;\">F\u00f6r att registrera dig, fyll i f\u00e4lten nedan:<\/span><\/p>\n\t\t\t\t\t\t\t\t<\/div>\n\t\t\t\t<\/div>\n\t\t\t\t\t<\/div>\n\t\t<\/div>\n\t\t\t\t\t<\/div>\n\t\t<\/section>\n\t\t\t\t<section class=\"elementor-section elementor-top-section elementor-element elementor-element-d91d0e4 elementor-section-boxed elementor-section-height-default elementor-section-height-default\" data-id=\"d91d0e4\" data-element_type=\"section\" data-e-type=\"section\">\n\t\t\t\t\t\t<div class=\"elementor-container elementor-column-gap-default\">\n\t\t\t\t\t<div class=\"elementor-column elementor-col-100 elementor-top-column elementor-element elementor-element-c0bf998\" data-id=\"c0bf998\" data-element_type=\"column\" data-e-type=\"column\">\n\t\t\t<div class=\"elementor-widget-wrap elementor-element-populated\">\n\t\t\t\t\t\t<section class=\"elementor-section elementor-inner-section elementor-element elementor-element-fffb09c elementor-section-boxed elementor-section-height-default elementor-section-height-default\" data-id=\"fffb09c\" data-element_type=\"section\" data-e-type=\"section\">\n\t\t\t\t\t\t<div class=\"elementor-container elementor-column-gap-default\">\n\t\t\t\t\t<div class=\"elementor-column elementor-col-100 elementor-inner-column elementor-element elementor-element-186a892\" data-id=\"186a892\" data-element_type=\"column\" data-e-type=\"column\">\n\t\t\t<div class=\"elementor-widget-wrap elementor-element-populated\">\n\t\t\t\t\t\t<div class=\"elementor-element elementor-element-870a454 responsive-iframe elementor-widget elementor-widget-html\" data-id=\"870a454\" data-element_type=\"widget\" data-e-type=\"widget\" data-widget_type=\"html.default\">\n\t\t\t\t<div class=\"elementor-widget-container\">\n\t\t\t\t\t  <iframe class=\"responsive-iframe\" src=\"https:\/\/docs.google.com\/forms\/d\/e\/1FAIpQLScT3KfAkQMfterHbbkCMFbiofJqGWi5Lx55gjs1Mr4BQ1_pGw\/viewform\"><\/iframe>\t\t\t\t<\/div>\n\t\t\t\t<\/div>\n\t\t\t\t\t<\/div>\n\t\t<\/div>\n\t\t\t\t\t<\/div>\n\t\t<\/section>\n\t\t\t\t\t<\/div>\n\t\t<\/div>\n\t\t\t\t\t<\/div>\n\t\t<\/section>\n\t\t\t\t<\/div>\n\t\t","protected":false},"excerpt":{"rendered":"<p>Damer och herrar ! F\u00f6r att g\u00f6ra en grossistorder, fyll i registreringsformul\u00e4ret. Om du letar efter produkter att k\u00f6pa i detaljhandeln ( utan registrering) bes\u00f6k butiken INIEKCJEBUDOWLANE.PL Bli en PAKERY.PL -entrepren\u00f6r p\u00e5 B2B -plattformen. Ta reda p\u00e5 nya produkter, priser, best\u00e4ll 24 timmar om dygnet Endast f\u00f6retagare och f\u00f6retag kan bli anv\u00e4ndare av plattformen F\u00f6r [&hellip;]<\/p>\n","protected":false},"author":1,"featured_media":0,"parent":0,"menu_order":0,"comment_status":"closed","ping_status":"closed","template":"","meta":{"_acf_changed":false,"footnotes":""},"class_list":["post-14855","page","type-page","status-publish","hentry"],"acf":[],"yoast_head":"<!-- This site is optimized with the Yoast SEO plugin v27.3 - https:\/\/yoast.com\/product\/yoast-seo-wordpress\/ -->\n<title>Spela in - PAKERY.PL<\/title>\n<meta name=\"robots\" content=\"index, follow, max-snippet:-1, max-image-preview:large, max-video-preview:-1\" \/>\n<link rel=\"canonical\" href=\"https:\/\/www.pakery.pl\/sv\/spela-in\/\" \/>\n<meta property=\"og:locale\" content=\"sv_SE\" \/>\n<meta property=\"og:type\" content=\"article\" \/>\n<meta property=\"og:title\" content=\"Spela in - PAKERY.PL\" \/>\n<meta property=\"og:description\" content=\"Damer och herrar ! F\u00f6r att g\u00f6ra en grossistorder, fyll i registreringsformul\u00e4ret. Om du letar efter produkter att k\u00f6pa i detaljhandeln ( utan registrering) bes\u00f6k butiken INIEKCJEBUDOWLANE.PL Bli en PAKERY.PL -entrepren\u00f6r p\u00e5 B2B -plattformen. Ta reda p\u00e5 nya produkter, priser, best\u00e4ll 24 timmar om dygnet Endast f\u00f6retagare och f\u00f6retag kan bli anv\u00e4ndare av plattformen F\u00f6r [&hellip;]\" \/>\n<meta property=\"og:url\" content=\"https:\/\/www.pakery.pl\/sv\/spela-in\/\" \/>\n<meta property=\"og:site_name\" content=\"PAKERY.PL\" \/>\n<meta property=\"article:modified_time\" content=\"2021-08-11T06:30:41+00:00\" \/>\n<meta name=\"twitter:card\" content=\"summary_large_image\" \/>\n<meta name=\"twitter:label1\" content=\"Ber\u00e4knad l\u00e4stid\" \/>\n\t<meta name=\"twitter:data1\" content=\"1 minut\" \/>\n<script type=\"application\/ld+json\" class=\"yoast-schema-graph\">{\"@context\":\"https:\\\/\\\/schema.org\",\"@graph\":[{\"@type\":\"WebPage\",\"@id\":\"https:\\\/\\\/www.pakery.pl\\\/sv\\\/spela-in\\\/\",\"url\":\"https:\\\/\\\/www.pakery.pl\\\/sv\\\/spela-in\\\/\",\"name\":\"Spela in - PAKERY.PL\",\"isPartOf\":{\"@id\":\"https:\\\/\\\/www.pakery.pl\\\/sv\\\/#website\"},\"datePublished\":\"2021-08-11T04:59:27+00:00\",\"dateModified\":\"2021-08-11T06:30:41+00:00\",\"breadcrumb\":{\"@id\":\"https:\\\/\\\/www.pakery.pl\\\/sv\\\/spela-in\\\/#breadcrumb\"},\"inLanguage\":\"sv-SE\",\"potentialAction\":[{\"@type\":\"ReadAction\",\"target\":[\"https:\\\/\\\/www.pakery.pl\\\/sv\\\/spela-in\\\/\"]}]},{\"@type\":\"BreadcrumbList\",\"@id\":\"https:\\\/\\\/www.pakery.pl\\\/sv\\\/spela-in\\\/#breadcrumb\",\"itemListElement\":[{\"@type\":\"ListItem\",\"position\":1,\"name\":\"Strona g\u0142\u00f3wna\",\"item\":\"https:\\\/\\\/www.pakery.pl\\\/sv\\\/\"},{\"@type\":\"ListItem\",\"position\":2,\"name\":\"Spela in\"}]},{\"@type\":\"WebSite\",\"@id\":\"https:\\\/\\\/www.pakery.pl\\\/sv\\\/#website\",\"url\":\"https:\\\/\\\/www.pakery.pl\\\/sv\\\/\",\"name\":\"Pakery.pl\",\"description\":\"Pakery iniekcyjne, Kotwy spiralne, Lance iniekcyjne, W\u0119\u017ce do iniekcji, Pompy iniekcyjne, Serwis pomp iniekcyjnych, Wynajem pomp do iniekcji\",\"publisher\":{\"@id\":\"https:\\\/\\\/www.pakery.pl\\\/sv\\\/#organization\"},\"potentialAction\":[{\"@type\":\"SearchAction\",\"target\":{\"@type\":\"EntryPoint\",\"urlTemplate\":\"https:\\\/\\\/www.pakery.pl\\\/sv\\\/?s={search_term_string}\"},\"query-input\":{\"@type\":\"PropertyValueSpecification\",\"valueRequired\":true,\"valueName\":\"search_term_string\"}}],\"inLanguage\":\"sv-SE\"},{\"@type\":\"Organization\",\"@id\":\"https:\\\/\\\/www.pakery.pl\\\/sv\\\/#organization\",\"name\":\"PAKERY.PL\",\"url\":\"https:\\\/\\\/www.pakery.pl\\\/sv\\\/\",\"logo\":{\"@type\":\"ImageObject\",\"inLanguage\":\"sv-SE\",\"@id\":\"https:\\\/\\\/www.pakery.pl\\\/sv\\\/#\\\/schema\\\/logo\\\/image\\\/\",\"url\":\"https:\\\/\\\/www.pakery.pl\\\/wp-content\\\/uploads\\\/2021\\\/04\\\/cropped-PAKERY-LOGO.png\",\"contentUrl\":\"https:\\\/\\\/www.pakery.pl\\\/wp-content\\\/uploads\\\/2021\\\/04\\\/cropped-PAKERY-LOGO.png\",\"width\":1529,\"height\":500,\"caption\":\"PAKERY.PL\"},\"image\":{\"@id\":\"https:\\\/\\\/www.pakery.pl\\\/sv\\\/#\\\/schema\\\/logo\\\/image\\\/\"}}]}<\/script>\n<!-- \/ Yoast SEO plugin. -->","yoast_head_json":{"title":"Spela in - PAKERY.PL","robots":{"index":"index","follow":"follow","max-snippet":"max-snippet:-1","max-image-preview":"max-image-preview:large","max-video-preview":"max-video-preview:-1"},"canonical":"https:\/\/www.pakery.pl\/sv\/spela-in\/","og_locale":"sv_SE","og_type":"article","og_title":"Spela in - PAKERY.PL","og_description":"Damer och herrar ! F\u00f6r att g\u00f6ra en grossistorder, fyll i registreringsformul\u00e4ret. Om du letar efter produkter att k\u00f6pa i detaljhandeln ( utan registrering) bes\u00f6k butiken INIEKCJEBUDOWLANE.PL Bli en PAKERY.PL -entrepren\u00f6r p\u00e5 B2B -plattformen. Ta reda p\u00e5 nya produkter, priser, best\u00e4ll 24 timmar om dygnet Endast f\u00f6retagare och f\u00f6retag kan bli anv\u00e4ndare av plattformen F\u00f6r [&hellip;]","og_url":"https:\/\/www.pakery.pl\/sv\/spela-in\/","og_site_name":"PAKERY.PL","article_modified_time":"2021-08-11T06:30:41+00:00","twitter_card":"summary_large_image","twitter_misc":{"Ber\u00e4knad l\u00e4stid":"1 minut"},"schema":{"@context":"https:\/\/schema.org","@graph":[{"@type":"WebPage","@id":"https:\/\/www.pakery.pl\/sv\/spela-in\/","url":"https:\/\/www.pakery.pl\/sv\/spela-in\/","name":"Spela in - PAKERY.PL","isPartOf":{"@id":"https:\/\/www.pakery.pl\/sv\/#website"},"datePublished":"2021-08-11T04:59:27+00:00","dateModified":"2021-08-11T06:30:41+00:00","breadcrumb":{"@id":"https:\/\/www.pakery.pl\/sv\/spela-in\/#breadcrumb"},"inLanguage":"sv-SE","potentialAction":[{"@type":"ReadAction","target":["https:\/\/www.pakery.pl\/sv\/spela-in\/"]}]},{"@type":"BreadcrumbList","@id":"https:\/\/www.pakery.pl\/sv\/spela-in\/#breadcrumb","itemListElement":[{"@type":"ListItem","position":1,"name":"Strona g\u0142\u00f3wna","item":"https:\/\/www.pakery.pl\/sv\/"},{"@type":"ListItem","position":2,"name":"Spela in"}]},{"@type":"WebSite","@id":"https:\/\/www.pakery.pl\/sv\/#website","url":"https:\/\/www.pakery.pl\/sv\/","name":"Pakery.pl","description":"Pakery iniekcyjne, Kotwy spiralne, Lance iniekcyjne, W\u0119\u017ce do iniekcji, Pompy iniekcyjne, Serwis pomp iniekcyjnych, Wynajem pomp do iniekcji","publisher":{"@id":"https:\/\/www.pakery.pl\/sv\/#organization"},"potentialAction":[{"@type":"SearchAction","target":{"@type":"EntryPoint","urlTemplate":"https:\/\/www.pakery.pl\/sv\/?s={search_term_string}"},"query-input":{"@type":"PropertyValueSpecification","valueRequired":true,"valueName":"search_term_string"}}],"inLanguage":"sv-SE"},{"@type":"Organization","@id":"https:\/\/www.pakery.pl\/sv\/#organization","name":"PAKERY.PL","url":"https:\/\/www.pakery.pl\/sv\/","logo":{"@type":"ImageObject","inLanguage":"sv-SE","@id":"https:\/\/www.pakery.pl\/sv\/#\/schema\/logo\/image\/","url":"https:\/\/www.pakery.pl\/wp-content\/uploads\/2021\/04\/cropped-PAKERY-LOGO.png","contentUrl":"https:\/\/www.pakery.pl\/wp-content\/uploads\/2021\/04\/cropped-PAKERY-LOGO.png","width":1529,"height":500,"caption":"PAKERY.PL"},"image":{"@id":"https:\/\/www.pakery.pl\/sv\/#\/schema\/logo\/image\/"}}]}},"_links":{"self":[{"href":"https:\/\/www.pakery.pl\/sv\/wp-json\/wp\/v2\/pages\/14855","targetHints":{"allow":["GET"]}}],"collection":[{"href":"https:\/\/www.pakery.pl\/sv\/wp-json\/wp\/v2\/pages"}],"about":[{"href":"https:\/\/www.pakery.pl\/sv\/wp-json\/wp\/v2\/types\/page"}],"author":[{"embeddable":true,"href":"https:\/\/www.pakery.pl\/sv\/wp-json\/wp\/v2\/users\/1"}],"replies":[{"embeddable":true,"href":"https:\/\/www.pakery.pl\/sv\/wp-json\/wp\/v2\/comments?post=14855"}],"version-history":[{"count":5,"href":"https:\/\/www.pakery.pl\/sv\/wp-json\/wp\/v2\/pages\/14855\/revisions"}],"predecessor-version":[{"id":16732,"href":"https:\/\/www.pakery.pl\/sv\/wp-json\/wp\/v2\/pages\/14855\/revisions\/16732"}],"wp:attachment":[{"href":"https:\/\/www.pakery.pl\/sv\/wp-json\/wp\/v2\/media?parent=14855"}],"curies":[{"name":"wp","href":"https:\/\/api.w.org\/{rel}","templated":true}]}}