{"id":48961,"date":"2025-05-12T08:00:38","date_gmt":"2025-05-12T06:14:38","guid":{"rendered":"https:\/\/www.pakery.pl\/produkt\/vbrizgalni-pakirnik-pi-spm-13-300\/"},"modified":"2025-05-12T08:14:38","modified_gmt":"2025-05-12T06:14:38","slug":"paker-do-iniekcji-pi-spm-13-300","status":"publish","type":"product","link":"https:\/\/www.pakery.pl\/sl\/produkt\/paker-do-iniekcji-pi-spm-13-300\/","title":{"rendered":"Vbrizgalni pakirnik PI-SPM 13\/300"},"content":{"rendered":"<p>Dolgoletni vodilni model serije PI-SPM pacer <strong>professional line.<\/strong> Injektor zagotavlja odli\u010dno tesnost in zgledno pritrditev. Injektor je primeren za vse vrste injekcij. Zagotavlja zgledno tesnost kalamitnikov in tudi vpihovalnega dela za visokotla\u010dno in nizkotla\u010dno vbrizgavanje.  <\/p>\n<p>Zahvaljujo\u010d posebnim kalamitetom pakirke odli\u010dno zadr\u017eujejo protitlak (&#8220;ne pu\u0161\u010dajo&#8221;).<\/p>\n<p><em><strong>Kalamitni polnilci SWG<\/strong> so mehansko zategnjeni z anaerobnim lepilom, kar zagotavlja tesno povezavo z navojem m6x1.  <\/em><\/p>\n<p><em><strong>PRE kalamitni pakirniki<\/strong> imajo navoje, ki so predhodno premazani s premazom, kar omogo\u010da takoj\u0161njo tesnost pri zvijanju kalamita.<\/em><\/p>\n","protected":false},"excerpt":{"rendered":"<p>Dolgoletni vodilni model serije PI-SPM pacer professional line. Injektor zagotavlja odli\u010dno tesnost in zgledno pritrditev. Injektor je primeren za vse vrste injekcij. Zagotavlja zgledno tesnost kalamitnikov in tudi vpihovalnega dela za visokotla\u010dno in nizkotla\u010dno vbrizgavanje. Zahvaljujo\u010d posebnim kalamitetom pakirke odli\u010dno zadr\u017eujejo protitlak (&#8220;ne pu\u0161\u010dajo&#8221;). Kalamitni polnilci SWG so mehansko zategnjeni z anaerobnim lepilom, kar zagotavlja [&hellip;]<\/p>\n","protected":false},"featured_media":50823,"template":"","meta":{"_acf_changed":false},"product_brand":[],"product_cat":[1116],"product_tag":[],"class_list":{"0":"post-48961","1":"product","2":"type-product","3":"status-publish","4":"has-post-thumbnail","6":"product_cat-kovinski-pakirniki","8":"first","9":"instock","10":"taxable","11":"shipping-taxable","12":"product-type-simple"},"acf":[],"yoast_head":"<!-- This site is optimized with the Yoast SEO plugin v27.3 - https:\/\/yoast.com\/product\/yoast-seo-wordpress\/ -->\n<title>Vbrizgalni pakirnik PI-SPM 13\/300 - PAKERY.PL<\/title>\n<meta name=\"robots\" content=\"index, follow, max-snippet:-1, max-image-preview:large, max-video-preview:-1\" \/>\n<link rel=\"canonical\" href=\"https:\/\/www.pakery.pl\/sl\/produkt\/paker-do-iniekcji-pi-spm-13-300\/\" \/>\n<meta property=\"og:locale\" content=\"sl_SI\" \/>\n<meta property=\"og:type\" content=\"article\" \/>\n<meta property=\"og:title\" content=\"Vbrizgalni pakirnik PI-SPM 13\/300 - PAKERY.PL\" \/>\n<meta property=\"og:description\" content=\"Dolgoletni vodilni model serije PI-SPM pacer professional line. Injektor zagotavlja odli\u010dno tesnost in zgledno pritrditev. Injektor je primeren za vse vrste injekcij. Zagotavlja zgledno tesnost kalamitnikov in tudi vpihovalnega dela za visokotla\u010dno in nizkotla\u010dno vbrizgavanje. Zahvaljujo\u010d posebnim kalamitetom pakirke odli\u010dno zadr\u017eujejo protitlak (&#8220;ne pu\u0161\u010dajo&#8221;). Kalamitni polnilci SWG so mehansko zategnjeni z anaerobnim lepilom, kar zagotavlja [&hellip;]\" \/>\n<meta property=\"og:url\" content=\"https:\/\/www.pakery.pl\/sl\/produkt\/paker-do-iniekcji-pi-spm-13-300\/\" \/>\n<meta property=\"og:site_name\" content=\"PAKERY.PL\" \/>\n<meta property=\"og:image\" content=\"https:\/\/www.pakery.pl\/wp-content\/uploads\/2025\/05\/PI-SPM-13300-ikona.jpg\" \/>\n\t<meta property=\"og:image:width\" content=\"683\" \/>\n\t<meta property=\"og:image:height\" content=\"683\" \/>\n\t<meta property=\"og:image:type\" content=\"image\/jpeg\" \/>\n<meta name=\"twitter:card\" content=\"summary_large_image\" \/>\n<script type=\"application\/ld+json\" class=\"yoast-schema-graph\">{\"@context\":\"https:\\\/\\\/schema.org\",\"@graph\":[{\"@type\":\"WebPage\",\"@id\":\"https:\\\/\\\/www.pakery.pl\\\/sl\\\/produkt\\\/paker-do-iniekcji-pi-spm-13-300\\\/\",\"url\":\"https:\\\/\\\/www.pakery.pl\\\/sl\\\/produkt\\\/paker-do-iniekcji-pi-spm-13-300\\\/\",\"name\":\"Vbrizgalni pakirnik PI-SPM 13\\\/300 - PAKERY.PL\",\"isPartOf\":{\"@id\":\"https:\\\/\\\/www.pakery.pl\\\/sl\\\/#website\"},\"primaryImageOfPage\":{\"@id\":\"https:\\\/\\\/www.pakery.pl\\\/sl\\\/produkt\\\/paker-do-iniekcji-pi-spm-13-300\\\/#primaryimage\"},\"image\":{\"@id\":\"https:\\\/\\\/www.pakery.pl\\\/sl\\\/produkt\\\/paker-do-iniekcji-pi-spm-13-300\\\/#primaryimage\"},\"thumbnailUrl\":\"https:\\\/\\\/www.pakery.pl\\\/wp-content\\\/uploads\\\/2025\\\/05\\\/PI-SPM-13300-ikona.png\",\"datePublished\":\"2025-05-12T06:14:38+00:00\",\"breadcrumb\":{\"@id\":\"https:\\\/\\\/www.pakery.pl\\\/sl\\\/produkt\\\/paker-do-iniekcji-pi-spm-13-300\\\/#breadcrumb\"},\"inLanguage\":\"sl-SI\",\"potentialAction\":[{\"@type\":\"ReadAction\",\"target\":[\"https:\\\/\\\/www.pakery.pl\\\/sl\\\/produkt\\\/paker-do-iniekcji-pi-spm-13-300\\\/\"]}]},{\"@type\":\"ImageObject\",\"inLanguage\":\"sl-SI\",\"@id\":\"https:\\\/\\\/www.pakery.pl\\\/sl\\\/produkt\\\/paker-do-iniekcji-pi-spm-13-300\\\/#primaryimage\",\"url\":\"https:\\\/\\\/www.pakery.pl\\\/wp-content\\\/uploads\\\/2025\\\/05\\\/PI-SPM-13300-ikona.png\",\"contentUrl\":\"https:\\\/\\\/www.pakery.pl\\\/wp-content\\\/uploads\\\/2025\\\/05\\\/PI-SPM-13300-ikona.png\",\"width\":683,\"height\":683},{\"@type\":\"BreadcrumbList\",\"@id\":\"https:\\\/\\\/www.pakery.pl\\\/sl\\\/produkt\\\/paker-do-iniekcji-pi-spm-13-300\\\/#breadcrumb\",\"itemListElement\":[{\"@type\":\"ListItem\",\"position\":1,\"name\":\"Strona g\u0142\u00f3wna\",\"item\":\"https:\\\/\\\/www.pakery.pl\\\/sl\\\/\"},{\"@type\":\"ListItem\",\"position\":2,\"name\":\"Shrani\",\"item\":\"https:\\\/\\\/www.pakery.pl\\\/sl\\\/shrani\\\/\"},{\"@type\":\"ListItem\",\"position\":3,\"name\":\"Vbrizgalni pakirnik PI-SPM 13\\\/300\"}]},{\"@type\":\"WebSite\",\"@id\":\"https:\\\/\\\/www.pakery.pl\\\/sl\\\/#website\",\"url\":\"https:\\\/\\\/www.pakery.pl\\\/sl\\\/\",\"name\":\"Pakery.pl\",\"description\":\"Pakery iniekcyjne, Kotwy spiralne, Lance iniekcyjne, W\u0119\u017ce do iniekcji, Pompy iniekcyjne, Serwis pomp iniekcyjnych, Wynajem pomp do iniekcji\",\"publisher\":{\"@id\":\"https:\\\/\\\/www.pakery.pl\\\/sl\\\/#organization\"},\"potentialAction\":[{\"@type\":\"SearchAction\",\"target\":{\"@type\":\"EntryPoint\",\"urlTemplate\":\"https:\\\/\\\/www.pakery.pl\\\/sl\\\/?s={search_term_string}\"},\"query-input\":{\"@type\":\"PropertyValueSpecification\",\"valueRequired\":true,\"valueName\":\"search_term_string\"}}],\"inLanguage\":\"sl-SI\"},{\"@type\":\"Organization\",\"@id\":\"https:\\\/\\\/www.pakery.pl\\\/sl\\\/#organization\",\"name\":\"PAKERY.PL\",\"url\":\"https:\\\/\\\/www.pakery.pl\\\/sl\\\/\",\"logo\":{\"@type\":\"ImageObject\",\"inLanguage\":\"sl-SI\",\"@id\":\"https:\\\/\\\/www.pakery.pl\\\/sl\\\/#\\\/schema\\\/logo\\\/image\\\/\",\"url\":\"https:\\\/\\\/www.pakery.pl\\\/wp-content\\\/uploads\\\/2021\\\/04\\\/cropped-PAKERY-LOGO.png\",\"contentUrl\":\"https:\\\/\\\/www.pakery.pl\\\/wp-content\\\/uploads\\\/2021\\\/04\\\/cropped-PAKERY-LOGO.png\",\"width\":1529,\"height\":500,\"caption\":\"PAKERY.PL\"},\"image\":{\"@id\":\"https:\\\/\\\/www.pakery.pl\\\/sl\\\/#\\\/schema\\\/logo\\\/image\\\/\"}}]}<\/script>\n<!-- \/ Yoast SEO plugin. -->","yoast_head_json":{"title":"Vbrizgalni pakirnik PI-SPM 13\/300 - PAKERY.PL","robots":{"index":"index","follow":"follow","max-snippet":"max-snippet:-1","max-image-preview":"max-image-preview:large","max-video-preview":"max-video-preview:-1"},"canonical":"https:\/\/www.pakery.pl\/sl\/produkt\/paker-do-iniekcji-pi-spm-13-300\/","og_locale":"sl_SI","og_type":"article","og_title":"Vbrizgalni pakirnik PI-SPM 13\/300 - PAKERY.PL","og_description":"Dolgoletni vodilni model serije PI-SPM pacer professional line. Injektor zagotavlja odli\u010dno tesnost in zgledno pritrditev. Injektor je primeren za vse vrste injekcij. Zagotavlja zgledno tesnost kalamitnikov in tudi vpihovalnega dela za visokotla\u010dno in nizkotla\u010dno vbrizgavanje. Zahvaljujo\u010d posebnim kalamitetom pakirke odli\u010dno zadr\u017eujejo protitlak (&#8220;ne pu\u0161\u010dajo&#8221;). Kalamitni polnilci SWG so mehansko zategnjeni z anaerobnim lepilom, kar zagotavlja [&hellip;]","og_url":"https:\/\/www.pakery.pl\/sl\/produkt\/paker-do-iniekcji-pi-spm-13-300\/","og_site_name":"PAKERY.PL","og_image":[{"width":683,"height":683,"url":"https:\/\/www.pakery.pl\/wp-content\/uploads\/2025\/05\/PI-SPM-13300-ikona.jpg","type":"image\/jpeg"}],"twitter_card":"summary_large_image","schema":{"@context":"https:\/\/schema.org","@graph":[{"@type":"WebPage","@id":"https:\/\/www.pakery.pl\/sl\/produkt\/paker-do-iniekcji-pi-spm-13-300\/","url":"https:\/\/www.pakery.pl\/sl\/produkt\/paker-do-iniekcji-pi-spm-13-300\/","name":"Vbrizgalni pakirnik PI-SPM 13\/300 - PAKERY.PL","isPartOf":{"@id":"https:\/\/www.pakery.pl\/sl\/#website"},"primaryImageOfPage":{"@id":"https:\/\/www.pakery.pl\/sl\/produkt\/paker-do-iniekcji-pi-spm-13-300\/#primaryimage"},"image":{"@id":"https:\/\/www.pakery.pl\/sl\/produkt\/paker-do-iniekcji-pi-spm-13-300\/#primaryimage"},"thumbnailUrl":"https:\/\/www.pakery.pl\/wp-content\/uploads\/2025\/05\/PI-SPM-13300-ikona.png","datePublished":"2025-05-12T06:14:38+00:00","breadcrumb":{"@id":"https:\/\/www.pakery.pl\/sl\/produkt\/paker-do-iniekcji-pi-spm-13-300\/#breadcrumb"},"inLanguage":"sl-SI","potentialAction":[{"@type":"ReadAction","target":["https:\/\/www.pakery.pl\/sl\/produkt\/paker-do-iniekcji-pi-spm-13-300\/"]}]},{"@type":"ImageObject","inLanguage":"sl-SI","@id":"https:\/\/www.pakery.pl\/sl\/produkt\/paker-do-iniekcji-pi-spm-13-300\/#primaryimage","url":"https:\/\/www.pakery.pl\/wp-content\/uploads\/2025\/05\/PI-SPM-13300-ikona.png","contentUrl":"https:\/\/www.pakery.pl\/wp-content\/uploads\/2025\/05\/PI-SPM-13300-ikona.png","width":683,"height":683},{"@type":"BreadcrumbList","@id":"https:\/\/www.pakery.pl\/sl\/produkt\/paker-do-iniekcji-pi-spm-13-300\/#breadcrumb","itemListElement":[{"@type":"ListItem","position":1,"name":"Strona g\u0142\u00f3wna","item":"https:\/\/www.pakery.pl\/sl\/"},{"@type":"ListItem","position":2,"name":"Shrani","item":"https:\/\/www.pakery.pl\/sl\/shrani\/"},{"@type":"ListItem","position":3,"name":"Vbrizgalni pakirnik PI-SPM 13\/300"}]},{"@type":"WebSite","@id":"https:\/\/www.pakery.pl\/sl\/#website","url":"https:\/\/www.pakery.pl\/sl\/","name":"Pakery.pl","description":"Pakery iniekcyjne, Kotwy spiralne, Lance iniekcyjne, W\u0119\u017ce do iniekcji, Pompy iniekcyjne, Serwis pomp iniekcyjnych, Wynajem pomp do iniekcji","publisher":{"@id":"https:\/\/www.pakery.pl\/sl\/#organization"},"potentialAction":[{"@type":"SearchAction","target":{"@type":"EntryPoint","urlTemplate":"https:\/\/www.pakery.pl\/sl\/?s={search_term_string}"},"query-input":{"@type":"PropertyValueSpecification","valueRequired":true,"valueName":"search_term_string"}}],"inLanguage":"sl-SI"},{"@type":"Organization","@id":"https:\/\/www.pakery.pl\/sl\/#organization","name":"PAKERY.PL","url":"https:\/\/www.pakery.pl\/sl\/","logo":{"@type":"ImageObject","inLanguage":"sl-SI","@id":"https:\/\/www.pakery.pl\/sl\/#\/schema\/logo\/image\/","url":"https:\/\/www.pakery.pl\/wp-content\/uploads\/2021\/04\/cropped-PAKERY-LOGO.png","contentUrl":"https:\/\/www.pakery.pl\/wp-content\/uploads\/2021\/04\/cropped-PAKERY-LOGO.png","width":1529,"height":500,"caption":"PAKERY.PL"},"image":{"@id":"https:\/\/www.pakery.pl\/sl\/#\/schema\/logo\/image\/"}}]}},"_links":{"self":[{"href":"https:\/\/www.pakery.pl\/sl\/wp-json\/wp\/v2\/product\/48961","targetHints":{"allow":["GET"]}}],"collection":[{"href":"https:\/\/www.pakery.pl\/sl\/wp-json\/wp\/v2\/product"}],"about":[{"href":"https:\/\/www.pakery.pl\/sl\/wp-json\/wp\/v2\/types\/product"}],"version-history":[{"count":0,"href":"https:\/\/www.pakery.pl\/sl\/wp-json\/wp\/v2\/product\/48961\/revisions"}],"wp:featuredmedia":[{"embeddable":true,"href":"https:\/\/www.pakery.pl\/sl\/wp-json\/wp\/v2\/media\/50823"}],"wp:attachment":[{"href":"https:\/\/www.pakery.pl\/sl\/wp-json\/wp\/v2\/media?parent=48961"}],"wp:term":[{"taxonomy":"product_brand","embeddable":true,"href":"https:\/\/www.pakery.pl\/sl\/wp-json\/wp\/v2\/product_brand?post=48961"},{"taxonomy":"product_cat","embeddable":true,"href":"https:\/\/www.pakery.pl\/sl\/wp-json\/wp\/v2\/product_cat?post=48961"},{"taxonomy":"product_tag","embeddable":true,"href":"https:\/\/www.pakery.pl\/sl\/wp-json\/wp\/v2\/product_tag?post=48961"}],"curies":[{"name":"wp","href":"https:\/\/api.w.org\/{rel}","templated":true}]}}