{"id":23864,"date":"2021-04-21T07:45:41","date_gmt":"2021-08-12T06:15:09","guid":{"rendered":"https:\/\/www.pakery.pl\/produkt\/pakiranje-za-vbrizgavanje-pi-sphw-10-110\/"},"modified":"2021-08-12T08:15:11","modified_gmt":"2021-08-12T06:15:11","slug":"pakiranje-za-vbrizgavanje-pi-sphw-10-110","status":"publish","type":"product","link":"https:\/\/www.pakery.pl\/sl\/produkt\/pakiranje-za-vbrizgavanje-pi-sphw-10-110\/","title":{"rendered":"Pakiranje za vbrizgavanje PI-SPHW 10\/110"},"content":{"rendered":"\t\t<div data-elementor-type=\"product-post\" data-elementor-id=\"23864\" class=\"elementor elementor-23864 elementor-1830\" data-elementor-post-type=\"product\">\n\t\t\t\t\t\t<section class=\"elementor-section elementor-top-section elementor-element elementor-element-5193b4b5 elementor-section-full_width elementor-section-height-default elementor-section-height-default\" data-id=\"5193b4b5\" data-element_type=\"section\" data-e-type=\"section\">\n\t\t\t\t\t\t<div class=\"elementor-container elementor-column-gap-default\">\n\t\t\t\t\t<div class=\"elementor-column elementor-col-100 elementor-top-column elementor-element elementor-element-1fc91c56\" data-id=\"1fc91c56\" data-element_type=\"column\" data-e-type=\"column\">\n\t\t\t<div class=\"elementor-widget-wrap elementor-element-populated\">\n\t\t\t\t\t\t<div class=\"elementor-element elementor-element-1de24192 elementor-widget elementor-widget-text-editor\" data-id=\"1de24192\" data-element_type=\"widget\" data-e-type=\"widget\" data-widget_type=\"text-editor.default\">\n\t\t\t\t<div class=\"elementor-widget-container\">\n\t\t\t\t\t\t\t\t\t<div class=\"_1bo4a _xu6h2 _1ylmp _2d49e_YrWCD\">\n<div class=\"_1voj4 _z9prt _1xzdi _ai5yc _5d6n2 _15lj1\">\n<div class=\"_2d49e_5pK0q\">\n<p><span style=\"color: #000000;\">Poseben injektor<b> za mehke materiale<\/b> kot so opeka ali nekvalitetni armirani beton, za spoje itd., torej povsod, kjer pride do prekomernega vrtanja vbrizgalnih lukenj.<\/span><span style=\"color: #000000; font-size: 1rem;\"> Zaradi sidrnih loput in progresivnega premera bistveno olaj\u0161a uporabo in pospe\u0161i vbrizgavanje (hitrej\u0161a monta\u017ea in demonta\u017ea).<\/span><\/p>\n<p><span style=\"color: #808080;\"><strong><em>Registrirajte se, \u010de si \u017eelite ogledati na\u0161o konfiguracijo paketov. Izberite svojo vrsto kalamita.<\/em><\/strong><\/span><\/p>\n<p><span style=\"color: #000000;\"><strong><em> <\/em><\/strong><\/span><\/p>\n<p><span style=\"color: #000000;\"><img fetchpriority=\"high\" decoding=\"async\" class=\"aligncenter size-full wp-image-2637\" src=\"https:\/\/www.pakery.pl\/wp-content\/uploads\/2021\/05\/baner-sphw-10-.png\" alt=\"\" width=\"1800\" height=\"300\" srcset=\"https:\/\/www.pakery.pl\/wp-content\/uploads\/2021\/05\/baner-sphw-10-.png 1800w, https:\/\/www.pakery.pl\/wp-content\/uploads\/2021\/05\/baner-sphw-10--300x50.png 300w, https:\/\/www.pakery.pl\/wp-content\/uploads\/2021\/05\/baner-sphw-10--1024x171.png 1024w, https:\/\/www.pakery.pl\/wp-content\/uploads\/2021\/05\/baner-sphw-10--768x128.png 768w, https:\/\/www.pakery.pl\/wp-content\/uploads\/2021\/05\/baner-sphw-10--1536x256.png 1536w, https:\/\/www.pakery.pl\/wp-content\/uploads\/2021\/05\/baner-sphw-10--683x114.png 683w, https:\/\/www.pakery.pl\/wp-content\/uploads\/2021\/05\/baner-sphw-10--602x100.png 602w\" sizes=\"(max-width: 1800px) 100vw, 1800px\" \/><\/span><\/p>\n<p><span style=\"color: #000000;\"><span style=\"color: #333333;\"> <\/span><\/span><\/p>\n<p><strong><span style=\"color: #000000;\">PREDNOSTI PAKIRANJA HAMMPACK<\/span><\/strong><\/p>\n<ul>\n<li><span style=\"color: #000000;\">pove\u010duje u\u010dinkovitost sidranja pakirnika v luknjo, s prilagajanjem premerov in izboklin na zgornjem delu ekspandirane gume, olaj\u0161a prijemanje in pravilno sidranje (to omogo\u010da znatno pospe\u0161itev namestitve pakirnika in ve\u010djo tesnost)<\/span><\/li>\n<li><span style=\"color: #000000;\">pove\u010dana trdnost in ponovljivost ekspanzijskih gum, prilagajanje gumijaste me\u0161anice in proces hlajenja (s pomo\u010djo nadzora temperature), naredi injektor odporen na trganje gume in padec gume iz podlo\u017ek.<\/span><\/li>\n<\/ul>\n<\/div>\n<\/div>\n<\/div>\n\t\t\t\t\t\t\t\t<\/div>\n\t\t\t\t<\/div>\n\t\t\t\t\t<\/div>\n\t\t<\/div>\n\t\t\t\t\t<\/div>\n\t\t<\/section>\n\t\t\t\t<section class=\"elementor-section elementor-top-section elementor-element elementor-element-064c81f elementor-section-full_width elementor-section-height-default elementor-section-height-default\" data-id=\"064c81f\" data-element_type=\"section\" data-e-type=\"section\">\n\t\t\t\t\t\t<div class=\"elementor-container elementor-column-gap-default\">\n\t\t\t\t\t<div class=\"elementor-column elementor-col-100 elementor-top-column elementor-element elementor-element-9f728b2\" data-id=\"9f728b2\" data-element_type=\"column\" data-e-type=\"column\">\n\t\t\t<div class=\"elementor-widget-wrap elementor-element-populated\">\n\t\t\t\t\t\t<section class=\"elementor-section elementor-inner-section elementor-element elementor-element-f89e21f elementor-section-full_width elementor-section-height-default elementor-section-height-default\" data-id=\"f89e21f\" data-element_type=\"section\" data-e-type=\"section\">\n\t\t\t\t\t\t<div class=\"elementor-container elementor-column-gap-default\">\n\t\t\t\t\t<div class=\"elementor-column elementor-col-50 elementor-inner-column elementor-element elementor-element-56efff9\" data-id=\"56efff9\" data-element_type=\"column\" data-e-type=\"column\">\n\t\t\t<div class=\"elementor-widget-wrap elementor-element-populated\">\n\t\t\t\t\t\t<div class=\"elementor-element elementor-element-a126da1 elementor-widget elementor-widget-text-editor\" data-id=\"a126da1\" data-element_type=\"widget\" data-e-type=\"widget\" data-widget_type=\"text-editor.default\">\n\t\t\t\t<div class=\"elementor-widget-container\">\n\t\t\t\t\t\t\t\t\t<p style=\"font-family: Montserrat, sans-serif; color: #7a7a7a;\"><strong><span style=\"color: #000000;\">UPORABA<\/span><\/strong><\/p>\n<ul>\n<li><span style=\"color: #000000;\">Injekcijske smole iz poliuretana \/ poliuretana<\/span><\/li>\n<li><span style=\"color: #000000;\">Epoksidne smole<\/span><\/li>\n<li><span style=\"color: #000000;\">Silikati<\/span><\/li>\n<li><span style=\"color: #000000;\">Disperzije vode<\/span><\/li>\n<li><span style=\"color: #000000;\">Akrilni geli<\/span><\/li>\n<li><span style=\"color: #000000;\">Cementne suspenzije do velikosti zrn 0,5 mm<\/span><\/li>\n<\/ul>\n<div class=\"_1voj4 _z9prt _1xzdi _ai5yc _5d6n2 _15lj1\">\n<div class=\"_2d49e_5pK0q\"> <\/div>\n<\/div>\n<p><span style=\"color: #000000;\"><span style=\"font-weight: bold;\"><br \/><\/span><strong>TEHNI\u010cNE SPECIFIKACIJE<\/strong><\/span><\/p>\n<ul>\n<li><span style=\"color: #000000;\">Material:<strong> jeklo<\/strong><\/span><\/li>\n<li><strong><span style=\"color: #000000;\">premer luknje za vbrizgavanje: \u00d810<\/span><\/strong><\/li>\n<li><span style=\"color: #000000;\">dol\u017eina: 110 mm<\/span><\/li>\n<li><span style=\"color: #000000;\">tesnilna dol\u017eina: 39 mm<\/span><\/li>\n<li><span style=\"color: #000000;\">klju\u010d: 10 mm<\/span><\/li>\n<li><span style=\"color: #000000;\">enojni pe\u010dat<\/span><\/li>\n<li><span style=\"color: #000000;\">najvi\u0161ja tesnost<\/span><\/li>\n<li><span style=\"color: #000000;\">Kalamitka SWG, PRE, FWG, FPRE<\/span><\/li>\n<\/ul>\n\t\t\t\t\t\t\t\t<\/div>\n\t\t\t\t<\/div>\n\t\t\t\t\t<\/div>\n\t\t<\/div>\n\t\t\t\t<div class=\"elementor-column elementor-col-50 elementor-inner-column elementor-element elementor-element-6265761\" data-id=\"6265761\" data-element_type=\"column\" data-e-type=\"column\">\n\t\t\t<div class=\"elementor-widget-wrap elementor-element-populated\">\n\t\t\t\t\t\t<div class=\"elementor-element elementor-element-8d42e82 elementor-widget elementor-widget-image\" data-id=\"8d42e82\" data-element_type=\"widget\" data-e-type=\"widget\" data-widget_type=\"image.default\">\n\t\t\t\t<div class=\"elementor-widget-container\">\n\t\t\t\t\t\t\t\t\t\t\t\t\t\t\t<img decoding=\"async\" width=\"800\" height=\"600\" src=\"https:\/\/www.pakery.pl\/wp-content\/uploads\/2021\/04\/PI-SPHW-10-110pre.gif\" class=\"attachment-large size-large wp-image-23874\" alt=\"\" \/>\t\t\t\t\t\t\t\t\t\t\t\t\t\t\t<\/div>\n\t\t\t\t<\/div>\n\t\t\t\t\t<\/div>\n\t\t<\/div>\n\t\t\t\t\t<\/div>\n\t\t<\/section>\n\t\t\t\t\t<\/div>\n\t\t<\/div>\n\t\t\t\t\t<\/div>\n\t\t<\/section>\n\t\t\t\t<section class=\"elementor-section elementor-top-section elementor-element elementor-element-5a39973 elementor-section-full_width elementor-section-height-default elementor-section-height-default\" data-id=\"5a39973\" data-element_type=\"section\" data-e-type=\"section\">\n\t\t\t\t\t\t<div class=\"elementor-container elementor-column-gap-default\">\n\t\t\t\t\t<div class=\"elementor-column elementor-col-100 elementor-top-column elementor-element elementor-element-7443730\" data-id=\"7443730\" data-element_type=\"column\" data-e-type=\"column\">\n\t\t\t<div class=\"elementor-widget-wrap elementor-element-populated\">\n\t\t\t\t\t\t<div class=\"elementor-element elementor-element-52d8bb8 elementor-widget elementor-widget-text-editor\" data-id=\"52d8bb8\" data-element_type=\"widget\" data-e-type=\"widget\" data-widget_type=\"text-editor.default\">\n\t\t\t\t<div class=\"elementor-widget-container\">\n\t\t\t\t\t\t\t\t\t<p><span style=\"color: #000000;\"><strong>Specializirani koledarji HAMMPACK<\/strong> &#8211; so specializirani ventili, ki lahko zadr\u017eijo in dovajajo injekcijo brez najmanj\u0161e izgube v materialu (ne glede na to, ali gre za injekcijsko smolo z zelo nizko viskoznostjo, akrilni gel ali visoko penasto poliuretansko smolo). Odli\u010dno vzdr\u017eujejo pritisk v hrbtu. Z eno besedo, ne pu\u0161\u010dajo.<\/span><\/p>\n<p><span style=\"color: #000000;\"><strong>Kalamitki tipa PRE, FPRE<\/strong> &#8211; navoji predhodno premazanih \u010deljusti omogo\u010dajo zategovanje \u010deljusti po izteku smole iz pakirnika, da se odzra\u010di in nadzoruje vbrizgavanje. Plast pred nanosom takoj zatesni navojni spoj, pripravljen za nadaljnjo injekcijo. Ta vrsta kalamarov se v injektor vnese nezategnjena.<\/span><\/p>\n<p><span style=\"color: #000000;\"><strong>Kalamitki SWG in PRE<\/strong> &#8211; to so vijaki, mehansko priviti na injekcijski pakirnik skupaj s plastjo anaerobnega lepila. Ta povezava zagotavlja izjemno tesnost navojne povezave.<\/span><\/p>\n\t\t\t\t\t\t\t\t<\/div>\n\t\t\t\t<\/div>\n\t\t\t\t\t<\/div>\n\t\t<\/div>\n\t\t\t\t\t<\/div>\n\t\t<\/section>\n\t\t\t\t<\/div>\n\t\t","protected":false},"excerpt":{"rendered":"<p>Poseben injektor za mehke materiale kot so opeka ali nekvalitetni armirani beton, za spoje itd., torej povsod, kjer pride do prekomernega vrtanja vbrizgalnih lukenj. Zaradi sidrnih loput in progresivnega premera bistveno olaj\u0161a uporabo in pospe\u0161i vbrizgavanje (hitrej\u0161a monta\u017ea in demonta\u017ea). Registrirajte se, \u010de si \u017eelite ogledati na\u0161o konfiguracijo paketov. Izberite svojo vrsto kalamita. PREDNOSTI PAKIRANJA [&hellip;]<\/p>\n","protected":false},"featured_media":23865,"template":"","meta":{"_acf_changed":false},"product_brand":[],"product_cat":[1093],"product_tag":[],"class_list":{"0":"post-23864","1":"product","2":"type-product","3":"status-publish","4":"has-post-thumbnail","6":"product_cat-pakirniki-hammpack-steel","7":"pa_rodzaj-kalamitki-fpre-sl","8":"pa_rodzaj-kalamitki-fwg-sl","9":"pa_rodzaj-kalamitki-pre-sl","10":"pa_rodzaj-kalamitki-swg-sl","12":"first","13":"instock","14":"taxable","15":"shipping-taxable","16":"purchasable","17":"product-type-variable","18":"has-default-attributes"},"acf":[],"yoast_head":"<!-- This site is optimized with the Yoast SEO plugin v27.3 - https:\/\/yoast.com\/product\/yoast-seo-wordpress\/ -->\n<title>Pakiranje za vbrizgavanje | injekcijski pakirniki PI -SPHW 10\/110 - PAKERY.PL<\/title>\n<meta name=\"description\" content=\"Najkakovostnej\u0161i injekcijski pakirnik. Pakiranja za vbrizgavanje Hammpack zagotavljajo popolno tesnost. Izberite svojo vrsto kalamitke!\" \/>\n<meta name=\"robots\" content=\"index, follow, max-snippet:-1, max-image-preview:large, max-video-preview:-1\" \/>\n<link rel=\"canonical\" href=\"https:\/\/www.pakery.pl\/sl\/produkt\/pakiranje-za-vbrizgavanje-pi-sphw-10-110\/\" \/>\n<meta property=\"og:locale\" content=\"sl_SI\" \/>\n<meta property=\"og:type\" content=\"article\" \/>\n<meta property=\"og:title\" content=\"Pakiranje za vbrizgavanje | injekcijski pakirniki PI -SPHW 10\/110 - PAKERY.PL\" \/>\n<meta property=\"og:description\" content=\"Najkakovostnej\u0161i injekcijski pakirnik. Pakiranja za vbrizgavanje Hammpack zagotavljajo popolno tesnost. Izberite svojo vrsto kalamitke!\" \/>\n<meta property=\"og:url\" content=\"https:\/\/www.pakery.pl\/sl\/produkt\/pakiranje-za-vbrizgavanje-pi-sphw-10-110\/\" \/>\n<meta property=\"og:site_name\" content=\"PAKERY.PL\" \/>\n<meta property=\"article:modified_time\" content=\"2021-08-12T06:15:11+00:00\" \/>\n<meta property=\"og:image\" content=\"https:\/\/www.pakery.pl\/wp-content\/uploads\/2021\/04\/foto-10-SPHW-1024x1024.png\" \/>\n\t<meta property=\"og:image:width\" content=\"1024\" \/>\n\t<meta property=\"og:image:height\" content=\"1024\" \/>\n\t<meta property=\"og:image:type\" content=\"image\/png\" \/>\n<meta name=\"twitter:card\" content=\"summary_large_image\" \/>\n<meta name=\"twitter:label1\" content=\"Est. reading time\" \/>\n\t<meta name=\"twitter:data1\" content=\"1 minuta\" \/>\n<script type=\"application\/ld+json\" class=\"yoast-schema-graph\">{\"@context\":\"https:\\\/\\\/schema.org\",\"@graph\":[{\"@type\":\"WebPage\",\"@id\":\"https:\\\/\\\/www.pakery.pl\\\/sl\\\/produkt\\\/pakiranje-za-vbrizgavanje-pi-sphw-10-110\\\/\",\"url\":\"https:\\\/\\\/www.pakery.pl\\\/sl\\\/produkt\\\/pakiranje-za-vbrizgavanje-pi-sphw-10-110\\\/\",\"name\":\"Pakiranje za vbrizgavanje | injekcijski pakirniki PI -SPHW 10\\\/110 - PAKERY.PL\",\"isPartOf\":{\"@id\":\"https:\\\/\\\/www.pakery.pl\\\/sl\\\/#website\"},\"primaryImageOfPage\":{\"@id\":\"https:\\\/\\\/www.pakery.pl\\\/sl\\\/produkt\\\/pakiranje-za-vbrizgavanje-pi-sphw-10-110\\\/#primaryimage\"},\"image\":{\"@id\":\"https:\\\/\\\/www.pakery.pl\\\/sl\\\/produkt\\\/pakiranje-za-vbrizgavanje-pi-sphw-10-110\\\/#primaryimage\"},\"thumbnailUrl\":\"https:\\\/\\\/www.pakery.pl\\\/wp-content\\\/uploads\\\/2021\\\/04\\\/foto-10-SPHW.png\",\"datePublished\":\"2021-08-12T06:15:09+00:00\",\"dateModified\":\"2021-08-12T06:15:11+00:00\",\"description\":\"Najkakovostnej\u0161i injekcijski pakirnik. Pakiranja za vbrizgavanje Hammpack zagotavljajo popolno tesnost. Izberite svojo vrsto kalamitke!\",\"breadcrumb\":{\"@id\":\"https:\\\/\\\/www.pakery.pl\\\/sl\\\/produkt\\\/pakiranje-za-vbrizgavanje-pi-sphw-10-110\\\/#breadcrumb\"},\"inLanguage\":\"sl-SI\",\"potentialAction\":[{\"@type\":\"ReadAction\",\"target\":[\"https:\\\/\\\/www.pakery.pl\\\/sl\\\/produkt\\\/pakiranje-za-vbrizgavanje-pi-sphw-10-110\\\/\"]}]},{\"@type\":\"ImageObject\",\"inLanguage\":\"sl-SI\",\"@id\":\"https:\\\/\\\/www.pakery.pl\\\/sl\\\/produkt\\\/pakiranje-za-vbrizgavanje-pi-sphw-10-110\\\/#primaryimage\",\"url\":\"https:\\\/\\\/www.pakery.pl\\\/wp-content\\\/uploads\\\/2021\\\/04\\\/foto-10-SPHW.png\",\"contentUrl\":\"https:\\\/\\\/www.pakery.pl\\\/wp-content\\\/uploads\\\/2021\\\/04\\\/foto-10-SPHW.png\",\"width\":2500,\"height\":2500,\"caption\":\"injekcijski pakirnik injekcijski pakirnik injekcijski pakirnik injekcijski pakirnik\"},{\"@type\":\"BreadcrumbList\",\"@id\":\"https:\\\/\\\/www.pakery.pl\\\/sl\\\/produkt\\\/pakiranje-za-vbrizgavanje-pi-sphw-10-110\\\/#breadcrumb\",\"itemListElement\":[{\"@type\":\"ListItem\",\"position\":1,\"name\":\"Strona g\u0142\u00f3wna\",\"item\":\"https:\\\/\\\/www.pakery.pl\\\/sl\\\/\"},{\"@type\":\"ListItem\",\"position\":2,\"name\":\"Shrani\",\"item\":\"https:\\\/\\\/www.pakery.pl\\\/sl\\\/shrani\\\/\"},{\"@type\":\"ListItem\",\"position\":3,\"name\":\"Pakiranje za vbrizgavanje PI-SPHW 10\\\/110\"}]},{\"@type\":\"WebSite\",\"@id\":\"https:\\\/\\\/www.pakery.pl\\\/sl\\\/#website\",\"url\":\"https:\\\/\\\/www.pakery.pl\\\/sl\\\/\",\"name\":\"Pakery.pl\",\"description\":\"Pakery iniekcyjne, Kotwy spiralne, Lance iniekcyjne, W\u0119\u017ce do iniekcji, Pompy iniekcyjne, Serwis pomp iniekcyjnych, Wynajem pomp do iniekcji\",\"publisher\":{\"@id\":\"https:\\\/\\\/www.pakery.pl\\\/sl\\\/#organization\"},\"potentialAction\":[{\"@type\":\"SearchAction\",\"target\":{\"@type\":\"EntryPoint\",\"urlTemplate\":\"https:\\\/\\\/www.pakery.pl\\\/sl\\\/?s={search_term_string}\"},\"query-input\":{\"@type\":\"PropertyValueSpecification\",\"valueRequired\":true,\"valueName\":\"search_term_string\"}}],\"inLanguage\":\"sl-SI\"},{\"@type\":\"Organization\",\"@id\":\"https:\\\/\\\/www.pakery.pl\\\/sl\\\/#organization\",\"name\":\"PAKERY.PL\",\"url\":\"https:\\\/\\\/www.pakery.pl\\\/sl\\\/\",\"logo\":{\"@type\":\"ImageObject\",\"inLanguage\":\"sl-SI\",\"@id\":\"https:\\\/\\\/www.pakery.pl\\\/sl\\\/#\\\/schema\\\/logo\\\/image\\\/\",\"url\":\"https:\\\/\\\/www.pakery.pl\\\/wp-content\\\/uploads\\\/2021\\\/04\\\/cropped-PAKERY-LOGO.png\",\"contentUrl\":\"https:\\\/\\\/www.pakery.pl\\\/wp-content\\\/uploads\\\/2021\\\/04\\\/cropped-PAKERY-LOGO.png\",\"width\":1529,\"height\":500,\"caption\":\"PAKERY.PL\"},\"image\":{\"@id\":\"https:\\\/\\\/www.pakery.pl\\\/sl\\\/#\\\/schema\\\/logo\\\/image\\\/\"}}]}<\/script>\n<!-- \/ Yoast SEO plugin. -->","yoast_head_json":{"title":"Pakiranje za vbrizgavanje | injekcijski pakirniki PI -SPHW 10\/110 - PAKERY.PL","description":"Najkakovostnej\u0161i injekcijski pakirnik. Pakiranja za vbrizgavanje Hammpack zagotavljajo popolno tesnost. Izberite svojo vrsto kalamitke!","robots":{"index":"index","follow":"follow","max-snippet":"max-snippet:-1","max-image-preview":"max-image-preview:large","max-video-preview":"max-video-preview:-1"},"canonical":"https:\/\/www.pakery.pl\/sl\/produkt\/pakiranje-za-vbrizgavanje-pi-sphw-10-110\/","og_locale":"sl_SI","og_type":"article","og_title":"Pakiranje za vbrizgavanje | injekcijski pakirniki PI -SPHW 10\/110 - PAKERY.PL","og_description":"Najkakovostnej\u0161i injekcijski pakirnik. Pakiranja za vbrizgavanje Hammpack zagotavljajo popolno tesnost. Izberite svojo vrsto kalamitke!","og_url":"https:\/\/www.pakery.pl\/sl\/produkt\/pakiranje-za-vbrizgavanje-pi-sphw-10-110\/","og_site_name":"PAKERY.PL","article_modified_time":"2021-08-12T06:15:11+00:00","og_image":[{"width":1024,"height":1024,"url":"https:\/\/www.pakery.pl\/wp-content\/uploads\/2021\/04\/foto-10-SPHW-1024x1024.png","type":"image\/png"}],"twitter_card":"summary_large_image","twitter_misc":{"Est. reading time":"1 minuta"},"schema":{"@context":"https:\/\/schema.org","@graph":[{"@type":"WebPage","@id":"https:\/\/www.pakery.pl\/sl\/produkt\/pakiranje-za-vbrizgavanje-pi-sphw-10-110\/","url":"https:\/\/www.pakery.pl\/sl\/produkt\/pakiranje-za-vbrizgavanje-pi-sphw-10-110\/","name":"Pakiranje za vbrizgavanje | injekcijski pakirniki PI -SPHW 10\/110 - PAKERY.PL","isPartOf":{"@id":"https:\/\/www.pakery.pl\/sl\/#website"},"primaryImageOfPage":{"@id":"https:\/\/www.pakery.pl\/sl\/produkt\/pakiranje-za-vbrizgavanje-pi-sphw-10-110\/#primaryimage"},"image":{"@id":"https:\/\/www.pakery.pl\/sl\/produkt\/pakiranje-za-vbrizgavanje-pi-sphw-10-110\/#primaryimage"},"thumbnailUrl":"https:\/\/www.pakery.pl\/wp-content\/uploads\/2021\/04\/foto-10-SPHW.png","datePublished":"2021-08-12T06:15:09+00:00","dateModified":"2021-08-12T06:15:11+00:00","description":"Najkakovostnej\u0161i injekcijski pakirnik. Pakiranja za vbrizgavanje Hammpack zagotavljajo popolno tesnost. Izberite svojo vrsto kalamitke!","breadcrumb":{"@id":"https:\/\/www.pakery.pl\/sl\/produkt\/pakiranje-za-vbrizgavanje-pi-sphw-10-110\/#breadcrumb"},"inLanguage":"sl-SI","potentialAction":[{"@type":"ReadAction","target":["https:\/\/www.pakery.pl\/sl\/produkt\/pakiranje-za-vbrizgavanje-pi-sphw-10-110\/"]}]},{"@type":"ImageObject","inLanguage":"sl-SI","@id":"https:\/\/www.pakery.pl\/sl\/produkt\/pakiranje-za-vbrizgavanje-pi-sphw-10-110\/#primaryimage","url":"https:\/\/www.pakery.pl\/wp-content\/uploads\/2021\/04\/foto-10-SPHW.png","contentUrl":"https:\/\/www.pakery.pl\/wp-content\/uploads\/2021\/04\/foto-10-SPHW.png","width":2500,"height":2500,"caption":"injekcijski pakirnik injekcijski pakirnik injekcijski pakirnik injekcijski pakirnik"},{"@type":"BreadcrumbList","@id":"https:\/\/www.pakery.pl\/sl\/produkt\/pakiranje-za-vbrizgavanje-pi-sphw-10-110\/#breadcrumb","itemListElement":[{"@type":"ListItem","position":1,"name":"Strona g\u0142\u00f3wna","item":"https:\/\/www.pakery.pl\/sl\/"},{"@type":"ListItem","position":2,"name":"Shrani","item":"https:\/\/www.pakery.pl\/sl\/shrani\/"},{"@type":"ListItem","position":3,"name":"Pakiranje za vbrizgavanje PI-SPHW 10\/110"}]},{"@type":"WebSite","@id":"https:\/\/www.pakery.pl\/sl\/#website","url":"https:\/\/www.pakery.pl\/sl\/","name":"Pakery.pl","description":"Pakery iniekcyjne, Kotwy spiralne, Lance iniekcyjne, W\u0119\u017ce do iniekcji, Pompy iniekcyjne, Serwis pomp iniekcyjnych, Wynajem pomp do iniekcji","publisher":{"@id":"https:\/\/www.pakery.pl\/sl\/#organization"},"potentialAction":[{"@type":"SearchAction","target":{"@type":"EntryPoint","urlTemplate":"https:\/\/www.pakery.pl\/sl\/?s={search_term_string}"},"query-input":{"@type":"PropertyValueSpecification","valueRequired":true,"valueName":"search_term_string"}}],"inLanguage":"sl-SI"},{"@type":"Organization","@id":"https:\/\/www.pakery.pl\/sl\/#organization","name":"PAKERY.PL","url":"https:\/\/www.pakery.pl\/sl\/","logo":{"@type":"ImageObject","inLanguage":"sl-SI","@id":"https:\/\/www.pakery.pl\/sl\/#\/schema\/logo\/image\/","url":"https:\/\/www.pakery.pl\/wp-content\/uploads\/2021\/04\/cropped-PAKERY-LOGO.png","contentUrl":"https:\/\/www.pakery.pl\/wp-content\/uploads\/2021\/04\/cropped-PAKERY-LOGO.png","width":1529,"height":500,"caption":"PAKERY.PL"},"image":{"@id":"https:\/\/www.pakery.pl\/sl\/#\/schema\/logo\/image\/"}}]}},"_links":{"self":[{"href":"https:\/\/www.pakery.pl\/sl\/wp-json\/wp\/v2\/product\/23864","targetHints":{"allow":["GET"]}}],"collection":[{"href":"https:\/\/www.pakery.pl\/sl\/wp-json\/wp\/v2\/product"}],"about":[{"href":"https:\/\/www.pakery.pl\/sl\/wp-json\/wp\/v2\/types\/product"}],"version-history":[{"count":1,"href":"https:\/\/www.pakery.pl\/sl\/wp-json\/wp\/v2\/product\/23864\/revisions"}],"predecessor-version":[{"id":23868,"href":"https:\/\/www.pakery.pl\/sl\/wp-json\/wp\/v2\/product\/23864\/revisions\/23868"}],"wp:featuredmedia":[{"embeddable":true,"href":"https:\/\/www.pakery.pl\/sl\/wp-json\/wp\/v2\/media\/23865"}],"wp:attachment":[{"href":"https:\/\/www.pakery.pl\/sl\/wp-json\/wp\/v2\/media?parent=23864"}],"wp:term":[{"taxonomy":"product_brand","embeddable":true,"href":"https:\/\/www.pakery.pl\/sl\/wp-json\/wp\/v2\/product_brand?post=23864"},{"taxonomy":"product_cat","embeddable":true,"href":"https:\/\/www.pakery.pl\/sl\/wp-json\/wp\/v2\/product_cat?post=23864"},{"taxonomy":"product_tag","embeddable":true,"href":"https:\/\/www.pakery.pl\/sl\/wp-json\/wp\/v2\/product_tag?post=23864"}],"curies":[{"name":"wp","href":"https:\/\/api.w.org\/{rel}","templated":true}]}}