{"id":22848,"date":"2021-08-12T08:01:05","date_gmt":"2021-08-12T06:01:05","guid":{"rendered":"https:\/\/www.pakery.pl\/politika-zasebnosti\/"},"modified":"2021-10-14T11:26:56","modified_gmt":"2021-10-14T09:26:56","slug":"politika-zasebnosti","status":"publish","type":"page","link":"https:\/\/www.pakery.pl\/sl\/politika-zasebnosti\/","title":{"rendered":"politika zasebnosti"},"content":{"rendered":"\t\t<div data-elementor-type=\"wp-page\" data-elementor-id=\"22848\" class=\"elementor elementor-22848 elementor-3\" data-elementor-post-type=\"page\">\n\t\t\t\t\t\t<section class=\"elementor-section elementor-top-section elementor-element elementor-element-396c338 elementor-section-boxed elementor-section-height-default elementor-section-height-default\" data-id=\"396c338\" data-element_type=\"section\" data-e-type=\"section\">\n\t\t\t\t\t\t<div class=\"elementor-container elementor-column-gap-default\">\n\t\t\t\t\t<div class=\"elementor-column elementor-col-100 elementor-top-column elementor-element elementor-element-7ba97d3\" data-id=\"7ba97d3\" data-element_type=\"column\" data-e-type=\"column\">\n\t\t\t<div class=\"elementor-widget-wrap elementor-element-populated\">\n\t\t\t\t\t\t<div class=\"elementor-element elementor-element-9a5c3fb elementor-widget elementor-widget-text-editor\" data-id=\"9a5c3fb\" data-element_type=\"widget\" data-e-type=\"widget\" data-widget_type=\"text-editor.default\">\n\t\t\t\t<div class=\"elementor-widget-container\">\n\t\t\t\t\t\t\t\t\t<h1 style=\"font-family: Montserrat, sans-serif; color: rgb(0, 0, 0); text-align: center;\"><span style=\"font-weight: 700;\">Politika zasebnosti spletnega mesta: &nbsp;<\/span><\/h1>\n<h1 style=\"font-family: Montserrat, sans-serif; color: rgb(0, 0, 0); text-align: center;\"><span style=\"font-weight: 700;\">www.pakery.pl<\/span><\/h1>\n<h1 style=\"font-family: Montserrat, sans-serif; color: rgb(0, 0, 0);\">1. Splo\u0161ne informacije.<\/h1>\n<h1>\n<ol style=\"font-size: 16px; text-align: left;\">\n<li>Upravljavec spletnega mesta&nbsp;<a href=\"https:\/\/www.pakery.pl\/sl\/\">pakery.pl<\/a>&nbsp; je Hammpack. NS. Z OO 02-690 Var\u0161ava, ul. Bokserska 47, \u0161tevilka NIP:&nbsp;<span style=\"font-size: 1rem;\">9512466806&nbsp; in REGON: 380 860 490.<\/span><\/li>\n<\/ol>\n<ol start=\"2\" style=\"font-size: 16px; text-align: left;\">\n<li>Spletno mesto pridobiva podatke o uporabnikih in njihovem vedenju na naslednji na\u010din:<\/li>\n<li>Preko prostovoljno vnesenih podatkov v obrazce.<\/li>\n<li>Skozi datoteke pi\u0161kotkov, shranjene v kon\u010dnih napravah (tako imenovani &#8220;pi\u0161kotki&#8221;).<\/li>\n<li>Z zbiranjem dnevnikov spletnega stre\u017enika s strani operaterja gostovanja Hammpack Sp. Z OO, 02-690 Var\u0161ava, ul. Bokserska 47, NIP (dav\u010dna \u0161tevilka):&nbsp;<span style=\"{wpml_trans_unit_1_0_3_1_3_4_-1_0}\">9512466806&nbsp; deluje na naslovu&nbsp;<\/span><a href=\"https:\/\/www.pakery.pl\/sl\/\" style=\"font-size: 1rem;\"> www.pakery.pl<\/a><\/li>\n<\/ol>\n<\/h1>\n<h2 style=\"font-family: Montserrat, sans-serif; color: rgb(0, 0, 0);\">2.&nbsp;&nbsp; Informacije v obrazcih.<\/h2>\n<h1>\n<ol style=\"font-size: 16px; text-align: left;\">\n<li>Storitev zbira informacije, ki jih prostovoljno posreduje uporabnik.<\/li>\n<li>Spletno mesto lahko shrani tudi podatke o parametrih povezave (\u010dasovni \u017eig, naslov IP)<\/li>\n<li>Podatki, navedeni v obrazcih, niso na voljo tretjim osebam, razen \u010de: s predhodnim izrecnim soglasjem posameznika, na katerega se nana\u0161ajo osebni podatki, ali \u010de obveznost posredovanja teh podatkov izhaja iz dolo\u010db<\/li>\n<li>Podatki, navedeni v obrazcu, lahko predstavljajo niz potencialnih strank, ki jih registrira upravljavec<\/li>\n<\/ol>\n<\/h1>\n<p style=\"font-size: 16px; text-align: left;\">Spletno mesto v registru, ki ga vodi generalni in\u0161pektor za varstvo osebnih podatkov.<\/p>\n<ol start=\"5\" style=\"font-size: 16px; text-align: left;\">\n<li>Podatki, navedeni v obrazcu, se obdelujejo za namen, ki izhaja iz funkcije dolo\u010denega obrazca, na primer za obdelavo zahteve po storitvi ali stik<\/li>\n<li>Podatki v obrazcih se lahko posredujejo subjektom, ki tehni\u010dno opravljajo dolo\u010dene storitve &#8211; zlasti to velja za prenos podatkov o lastniku registrirane domene na subjekte, ki so operaterji internetnih domen (predvsem Znanstveno in akademsko ra\u010dunalni\u0161ko omre\u017eje)<\/li>\n<\/ol>\n<p style=\"font-size: 16px; text-align: left;\">jbr &#8211; NASK), pla\u010dilnih storitev ali drugih subjektov, s katerimi upravljavec spletnega mesta v zvezi s tem sodeluje.<\/p>\n<h2 style=\"font-family: Montserrat, sans-serif; color: rgb(0, 0, 0);\">3.&nbsp;&nbsp; Informacije o pi\u0161kotkih.<\/h2>\n<h1>\n<ol style=\"font-size: 16px; text-align: left;\">\n<li>Spletno mesto uporablja datoteke<\/li>\n<li>Datoteke pi\u0161kotkov (tako imenovani &#8220;pi\u0161kotki&#8221;) so podatki IT, zlasti besedilne datoteke, ki so shranjene na kon\u010dni napravi uporabnika spletnega mesta in so namenjene uporabi strani spletnega mesta. Pi\u0161kotki obi\u010dajno vsebujejo ime spletnega mesta, s katerega prihajajo, \u010das shranjevanja na kon\u010dni napravi in edinstveno<\/li>\n<li>Upravljavec je subjekt, ki na kon\u010dno napravo uporabnika spletnega mesta postavi pi\u0161kotke in do njih dostopa<\/li>\n<li>Pi\u0161kotki se uporabljajo za naslednje namene:<\/li>\n<li>ustvarjanje statisti\u010dnih podatkov, ki pomagajo razumeti, kako uporabniki spletnega mesta uporabljajo strani<\/li>\n<\/ol>\n<\/h1>\n<p style=\"font-size: 16px; text-align: left;\">spletne strani, kar omogo\u010da izbolj\u0161anje njihove strukture in vsebine;<\/p>\n<ol start=\"6\" style=\"font-size: 16px; text-align: left;\">\n<li>vzdr\u017eevanje seje uporabnika spletnega mesta (po prijavi), zaradi \u010desar uporabniku ni treba znova vnesti prijave in gesla na vsaki podstrani spletnega mesta;<\/li>\n<li>dolo\u010danje uporabni\u0161kega profila za prikaz ogla\u0161evalskega materiala, ki se ujema s tem profilom, zlasti Googlovo omre\u017eje.<\/li>\n<li>Spletno mesto uporablja dve osnovni vrsti pi\u0161kotkov: sejni pi\u0161kotki in trajni pi\u0161kotki. Sejni pi\u0161kotki so za\u010dasne datoteke, ki so shranjene na kon\u010dni napravi uporabnika, dokler se ne odjavite, zapustite spletno mesto ali izklopite programsko opremo (spletni brskalnik). Trajni pi\u0161kotki so shranjeni na kon\u010dni napravi uporabnika za \u010das, dolo\u010den v parametrih datoteke pi\u0161kotkov, ali dokler jih uporabnik ne izbri\u0161e.<\/li>\n<li>Programska oprema za brskanje po spletnih mestih (spletni brskalnik) obi\u010dajno privzeto omogo\u010da shranjevanje pi\u0161kotkov na kon\u010dni napravi uporabnika. Uporabniki spletnega mesta lahko glede tega spremenijo nastavitve. Spletni brskalnik omogo\u010da brisanje pi\u0161kotkov. Mo\u017eno je tudi samodejno blokiranje pi\u0161kotkov. Podrobne informacije o tej temi najdete v pomo\u010di ali dokumentaciji brskalnika<\/li>\n<li>Omejitve uporabe pi\u0161kotkov lahko vplivajo na nekatere funkcionalnosti, ki so na voljo na spletnih mestih<\/li>\n<\/ol>\n<ol start=\"11\" style=\"font-size: 16px; text-align: left;\">\n<li>Pi\u0161kotke, name\u0161\u010dene na kon\u010dni napravi uporabnika spletnega mesta, lahko uporabljajo tudi ogla\u0161evalci in partnerji, ki sodelujejo z upravljavcem spletnega mesta.<\/li>\n<li>Priporo\u010damo, da preberete politiko varovanja zasebnosti teh podjetij, \u010de \u017eelite izvedeti o pravilih uporabe pi\u0161kotkov, ki se uporabljajo v statistiki: Politika zasebnosti Google Analytics<\/li>\n<li>Ogla\u0161evalska omre\u017eja, zlasti Googlovo omre\u017eje, lahko uporabljajo datoteke pi\u0161kotkov za prikaz oglasov, prilagojenih na\u010dinu, na katerega uporabnik uporablja spletno mesto. V ta namen lahko hranijo podatke o uporabnikovi navigacijski poti ali \u010dasu bivanja na podatkih<\/li>\n<li>Kar zadeva informacije o uporabni\u0161kih nastavitvah, ki jih zbira Googlovo ogla\u0161evalsko omre\u017eje, si lahko uporabnik ogleda in uredi podatke, pridobljene iz pi\u0161kotkov, z orodjem: https: \/\/<a href=\"http:\/\/www.google.com\/ads\/preferences\/\"> google.com\/ads\/preferences\/<\/a><\/li>\n<\/ol>\n<h2 style=\"font-family: Montserrat, sans-serif; color: rgb(0, 0, 0);\">4.&nbsp;&nbsp; Dnevniki stre\u017enika.<\/h2>\n<h1>\n<ol style=\"font-size: 16px; text-align: left;\">\n<li>Podatki o nekaterih vedenjih uporabnikov se bele\u017eijo v stre\u017eni\u0161ki plasti. Ti podatki se uporabljajo samo za upravljanje spletnega mesta in za zagotavljanje naju\u010dinkovitej\u0161ih storitev<\/li>\n<li>Brskani viri so ozna\u010deni z naslovi URL. Poleg tega se lahko shrani naslednje:<\/li>\n<li>\u010das prihoda poizvedbe,<\/li>\n<li>\u010das po\u0161iljanja odgovora,<\/li>\n<li>ime odjemal\u010deve postaje &#8211; identifikacija, izvedena s protokolom HTTP,<\/li>\n<\/ol>\n<ol start=\"6\" style=\"font-size: 16px; text-align: left;\">\n<li>informacije o napakah, ki so nastale med izvajanjem transakcije HTTP,<\/li>\n<li>URL naslov strani, ki jo je uporabnik \u017ee obiskal (napotitvena povezava) &#8211; \u010de je bilo do spletnega mesta dostopano prek povezave,<\/li>\n<li>podatke o brskalniku uporabnika,<\/li>\n<li>Podatki o naslovu IP.<\/li>\n<li>Zgornji podatki niso povezani z dolo\u010denimi gledalci<\/li>\n<li>Zgornji podatki se uporabljajo samo za administrativne namene<\/li>\n<\/ol>\n<\/h1>\n<h2 style=\"font-family: Montserrat, sans-serif; color: rgb(0, 0, 0);\">5.&nbsp;&nbsp; Zagotavljanje podatkov.<\/h2>\n<h1>\n<ol style=\"font-size: 16px; text-align: left;\">\n<li>Osebe, katerih podatki so bili zbrani, imajo pravico do dostopa do svojih podatkov, spreminjanja, spreminjanja ali brisanja svojih podatkov s po\u0161iljanjem priporo\u010denega pisma na naslednji naslov: Bokserska 47, 02-690 Var\u0161ava. Hammpack Sp. &nbsp;Z OO<\/li>\n<li>Zbrani podatki niso na voljo tretjim osebam, razen \u010de: s predhodnim izrecnim soglasjem posameznika, na katerega se nana\u0161ajo osebni podatki, ali \u010de obveznost posredovanja teh podatkov izhaja iz dolo\u010db<\/li>\n<\/ol>\n<\/h1>\n<h2 style=\"font-family: Montserrat, sans-serif; color: rgb(0, 0, 0);\">6.&nbsp;&nbsp; Upravljanje pi\u0161kotkov &#8211; kako v praksi izraziti in preklicati privolitev?<\/h2>\n<h1>\n<ol style=\"font-size: 16px; text-align: left;\">\n<li>\u010ce uporabnik ne \u017eeli prejemati pi\u0161kotkov, lahko spremeni nastavitve brskalnika. Pridr\u017eujemo si, da lahko onemogo\u010danje pi\u0161kotkov, potrebnih za postopke preverjanja pristnosti, varnost in ohranjanje uporabnikovih nastavitev, ote\u017ei, v skrajnih primerih pa prepre\u010di uporabo spletnih mest.<\/li>\n<\/ol>\n<\/h1>\n<ol>\n<\/ol>\n\t\t\t\t\t\t\t\t<\/div>\n\t\t\t\t<\/div>\n\t\t\t\t\t<\/div>\n\t\t<\/div>\n\t\t\t\t\t<\/div>\n\t\t<\/section>\n\t\t\t\t<\/div>\n\t\t","protected":false},"excerpt":{"rendered":"<p>Politika zasebnosti spletnega mesta: &nbsp; www.pakery.pl 1. Splo\u0161ne informacije. Upravljavec spletnega mesta&nbsp;pakery.pl&nbsp; je Hammpack. NS. Z OO 02-690 Var\u0161ava, ul. Bokserska 47, \u0161tevilka NIP:&nbsp;9512466806&nbsp; in REGON: 380 860 490. Spletno mesto pridobiva podatke o uporabnikih in njihovem vedenju na naslednji na\u010din: Preko prostovoljno vnesenih podatkov v obrazce. Skozi datoteke pi\u0161kotkov, shranjene v kon\u010dnih napravah (tako [&hellip;]<\/p>\n","protected":false},"author":1,"featured_media":0,"parent":0,"menu_order":0,"comment_status":"closed","ping_status":"open","template":"elementor_header_footer","meta":{"_acf_changed":false,"footnotes":""},"class_list":["post-22848","page","type-page","status-publish","hentry"],"acf":[],"yoast_head":"<!-- This site is optimized with the Yoast SEO plugin v27.3 - https:\/\/yoast.com\/product\/yoast-seo-wordpress\/ -->\n<title>politika zasebnosti - PAKERY.PL<\/title>\n<meta name=\"robots\" content=\"index, follow, max-snippet:-1, max-image-preview:large, max-video-preview:-1\" \/>\n<link rel=\"canonical\" href=\"https:\/\/www.pakery.pl\/sl\/politika-zasebnosti\/\" \/>\n<meta property=\"og:locale\" content=\"sl_SI\" \/>\n<meta property=\"og:type\" content=\"article\" \/>\n<meta property=\"og:title\" content=\"politika zasebnosti - PAKERY.PL\" \/>\n<meta property=\"og:description\" content=\"Politika zasebnosti spletnega mesta: &nbsp; www.pakery.pl 1. Splo\u0161ne informacije. Upravljavec spletnega mesta&nbsp;pakery.pl&nbsp; je Hammpack. NS. Z OO 02-690 Var\u0161ava, ul. Bokserska 47, \u0161tevilka NIP:&nbsp;9512466806&nbsp; in REGON: 380 860 490. Spletno mesto pridobiva podatke o uporabnikih in njihovem vedenju na naslednji na\u010din: Preko prostovoljno vnesenih podatkov v obrazce. Skozi datoteke pi\u0161kotkov, shranjene v kon\u010dnih napravah (tako [&hellip;]\" \/>\n<meta property=\"og:url\" content=\"https:\/\/www.pakery.pl\/sl\/politika-zasebnosti\/\" \/>\n<meta property=\"og:site_name\" content=\"PAKERY.PL\" \/>\n<meta property=\"article:modified_time\" content=\"2021-10-14T09:26:56+00:00\" \/>\n<meta name=\"twitter:card\" content=\"summary_large_image\" \/>\n<meta name=\"twitter:label1\" content=\"Est. reading time\" \/>\n\t<meta name=\"twitter:data1\" content=\"5 minut\" \/>\n<script type=\"application\/ld+json\" class=\"yoast-schema-graph\">{\"@context\":\"https:\\\/\\\/schema.org\",\"@graph\":[{\"@type\":\"WebPage\",\"@id\":\"https:\\\/\\\/www.pakery.pl\\\/sl\\\/politika-zasebnosti\\\/\",\"url\":\"https:\\\/\\\/www.pakery.pl\\\/sl\\\/politika-zasebnosti\\\/\",\"name\":\"politika zasebnosti - PAKERY.PL\",\"isPartOf\":{\"@id\":\"https:\\\/\\\/www.pakery.pl\\\/sl\\\/#website\"},\"datePublished\":\"2021-08-12T06:01:05+00:00\",\"dateModified\":\"2021-10-14T09:26:56+00:00\",\"breadcrumb\":{\"@id\":\"https:\\\/\\\/www.pakery.pl\\\/sl\\\/politika-zasebnosti\\\/#breadcrumb\"},\"inLanguage\":\"sl-SI\",\"potentialAction\":[{\"@type\":\"ReadAction\",\"target\":[\"https:\\\/\\\/www.pakery.pl\\\/sl\\\/politika-zasebnosti\\\/\"]}]},{\"@type\":\"BreadcrumbList\",\"@id\":\"https:\\\/\\\/www.pakery.pl\\\/sl\\\/politika-zasebnosti\\\/#breadcrumb\",\"itemListElement\":[{\"@type\":\"ListItem\",\"position\":1,\"name\":\"Strona g\u0142\u00f3wna\",\"item\":\"https:\\\/\\\/www.pakery.pl\\\/sl\\\/\"},{\"@type\":\"ListItem\",\"position\":2,\"name\":\"politika zasebnosti\"}]},{\"@type\":\"WebSite\",\"@id\":\"https:\\\/\\\/www.pakery.pl\\\/sl\\\/#website\",\"url\":\"https:\\\/\\\/www.pakery.pl\\\/sl\\\/\",\"name\":\"Pakery.pl\",\"description\":\"Pakery iniekcyjne, Kotwy spiralne, Lance iniekcyjne, W\u0119\u017ce do iniekcji, Pompy iniekcyjne, Serwis pomp iniekcyjnych, Wynajem pomp do iniekcji\",\"publisher\":{\"@id\":\"https:\\\/\\\/www.pakery.pl\\\/sl\\\/#organization\"},\"potentialAction\":[{\"@type\":\"SearchAction\",\"target\":{\"@type\":\"EntryPoint\",\"urlTemplate\":\"https:\\\/\\\/www.pakery.pl\\\/sl\\\/?s={search_term_string}\"},\"query-input\":{\"@type\":\"PropertyValueSpecification\",\"valueRequired\":true,\"valueName\":\"search_term_string\"}}],\"inLanguage\":\"sl-SI\"},{\"@type\":\"Organization\",\"@id\":\"https:\\\/\\\/www.pakery.pl\\\/sl\\\/#organization\",\"name\":\"PAKERY.PL\",\"url\":\"https:\\\/\\\/www.pakery.pl\\\/sl\\\/\",\"logo\":{\"@type\":\"ImageObject\",\"inLanguage\":\"sl-SI\",\"@id\":\"https:\\\/\\\/www.pakery.pl\\\/sl\\\/#\\\/schema\\\/logo\\\/image\\\/\",\"url\":\"https:\\\/\\\/www.pakery.pl\\\/wp-content\\\/uploads\\\/2021\\\/04\\\/cropped-PAKERY-LOGO.png\",\"contentUrl\":\"https:\\\/\\\/www.pakery.pl\\\/wp-content\\\/uploads\\\/2021\\\/04\\\/cropped-PAKERY-LOGO.png\",\"width\":1529,\"height\":500,\"caption\":\"PAKERY.PL\"},\"image\":{\"@id\":\"https:\\\/\\\/www.pakery.pl\\\/sl\\\/#\\\/schema\\\/logo\\\/image\\\/\"}}]}<\/script>\n<!-- \/ Yoast SEO plugin. -->","yoast_head_json":{"title":"politika zasebnosti - PAKERY.PL","robots":{"index":"index","follow":"follow","max-snippet":"max-snippet:-1","max-image-preview":"max-image-preview:large","max-video-preview":"max-video-preview:-1"},"canonical":"https:\/\/www.pakery.pl\/sl\/politika-zasebnosti\/","og_locale":"sl_SI","og_type":"article","og_title":"politika zasebnosti - PAKERY.PL","og_description":"Politika zasebnosti spletnega mesta: &nbsp; www.pakery.pl 1. Splo\u0161ne informacije. Upravljavec spletnega mesta&nbsp;pakery.pl&nbsp; je Hammpack. NS. Z OO 02-690 Var\u0161ava, ul. Bokserska 47, \u0161tevilka NIP:&nbsp;9512466806&nbsp; in REGON: 380 860 490. Spletno mesto pridobiva podatke o uporabnikih in njihovem vedenju na naslednji na\u010din: Preko prostovoljno vnesenih podatkov v obrazce. Skozi datoteke pi\u0161kotkov, shranjene v kon\u010dnih napravah (tako [&hellip;]","og_url":"https:\/\/www.pakery.pl\/sl\/politika-zasebnosti\/","og_site_name":"PAKERY.PL","article_modified_time":"2021-10-14T09:26:56+00:00","twitter_card":"summary_large_image","twitter_misc":{"Est. reading time":"5 minut"},"schema":{"@context":"https:\/\/schema.org","@graph":[{"@type":"WebPage","@id":"https:\/\/www.pakery.pl\/sl\/politika-zasebnosti\/","url":"https:\/\/www.pakery.pl\/sl\/politika-zasebnosti\/","name":"politika zasebnosti - PAKERY.PL","isPartOf":{"@id":"https:\/\/www.pakery.pl\/sl\/#website"},"datePublished":"2021-08-12T06:01:05+00:00","dateModified":"2021-10-14T09:26:56+00:00","breadcrumb":{"@id":"https:\/\/www.pakery.pl\/sl\/politika-zasebnosti\/#breadcrumb"},"inLanguage":"sl-SI","potentialAction":[{"@type":"ReadAction","target":["https:\/\/www.pakery.pl\/sl\/politika-zasebnosti\/"]}]},{"@type":"BreadcrumbList","@id":"https:\/\/www.pakery.pl\/sl\/politika-zasebnosti\/#breadcrumb","itemListElement":[{"@type":"ListItem","position":1,"name":"Strona g\u0142\u00f3wna","item":"https:\/\/www.pakery.pl\/sl\/"},{"@type":"ListItem","position":2,"name":"politika zasebnosti"}]},{"@type":"WebSite","@id":"https:\/\/www.pakery.pl\/sl\/#website","url":"https:\/\/www.pakery.pl\/sl\/","name":"Pakery.pl","description":"Pakery iniekcyjne, Kotwy spiralne, Lance iniekcyjne, W\u0119\u017ce do iniekcji, Pompy iniekcyjne, Serwis pomp iniekcyjnych, Wynajem pomp do iniekcji","publisher":{"@id":"https:\/\/www.pakery.pl\/sl\/#organization"},"potentialAction":[{"@type":"SearchAction","target":{"@type":"EntryPoint","urlTemplate":"https:\/\/www.pakery.pl\/sl\/?s={search_term_string}"},"query-input":{"@type":"PropertyValueSpecification","valueRequired":true,"valueName":"search_term_string"}}],"inLanguage":"sl-SI"},{"@type":"Organization","@id":"https:\/\/www.pakery.pl\/sl\/#organization","name":"PAKERY.PL","url":"https:\/\/www.pakery.pl\/sl\/","logo":{"@type":"ImageObject","inLanguage":"sl-SI","@id":"https:\/\/www.pakery.pl\/sl\/#\/schema\/logo\/image\/","url":"https:\/\/www.pakery.pl\/wp-content\/uploads\/2021\/04\/cropped-PAKERY-LOGO.png","contentUrl":"https:\/\/www.pakery.pl\/wp-content\/uploads\/2021\/04\/cropped-PAKERY-LOGO.png","width":1529,"height":500,"caption":"PAKERY.PL"},"image":{"@id":"https:\/\/www.pakery.pl\/sl\/#\/schema\/logo\/image\/"}}]}},"_links":{"self":[{"href":"https:\/\/www.pakery.pl\/sl\/wp-json\/wp\/v2\/pages\/22848","targetHints":{"allow":["GET"]}}],"collection":[{"href":"https:\/\/www.pakery.pl\/sl\/wp-json\/wp\/v2\/pages"}],"about":[{"href":"https:\/\/www.pakery.pl\/sl\/wp-json\/wp\/v2\/types\/page"}],"author":[{"embeddable":true,"href":"https:\/\/www.pakery.pl\/sl\/wp-json\/wp\/v2\/users\/1"}],"replies":[{"embeddable":true,"href":"https:\/\/www.pakery.pl\/sl\/wp-json\/wp\/v2\/comments?post=22848"}],"version-history":[{"count":4,"href":"https:\/\/www.pakery.pl\/sl\/wp-json\/wp\/v2\/pages\/22848\/revisions"}],"predecessor-version":[{"id":38743,"href":"https:\/\/www.pakery.pl\/sl\/wp-json\/wp\/v2\/pages\/22848\/revisions\/38743"}],"wp:attachment":[{"href":"https:\/\/www.pakery.pl\/sl\/wp-json\/wp\/v2\/media?parent=22848"}],"curies":[{"name":"wp","href":"https:\/\/api.w.org\/{rel}","templated":true}]}}