{"id":22846,"date":"2021-08-12T08:00:29","date_gmt":"2021-08-12T06:00:29","guid":{"rendered":"https:\/\/www.pakery.pl\/gtc-2\/"},"modified":"2021-10-14T12:29:08","modified_gmt":"2021-10-14T10:29:08","slug":"gtc-2","status":"publish","type":"page","link":"https:\/\/www.pakery.pl\/sl\/gtc-2\/","title":{"rendered":"GTC"},"content":{"rendered":"\t\t<div data-elementor-type=\"wp-page\" data-elementor-id=\"22846\" class=\"elementor elementor-22846 elementor-160\" data-elementor-post-type=\"page\">\n\t\t\t\t\t\t<section class=\"elementor-section elementor-top-section elementor-element elementor-element-71717f3 elementor-section-boxed elementor-section-height-default elementor-section-height-default\" data-id=\"71717f3\" data-element_type=\"section\" data-e-type=\"section\">\n\t\t\t\t\t\t<div class=\"elementor-container elementor-column-gap-default\">\n\t\t\t\t\t<div class=\"elementor-column elementor-col-100 elementor-top-column elementor-element elementor-element-2406725\" data-id=\"2406725\" data-element_type=\"column\" data-e-type=\"column\">\n\t\t\t<div class=\"elementor-widget-wrap elementor-element-populated\">\n\t\t\t\t\t\t<div class=\"elementor-element elementor-element-5b754aa elementor-widget elementor-widget-text-editor\" data-id=\"5b754aa\" data-element_type=\"widget\" data-e-type=\"widget\" data-widget_type=\"text-editor.default\">\n\t\t\t\t<div class=\"elementor-widget-container\">\n\t\t\t\t\t\t\t\t\t<p style=\"text-align: center;\"><strong>SPLO\u0160NI POSLOVNI POGOJI<\/strong><br \/><strong>PAKERY.PL&nbsp;<\/strong><\/p>\n<p style=\"text-align: center;\"><b>Umetnost. 1 SPLO\u0160NE DOLO\u010cBE<\/b><\/p>\n<p><b><br \/><\/b>\u00a7 1. Ti splo\u0161ni pogoji (Splo\u0161ni pogoji poslovanja) so bili dolo\u010deni na podlagi \u010dl. 384&nbsp; in kasnej\u0161a akta Civilnega zakonika ter opredeljuje pravila za sklepanje in izvajanje pogodb o prodaji blaga, ki jih je sklenila dru\u017eba Hammpack Sp. Z OO&nbsp; naslov: 02-690 Warszawa, ul. Bokserska 47, dav\u010dna \u0161tevilka:&nbsp; 9512466806<span style=\"font-family: 'Open Sans', sans-serif; font-size: 13px; background-color: #ffffdd;\">&nbsp;<\/span><span style=\"{wpml_trans_unit_1_0_2_13_-1_0}\">REGON:&nbsp;<\/span> 380 860 490<span style=\"font-size: 1rem;\">&nbsp; (Prodajalec)&nbsp; z izvajalci (kupci), ki te pogodbe sklepajo samo za namen, ki je neposredno povezan z njihovo poslovno dejavnostjo.<\/span><\/p>\n<p>\u00a7 2. Blago se ne prodaja fizi\u010dnim osebam &#8211; potro\u0161nikom v smislu civilnega zakonika, zato se splo\u0161ni pogoji ne uporabljajo za potro\u0161nike.<br \/>\u00a7 3. Splo\u0161ni pogoji poslovanja so na voljo na spletnem mestu&nbsp;<a href=\"https:\/\/www.pakery.pl\/\"><span style=\"{wpml_trans_unit_1_0_3_6_0_-1_0}\">www.pakery.pl<\/span><\/a>&nbsp; na zahtevo kupca pa jih lahko po\u0161ljemo na njegov naslov v elektronski obliki.<br \/>\u00a7 4. Kupec z oddajo naro\u010dila kupec brez zadr\u017ekov sprejema in sprejema te Splo\u0161ne pogoje poslovanja.<\/p>\n<p style=\"text-align: center;\"><b>Umetnost. 2. SKLEP POGODBE<\/b><br \/>\u00a7 1. Vse komercialne informacije ogla\u0161evalske in tr\u017ene narave, ne glede na njihovo obliko, vklju\u010dno s ceniki, ne pomenijo ponudbe v smislu Civilnega zakonika<br \/>\u00a7 2. Pogodba se sklene z oddajo in sprejetjem ponudbe (tudi po njenem mo\u017enem dogovoru).<br \/>\u00a7 3. Sklenitev pogodbe zahteva, da kupec vsaki\u010d prodajalcu po\u0161lje naro\u010dilo po telefonu, faksu, pisno ali po elektronski po\u0161ti z navedbo cene, vrste in koli\u010dine naro\u010denega blaga ter podatkov (ime in priimek, polo\u017eaj) osebe, ki odda naro\u010dilo v imenu kupca in samega kupca (vklju\u010dno z dav\u010dno identifikacijsko \u0161tevilko). \u010ce pravica zastopnika kupca ne izhaja iz podatkov, ki so na voljo v dr\u017eavnem sodnem registru ali v centralnem registru in podatkih o gospodarski dejavnosti, je treba naro\u010dilu prilo\u017eiti kopijo dokumenta, ki poobla\u0161\u010da kupca, da zastopa kupca.<br \/>\u00a7 4. Pogodba je sklenjena s potrditvijo naro\u010dila s strani prodajalca. Naro\u010dilo se obravnava kot ponudba, njegova potrditev pa kot sprejem ponudbe.<br \/>\u00a7 5. V primeru iz \u010dl. 6, odstavek 3, sklenitev pogodbe poteka, ko kupec potrdi naro\u010dilo po pridobitvi prodajal\u010devih informacij o sprejetju naro\u010dila, ki vsebuje trenutno ceno naro\u010denega blaga.<br \/>\u00a7 6. Prodajalec ne distribuira s sodelovanjem neposrednih ali posrednih agentov.<br \/>\u00a7 7. Potrdilo o sklenitvi pogodbe je ra\u010dun za DDV, s predlo\u017eitvijo ponudbe se kupec strinja, da bo prejel ra\u010dune za DDV v elektronski obliki.<\/p>\n<p style=\"text-align: center;\"><b>UMETNOST. 3. NARO\u010cITE DATUME DOKON\u010cANJA<\/b><br \/>&nbsp;\u00a7 1. Dobavni rok je samo okvirni in ne ustvarja nobenih obveznosti s strani prodajalca, razen \u010de se pogodbenici s pogajanji dogovorita druga\u010de.<br \/>\u00a7 2. Obdobje izpolnitve naro\u010dila se za\u010dne na datum, ki je naveden v potrditvi naro\u010dila.<br \/>\u00a7 3. Pogoji dostave in \/ ali izvedbe naro\u010dila ter drugi prodajni pogoji se lahko spremenijo tudi potem, ko kupec naro\u010di blago, zlasti zaradi vi\u0161je sile in drugih okoli\u0161\u010din, na katere prodajalec ne vpliva, in kot posledica sprememb tr\u017enih razmer in trenutnih komercialnih pogojev, med drugim povezanih z razmerji prodajalca s subjekti, ki sodelujejo pri izvajanju pogodb s strani prodajalca. Kupec bo takoj obve\u0161\u010den o spremembi datuma dobave in \/ ali izvedbe naro\u010dila ter drugih prodajnih pogojih.<\/p>\n<p style=\"text-align: center;\"><b><br \/>UMETNOST. 4. DOSTAVA, PREJEM ROJA<\/b><span style=\"font-size: 1rem;\"><br \/><\/span>\u00a7 1.&nbsp; Kupec v naro\u010dilu dolo\u010di na\u010din dostave blaga.<br \/>\u00a7 2. Blago se lahko sprosti v prostorih prodajalca ali na drug kraj, ki ga navede prodajalec, ali pa ga lahko dostavi kurir.<br \/>\u00a7 3. Stro\u0161ke dostave krije kupec.<br \/>\u00a7 4. Predpostavlja se, da se blago sprosti, ko ga izro\u010di kupcu ali kurirskemu podjetju.<br \/>\u00a7 5. Kupec je dol\u017ean prevzeti naro\u010deno blago. Neprevzem blaga ne odvezuje kupca obveznosti pla\u010dila celotne cene. Po izteku roka za prevzem blaga ima prodajalec pravico zara\u010dunati kupcu nadomestilo za njegovo skladi\u0161\u010denje v vi\u0161ini 1\/24 cene nezahtevanega blaga za vsak polni mesec skladi\u0161\u010denja. \u010ce stro\u0161ki skladi\u0161\u010denja dose\u017eejo ceno blaga, ima prodajalec pravico, da blago ponovno proda (uveljavljanje te pravice osvobodi kupca obveznosti pla\u010dila skladi\u0161\u010denja, ne pa tudi obveznosti pla\u010dila prodajne cene ).<br \/>\u00a7 6. Po prejemu paketa je kupec dol\u017ean v prisotnosti kurirja skrbno preveriti stanje zunanje embala\u017ee. \u010ce kupec na po\u0161iljki odkrije zunanje po\u0161kodbe, mora kupec v prisotnosti kurirja pripraviti poro\u010dilo o \u0161kodi, vklju\u010dno z opisom in fotografijami po\u0161iljke. Od dveh enakih izvodov, ki jih podpi\u0161e kurir, je treba enega poslati prodajalcu, drugi pa ostane pri kupcu. V tem primeru se blago vrne prodajalcu, da za\u010dne postopek prito\u017ebe pri kurirski dru\u017ebi.<\/p>\n<p style=\"text-align: center;\"><b>UMETNOST. 5. PREHOD TVEGANJA IN OMEJITEV LASTNI\u0160TVA<\/b><br \/>\u00a7 1. Tveganje izgube ali po\u0161kodbe blaga preide na kupca, ko ga izro\u010di kupcu ali kurirski slu\u017ebi.<br \/>\u00a7 2. Blago ostane v lasti prodajalca do celotnega pla\u010dila cene, ki izhaja iz prodajnega ra\u010duna, ki ga je prodajalec izdal za blago (\u010dlen 589 Civilnega zakonika). Prodajalec ima pravico do pla\u010dil, ki jih izvede kupec, najprej v\u0161teti v morebitne nepredvidene stro\u0161ke (vklju\u010dno s terjatvami za skladi\u0161\u010denje blaga), preden jih vklju\u010di v prodajno ceno.<br \/>\u00a7 3 Kupec je dol\u017ean pravilno ravnati z blagom in ne sme obremenjevati blaga s pravicami do tretjih oseb, zlasti ne sme zastaviti blaga ali ga prenesti na tretje osebe (tako brezpla\u010dno kot proti pla\u010dilu), brez privolitve prodajalca.<\/p>\n<p style=\"text-align: center;\"><b>UMETNOST. 6 CENA IN PLA\u010cILNA PRAVILA<\/b><br \/>\u00a7 1. Prodaja blaga poteka po cenah, ki so veljale na dan potrditve naro\u010dila in so vklju\u010dene v cenik prodajalca.<br \/>\u00a7 2 Cene, ki jih zajema ponudba, in njen sprejem veljajo le za izvedbo danega naro\u010dila, razen \u010de se stranki pisno ne dogovorita druga\u010de. Izpolnitev enega naro\u010dila, ki temelji na posebnih cenah, ne zavezuje prodajalca, da te cene ohrani za naslednje naro\u010dilo.<br \/>\u00a7 3. Prodajalec si pridr\u017euje pravico do spremembe cen, navedenih v ceniku, in ni odgovoren za neobve\u0161\u010danje kupca o spremembi vnaprej. V tem primeru bo kupec obve\u0161\u010den o sprejetju naro\u010dila in trenutni ceni naro\u010denega blaga (tako imenovana nasprotna ponudba, ki zahteva, da ga kupec sprejme).&nbsp; V tem primeru bo pogodba sklenjena na na\u010din, dolo\u010den v \u010dl. 2 \u00a7 5 Splo\u0161nih pogojev.<br \/>\u00a7 4 Na\u010din pla\u010dila je ban\u010dno nakazilo na ra\u010dun prodajalca, preden se blago sprosti iz skladi\u0161\u010da (predpla\u010dilo). Stro\u0161ke ban\u010dnih transakcij nosi izklju\u010dno kupec.<br \/>\u00a7 5. &nbsp;&nbsp; Stranke se lahko dogovorijo o drugih pla\u010dilnih pogojih, ki so navedeni v ra\u010dunu za DDV, ki dokumentira prodajo blaga.<br \/>\u00a7 6 Trenutek pla\u010dila cene je denar, nakazan na prodajal\u010devem ban\u010dnem ra\u010dunu.<br \/>\u00a7 7. V primeru zamude pri pla\u010dilu celotne ali dela cene ima prodajalec pravico zara\u010dunati zakonske obresti za zamudo in ustaviti dobavo naro\u010denega blaga, dokler ni pla\u010dana celotna cena, skupaj z vsemi zapadlimi zakonskimi obrestmi za zamudo, izra\u010dunano za obdobje zamude pri pla\u010dilu.<br \/>\u00a7 8. V primeru neskladja med naro\u010denim in dobavljenim blagom in vsebino ra\u010duna za DDV, ki dokumentira prodajo, prodajalec izstavi in kupcu posreduje popravni ra\u010dun. \u010ce naj se ra\u010dun popravi na zahtevo kupca, mora zahtevek vsebovati podatke o ugotovljenih odstopanjih in \u0161tevilko izpodbijanega ra\u010duna DDV.&nbsp;<\/p>\n<p style=\"text-align: center;\"><b>UMETNOST. 7. GARANCIJA<\/b><br \/>Prodajalec jam\u010di za fizi\u010dne in pravne napake prodanega izdelka, vendar je ta odgovornost omejena na naslednji na\u010din:<span style=\"font-size: 1rem;\">Obvestilo o napaki&nbsp; se lahko predlo\u017ei v pisni obliki z navedbo \u0161tevilke ra\u010duna za DDV, ki dokumentira prodajo izdelka, v 8 dneh od&nbsp; odkrivanje napak, zaradi bole\u010din izgube pravic z garancijo.&nbsp; Garancijska doba&nbsp; je 30 dni od datuma izro\u010ditve artikla kupcu.<\/span><\/p>\n<ol>\n<li>Prodajalec v 14 dneh po prejemu pravilne reklamacije, tj. pisno obvestilo, ki vsebuje \u0161tevilko ra\u010duna za DDV, ki dokumentira prodajo izdelka, bo kupca obvestilo o na\u010dinu poravnave zahtevka.&nbsp;<\/li>\n<li>Kupec lahko zahteva zamenjavo izdelka z izdelkom brez napak ali odpravo napake.<\/li>\n<li>Prodajalec lahko zavrne zahtevo kupca, \u010de napake ni mogo\u010de uskladiti s pogodbo na na\u010din, ki ga je izbral kupec, ali pa bi za prodajalca bili potrebni previsoki stro\u0161ki v primerjavi z drugim mo\u017enim na\u010dinom vnosa okvarjenega artikla v skladnost s pogodbo. Prodajalec lahko zavrne zamenjavo izdelka z izdelkom brez napak ali odpravo napake tudi, \u010de stro\u0161ki nadomestila te obveznosti presegajo ceno prodanega artikla.<\/li>\n<li>V primeru iz to\u010dke d) zgoraj lahko kupec predlo\u017ei izjavo o&nbsp; zni\u017eanje cene ali odstop od pogodbe.<\/li>\n<li>Stro\u0161ke vra\u010dila blaga krije prodajalec do vi\u0161ine stro\u0161kov vra\u010dila, ki bi bili izvedeni prek subjekta in na na\u010din, ki ga je prej navedel prodajalec.<\/li>\n<li>\u010ce se prodajalec tako odlo\u010di namesto vra\u010dila blaga, ga mora kupec na stro\u0161ke prodajalca uni\u010diti ali odstraniti kot odpadke pod spodaj navedenimi pogoji. Uni\u010denje ali odstranitev blaga kot odpadka bo do vnaprej dogovorjenega datuma opravil prodajalec&nbsp; subjekt, ki odstrani ali zbira izdelke kot odpadke in prej&nbsp; cena, s katero se dogovori prodajalec.&nbsp; Prodajalec nosi stro\u0161ke uni\u010denja ali odstranitve blaga kot odpadka le v znesku, dolo\u010denem na zgoraj navedeni na\u010din.<\/li>\n<\/ol>\n<p style=\"text-align: center;\"><strong>UMETNOST. 8. OMEJITEV ODGOVORNOSTI<\/strong><br \/>\u00a7 1 Prodajalec ne odgovarja za tiskarske napake&nbsp; v komercialnih materialih, v&nbsp; zlasti v&nbsp; bro\u0161ure, kataloge in reklamne letake.<br \/>\u00a7 2. Ilustracije in fotografije, vklju\u010dene v komercialno gradivo, so samo za splo\u0161no predstavitev blaga in ne jam\u010dijo za prejem enakega izdelka.<br \/>\u00a7 3. Prodajalec ni odgovoren za obstoj avtorskih pravic, patentov ali registriranih industrijskih modelov, povezanih s prodajal\u010devo ponudbo na mestih nadaljnje preprodaje izdelkov.<br \/>\u00a7 4. Prodajalec ne odgovarja za \u0161kodo, nastalo zaradi nepravilne ali nestrokovne uporabe izdelkov, pa tudi za njihovo nepravilno namestitev s strani kupca ali tretjih oseb, obi\u010dajno obrabo, nepravilno ali neprevidno uporabo.<br \/>\u00a7 5. Prodajalec ne odgovarja za funkcionalne pomanjkljivosti blaga, ki so posledica napa\u010dne izbire izdelkov s strani kupca, ki mora pred nakupom natan\u010dno prebrati in preveriti, ali funkcije, ki jih ponuja blago, ustrezajo potrebam prodajalca.<\/p>\n<p><strong>UMETNOST. 9. VI\u0160JA SILA<\/strong><br \/>Prodajalec ne odgovarja za neizpolnjevanje ali nepravilno izpolnjevanje obveznosti iz pogodbe o prodaji blaga, \u010de je neizpolnjevanje ali nepravilno izpolnjevanje obveznosti posledica okoli\u0161\u010din, na katere prodajalec ne vpliva, kljub skrbnosti (vi\u0161ja sila) .<\/p>\n<p><strong>UMETNOST. 10. SPREMEMBA SPLO\u0160NIH PRODAJNIH GARANCIJ<\/strong><br \/>PAKERY.PL si pridr\u017euje pravico, da spremeni katero koli to\u010dko zgornjih splo\u0161nih prodajnih pogojev. \u010ce pride do take situacije, se spremenjeni pogoji in dolo\u010dila uporabljajo za vsa nova naro\u010dila, dana po datumu spremembe, pa tudi za dodatna naro\u010dila prej\u0161njih naro\u010dil ali naro\u010dil, povezanih s prej\u0161njo prodajo.<\/p>\n<p><strong>UMETNOST. 11. POSLOVNA SKRIVNOST<\/strong><br \/>Vsi podatki v zvezi z dejavnostmi PAKERY.PL, ki niso javno znani, pa tudi vsebina naro\u010dila in dogovori strank v zvezi z njunim medsebojnim poslovnim sodelovanjem, so zaupni in predstavljajo poslovno skrivnost. Pogodbenici se strinjata, da zaupnih podatkov ne bosta razkrila tretjim osebam ali jih uporabila za druge namene kot za izvajanje obveznosti iz teh pogojev in pogodb za prodajo blaga.<br \/>Kupec bo sprejel vse potrebne ukrepe za prepre\u010ditev razkritja zaupnih podatkov, tudi s strani tretjih oseb, s pomo\u010djo katerih se izvede naro\u010dilo.<br \/>\u010ce je kupec po obveznih zakonskih dolo\u010dbah dol\u017ean razkriti kakr\u0161ne koli informacije o dejavnostih PAKERY.PL, bo o tem obvestil PAKERY.PL in z njim sodeloval, da bi odpravil ali zmanj\u0161al negativne u\u010dinke razkritja takih informacij. Ta obveznost je zavezujo\u010da za nedolo\u010den \u010das. Brez pisnega soglasja PAKERY.PL, ki trpi zaradi ni\u010dnosti, kupec ne sme uporabljati imena, blagovnih znamk ali trgovskih imen PAKERY.PL ali se v kakr\u0161en koli namen sklicevati na gospodarske odnose s PAKERY.PL.<\/p>\n<p><strong>UMETNOST. 12. KON\u010cNE DOLO\u010cBE<\/strong><br \/>\u00a7 1. \u010ce se iz katerega koli razloga ugotovi, da je katera koli dolo\u010dba Splo\u0161nih pogojev neveljavna, nezakonita ali neizvr\u0161ljiva, bodo preostale dolo\u010dbe v celoti zavezujo\u010de in u\u010dinkovite, kot da bi Splo\u0161ni pogoji veljali brez take neveljavne, nezakonite ali neizvr\u0161ljive dolo\u010dbe.<br \/>\u00a7 2. Spremembe splo\u0161nih pogojev s strani prodajalca imajo pravne u\u010dinke v zvezi s pogodbami, sklenjenimi od trenutka objave sprememb na spletnem mestu.<a href=\"https:\/\/www.pakery.pl\/\"><span style=\"color: #0b61ff;\"> www.pakery.pl<\/span><\/a> . Te spremembe veljajo za pogodbe, sklenjene na podlagi ponudb, oddanih od datuma objave novih Splo\u0161nih pogojev.<br \/>\u00a7 3. V zadevah, ki niso zajete, se uporabljajo dolo\u010dbe poljske zakonodaje, zlasti Civilni zakonik. Za vse spore med strankama se uporablja poljsko pravo.<br \/>\u00a7 4. V primeru spora med strankama se kupec in prodajalci zave\u017eejo, da ga bodo posku\u0161ali re\u0161iti sporazumno. V primeru nesoglasij bo vse spore re\u0161evalo poljsko sodi\u0161\u010de, ki ima materialno in krajevno pristojnost za sede\u017e prodajalca.<br \/>\u00a7 5. Pogodbenici se zavezujeta, da se bosta medsebojno obve\u0161\u010dali o vsaki spremembi naslova. \u010ce ni obvestila o spremembi naslova, se dopis, dostavljen na naslov, naveden v naro\u010dilu, \u0161teje za dostavljenega in povzro\u010da vse pravne posledice, ki jih vsebuje.<\/p>\n<p><strong>INFORMACIJSKA OBVEZNOST GDPR<\/strong><br \/>1. Skrbnik podjetnikovih podatkov, navedenih med registracijo na veleprodajni platformi B2B (znani tudi kot platforma B2B), je Hammpack Sp. Z OO, naslov: 02-690 Warszawa, ul. Bokserska 47, \u0161tevilka&nbsp; NIP (dav\u010dna identifikacijska \u0161tevilka):&nbsp; 9512466806<span style=\"font-family: \"Open Sans\", sans-serif; font-size: 13px; background-color: rgb(255, 255, 221);\">&nbsp;<\/span><span style=\"{wpml_trans_unit_1_0_16_10_-1_0}\">REGON:&nbsp;<\/span> 380 860 490.<br \/>2. Osebni podatki se obdelujejo v zvezi z izvajanjem nalog, ki izhajajo iz prodajnih pogodb.<br \/>3. Prejemniki osebnih podatkov so poobla\u0161\u010deni delavci PAKERY.PL in logisti\u010dnih podjetij, ki sodelujejo s PAKERY.PL pri izvajanju dobav.<br \/>4. PAKERY.PL ne predvideva uporabe podatkov za druge namene kot v zvezi z izvajanjem prodajnih pogodb (tj. Postopek izpolnjevanja naro\u010dil, izdajanje ra\u010dunov in poravnava naro\u010dil).<\/p>\n<h6 style=\"text-align: center;\">&nbsp;<\/h6>\n\t\t\t\t\t\t\t\t<\/div>\n\t\t\t\t<\/div>\n\t\t\t\t\t<\/div>\n\t\t<\/div>\n\t\t\t\t\t<\/div>\n\t\t<\/section>\n\t\t\t\t<\/div>\n\t\t","protected":false},"excerpt":{"rendered":"<p>SPLO\u0160NI POSLOVNI POGOJIPAKERY.PL&nbsp; Umetnost. 1 SPLO\u0160NE DOLO\u010cBE \u00a7 1. Ti splo\u0161ni pogoji (Splo\u0161ni pogoji poslovanja) so bili dolo\u010deni na podlagi \u010dl. 384&nbsp; in kasnej\u0161a akta Civilnega zakonika ter opredeljuje pravila za sklepanje in izvajanje pogodb o prodaji blaga, ki jih je sklenila dru\u017eba Hammpack Sp. Z OO&nbsp; naslov: 02-690 Warszawa, ul. Bokserska 47, dav\u010dna \u0161tevilka:&nbsp; [&hellip;]<\/p>\n","protected":false},"author":1,"featured_media":0,"parent":0,"menu_order":0,"comment_status":"closed","ping_status":"closed","template":"","meta":{"_acf_changed":false,"footnotes":""},"class_list":["post-22846","page","type-page","status-publish","hentry"],"acf":[],"yoast_head":"<!-- This site is optimized with the Yoast SEO plugin v27.3 - https:\/\/yoast.com\/product\/yoast-seo-wordpress\/ -->\n<title>GTC - PAKERY.PL<\/title>\n<meta name=\"robots\" content=\"index, follow, max-snippet:-1, max-image-preview:large, max-video-preview:-1\" \/>\n<link rel=\"canonical\" href=\"https:\/\/www.pakery.pl\/sl\/gtc-2\/\" \/>\n<meta property=\"og:locale\" content=\"sl_SI\" \/>\n<meta property=\"og:type\" content=\"article\" \/>\n<meta property=\"og:title\" content=\"GTC - PAKERY.PL\" \/>\n<meta property=\"og:description\" content=\"SPLO\u0160NI POSLOVNI POGOJIPAKERY.PL&nbsp; Umetnost. 1 SPLO\u0160NE DOLO\u010cBE \u00a7 1. Ti splo\u0161ni pogoji (Splo\u0161ni pogoji poslovanja) so bili dolo\u010deni na podlagi \u010dl. 384&nbsp; in kasnej\u0161a akta Civilnega zakonika ter opredeljuje pravila za sklepanje in izvajanje pogodb o prodaji blaga, ki jih je sklenila dru\u017eba Hammpack Sp. Z OO&nbsp; naslov: 02-690 Warszawa, ul. Bokserska 47, dav\u010dna \u0161tevilka:&nbsp; [&hellip;]\" \/>\n<meta property=\"og:url\" content=\"https:\/\/www.pakery.pl\/sl\/gtc-2\/\" \/>\n<meta property=\"og:site_name\" content=\"PAKERY.PL\" \/>\n<meta property=\"article:modified_time\" content=\"2021-10-14T10:29:08+00:00\" \/>\n<meta name=\"twitter:card\" content=\"summary_large_image\" \/>\n<meta name=\"twitter:label1\" content=\"Est. reading time\" \/>\n\t<meta name=\"twitter:data1\" content=\"11 minut\" \/>\n<script type=\"application\/ld+json\" class=\"yoast-schema-graph\">{\"@context\":\"https:\\\/\\\/schema.org\",\"@graph\":[{\"@type\":\"WebPage\",\"@id\":\"https:\\\/\\\/www.pakery.pl\\\/sl\\\/gtc-2\\\/\",\"url\":\"https:\\\/\\\/www.pakery.pl\\\/sl\\\/gtc-2\\\/\",\"name\":\"GTC - PAKERY.PL\",\"isPartOf\":{\"@id\":\"https:\\\/\\\/www.pakery.pl\\\/sl\\\/#website\"},\"datePublished\":\"2021-08-12T06:00:29+00:00\",\"dateModified\":\"2021-10-14T10:29:08+00:00\",\"breadcrumb\":{\"@id\":\"https:\\\/\\\/www.pakery.pl\\\/sl\\\/gtc-2\\\/#breadcrumb\"},\"inLanguage\":\"sl-SI\",\"potentialAction\":[{\"@type\":\"ReadAction\",\"target\":[\"https:\\\/\\\/www.pakery.pl\\\/sl\\\/gtc-2\\\/\"]}]},{\"@type\":\"BreadcrumbList\",\"@id\":\"https:\\\/\\\/www.pakery.pl\\\/sl\\\/gtc-2\\\/#breadcrumb\",\"itemListElement\":[{\"@type\":\"ListItem\",\"position\":1,\"name\":\"Strona g\u0142\u00f3wna\",\"item\":\"https:\\\/\\\/www.pakery.pl\\\/sl\\\/\"},{\"@type\":\"ListItem\",\"position\":2,\"name\":\"GTC\"}]},{\"@type\":\"WebSite\",\"@id\":\"https:\\\/\\\/www.pakery.pl\\\/sl\\\/#website\",\"url\":\"https:\\\/\\\/www.pakery.pl\\\/sl\\\/\",\"name\":\"Pakery.pl\",\"description\":\"Pakery iniekcyjne, Kotwy spiralne, Lance iniekcyjne, W\u0119\u017ce do iniekcji, Pompy iniekcyjne, Serwis pomp iniekcyjnych, Wynajem pomp do iniekcji\",\"publisher\":{\"@id\":\"https:\\\/\\\/www.pakery.pl\\\/sl\\\/#organization\"},\"potentialAction\":[{\"@type\":\"SearchAction\",\"target\":{\"@type\":\"EntryPoint\",\"urlTemplate\":\"https:\\\/\\\/www.pakery.pl\\\/sl\\\/?s={search_term_string}\"},\"query-input\":{\"@type\":\"PropertyValueSpecification\",\"valueRequired\":true,\"valueName\":\"search_term_string\"}}],\"inLanguage\":\"sl-SI\"},{\"@type\":\"Organization\",\"@id\":\"https:\\\/\\\/www.pakery.pl\\\/sl\\\/#organization\",\"name\":\"PAKERY.PL\",\"url\":\"https:\\\/\\\/www.pakery.pl\\\/sl\\\/\",\"logo\":{\"@type\":\"ImageObject\",\"inLanguage\":\"sl-SI\",\"@id\":\"https:\\\/\\\/www.pakery.pl\\\/sl\\\/#\\\/schema\\\/logo\\\/image\\\/\",\"url\":\"https:\\\/\\\/www.pakery.pl\\\/wp-content\\\/uploads\\\/2021\\\/04\\\/cropped-PAKERY-LOGO.png\",\"contentUrl\":\"https:\\\/\\\/www.pakery.pl\\\/wp-content\\\/uploads\\\/2021\\\/04\\\/cropped-PAKERY-LOGO.png\",\"width\":1529,\"height\":500,\"caption\":\"PAKERY.PL\"},\"image\":{\"@id\":\"https:\\\/\\\/www.pakery.pl\\\/sl\\\/#\\\/schema\\\/logo\\\/image\\\/\"}}]}<\/script>\n<!-- \/ Yoast SEO plugin. -->","yoast_head_json":{"title":"GTC - PAKERY.PL","robots":{"index":"index","follow":"follow","max-snippet":"max-snippet:-1","max-image-preview":"max-image-preview:large","max-video-preview":"max-video-preview:-1"},"canonical":"https:\/\/www.pakery.pl\/sl\/gtc-2\/","og_locale":"sl_SI","og_type":"article","og_title":"GTC - PAKERY.PL","og_description":"SPLO\u0160NI POSLOVNI POGOJIPAKERY.PL&nbsp; Umetnost. 1 SPLO\u0160NE DOLO\u010cBE \u00a7 1. Ti splo\u0161ni pogoji (Splo\u0161ni pogoji poslovanja) so bili dolo\u010deni na podlagi \u010dl. 384&nbsp; in kasnej\u0161a akta Civilnega zakonika ter opredeljuje pravila za sklepanje in izvajanje pogodb o prodaji blaga, ki jih je sklenila dru\u017eba Hammpack Sp. Z OO&nbsp; naslov: 02-690 Warszawa, ul. Bokserska 47, dav\u010dna \u0161tevilka:&nbsp; [&hellip;]","og_url":"https:\/\/www.pakery.pl\/sl\/gtc-2\/","og_site_name":"PAKERY.PL","article_modified_time":"2021-10-14T10:29:08+00:00","twitter_card":"summary_large_image","twitter_misc":{"Est. reading time":"11 minut"},"schema":{"@context":"https:\/\/schema.org","@graph":[{"@type":"WebPage","@id":"https:\/\/www.pakery.pl\/sl\/gtc-2\/","url":"https:\/\/www.pakery.pl\/sl\/gtc-2\/","name":"GTC - PAKERY.PL","isPartOf":{"@id":"https:\/\/www.pakery.pl\/sl\/#website"},"datePublished":"2021-08-12T06:00:29+00:00","dateModified":"2021-10-14T10:29:08+00:00","breadcrumb":{"@id":"https:\/\/www.pakery.pl\/sl\/gtc-2\/#breadcrumb"},"inLanguage":"sl-SI","potentialAction":[{"@type":"ReadAction","target":["https:\/\/www.pakery.pl\/sl\/gtc-2\/"]}]},{"@type":"BreadcrumbList","@id":"https:\/\/www.pakery.pl\/sl\/gtc-2\/#breadcrumb","itemListElement":[{"@type":"ListItem","position":1,"name":"Strona g\u0142\u00f3wna","item":"https:\/\/www.pakery.pl\/sl\/"},{"@type":"ListItem","position":2,"name":"GTC"}]},{"@type":"WebSite","@id":"https:\/\/www.pakery.pl\/sl\/#website","url":"https:\/\/www.pakery.pl\/sl\/","name":"Pakery.pl","description":"Pakery iniekcyjne, Kotwy spiralne, Lance iniekcyjne, W\u0119\u017ce do iniekcji, Pompy iniekcyjne, Serwis pomp iniekcyjnych, Wynajem pomp do iniekcji","publisher":{"@id":"https:\/\/www.pakery.pl\/sl\/#organization"},"potentialAction":[{"@type":"SearchAction","target":{"@type":"EntryPoint","urlTemplate":"https:\/\/www.pakery.pl\/sl\/?s={search_term_string}"},"query-input":{"@type":"PropertyValueSpecification","valueRequired":true,"valueName":"search_term_string"}}],"inLanguage":"sl-SI"},{"@type":"Organization","@id":"https:\/\/www.pakery.pl\/sl\/#organization","name":"PAKERY.PL","url":"https:\/\/www.pakery.pl\/sl\/","logo":{"@type":"ImageObject","inLanguage":"sl-SI","@id":"https:\/\/www.pakery.pl\/sl\/#\/schema\/logo\/image\/","url":"https:\/\/www.pakery.pl\/wp-content\/uploads\/2021\/04\/cropped-PAKERY-LOGO.png","contentUrl":"https:\/\/www.pakery.pl\/wp-content\/uploads\/2021\/04\/cropped-PAKERY-LOGO.png","width":1529,"height":500,"caption":"PAKERY.PL"},"image":{"@id":"https:\/\/www.pakery.pl\/sl\/#\/schema\/logo\/image\/"}}]}},"_links":{"self":[{"href":"https:\/\/www.pakery.pl\/sl\/wp-json\/wp\/v2\/pages\/22846","targetHints":{"allow":["GET"]}}],"collection":[{"href":"https:\/\/www.pakery.pl\/sl\/wp-json\/wp\/v2\/pages"}],"about":[{"href":"https:\/\/www.pakery.pl\/sl\/wp-json\/wp\/v2\/types\/page"}],"author":[{"embeddable":true,"href":"https:\/\/www.pakery.pl\/sl\/wp-json\/wp\/v2\/users\/1"}],"replies":[{"embeddable":true,"href":"https:\/\/www.pakery.pl\/sl\/wp-json\/wp\/v2\/comments?post=22846"}],"version-history":[{"count":2,"href":"https:\/\/www.pakery.pl\/sl\/wp-json\/wp\/v2\/pages\/22846\/revisions"}],"predecessor-version":[{"id":38787,"href":"https:\/\/www.pakery.pl\/sl\/wp-json\/wp\/v2\/pages\/22846\/revisions\/38787"}],"wp:attachment":[{"href":"https:\/\/www.pakery.pl\/sl\/wp-json\/wp\/v2\/media?parent=22846"}],"curies":[{"name":"wp","href":"https:\/\/api.w.org\/{rel}","templated":true}]}}