{"id":49330,"date":"2021-04-21T09:26:38","date_gmt":"2025-05-13T07:45:58","guid":{"rendered":"https:\/\/www.pakery.pl\/produkt\/denny-batoh-pi-spx-13-110swg\/"},"modified":"2025-05-19T14:25:00","modified_gmt":"2025-05-19T12:25:00","slug":"paker-jednodniowy-pi-spx-13-110swg","status":"publish","type":"product","link":"https:\/\/www.pakery.pl\/sk\/produkt\/paker-jednodniowy-pi-spx-13-110swg\/","title":{"rendered":"Denn\u00fd batoh PI-SPX 13\/110swg"},"content":{"rendered":"\t\t<div data-elementor-type=\"product-post\" data-elementor-id=\"49330\" class=\"elementor elementor-49330 elementor-1881\" data-elementor-post-type=\"product\">\n\t\t\t\t\t\t<section class=\"elementor-section elementor-top-section elementor-element elementor-element-c52e51e elementor-section-full_width elementor-section-height-default elementor-section-height-default\" data-id=\"c52e51e\" data-element_type=\"section\" data-e-type=\"section\">\n\t\t\t\t\t\t<div class=\"elementor-container elementor-column-gap-default\">\n\t\t\t\t\t<div class=\"elementor-column elementor-col-100 elementor-top-column elementor-element elementor-element-762439c\" data-id=\"762439c\" data-element_type=\"column\" data-e-type=\"column\">\n\t\t\t<div class=\"elementor-widget-wrap elementor-element-populated\">\n\t\t\t\t\t\t<div class=\"elementor-element elementor-element-43abffc elementor-widget elementor-widget-text-editor\" data-id=\"43abffc\" data-element_type=\"widget\" data-e-type=\"widget\" data-widget_type=\"text-editor.default\">\n\t\t\t\t<div class=\"elementor-widget-container\">\n\t\t\t\t\t\t\t\t\t<p><span style=\"color: #000000;\"><strong>Jednod\u0148ov\u00e9 vstrekovacie pacie stroje<\/strong> alebo dvojventilov\u00e9 <strong>pacie stroje<\/strong>. Umo\u017e\u0148uj\u00fa dokon\u010denie vstrekovania v ten ist\u00fd de\u0148 bez \u010dakania na vytvrdnutie vstrekovacej \u017eivice. <\/span><\/p>\n<p><span style=\"color: #000000;\">V spodnej \u010dasti vstrekovacieho stimul\u00e1tora (expanzn\u00e1 guma) sa nach\u00e1dza druh\u00fd ventil a up\u00ednac\u00ed kr\u00fa\u017eok na z\u00e1vite. Teleso injek\u010dn\u00e9ho pakera m\u00f4\u017eete vybra\u0165 ihne\u010f po vstreknut\u00ed bez toho, aby ste museli \u010daka\u0165 na vytvrdnutie injek\u010dnej \u017eivice. <\/span><\/p>\n<p><em><span style=\"color: #000000;\">To je u\u017eito\u010dn\u00e9 najm\u00e4 vtedy, ke\u010f nie je n\u00e1kladovo efekt\u00edvne, aby t\u00edm pre injekt\u00e1\u017e pri\u0161iel nasleduj\u00faci de\u0148 len kv\u00f4li odstr\u00e1neniu bali\u010diek.<\/span><\/em><br><em><span style=\"color: #000000;\">Aj v podzemn\u00fdch gar\u00e1\u017each, kde be\u017en\u00ed bali\u010di injekci\u00ed nechali prereza\u0165 pneumatiky vch\u00e1dzaj\u00facich vozidiel.<\/span><\/em><\/p>\t\t\t\t\t\t\t\t<\/div>\n\t\t\t\t<\/div>\n\t\t\t\t\t<\/div>\n\t\t<\/div>\n\t\t\t\t\t<\/div>\n\t\t<\/section>\n\t\t\t\t<\/div>\n\t\t","protected":false},"excerpt":{"rendered":"<p>Jednod\u0148ov\u00e9 vstrekovacie pacie stroje alebo dvojventilov\u00e9 pacie stroje. Umo\u017e\u0148uj\u00fa dokon\u010denie vstrekovania v ten ist\u00fd de\u0148 bez \u010dakania na vytvrdnutie vstrekovacej \u017eivice. V spodnej \u010dasti vstrekovacieho stimul\u00e1tora (expanzn\u00e1 guma) sa nach\u00e1dza druh\u00fd ventil a up\u00ednac\u00ed kr\u00fa\u017eok na z\u00e1vite. Teleso injek\u010dn\u00e9ho pakera m\u00f4\u017eete vybra\u0165 ihne\u010f po vstreknut\u00ed bez toho, aby ste museli \u010daka\u0165 na vytvrdnutie injek\u010dnej \u017eivice. [&hellip;]<\/p>\n","protected":false},"featured_media":49251,"template":"","meta":{"_acf_changed":false},"product_brand":[],"product_cat":[547,2022],"product_tag":[],"class_list":{"0":"post-49330","1":"product","2":"type-product","3":"status-publish","4":"has-post-thumbnail","6":"product_cat-balicky-kovov","7":"product_cat-vstrekovacie-baliace-stroje-sk","9":"first","10":"instock","11":"taxable","12":"shipping-taxable","13":"purchasable","14":"product-type-simple"},"acf":[],"yoast_head":"<!-- This site is optimized with the Yoast SEO plugin v27.3 - https:\/\/yoast.com\/product\/yoast-seo-wordpress\/ -->\n<title>Injek\u010dn\u00fd packer na jednod\u0148ov\u00fa injekciu PI-SPX 13\/110 - PAKERY.PL<\/title>\n<meta name=\"description\" content=\"Jednod\u0148ov\u00e9 balenie injekci\u00ed. V\u00fdnimo\u010dn\u00e1 tesnos\u0165 aj pri ve\u013emi vysok\u00fdch tlakoch. Zaregistrujte sa a vyberte si typ kalamity.\" \/>\n<meta name=\"robots\" content=\"index, follow, max-snippet:-1, max-image-preview:large, max-video-preview:-1\" \/>\n<link rel=\"canonical\" href=\"https:\/\/www.pakery.pl\/sk\/produkt\/paker-jednodniowy-pi-spx-13-110swg\/\" \/>\n<meta property=\"og:locale\" content=\"sk_SK\" \/>\n<meta property=\"og:type\" content=\"article\" \/>\n<meta property=\"og:title\" content=\"Injek\u010dn\u00fd packer na jednod\u0148ov\u00fa injekciu PI-SPX 13\/110 - PAKERY.PL\" \/>\n<meta property=\"og:description\" content=\"Jednod\u0148ov\u00e9 balenie injekci\u00ed. V\u00fdnimo\u010dn\u00e1 tesnos\u0165 aj pri ve\u013emi vysok\u00fdch tlakoch. Zaregistrujte sa a vyberte si typ kalamity.\" \/>\n<meta property=\"og:url\" content=\"https:\/\/www.pakery.pl\/sk\/produkt\/paker-jednodniowy-pi-spx-13-110swg\/\" \/>\n<meta property=\"og:site_name\" content=\"PAKERY.PL\" \/>\n<meta property=\"article:modified_time\" content=\"2025-05-19T12:25:00+00:00\" \/>\n<meta property=\"og:image\" content=\"https:\/\/www.pakery.pl\/wp-content\/uploads\/2021\/04\/PI-SPX-13110e.png\" \/>\n\t<meta property=\"og:image:width\" content=\"2000\" \/>\n\t<meta property=\"og:image:height\" content=\"2000\" \/>\n\t<meta property=\"og:image:type\" content=\"image\/png\" \/>\n<meta name=\"twitter:card\" content=\"summary_large_image\" \/>\n<meta name=\"twitter:label1\" content=\"Predpokladan\u00fd \u010das \u010d\u00edtania\" \/>\n\t<meta name=\"twitter:data1\" content=\"1 min\u00fata\" \/>\n<script type=\"application\/ld+json\" class=\"yoast-schema-graph\">{\"@context\":\"https:\\\/\\\/schema.org\",\"@graph\":[{\"@type\":\"WebPage\",\"@id\":\"https:\\\/\\\/www.pakery.pl\\\/sk\\\/produkt\\\/paker-jednodniowy-pi-spx-13-110swg\\\/\",\"url\":\"https:\\\/\\\/www.pakery.pl\\\/sk\\\/produkt\\\/paker-jednodniowy-pi-spx-13-110swg\\\/\",\"name\":\"Injek\u010dn\u00fd packer na jednod\u0148ov\u00fa injekciu PI-SPX 13\\\/110 - PAKERY.PL\",\"isPartOf\":{\"@id\":\"https:\\\/\\\/www.pakery.pl\\\/sk\\\/#website\"},\"primaryImageOfPage\":{\"@id\":\"https:\\\/\\\/www.pakery.pl\\\/sk\\\/produkt\\\/paker-jednodniowy-pi-spx-13-110swg\\\/#primaryimage\"},\"image\":{\"@id\":\"https:\\\/\\\/www.pakery.pl\\\/sk\\\/produkt\\\/paker-jednodniowy-pi-spx-13-110swg\\\/#primaryimage\"},\"thumbnailUrl\":\"https:\\\/\\\/www.pakery.pl\\\/wp-content\\\/uploads\\\/2021\\\/04\\\/PI-SPX-13110e.png\",\"datePublished\":\"2025-05-13T07:45:58+00:00\",\"dateModified\":\"2025-05-19T12:25:00+00:00\",\"description\":\"Jednod\u0148ov\u00e9 balenie injekci\u00ed. V\u00fdnimo\u010dn\u00e1 tesnos\u0165 aj pri ve\u013emi vysok\u00fdch tlakoch. Zaregistrujte sa a vyberte si typ kalamity.\",\"breadcrumb\":{\"@id\":\"https:\\\/\\\/www.pakery.pl\\\/sk\\\/produkt\\\/paker-jednodniowy-pi-spx-13-110swg\\\/#breadcrumb\"},\"inLanguage\":\"sk-SK\",\"potentialAction\":[{\"@type\":\"ReadAction\",\"target\":[\"https:\\\/\\\/www.pakery.pl\\\/sk\\\/produkt\\\/paker-jednodniowy-pi-spx-13-110swg\\\/\"]}]},{\"@type\":\"ImageObject\",\"inLanguage\":\"sk-SK\",\"@id\":\"https:\\\/\\\/www.pakery.pl\\\/sk\\\/produkt\\\/paker-jednodniowy-pi-spx-13-110swg\\\/#primaryimage\",\"url\":\"https:\\\/\\\/www.pakery.pl\\\/wp-content\\\/uploads\\\/2021\\\/04\\\/PI-SPX-13110e.png\",\"contentUrl\":\"https:\\\/\\\/www.pakery.pl\\\/wp-content\\\/uploads\\\/2021\\\/04\\\/PI-SPX-13110e.png\",\"width\":2000,\"height\":2000},{\"@type\":\"BreadcrumbList\",\"@id\":\"https:\\\/\\\/www.pakery.pl\\\/sk\\\/produkt\\\/paker-jednodniowy-pi-spx-13-110swg\\\/#breadcrumb\",\"itemListElement\":[{\"@type\":\"ListItem\",\"position\":1,\"name\":\"Strona g\u0142\u00f3wna\",\"item\":\"https:\\\/\\\/www.pakery.pl\\\/sk\\\/\"},{\"@type\":\"ListItem\",\"position\":2,\"name\":\"Ulo\u017ei\u0165\",\"item\":\"https:\\\/\\\/www.pakery.pl\\\/sk\\\/ulozit\\\/\"},{\"@type\":\"ListItem\",\"position\":3,\"name\":\"Denn\u00fd batoh PI-SPX 13\\\/110swg\"}]},{\"@type\":\"WebSite\",\"@id\":\"https:\\\/\\\/www.pakery.pl\\\/sk\\\/#website\",\"url\":\"https:\\\/\\\/www.pakery.pl\\\/sk\\\/\",\"name\":\"Pakery.pl\",\"description\":\"Pakery iniekcyjne, Kotwy spiralne, Lance iniekcyjne, W\u0119\u017ce do iniekcji, Pompy iniekcyjne, Serwis pomp iniekcyjnych, Wynajem pomp do iniekcji\",\"publisher\":{\"@id\":\"https:\\\/\\\/www.pakery.pl\\\/sk\\\/#organization\"},\"potentialAction\":[{\"@type\":\"SearchAction\",\"target\":{\"@type\":\"EntryPoint\",\"urlTemplate\":\"https:\\\/\\\/www.pakery.pl\\\/sk\\\/?s={search_term_string}\"},\"query-input\":{\"@type\":\"PropertyValueSpecification\",\"valueRequired\":true,\"valueName\":\"search_term_string\"}}],\"inLanguage\":\"sk-SK\"},{\"@type\":\"Organization\",\"@id\":\"https:\\\/\\\/www.pakery.pl\\\/sk\\\/#organization\",\"name\":\"PAKERY.PL\",\"url\":\"https:\\\/\\\/www.pakery.pl\\\/sk\\\/\",\"logo\":{\"@type\":\"ImageObject\",\"inLanguage\":\"sk-SK\",\"@id\":\"https:\\\/\\\/www.pakery.pl\\\/sk\\\/#\\\/schema\\\/logo\\\/image\\\/\",\"url\":\"https:\\\/\\\/www.pakery.pl\\\/wp-content\\\/uploads\\\/2021\\\/04\\\/cropped-PAKERY-LOGO.png\",\"contentUrl\":\"https:\\\/\\\/www.pakery.pl\\\/wp-content\\\/uploads\\\/2021\\\/04\\\/cropped-PAKERY-LOGO.png\",\"width\":1529,\"height\":500,\"caption\":\"PAKERY.PL\"},\"image\":{\"@id\":\"https:\\\/\\\/www.pakery.pl\\\/sk\\\/#\\\/schema\\\/logo\\\/image\\\/\"}}]}<\/script>\n<!-- \/ Yoast SEO plugin. -->","yoast_head_json":{"title":"Injek\u010dn\u00fd packer na jednod\u0148ov\u00fa injekciu PI-SPX 13\/110 - PAKERY.PL","description":"Jednod\u0148ov\u00e9 balenie injekci\u00ed. V\u00fdnimo\u010dn\u00e1 tesnos\u0165 aj pri ve\u013emi vysok\u00fdch tlakoch. Zaregistrujte sa a vyberte si typ kalamity.","robots":{"index":"index","follow":"follow","max-snippet":"max-snippet:-1","max-image-preview":"max-image-preview:large","max-video-preview":"max-video-preview:-1"},"canonical":"https:\/\/www.pakery.pl\/sk\/produkt\/paker-jednodniowy-pi-spx-13-110swg\/","og_locale":"sk_SK","og_type":"article","og_title":"Injek\u010dn\u00fd packer na jednod\u0148ov\u00fa injekciu PI-SPX 13\/110 - PAKERY.PL","og_description":"Jednod\u0148ov\u00e9 balenie injekci\u00ed. V\u00fdnimo\u010dn\u00e1 tesnos\u0165 aj pri ve\u013emi vysok\u00fdch tlakoch. Zaregistrujte sa a vyberte si typ kalamity.","og_url":"https:\/\/www.pakery.pl\/sk\/produkt\/paker-jednodniowy-pi-spx-13-110swg\/","og_site_name":"PAKERY.PL","article_modified_time":"2025-05-19T12:25:00+00:00","og_image":[{"width":2000,"height":2000,"url":"https:\/\/www.pakery.pl\/wp-content\/uploads\/2021\/04\/PI-SPX-13110e.png","type":"image\/png"}],"twitter_card":"summary_large_image","twitter_misc":{"Predpokladan\u00fd \u010das \u010d\u00edtania":"1 min\u00fata"},"schema":{"@context":"https:\/\/schema.org","@graph":[{"@type":"WebPage","@id":"https:\/\/www.pakery.pl\/sk\/produkt\/paker-jednodniowy-pi-spx-13-110swg\/","url":"https:\/\/www.pakery.pl\/sk\/produkt\/paker-jednodniowy-pi-spx-13-110swg\/","name":"Injek\u010dn\u00fd packer na jednod\u0148ov\u00fa injekciu PI-SPX 13\/110 - PAKERY.PL","isPartOf":{"@id":"https:\/\/www.pakery.pl\/sk\/#website"},"primaryImageOfPage":{"@id":"https:\/\/www.pakery.pl\/sk\/produkt\/paker-jednodniowy-pi-spx-13-110swg\/#primaryimage"},"image":{"@id":"https:\/\/www.pakery.pl\/sk\/produkt\/paker-jednodniowy-pi-spx-13-110swg\/#primaryimage"},"thumbnailUrl":"https:\/\/www.pakery.pl\/wp-content\/uploads\/2021\/04\/PI-SPX-13110e.png","datePublished":"2025-05-13T07:45:58+00:00","dateModified":"2025-05-19T12:25:00+00:00","description":"Jednod\u0148ov\u00e9 balenie injekci\u00ed. V\u00fdnimo\u010dn\u00e1 tesnos\u0165 aj pri ve\u013emi vysok\u00fdch tlakoch. Zaregistrujte sa a vyberte si typ kalamity.","breadcrumb":{"@id":"https:\/\/www.pakery.pl\/sk\/produkt\/paker-jednodniowy-pi-spx-13-110swg\/#breadcrumb"},"inLanguage":"sk-SK","potentialAction":[{"@type":"ReadAction","target":["https:\/\/www.pakery.pl\/sk\/produkt\/paker-jednodniowy-pi-spx-13-110swg\/"]}]},{"@type":"ImageObject","inLanguage":"sk-SK","@id":"https:\/\/www.pakery.pl\/sk\/produkt\/paker-jednodniowy-pi-spx-13-110swg\/#primaryimage","url":"https:\/\/www.pakery.pl\/wp-content\/uploads\/2021\/04\/PI-SPX-13110e.png","contentUrl":"https:\/\/www.pakery.pl\/wp-content\/uploads\/2021\/04\/PI-SPX-13110e.png","width":2000,"height":2000},{"@type":"BreadcrumbList","@id":"https:\/\/www.pakery.pl\/sk\/produkt\/paker-jednodniowy-pi-spx-13-110swg\/#breadcrumb","itemListElement":[{"@type":"ListItem","position":1,"name":"Strona g\u0142\u00f3wna","item":"https:\/\/www.pakery.pl\/sk\/"},{"@type":"ListItem","position":2,"name":"Ulo\u017ei\u0165","item":"https:\/\/www.pakery.pl\/sk\/ulozit\/"},{"@type":"ListItem","position":3,"name":"Denn\u00fd batoh PI-SPX 13\/110swg"}]},{"@type":"WebSite","@id":"https:\/\/www.pakery.pl\/sk\/#website","url":"https:\/\/www.pakery.pl\/sk\/","name":"Pakery.pl","description":"Pakery iniekcyjne, Kotwy spiralne, Lance iniekcyjne, W\u0119\u017ce do iniekcji, Pompy iniekcyjne, Serwis pomp iniekcyjnych, Wynajem pomp do iniekcji","publisher":{"@id":"https:\/\/www.pakery.pl\/sk\/#organization"},"potentialAction":[{"@type":"SearchAction","target":{"@type":"EntryPoint","urlTemplate":"https:\/\/www.pakery.pl\/sk\/?s={search_term_string}"},"query-input":{"@type":"PropertyValueSpecification","valueRequired":true,"valueName":"search_term_string"}}],"inLanguage":"sk-SK"},{"@type":"Organization","@id":"https:\/\/www.pakery.pl\/sk\/#organization","name":"PAKERY.PL","url":"https:\/\/www.pakery.pl\/sk\/","logo":{"@type":"ImageObject","inLanguage":"sk-SK","@id":"https:\/\/www.pakery.pl\/sk\/#\/schema\/logo\/image\/","url":"https:\/\/www.pakery.pl\/wp-content\/uploads\/2021\/04\/cropped-PAKERY-LOGO.png","contentUrl":"https:\/\/www.pakery.pl\/wp-content\/uploads\/2021\/04\/cropped-PAKERY-LOGO.png","width":1529,"height":500,"caption":"PAKERY.PL"},"image":{"@id":"https:\/\/www.pakery.pl\/sk\/#\/schema\/logo\/image\/"}}]}},"_links":{"self":[{"href":"https:\/\/www.pakery.pl\/sk\/wp-json\/wp\/v2\/product\/49330","targetHints":{"allow":["GET"]}}],"collection":[{"href":"https:\/\/www.pakery.pl\/sk\/wp-json\/wp\/v2\/product"}],"about":[{"href":"https:\/\/www.pakery.pl\/sk\/wp-json\/wp\/v2\/types\/product"}],"version-history":[{"count":1,"href":"https:\/\/www.pakery.pl\/sk\/wp-json\/wp\/v2\/product\/49330\/revisions"}],"predecessor-version":[{"id":49332,"href":"https:\/\/www.pakery.pl\/sk\/wp-json\/wp\/v2\/product\/49330\/revisions\/49332"}],"wp:featuredmedia":[{"embeddable":true,"href":"https:\/\/www.pakery.pl\/sk\/wp-json\/wp\/v2\/media\/49251"}],"wp:attachment":[{"href":"https:\/\/www.pakery.pl\/sk\/wp-json\/wp\/v2\/media?parent=49330"}],"wp:term":[{"taxonomy":"product_brand","embeddable":true,"href":"https:\/\/www.pakery.pl\/sk\/wp-json\/wp\/v2\/product_brand?post=49330"},{"taxonomy":"product_cat","embeddable":true,"href":"https:\/\/www.pakery.pl\/sk\/wp-json\/wp\/v2\/product_cat?post=49330"},{"taxonomy":"product_tag","embeddable":true,"href":"https:\/\/www.pakery.pl\/sk\/wp-json\/wp\/v2\/product_tag?post=49330"}],"curies":[{"name":"wp","href":"https:\/\/api.w.org\/{rel}","templated":true}]}}