{"id":48960,"date":"2025-05-12T08:00:38","date_gmt":"2025-05-12T06:14:11","guid":{"rendered":"https:\/\/www.pakery.pl\/produkt\/vstrekovaci-puzdro-pi-spm-13-300\/"},"modified":"2025-05-12T08:14:11","modified_gmt":"2025-05-12T06:14:11","slug":"paker-do-iniekcji-pi-spm-13-300","status":"publish","type":"product","link":"https:\/\/www.pakery.pl\/sk\/produkt\/paker-do-iniekcji-pi-spm-13-300\/","title":{"rendered":"Vstrekovac\u00ed p\u00fazdro PI-SPM 13\/300"},"content":{"rendered":"<p>Dlhoro\u010dn\u00fd vlajkov\u00fd model <strong>profesion\u00e1lnej<\/strong> s\u00e9rie PI-SPM Pacer. Injektor poskytuje vynikaj\u00facu tesnos\u0165 a pr\u00edkladn\u00e9 ukotvenie. Injektor je vhodn\u00fd na v\u0161etky typy vstrekovania. Zabezpe\u010duje pr\u00edkladn\u00fa tesnos\u0165 kalamitn\u00edkov, ako aj rozpernej \u010dasti pri vysokotlakovom aj n\u00edzkotlakovom vstrekovan\u00ed.  <\/p>\n<p>V\u010faka \u0161pecializovan\u00fdm kalamitom balenia dokonale dr\u017eia protitlak (&#8222;nete\u010d\u00fa&#8220;).<\/p>\n<p><em><strong>Kalamitn\u00e9 tesnenia SWG<\/strong> s\u00fa mechanicky utiahnut\u00e9 anaer\u00f3bnym lepidlom, \u010do zaru\u010duje tesn\u00e9 spojenie so z\u00e1vitom m6x1.  <\/em><\/p>\n<p><em><strong>PRE kalamitov\u00e9 p\u00fazdra<\/strong> maj\u00fa z\u00e1vity vopred potiahnut\u00e9 vrstvou, \u010d\u00edm sa dosiahne okam\u017eit\u00e1 tesnos\u0165 pri skr\u00facan\u00ed kalamitu.<\/em><\/p>\n","protected":false},"excerpt":{"rendered":"<p>Dlhoro\u010dn\u00fd vlajkov\u00fd model profesion\u00e1lnej s\u00e9rie PI-SPM Pacer. Injektor poskytuje vynikaj\u00facu tesnos\u0165 a pr\u00edkladn\u00e9 ukotvenie. Injektor je vhodn\u00fd na v\u0161etky typy vstrekovania. Zabezpe\u010duje pr\u00edkladn\u00fa tesnos\u0165 kalamitn\u00edkov, ako aj rozpernej \u010dasti pri vysokotlakovom aj n\u00edzkotlakovom vstrekovan\u00ed. V\u010faka \u0161pecializovan\u00fdm kalamitom balenia dokonale dr\u017eia protitlak (&#8222;nete\u010d\u00fa&#8220;). Kalamitn\u00e9 tesnenia SWG s\u00fa mechanicky utiahnut\u00e9 anaer\u00f3bnym lepidlom, \u010do zaru\u010duje tesn\u00e9 spojenie so [&hellip;]<\/p>\n","protected":false},"featured_media":50822,"template":"","meta":{"_acf_changed":false},"product_brand":[],"product_cat":[547],"product_tag":[],"class_list":{"0":"post-48960","1":"product","2":"type-product","3":"status-publish","4":"has-post-thumbnail","6":"product_cat-balicky-kovov","8":"first","9":"instock","10":"taxable","11":"shipping-taxable","12":"product-type-simple"},"acf":[],"yoast_head":"<!-- This site is optimized with the Yoast SEO plugin v27.3 - https:\/\/yoast.com\/product\/yoast-seo-wordpress\/ -->\n<title>Vstrekovac\u00ed p\u00fazdro PI-SPM 13\/300 - PAKERY.PL<\/title>\n<meta name=\"robots\" content=\"index, follow, max-snippet:-1, max-image-preview:large, max-video-preview:-1\" \/>\n<link rel=\"canonical\" href=\"https:\/\/www.pakery.pl\/sk\/produkt\/paker-do-iniekcji-pi-spm-13-300\/\" \/>\n<meta property=\"og:locale\" content=\"sk_SK\" \/>\n<meta property=\"og:type\" content=\"article\" \/>\n<meta property=\"og:title\" content=\"Vstrekovac\u00ed p\u00fazdro PI-SPM 13\/300 - PAKERY.PL\" \/>\n<meta property=\"og:description\" content=\"Dlhoro\u010dn\u00fd vlajkov\u00fd model profesion\u00e1lnej s\u00e9rie PI-SPM Pacer. Injektor poskytuje vynikaj\u00facu tesnos\u0165 a pr\u00edkladn\u00e9 ukotvenie. Injektor je vhodn\u00fd na v\u0161etky typy vstrekovania. Zabezpe\u010duje pr\u00edkladn\u00fa tesnos\u0165 kalamitn\u00edkov, ako aj rozpernej \u010dasti pri vysokotlakovom aj n\u00edzkotlakovom vstrekovan\u00ed. V\u010faka \u0161pecializovan\u00fdm kalamitom balenia dokonale dr\u017eia protitlak (&#8222;nete\u010d\u00fa&#8220;). Kalamitn\u00e9 tesnenia SWG s\u00fa mechanicky utiahnut\u00e9 anaer\u00f3bnym lepidlom, \u010do zaru\u010duje tesn\u00e9 spojenie so [&hellip;]\" \/>\n<meta property=\"og:url\" content=\"https:\/\/www.pakery.pl\/sk\/produkt\/paker-do-iniekcji-pi-spm-13-300\/\" \/>\n<meta property=\"og:site_name\" content=\"PAKERY.PL\" \/>\n<meta property=\"og:image\" content=\"https:\/\/www.pakery.pl\/wp-content\/uploads\/2025\/05\/PI-SPM-13300-ikona.jpg\" \/>\n\t<meta property=\"og:image:width\" content=\"683\" \/>\n\t<meta property=\"og:image:height\" content=\"683\" \/>\n\t<meta property=\"og:image:type\" content=\"image\/jpeg\" \/>\n<meta name=\"twitter:card\" content=\"summary_large_image\" \/>\n<script type=\"application\/ld+json\" class=\"yoast-schema-graph\">{\"@context\":\"https:\\\/\\\/schema.org\",\"@graph\":[{\"@type\":\"WebPage\",\"@id\":\"https:\\\/\\\/www.pakery.pl\\\/sk\\\/produkt\\\/paker-do-iniekcji-pi-spm-13-300\\\/\",\"url\":\"https:\\\/\\\/www.pakery.pl\\\/sk\\\/produkt\\\/paker-do-iniekcji-pi-spm-13-300\\\/\",\"name\":\"Vstrekovac\u00ed p\u00fazdro PI-SPM 13\\\/300 - PAKERY.PL\",\"isPartOf\":{\"@id\":\"https:\\\/\\\/www.pakery.pl\\\/sk\\\/#website\"},\"primaryImageOfPage\":{\"@id\":\"https:\\\/\\\/www.pakery.pl\\\/sk\\\/produkt\\\/paker-do-iniekcji-pi-spm-13-300\\\/#primaryimage\"},\"image\":{\"@id\":\"https:\\\/\\\/www.pakery.pl\\\/sk\\\/produkt\\\/paker-do-iniekcji-pi-spm-13-300\\\/#primaryimage\"},\"thumbnailUrl\":\"https:\\\/\\\/www.pakery.pl\\\/wp-content\\\/uploads\\\/2025\\\/05\\\/PI-SPM-13300-ikona.png\",\"datePublished\":\"2025-05-12T06:14:11+00:00\",\"breadcrumb\":{\"@id\":\"https:\\\/\\\/www.pakery.pl\\\/sk\\\/produkt\\\/paker-do-iniekcji-pi-spm-13-300\\\/#breadcrumb\"},\"inLanguage\":\"sk-SK\",\"potentialAction\":[{\"@type\":\"ReadAction\",\"target\":[\"https:\\\/\\\/www.pakery.pl\\\/sk\\\/produkt\\\/paker-do-iniekcji-pi-spm-13-300\\\/\"]}]},{\"@type\":\"ImageObject\",\"inLanguage\":\"sk-SK\",\"@id\":\"https:\\\/\\\/www.pakery.pl\\\/sk\\\/produkt\\\/paker-do-iniekcji-pi-spm-13-300\\\/#primaryimage\",\"url\":\"https:\\\/\\\/www.pakery.pl\\\/wp-content\\\/uploads\\\/2025\\\/05\\\/PI-SPM-13300-ikona.png\",\"contentUrl\":\"https:\\\/\\\/www.pakery.pl\\\/wp-content\\\/uploads\\\/2025\\\/05\\\/PI-SPM-13300-ikona.png\",\"width\":683,\"height\":683},{\"@type\":\"BreadcrumbList\",\"@id\":\"https:\\\/\\\/www.pakery.pl\\\/sk\\\/produkt\\\/paker-do-iniekcji-pi-spm-13-300\\\/#breadcrumb\",\"itemListElement\":[{\"@type\":\"ListItem\",\"position\":1,\"name\":\"Strona g\u0142\u00f3wna\",\"item\":\"https:\\\/\\\/www.pakery.pl\\\/sk\\\/\"},{\"@type\":\"ListItem\",\"position\":2,\"name\":\"Ulo\u017ei\u0165\",\"item\":\"https:\\\/\\\/www.pakery.pl\\\/sk\\\/ulozit\\\/\"},{\"@type\":\"ListItem\",\"position\":3,\"name\":\"Vstrekovac\u00ed p\u00fazdro PI-SPM 13\\\/300\"}]},{\"@type\":\"WebSite\",\"@id\":\"https:\\\/\\\/www.pakery.pl\\\/sk\\\/#website\",\"url\":\"https:\\\/\\\/www.pakery.pl\\\/sk\\\/\",\"name\":\"Pakery.pl\",\"description\":\"Pakery iniekcyjne, Kotwy spiralne, Lance iniekcyjne, W\u0119\u017ce do iniekcji, Pompy iniekcyjne, Serwis pomp iniekcyjnych, Wynajem pomp do iniekcji\",\"publisher\":{\"@id\":\"https:\\\/\\\/www.pakery.pl\\\/sk\\\/#organization\"},\"potentialAction\":[{\"@type\":\"SearchAction\",\"target\":{\"@type\":\"EntryPoint\",\"urlTemplate\":\"https:\\\/\\\/www.pakery.pl\\\/sk\\\/?s={search_term_string}\"},\"query-input\":{\"@type\":\"PropertyValueSpecification\",\"valueRequired\":true,\"valueName\":\"search_term_string\"}}],\"inLanguage\":\"sk-SK\"},{\"@type\":\"Organization\",\"@id\":\"https:\\\/\\\/www.pakery.pl\\\/sk\\\/#organization\",\"name\":\"PAKERY.PL\",\"url\":\"https:\\\/\\\/www.pakery.pl\\\/sk\\\/\",\"logo\":{\"@type\":\"ImageObject\",\"inLanguage\":\"sk-SK\",\"@id\":\"https:\\\/\\\/www.pakery.pl\\\/sk\\\/#\\\/schema\\\/logo\\\/image\\\/\",\"url\":\"https:\\\/\\\/www.pakery.pl\\\/wp-content\\\/uploads\\\/2021\\\/04\\\/cropped-PAKERY-LOGO.png\",\"contentUrl\":\"https:\\\/\\\/www.pakery.pl\\\/wp-content\\\/uploads\\\/2021\\\/04\\\/cropped-PAKERY-LOGO.png\",\"width\":1529,\"height\":500,\"caption\":\"PAKERY.PL\"},\"image\":{\"@id\":\"https:\\\/\\\/www.pakery.pl\\\/sk\\\/#\\\/schema\\\/logo\\\/image\\\/\"}}]}<\/script>\n<!-- \/ Yoast SEO plugin. -->","yoast_head_json":{"title":"Vstrekovac\u00ed p\u00fazdro PI-SPM 13\/300 - PAKERY.PL","robots":{"index":"index","follow":"follow","max-snippet":"max-snippet:-1","max-image-preview":"max-image-preview:large","max-video-preview":"max-video-preview:-1"},"canonical":"https:\/\/www.pakery.pl\/sk\/produkt\/paker-do-iniekcji-pi-spm-13-300\/","og_locale":"sk_SK","og_type":"article","og_title":"Vstrekovac\u00ed p\u00fazdro PI-SPM 13\/300 - PAKERY.PL","og_description":"Dlhoro\u010dn\u00fd vlajkov\u00fd model profesion\u00e1lnej s\u00e9rie PI-SPM Pacer. Injektor poskytuje vynikaj\u00facu tesnos\u0165 a pr\u00edkladn\u00e9 ukotvenie. Injektor je vhodn\u00fd na v\u0161etky typy vstrekovania. Zabezpe\u010duje pr\u00edkladn\u00fa tesnos\u0165 kalamitn\u00edkov, ako aj rozpernej \u010dasti pri vysokotlakovom aj n\u00edzkotlakovom vstrekovan\u00ed. V\u010faka \u0161pecializovan\u00fdm kalamitom balenia dokonale dr\u017eia protitlak (&#8222;nete\u010d\u00fa&#8220;). Kalamitn\u00e9 tesnenia SWG s\u00fa mechanicky utiahnut\u00e9 anaer\u00f3bnym lepidlom, \u010do zaru\u010duje tesn\u00e9 spojenie so [&hellip;]","og_url":"https:\/\/www.pakery.pl\/sk\/produkt\/paker-do-iniekcji-pi-spm-13-300\/","og_site_name":"PAKERY.PL","og_image":[{"width":683,"height":683,"url":"https:\/\/www.pakery.pl\/wp-content\/uploads\/2025\/05\/PI-SPM-13300-ikona.jpg","type":"image\/jpeg"}],"twitter_card":"summary_large_image","schema":{"@context":"https:\/\/schema.org","@graph":[{"@type":"WebPage","@id":"https:\/\/www.pakery.pl\/sk\/produkt\/paker-do-iniekcji-pi-spm-13-300\/","url":"https:\/\/www.pakery.pl\/sk\/produkt\/paker-do-iniekcji-pi-spm-13-300\/","name":"Vstrekovac\u00ed p\u00fazdro PI-SPM 13\/300 - PAKERY.PL","isPartOf":{"@id":"https:\/\/www.pakery.pl\/sk\/#website"},"primaryImageOfPage":{"@id":"https:\/\/www.pakery.pl\/sk\/produkt\/paker-do-iniekcji-pi-spm-13-300\/#primaryimage"},"image":{"@id":"https:\/\/www.pakery.pl\/sk\/produkt\/paker-do-iniekcji-pi-spm-13-300\/#primaryimage"},"thumbnailUrl":"https:\/\/www.pakery.pl\/wp-content\/uploads\/2025\/05\/PI-SPM-13300-ikona.png","datePublished":"2025-05-12T06:14:11+00:00","breadcrumb":{"@id":"https:\/\/www.pakery.pl\/sk\/produkt\/paker-do-iniekcji-pi-spm-13-300\/#breadcrumb"},"inLanguage":"sk-SK","potentialAction":[{"@type":"ReadAction","target":["https:\/\/www.pakery.pl\/sk\/produkt\/paker-do-iniekcji-pi-spm-13-300\/"]}]},{"@type":"ImageObject","inLanguage":"sk-SK","@id":"https:\/\/www.pakery.pl\/sk\/produkt\/paker-do-iniekcji-pi-spm-13-300\/#primaryimage","url":"https:\/\/www.pakery.pl\/wp-content\/uploads\/2025\/05\/PI-SPM-13300-ikona.png","contentUrl":"https:\/\/www.pakery.pl\/wp-content\/uploads\/2025\/05\/PI-SPM-13300-ikona.png","width":683,"height":683},{"@type":"BreadcrumbList","@id":"https:\/\/www.pakery.pl\/sk\/produkt\/paker-do-iniekcji-pi-spm-13-300\/#breadcrumb","itemListElement":[{"@type":"ListItem","position":1,"name":"Strona g\u0142\u00f3wna","item":"https:\/\/www.pakery.pl\/sk\/"},{"@type":"ListItem","position":2,"name":"Ulo\u017ei\u0165","item":"https:\/\/www.pakery.pl\/sk\/ulozit\/"},{"@type":"ListItem","position":3,"name":"Vstrekovac\u00ed p\u00fazdro PI-SPM 13\/300"}]},{"@type":"WebSite","@id":"https:\/\/www.pakery.pl\/sk\/#website","url":"https:\/\/www.pakery.pl\/sk\/","name":"Pakery.pl","description":"Pakery iniekcyjne, Kotwy spiralne, Lance iniekcyjne, W\u0119\u017ce do iniekcji, Pompy iniekcyjne, Serwis pomp iniekcyjnych, Wynajem pomp do iniekcji","publisher":{"@id":"https:\/\/www.pakery.pl\/sk\/#organization"},"potentialAction":[{"@type":"SearchAction","target":{"@type":"EntryPoint","urlTemplate":"https:\/\/www.pakery.pl\/sk\/?s={search_term_string}"},"query-input":{"@type":"PropertyValueSpecification","valueRequired":true,"valueName":"search_term_string"}}],"inLanguage":"sk-SK"},{"@type":"Organization","@id":"https:\/\/www.pakery.pl\/sk\/#organization","name":"PAKERY.PL","url":"https:\/\/www.pakery.pl\/sk\/","logo":{"@type":"ImageObject","inLanguage":"sk-SK","@id":"https:\/\/www.pakery.pl\/sk\/#\/schema\/logo\/image\/","url":"https:\/\/www.pakery.pl\/wp-content\/uploads\/2021\/04\/cropped-PAKERY-LOGO.png","contentUrl":"https:\/\/www.pakery.pl\/wp-content\/uploads\/2021\/04\/cropped-PAKERY-LOGO.png","width":1529,"height":500,"caption":"PAKERY.PL"},"image":{"@id":"https:\/\/www.pakery.pl\/sk\/#\/schema\/logo\/image\/"}}]}},"_links":{"self":[{"href":"https:\/\/www.pakery.pl\/sk\/wp-json\/wp\/v2\/product\/48960","targetHints":{"allow":["GET"]}}],"collection":[{"href":"https:\/\/www.pakery.pl\/sk\/wp-json\/wp\/v2\/product"}],"about":[{"href":"https:\/\/www.pakery.pl\/sk\/wp-json\/wp\/v2\/types\/product"}],"version-history":[{"count":0,"href":"https:\/\/www.pakery.pl\/sk\/wp-json\/wp\/v2\/product\/48960\/revisions"}],"wp:featuredmedia":[{"embeddable":true,"href":"https:\/\/www.pakery.pl\/sk\/wp-json\/wp\/v2\/media\/50822"}],"wp:attachment":[{"href":"https:\/\/www.pakery.pl\/sk\/wp-json\/wp\/v2\/media?parent=48960"}],"wp:term":[{"taxonomy":"product_brand","embeddable":true,"href":"https:\/\/www.pakery.pl\/sk\/wp-json\/wp\/v2\/product_brand?post=48960"},{"taxonomy":"product_cat","embeddable":true,"href":"https:\/\/www.pakery.pl\/sk\/wp-json\/wp\/v2\/product_cat?post=48960"},{"taxonomy":"product_tag","embeddable":true,"href":"https:\/\/www.pakery.pl\/sk\/wp-json\/wp\/v2\/product_tag?post=48960"}],"curies":[{"name":"wp","href":"https:\/\/api.w.org\/{rel}","templated":true}]}}