{"id":45552,"date":"2023-04-19T15:29:40","date_gmt":"2023-07-21T12:28:48","guid":{"rendered":"https:\/\/www.pakery.pl\/produkt\/snekove-cerpadlo\/"},"modified":"2023-07-21T14:28:48","modified_gmt":"2023-07-21T12:28:48","slug":"pump-do-cream-suspension-fugue-2","status":"publish","type":"product","link":"https:\/\/www.pakery.pl\/sk\/produkt\/pump-do-cream-suspension-fugue-2\/","title":{"rendered":"\u0160nekov\u00e9 \u010derpadlo"},"content":{"rendered":"","protected":false},"excerpt":{"rendered":"","protected":false},"featured_media":44735,"template":"","meta":{"_acf_changed":false},"product_brand":[],"product_cat":[553,554,550],"product_tag":[],"class_list":{"0":"post-45552","1":"product","2":"type-product","3":"status-publish","4":"has-post-thumbnail","6":"product_cat-mechanicke-cerpadla","7":"product_cat-spiralove-kotvy-sk","8":"product_cat-vstrekovacie-cerpadla","10":"first","11":"instock","12":"taxable","13":"shipping-taxable","14":"product-type-simple"},"acf":[],"yoast_head":"<!-- This site is optimized with the Yoast SEO plugin v27.3 - https:\/\/yoast.com\/product\/yoast-seo-wordpress\/ -->\n<title>\u0160nekov\u00e9 \u010derpadlo - PAKERY.PL<\/title>\n<meta name=\"description\" content=\"Skrutkovacie \u010derpadlo na kr\u00e9my, suspenzie, injekt\u00e1\u017e | injekt\u00e1\u017eny kr\u00e9m | injekt\u00e1\u017e | hydroizol\u00e1cia | stavebn\u00e9 injekcie\" \/>\n<meta name=\"robots\" content=\"index, follow, max-snippet:-1, max-image-preview:large, max-video-preview:-1\" \/>\n<link rel=\"canonical\" href=\"https:\/\/www.pakery.pl\/sk\/produkt\/pump-do-cream-suspension-fugue-2\/\" \/>\n<meta property=\"og:locale\" content=\"sk_SK\" \/>\n<meta property=\"og:type\" content=\"article\" \/>\n<meta property=\"og:title\" content=\"\u0160nekov\u00e9 \u010derpadlo - PAKERY.PL\" \/>\n<meta property=\"og:description\" content=\"Skrutkovacie \u010derpadlo na kr\u00e9my, suspenzie, injekt\u00e1\u017e | injekt\u00e1\u017eny kr\u00e9m | injekt\u00e1\u017e | hydroizol\u00e1cia | stavebn\u00e9 injekcie\" \/>\n<meta property=\"og:url\" content=\"https:\/\/www.pakery.pl\/sk\/produkt\/pump-do-cream-suspension-fugue-2\/\" \/>\n<meta property=\"og:site_name\" content=\"PAKERY.PL\" \/>\n<meta property=\"og:image\" content=\"https:\/\/www.pakery.pl\/wp-content\/uploads\/2023\/04\/PIstolet-Pakerty-GroutGo-1024x1024.png\" \/>\n\t<meta property=\"og:image:width\" content=\"1024\" \/>\n\t<meta property=\"og:image:height\" content=\"1024\" \/>\n\t<meta property=\"og:image:type\" content=\"image\/png\" \/>\n<meta name=\"twitter:card\" content=\"summary_large_image\" \/>\n<script type=\"application\/ld+json\" class=\"yoast-schema-graph\">{\"@context\":\"https:\\\/\\\/schema.org\",\"@graph\":[{\"@type\":\"WebPage\",\"@id\":\"https:\\\/\\\/www.pakery.pl\\\/sk\\\/produkt\\\/pump-do-cream-suspension-fugue-2\\\/\",\"url\":\"https:\\\/\\\/www.pakery.pl\\\/sk\\\/produkt\\\/pump-do-cream-suspension-fugue-2\\\/\",\"name\":\"\u0160nekov\u00e9 \u010derpadlo - PAKERY.PL\",\"isPartOf\":{\"@id\":\"https:\\\/\\\/www.pakery.pl\\\/sk\\\/#website\"},\"primaryImageOfPage\":{\"@id\":\"https:\\\/\\\/www.pakery.pl\\\/sk\\\/produkt\\\/pump-do-cream-suspension-fugue-2\\\/#primaryimage\"},\"image\":{\"@id\":\"https:\\\/\\\/www.pakery.pl\\\/sk\\\/produkt\\\/pump-do-cream-suspension-fugue-2\\\/#primaryimage\"},\"thumbnailUrl\":\"https:\\\/\\\/www.pakery.pl\\\/wp-content\\\/uploads\\\/2023\\\/04\\\/PIstolet-Pakerty-GroutGo.png\",\"datePublished\":\"2023-07-21T12:28:48+00:00\",\"description\":\"Skrutkovacie \u010derpadlo na kr\u00e9my, suspenzie, injekt\u00e1\u017e | injekt\u00e1\u017eny kr\u00e9m | injekt\u00e1\u017e | hydroizol\u00e1cia | stavebn\u00e9 injekcie\",\"breadcrumb\":{\"@id\":\"https:\\\/\\\/www.pakery.pl\\\/sk\\\/produkt\\\/pump-do-cream-suspension-fugue-2\\\/#breadcrumb\"},\"inLanguage\":\"sk-SK\",\"potentialAction\":[{\"@type\":\"ReadAction\",\"target\":[\"https:\\\/\\\/www.pakery.pl\\\/sk\\\/produkt\\\/pump-do-cream-suspension-fugue-2\\\/\"]}]},{\"@type\":\"ImageObject\",\"inLanguage\":\"sk-SK\",\"@id\":\"https:\\\/\\\/www.pakery.pl\\\/sk\\\/produkt\\\/pump-do-cream-suspension-fugue-2\\\/#primaryimage\",\"url\":\"https:\\\/\\\/www.pakery.pl\\\/wp-content\\\/uploads\\\/2023\\\/04\\\/PIstolet-Pakerty-GroutGo.png\",\"contentUrl\":\"https:\\\/\\\/www.pakery.pl\\\/wp-content\\\/uploads\\\/2023\\\/04\\\/PIstolet-Pakerty-GroutGo.png\",\"width\":4000,\"height\":4000},{\"@type\":\"BreadcrumbList\",\"@id\":\"https:\\\/\\\/www.pakery.pl\\\/sk\\\/produkt\\\/pump-do-cream-suspension-fugue-2\\\/#breadcrumb\",\"itemListElement\":[{\"@type\":\"ListItem\",\"position\":1,\"name\":\"Strona g\u0142\u00f3wna\",\"item\":\"https:\\\/\\\/www.pakery.pl\\\/sk\\\/\"},{\"@type\":\"ListItem\",\"position\":2,\"name\":\"Ulo\u017ei\u0165\",\"item\":\"https:\\\/\\\/www.pakery.pl\\\/sk\\\/ulozit\\\/\"},{\"@type\":\"ListItem\",\"position\":3,\"name\":\"\u0160nekov\u00e9 \u010derpadlo\"}]},{\"@type\":\"WebSite\",\"@id\":\"https:\\\/\\\/www.pakery.pl\\\/sk\\\/#website\",\"url\":\"https:\\\/\\\/www.pakery.pl\\\/sk\\\/\",\"name\":\"Pakery.pl\",\"description\":\"Pakery iniekcyjne, Kotwy spiralne, Lance iniekcyjne, W\u0119\u017ce do iniekcji, Pompy iniekcyjne, Serwis pomp iniekcyjnych, Wynajem pomp do iniekcji\",\"publisher\":{\"@id\":\"https:\\\/\\\/www.pakery.pl\\\/sk\\\/#organization\"},\"potentialAction\":[{\"@type\":\"SearchAction\",\"target\":{\"@type\":\"EntryPoint\",\"urlTemplate\":\"https:\\\/\\\/www.pakery.pl\\\/sk\\\/?s={search_term_string}\"},\"query-input\":{\"@type\":\"PropertyValueSpecification\",\"valueRequired\":true,\"valueName\":\"search_term_string\"}}],\"inLanguage\":\"sk-SK\"},{\"@type\":\"Organization\",\"@id\":\"https:\\\/\\\/www.pakery.pl\\\/sk\\\/#organization\",\"name\":\"PAKERY.PL\",\"url\":\"https:\\\/\\\/www.pakery.pl\\\/sk\\\/\",\"logo\":{\"@type\":\"ImageObject\",\"inLanguage\":\"sk-SK\",\"@id\":\"https:\\\/\\\/www.pakery.pl\\\/sk\\\/#\\\/schema\\\/logo\\\/image\\\/\",\"url\":\"https:\\\/\\\/www.pakery.pl\\\/wp-content\\\/uploads\\\/2021\\\/04\\\/cropped-PAKERY-LOGO.png\",\"contentUrl\":\"https:\\\/\\\/www.pakery.pl\\\/wp-content\\\/uploads\\\/2021\\\/04\\\/cropped-PAKERY-LOGO.png\",\"width\":1529,\"height\":500,\"caption\":\"PAKERY.PL\"},\"image\":{\"@id\":\"https:\\\/\\\/www.pakery.pl\\\/sk\\\/#\\\/schema\\\/logo\\\/image\\\/\"}}]}<\/script>\n<!-- \/ Yoast SEO plugin. -->","yoast_head_json":{"title":"\u0160nekov\u00e9 \u010derpadlo - PAKERY.PL","description":"Skrutkovacie \u010derpadlo na kr\u00e9my, suspenzie, injekt\u00e1\u017e | injekt\u00e1\u017eny kr\u00e9m | injekt\u00e1\u017e | hydroizol\u00e1cia | stavebn\u00e9 injekcie","robots":{"index":"index","follow":"follow","max-snippet":"max-snippet:-1","max-image-preview":"max-image-preview:large","max-video-preview":"max-video-preview:-1"},"canonical":"https:\/\/www.pakery.pl\/sk\/produkt\/pump-do-cream-suspension-fugue-2\/","og_locale":"sk_SK","og_type":"article","og_title":"\u0160nekov\u00e9 \u010derpadlo - PAKERY.PL","og_description":"Skrutkovacie \u010derpadlo na kr\u00e9my, suspenzie, injekt\u00e1\u017e | injekt\u00e1\u017eny kr\u00e9m | injekt\u00e1\u017e | hydroizol\u00e1cia | stavebn\u00e9 injekcie","og_url":"https:\/\/www.pakery.pl\/sk\/produkt\/pump-do-cream-suspension-fugue-2\/","og_site_name":"PAKERY.PL","og_image":[{"width":1024,"height":1024,"url":"https:\/\/www.pakery.pl\/wp-content\/uploads\/2023\/04\/PIstolet-Pakerty-GroutGo-1024x1024.png","type":"image\/png"}],"twitter_card":"summary_large_image","schema":{"@context":"https:\/\/schema.org","@graph":[{"@type":"WebPage","@id":"https:\/\/www.pakery.pl\/sk\/produkt\/pump-do-cream-suspension-fugue-2\/","url":"https:\/\/www.pakery.pl\/sk\/produkt\/pump-do-cream-suspension-fugue-2\/","name":"\u0160nekov\u00e9 \u010derpadlo - PAKERY.PL","isPartOf":{"@id":"https:\/\/www.pakery.pl\/sk\/#website"},"primaryImageOfPage":{"@id":"https:\/\/www.pakery.pl\/sk\/produkt\/pump-do-cream-suspension-fugue-2\/#primaryimage"},"image":{"@id":"https:\/\/www.pakery.pl\/sk\/produkt\/pump-do-cream-suspension-fugue-2\/#primaryimage"},"thumbnailUrl":"https:\/\/www.pakery.pl\/wp-content\/uploads\/2023\/04\/PIstolet-Pakerty-GroutGo.png","datePublished":"2023-07-21T12:28:48+00:00","description":"Skrutkovacie \u010derpadlo na kr\u00e9my, suspenzie, injekt\u00e1\u017e | injekt\u00e1\u017eny kr\u00e9m | injekt\u00e1\u017e | hydroizol\u00e1cia | stavebn\u00e9 injekcie","breadcrumb":{"@id":"https:\/\/www.pakery.pl\/sk\/produkt\/pump-do-cream-suspension-fugue-2\/#breadcrumb"},"inLanguage":"sk-SK","potentialAction":[{"@type":"ReadAction","target":["https:\/\/www.pakery.pl\/sk\/produkt\/pump-do-cream-suspension-fugue-2\/"]}]},{"@type":"ImageObject","inLanguage":"sk-SK","@id":"https:\/\/www.pakery.pl\/sk\/produkt\/pump-do-cream-suspension-fugue-2\/#primaryimage","url":"https:\/\/www.pakery.pl\/wp-content\/uploads\/2023\/04\/PIstolet-Pakerty-GroutGo.png","contentUrl":"https:\/\/www.pakery.pl\/wp-content\/uploads\/2023\/04\/PIstolet-Pakerty-GroutGo.png","width":4000,"height":4000},{"@type":"BreadcrumbList","@id":"https:\/\/www.pakery.pl\/sk\/produkt\/pump-do-cream-suspension-fugue-2\/#breadcrumb","itemListElement":[{"@type":"ListItem","position":1,"name":"Strona g\u0142\u00f3wna","item":"https:\/\/www.pakery.pl\/sk\/"},{"@type":"ListItem","position":2,"name":"Ulo\u017ei\u0165","item":"https:\/\/www.pakery.pl\/sk\/ulozit\/"},{"@type":"ListItem","position":3,"name":"\u0160nekov\u00e9 \u010derpadlo"}]},{"@type":"WebSite","@id":"https:\/\/www.pakery.pl\/sk\/#website","url":"https:\/\/www.pakery.pl\/sk\/","name":"Pakery.pl","description":"Pakery iniekcyjne, Kotwy spiralne, Lance iniekcyjne, W\u0119\u017ce do iniekcji, Pompy iniekcyjne, Serwis pomp iniekcyjnych, Wynajem pomp do iniekcji","publisher":{"@id":"https:\/\/www.pakery.pl\/sk\/#organization"},"potentialAction":[{"@type":"SearchAction","target":{"@type":"EntryPoint","urlTemplate":"https:\/\/www.pakery.pl\/sk\/?s={search_term_string}"},"query-input":{"@type":"PropertyValueSpecification","valueRequired":true,"valueName":"search_term_string"}}],"inLanguage":"sk-SK"},{"@type":"Organization","@id":"https:\/\/www.pakery.pl\/sk\/#organization","name":"PAKERY.PL","url":"https:\/\/www.pakery.pl\/sk\/","logo":{"@type":"ImageObject","inLanguage":"sk-SK","@id":"https:\/\/www.pakery.pl\/sk\/#\/schema\/logo\/image\/","url":"https:\/\/www.pakery.pl\/wp-content\/uploads\/2021\/04\/cropped-PAKERY-LOGO.png","contentUrl":"https:\/\/www.pakery.pl\/wp-content\/uploads\/2021\/04\/cropped-PAKERY-LOGO.png","width":1529,"height":500,"caption":"PAKERY.PL"},"image":{"@id":"https:\/\/www.pakery.pl\/sk\/#\/schema\/logo\/image\/"}}]}},"_links":{"self":[{"href":"https:\/\/www.pakery.pl\/sk\/wp-json\/wp\/v2\/product\/45552","targetHints":{"allow":["GET"]}}],"collection":[{"href":"https:\/\/www.pakery.pl\/sk\/wp-json\/wp\/v2\/product"}],"about":[{"href":"https:\/\/www.pakery.pl\/sk\/wp-json\/wp\/v2\/types\/product"}],"version-history":[{"count":0,"href":"https:\/\/www.pakery.pl\/sk\/wp-json\/wp\/v2\/product\/45552\/revisions"}],"wp:featuredmedia":[{"embeddable":true,"href":"https:\/\/www.pakery.pl\/sk\/wp-json\/wp\/v2\/media\/44735"}],"wp:attachment":[{"href":"https:\/\/www.pakery.pl\/sk\/wp-json\/wp\/v2\/media?parent=45552"}],"wp:term":[{"taxonomy":"product_brand","embeddable":true,"href":"https:\/\/www.pakery.pl\/sk\/wp-json\/wp\/v2\/product_brand?post=45552"},{"taxonomy":"product_cat","embeddable":true,"href":"https:\/\/www.pakery.pl\/sk\/wp-json\/wp\/v2\/product_cat?post=45552"},{"taxonomy":"product_tag","embeddable":true,"href":"https:\/\/www.pakery.pl\/sk\/wp-json\/wp\/v2\/product_tag?post=45552"}],"curies":[{"name":"wp","href":"https:\/\/api.w.org\/{rel}","templated":true}]}}