{"id":45358,"date":"2023-07-17T15:44:22","date_gmt":"2023-07-21T11:58:46","guid":{"rendered":"https:\/\/www.pakery.pl\/produkt\/vstrekovaci-packer-pi-spm-16-300fwg\/"},"modified":"2023-07-21T13:58:46","modified_gmt":"2023-07-21T11:58:46","slug":"paker-do-iniekcji-pi-sd-16-300swg-2","status":"publish","type":"product","link":"https:\/\/www.pakery.pl\/sk\/produkt\/paker-do-iniekcji-pi-sd-16-300swg-2\/","title":{"rendered":"Vstrekovac\u00ed packer PI-SPM 16\/300fwg"},"content":{"rendered":"","protected":false},"excerpt":{"rendered":"","protected":false},"featured_media":45203,"template":"","meta":{"_acf_changed":false},"product_brand":[],"product_cat":[547],"product_tag":[],"class_list":{"0":"post-45358","1":"product","2":"type-product","3":"status-publish","4":"has-post-thumbnail","6":"product_cat-balicky-kovov","8":"first","9":"instock","10":"taxable","11":"shipping-taxable","12":"product-type-simple"},"acf":[],"yoast_head":"<!-- This site is optimized with the Yoast SEO plugin v27.3 - https:\/\/yoast.com\/product\/yoast-seo-wordpress\/ -->\n<title>Vstrekovac\u00ed packer PI-SPM 16\/300fwg - PAKERY.PL<\/title>\n<meta name=\"description\" content=\"Vstrekovac\u00ed baliaci stroj. V\u00fdnimo\u010dn\u00e1 tesnos\u0165 aj pri ve\u013emi vysok\u00fdch tlakoch. Zaregistrujte sa a vyberte si typ kalamity.\" \/>\n<meta name=\"robots\" content=\"index, follow, max-snippet:-1, max-image-preview:large, max-video-preview:-1\" \/>\n<link rel=\"canonical\" href=\"https:\/\/www.pakery.pl\/sk\/produkt\/paker-do-iniekcji-pi-sd-16-300swg-2\/\" \/>\n<meta property=\"og:locale\" content=\"sk_SK\" \/>\n<meta property=\"og:type\" content=\"article\" \/>\n<meta property=\"og:title\" content=\"Vstrekovac\u00ed packer PI-SPM 16\/300fwg - PAKERY.PL\" \/>\n<meta property=\"og:description\" content=\"Vstrekovac\u00ed baliaci stroj. V\u00fdnimo\u010dn\u00e1 tesnos\u0165 aj pri ve\u013emi vysok\u00fdch tlakoch. Zaregistrujte sa a vyberte si typ kalamity.\" \/>\n<meta property=\"og:url\" content=\"https:\/\/www.pakery.pl\/sk\/produkt\/paker-do-iniekcji-pi-sd-16-300swg-2\/\" \/>\n<meta property=\"og:site_name\" content=\"PAKERY.PL\" \/>\n<meta property=\"og:image\" content=\"https:\/\/www.pakery.pl\/wp-content\/uploads\/2021\/04\/PI-SPM-18300fwg.png\" \/>\n\t<meta property=\"og:image:width\" content=\"2000\" \/>\n\t<meta property=\"og:image:height\" content=\"2000\" \/>\n\t<meta property=\"og:image:type\" content=\"image\/png\" \/>\n<meta name=\"twitter:card\" content=\"summary_large_image\" \/>\n<script type=\"application\/ld+json\" class=\"yoast-schema-graph\">{\"@context\":\"https:\\\/\\\/schema.org\",\"@graph\":[{\"@type\":\"WebPage\",\"@id\":\"https:\\\/\\\/www.pakery.pl\\\/sk\\\/produkt\\\/paker-do-iniekcji-pi-sd-16-300swg-2\\\/\",\"url\":\"https:\\\/\\\/www.pakery.pl\\\/sk\\\/produkt\\\/paker-do-iniekcji-pi-sd-16-300swg-2\\\/\",\"name\":\"Vstrekovac\u00ed packer PI-SPM 16\\\/300fwg - PAKERY.PL\",\"isPartOf\":{\"@id\":\"https:\\\/\\\/www.pakery.pl\\\/sk\\\/#website\"},\"primaryImageOfPage\":{\"@id\":\"https:\\\/\\\/www.pakery.pl\\\/sk\\\/produkt\\\/paker-do-iniekcji-pi-sd-16-300swg-2\\\/#primaryimage\"},\"image\":{\"@id\":\"https:\\\/\\\/www.pakery.pl\\\/sk\\\/produkt\\\/paker-do-iniekcji-pi-sd-16-300swg-2\\\/#primaryimage\"},\"thumbnailUrl\":\"https:\\\/\\\/www.pakery.pl\\\/wp-content\\\/uploads\\\/2021\\\/04\\\/PI-SPM-18300fwg.png\",\"datePublished\":\"2023-07-21T11:58:46+00:00\",\"description\":\"Vstrekovac\u00ed baliaci stroj. V\u00fdnimo\u010dn\u00e1 tesnos\u0165 aj pri ve\u013emi vysok\u00fdch tlakoch. Zaregistrujte sa a vyberte si typ kalamity.\",\"breadcrumb\":{\"@id\":\"https:\\\/\\\/www.pakery.pl\\\/sk\\\/produkt\\\/paker-do-iniekcji-pi-sd-16-300swg-2\\\/#breadcrumb\"},\"inLanguage\":\"sk-SK\",\"potentialAction\":[{\"@type\":\"ReadAction\",\"target\":[\"https:\\\/\\\/www.pakery.pl\\\/sk\\\/produkt\\\/paker-do-iniekcji-pi-sd-16-300swg-2\\\/\"]}]},{\"@type\":\"ImageObject\",\"inLanguage\":\"sk-SK\",\"@id\":\"https:\\\/\\\/www.pakery.pl\\\/sk\\\/produkt\\\/paker-do-iniekcji-pi-sd-16-300swg-2\\\/#primaryimage\",\"url\":\"https:\\\/\\\/www.pakery.pl\\\/wp-content\\\/uploads\\\/2021\\\/04\\\/PI-SPM-18300fwg.png\",\"contentUrl\":\"https:\\\/\\\/www.pakery.pl\\\/wp-content\\\/uploads\\\/2021\\\/04\\\/PI-SPM-18300fwg.png\",\"width\":2000,\"height\":2000},{\"@type\":\"BreadcrumbList\",\"@id\":\"https:\\\/\\\/www.pakery.pl\\\/sk\\\/produkt\\\/paker-do-iniekcji-pi-sd-16-300swg-2\\\/#breadcrumb\",\"itemListElement\":[{\"@type\":\"ListItem\",\"position\":1,\"name\":\"Strona g\u0142\u00f3wna\",\"item\":\"https:\\\/\\\/www.pakery.pl\\\/sk\\\/\"},{\"@type\":\"ListItem\",\"position\":2,\"name\":\"Ulo\u017ei\u0165\",\"item\":\"https:\\\/\\\/www.pakery.pl\\\/sk\\\/ulozit\\\/\"},{\"@type\":\"ListItem\",\"position\":3,\"name\":\"Vstrekovac\u00ed packer PI-SPM 16\\\/300fwg\"}]},{\"@type\":\"WebSite\",\"@id\":\"https:\\\/\\\/www.pakery.pl\\\/sk\\\/#website\",\"url\":\"https:\\\/\\\/www.pakery.pl\\\/sk\\\/\",\"name\":\"Pakery.pl\",\"description\":\"Pakery iniekcyjne, Kotwy spiralne, Lance iniekcyjne, W\u0119\u017ce do iniekcji, Pompy iniekcyjne, Serwis pomp iniekcyjnych, Wynajem pomp do iniekcji\",\"publisher\":{\"@id\":\"https:\\\/\\\/www.pakery.pl\\\/sk\\\/#organization\"},\"potentialAction\":[{\"@type\":\"SearchAction\",\"target\":{\"@type\":\"EntryPoint\",\"urlTemplate\":\"https:\\\/\\\/www.pakery.pl\\\/sk\\\/?s={search_term_string}\"},\"query-input\":{\"@type\":\"PropertyValueSpecification\",\"valueRequired\":true,\"valueName\":\"search_term_string\"}}],\"inLanguage\":\"sk-SK\"},{\"@type\":\"Organization\",\"@id\":\"https:\\\/\\\/www.pakery.pl\\\/sk\\\/#organization\",\"name\":\"PAKERY.PL\",\"url\":\"https:\\\/\\\/www.pakery.pl\\\/sk\\\/\",\"logo\":{\"@type\":\"ImageObject\",\"inLanguage\":\"sk-SK\",\"@id\":\"https:\\\/\\\/www.pakery.pl\\\/sk\\\/#\\\/schema\\\/logo\\\/image\\\/\",\"url\":\"https:\\\/\\\/www.pakery.pl\\\/wp-content\\\/uploads\\\/2021\\\/04\\\/cropped-PAKERY-LOGO.png\",\"contentUrl\":\"https:\\\/\\\/www.pakery.pl\\\/wp-content\\\/uploads\\\/2021\\\/04\\\/cropped-PAKERY-LOGO.png\",\"width\":1529,\"height\":500,\"caption\":\"PAKERY.PL\"},\"image\":{\"@id\":\"https:\\\/\\\/www.pakery.pl\\\/sk\\\/#\\\/schema\\\/logo\\\/image\\\/\"}}]}<\/script>\n<!-- \/ Yoast SEO plugin. -->","yoast_head_json":{"title":"Vstrekovac\u00ed packer PI-SPM 16\/300fwg - PAKERY.PL","description":"Vstrekovac\u00ed baliaci stroj. V\u00fdnimo\u010dn\u00e1 tesnos\u0165 aj pri ve\u013emi vysok\u00fdch tlakoch. Zaregistrujte sa a vyberte si typ kalamity.","robots":{"index":"index","follow":"follow","max-snippet":"max-snippet:-1","max-image-preview":"max-image-preview:large","max-video-preview":"max-video-preview:-1"},"canonical":"https:\/\/www.pakery.pl\/sk\/produkt\/paker-do-iniekcji-pi-sd-16-300swg-2\/","og_locale":"sk_SK","og_type":"article","og_title":"Vstrekovac\u00ed packer PI-SPM 16\/300fwg - PAKERY.PL","og_description":"Vstrekovac\u00ed baliaci stroj. V\u00fdnimo\u010dn\u00e1 tesnos\u0165 aj pri ve\u013emi vysok\u00fdch tlakoch. Zaregistrujte sa a vyberte si typ kalamity.","og_url":"https:\/\/www.pakery.pl\/sk\/produkt\/paker-do-iniekcji-pi-sd-16-300swg-2\/","og_site_name":"PAKERY.PL","og_image":[{"width":2000,"height":2000,"url":"https:\/\/www.pakery.pl\/wp-content\/uploads\/2021\/04\/PI-SPM-18300fwg.png","type":"image\/png"}],"twitter_card":"summary_large_image","schema":{"@context":"https:\/\/schema.org","@graph":[{"@type":"WebPage","@id":"https:\/\/www.pakery.pl\/sk\/produkt\/paker-do-iniekcji-pi-sd-16-300swg-2\/","url":"https:\/\/www.pakery.pl\/sk\/produkt\/paker-do-iniekcji-pi-sd-16-300swg-2\/","name":"Vstrekovac\u00ed packer PI-SPM 16\/300fwg - PAKERY.PL","isPartOf":{"@id":"https:\/\/www.pakery.pl\/sk\/#website"},"primaryImageOfPage":{"@id":"https:\/\/www.pakery.pl\/sk\/produkt\/paker-do-iniekcji-pi-sd-16-300swg-2\/#primaryimage"},"image":{"@id":"https:\/\/www.pakery.pl\/sk\/produkt\/paker-do-iniekcji-pi-sd-16-300swg-2\/#primaryimage"},"thumbnailUrl":"https:\/\/www.pakery.pl\/wp-content\/uploads\/2021\/04\/PI-SPM-18300fwg.png","datePublished":"2023-07-21T11:58:46+00:00","description":"Vstrekovac\u00ed baliaci stroj. V\u00fdnimo\u010dn\u00e1 tesnos\u0165 aj pri ve\u013emi vysok\u00fdch tlakoch. Zaregistrujte sa a vyberte si typ kalamity.","breadcrumb":{"@id":"https:\/\/www.pakery.pl\/sk\/produkt\/paker-do-iniekcji-pi-sd-16-300swg-2\/#breadcrumb"},"inLanguage":"sk-SK","potentialAction":[{"@type":"ReadAction","target":["https:\/\/www.pakery.pl\/sk\/produkt\/paker-do-iniekcji-pi-sd-16-300swg-2\/"]}]},{"@type":"ImageObject","inLanguage":"sk-SK","@id":"https:\/\/www.pakery.pl\/sk\/produkt\/paker-do-iniekcji-pi-sd-16-300swg-2\/#primaryimage","url":"https:\/\/www.pakery.pl\/wp-content\/uploads\/2021\/04\/PI-SPM-18300fwg.png","contentUrl":"https:\/\/www.pakery.pl\/wp-content\/uploads\/2021\/04\/PI-SPM-18300fwg.png","width":2000,"height":2000},{"@type":"BreadcrumbList","@id":"https:\/\/www.pakery.pl\/sk\/produkt\/paker-do-iniekcji-pi-sd-16-300swg-2\/#breadcrumb","itemListElement":[{"@type":"ListItem","position":1,"name":"Strona g\u0142\u00f3wna","item":"https:\/\/www.pakery.pl\/sk\/"},{"@type":"ListItem","position":2,"name":"Ulo\u017ei\u0165","item":"https:\/\/www.pakery.pl\/sk\/ulozit\/"},{"@type":"ListItem","position":3,"name":"Vstrekovac\u00ed packer PI-SPM 16\/300fwg"}]},{"@type":"WebSite","@id":"https:\/\/www.pakery.pl\/sk\/#website","url":"https:\/\/www.pakery.pl\/sk\/","name":"Pakery.pl","description":"Pakery iniekcyjne, Kotwy spiralne, Lance iniekcyjne, W\u0119\u017ce do iniekcji, Pompy iniekcyjne, Serwis pomp iniekcyjnych, Wynajem pomp do iniekcji","publisher":{"@id":"https:\/\/www.pakery.pl\/sk\/#organization"},"potentialAction":[{"@type":"SearchAction","target":{"@type":"EntryPoint","urlTemplate":"https:\/\/www.pakery.pl\/sk\/?s={search_term_string}"},"query-input":{"@type":"PropertyValueSpecification","valueRequired":true,"valueName":"search_term_string"}}],"inLanguage":"sk-SK"},{"@type":"Organization","@id":"https:\/\/www.pakery.pl\/sk\/#organization","name":"PAKERY.PL","url":"https:\/\/www.pakery.pl\/sk\/","logo":{"@type":"ImageObject","inLanguage":"sk-SK","@id":"https:\/\/www.pakery.pl\/sk\/#\/schema\/logo\/image\/","url":"https:\/\/www.pakery.pl\/wp-content\/uploads\/2021\/04\/cropped-PAKERY-LOGO.png","contentUrl":"https:\/\/www.pakery.pl\/wp-content\/uploads\/2021\/04\/cropped-PAKERY-LOGO.png","width":1529,"height":500,"caption":"PAKERY.PL"},"image":{"@id":"https:\/\/www.pakery.pl\/sk\/#\/schema\/logo\/image\/"}}]}},"_links":{"self":[{"href":"https:\/\/www.pakery.pl\/sk\/wp-json\/wp\/v2\/product\/45358","targetHints":{"allow":["GET"]}}],"collection":[{"href":"https:\/\/www.pakery.pl\/sk\/wp-json\/wp\/v2\/product"}],"about":[{"href":"https:\/\/www.pakery.pl\/sk\/wp-json\/wp\/v2\/types\/product"}],"version-history":[{"count":0,"href":"https:\/\/www.pakery.pl\/sk\/wp-json\/wp\/v2\/product\/45358\/revisions"}],"wp:featuredmedia":[{"embeddable":true,"href":"https:\/\/www.pakery.pl\/sk\/wp-json\/wp\/v2\/media\/45203"}],"wp:attachment":[{"href":"https:\/\/www.pakery.pl\/sk\/wp-json\/wp\/v2\/media?parent=45358"}],"wp:term":[{"taxonomy":"product_brand","embeddable":true,"href":"https:\/\/www.pakery.pl\/sk\/wp-json\/wp\/v2\/product_brand?post=45358"},{"taxonomy":"product_cat","embeddable":true,"href":"https:\/\/www.pakery.pl\/sk\/wp-json\/wp\/v2\/product_cat?post=45358"},{"taxonomy":"product_tag","embeddable":true,"href":"https:\/\/www.pakery.pl\/sk\/wp-json\/wp\/v2\/product_tag?post=45358"}],"curies":[{"name":"wp","href":"https:\/\/api.w.org\/{rel}","templated":true}]}}