{"id":4519,"date":"2021-04-21T12:18:40","date_gmt":"2021-05-26T12:53:47","guid":{"rendered":"https:\/\/www.pakery.pl\/produkt\/pi-spm-13-110eco\/"},"modified":"2021-09-01T15:06:49","modified_gmt":"2021-09-01T13:06:49","slug":"pi-spm-13-110eco","status":"publish","type":"product","link":"https:\/\/www.pakery.pl\/sk\/produkt\/pi-spm-13-110eco\/","title":{"rendered":"PI-SPM 13\/110eco"},"content":{"rendered":"<p><strong>Our most popular steel packer PI-SPM 13\/110 now in an economy line version<\/strong>. Packer (that is steel body, together with expanding rubber the same as in the professional line version), the difference is in the used budget ECO calamite.<\/p>\n<p>Nipple provide tight injector delivery at low and high pressures, but with low injector flow rates. Very attractive price.<\/p>\n<p>Recommended for epoxy resins (possibility of breaking the body with a hammer, easier cutting), and for polyurethane resins which are not very expansive and do not foam, where there is little back pressure.<\/p>\n<p>However, if you are a person looking for the highest quality, we invite you to <strong>use the professional line<\/strong> or the highest quality <strong>Hammpack injection packers.<\/strong><\/p>\n","protected":false},"excerpt":{"rendered":"<p>Our most popular steel packer PI-SPM 13\/110 now in an economy line version. Packer (that is steel body, together with expanding rubber the same as in the professional line version), the difference is in the used budget ECO calamite. Nipple provide tight injector delivery at low and high pressures, but with low injector flow rates. [&hellip;]<\/p>\n","protected":false},"featured_media":3694,"template":"","meta":{"_acf_changed":false},"product_brand":[],"product_cat":[60,58],"product_tag":[],"class_list":{"0":"post-4519","1":"product","2":"type-product","3":"status-publish","4":"has-post-thumbnail","6":"product_cat-economy-packers-en-2","7":"product_cat-injection-packers","9":"first","10":"instock","11":"taxable","12":"shipping-taxable","13":"purchasable","14":"product-type-simple"},"acf":[],"yoast_head":"<!-- This site is optimized with the Yoast SEO plugin v27.3 - https:\/\/yoast.com\/product\/yoast-seo-wordpress\/ -->\n<title>PI-SPM 13\/110eco - PAKERY.PL<\/title>\n<meta name=\"robots\" content=\"index, follow, max-snippet:-1, max-image-preview:large, max-video-preview:-1\" \/>\n<link rel=\"canonical\" href=\"https:\/\/www.pakery.pl\/sk\/produkt\/pi-spm-13-110eco\/\" \/>\n<meta property=\"og:locale\" content=\"sk_SK\" \/>\n<meta property=\"og:type\" content=\"article\" \/>\n<meta property=\"og:title\" content=\"PI-SPM 13\/110eco - PAKERY.PL\" \/>\n<meta property=\"og:description\" content=\"Our most popular steel packer PI-SPM 13\/110 now in an economy line version. Packer (that is steel body, together with expanding rubber the same as in the professional line version), the difference is in the used budget ECO calamite. Nipple provide tight injector delivery at low and high pressures, but with low injector flow rates. [&hellip;]\" \/>\n<meta property=\"og:url\" content=\"https:\/\/www.pakery.pl\/sk\/produkt\/pi-spm-13-110eco\/\" \/>\n<meta property=\"og:site_name\" content=\"PAKERY.PL\" \/>\n<meta property=\"article:modified_time\" content=\"2021-09-01T13:06:49+00:00\" \/>\n<meta property=\"og:image\" content=\"https:\/\/www.pakery.pl\/wp-content\/uploads\/2021\/05\/spm-13110-Eco.png\" \/>\n\t<meta property=\"og:image:width\" content=\"2500\" \/>\n\t<meta property=\"og:image:height\" content=\"2500\" \/>\n\t<meta property=\"og:image:type\" content=\"image\/png\" \/>\n<meta name=\"twitter:card\" content=\"summary_large_image\" \/>\n<meta name=\"twitter:label1\" content=\"Predpokladan\u00fd \u010das \u010d\u00edtania\" \/>\n\t<meta name=\"twitter:data1\" content=\"1 min\u00fata\" \/>\n<script type=\"application\/ld+json\" class=\"yoast-schema-graph\">{\"@context\":\"https:\\\/\\\/schema.org\",\"@graph\":[{\"@type\":\"WebPage\",\"@id\":\"https:\\\/\\\/www.pakery.pl\\\/sk\\\/produkt\\\/pi-spm-13-110eco\\\/\",\"url\":\"https:\\\/\\\/www.pakery.pl\\\/sk\\\/produkt\\\/pi-spm-13-110eco\\\/\",\"name\":\"PI-SPM 13\\\/110eco - PAKERY.PL\",\"isPartOf\":{\"@id\":\"https:\\\/\\\/www.pakery.pl\\\/sk\\\/#website\"},\"primaryImageOfPage\":{\"@id\":\"https:\\\/\\\/www.pakery.pl\\\/sk\\\/produkt\\\/pi-spm-13-110eco\\\/#primaryimage\"},\"image\":{\"@id\":\"https:\\\/\\\/www.pakery.pl\\\/sk\\\/produkt\\\/pi-spm-13-110eco\\\/#primaryimage\"},\"thumbnailUrl\":\"https:\\\/\\\/www.pakery.pl\\\/wp-content\\\/uploads\\\/2021\\\/05\\\/spm-13110-Eco.png\",\"datePublished\":\"2021-05-26T12:53:47+00:00\",\"dateModified\":\"2021-09-01T13:06:49+00:00\",\"breadcrumb\":{\"@id\":\"https:\\\/\\\/www.pakery.pl\\\/sk\\\/produkt\\\/pi-spm-13-110eco\\\/#breadcrumb\"},\"inLanguage\":\"sk-SK\",\"potentialAction\":[{\"@type\":\"ReadAction\",\"target\":[\"https:\\\/\\\/www.pakery.pl\\\/sk\\\/produkt\\\/pi-spm-13-110eco\\\/\"]}]},{\"@type\":\"ImageObject\",\"inLanguage\":\"sk-SK\",\"@id\":\"https:\\\/\\\/www.pakery.pl\\\/sk\\\/produkt\\\/pi-spm-13-110eco\\\/#primaryimage\",\"url\":\"https:\\\/\\\/www.pakery.pl\\\/wp-content\\\/uploads\\\/2021\\\/05\\\/spm-13110-Eco.png\",\"contentUrl\":\"https:\\\/\\\/www.pakery.pl\\\/wp-content\\\/uploads\\\/2021\\\/05\\\/spm-13110-Eco.png\",\"width\":2500,\"height\":2500,\"caption\":\"iniektor paker do iniekcji\"},{\"@type\":\"BreadcrumbList\",\"@id\":\"https:\\\/\\\/www.pakery.pl\\\/sk\\\/produkt\\\/pi-spm-13-110eco\\\/#breadcrumb\",\"itemListElement\":[{\"@type\":\"ListItem\",\"position\":1,\"name\":\"Strona g\u0142\u00f3wna\",\"item\":\"https:\\\/\\\/www.pakery.pl\\\/sk\\\/\"},{\"@type\":\"ListItem\",\"position\":2,\"name\":\"Ulo\u017ei\u0165\",\"item\":\"https:\\\/\\\/www.pakery.pl\\\/sk\\\/ulozit\\\/\"},{\"@type\":\"ListItem\",\"position\":3,\"name\":\"PI-SPM 13\\\/110eco\"}]},{\"@type\":\"WebSite\",\"@id\":\"https:\\\/\\\/www.pakery.pl\\\/sk\\\/#website\",\"url\":\"https:\\\/\\\/www.pakery.pl\\\/sk\\\/\",\"name\":\"Pakery.pl\",\"description\":\"Pakery iniekcyjne, Kotwy spiralne, Lance iniekcyjne, W\u0119\u017ce do iniekcji, Pompy iniekcyjne, Serwis pomp iniekcyjnych, Wynajem pomp do iniekcji\",\"publisher\":{\"@id\":\"https:\\\/\\\/www.pakery.pl\\\/sk\\\/#organization\"},\"potentialAction\":[{\"@type\":\"SearchAction\",\"target\":{\"@type\":\"EntryPoint\",\"urlTemplate\":\"https:\\\/\\\/www.pakery.pl\\\/sk\\\/?s={search_term_string}\"},\"query-input\":{\"@type\":\"PropertyValueSpecification\",\"valueRequired\":true,\"valueName\":\"search_term_string\"}}],\"inLanguage\":\"sk-SK\"},{\"@type\":\"Organization\",\"@id\":\"https:\\\/\\\/www.pakery.pl\\\/sk\\\/#organization\",\"name\":\"PAKERY.PL\",\"url\":\"https:\\\/\\\/www.pakery.pl\\\/sk\\\/\",\"logo\":{\"@type\":\"ImageObject\",\"inLanguage\":\"sk-SK\",\"@id\":\"https:\\\/\\\/www.pakery.pl\\\/sk\\\/#\\\/schema\\\/logo\\\/image\\\/\",\"url\":\"https:\\\/\\\/www.pakery.pl\\\/wp-content\\\/uploads\\\/2021\\\/04\\\/cropped-PAKERY-LOGO.png\",\"contentUrl\":\"https:\\\/\\\/www.pakery.pl\\\/wp-content\\\/uploads\\\/2021\\\/04\\\/cropped-PAKERY-LOGO.png\",\"width\":1529,\"height\":500,\"caption\":\"PAKERY.PL\"},\"image\":{\"@id\":\"https:\\\/\\\/www.pakery.pl\\\/sk\\\/#\\\/schema\\\/logo\\\/image\\\/\"}}]}<\/script>\n<!-- \/ Yoast SEO plugin. -->","yoast_head_json":{"title":"PI-SPM 13\/110eco - PAKERY.PL","robots":{"index":"index","follow":"follow","max-snippet":"max-snippet:-1","max-image-preview":"max-image-preview:large","max-video-preview":"max-video-preview:-1"},"canonical":"https:\/\/www.pakery.pl\/sk\/produkt\/pi-spm-13-110eco\/","og_locale":"sk_SK","og_type":"article","og_title":"PI-SPM 13\/110eco - PAKERY.PL","og_description":"Our most popular steel packer PI-SPM 13\/110 now in an economy line version. Packer (that is steel body, together with expanding rubber the same as in the professional line version), the difference is in the used budget ECO calamite. Nipple provide tight injector delivery at low and high pressures, but with low injector flow rates. [&hellip;]","og_url":"https:\/\/www.pakery.pl\/sk\/produkt\/pi-spm-13-110eco\/","og_site_name":"PAKERY.PL","article_modified_time":"2021-09-01T13:06:49+00:00","og_image":[{"width":2500,"height":2500,"url":"https:\/\/www.pakery.pl\/wp-content\/uploads\/2021\/05\/spm-13110-Eco.png","type":"image\/png"}],"twitter_card":"summary_large_image","twitter_misc":{"Predpokladan\u00fd \u010das \u010d\u00edtania":"1 min\u00fata"},"schema":{"@context":"https:\/\/schema.org","@graph":[{"@type":"WebPage","@id":"https:\/\/www.pakery.pl\/sk\/produkt\/pi-spm-13-110eco\/","url":"https:\/\/www.pakery.pl\/sk\/produkt\/pi-spm-13-110eco\/","name":"PI-SPM 13\/110eco - PAKERY.PL","isPartOf":{"@id":"https:\/\/www.pakery.pl\/sk\/#website"},"primaryImageOfPage":{"@id":"https:\/\/www.pakery.pl\/sk\/produkt\/pi-spm-13-110eco\/#primaryimage"},"image":{"@id":"https:\/\/www.pakery.pl\/sk\/produkt\/pi-spm-13-110eco\/#primaryimage"},"thumbnailUrl":"https:\/\/www.pakery.pl\/wp-content\/uploads\/2021\/05\/spm-13110-Eco.png","datePublished":"2021-05-26T12:53:47+00:00","dateModified":"2021-09-01T13:06:49+00:00","breadcrumb":{"@id":"https:\/\/www.pakery.pl\/sk\/produkt\/pi-spm-13-110eco\/#breadcrumb"},"inLanguage":"sk-SK","potentialAction":[{"@type":"ReadAction","target":["https:\/\/www.pakery.pl\/sk\/produkt\/pi-spm-13-110eco\/"]}]},{"@type":"ImageObject","inLanguage":"sk-SK","@id":"https:\/\/www.pakery.pl\/sk\/produkt\/pi-spm-13-110eco\/#primaryimage","url":"https:\/\/www.pakery.pl\/wp-content\/uploads\/2021\/05\/spm-13110-Eco.png","contentUrl":"https:\/\/www.pakery.pl\/wp-content\/uploads\/2021\/05\/spm-13110-Eco.png","width":2500,"height":2500,"caption":"iniektor paker do iniekcji"},{"@type":"BreadcrumbList","@id":"https:\/\/www.pakery.pl\/sk\/produkt\/pi-spm-13-110eco\/#breadcrumb","itemListElement":[{"@type":"ListItem","position":1,"name":"Strona g\u0142\u00f3wna","item":"https:\/\/www.pakery.pl\/sk\/"},{"@type":"ListItem","position":2,"name":"Ulo\u017ei\u0165","item":"https:\/\/www.pakery.pl\/sk\/ulozit\/"},{"@type":"ListItem","position":3,"name":"PI-SPM 13\/110eco"}]},{"@type":"WebSite","@id":"https:\/\/www.pakery.pl\/sk\/#website","url":"https:\/\/www.pakery.pl\/sk\/","name":"Pakery.pl","description":"Pakery iniekcyjne, Kotwy spiralne, Lance iniekcyjne, W\u0119\u017ce do iniekcji, Pompy iniekcyjne, Serwis pomp iniekcyjnych, Wynajem pomp do iniekcji","publisher":{"@id":"https:\/\/www.pakery.pl\/sk\/#organization"},"potentialAction":[{"@type":"SearchAction","target":{"@type":"EntryPoint","urlTemplate":"https:\/\/www.pakery.pl\/sk\/?s={search_term_string}"},"query-input":{"@type":"PropertyValueSpecification","valueRequired":true,"valueName":"search_term_string"}}],"inLanguage":"sk-SK"},{"@type":"Organization","@id":"https:\/\/www.pakery.pl\/sk\/#organization","name":"PAKERY.PL","url":"https:\/\/www.pakery.pl\/sk\/","logo":{"@type":"ImageObject","inLanguage":"sk-SK","@id":"https:\/\/www.pakery.pl\/sk\/#\/schema\/logo\/image\/","url":"https:\/\/www.pakery.pl\/wp-content\/uploads\/2021\/04\/cropped-PAKERY-LOGO.png","contentUrl":"https:\/\/www.pakery.pl\/wp-content\/uploads\/2021\/04\/cropped-PAKERY-LOGO.png","width":1529,"height":500,"caption":"PAKERY.PL"},"image":{"@id":"https:\/\/www.pakery.pl\/sk\/#\/schema\/logo\/image\/"}}]}},"_links":{"self":[{"href":"https:\/\/www.pakery.pl\/sk\/wp-json\/wp\/v2\/product\/4519","targetHints":{"allow":["GET"]}}],"collection":[{"href":"https:\/\/www.pakery.pl\/sk\/wp-json\/wp\/v2\/product"}],"about":[{"href":"https:\/\/www.pakery.pl\/sk\/wp-json\/wp\/v2\/types\/product"}],"version-history":[{"count":2,"href":"https:\/\/www.pakery.pl\/sk\/wp-json\/wp\/v2\/product\/4519\/revisions"}],"predecessor-version":[{"id":36924,"href":"https:\/\/www.pakery.pl\/sk\/wp-json\/wp\/v2\/product\/4519\/revisions\/36924"}],"wp:featuredmedia":[{"embeddable":true,"href":"https:\/\/www.pakery.pl\/sk\/wp-json\/wp\/v2\/media\/3694"}],"wp:attachment":[{"href":"https:\/\/www.pakery.pl\/sk\/wp-json\/wp\/v2\/media?parent=4519"}],"wp:term":[{"taxonomy":"product_brand","embeddable":true,"href":"https:\/\/www.pakery.pl\/sk\/wp-json\/wp\/v2\/product_brand?post=4519"},{"taxonomy":"product_cat","embeddable":true,"href":"https:\/\/www.pakery.pl\/sk\/wp-json\/wp\/v2\/product_cat?post=4519"},{"taxonomy":"product_tag","embeddable":true,"href":"https:\/\/www.pakery.pl\/sk\/wp-json\/wp\/v2\/product_tag?post=4519"}],"curies":[{"name":"wp","href":"https:\/\/api.w.org\/{rel}","templated":true}]}}