{"id":44172,"date":"2022-06-08T12:23:39","date_gmt":"2023-04-06T08:25:09","guid":{"rendered":"https:\/\/www.pakery.pl\/produkt\/malta-pre-spiralove-kotvy\/"},"modified":"2023-04-06T10:25:13","modified_gmt":"2023-04-06T08:25:13","slug":"malta-pre-spiralove-kotvy","status":"publish","type":"product","link":"https:\/\/www.pakery.pl\/sk\/produkt\/malta-pre-spiralove-kotvy\/","title":{"rendered":"Malta pre \u0161pir\u00e1lov\u00e9 kotvy"},"content":{"rendered":"\t\t<div data-elementor-type=\"product-post\" data-elementor-id=\"44172\" class=\"elementor elementor-44172 elementor-40976\" data-elementor-post-type=\"product\">\n\t\t\t\t\t\t<section class=\"elementor-section elementor-top-section elementor-element elementor-element-b2fa047 elementor-section-boxed elementor-section-height-default elementor-section-height-default\" data-id=\"b2fa047\" data-element_type=\"section\" data-e-type=\"section\">\n\t\t\t\t\t\t<div class=\"elementor-container elementor-column-gap-default\">\n\t\t\t\t\t<div class=\"elementor-column elementor-col-100 elementor-top-column elementor-element elementor-element-c305895\" data-id=\"c305895\" data-element_type=\"column\" data-e-type=\"column\">\n\t\t\t<div class=\"elementor-widget-wrap elementor-element-populated\">\n\t\t\t\t\t\t<div class=\"elementor-element elementor-element-354948f elementor-widget elementor-widget-image\" data-id=\"354948f\" data-element_type=\"widget\" data-e-type=\"widget\" data-widget_type=\"image.default\">\n\t\t\t\t<div class=\"elementor-widget-container\">\n\t\t\t\t\t\t\t\t\t\t\t\t\t\t\t<img fetchpriority=\"high\" decoding=\"async\" width=\"1024\" height=\"263\" src=\"https:\/\/www.pakery.pl\/wp-content\/uploads\/2022\/06\/Zrzut-ekranu-2022-06-8-o-12.28.11-1024x263.png\" class=\"attachment-large size-large wp-image-41048\" alt=\"\" srcset=\"https:\/\/www.pakery.pl\/wp-content\/uploads\/2022\/06\/Zrzut-ekranu-2022-06-8-o-12.28.11-1024x263.png 1024w, https:\/\/www.pakery.pl\/wp-content\/uploads\/2022\/06\/Zrzut-ekranu-2022-06-8-o-12.28.11-300x77.png 300w, https:\/\/www.pakery.pl\/wp-content\/uploads\/2022\/06\/Zrzut-ekranu-2022-06-8-o-12.28.11-768x198.png 768w, https:\/\/www.pakery.pl\/wp-content\/uploads\/2022\/06\/Zrzut-ekranu-2022-06-8-o-12.28.11-683x176.png 683w, https:\/\/www.pakery.pl\/wp-content\/uploads\/2022\/06\/Zrzut-ekranu-2022-06-8-o-12.28.11-602x155.png 602w, https:\/\/www.pakery.pl\/wp-content\/uploads\/2022\/06\/Zrzut-ekranu-2022-06-8-o-12.28.11.png 1178w\" sizes=\"(max-width: 1024px) 100vw, 1024px\" \/>\t\t\t\t\t\t\t\t\t\t\t\t\t\t\t<\/div>\n\t\t\t\t<\/div>\n\t\t\t\t\t<\/div>\n\t\t<\/div>\n\t\t\t\t\t<\/div>\n\t\t<\/section>\n\t\t\t\t<section class=\"elementor-section elementor-top-section elementor-element elementor-element-5d89434 elementor-section-boxed elementor-section-height-default elementor-section-height-default\" data-id=\"5d89434\" data-element_type=\"section\" data-e-type=\"section\">\n\t\t\t\t\t\t<div class=\"elementor-container elementor-column-gap-default\">\n\t\t\t\t\t<div class=\"elementor-column elementor-col-100 elementor-top-column elementor-element elementor-element-0581122\" data-id=\"0581122\" data-element_type=\"column\" data-e-type=\"column\">\n\t\t\t<div class=\"elementor-widget-wrap elementor-element-populated\">\n\t\t\t\t\t\t<div class=\"elementor-element elementor-element-ac4564d elementor-widget elementor-widget-text-editor\" data-id=\"ac4564d\" data-element_type=\"widget\" data-e-type=\"widget\" data-widget_type=\"text-editor.default\">\n\t\t\t\t<div class=\"elementor-widget-container\">\n\t\t\t\t\t\t\t\t\t<p><b>\u0160pecializovan\u00e1 malta pre \u0161pir\u00e1lov\u00e9 kotvy AnkerBau<\/b><\/p>\n<p>AnkerBau je jednozlo\u017ekov\u00fd v\u00fdrobok s dobrou pri\u013enavos\u0165ou k sten\u00e1m sp\u00e1jan\u00e9ho materi\u00e1lu. Ur\u010den\u00e9 na osadzovanie \u0161pir\u00e1lov\u00fdch kotiev v syst\u00e9me na vystu\u017eovanie popraskan\u00fdch murovan\u00fdch kon\u0161trukci\u00ed. Vyvinut\u00e9 s mo\u017enos\u0165ou strojov\u00e9ho pou\u017eitia.<\/p>\n\t\t\t\t\t\t\t\t<\/div>\n\t\t\t\t<\/div>\n\t\t\t\t\t<\/div>\n\t\t<\/div>\n\t\t\t\t\t<\/div>\n\t\t<\/section>\n\t\t\t\t<section class=\"elementor-section elementor-top-section elementor-element elementor-element-7131c6d elementor-section-boxed elementor-section-height-default elementor-section-height-default\" data-id=\"7131c6d\" data-element_type=\"section\" data-e-type=\"section\">\n\t\t\t\t\t\t<div class=\"elementor-container elementor-column-gap-default\">\n\t\t\t\t\t<div class=\"elementor-column elementor-col-50 elementor-top-column elementor-element elementor-element-1750266\" data-id=\"1750266\" data-element_type=\"column\" data-e-type=\"column\">\n\t\t\t<div class=\"elementor-widget-wrap elementor-element-populated\">\n\t\t\t\t\t\t<div class=\"elementor-element elementor-element-3e0ec99 elementor-widget elementor-widget-text-editor\" data-id=\"3e0ec99\" data-element_type=\"widget\" data-e-type=\"widget\" data-widget_type=\"text-editor.default\">\n\t\t\t\t<div class=\"elementor-widget-container\">\n\t\t\t\t\t\t\t\t\t<div class=\"page\" style=\"caret-color: #000000; color: #000000;\" title=\"Strana 1\">\n<div class=\"section\">\n<div class=\"layoutArea\">\n<div class=\"column\">\n<p><span style=\"font-size: 14pt; font-family: ArialNarrow; font-weight: bold; color: #14408a;\">Oblasti pou\u017eitia  <\/span><\/p>\n<\/div>\n<\/div>\n<\/div>\n<\/div>\n\t\t\t\t\t\t\t\t<\/div>\n\t\t\t\t<\/div>\n\t\t\t\t\t<\/div>\n\t\t<\/div>\n\t\t\t\t<div class=\"elementor-column elementor-col-50 elementor-top-column elementor-element elementor-element-45469ac\" data-id=\"45469ac\" data-element_type=\"column\" data-e-type=\"column\">\n\t\t\t<div class=\"elementor-widget-wrap\">\n\t\t\t\t\t\t\t<\/div>\n\t\t<\/div>\n\t\t\t\t\t<\/div>\n\t\t<\/section>\n\t\t\t\t<section class=\"elementor-section elementor-top-section elementor-element elementor-element-ce0d094 elementor-section-boxed elementor-section-height-default elementor-section-height-default\" data-id=\"ce0d094\" data-element_type=\"section\" data-e-type=\"section\">\n\t\t\t\t\t\t<div class=\"elementor-container elementor-column-gap-default\">\n\t\t\t\t\t<div class=\"elementor-column elementor-col-50 elementor-top-column elementor-element elementor-element-3a30e12\" data-id=\"3a30e12\" data-element_type=\"column\" data-e-type=\"column\">\n\t\t\t<div class=\"elementor-widget-wrap elementor-element-populated\">\n\t\t\t\t\t\t<div class=\"elementor-element elementor-element-0721e62 elementor-widget elementor-widget-image\" data-id=\"0721e62\" data-element_type=\"widget\" data-e-type=\"widget\" data-widget_type=\"image.default\">\n\t\t\t\t<div class=\"elementor-widget-container\">\n\t\t\t\t\t\t\t\t\t\t\t\t\t\t\t<img decoding=\"async\" width=\"122\" height=\"119\" src=\"https:\/\/www.pakery.pl\/wp-content\/uploads\/2022\/06\/Zrzut-ekranu-2022-11-17-o-12.13.56.png\" class=\"attachment-large size-large wp-image-42648\" alt=\"\" \/>\t\t\t\t\t\t\t\t\t\t\t\t\t\t\t<\/div>\n\t\t\t\t<\/div>\n\t\t\t\t\t<\/div>\n\t\t<\/div>\n\t\t\t\t<div class=\"elementor-column elementor-col-50 elementor-top-column elementor-element elementor-element-36a6732\" data-id=\"36a6732\" data-element_type=\"column\" data-e-type=\"column\">\n\t\t\t<div class=\"elementor-widget-wrap elementor-element-populated\">\n\t\t\t\t\t\t<div class=\"elementor-element elementor-element-b70b235 elementor-widget elementor-widget-text-editor\" data-id=\"b70b235\" data-element_type=\"widget\" data-e-type=\"widget\" data-widget_type=\"text-editor.default\">\n\t\t\t\t<div class=\"elementor-widget-container\">\n\t\t\t\t\t\t\t\t\t<ul style=\"caret-color: #000000; color: #000000;\">\n<li>\n<p>Pre vodorovn\u00e9 a zvisl\u00e9 plochy pri vystu\u017eovan\u00ed popraskan\u00e9ho muriva<\/p>\n<\/li>\n<li>\n<p>Obnova pamiatok<\/p>\n<\/li>\n<li>\n<p>V\u0161eobecn\u00e1 a priemyseln\u00e1 v\u00fdstavba<\/p>\n<\/li>\n<\/ul>\n\t\t\t\t\t\t\t\t<\/div>\n\t\t\t\t<\/div>\n\t\t\t\t\t<\/div>\n\t\t<\/div>\n\t\t\t\t\t<\/div>\n\t\t<\/section>\n\t\t\t\t<section class=\"elementor-section elementor-top-section elementor-element elementor-element-18888ad elementor-section-boxed elementor-section-height-default elementor-section-height-default\" data-id=\"18888ad\" data-element_type=\"section\" data-e-type=\"section\">\n\t\t\t\t\t\t<div class=\"elementor-container elementor-column-gap-default\">\n\t\t\t\t\t<div class=\"elementor-column elementor-col-100 elementor-top-column elementor-element elementor-element-430743d\" data-id=\"430743d\" data-element_type=\"column\" data-e-type=\"column\">\n\t\t\t<div class=\"elementor-widget-wrap elementor-element-populated\">\n\t\t\t\t\t\t<section class=\"elementor-section elementor-inner-section elementor-element elementor-element-2583d57 elementor-section-boxed elementor-section-height-default elementor-section-height-default\" data-id=\"2583d57\" data-element_type=\"section\" data-e-type=\"section\">\n\t\t\t\t\t\t<div class=\"elementor-container elementor-column-gap-default\">\n\t\t\t\t\t<div class=\"elementor-column elementor-col-33 elementor-inner-column elementor-element elementor-element-92d6b5b\" data-id=\"92d6b5b\" data-element_type=\"column\" data-e-type=\"column\">\n\t\t\t<div class=\"elementor-widget-wrap elementor-element-populated\">\n\t\t\t\t\t\t<div class=\"elementor-element elementor-element-82ffa61 elementor-widget elementor-widget-text-editor\" data-id=\"82ffa61\" data-element_type=\"widget\" data-e-type=\"widget\" data-widget_type=\"text-editor.default\">\n\t\t\t\t<div class=\"elementor-widget-container\">\n\t\t\t\t\t\t\t\t\t<div title=\"Strana 2\">\n<div>\n<div>\n<div>\n<p><span style=\"caret-color: #000000; color: #14408a; font-family: ArialNarrow; font-size: 18.66666603088379px; font-weight: bold;\">\u010eal\u0161ie produkty  <\/span><\/p>\n<\/div>\n<\/div>\n<\/div>\n<\/div>\n\t\t\t\t\t\t\t\t<\/div>\n\t\t\t\t<\/div>\n\t\t\t\t\t<\/div>\n\t\t<\/div>\n\t\t\t\t<div class=\"elementor-column elementor-col-33 elementor-inner-column elementor-element elementor-element-153c45c\" data-id=\"153c45c\" data-element_type=\"column\" data-e-type=\"column\">\n\t\t\t<div class=\"elementor-widget-wrap elementor-element-populated\">\n\t\t\t\t\t\t<div class=\"elementor-element elementor-element-32629b9 elementor-widget elementor-widget-text-editor\" data-id=\"32629b9\" data-element_type=\"widget\" data-e-type=\"widget\" data-widget_type=\"text-editor.default\">\n\t\t\t\t<div class=\"elementor-widget-container\">\n\t\t\t\t\t\t\t\t\t<div class=\"page\" title=\"Strana 2\">\n<div class=\"section\">\n<div class=\"layoutArea\">\n<div class=\"column\">\n<ul>\n<li>\n<p>\u0160pir\u00e1lov\u00e9 kotvy &#8211; Hammpack\u00ae Spiral Hammer<\/p>\n<\/li>\n<li>\n<p>Stabiliza\u010dn\u00e9 svorky<\/p>\n<\/li>\n<li>\n<p>\u010cerpadlo na nan\u00e1\u0161anie malty<\/p>\n<\/li>\n<\/ul>\n<\/div>\n<\/div>\n<\/div>\n<\/div>\n\t\t\t\t\t\t\t\t<\/div>\n\t\t\t\t<\/div>\n\t\t\t\t\t<\/div>\n\t\t<\/div>\n\t\t\t\t<div class=\"elementor-column elementor-col-33 elementor-inner-column elementor-element elementor-element-77b3b74\" data-id=\"77b3b74\" data-element_type=\"column\" data-e-type=\"column\">\n\t\t\t<div class=\"elementor-widget-wrap\">\n\t\t\t\t\t\t\t<\/div>\n\t\t<\/div>\n\t\t\t\t\t<\/div>\n\t\t<\/section>\n\t\t\t\t\t<\/div>\n\t\t<\/div>\n\t\t\t\t\t<\/div>\n\t\t<\/section>\n\t\t\t\t<section class=\"elementor-section elementor-top-section elementor-element elementor-element-09bd59f elementor-section-boxed elementor-section-height-default elementor-section-height-default\" data-id=\"09bd59f\" data-element_type=\"section\" data-e-type=\"section\">\n\t\t\t\t\t\t<div class=\"elementor-container elementor-column-gap-default\">\n\t\t\t\t\t<div class=\"elementor-column elementor-col-100 elementor-top-column elementor-element elementor-element-5bbe797\" data-id=\"5bbe797\" data-element_type=\"column\" data-e-type=\"column\">\n\t\t\t<div class=\"elementor-widget-wrap elementor-element-populated\">\n\t\t\t\t\t\t<section class=\"elementor-section elementor-inner-section elementor-element elementor-element-498ecb7 elementor-section-boxed elementor-section-height-default elementor-section-height-default\" data-id=\"498ecb7\" data-element_type=\"section\" data-e-type=\"section\">\n\t\t\t\t\t\t<div class=\"elementor-container elementor-column-gap-default\">\n\t\t\t\t\t<div class=\"elementor-column elementor-col-50 elementor-inner-column elementor-element elementor-element-0b66063\" data-id=\"0b66063\" data-element_type=\"column\" data-e-type=\"column\">\n\t\t\t<div class=\"elementor-widget-wrap elementor-element-populated\">\n\t\t\t\t\t\t<div class=\"elementor-element elementor-element-d78a31c elementor-widget elementor-widget-text-editor\" data-id=\"d78a31c\" data-element_type=\"widget\" data-e-type=\"widget\" data-widget_type=\"text-editor.default\">\n\t\t\t\t<div class=\"elementor-widget-container\">\n\t\t\t\t\t\t\t\t\t<div title=\"Strana 2\">\n<div>\n<div>\n<div>\n<p><span style=\"color: #14408a; font-family: ArialNarrow; font-size: large;\"><span style=\"caret-color: #000000;\"><b>Stiahnite si<\/b><\/span><\/span><\/p>\n<\/div>\n<\/div>\n<\/div>\n<\/div>\n\t\t\t\t\t\t\t\t<\/div>\n\t\t\t\t<\/div>\n\t\t\t\t\t<\/div>\n\t\t<\/div>\n\t\t\t\t<div class=\"elementor-column elementor-col-50 elementor-inner-column elementor-element elementor-element-6fc0858\" data-id=\"6fc0858\" data-element_type=\"column\" data-e-type=\"column\">\n\t\t\t<div class=\"elementor-widget-wrap elementor-element-populated\">\n\t\t\t\t\t\t<div class=\"elementor-element elementor-element-7e700ca elementor-align-left elementor-widget elementor-widget-button\" data-id=\"7e700ca\" data-element_type=\"widget\" data-e-type=\"widget\" data-widget_type=\"button.default\">\n\t\t\t\t<div class=\"elementor-widget-container\">\n\t\t\t\t\t\t\t\t\t<div class=\"elementor-button-wrapper\">\n\t\t\t\t\t<a class=\"elementor-button elementor-button-link elementor-size-sm\" href=\"https:\/\/www.pakery.pl\/wp-content\/uploads\/2023\/04\/ResinBau-AnkerBau-Karta-Techniczna.pdf\" target=\"_blank\">\n\t\t\t\t\t\t<span class=\"elementor-button-content-wrapper\">\n\t\t\t\t\t\t\t\t\t<span class=\"elementor-button-text\">Technick\u00e1 charta<\/span>\n\t\t\t\t\t<\/span>\n\t\t\t\t\t<\/a>\n\t\t\t\t<\/div>\n\t\t\t\t\t\t\t\t<\/div>\n\t\t\t\t<\/div>\n\t\t\t\t<div class=\"elementor-element elementor-element-a5e3bc8 elementor-widget elementor-widget-spacer\" data-id=\"a5e3bc8\" data-element_type=\"widget\" data-e-type=\"widget\" data-widget_type=\"spacer.default\">\n\t\t\t\t<div class=\"elementor-widget-container\">\n\t\t\t\t\t\t\t<div class=\"elementor-spacer\">\n\t\t\t<div class=\"elementor-spacer-inner\"><\/div>\n\t\t<\/div>\n\t\t\t\t\t\t<\/div>\n\t\t\t\t<\/div>\n\t\t\t\t<div class=\"elementor-element elementor-element-009ab21 elementor-widget elementor-widget-spacer\" data-id=\"009ab21\" data-element_type=\"widget\" data-e-type=\"widget\" data-widget_type=\"spacer.default\">\n\t\t\t\t<div class=\"elementor-widget-container\">\n\t\t\t\t\t\t\t<div class=\"elementor-spacer\">\n\t\t\t<div class=\"elementor-spacer-inner\"><\/div>\n\t\t<\/div>\n\t\t\t\t\t\t<\/div>\n\t\t\t\t<\/div>\n\t\t\t\t\t<\/div>\n\t\t<\/div>\n\t\t\t\t\t<\/div>\n\t\t<\/section>\n\t\t\t\t\t<\/div>\n\t\t<\/div>\n\t\t\t\t\t<\/div>\n\t\t<\/section>\n\t\t\t\t<\/div>\n\t\t","protected":false},"excerpt":{"rendered":"<p>\u0160pecializovan\u00e1 malta pre \u0161pir\u00e1lov\u00e9 kotvy AnkerBau AnkerBau je jednozlo\u017ekov\u00fd v\u00fdrobok s dobrou pri\u013enavos\u0165ou k sten\u00e1m sp\u00e1jan\u00e9ho materi\u00e1lu. Ur\u010den\u00e9 na osadzovanie \u0161pir\u00e1lov\u00fdch kotiev v syst\u00e9me na vystu\u017eovanie popraskan\u00fdch murovan\u00fdch kon\u0161trukci\u00ed. Vyvinut\u00e9 s mo\u017enos\u0165ou strojov\u00e9ho pou\u017eitia. Oblasti pou\u017eitia Pre vodorovn\u00e9 a zvisl\u00e9 plochy pri vystu\u017eovan\u00ed popraskan\u00e9ho muriva Obnova pamiatok V\u0161eobecn\u00e1 a priemyseln\u00e1 v\u00fdstavba \u010eal\u0161ie produkty \u0160pir\u00e1lov\u00e9 kotvy [&hellip;]<\/p>\n","protected":false},"featured_media":40997,"template":"","meta":{"_acf_changed":false},"product_brand":[],"product_cat":[1907,554],"product_tag":[],"class_list":{"0":"post-44172","1":"product","2":"type-product","3":"status-publish","4":"has-post-thumbnail","6":"product_cat-injekcne-zivice","7":"product_cat-spiralove-kotvy-sk","9":"first","10":"instock","11":"taxable","12":"shipping-taxable","13":"purchasable","14":"product-type-simple"},"acf":[],"yoast_head":"<!-- This site is optimized with the Yoast SEO plugin v27.3 - https:\/\/yoast.com\/product\/yoast-seo-wordpress\/ -->\n<title>Malta pre \u0161pir\u00e1lov\u00e9 kotvy - PAKERY.PL<\/title>\n<meta name=\"description\" content=\"\u0160pir\u00e1lov\u00e1 kotviaca malta AnkerBau. \u0160pir\u00e1lov\u00e9 kotvy v kombin\u00e1cii s maltou AnkerBau ResinBau poskytuj\u00fa spo\u013eahliv\u00fd syst\u00e9m opravy trhl\u00edn\" \/>\n<meta name=\"robots\" content=\"index, follow, max-snippet:-1, max-image-preview:large, max-video-preview:-1\" \/>\n<link rel=\"canonical\" href=\"https:\/\/www.pakery.pl\/sk\/produkt\/malta-pre-spiralove-kotvy\/\" \/>\n<meta property=\"og:locale\" content=\"sk_SK\" \/>\n<meta property=\"og:type\" content=\"article\" \/>\n<meta property=\"og:title\" content=\"Malta pre \u0161pir\u00e1lov\u00e9 kotvy - PAKERY.PL\" \/>\n<meta property=\"og:description\" content=\"\u0160pir\u00e1lov\u00e1 kotviaca malta AnkerBau. \u0160pir\u00e1lov\u00e9 kotvy v kombin\u00e1cii s maltou AnkerBau ResinBau poskytuj\u00fa spo\u013eahliv\u00fd syst\u00e9m opravy trhl\u00edn\" \/>\n<meta property=\"og:url\" content=\"https:\/\/www.pakery.pl\/sk\/produkt\/malta-pre-spiralove-kotvy\/\" \/>\n<meta property=\"og:site_name\" content=\"PAKERY.PL\" \/>\n<meta property=\"article:modified_time\" content=\"2023-04-06T08:25:13+00:00\" \/>\n<meta property=\"og:image\" content=\"https:\/\/www.pakery.pl\/wp-content\/uploads\/2022\/06\/ResinBau-AnkerBau-15kg-1024x1024.png\" \/>\n\t<meta property=\"og:image:width\" content=\"1024\" \/>\n\t<meta property=\"og:image:height\" content=\"1024\" \/>\n\t<meta property=\"og:image:type\" content=\"image\/png\" \/>\n<meta name=\"twitter:card\" content=\"summary_large_image\" \/>\n<script type=\"application\/ld+json\" class=\"yoast-schema-graph\">{\"@context\":\"https:\\\/\\\/schema.org\",\"@graph\":[{\"@type\":\"WebPage\",\"@id\":\"https:\\\/\\\/www.pakery.pl\\\/sk\\\/produkt\\\/malta-pre-spiralove-kotvy\\\/\",\"url\":\"https:\\\/\\\/www.pakery.pl\\\/sk\\\/produkt\\\/malta-pre-spiralove-kotvy\\\/\",\"name\":\"Malta pre \u0161pir\u00e1lov\u00e9 kotvy - PAKERY.PL\",\"isPartOf\":{\"@id\":\"https:\\\/\\\/www.pakery.pl\\\/sk\\\/#website\"},\"primaryImageOfPage\":{\"@id\":\"https:\\\/\\\/www.pakery.pl\\\/sk\\\/produkt\\\/malta-pre-spiralove-kotvy\\\/#primaryimage\"},\"image\":{\"@id\":\"https:\\\/\\\/www.pakery.pl\\\/sk\\\/produkt\\\/malta-pre-spiralove-kotvy\\\/#primaryimage\"},\"thumbnailUrl\":\"https:\\\/\\\/www.pakery.pl\\\/wp-content\\\/uploads\\\/2022\\\/06\\\/ResinBau-AnkerBau-15kg.png\",\"datePublished\":\"2023-04-06T08:25:09+00:00\",\"dateModified\":\"2023-04-06T08:25:13+00:00\",\"description\":\"\u0160pir\u00e1lov\u00e1 kotviaca malta AnkerBau. \u0160pir\u00e1lov\u00e9 kotvy v kombin\u00e1cii s maltou AnkerBau ResinBau poskytuj\u00fa spo\u013eahliv\u00fd syst\u00e9m opravy trhl\u00edn\",\"breadcrumb\":{\"@id\":\"https:\\\/\\\/www.pakery.pl\\\/sk\\\/produkt\\\/malta-pre-spiralove-kotvy\\\/#breadcrumb\"},\"inLanguage\":\"sk-SK\",\"potentialAction\":[{\"@type\":\"ReadAction\",\"target\":[\"https:\\\/\\\/www.pakery.pl\\\/sk\\\/produkt\\\/malta-pre-spiralove-kotvy\\\/\"]}]},{\"@type\":\"ImageObject\",\"inLanguage\":\"sk-SK\",\"@id\":\"https:\\\/\\\/www.pakery.pl\\\/sk\\\/produkt\\\/malta-pre-spiralove-kotvy\\\/#primaryimage\",\"url\":\"https:\\\/\\\/www.pakery.pl\\\/wp-content\\\/uploads\\\/2022\\\/06\\\/ResinBau-AnkerBau-15kg.png\",\"contentUrl\":\"https:\\\/\\\/www.pakery.pl\\\/wp-content\\\/uploads\\\/2022\\\/06\\\/ResinBau-AnkerBau-15kg.png\",\"width\":3000,\"height\":3000},{\"@type\":\"BreadcrumbList\",\"@id\":\"https:\\\/\\\/www.pakery.pl\\\/sk\\\/produkt\\\/malta-pre-spiralove-kotvy\\\/#breadcrumb\",\"itemListElement\":[{\"@type\":\"ListItem\",\"position\":1,\"name\":\"Strona g\u0142\u00f3wna\",\"item\":\"https:\\\/\\\/www.pakery.pl\\\/sk\\\/\"},{\"@type\":\"ListItem\",\"position\":2,\"name\":\"Ulo\u017ei\u0165\",\"item\":\"https:\\\/\\\/www.pakery.pl\\\/sk\\\/ulozit\\\/\"},{\"@type\":\"ListItem\",\"position\":3,\"name\":\"Malta pre \u0161pir\u00e1lov\u00e9 kotvy\"}]},{\"@type\":\"WebSite\",\"@id\":\"https:\\\/\\\/www.pakery.pl\\\/sk\\\/#website\",\"url\":\"https:\\\/\\\/www.pakery.pl\\\/sk\\\/\",\"name\":\"Pakery.pl\",\"description\":\"Pakery iniekcyjne, Kotwy spiralne, Lance iniekcyjne, W\u0119\u017ce do iniekcji, Pompy iniekcyjne, Serwis pomp iniekcyjnych, Wynajem pomp do iniekcji\",\"publisher\":{\"@id\":\"https:\\\/\\\/www.pakery.pl\\\/sk\\\/#organization\"},\"potentialAction\":[{\"@type\":\"SearchAction\",\"target\":{\"@type\":\"EntryPoint\",\"urlTemplate\":\"https:\\\/\\\/www.pakery.pl\\\/sk\\\/?s={search_term_string}\"},\"query-input\":{\"@type\":\"PropertyValueSpecification\",\"valueRequired\":true,\"valueName\":\"search_term_string\"}}],\"inLanguage\":\"sk-SK\"},{\"@type\":\"Organization\",\"@id\":\"https:\\\/\\\/www.pakery.pl\\\/sk\\\/#organization\",\"name\":\"PAKERY.PL\",\"url\":\"https:\\\/\\\/www.pakery.pl\\\/sk\\\/\",\"logo\":{\"@type\":\"ImageObject\",\"inLanguage\":\"sk-SK\",\"@id\":\"https:\\\/\\\/www.pakery.pl\\\/sk\\\/#\\\/schema\\\/logo\\\/image\\\/\",\"url\":\"https:\\\/\\\/www.pakery.pl\\\/wp-content\\\/uploads\\\/2021\\\/04\\\/cropped-PAKERY-LOGO.png\",\"contentUrl\":\"https:\\\/\\\/www.pakery.pl\\\/wp-content\\\/uploads\\\/2021\\\/04\\\/cropped-PAKERY-LOGO.png\",\"width\":1529,\"height\":500,\"caption\":\"PAKERY.PL\"},\"image\":{\"@id\":\"https:\\\/\\\/www.pakery.pl\\\/sk\\\/#\\\/schema\\\/logo\\\/image\\\/\"}}]}<\/script>\n<!-- \/ Yoast SEO plugin. -->","yoast_head_json":{"title":"Malta pre \u0161pir\u00e1lov\u00e9 kotvy - PAKERY.PL","description":"\u0160pir\u00e1lov\u00e1 kotviaca malta AnkerBau. \u0160pir\u00e1lov\u00e9 kotvy v kombin\u00e1cii s maltou AnkerBau ResinBau poskytuj\u00fa spo\u013eahliv\u00fd syst\u00e9m opravy trhl\u00edn","robots":{"index":"index","follow":"follow","max-snippet":"max-snippet:-1","max-image-preview":"max-image-preview:large","max-video-preview":"max-video-preview:-1"},"canonical":"https:\/\/www.pakery.pl\/sk\/produkt\/malta-pre-spiralove-kotvy\/","og_locale":"sk_SK","og_type":"article","og_title":"Malta pre \u0161pir\u00e1lov\u00e9 kotvy - PAKERY.PL","og_description":"\u0160pir\u00e1lov\u00e1 kotviaca malta AnkerBau. \u0160pir\u00e1lov\u00e9 kotvy v kombin\u00e1cii s maltou AnkerBau ResinBau poskytuj\u00fa spo\u013eahliv\u00fd syst\u00e9m opravy trhl\u00edn","og_url":"https:\/\/www.pakery.pl\/sk\/produkt\/malta-pre-spiralove-kotvy\/","og_site_name":"PAKERY.PL","article_modified_time":"2023-04-06T08:25:13+00:00","og_image":[{"width":1024,"height":1024,"url":"https:\/\/www.pakery.pl\/wp-content\/uploads\/2022\/06\/ResinBau-AnkerBau-15kg-1024x1024.png","type":"image\/png"}],"twitter_card":"summary_large_image","schema":{"@context":"https:\/\/schema.org","@graph":[{"@type":"WebPage","@id":"https:\/\/www.pakery.pl\/sk\/produkt\/malta-pre-spiralove-kotvy\/","url":"https:\/\/www.pakery.pl\/sk\/produkt\/malta-pre-spiralove-kotvy\/","name":"Malta pre \u0161pir\u00e1lov\u00e9 kotvy - PAKERY.PL","isPartOf":{"@id":"https:\/\/www.pakery.pl\/sk\/#website"},"primaryImageOfPage":{"@id":"https:\/\/www.pakery.pl\/sk\/produkt\/malta-pre-spiralove-kotvy\/#primaryimage"},"image":{"@id":"https:\/\/www.pakery.pl\/sk\/produkt\/malta-pre-spiralove-kotvy\/#primaryimage"},"thumbnailUrl":"https:\/\/www.pakery.pl\/wp-content\/uploads\/2022\/06\/ResinBau-AnkerBau-15kg.png","datePublished":"2023-04-06T08:25:09+00:00","dateModified":"2023-04-06T08:25:13+00:00","description":"\u0160pir\u00e1lov\u00e1 kotviaca malta AnkerBau. \u0160pir\u00e1lov\u00e9 kotvy v kombin\u00e1cii s maltou AnkerBau ResinBau poskytuj\u00fa spo\u013eahliv\u00fd syst\u00e9m opravy trhl\u00edn","breadcrumb":{"@id":"https:\/\/www.pakery.pl\/sk\/produkt\/malta-pre-spiralove-kotvy\/#breadcrumb"},"inLanguage":"sk-SK","potentialAction":[{"@type":"ReadAction","target":["https:\/\/www.pakery.pl\/sk\/produkt\/malta-pre-spiralove-kotvy\/"]}]},{"@type":"ImageObject","inLanguage":"sk-SK","@id":"https:\/\/www.pakery.pl\/sk\/produkt\/malta-pre-spiralove-kotvy\/#primaryimage","url":"https:\/\/www.pakery.pl\/wp-content\/uploads\/2022\/06\/ResinBau-AnkerBau-15kg.png","contentUrl":"https:\/\/www.pakery.pl\/wp-content\/uploads\/2022\/06\/ResinBau-AnkerBau-15kg.png","width":3000,"height":3000},{"@type":"BreadcrumbList","@id":"https:\/\/www.pakery.pl\/sk\/produkt\/malta-pre-spiralove-kotvy\/#breadcrumb","itemListElement":[{"@type":"ListItem","position":1,"name":"Strona g\u0142\u00f3wna","item":"https:\/\/www.pakery.pl\/sk\/"},{"@type":"ListItem","position":2,"name":"Ulo\u017ei\u0165","item":"https:\/\/www.pakery.pl\/sk\/ulozit\/"},{"@type":"ListItem","position":3,"name":"Malta pre \u0161pir\u00e1lov\u00e9 kotvy"}]},{"@type":"WebSite","@id":"https:\/\/www.pakery.pl\/sk\/#website","url":"https:\/\/www.pakery.pl\/sk\/","name":"Pakery.pl","description":"Pakery iniekcyjne, Kotwy spiralne, Lance iniekcyjne, W\u0119\u017ce do iniekcji, Pompy iniekcyjne, Serwis pomp iniekcyjnych, Wynajem pomp do iniekcji","publisher":{"@id":"https:\/\/www.pakery.pl\/sk\/#organization"},"potentialAction":[{"@type":"SearchAction","target":{"@type":"EntryPoint","urlTemplate":"https:\/\/www.pakery.pl\/sk\/?s={search_term_string}"},"query-input":{"@type":"PropertyValueSpecification","valueRequired":true,"valueName":"search_term_string"}}],"inLanguage":"sk-SK"},{"@type":"Organization","@id":"https:\/\/www.pakery.pl\/sk\/#organization","name":"PAKERY.PL","url":"https:\/\/www.pakery.pl\/sk\/","logo":{"@type":"ImageObject","inLanguage":"sk-SK","@id":"https:\/\/www.pakery.pl\/sk\/#\/schema\/logo\/image\/","url":"https:\/\/www.pakery.pl\/wp-content\/uploads\/2021\/04\/cropped-PAKERY-LOGO.png","contentUrl":"https:\/\/www.pakery.pl\/wp-content\/uploads\/2021\/04\/cropped-PAKERY-LOGO.png","width":1529,"height":500,"caption":"PAKERY.PL"},"image":{"@id":"https:\/\/www.pakery.pl\/sk\/#\/schema\/logo\/image\/"}}]}},"_links":{"self":[{"href":"https:\/\/www.pakery.pl\/sk\/wp-json\/wp\/v2\/product\/44172","targetHints":{"allow":["GET"]}}],"collection":[{"href":"https:\/\/www.pakery.pl\/sk\/wp-json\/wp\/v2\/product"}],"about":[{"href":"https:\/\/www.pakery.pl\/sk\/wp-json\/wp\/v2\/types\/product"}],"version-history":[{"count":3,"href":"https:\/\/www.pakery.pl\/sk\/wp-json\/wp\/v2\/product\/44172\/revisions"}],"predecessor-version":[{"id":44175,"href":"https:\/\/www.pakery.pl\/sk\/wp-json\/wp\/v2\/product\/44172\/revisions\/44175"}],"wp:featuredmedia":[{"embeddable":true,"href":"https:\/\/www.pakery.pl\/sk\/wp-json\/wp\/v2\/media\/40997"}],"wp:attachment":[{"href":"https:\/\/www.pakery.pl\/sk\/wp-json\/wp\/v2\/media?parent=44172"}],"wp:term":[{"taxonomy":"product_brand","embeddable":true,"href":"https:\/\/www.pakery.pl\/sk\/wp-json\/wp\/v2\/product_brand?post=44172"},{"taxonomy":"product_cat","embeddable":true,"href":"https:\/\/www.pakery.pl\/sk\/wp-json\/wp\/v2\/product_cat?post=44172"},{"taxonomy":"product_tag","embeddable":true,"href":"https:\/\/www.pakery.pl\/sk\/wp-json\/wp\/v2\/product_tag?post=44172"}],"curies":[{"name":"wp","href":"https:\/\/api.w.org\/{rel}","templated":true}]}}