{"id":12224,"date":"2021-06-21T09:36:55","date_gmt":"2021-08-10T07:46:03","guid":{"rendered":"https:\/\/www.pakery.pl\/produkt\/plnicka-na-plnenie-8-mm-vstrekovacich-hadic\/"},"modified":"2021-08-10T09:46:06","modified_gmt":"2021-08-10T07:46:06","slug":"injekcne-liekovky-na-balenie-6-mm-injekcne-liekovky","status":"publish","type":"product","link":"https:\/\/www.pakery.pl\/sk\/produkt\/injekcne-liekovky-na-balenie-6-mm-injekcne-liekovky\/","title":{"rendered":"Plni\u010dka na plnenie 8 mm vstrekovac\u00edch had\u00edc"},"content":{"rendered":"\t\t<div data-elementor-type=\"product-post\" data-elementor-id=\"12224\" class=\"elementor elementor-12224 elementor-4754\" data-elementor-post-type=\"product\">\n\t\t\t\t\t\t<section class=\"elementor-section elementor-top-section elementor-element elementor-element-7eb5cd9c elementor-section-boxed elementor-section-height-default elementor-section-height-default\" data-id=\"7eb5cd9c\" data-element_type=\"section\" data-e-type=\"section\">\n\t\t\t\t\t\t<div class=\"elementor-container elementor-column-gap-default\">\n\t\t\t\t\t<div class=\"elementor-column elementor-col-100 elementor-top-column elementor-element elementor-element-668ab193\" data-id=\"668ab193\" data-element_type=\"column\" data-e-type=\"column\">\n\t\t\t<div class=\"elementor-widget-wrap elementor-element-populated\">\n\t\t\t\t\t\t<div class=\"elementor-element elementor-element-11f6f7b2 elementor-widget elementor-widget-text-editor\" data-id=\"11f6f7b2\" data-element_type=\"widget\" data-e-type=\"widget\" data-widget_type=\"text-editor.default\">\n\t\t\t\t<div class=\"elementor-widget-container\">\n\t\t\t\t\t\t\t\t\t<p><span style=\"color: #000000;\">HO-END 8 s\u00fa najkvalitnej\u0161ie vstrekovacie baliace stroje na plnenie vstrekovac\u00edch had\u00edc. \u0160peci\u00e1lne usporiadan\u00fd \u00fanik zabra\u0148uje sk\u013aznutiu hadice. Aby sa zachovala najvy\u0161\u0161ia mo\u017en\u00e1 tesnos\u0165 syst\u00e9mu, odpor\u00fa\u010da sa pou\u017ei\u0165 binaur\u00e1lne svorky prisp\u00f4soben\u00e9 priemeru hadice.<\/span><\/p>\n<p><span style=\"color: #000000;\">Vstrekovac\u00ed paker na hadice sa pred\u00e1va samostatne alebo vo verzii s plochou alebo ku\u017ee\u013eovou svorkou s predbe\u017en\u00fdm nanesen\u00edm z\u00e1vitu. Predbe\u017en\u00e1 aplik\u00e1cia utesn\u00ed kalamit ihne\u010f po zaskrutkovan\u00ed. Tento syst\u00e9m umo\u017e\u0148uje sledova\u0165 tok vstrekovania.<\/span><\/p>\n<p><span style=\"color: #000000;\">Na v\u00fdslovn\u00fa \u017eiados\u0165 z\u00e1kazn\u00edka kalam\u00e1re dotiahneme strojne.<\/span><\/p>\n\t\t\t\t\t\t\t\t<\/div>\n\t\t\t\t<\/div>\n\t\t\t\t<section class=\"elementor-section elementor-inner-section elementor-element elementor-element-cecf780 elementor-section-boxed elementor-section-height-default elementor-section-height-default\" data-id=\"cecf780\" data-element_type=\"section\" data-e-type=\"section\">\n\t\t\t\t\t\t<div class=\"elementor-container elementor-column-gap-default\">\n\t\t\t\t\t<div class=\"elementor-column elementor-col-50 elementor-inner-column elementor-element elementor-element-0cb2d6f\" data-id=\"0cb2d6f\" data-element_type=\"column\" data-e-type=\"column\">\n\t\t\t<div class=\"elementor-widget-wrap elementor-element-populated\">\n\t\t\t\t\t\t<div class=\"elementor-element elementor-element-7a09f8a elementor-align-center elementor-widget elementor-widget-button\" data-id=\"7a09f8a\" data-element_type=\"widget\" data-e-type=\"widget\" data-widget_type=\"button.default\">\n\t\t\t\t<div class=\"elementor-widget-container\">\n\t\t\t\t\t\t\t\t\t<div class=\"elementor-button-wrapper\">\n\t\t\t\t\t<a class=\"elementor-button elementor-button-link elementor-size-sm\" href=\"https:\/\/www.pakery.pl\/produkt\/cybant-zacisk-dwuuszny-na-weze-iniekcyjne\/\">\n\t\t\t\t\t\t<span class=\"elementor-button-content-wrapper\">\n\t\t\t\t\t\t\t\t\t<span class=\"elementor-button-text\">Vyberte si kybant <\/span>\n\t\t\t\t\t<\/span>\n\t\t\t\t\t<\/a>\n\t\t\t\t<\/div>\n\t\t\t\t\t\t\t\t<\/div>\n\t\t\t\t<\/div>\n\t\t\t\t\t<\/div>\n\t\t<\/div>\n\t\t\t\t<div class=\"elementor-column elementor-col-50 elementor-inner-column elementor-element elementor-element-3f10fa8\" data-id=\"3f10fa8\" data-element_type=\"column\" data-e-type=\"column\">\n\t\t\t<div class=\"elementor-widget-wrap elementor-element-populated\">\n\t\t\t\t\t\t<div class=\"elementor-element elementor-element-39d7def elementor-widget elementor-widget-image\" data-id=\"39d7def\" data-element_type=\"widget\" data-e-type=\"widget\" data-widget_type=\"image.default\">\n\t\t\t\t<div class=\"elementor-widget-container\">\n\t\t\t\t\t\t\t\t\t\t\t\t\t\t\t<img decoding=\"async\" width=\"150\" height=\"150\" src=\"https:\/\/www.pakery.pl\/wp-content\/uploads\/2021\/06\/cybant-15-150x150.png\" class=\"attachment-thumbnail size-thumbnail wp-image-12118\" alt=\"\" srcset=\"https:\/\/www.pakery.pl\/wp-content\/uploads\/2021\/06\/cybant-15-150x150.png 150w, https:\/\/www.pakery.pl\/wp-content\/uploads\/2021\/06\/cybant-15-110x110.png 110w\" sizes=\"(max-width: 150px) 100vw, 150px\" \/>\t\t\t\t\t\t\t\t\t\t\t\t\t\t\t<\/div>\n\t\t\t\t<\/div>\n\t\t\t\t\t<\/div>\n\t\t<\/div>\n\t\t\t\t\t<\/div>\n\t\t<\/section>\n\t\t\t\t\t<\/div>\n\t\t<\/div>\n\t\t\t\t\t<\/div>\n\t\t<\/section>\n\t\t\t\t<\/div>\n\t\t","protected":false},"excerpt":{"rendered":"<p>HO-END 8 s\u00fa najkvalitnej\u0161ie vstrekovacie baliace stroje na plnenie vstrekovac\u00edch had\u00edc. \u0160peci\u00e1lne usporiadan\u00fd \u00fanik zabra\u0148uje sk\u013aznutiu hadice. Aby sa zachovala najvy\u0161\u0161ia mo\u017en\u00e1 tesnos\u0165 syst\u00e9mu, odpor\u00fa\u010da sa pou\u017ei\u0165 binaur\u00e1lne svorky prisp\u00f4soben\u00e9 priemeru hadice. Vstrekovac\u00ed paker na hadice sa pred\u00e1va samostatne alebo vo verzii s plochou alebo ku\u017ee\u013eovou svorkou s predbe\u017en\u00fdm nanesen\u00edm z\u00e1vitu. Predbe\u017en\u00e1 aplik\u00e1cia utesn\u00ed kalamit [&hellip;]<\/p>\n","protected":false},"featured_media":12226,"template":"","meta":{"_acf_changed":false},"product_brand":[],"product_cat":[543],"product_tag":[],"class_list":{"0":"post-12224","1":"product","2":"type-product","3":"status-publish","4":"has-post-thumbnail","6":"product_cat-vstrekovacie-hadice","7":"pa_rodzaj-kalamitki-fpre-sk","8":"pa_rodzaj-kalamitki-fwg-sk","9":"pa_rodzaj-kalamitki-pre-sk","10":"pa_rodzaj-kalamitki-swg-sk","12":"first","13":"instock","14":"taxable","15":"shipping-taxable","16":"purchasable","17":"product-type-variable","18":"has-default-attributes"},"acf":[],"yoast_head":"<!-- This site is optimized with the Yoast SEO plugin v27.3 - https:\/\/yoast.com\/product\/yoast-seo-wordpress\/ -->\n<title>Plni\u010dka na plnenie 8 mm vstrekovac\u00edch had\u00edc - PAKERY.PL<\/title>\n<meta name=\"description\" content=\"Plni\u010dka na plnenie 6 mm vstrekovac\u00edch had\u00edc | Vstrekovacie hadice\" \/>\n<meta name=\"robots\" content=\"index, follow, max-snippet:-1, max-image-preview:large, max-video-preview:-1\" \/>\n<link rel=\"canonical\" href=\"https:\/\/www.pakery.pl\/sk\/produkt\/injekcne-liekovky-na-balenie-6-mm-injekcne-liekovky\/\" \/>\n<meta property=\"og:locale\" content=\"sk_SK\" \/>\n<meta property=\"og:type\" content=\"article\" \/>\n<meta property=\"og:title\" content=\"Plni\u010dka na plnenie 8 mm vstrekovac\u00edch had\u00edc - PAKERY.PL\" \/>\n<meta property=\"og:description\" content=\"Plni\u010dka na plnenie 6 mm vstrekovac\u00edch had\u00edc | Vstrekovacie hadice\" \/>\n<meta property=\"og:url\" content=\"https:\/\/www.pakery.pl\/sk\/produkt\/injekcne-liekovky-na-balenie-6-mm-injekcne-liekovky\/\" \/>\n<meta property=\"og:site_name\" content=\"PAKERY.PL\" \/>\n<meta property=\"article:modified_time\" content=\"2021-08-10T07:46:06+00:00\" \/>\n<meta property=\"og:image\" content=\"https:\/\/www.pakery.pl\/wp-content\/uploads\/2021\/06\/PAKER-2-of-17-1024x1024.png\" \/>\n\t<meta property=\"og:image:width\" content=\"1024\" \/>\n\t<meta property=\"og:image:height\" content=\"1024\" \/>\n\t<meta property=\"og:image:type\" content=\"image\/png\" \/>\n<meta name=\"twitter:card\" content=\"summary_large_image\" \/>\n<meta name=\"twitter:label1\" content=\"Predpokladan\u00fd \u010das \u010d\u00edtania\" \/>\n\t<meta name=\"twitter:data1\" content=\"1 min\u00fata\" \/>\n<script type=\"application\/ld+json\" class=\"yoast-schema-graph\">{\"@context\":\"https:\\\/\\\/schema.org\",\"@graph\":[{\"@type\":\"WebPage\",\"@id\":\"https:\\\/\\\/www.pakery.pl\\\/sk\\\/produkt\\\/injekcne-liekovky-na-balenie-6-mm-injekcne-liekovky\\\/\",\"url\":\"https:\\\/\\\/www.pakery.pl\\\/sk\\\/produkt\\\/injekcne-liekovky-na-balenie-6-mm-injekcne-liekovky\\\/\",\"name\":\"Plni\u010dka na plnenie 8 mm vstrekovac\u00edch had\u00edc - PAKERY.PL\",\"isPartOf\":{\"@id\":\"https:\\\/\\\/www.pakery.pl\\\/sk\\\/#website\"},\"primaryImageOfPage\":{\"@id\":\"https:\\\/\\\/www.pakery.pl\\\/sk\\\/produkt\\\/injekcne-liekovky-na-balenie-6-mm-injekcne-liekovky\\\/#primaryimage\"},\"image\":{\"@id\":\"https:\\\/\\\/www.pakery.pl\\\/sk\\\/produkt\\\/injekcne-liekovky-na-balenie-6-mm-injekcne-liekovky\\\/#primaryimage\"},\"thumbnailUrl\":\"https:\\\/\\\/www.pakery.pl\\\/wp-content\\\/uploads\\\/2021\\\/06\\\/PAKER-2-of-17.png\",\"datePublished\":\"2021-08-10T07:46:03+00:00\",\"dateModified\":\"2021-08-10T07:46:06+00:00\",\"description\":\"Plni\u010dka na plnenie 6 mm vstrekovac\u00edch had\u00edc | Vstrekovacie hadice\",\"breadcrumb\":{\"@id\":\"https:\\\/\\\/www.pakery.pl\\\/sk\\\/produkt\\\/injekcne-liekovky-na-balenie-6-mm-injekcne-liekovky\\\/#breadcrumb\"},\"inLanguage\":\"sk-SK\",\"potentialAction\":[{\"@type\":\"ReadAction\",\"target\":[\"https:\\\/\\\/www.pakery.pl\\\/sk\\\/produkt\\\/injekcne-liekovky-na-balenie-6-mm-injekcne-liekovky\\\/\"]}]},{\"@type\":\"ImageObject\",\"inLanguage\":\"sk-SK\",\"@id\":\"https:\\\/\\\/www.pakery.pl\\\/sk\\\/produkt\\\/injekcne-liekovky-na-balenie-6-mm-injekcne-liekovky\\\/#primaryimage\",\"url\":\"https:\\\/\\\/www.pakery.pl\\\/wp-content\\\/uploads\\\/2021\\\/06\\\/PAKER-2-of-17.png\",\"contentUrl\":\"https:\\\/\\\/www.pakery.pl\\\/wp-content\\\/uploads\\\/2021\\\/06\\\/PAKER-2-of-17.png\",\"width\":2500,\"height\":2500,\"caption\":\"Balenie vstrekovac\u00edch had\u00edc\"},{\"@type\":\"BreadcrumbList\",\"@id\":\"https:\\\/\\\/www.pakery.pl\\\/sk\\\/produkt\\\/injekcne-liekovky-na-balenie-6-mm-injekcne-liekovky\\\/#breadcrumb\",\"itemListElement\":[{\"@type\":\"ListItem\",\"position\":1,\"name\":\"Strona g\u0142\u00f3wna\",\"item\":\"https:\\\/\\\/www.pakery.pl\\\/sk\\\/\"},{\"@type\":\"ListItem\",\"position\":2,\"name\":\"Ulo\u017ei\u0165\",\"item\":\"https:\\\/\\\/www.pakery.pl\\\/sk\\\/ulozit\\\/\"},{\"@type\":\"ListItem\",\"position\":3,\"name\":\"Plni\u010dka na plnenie 8 mm vstrekovac\u00edch had\u00edc\"}]},{\"@type\":\"WebSite\",\"@id\":\"https:\\\/\\\/www.pakery.pl\\\/sk\\\/#website\",\"url\":\"https:\\\/\\\/www.pakery.pl\\\/sk\\\/\",\"name\":\"Pakery.pl\",\"description\":\"Pakery iniekcyjne, Kotwy spiralne, Lance iniekcyjne, W\u0119\u017ce do iniekcji, Pompy iniekcyjne, Serwis pomp iniekcyjnych, Wynajem pomp do iniekcji\",\"publisher\":{\"@id\":\"https:\\\/\\\/www.pakery.pl\\\/sk\\\/#organization\"},\"potentialAction\":[{\"@type\":\"SearchAction\",\"target\":{\"@type\":\"EntryPoint\",\"urlTemplate\":\"https:\\\/\\\/www.pakery.pl\\\/sk\\\/?s={search_term_string}\"},\"query-input\":{\"@type\":\"PropertyValueSpecification\",\"valueRequired\":true,\"valueName\":\"search_term_string\"}}],\"inLanguage\":\"sk-SK\"},{\"@type\":\"Organization\",\"@id\":\"https:\\\/\\\/www.pakery.pl\\\/sk\\\/#organization\",\"name\":\"PAKERY.PL\",\"url\":\"https:\\\/\\\/www.pakery.pl\\\/sk\\\/\",\"logo\":{\"@type\":\"ImageObject\",\"inLanguage\":\"sk-SK\",\"@id\":\"https:\\\/\\\/www.pakery.pl\\\/sk\\\/#\\\/schema\\\/logo\\\/image\\\/\",\"url\":\"https:\\\/\\\/www.pakery.pl\\\/wp-content\\\/uploads\\\/2021\\\/04\\\/cropped-PAKERY-LOGO.png\",\"contentUrl\":\"https:\\\/\\\/www.pakery.pl\\\/wp-content\\\/uploads\\\/2021\\\/04\\\/cropped-PAKERY-LOGO.png\",\"width\":1529,\"height\":500,\"caption\":\"PAKERY.PL\"},\"image\":{\"@id\":\"https:\\\/\\\/www.pakery.pl\\\/sk\\\/#\\\/schema\\\/logo\\\/image\\\/\"}}]}<\/script>\n<!-- \/ Yoast SEO plugin. -->","yoast_head_json":{"title":"Plni\u010dka na plnenie 8 mm vstrekovac\u00edch had\u00edc - PAKERY.PL","description":"Plni\u010dka na plnenie 6 mm vstrekovac\u00edch had\u00edc | Vstrekovacie hadice","robots":{"index":"index","follow":"follow","max-snippet":"max-snippet:-1","max-image-preview":"max-image-preview:large","max-video-preview":"max-video-preview:-1"},"canonical":"https:\/\/www.pakery.pl\/sk\/produkt\/injekcne-liekovky-na-balenie-6-mm-injekcne-liekovky\/","og_locale":"sk_SK","og_type":"article","og_title":"Plni\u010dka na plnenie 8 mm vstrekovac\u00edch had\u00edc - PAKERY.PL","og_description":"Plni\u010dka na plnenie 6 mm vstrekovac\u00edch had\u00edc | Vstrekovacie hadice","og_url":"https:\/\/www.pakery.pl\/sk\/produkt\/injekcne-liekovky-na-balenie-6-mm-injekcne-liekovky\/","og_site_name":"PAKERY.PL","article_modified_time":"2021-08-10T07:46:06+00:00","og_image":[{"width":1024,"height":1024,"url":"https:\/\/www.pakery.pl\/wp-content\/uploads\/2021\/06\/PAKER-2-of-17-1024x1024.png","type":"image\/png"}],"twitter_card":"summary_large_image","twitter_misc":{"Predpokladan\u00fd \u010das \u010d\u00edtania":"1 min\u00fata"},"schema":{"@context":"https:\/\/schema.org","@graph":[{"@type":"WebPage","@id":"https:\/\/www.pakery.pl\/sk\/produkt\/injekcne-liekovky-na-balenie-6-mm-injekcne-liekovky\/","url":"https:\/\/www.pakery.pl\/sk\/produkt\/injekcne-liekovky-na-balenie-6-mm-injekcne-liekovky\/","name":"Plni\u010dka na plnenie 8 mm vstrekovac\u00edch had\u00edc - PAKERY.PL","isPartOf":{"@id":"https:\/\/www.pakery.pl\/sk\/#website"},"primaryImageOfPage":{"@id":"https:\/\/www.pakery.pl\/sk\/produkt\/injekcne-liekovky-na-balenie-6-mm-injekcne-liekovky\/#primaryimage"},"image":{"@id":"https:\/\/www.pakery.pl\/sk\/produkt\/injekcne-liekovky-na-balenie-6-mm-injekcne-liekovky\/#primaryimage"},"thumbnailUrl":"https:\/\/www.pakery.pl\/wp-content\/uploads\/2021\/06\/PAKER-2-of-17.png","datePublished":"2021-08-10T07:46:03+00:00","dateModified":"2021-08-10T07:46:06+00:00","description":"Plni\u010dka na plnenie 6 mm vstrekovac\u00edch had\u00edc | Vstrekovacie hadice","breadcrumb":{"@id":"https:\/\/www.pakery.pl\/sk\/produkt\/injekcne-liekovky-na-balenie-6-mm-injekcne-liekovky\/#breadcrumb"},"inLanguage":"sk-SK","potentialAction":[{"@type":"ReadAction","target":["https:\/\/www.pakery.pl\/sk\/produkt\/injekcne-liekovky-na-balenie-6-mm-injekcne-liekovky\/"]}]},{"@type":"ImageObject","inLanguage":"sk-SK","@id":"https:\/\/www.pakery.pl\/sk\/produkt\/injekcne-liekovky-na-balenie-6-mm-injekcne-liekovky\/#primaryimage","url":"https:\/\/www.pakery.pl\/wp-content\/uploads\/2021\/06\/PAKER-2-of-17.png","contentUrl":"https:\/\/www.pakery.pl\/wp-content\/uploads\/2021\/06\/PAKER-2-of-17.png","width":2500,"height":2500,"caption":"Balenie vstrekovac\u00edch had\u00edc"},{"@type":"BreadcrumbList","@id":"https:\/\/www.pakery.pl\/sk\/produkt\/injekcne-liekovky-na-balenie-6-mm-injekcne-liekovky\/#breadcrumb","itemListElement":[{"@type":"ListItem","position":1,"name":"Strona g\u0142\u00f3wna","item":"https:\/\/www.pakery.pl\/sk\/"},{"@type":"ListItem","position":2,"name":"Ulo\u017ei\u0165","item":"https:\/\/www.pakery.pl\/sk\/ulozit\/"},{"@type":"ListItem","position":3,"name":"Plni\u010dka na plnenie 8 mm vstrekovac\u00edch had\u00edc"}]},{"@type":"WebSite","@id":"https:\/\/www.pakery.pl\/sk\/#website","url":"https:\/\/www.pakery.pl\/sk\/","name":"Pakery.pl","description":"Pakery iniekcyjne, Kotwy spiralne, Lance iniekcyjne, W\u0119\u017ce do iniekcji, Pompy iniekcyjne, Serwis pomp iniekcyjnych, Wynajem pomp do iniekcji","publisher":{"@id":"https:\/\/www.pakery.pl\/sk\/#organization"},"potentialAction":[{"@type":"SearchAction","target":{"@type":"EntryPoint","urlTemplate":"https:\/\/www.pakery.pl\/sk\/?s={search_term_string}"},"query-input":{"@type":"PropertyValueSpecification","valueRequired":true,"valueName":"search_term_string"}}],"inLanguage":"sk-SK"},{"@type":"Organization","@id":"https:\/\/www.pakery.pl\/sk\/#organization","name":"PAKERY.PL","url":"https:\/\/www.pakery.pl\/sk\/","logo":{"@type":"ImageObject","inLanguage":"sk-SK","@id":"https:\/\/www.pakery.pl\/sk\/#\/schema\/logo\/image\/","url":"https:\/\/www.pakery.pl\/wp-content\/uploads\/2021\/04\/cropped-PAKERY-LOGO.png","contentUrl":"https:\/\/www.pakery.pl\/wp-content\/uploads\/2021\/04\/cropped-PAKERY-LOGO.png","width":1529,"height":500,"caption":"PAKERY.PL"},"image":{"@id":"https:\/\/www.pakery.pl\/sk\/#\/schema\/logo\/image\/"}}]}},"_links":{"self":[{"href":"https:\/\/www.pakery.pl\/sk\/wp-json\/wp\/v2\/product\/12224","targetHints":{"allow":["GET"]}}],"collection":[{"href":"https:\/\/www.pakery.pl\/sk\/wp-json\/wp\/v2\/product"}],"about":[{"href":"https:\/\/www.pakery.pl\/sk\/wp-json\/wp\/v2\/types\/product"}],"version-history":[{"count":2,"href":"https:\/\/www.pakery.pl\/sk\/wp-json\/wp\/v2\/product\/12224\/revisions"}],"predecessor-version":[{"id":12236,"href":"https:\/\/www.pakery.pl\/sk\/wp-json\/wp\/v2\/product\/12224\/revisions\/12236"}],"wp:featuredmedia":[{"embeddable":true,"href":"https:\/\/www.pakery.pl\/sk\/wp-json\/wp\/v2\/media\/12226"}],"wp:attachment":[{"href":"https:\/\/www.pakery.pl\/sk\/wp-json\/wp\/v2\/media?parent=12224"}],"wp:term":[{"taxonomy":"product_brand","embeddable":true,"href":"https:\/\/www.pakery.pl\/sk\/wp-json\/wp\/v2\/product_brand?post=12224"},{"taxonomy":"product_cat","embeddable":true,"href":"https:\/\/www.pakery.pl\/sk\/wp-json\/wp\/v2\/product_cat?post=12224"},{"taxonomy":"product_tag","embeddable":true,"href":"https:\/\/www.pakery.pl\/sk\/wp-json\/wp\/v2\/product_tag?post=12224"}],"curies":[{"name":"wp","href":"https:\/\/api.w.org\/{rel}","templated":true}]}}