{"id":11851,"date":"2021-08-10T09:34:37","date_gmt":"2021-08-10T07:34:37","guid":{"rendered":"https:\/\/www.pakery.pl\/produkt\/spiralova-kotva-%e2%8c%8010-mm\/"},"modified":"2021-08-23T15:22:17","modified_gmt":"2021-08-23T13:22:17","slug":"spiralova-kotva-%e2%8c%8010-mm","status":"publish","type":"product","link":"https:\/\/www.pakery.pl\/sk\/produkt\/spiralova-kotva-%e2%8c%8010-mm\/","title":{"rendered":"\u0160pir\u00e1lov\u00e1 kotva \u230010 mm"},"content":{"rendered":"\t\t<div data-elementor-type=\"product-post\" data-elementor-id=\"11851\" class=\"elementor elementor-11851 elementor-1871\" data-elementor-post-type=\"product\">\n\t\t\t\t\t\t<section class=\"elementor-section elementor-top-section elementor-element elementor-element-b7e7196 elementor-section-full_width elementor-section-height-default elementor-section-height-default\" data-id=\"b7e7196\" data-element_type=\"section\" data-e-type=\"section\">\n\t\t\t\t\t\t<div class=\"elementor-container elementor-column-gap-default\">\n\t\t\t\t\t<div class=\"elementor-column elementor-col-100 elementor-top-column elementor-element elementor-element-6604f27\" data-id=\"6604f27\" data-element_type=\"column\" data-e-type=\"column\">\n\t\t\t<div class=\"elementor-widget-wrap elementor-element-populated\">\n\t\t\t\t\t\t<section class=\"elementor-section elementor-inner-section elementor-element elementor-element-45397ae elementor-section-full_width elementor-section-height-default elementor-section-height-default\" data-id=\"45397ae\" data-element_type=\"section\" data-e-type=\"section\">\n\t\t\t\t\t\t<div class=\"elementor-container elementor-column-gap-default\">\n\t\t\t\t\t<div class=\"elementor-column elementor-col-50 elementor-inner-column elementor-element elementor-element-5920a69\" data-id=\"5920a69\" data-element_type=\"column\" data-e-type=\"column\">\n\t\t\t<div class=\"elementor-widget-wrap elementor-element-populated\">\n\t\t\t\t\t\t<div class=\"elementor-element elementor-element-9c16b70 elementor-widget elementor-widget-text-editor\" data-id=\"9c16b70\" data-element_type=\"widget\" data-e-type=\"widget\" data-widget_type=\"text-editor.default\">\n\t\t\t\t<div class=\"elementor-widget-container\">\n\t\t\t\t\t\t\t\t\t<div>\n<p><strong><span style=\"color: #000000;\">TECHNICK\u00c9 \u0160PECIFIK\u00c1CIE:<\/span><\/strong><\/p>\n<\/div>\n<ul>\n<li><span style=\"color: #000000;\">Priemer kotvy:<strong> 10 mm<\/strong><\/span><\/li>\n<li><span style=\"color: #000000;\">Prierezov\u00e1 plocha[mm\u00b2] :<strong> 13.00 hod<\/strong><\/span><\/li>\n<li><span style=\"color: #000000;\">V\u00fd\u0165a\u017eok[MPa] :<strong> 474,10<\/strong><\/span><\/li>\n<li><span style=\"color: #000000;\">Pevnos\u0165 v \u0165ahu[MPa] :<strong> 1006,30<\/strong><\/span><\/li>\n<li><span style=\"color: #000000;\">Modul[GPa] :<strong> 143,50<\/strong><\/span><\/li>\n<\/ul>\n\t\t\t\t\t\t\t\t<\/div>\n\t\t\t\t<\/div>\n\t\t\t\t<div class=\"elementor-element elementor-element-f10e87b elementor-widget elementor-widget-text-editor\" data-id=\"f10e87b\" data-element_type=\"widget\" data-e-type=\"widget\" data-widget_type=\"text-editor.default\">\n\t\t\t\t<div class=\"elementor-widget-container\">\n\t\t\t\t\t\t\t\t\t<h1><span style=\"color: #000000;\"><b style=\"font-size: 1rem;\">APLIK\u00c1CIA:<\/b><\/span><\/h1>\n<ul>\n<li><span style=\"color: #000000;\">oprava trhl\u00edn v kon\u0161truk\u010dn\u00fdch sten\u00e1ch z teh\u00e1l, kame\u0148a, bet\u00f3nu<\/span><\/li>\n<li><span style=\"color: #000000;\">vystu\u017eenie spojov deliacich stien kon\u0161truk\u010dn\u00fdmi<\/span><\/li>\n<li><span style=\"color: #000000;\">vystu\u017eenie stre\u0161n\u00fdch podkrov\u00ed<\/span><\/li>\n<li><span style=\"color: #000000;\">vystu\u017eenie balk\u00f3nov\u00fdch dosiek<\/span><\/li>\n<li><span style=\"color: #000000;\">oprava a spevnenie prekladov, nosn\u00edkov a stropov<\/span><\/li>\n<li><span style=\"color: #000000;\">ukotvenie oddelen\u00fdch vrstiev pokr\u00fdvaj\u00facich steny<\/span><\/li>\n<li><span style=\"color: #000000;\">stabiliz\u00e1cia vybuchnut\u00fdch stien<\/span><\/li>\n<li><span style=\"color: #000000;\">stenov\u00e1 v\u00fdstu\u017e v s\u00fa\u010dasn\u00fdch budov\u00e1ch<\/span><\/li>\n<\/ul>\n<p><span style=\"color: #000000;\"><b>V\u00ddHODY \u0160PIERKOV\u00ddCH V\u00ddZTU\u017d\u00cd:<\/b><\/span><\/p>\n<ul>\n<li><span style=\"color: #000000;\">Zv\u00fd\u0161enie nosnosti stien, st\u013apov, nosn\u00edkov, nosn\u00edkov, dosiek, z\u00e1kladov<\/span><\/li>\n<li><span style=\"color: #000000;\">R\u00fdchla aplik\u00e1cia &#8211; bez technologick\u00fdch prest\u00e1vok<\/span><\/li>\n<li><span style=\"color: #000000;\">N\u00edzka invaz\u00edvnos\u0165 &#8211; aplik\u00e1cia bez neporiadku a zm\u00e4tku<\/span><\/li>\n<li><span style=\"color: #000000;\">Trhliny sa u\u017e neobjavia &#8211; vysokov\u00fdkonn\u00e1 technol\u00f3gia<\/span><\/li>\n<li><span style=\"color: #000000;\">N\u00edzke n\u00e1klady<\/span><\/li>\n<\/ul>\n<div><span style=\"color: #000000;\"><span style=\"caret-color: #000000;\"> <\/span><\/span><\/div>\n<div><span style=\"color: #000000;\"><span style=\"caret-color: #000000;\"> <\/span><\/span><\/div>\n<div><span style=\"color: #000000;\"><span style=\"caret-color: #000000;\"> <\/span><\/span><\/div>\n<div><span style=\"color: #000000;\"><span style=\"caret-color: #000000;\"> <\/span><\/span><\/div>\n<div><span style=\"color: #000000;\"><span style=\"caret-color: #000000;\"> <\/span><\/span><\/div>\n\t\t\t\t\t\t\t\t<\/div>\n\t\t\t\t<\/div>\n\t\t\t\t\t<\/div>\n\t\t<\/div>\n\t\t\t\t<div class=\"elementor-column elementor-col-50 elementor-inner-column elementor-element elementor-element-2d03299\" data-id=\"2d03299\" data-element_type=\"column\" data-e-type=\"column\">\n\t\t\t<div class=\"elementor-widget-wrap elementor-element-populated\">\n\t\t\t\t\t\t<div class=\"elementor-element elementor-element-32f59cc elementor-widget elementor-widget-image\" data-id=\"32f59cc\" data-element_type=\"widget\" data-e-type=\"widget\" data-widget_type=\"image.default\">\n\t\t\t\t<div class=\"elementor-widget-container\">\n\t\t\t\t\t\t\t\t\t\t\t\t\t\t\t<img fetchpriority=\"high\" decoding=\"async\" width=\"691\" height=\"758\" src=\"https:\/\/www.pakery.pl\/wp-content\/uploads\/2021\/04\/Kotwa-spiralna.png\" class=\"attachment-large size-large wp-image-11855\" alt=\"\" srcset=\"https:\/\/www.pakery.pl\/wp-content\/uploads\/2021\/04\/Kotwa-spiralna.png 691w, https:\/\/www.pakery.pl\/wp-content\/uploads\/2021\/04\/Kotwa-spiralna-273x300.png 273w, https:\/\/www.pakery.pl\/wp-content\/uploads\/2021\/04\/Kotwa-spiralna-683x749.png 683w, https:\/\/www.pakery.pl\/wp-content\/uploads\/2021\/04\/Kotwa-spiralna-602x660.png 602w\" sizes=\"(max-width: 691px) 100vw, 691px\" \/>\t\t\t\t\t\t\t\t\t\t\t\t\t\t\t<\/div>\n\t\t\t\t<\/div>\n\t\t\t\t\t<\/div>\n\t\t<\/div>\n\t\t\t\t\t<\/div>\n\t\t<\/section>\n\t\t\t\t<div class=\"elementor-element elementor-element-0b33b07 elementor-widget elementor-widget-image\" data-id=\"0b33b07\" data-element_type=\"widget\" data-e-type=\"widget\" data-widget_type=\"image.default\">\n\t\t\t\t<div class=\"elementor-widget-container\">\n\t\t\t\t\t\t\t\t\t\t\t\t\t\t\t<img decoding=\"async\" width=\"781\" height=\"410\" src=\"https:\/\/www.pakery.pl\/wp-content\/uploads\/2021\/04\/kotwy-eng-.png\" class=\"attachment-large size-large wp-image-36152\" alt=\"\" srcset=\"https:\/\/www.pakery.pl\/wp-content\/uploads\/2021\/04\/kotwy-eng-.png 781w, https:\/\/www.pakery.pl\/wp-content\/uploads\/2021\/04\/kotwy-eng--300x157.png 300w, https:\/\/www.pakery.pl\/wp-content\/uploads\/2021\/04\/kotwy-eng--768x403.png 768w, https:\/\/www.pakery.pl\/wp-content\/uploads\/2021\/04\/kotwy-eng--683x359.png 683w, https:\/\/www.pakery.pl\/wp-content\/uploads\/2021\/04\/kotwy-eng--602x316.png 602w\" sizes=\"(max-width: 781px) 100vw, 781px\" \/>\t\t\t\t\t\t\t\t\t\t\t\t\t\t\t<\/div>\n\t\t\t\t<\/div>\n\t\t\t\t<div class=\"elementor-element elementor-element-77d701e elementor-widget-divider--view-line elementor-widget elementor-widget-divider\" data-id=\"77d701e\" data-element_type=\"widget\" data-e-type=\"widget\" data-widget_type=\"divider.default\">\n\t\t\t\t<div class=\"elementor-widget-container\">\n\t\t\t\t\t\t\t<div class=\"elementor-divider\">\n\t\t\t<span class=\"elementor-divider-separator\">\n\t\t\t\t\t\t<\/span>\n\t\t<\/div>\n\t\t\t\t\t\t<\/div>\n\t\t\t\t<\/div>\n\t\t\t\t<div class=\"elementor-element elementor-element-cf2da9a elementor-widget elementor-widget-heading\" data-id=\"cf2da9a\" data-element_type=\"widget\" data-e-type=\"widget\" data-widget_type=\"heading.default\">\n\t\t\t\t<div class=\"elementor-widget-container\">\n\t\t\t\t\t<h2 class=\"elementor-heading-title elementor-size-default\">Sem zadajte text hlavi\u010dky<\/h2>\t\t\t\t<\/div>\n\t\t\t\t<\/div>\n\t\t\t\t<section class=\"elementor-section elementor-inner-section elementor-element elementor-element-a6cce0d elementor-section-full_width elementor-section-height-default elementor-section-height-default\" data-id=\"a6cce0d\" data-element_type=\"section\" data-e-type=\"section\">\n\t\t\t\t\t\t<div class=\"elementor-container elementor-column-gap-default\">\n\t\t\t\t\t<div class=\"elementor-column elementor-col-50 elementor-inner-column elementor-element elementor-element-8ef05b0\" data-id=\"8ef05b0\" data-element_type=\"column\" data-e-type=\"column\">\n\t\t\t<div class=\"elementor-widget-wrap elementor-element-populated\">\n\t\t\t\t\t\t<div class=\"elementor-element elementor-element-2d277b7 elementor-widget elementor-widget-text-editor\" data-id=\"2d277b7\" data-element_type=\"widget\" data-e-type=\"widget\" data-widget_type=\"text-editor.default\">\n\t\t\t\t<div class=\"elementor-widget-container\">\n\t\t\t\t\t\t\t\t\t<p><span style=\"color: #000000;\"><strong>Rozmery dr\u00e1\u017eok pre \u0161pir\u00e1lov\u00e9 kotvy spolu s pribli\u017enou spotrebou kotviacej malty n\u00e1jdete v tabu\u013eke ni\u017e\u0161ie:<\/strong><\/span><\/p>\n\t\t\t\t\t\t\t\t<\/div>\n\t\t\t\t<\/div>\n\t\t\t\t<div class=\"elementor-element elementor-element-9983271 elementor-widget elementor-widget-image\" data-id=\"9983271\" data-element_type=\"widget\" data-e-type=\"widget\" data-widget_type=\"image.default\">\n\t\t\t\t<div class=\"elementor-widget-container\">\n\t\t\t\t\t\t\t\t\t\t\t\t\t\t\t<img decoding=\"async\" width=\"1024\" height=\"525\" src=\"https:\/\/www.pakery.pl\/wp-content\/uploads\/2021\/04\/table-kotwa-1024x525.png\" class=\"attachment-large size-large wp-image-36179\" alt=\"\" srcset=\"https:\/\/www.pakery.pl\/wp-content\/uploads\/2021\/04\/table-kotwa-1024x525.png 1024w, https:\/\/www.pakery.pl\/wp-content\/uploads\/2021\/04\/table-kotwa-300x154.png 300w, https:\/\/www.pakery.pl\/wp-content\/uploads\/2021\/04\/table-kotwa-768x393.png 768w, https:\/\/www.pakery.pl\/wp-content\/uploads\/2021\/04\/table-kotwa-683x350.png 683w, https:\/\/www.pakery.pl\/wp-content\/uploads\/2021\/04\/table-kotwa-602x308.png 602w, https:\/\/www.pakery.pl\/wp-content\/uploads\/2021\/04\/table-kotwa.png 1058w\" sizes=\"(max-width: 1024px) 100vw, 1024px\" \/>\t\t\t\t\t\t\t\t\t\t\t\t\t\t\t<\/div>\n\t\t\t\t<\/div>\n\t\t\t\t\t<\/div>\n\t\t<\/div>\n\t\t\t\t<div class=\"elementor-column elementor-col-50 elementor-inner-column elementor-element elementor-element-3f2140f\" data-id=\"3f2140f\" data-element_type=\"column\" data-e-type=\"column\">\n\t\t\t<div class=\"elementor-widget-wrap elementor-element-populated\">\n\t\t\t\t\t\t<div class=\"elementor-element elementor-element-4bc0503 elementor-widget elementor-widget-text-editor\" data-id=\"4bc0503\" data-element_type=\"widget\" data-e-type=\"widget\" data-widget_type=\"text-editor.default\">\n\t\t\t\t<div class=\"elementor-widget-container\">\n\t\t\t\t\t\t\t\t\t<p><span style=\"color: #000000;\"><strong>&nbsp;<\/strong><\/span><\/p>\n<p><strong style=\"font-size: 1rem; color: #000000;\">&nbsp;<\/strong><\/p>\n<p><strong style=\"font-size: 1rem; color: #000000;\">min. celkov\u00e1 d\u013a\u017eka kotvy (tehla \/ kame\u0148 \/ zmie\u0161an\u00e9 murivo) &#8211; 1000 mm<\/strong><\/p>\n<p><span style=\"color: #000000;\"><strong>min. celkov\u00e1 d\u013a\u017eka kotvy (bet\u00f3n) &#8211; 600 mm<\/strong><\/span><\/p>\n<p><em>Na v\u00fdslovn\u00fa po\u017eiadavku z\u00e1kazn\u00edka ukroj\u00edme kotvy na uveden\u00fa ve\u013ekos\u0165.<\/em><\/p>\n<p><em><strong>\u010eal\u0161ie n\u00e1vrhy na dizajn n\u00e1jdete v technickej dokument\u00e1cii \u0161pir\u00e1lov\u00e9ho kladiva Hammpack.<br \/><\/strong><\/em><\/p>\n\t\t\t\t\t\t\t\t<\/div>\n\t\t\t\t<\/div>\n\t\t\t\t\t<\/div>\n\t\t<\/div>\n\t\t\t\t\t<\/div>\n\t\t<\/section>\n\t\t\t\t\t<\/div>\n\t\t<\/div>\n\t\t\t\t\t<\/div>\n\t\t<\/section>\n\t\t\t\t<\/div>\n\t\t","protected":false},"excerpt":{"rendered":"<p>TECHNICK\u00c9 \u0160PECIFIK\u00c1CIE: Priemer kotvy: 10 mm Prierezov\u00e1 plocha[mm\u00b2] : 13.00 hod V\u00fd\u0165a\u017eok[MPa] : 474,10 Pevnos\u0165 v \u0165ahu[MPa] : 1006,30 Modul[GPa] : 143,50 APLIK\u00c1CIA: oprava trhl\u00edn v kon\u0161truk\u010dn\u00fdch sten\u00e1ch z teh\u00e1l, kame\u0148a, bet\u00f3nu vystu\u017eenie spojov deliacich stien kon\u0161truk\u010dn\u00fdmi vystu\u017eenie stre\u0161n\u00fdch podkrov\u00ed vystu\u017eenie balk\u00f3nov\u00fdch dosiek oprava a spevnenie prekladov, nosn\u00edkov a stropov ukotvenie oddelen\u00fdch vrstiev pokr\u00fdvaj\u00facich steny [&hellip;]<\/p>\n","protected":false},"featured_media":11854,"template":"","meta":{"_acf_changed":false},"product_brand":[],"product_cat":[554],"product_tag":[],"class_list":{"0":"post-11851","1":"product","2":"type-product","3":"status-publish","4":"has-post-thumbnail","6":"product_cat-spiralove-kotvy-sk","7":"pa_dlugosc-1-m-sk","8":"pa_dlugosc-10-m-sk","9":"pa_dlugosc-100-m-sk","11":"first","12":"instock","13":"taxable","14":"shipping-taxable","15":"purchasable","16":"product-type-variable"},"acf":[],"yoast_head":"<!-- This site is optimized with the Yoast SEO plugin v27.3 - https:\/\/yoast.com\/product\/yoast-seo-wordpress\/ -->\n<title>\u0160pir\u00e1lov\u00e1 kotva \u230010 mm l \u0160pir\u00e1lov\u00e1 kotva na trhliny v sten\u00e1ch<\/title>\n<meta name=\"description\" content=\"Kotva na praskanie steny | \u0160pir\u00e1lov\u00e1 kotva | Zv\u00fd\u0161enie nosnosti stien, st\u013apov, nosn\u00edkov, nosn\u00edkov, dosiek, z\u00e1kladov\" \/>\n<meta name=\"robots\" content=\"index, follow, max-snippet:-1, max-image-preview:large, max-video-preview:-1\" \/>\n<link rel=\"canonical\" href=\"https:\/\/www.pakery.pl\/sk\/produkt\/spiralova-kotva-%e2%8c%8010-mm\/\" \/>\n<meta property=\"og:locale\" content=\"sk_SK\" \/>\n<meta property=\"og:type\" content=\"article\" \/>\n<meta property=\"og:title\" content=\"\u0160pir\u00e1lov\u00e1 kotva \u230010 mm l \u0160pir\u00e1lov\u00e1 kotva na trhliny v sten\u00e1ch\" \/>\n<meta property=\"og:description\" content=\"Kotva na praskanie steny | \u0160pir\u00e1lov\u00e1 kotva | Zv\u00fd\u0161enie nosnosti stien, st\u013apov, nosn\u00edkov, nosn\u00edkov, dosiek, z\u00e1kladov\" \/>\n<meta property=\"og:url\" content=\"https:\/\/www.pakery.pl\/sk\/produkt\/spiralova-kotva-%e2%8c%8010-mm\/\" \/>\n<meta property=\"og:site_name\" content=\"PAKERY.PL\" \/>\n<meta property=\"article:modified_time\" content=\"2021-08-23T13:22:17+00:00\" \/>\n<meta property=\"og:image\" content=\"https:\/\/www.pakery.pl\/wp-content\/uploads\/2021\/05\/kotwy-zbiorcze-1024x1024.png\" \/>\n\t<meta property=\"og:image:width\" content=\"1024\" \/>\n\t<meta property=\"og:image:height\" content=\"1024\" \/>\n\t<meta property=\"og:image:type\" content=\"image\/png\" \/>\n<meta name=\"twitter:card\" content=\"summary_large_image\" \/>\n<meta name=\"twitter:label1\" content=\"Predpokladan\u00fd \u010das \u010d\u00edtania\" \/>\n\t<meta name=\"twitter:data1\" content=\"1 min\u00fata\" \/>\n<script type=\"application\/ld+json\" class=\"yoast-schema-graph\">{\"@context\":\"https:\\\/\\\/schema.org\",\"@graph\":[{\"@type\":\"WebPage\",\"@id\":\"https:\\\/\\\/www.pakery.pl\\\/sk\\\/produkt\\\/spiralova-kotva-%e2%8c%8010-mm\\\/\",\"url\":\"https:\\\/\\\/www.pakery.pl\\\/sk\\\/produkt\\\/spiralova-kotva-%e2%8c%8010-mm\\\/\",\"name\":\"\u0160pir\u00e1lov\u00e1 kotva \u230010 mm l \u0160pir\u00e1lov\u00e1 kotva na trhliny v sten\u00e1ch\",\"isPartOf\":{\"@id\":\"https:\\\/\\\/www.pakery.pl\\\/sk\\\/#website\"},\"primaryImageOfPage\":{\"@id\":\"https:\\\/\\\/www.pakery.pl\\\/sk\\\/produkt\\\/spiralova-kotva-%e2%8c%8010-mm\\\/#primaryimage\"},\"image\":{\"@id\":\"https:\\\/\\\/www.pakery.pl\\\/sk\\\/produkt\\\/spiralova-kotva-%e2%8c%8010-mm\\\/#primaryimage\"},\"thumbnailUrl\":\"https:\\\/\\\/www.pakery.pl\\\/wp-content\\\/uploads\\\/2021\\\/05\\\/kotwy-zbiorcze.png\",\"datePublished\":\"2021-08-10T07:34:37+00:00\",\"dateModified\":\"2021-08-23T13:22:17+00:00\",\"description\":\"Kotva na praskanie steny | \u0160pir\u00e1lov\u00e1 kotva | Zv\u00fd\u0161enie nosnosti stien, st\u013apov, nosn\u00edkov, nosn\u00edkov, dosiek, z\u00e1kladov\",\"breadcrumb\":{\"@id\":\"https:\\\/\\\/www.pakery.pl\\\/sk\\\/produkt\\\/spiralova-kotva-%e2%8c%8010-mm\\\/#breadcrumb\"},\"inLanguage\":\"sk-SK\",\"potentialAction\":[{\"@type\":\"ReadAction\",\"target\":[\"https:\\\/\\\/www.pakery.pl\\\/sk\\\/produkt\\\/spiralova-kotva-%e2%8c%8010-mm\\\/\"]}]},{\"@type\":\"ImageObject\",\"inLanguage\":\"sk-SK\",\"@id\":\"https:\\\/\\\/www.pakery.pl\\\/sk\\\/produkt\\\/spiralova-kotva-%e2%8c%8010-mm\\\/#primaryimage\",\"url\":\"https:\\\/\\\/www.pakery.pl\\\/wp-content\\\/uploads\\\/2021\\\/05\\\/kotwy-zbiorcze.png\",\"contentUrl\":\"https:\\\/\\\/www.pakery.pl\\\/wp-content\\\/uploads\\\/2021\\\/05\\\/kotwy-zbiorcze.png\",\"width\":2500,\"height\":2500},{\"@type\":\"BreadcrumbList\",\"@id\":\"https:\\\/\\\/www.pakery.pl\\\/sk\\\/produkt\\\/spiralova-kotva-%e2%8c%8010-mm\\\/#breadcrumb\",\"itemListElement\":[{\"@type\":\"ListItem\",\"position\":1,\"name\":\"Strona g\u0142\u00f3wna\",\"item\":\"https:\\\/\\\/www.pakery.pl\\\/sk\\\/\"},{\"@type\":\"ListItem\",\"position\":2,\"name\":\"Ulo\u017ei\u0165\",\"item\":\"https:\\\/\\\/www.pakery.pl\\\/sk\\\/ulozit\\\/\"},{\"@type\":\"ListItem\",\"position\":3,\"name\":\"\u0160pir\u00e1lov\u00e1 kotva \u230010 mm\"}]},{\"@type\":\"WebSite\",\"@id\":\"https:\\\/\\\/www.pakery.pl\\\/sk\\\/#website\",\"url\":\"https:\\\/\\\/www.pakery.pl\\\/sk\\\/\",\"name\":\"Pakery.pl\",\"description\":\"Pakery iniekcyjne, Kotwy spiralne, Lance iniekcyjne, W\u0119\u017ce do iniekcji, Pompy iniekcyjne, Serwis pomp iniekcyjnych, Wynajem pomp do iniekcji\",\"publisher\":{\"@id\":\"https:\\\/\\\/www.pakery.pl\\\/sk\\\/#organization\"},\"potentialAction\":[{\"@type\":\"SearchAction\",\"target\":{\"@type\":\"EntryPoint\",\"urlTemplate\":\"https:\\\/\\\/www.pakery.pl\\\/sk\\\/?s={search_term_string}\"},\"query-input\":{\"@type\":\"PropertyValueSpecification\",\"valueRequired\":true,\"valueName\":\"search_term_string\"}}],\"inLanguage\":\"sk-SK\"},{\"@type\":\"Organization\",\"@id\":\"https:\\\/\\\/www.pakery.pl\\\/sk\\\/#organization\",\"name\":\"PAKERY.PL\",\"url\":\"https:\\\/\\\/www.pakery.pl\\\/sk\\\/\",\"logo\":{\"@type\":\"ImageObject\",\"inLanguage\":\"sk-SK\",\"@id\":\"https:\\\/\\\/www.pakery.pl\\\/sk\\\/#\\\/schema\\\/logo\\\/image\\\/\",\"url\":\"https:\\\/\\\/www.pakery.pl\\\/wp-content\\\/uploads\\\/2021\\\/04\\\/cropped-PAKERY-LOGO.png\",\"contentUrl\":\"https:\\\/\\\/www.pakery.pl\\\/wp-content\\\/uploads\\\/2021\\\/04\\\/cropped-PAKERY-LOGO.png\",\"width\":1529,\"height\":500,\"caption\":\"PAKERY.PL\"},\"image\":{\"@id\":\"https:\\\/\\\/www.pakery.pl\\\/sk\\\/#\\\/schema\\\/logo\\\/image\\\/\"}}]}<\/script>\n<!-- \/ Yoast SEO plugin. -->","yoast_head_json":{"title":"\u0160pir\u00e1lov\u00e1 kotva \u230010 mm l \u0160pir\u00e1lov\u00e1 kotva na trhliny v sten\u00e1ch","description":"Kotva na praskanie steny | \u0160pir\u00e1lov\u00e1 kotva | Zv\u00fd\u0161enie nosnosti stien, st\u013apov, nosn\u00edkov, nosn\u00edkov, dosiek, z\u00e1kladov","robots":{"index":"index","follow":"follow","max-snippet":"max-snippet:-1","max-image-preview":"max-image-preview:large","max-video-preview":"max-video-preview:-1"},"canonical":"https:\/\/www.pakery.pl\/sk\/produkt\/spiralova-kotva-%e2%8c%8010-mm\/","og_locale":"sk_SK","og_type":"article","og_title":"\u0160pir\u00e1lov\u00e1 kotva \u230010 mm l \u0160pir\u00e1lov\u00e1 kotva na trhliny v sten\u00e1ch","og_description":"Kotva na praskanie steny | \u0160pir\u00e1lov\u00e1 kotva | Zv\u00fd\u0161enie nosnosti stien, st\u013apov, nosn\u00edkov, nosn\u00edkov, dosiek, z\u00e1kladov","og_url":"https:\/\/www.pakery.pl\/sk\/produkt\/spiralova-kotva-%e2%8c%8010-mm\/","og_site_name":"PAKERY.PL","article_modified_time":"2021-08-23T13:22:17+00:00","og_image":[{"width":1024,"height":1024,"url":"https:\/\/www.pakery.pl\/wp-content\/uploads\/2021\/05\/kotwy-zbiorcze-1024x1024.png","type":"image\/png"}],"twitter_card":"summary_large_image","twitter_misc":{"Predpokladan\u00fd \u010das \u010d\u00edtania":"1 min\u00fata"},"schema":{"@context":"https:\/\/schema.org","@graph":[{"@type":"WebPage","@id":"https:\/\/www.pakery.pl\/sk\/produkt\/spiralova-kotva-%e2%8c%8010-mm\/","url":"https:\/\/www.pakery.pl\/sk\/produkt\/spiralova-kotva-%e2%8c%8010-mm\/","name":"\u0160pir\u00e1lov\u00e1 kotva \u230010 mm l \u0160pir\u00e1lov\u00e1 kotva na trhliny v sten\u00e1ch","isPartOf":{"@id":"https:\/\/www.pakery.pl\/sk\/#website"},"primaryImageOfPage":{"@id":"https:\/\/www.pakery.pl\/sk\/produkt\/spiralova-kotva-%e2%8c%8010-mm\/#primaryimage"},"image":{"@id":"https:\/\/www.pakery.pl\/sk\/produkt\/spiralova-kotva-%e2%8c%8010-mm\/#primaryimage"},"thumbnailUrl":"https:\/\/www.pakery.pl\/wp-content\/uploads\/2021\/05\/kotwy-zbiorcze.png","datePublished":"2021-08-10T07:34:37+00:00","dateModified":"2021-08-23T13:22:17+00:00","description":"Kotva na praskanie steny | \u0160pir\u00e1lov\u00e1 kotva | Zv\u00fd\u0161enie nosnosti stien, st\u013apov, nosn\u00edkov, nosn\u00edkov, dosiek, z\u00e1kladov","breadcrumb":{"@id":"https:\/\/www.pakery.pl\/sk\/produkt\/spiralova-kotva-%e2%8c%8010-mm\/#breadcrumb"},"inLanguage":"sk-SK","potentialAction":[{"@type":"ReadAction","target":["https:\/\/www.pakery.pl\/sk\/produkt\/spiralova-kotva-%e2%8c%8010-mm\/"]}]},{"@type":"ImageObject","inLanguage":"sk-SK","@id":"https:\/\/www.pakery.pl\/sk\/produkt\/spiralova-kotva-%e2%8c%8010-mm\/#primaryimage","url":"https:\/\/www.pakery.pl\/wp-content\/uploads\/2021\/05\/kotwy-zbiorcze.png","contentUrl":"https:\/\/www.pakery.pl\/wp-content\/uploads\/2021\/05\/kotwy-zbiorcze.png","width":2500,"height":2500},{"@type":"BreadcrumbList","@id":"https:\/\/www.pakery.pl\/sk\/produkt\/spiralova-kotva-%e2%8c%8010-mm\/#breadcrumb","itemListElement":[{"@type":"ListItem","position":1,"name":"Strona g\u0142\u00f3wna","item":"https:\/\/www.pakery.pl\/sk\/"},{"@type":"ListItem","position":2,"name":"Ulo\u017ei\u0165","item":"https:\/\/www.pakery.pl\/sk\/ulozit\/"},{"@type":"ListItem","position":3,"name":"\u0160pir\u00e1lov\u00e1 kotva \u230010 mm"}]},{"@type":"WebSite","@id":"https:\/\/www.pakery.pl\/sk\/#website","url":"https:\/\/www.pakery.pl\/sk\/","name":"Pakery.pl","description":"Pakery iniekcyjne, Kotwy spiralne, Lance iniekcyjne, W\u0119\u017ce do iniekcji, Pompy iniekcyjne, Serwis pomp iniekcyjnych, Wynajem pomp do iniekcji","publisher":{"@id":"https:\/\/www.pakery.pl\/sk\/#organization"},"potentialAction":[{"@type":"SearchAction","target":{"@type":"EntryPoint","urlTemplate":"https:\/\/www.pakery.pl\/sk\/?s={search_term_string}"},"query-input":{"@type":"PropertyValueSpecification","valueRequired":true,"valueName":"search_term_string"}}],"inLanguage":"sk-SK"},{"@type":"Organization","@id":"https:\/\/www.pakery.pl\/sk\/#organization","name":"PAKERY.PL","url":"https:\/\/www.pakery.pl\/sk\/","logo":{"@type":"ImageObject","inLanguage":"sk-SK","@id":"https:\/\/www.pakery.pl\/sk\/#\/schema\/logo\/image\/","url":"https:\/\/www.pakery.pl\/wp-content\/uploads\/2021\/04\/cropped-PAKERY-LOGO.png","contentUrl":"https:\/\/www.pakery.pl\/wp-content\/uploads\/2021\/04\/cropped-PAKERY-LOGO.png","width":1529,"height":500,"caption":"PAKERY.PL"},"image":{"@id":"https:\/\/www.pakery.pl\/sk\/#\/schema\/logo\/image\/"}}]}},"_links":{"self":[{"href":"https:\/\/www.pakery.pl\/sk\/wp-json\/wp\/v2\/product\/11851","targetHints":{"allow":["GET"]}}],"collection":[{"href":"https:\/\/www.pakery.pl\/sk\/wp-json\/wp\/v2\/product"}],"about":[{"href":"https:\/\/www.pakery.pl\/sk\/wp-json\/wp\/v2\/types\/product"}],"version-history":[{"count":4,"href":"https:\/\/www.pakery.pl\/sk\/wp-json\/wp\/v2\/product\/11851\/revisions"}],"predecessor-version":[{"id":36413,"href":"https:\/\/www.pakery.pl\/sk\/wp-json\/wp\/v2\/product\/11851\/revisions\/36413"}],"wp:featuredmedia":[{"embeddable":true,"href":"https:\/\/www.pakery.pl\/sk\/wp-json\/wp\/v2\/media\/11854"}],"wp:attachment":[{"href":"https:\/\/www.pakery.pl\/sk\/wp-json\/wp\/v2\/media?parent=11851"}],"wp:term":[{"taxonomy":"product_brand","embeddable":true,"href":"https:\/\/www.pakery.pl\/sk\/wp-json\/wp\/v2\/product_brand?post=11851"},{"taxonomy":"product_cat","embeddable":true,"href":"https:\/\/www.pakery.pl\/sk\/wp-json\/wp\/v2\/product_cat?post=11851"},{"taxonomy":"product_tag","embeddable":true,"href":"https:\/\/www.pakery.pl\/sk\/wp-json\/wp\/v2\/product_tag?post=11851"}],"curies":[{"name":"wp","href":"https:\/\/api.w.org\/{rel}","templated":true}]}}