{"id":11463,"date":"2021-08-10T08:49:58","date_gmt":"2021-08-10T06:49:58","guid":{"rendered":"https:\/\/www.pakery.pl\/zasady-ochrany-osobnych-udajov\/"},"modified":"2021-10-14T11:26:37","modified_gmt":"2021-10-14T09:26:37","slug":"zasady-ochrany-osobnych-udajov","status":"publish","type":"page","link":"https:\/\/www.pakery.pl\/sk\/zasady-ochrany-osobnych-udajov\/","title":{"rendered":"z\u00e1sady ochrany osobn\u00fdch \u00fadajov"},"content":{"rendered":"\t\t<div data-elementor-type=\"wp-page\" data-elementor-id=\"11463\" class=\"elementor elementor-11463 elementor-3\" data-elementor-post-type=\"page\">\n\t\t\t\t\t\t<section class=\"elementor-section elementor-top-section elementor-element elementor-element-396c338 elementor-section-boxed elementor-section-height-default elementor-section-height-default\" data-id=\"396c338\" data-element_type=\"section\" data-e-type=\"section\">\n\t\t\t\t\t\t<div class=\"elementor-container elementor-column-gap-default\">\n\t\t\t\t\t<div class=\"elementor-column elementor-col-100 elementor-top-column elementor-element elementor-element-7ba97d3\" data-id=\"7ba97d3\" data-element_type=\"column\" data-e-type=\"column\">\n\t\t\t<div class=\"elementor-widget-wrap elementor-element-populated\">\n\t\t\t\t\t\t<div class=\"elementor-element elementor-element-9a5c3fb elementor-widget elementor-widget-text-editor\" data-id=\"9a5c3fb\" data-element_type=\"widget\" data-e-type=\"widget\" data-widget_type=\"text-editor.default\">\n\t\t\t\t<div class=\"elementor-widget-container\">\n\t\t\t\t\t\t\t\t\t<h1 style=\"font-family: Montserrat, sans-serif; color: rgb(0, 0, 0); text-align: center;\"><span style=\"font-weight: 700;\">Z\u00e1sady ochrany osobn\u00fdch \u00fadajov na webe: &nbsp;<\/span><\/h1>\n<h1 style=\"font-family: Montserrat, sans-serif; color: rgb(0, 0, 0); text-align: center;\"><span style=\"font-weight: 700;\">www.pakery.pl<\/span><\/h1>\n<h1 style=\"font-family: Montserrat, sans-serif; color: rgb(0, 0, 0);\">1. V\u0161eobecn\u00e9 inform\u00e1cie.<\/h1>\n<h1>\n<ol style=\"font-size: 16px; text-align: left;\">\n<li>Prev\u00e1dzkovate\u013e webov\u00fdch str\u00e1nok&nbsp;<a href=\"https:\/\/www.pakery.pl\/sk\/\">pakery.pl<\/a>&nbsp; je Hammpack. NS. Z OO 02-690 Var\u0161ava, ul. Bokserska 47, \u010d\u00edslo NIP:&nbsp;<span style=\"font-size: 1rem;\">9512466806&nbsp; a REGON: 380 860 490.<\/span><\/li>\n<\/ol>\n<ol start=\"2\" style=\"font-size: 16px; text-align: left;\">\n<li>Web z\u00edskava inform\u00e1cie o pou\u017e\u00edvate\u013eoch a ich spr\u00e1van\u00ed nasleduj\u00facim sp\u00f4sobom:<\/li>\n<li>Prostredn\u00edctvom inform\u00e1ci\u00ed vlo\u017een\u00fdch dobrovo\u013ene do formul\u00e1rov.<\/li>\n<li>Prostredn\u00edctvom s\u00faborov cookie ulo\u017een\u00fdch v koncov\u00fdch zariadeniach (takzvan\u00e9 \u201es\u00fabory cookie\u201c).<\/li>\n<li>Zhroma\u017e\u010fovan\u00edm protokolov webov\u00e9ho servera hostite\u013esk\u00fdm oper\u00e1torom Hammpack Sp. Z OO, 02-690 Var\u0161ava, ul. Bokserska 47, NIP (da\u0148ov\u00e9 identifika\u010dn\u00e9 \u010d\u00edslo):&nbsp;<span style=\"{wpml_trans_unit_1_0_3_1_3_4_-1_0}\">9512466806&nbsp; p\u00f4sobiaci na adrese&nbsp;<\/span><a href=\"https:\/\/www.pakery.pl\/sk\/\" style=\"font-size: 1rem;\"> www.pakery.pl<\/a><\/li>\n<\/ol>\n<\/h1>\n<h2 style=\"font-family: Montserrat, sans-serif; color: rgb(0, 0, 0);\">2.&nbsp;&nbsp; Inform\u00e1cie vo formul\u00e1roch.<\/h2>\n<h1>\n<ol style=\"font-size: 16px; text-align: left;\">\n<li>Slu\u017eba zhroma\u017e\u010fuje inform\u00e1cie poskytnut\u00e9 dobrovo\u013ene pou\u017e\u00edvate\u013eom.<\/li>\n<li>Web m\u00f4\u017ee tie\u017e uklada\u0165 inform\u00e1cie o parametroch pripojenia (\u010dasov\u00e1 pe\u010diatka, IP adresa)<\/li>\n<li>\u00dadaje poskytnut\u00e9 vo formul\u00e1roch nie s\u00fa spr\u00edstupnen\u00e9 tret\u00edm stran\u00e1m, pokia\u013e: s predch\u00e1dzaj\u00facim v\u00fdslovn\u00fdm s\u00fahlasom dotknutej osoby alebo ak povinnos\u0165 poskytn\u00fa\u0165 tieto \u00fadaje vypl\u00fdva z ustanoven\u00ed<\/li>\n<li>\u00dadaje uveden\u00e9 vo formul\u00e1ri m\u00f4\u017eu predstavova\u0165 s\u00fabor potenci\u00e1lnych z\u00e1kazn\u00edkov zaregistrovan\u00fdch Prev\u00e1dzkovate\u013eom<\/li>\n<\/ol>\n<\/h1>\n<p style=\"font-size: 16px; text-align: left;\">Webov\u00e1 str\u00e1nka v registri veden\u00e1 gener\u00e1lnym in\u0161pektorom pre ochranu osobn\u00fdch \u00fadajov.<\/p>\n<ol start=\"5\" style=\"font-size: 16px; text-align: left;\">\n<li>\u00dadaje poskytnut\u00e9 vo formul\u00e1ri sa sprac\u00favaj\u00fa na \u00fa\u010del vypl\u00fdvaj\u00faci z funkcie konkr\u00e9tneho formul\u00e1ra, napr\u00edklad na spracovanie po\u017eiadavky na slu\u017ebu alebo kontaktu<\/li>\n<li>\u00dadaje poskytnut\u00e9 vo formul\u00e1roch m\u00f4\u017eu by\u0165 poskytnut\u00e9 subjektom, ktor\u00e9 technicky poskytuj\u00fa ur\u010dit\u00e9 slu\u017eby &#8211; konkr\u00e9tne to plat\u00ed pre prenos inform\u00e1ci\u00ed o majite\u013eovi registrovanej dom\u00e9ny subjektom, ktor\u00e9 s\u00fa prev\u00e1dzkovate\u013emi internetov\u00fdch dom\u00e9n (predov\u0161etk\u00fdm Vedeck\u00e1 a akademick\u00e1 po\u010d\u00edta\u010dov\u00e1 sie\u0165<\/li>\n<\/ol>\n<p style=\"font-size: 16px; text-align: left;\">jbr &#8211; NASK), platobn\u00e9 slu\u017eby alebo in\u00e9 subjekty, s ktor\u00fdmi Prev\u00e1dzkovate\u013e webov\u00fdch str\u00e1nok v tejto s\u00favislosti spolupracuje.<\/p>\n<h2 style=\"font-family: Montserrat, sans-serif; color: rgb(0, 0, 0);\">3.&nbsp;&nbsp; Inform\u00e1cie o cookies.<\/h2>\n<h1>\n<ol style=\"font-size: 16px; text-align: left;\">\n<li>Web pou\u017e\u00edva s\u00fabory<\/li>\n<li>S\u00fabory cookie (takzvan\u00e9 \u201ecookies\u201c) s\u00fa \u00fadaje IT, najm\u00e4 textov\u00e9 s\u00fabory, ktor\u00e9 s\u00fa ulo\u017een\u00e9 v koncovom zariaden\u00ed pou\u017e\u00edvate\u013ea webovej str\u00e1nky a s\u00fa ur\u010den\u00e9 na pou\u017e\u00edvanie str\u00e1nok webovej str\u00e1nky. Cookies zvy\u010dajne obsahuj\u00fa n\u00e1zov webovej str\u00e1nky, z ktorej poch\u00e1dzaj\u00fa, dobu ulo\u017eenia na koncovom zariaden\u00ed a jedine\u010dn\u00fd<\/li>\n<li>Prev\u00e1dzkovate\u013e je subjekt, ktor\u00fd umiest\u0148uje s\u00fabory cookie na koncov\u00e9 zariadenie pou\u017e\u00edvate\u013ea webovej str\u00e1nky a z\u00edskava k nim pr\u00edstup<\/li>\n<li>S\u00fabory cookie sa pou\u017e\u00edvaj\u00fa na nasleduj\u00face \u00fa\u010dely:<\/li>\n<li>vytv\u00e1ranie \u0161tatist\u00edk, ktor\u00e9 pom\u00e1haj\u00fa porozumie\u0165 tomu, ako pou\u017e\u00edvatelia webov\u00fdch str\u00e1nok pou\u017e\u00edvaj\u00fa str\u00e1nky<\/li>\n<\/ol>\n<\/h1>\n<p style=\"font-size: 16px; text-align: left;\">webov\u00e9 str\u00e1nky, \u010do umo\u017e\u0148uje zlep\u0161i\u0165 ich \u0161trukt\u00faru a obsah;<\/p>\n<ol start=\"6\" style=\"font-size: 16px; text-align: left;\">\n<li>udr\u017eiavanie rel\u00e1cie pou\u017e\u00edvate\u013ea webovej str\u00e1nky (po prihl\u00e1sen\u00ed), v\u010faka ktorej u\u017e\u00edvate\u013e nemus\u00ed znova zad\u00e1va\u0165 prihlasovacie meno a heslo na ka\u017edej podstr\u00e1nke webovej str\u00e1nky;<\/li>\n<li>ur\u010denie profilu pou\u017e\u00edvate\u013ea za \u00fa\u010delom zobrazovania reklamn\u00fdch materi\u00e1lov, ktor\u00e9 s\u00fa v s\u00falade s t\u00fdmto profilom, najm\u00e4 so sie\u0165ou Google.<\/li>\n<li>Webov\u00e1 str\u00e1nka pou\u017e\u00edva dva z\u00e1kladn\u00e9 typy s\u00faborov cookie: do\u010dasn\u00e9 s\u00fabory cookie a trval\u00e9 s\u00fabory cookie. Session cookies s\u00fa do\u010dasn\u00e9 s\u00fabory, ktor\u00e9 s\u00fa ulo\u017een\u00e9 v koncovom zariaden\u00ed U\u017e\u00edvate\u013ea a\u017e do odhl\u00e1senia, opustenia webovej str\u00e1nky alebo vypnutia softv\u00e9ru (webov\u00e9ho prehliada\u010da). Trval\u00e9 cookies s\u00fa ulo\u017een\u00e9 v koncovom zariaden\u00ed U\u017e\u00edvate\u013ea po dobu uveden\u00fa v parametroch s\u00faboru cookie alebo dovtedy, k\u00fdm ich Pou\u017e\u00edvate\u013e neodstr\u00e1ni.<\/li>\n<li>Softv\u00e9r na prehliadanie webov\u00fdch str\u00e1nok (webov\u00fd prehliada\u010d) spravidla umo\u017e\u0148uje predvolene uklada\u0165 s\u00fabory cookie do koncov\u00e9ho zariadenia Pou\u017e\u00edvate\u013ea. Pou\u017e\u00edvatelia webov\u00fdch str\u00e1nok m\u00f4\u017eu v tomto oh\u013eade zmeni\u0165 nastavenia. Webov\u00fd prehliada\u010d v\u00e1m umo\u017e\u0148uje vymaza\u0165 s\u00fabory cookie. Je tie\u017e mo\u017en\u00e9 automaticky blokova\u0165 s\u00fabory cookie. Podrobn\u00e9 inform\u00e1cie o tejto t\u00e9me n\u00e1jdete v pomocn\u00edkovi alebo v dokument\u00e1cii k prehliada\u010du<\/li>\n<li>Obmedzenia pou\u017e\u00edvania s\u00faborov cookie m\u00f4\u017eu ma\u0165 vplyv na niektor\u00e9 funkcie dostupn\u00e9 na webov\u00fdch str\u00e1nkach<\/li>\n<\/ol>\n<ol start=\"11\" style=\"font-size: 16px; text-align: left;\">\n<li>Cookies umiestnen\u00e9 na koncovom zariaden\u00ed U\u017e\u00edvate\u013ea m\u00f4\u017eu pou\u017e\u00edva\u0165 aj inzerenti a partneri spolupracuj\u00faci s prev\u00e1dzkovate\u013eom Webovej str\u00e1nky.<\/li>\n<li>Odpor\u00fa\u010dame v\u00e1m pre\u010d\u00edta\u0165 si z\u00e1sady ochrany osobn\u00fdch \u00fadajov t\u00fdchto spolo\u010dnost\u00ed, aby ste sa dozvedeli o pravidl\u00e1ch pou\u017e\u00edvania s\u00faborov cookie pou\u017e\u00edvan\u00fdch v \u0161tatistik\u00e1ch: Z\u00e1sady ochrany osobn\u00fdch \u00fadajov slu\u017eby Google Analytics<\/li>\n<li>S\u00fabory cookie m\u00f4\u017eu by\u0165 pou\u017eit\u00e9 reklamn\u00fdmi sie\u0165ami, najm\u00e4 sie\u0165ou Google, na zobrazenie rekl\u00e1m prisp\u00f4soben\u00fdch sp\u00f4sobu, ak\u00fdm u\u017e\u00edvate\u013e pou\u017e\u00edva webov\u00fa str\u00e1nku. Na tento \u00fa\u010del m\u00f4\u017eu uchov\u00e1va\u0165 inform\u00e1cie o naviga\u010dnej ceste pou\u017e\u00edvate\u013ea alebo o \u010dase, ke\u010f sa v \u00fadajoch zdr\u017eia<\/li>\n<li>Pokia\u013e ide o inform\u00e1cie o preferenci\u00e1ch pou\u017e\u00edvate\u013eov, ktor\u00e9 zhroma\u017e\u010fuje reklamn\u00e1 sie\u0165 Google, pou\u017e\u00edvate\u013e si m\u00f4\u017ee prezera\u0165 a upravova\u0165 inform\u00e1cie odvoden\u00e9 zo s\u00faborov cookie pomocou n\u00e1stroja: https: \/\/<a href=\"http:\/\/www.google.com\/ads\/preferences\/\"> google.com\/ads\/preferences\/<\/a><\/li>\n<\/ol>\n<h2 style=\"font-family: Montserrat, sans-serif; color: rgb(0, 0, 0);\">4.&nbsp;&nbsp; Denn\u00edky servera.<\/h2>\n<h1>\n<ol style=\"font-size: 16px; text-align: left;\">\n<li>Inform\u00e1cie o niektor\u00fdch spr\u00e1vaniach pou\u017e\u00edvate\u013eov podliehaj\u00fa prihl\u00e1seniu do serverovej vrstvy. Tieto \u00fadaje sl\u00fa\u017eia iba na spr\u00e1vu webovej str\u00e1nky a na zaistenie najefekt\u00edvnej\u0161ej poskytovanej slu\u017eby<\/li>\n<li>Prehliadan\u00e9 zdroje s\u00fa identifikovan\u00e9 adresami URL. Okrem toho je mo\u017en\u00e9 ulo\u017ei\u0165 nasleduj\u00face polo\u017eky:<\/li>\n<li>\u010das pr\u00edchodu vy\u0161etrovania,<\/li>\n<li>\u010das odoslania odpovede,<\/li>\n<li>n\u00e1zov klientskej stanice &#8211; identifik\u00e1cia vykonan\u00e1 protokolom HTTP,<\/li>\n<\/ol>\n<ol start=\"6\" style=\"font-size: 16px; text-align: left;\">\n<li>inform\u00e1cie o chyb\u00e1ch, ktor\u00e9 sa vyskytli po\u010das implement\u00e1cie transakcie HTTP,<\/li>\n<li>URL adresa str\u00e1nky, ktor\u00fa u\u017e\u00edvate\u013e predt\u00fdm nav\u0161t\u00edvil (odkaz na odkaz) &#8211; ak bol web nav\u0161t\u00edven\u00fd prostredn\u00edctvom odkazu,<\/li>\n<li>inform\u00e1cie o prehliada\u010di pou\u017e\u00edvate\u013ea,<\/li>\n<li>Inform\u00e1cie o IP adrese.<\/li>\n<li>Vy\u0161\u0161ie uveden\u00e9 \u00fadaje nie s\u00fa spojen\u00e9 s konkr\u00e9tnymi div\u00e1kmi<\/li>\n<li>Vy\u0161\u0161ie uveden\u00e9 \u00fadaje sl\u00fa\u017eia iba na administrat\u00edvne \u00fa\u010dely<\/li>\n<\/ol>\n<\/h1>\n<h2 style=\"font-family: Montserrat, sans-serif; color: rgb(0, 0, 0);\">5.&nbsp;&nbsp; Poskytovanie \u00fadajov.<\/h2>\n<h1>\n<ol style=\"font-size: 16px; text-align: left;\">\n<li>Osoby, ktor\u00fdch \u00fadaje boli zhroma\u017eden\u00e9, maj\u00fa pr\u00e1vo na pr\u00edstup k svojim \u00fadajom, ich zmenu, \u00fapravu alebo vymazanie zaslan\u00edm doporu\u010den\u00e9ho listu na nasleduj\u00facu adresu: Bokserska 47, 02-690 Warsaw. Hammpack Sp. &nbsp;Z OO<\/li>\n<li>Zhroma\u017eden\u00e9 \u00fadaje nie s\u00fa spr\u00edstupnen\u00e9 tret\u00edm stran\u00e1m, pokia\u013e: s predch\u00e1dzaj\u00facim v\u00fdslovn\u00fdm s\u00fahlasom dotknutej osoby alebo ak povinnos\u0165 poskytn\u00fa\u0165 tieto \u00fadaje vypl\u00fdva z ustanoven\u00ed<\/li>\n<\/ol>\n<\/h1>\n<h2 style=\"font-family: Montserrat, sans-serif; color: rgb(0, 0, 0);\">6.&nbsp;&nbsp; Spr\u00e1va s\u00faborov cookie &#8211; ako v praxi vyjadri\u0165 a odvola\u0165 s\u00fahlas?<\/h2>\n<h1>\n<ol style=\"font-size: 16px; text-align: left;\">\n<li>Pokia\u013e u\u017e\u00edvate\u013e nechce dost\u00e1va\u0165 cookies, m\u00f4\u017ee zmeni\u0165 nastavenia prehliada\u010da. Vyhradzujeme si, \u017ee zak\u00e1zanie s\u00faborov cookie potrebn\u00fdch pre autentifika\u010dn\u00e9 procesy, zabezpe\u010denie, zachovanie predvolieb pou\u017e\u00edvate\u013eov m\u00f4\u017ee s\u0165a\u017ei\u0165 a v extr\u00e9mnych pr\u00edpadoch m\u00f4\u017ee zabr\u00e1ni\u0165 pou\u017e\u00edvaniu webov\u00fdch str\u00e1nok.<\/li>\n<\/ol>\n<\/h1>\n<ol>\n<\/ol>\n\t\t\t\t\t\t\t\t<\/div>\n\t\t\t\t<\/div>\n\t\t\t\t\t<\/div>\n\t\t<\/div>\n\t\t\t\t\t<\/div>\n\t\t<\/section>\n\t\t\t\t<\/div>\n\t\t","protected":false},"excerpt":{"rendered":"<p>Z\u00e1sady ochrany osobn\u00fdch \u00fadajov na webe: &nbsp; www.pakery.pl 1. V\u0161eobecn\u00e9 inform\u00e1cie. Prev\u00e1dzkovate\u013e webov\u00fdch str\u00e1nok&nbsp;pakery.pl&nbsp; je Hammpack. NS. Z OO 02-690 Var\u0161ava, ul. Bokserska 47, \u010d\u00edslo NIP:&nbsp;9512466806&nbsp; a REGON: 380 860 490. Web z\u00edskava inform\u00e1cie o pou\u017e\u00edvate\u013eoch a ich spr\u00e1van\u00ed nasleduj\u00facim sp\u00f4sobom: Prostredn\u00edctvom inform\u00e1ci\u00ed vlo\u017een\u00fdch dobrovo\u013ene do formul\u00e1rov. Prostredn\u00edctvom s\u00faborov cookie ulo\u017een\u00fdch v koncov\u00fdch zariadeniach (takzvan\u00e9 [&hellip;]<\/p>\n","protected":false},"author":1,"featured_media":0,"parent":0,"menu_order":0,"comment_status":"closed","ping_status":"open","template":"elementor_header_footer","meta":{"_acf_changed":false,"footnotes":""},"class_list":["post-11463","page","type-page","status-publish","hentry"],"acf":[],"yoast_head":"<!-- This site is optimized with the Yoast SEO plugin v27.3 - https:\/\/yoast.com\/product\/yoast-seo-wordpress\/ -->\n<title>z\u00e1sady ochrany osobn\u00fdch \u00fadajov - PAKERY.PL<\/title>\n<meta name=\"robots\" content=\"index, follow, max-snippet:-1, max-image-preview:large, max-video-preview:-1\" \/>\n<link rel=\"canonical\" href=\"https:\/\/www.pakery.pl\/sk\/zasady-ochrany-osobnych-udajov\/\" \/>\n<meta property=\"og:locale\" content=\"sk_SK\" \/>\n<meta property=\"og:type\" content=\"article\" \/>\n<meta property=\"og:title\" content=\"z\u00e1sady ochrany osobn\u00fdch \u00fadajov - PAKERY.PL\" \/>\n<meta property=\"og:description\" content=\"Z\u00e1sady ochrany osobn\u00fdch \u00fadajov na webe: &nbsp; www.pakery.pl 1. V\u0161eobecn\u00e9 inform\u00e1cie. Prev\u00e1dzkovate\u013e webov\u00fdch str\u00e1nok&nbsp;pakery.pl&nbsp; je Hammpack. NS. Z OO 02-690 Var\u0161ava, ul. Bokserska 47, \u010d\u00edslo NIP:&nbsp;9512466806&nbsp; a REGON: 380 860 490. Web z\u00edskava inform\u00e1cie o pou\u017e\u00edvate\u013eoch a ich spr\u00e1van\u00ed nasleduj\u00facim sp\u00f4sobom: Prostredn\u00edctvom inform\u00e1ci\u00ed vlo\u017een\u00fdch dobrovo\u013ene do formul\u00e1rov. Prostredn\u00edctvom s\u00faborov cookie ulo\u017een\u00fdch v koncov\u00fdch zariadeniach (takzvan\u00e9 [&hellip;]\" \/>\n<meta property=\"og:url\" content=\"https:\/\/www.pakery.pl\/sk\/zasady-ochrany-osobnych-udajov\/\" \/>\n<meta property=\"og:site_name\" content=\"PAKERY.PL\" \/>\n<meta property=\"article:modified_time\" content=\"2021-10-14T09:26:37+00:00\" \/>\n<meta name=\"twitter:card\" content=\"summary_large_image\" \/>\n<meta name=\"twitter:label1\" content=\"Predpokladan\u00fd \u010das \u010d\u00edtania\" \/>\n\t<meta name=\"twitter:data1\" content=\"6 min\u00fat\" \/>\n<script type=\"application\/ld+json\" class=\"yoast-schema-graph\">{\"@context\":\"https:\\\/\\\/schema.org\",\"@graph\":[{\"@type\":\"WebPage\",\"@id\":\"https:\\\/\\\/www.pakery.pl\\\/sk\\\/zasady-ochrany-osobnych-udajov\\\/\",\"url\":\"https:\\\/\\\/www.pakery.pl\\\/sk\\\/zasady-ochrany-osobnych-udajov\\\/\",\"name\":\"z\u00e1sady ochrany osobn\u00fdch \u00fadajov - PAKERY.PL\",\"isPartOf\":{\"@id\":\"https:\\\/\\\/www.pakery.pl\\\/sk\\\/#website\"},\"datePublished\":\"2021-08-10T06:49:58+00:00\",\"dateModified\":\"2021-10-14T09:26:37+00:00\",\"breadcrumb\":{\"@id\":\"https:\\\/\\\/www.pakery.pl\\\/sk\\\/zasady-ochrany-osobnych-udajov\\\/#breadcrumb\"},\"inLanguage\":\"sk-SK\",\"potentialAction\":[{\"@type\":\"ReadAction\",\"target\":[\"https:\\\/\\\/www.pakery.pl\\\/sk\\\/zasady-ochrany-osobnych-udajov\\\/\"]}]},{\"@type\":\"BreadcrumbList\",\"@id\":\"https:\\\/\\\/www.pakery.pl\\\/sk\\\/zasady-ochrany-osobnych-udajov\\\/#breadcrumb\",\"itemListElement\":[{\"@type\":\"ListItem\",\"position\":1,\"name\":\"Strona g\u0142\u00f3wna\",\"item\":\"https:\\\/\\\/www.pakery.pl\\\/sk\\\/\"},{\"@type\":\"ListItem\",\"position\":2,\"name\":\"z\u00e1sady ochrany osobn\u00fdch \u00fadajov\"}]},{\"@type\":\"WebSite\",\"@id\":\"https:\\\/\\\/www.pakery.pl\\\/sk\\\/#website\",\"url\":\"https:\\\/\\\/www.pakery.pl\\\/sk\\\/\",\"name\":\"Pakery.pl\",\"description\":\"Pakery iniekcyjne, Kotwy spiralne, Lance iniekcyjne, W\u0119\u017ce do iniekcji, Pompy iniekcyjne, Serwis pomp iniekcyjnych, Wynajem pomp do iniekcji\",\"publisher\":{\"@id\":\"https:\\\/\\\/www.pakery.pl\\\/sk\\\/#organization\"},\"potentialAction\":[{\"@type\":\"SearchAction\",\"target\":{\"@type\":\"EntryPoint\",\"urlTemplate\":\"https:\\\/\\\/www.pakery.pl\\\/sk\\\/?s={search_term_string}\"},\"query-input\":{\"@type\":\"PropertyValueSpecification\",\"valueRequired\":true,\"valueName\":\"search_term_string\"}}],\"inLanguage\":\"sk-SK\"},{\"@type\":\"Organization\",\"@id\":\"https:\\\/\\\/www.pakery.pl\\\/sk\\\/#organization\",\"name\":\"PAKERY.PL\",\"url\":\"https:\\\/\\\/www.pakery.pl\\\/sk\\\/\",\"logo\":{\"@type\":\"ImageObject\",\"inLanguage\":\"sk-SK\",\"@id\":\"https:\\\/\\\/www.pakery.pl\\\/sk\\\/#\\\/schema\\\/logo\\\/image\\\/\",\"url\":\"https:\\\/\\\/www.pakery.pl\\\/wp-content\\\/uploads\\\/2021\\\/04\\\/cropped-PAKERY-LOGO.png\",\"contentUrl\":\"https:\\\/\\\/www.pakery.pl\\\/wp-content\\\/uploads\\\/2021\\\/04\\\/cropped-PAKERY-LOGO.png\",\"width\":1529,\"height\":500,\"caption\":\"PAKERY.PL\"},\"image\":{\"@id\":\"https:\\\/\\\/www.pakery.pl\\\/sk\\\/#\\\/schema\\\/logo\\\/image\\\/\"}}]}<\/script>\n<!-- \/ Yoast SEO plugin. -->","yoast_head_json":{"title":"z\u00e1sady ochrany osobn\u00fdch \u00fadajov - PAKERY.PL","robots":{"index":"index","follow":"follow","max-snippet":"max-snippet:-1","max-image-preview":"max-image-preview:large","max-video-preview":"max-video-preview:-1"},"canonical":"https:\/\/www.pakery.pl\/sk\/zasady-ochrany-osobnych-udajov\/","og_locale":"sk_SK","og_type":"article","og_title":"z\u00e1sady ochrany osobn\u00fdch \u00fadajov - PAKERY.PL","og_description":"Z\u00e1sady ochrany osobn\u00fdch \u00fadajov na webe: &nbsp; www.pakery.pl 1. V\u0161eobecn\u00e9 inform\u00e1cie. Prev\u00e1dzkovate\u013e webov\u00fdch str\u00e1nok&nbsp;pakery.pl&nbsp; je Hammpack. NS. Z OO 02-690 Var\u0161ava, ul. Bokserska 47, \u010d\u00edslo NIP:&nbsp;9512466806&nbsp; a REGON: 380 860 490. Web z\u00edskava inform\u00e1cie o pou\u017e\u00edvate\u013eoch a ich spr\u00e1van\u00ed nasleduj\u00facim sp\u00f4sobom: Prostredn\u00edctvom inform\u00e1ci\u00ed vlo\u017een\u00fdch dobrovo\u013ene do formul\u00e1rov. Prostredn\u00edctvom s\u00faborov cookie ulo\u017een\u00fdch v koncov\u00fdch zariadeniach (takzvan\u00e9 [&hellip;]","og_url":"https:\/\/www.pakery.pl\/sk\/zasady-ochrany-osobnych-udajov\/","og_site_name":"PAKERY.PL","article_modified_time":"2021-10-14T09:26:37+00:00","twitter_card":"summary_large_image","twitter_misc":{"Predpokladan\u00fd \u010das \u010d\u00edtania":"6 min\u00fat"},"schema":{"@context":"https:\/\/schema.org","@graph":[{"@type":"WebPage","@id":"https:\/\/www.pakery.pl\/sk\/zasady-ochrany-osobnych-udajov\/","url":"https:\/\/www.pakery.pl\/sk\/zasady-ochrany-osobnych-udajov\/","name":"z\u00e1sady ochrany osobn\u00fdch \u00fadajov - PAKERY.PL","isPartOf":{"@id":"https:\/\/www.pakery.pl\/sk\/#website"},"datePublished":"2021-08-10T06:49:58+00:00","dateModified":"2021-10-14T09:26:37+00:00","breadcrumb":{"@id":"https:\/\/www.pakery.pl\/sk\/zasady-ochrany-osobnych-udajov\/#breadcrumb"},"inLanguage":"sk-SK","potentialAction":[{"@type":"ReadAction","target":["https:\/\/www.pakery.pl\/sk\/zasady-ochrany-osobnych-udajov\/"]}]},{"@type":"BreadcrumbList","@id":"https:\/\/www.pakery.pl\/sk\/zasady-ochrany-osobnych-udajov\/#breadcrumb","itemListElement":[{"@type":"ListItem","position":1,"name":"Strona g\u0142\u00f3wna","item":"https:\/\/www.pakery.pl\/sk\/"},{"@type":"ListItem","position":2,"name":"z\u00e1sady ochrany osobn\u00fdch \u00fadajov"}]},{"@type":"WebSite","@id":"https:\/\/www.pakery.pl\/sk\/#website","url":"https:\/\/www.pakery.pl\/sk\/","name":"Pakery.pl","description":"Pakery iniekcyjne, Kotwy spiralne, Lance iniekcyjne, W\u0119\u017ce do iniekcji, Pompy iniekcyjne, Serwis pomp iniekcyjnych, Wynajem pomp do iniekcji","publisher":{"@id":"https:\/\/www.pakery.pl\/sk\/#organization"},"potentialAction":[{"@type":"SearchAction","target":{"@type":"EntryPoint","urlTemplate":"https:\/\/www.pakery.pl\/sk\/?s={search_term_string}"},"query-input":{"@type":"PropertyValueSpecification","valueRequired":true,"valueName":"search_term_string"}}],"inLanguage":"sk-SK"},{"@type":"Organization","@id":"https:\/\/www.pakery.pl\/sk\/#organization","name":"PAKERY.PL","url":"https:\/\/www.pakery.pl\/sk\/","logo":{"@type":"ImageObject","inLanguage":"sk-SK","@id":"https:\/\/www.pakery.pl\/sk\/#\/schema\/logo\/image\/","url":"https:\/\/www.pakery.pl\/wp-content\/uploads\/2021\/04\/cropped-PAKERY-LOGO.png","contentUrl":"https:\/\/www.pakery.pl\/wp-content\/uploads\/2021\/04\/cropped-PAKERY-LOGO.png","width":1529,"height":500,"caption":"PAKERY.PL"},"image":{"@id":"https:\/\/www.pakery.pl\/sk\/#\/schema\/logo\/image\/"}}]}},"_links":{"self":[{"href":"https:\/\/www.pakery.pl\/sk\/wp-json\/wp\/v2\/pages\/11463","targetHints":{"allow":["GET"]}}],"collection":[{"href":"https:\/\/www.pakery.pl\/sk\/wp-json\/wp\/v2\/pages"}],"about":[{"href":"https:\/\/www.pakery.pl\/sk\/wp-json\/wp\/v2\/types\/page"}],"author":[{"embeddable":true,"href":"https:\/\/www.pakery.pl\/sk\/wp-json\/wp\/v2\/users\/1"}],"replies":[{"embeddable":true,"href":"https:\/\/www.pakery.pl\/sk\/wp-json\/wp\/v2\/comments?post=11463"}],"version-history":[{"count":4,"href":"https:\/\/www.pakery.pl\/sk\/wp-json\/wp\/v2\/pages\/11463\/revisions"}],"predecessor-version":[{"id":38742,"href":"https:\/\/www.pakery.pl\/sk\/wp-json\/wp\/v2\/pages\/11463\/revisions\/38742"}],"wp:attachment":[{"href":"https:\/\/www.pakery.pl\/sk\/wp-json\/wp\/v2\/media?parent=11463"}],"curies":[{"name":"wp","href":"https:\/\/api.w.org\/{rel}","templated":true}]}}