{"id":44596,"date":"2023-04-06T12:35:40","date_gmt":"2023-04-06T10:35:40","guid":{"rendered":"https:\/\/www.pakery.pl\/produkt\/produsul-de-intretinere-a-pompei\/"},"modified":"2023-04-06T12:35:49","modified_gmt":"2023-04-06T10:35:49","slug":"produsul-de-intretinere-a-pompei","status":"publish","type":"product","link":"https:\/\/www.pakery.pl\/ro\/produkt\/produsul-de-intretinere-a-pompei\/","title":{"rendered":"Produsul de \u00eentre\u021binere a pompei"},"content":{"rendered":"\t\t<div data-elementor-type=\"product-post\" data-elementor-id=\"44596\" class=\"elementor elementor-44596 elementor-3514\" data-elementor-post-type=\"product\">\n\t\t\t\t\t\t<section class=\"elementor-section elementor-top-section elementor-element elementor-element-8ddbad9 elementor-section-full_width elementor-section-height-default elementor-section-height-default\" data-id=\"8ddbad9\" data-element_type=\"section\" data-e-type=\"section\">\n\t\t\t\t\t\t<div class=\"elementor-container elementor-column-gap-default\">\n\t\t\t\t\t<div class=\"elementor-column elementor-col-100 elementor-top-column elementor-element elementor-element-50b441d\" data-id=\"50b441d\" data-element_type=\"column\" data-e-type=\"column\">\n\t\t\t<div class=\"elementor-widget-wrap elementor-element-populated\">\n\t\t\t\t\t\t<section class=\"elementor-section elementor-inner-section elementor-element elementor-element-16e0ca8 elementor-section-full_width elementor-section-height-default elementor-section-height-default\" data-id=\"16e0ca8\" data-element_type=\"section\" data-e-type=\"section\">\n\t\t\t\t\t\t<div class=\"elementor-container elementor-column-gap-default\">\n\t\t\t\t\t<div class=\"elementor-column elementor-col-50 elementor-inner-column elementor-element elementor-element-8f44681\" data-id=\"8f44681\" data-element_type=\"column\" data-e-type=\"column\">\n\t\t\t<div class=\"elementor-widget-wrap elementor-element-populated\">\n\t\t\t\t\t\t<div class=\"elementor-element elementor-element-fd982ca elementor-widget elementor-widget-text-editor\" data-id=\"fd982ca\" data-element_type=\"widget\" data-e-type=\"widget\" data-widget_type=\"text-editor.default\">\n\t\t\t\t<div class=\"elementor-widget-container\">\n\t\t\t\t\t\t\t\t\t<p><span style=\"color: #000000;\"> <\/span><span style=\"color: #000000; font-size: 1rem;\">Un compus special de lubrifiere pentru pompele de injec\u021bie pentru a prelungi durata de via\u021b\u0103 a dispozitivului.<\/span><\/p>\n<p><span style=\"color: #000000;\">Ideal pentru testarea dispozitivului, pentru lubrifiere dup\u0103 fiecare cur\u0103\u021bare.<\/span><\/p>\n<p><strong><span style=\"color: #000000;\">Agentul poate fi l\u0103sat \u00een pomp\u0103 f\u0103r\u0103 s\u0103 v\u0103 face\u021bi griji cu privire la garniturile de etan\u0219are.<\/span><\/strong><\/p>\n<p><span style=\"color: #000000;\">Dac\u0103 dori\u021bi ca manometrul s\u0103 func\u021bioneze dup\u0103 ce injec\u021bia s-a terminat, utiliza\u021bi lubrifiantul PI-SAVER, \u00eenainte \u0219i dup\u0103 fiecare injec\u021bie:<\/span><\/p>\n<ol>\n<li><span style=\"color: #000000;\">Turna\u021bi ulei \u00een pomp\u0103 astfel \u00eenc\u00e2t s\u0103 pute\u021bi crea presiunea maxim\u0103 a pompei, cu supapa \u00eenchis\u0103 &#8211; nu uita\u021bi c\u0103 majoritatea pompelor de injec\u021bie nu trebuie s\u0103 mearg\u0103 f\u0103r\u0103 lichid. PI-SAVER trebuie s\u0103 ajung\u0103 \u00een spa\u021biul tubului cu arc &#8222;Bourdon&#8221; \u0219i s\u0103 r\u0103m\u00e2n\u0103 acolo pe toat\u0103 durata injec\u021biei &#8211; dac\u0103 este l\u0103sat acolo, lichidul injectat se \u00eent\u0103re\u0219te \u0219i manometrul nu mai func\u021bioneaz\u0103 sau se opre\u0219te la &#8222;o anumit\u0103 presiune&#8221;.<\/span><\/li>\n<li><span style=\"color: #000000;\">Ave\u021bi, de asemenea, posibilitatea de a verifica dac\u0103 pompa func\u021bioneaz\u0103 corect.<\/span><\/li>\n<li><span style=\"color: #000000;\">Scurge\u021bi uleiul \u0219i turna\u021bi o cantitate mic\u0103 de r\u0103\u0219in\u0103 (dac\u0103 este o r\u0103\u0219in\u0103 bicomponent\u0103, amesteca\u021bi-o bine).<\/span><\/li>\n<\/ol>\n\t\t\t\t\t\t\t\t<\/div>\n\t\t\t\t<\/div>\n\t\t\t\t\t<\/div>\n\t\t<\/div>\n\t\t\t\t<div class=\"elementor-column elementor-col-50 elementor-inner-column elementor-element elementor-element-7c9e0c2\" data-id=\"7c9e0c2\" data-element_type=\"column\" data-e-type=\"column\">\n\t\t\t<div class=\"elementor-widget-wrap elementor-element-populated\">\n\t\t\t\t\t\t<div class=\"elementor-element elementor-element-e90fc85 elementor-widget elementor-widget-image\" data-id=\"e90fc85\" data-element_type=\"widget\" data-e-type=\"widget\" data-widget_type=\"image.default\">\n\t\t\t\t<div class=\"elementor-widget-container\">\n\t\t\t\t\t\t\t\t\t\t\t\t\t\t\t<img decoding=\"async\" src=\"https:\/\/www.pakery.pl\/wp-content\/uploads\/elementor\/thumbs\/Cleaner-saver-e1656666513907-pr492e5l1e25c0drmwaud5p33fu5gly4vwleodw0p4.png\" title=\"Economizor\" alt=\"Economizor\" loading=\"lazy\" \/>\t\t\t\t\t\t\t\t\t\t\t\t\t\t\t<\/div>\n\t\t\t\t<\/div>\n\t\t\t\t\t<\/div>\n\t\t<\/div>\n\t\t\t\t\t<\/div>\n\t\t<\/section>\n\t\t\t\t\t<\/div>\n\t\t<\/div>\n\t\t\t\t\t<\/div>\n\t\t<\/section>\n\t\t\t\t<\/div>\n\t\t","protected":false},"excerpt":{"rendered":"<p>Un compus special de lubrifiere pentru pompele de injec\u021bie pentru a prelungi durata de via\u021b\u0103 a dispozitivului. Ideal pentru testarea dispozitivului, pentru lubrifiere dup\u0103 fiecare cur\u0103\u021bare. Agentul poate fi l\u0103sat \u00een pomp\u0103 f\u0103r\u0103 s\u0103 v\u0103 face\u021bi griji cu privire la garniturile de etan\u0219are. Dac\u0103 dori\u021bi ca manometrul s\u0103 func\u021bioneze dup\u0103 ce injec\u021bia s-a terminat, utiliza\u021bi [&hellip;]<\/p>\n","protected":false},"featured_media":40506,"template":"","meta":{"_acf_changed":false},"product_brand":[],"product_cat":[1307,1905],"product_tag":[],"class_list":{"0":"post-44596","1":"product","2":"type-product","3":"status-publish","4":"has-post-thumbnail","6":"product_cat-accesorii-pentru-injectie","7":"product_cat-rasini-injectabile","8":"pa_pojemnosc-1l-ro","9":"pa_pojemnosc-5l-ro","10":"pa_przylacza-i-czyszczenie-conexiuni-si-curatare","12":"first","13":"instock","14":"taxable","15":"shipping-taxable","16":"purchasable","17":"product-type-variable"},"acf":[],"yoast_head":"<!-- This site is optimized with the Yoast SEO plugin v27.3 - https:\/\/yoast.com\/product\/yoast-seo-wordpress\/ -->\n<title>Produsul de \u00eentre\u021binere a pompei% % -% PAKERY.PL% | Pompe de injec\u021bie<\/title>\n<meta name=\"description\" content=\"Conservant pentru pompe | Un amestec special de lubrifiant pentru pompele de injec\u021bie pentru a prelungi durata de via\u021b\u0103 a dispozitivului.\" \/>\n<meta name=\"robots\" content=\"index, follow, max-snippet:-1, max-image-preview:large, max-video-preview:-1\" \/>\n<link rel=\"canonical\" href=\"https:\/\/www.pakery.pl\/ro\/produkt\/produsul-de-intretinere-a-pompei\/\" \/>\n<meta property=\"og:locale\" content=\"ro_RO\" \/>\n<meta property=\"og:type\" content=\"article\" \/>\n<meta property=\"og:title\" content=\"Produsul de \u00eentre\u021binere a pompei% % -% PAKERY.PL% | Pompe de injec\u021bie\" \/>\n<meta property=\"og:description\" content=\"Conservant pentru pompe | Un amestec special de lubrifiant pentru pompele de injec\u021bie pentru a prelungi durata de via\u021b\u0103 a dispozitivului.\" \/>\n<meta property=\"og:url\" content=\"https:\/\/www.pakery.pl\/ro\/produkt\/produsul-de-intretinere-a-pompei\/\" \/>\n<meta property=\"og:site_name\" content=\"PAKERY.PL\" \/>\n<meta property=\"article:modified_time\" content=\"2023-04-06T10:35:49+00:00\" \/>\n<meta property=\"og:image\" content=\"https:\/\/www.pakery.pl\/wp-content\/uploads\/2022\/06\/Cleaner-saver-e1656666513907.png\" \/>\n\t<meta property=\"og:image:width\" content=\"850\" \/>\n\t<meta property=\"og:image:height\" content=\"768\" \/>\n\t<meta property=\"og:image:type\" content=\"image\/png\" \/>\n<meta name=\"twitter:card\" content=\"summary_large_image\" \/>\n<meta name=\"twitter:label1\" content=\"Timp estimat pentru citire\" \/>\n\t<meta name=\"twitter:data1\" content=\"1 minut\" \/>\n<script type=\"application\/ld+json\" class=\"yoast-schema-graph\">{\"@context\":\"https:\\\/\\\/schema.org\",\"@graph\":[{\"@type\":\"WebPage\",\"@id\":\"https:\\\/\\\/www.pakery.pl\\\/ro\\\/produkt\\\/produsul-de-intretinere-a-pompei\\\/\",\"url\":\"https:\\\/\\\/www.pakery.pl\\\/ro\\\/produkt\\\/produsul-de-intretinere-a-pompei\\\/\",\"name\":\"Produsul de \u00eentre\u021binere a pompei% % -% PAKERY.PL% | Pompe de injec\u021bie\",\"isPartOf\":{\"@id\":\"https:\\\/\\\/www.pakery.pl\\\/ro\\\/#website\"},\"primaryImageOfPage\":{\"@id\":\"https:\\\/\\\/www.pakery.pl\\\/ro\\\/produkt\\\/produsul-de-intretinere-a-pompei\\\/#primaryimage\"},\"image\":{\"@id\":\"https:\\\/\\\/www.pakery.pl\\\/ro\\\/produkt\\\/produsul-de-intretinere-a-pompei\\\/#primaryimage\"},\"thumbnailUrl\":\"https:\\\/\\\/www.pakery.pl\\\/wp-content\\\/uploads\\\/2022\\\/06\\\/Cleaner-saver-e1656666513907.png\",\"datePublished\":\"2023-04-06T10:35:40+00:00\",\"dateModified\":\"2023-04-06T10:35:49+00:00\",\"description\":\"Conservant pentru pompe | Un amestec special de lubrifiant pentru pompele de injec\u021bie pentru a prelungi durata de via\u021b\u0103 a dispozitivului.\",\"breadcrumb\":{\"@id\":\"https:\\\/\\\/www.pakery.pl\\\/ro\\\/produkt\\\/produsul-de-intretinere-a-pompei\\\/#breadcrumb\"},\"inLanguage\":\"ro-RO\",\"potentialAction\":[{\"@type\":\"ReadAction\",\"target\":[\"https:\\\/\\\/www.pakery.pl\\\/ro\\\/produkt\\\/produsul-de-intretinere-a-pompei\\\/\"]}]},{\"@type\":\"ImageObject\",\"inLanguage\":\"ro-RO\",\"@id\":\"https:\\\/\\\/www.pakery.pl\\\/ro\\\/produkt\\\/produsul-de-intretinere-a-pompei\\\/#primaryimage\",\"url\":\"https:\\\/\\\/www.pakery.pl\\\/wp-content\\\/uploads\\\/2022\\\/06\\\/Cleaner-saver-e1656666513907.png\",\"contentUrl\":\"https:\\\/\\\/www.pakery.pl\\\/wp-content\\\/uploads\\\/2022\\\/06\\\/Cleaner-saver-e1656666513907.png\",\"width\":850,\"height\":768},{\"@type\":\"BreadcrumbList\",\"@id\":\"https:\\\/\\\/www.pakery.pl\\\/ro\\\/produkt\\\/produsul-de-intretinere-a-pompei\\\/#breadcrumb\",\"itemListElement\":[{\"@type\":\"ListItem\",\"position\":1,\"name\":\"Strona g\u0142\u00f3wna\",\"item\":\"https:\\\/\\\/www.pakery.pl\\\/ro\\\/\"},{\"@type\":\"ListItem\",\"position\":2,\"name\":\"Magazin\",\"item\":\"https:\\\/\\\/www.pakery.pl\\\/ro\\\/magazin\\\/\"},{\"@type\":\"ListItem\",\"position\":3,\"name\":\"Produsul de \u00eentre\u021binere a pompei\"}]},{\"@type\":\"WebSite\",\"@id\":\"https:\\\/\\\/www.pakery.pl\\\/ro\\\/#website\",\"url\":\"https:\\\/\\\/www.pakery.pl\\\/ro\\\/\",\"name\":\"Pakery.pl\",\"description\":\"Pakery iniekcyjne, Kotwy spiralne, Lance iniekcyjne, W\u0119\u017ce do iniekcji, Pompy iniekcyjne, Serwis pomp iniekcyjnych, Wynajem pomp do iniekcji\",\"publisher\":{\"@id\":\"https:\\\/\\\/www.pakery.pl\\\/ro\\\/#organization\"},\"potentialAction\":[{\"@type\":\"SearchAction\",\"target\":{\"@type\":\"EntryPoint\",\"urlTemplate\":\"https:\\\/\\\/www.pakery.pl\\\/ro\\\/?s={search_term_string}\"},\"query-input\":{\"@type\":\"PropertyValueSpecification\",\"valueRequired\":true,\"valueName\":\"search_term_string\"}}],\"inLanguage\":\"ro-RO\"},{\"@type\":\"Organization\",\"@id\":\"https:\\\/\\\/www.pakery.pl\\\/ro\\\/#organization\",\"name\":\"PAKERY.PL\",\"url\":\"https:\\\/\\\/www.pakery.pl\\\/ro\\\/\",\"logo\":{\"@type\":\"ImageObject\",\"inLanguage\":\"ro-RO\",\"@id\":\"https:\\\/\\\/www.pakery.pl\\\/ro\\\/#\\\/schema\\\/logo\\\/image\\\/\",\"url\":\"https:\\\/\\\/www.pakery.pl\\\/wp-content\\\/uploads\\\/2021\\\/04\\\/cropped-PAKERY-LOGO.png\",\"contentUrl\":\"https:\\\/\\\/www.pakery.pl\\\/wp-content\\\/uploads\\\/2021\\\/04\\\/cropped-PAKERY-LOGO.png\",\"width\":1529,\"height\":500,\"caption\":\"PAKERY.PL\"},\"image\":{\"@id\":\"https:\\\/\\\/www.pakery.pl\\\/ro\\\/#\\\/schema\\\/logo\\\/image\\\/\"}}]}<\/script>\n<!-- \/ Yoast SEO plugin. -->","yoast_head_json":{"title":"Produsul de \u00eentre\u021binere a pompei% % -% PAKERY.PL% | Pompe de injec\u021bie","description":"Conservant pentru pompe | Un amestec special de lubrifiant pentru pompele de injec\u021bie pentru a prelungi durata de via\u021b\u0103 a dispozitivului.","robots":{"index":"index","follow":"follow","max-snippet":"max-snippet:-1","max-image-preview":"max-image-preview:large","max-video-preview":"max-video-preview:-1"},"canonical":"https:\/\/www.pakery.pl\/ro\/produkt\/produsul-de-intretinere-a-pompei\/","og_locale":"ro_RO","og_type":"article","og_title":"Produsul de \u00eentre\u021binere a pompei% % -% PAKERY.PL% | Pompe de injec\u021bie","og_description":"Conservant pentru pompe | Un amestec special de lubrifiant pentru pompele de injec\u021bie pentru a prelungi durata de via\u021b\u0103 a dispozitivului.","og_url":"https:\/\/www.pakery.pl\/ro\/produkt\/produsul-de-intretinere-a-pompei\/","og_site_name":"PAKERY.PL","article_modified_time":"2023-04-06T10:35:49+00:00","og_image":[{"width":850,"height":768,"url":"https:\/\/www.pakery.pl\/wp-content\/uploads\/2022\/06\/Cleaner-saver-e1656666513907.png","type":"image\/png"}],"twitter_card":"summary_large_image","twitter_misc":{"Timp estimat pentru citire":"1 minut"},"schema":{"@context":"https:\/\/schema.org","@graph":[{"@type":"WebPage","@id":"https:\/\/www.pakery.pl\/ro\/produkt\/produsul-de-intretinere-a-pompei\/","url":"https:\/\/www.pakery.pl\/ro\/produkt\/produsul-de-intretinere-a-pompei\/","name":"Produsul de \u00eentre\u021binere a pompei% % -% PAKERY.PL% | Pompe de injec\u021bie","isPartOf":{"@id":"https:\/\/www.pakery.pl\/ro\/#website"},"primaryImageOfPage":{"@id":"https:\/\/www.pakery.pl\/ro\/produkt\/produsul-de-intretinere-a-pompei\/#primaryimage"},"image":{"@id":"https:\/\/www.pakery.pl\/ro\/produkt\/produsul-de-intretinere-a-pompei\/#primaryimage"},"thumbnailUrl":"https:\/\/www.pakery.pl\/wp-content\/uploads\/2022\/06\/Cleaner-saver-e1656666513907.png","datePublished":"2023-04-06T10:35:40+00:00","dateModified":"2023-04-06T10:35:49+00:00","description":"Conservant pentru pompe | Un amestec special de lubrifiant pentru pompele de injec\u021bie pentru a prelungi durata de via\u021b\u0103 a dispozitivului.","breadcrumb":{"@id":"https:\/\/www.pakery.pl\/ro\/produkt\/produsul-de-intretinere-a-pompei\/#breadcrumb"},"inLanguage":"ro-RO","potentialAction":[{"@type":"ReadAction","target":["https:\/\/www.pakery.pl\/ro\/produkt\/produsul-de-intretinere-a-pompei\/"]}]},{"@type":"ImageObject","inLanguage":"ro-RO","@id":"https:\/\/www.pakery.pl\/ro\/produkt\/produsul-de-intretinere-a-pompei\/#primaryimage","url":"https:\/\/www.pakery.pl\/wp-content\/uploads\/2022\/06\/Cleaner-saver-e1656666513907.png","contentUrl":"https:\/\/www.pakery.pl\/wp-content\/uploads\/2022\/06\/Cleaner-saver-e1656666513907.png","width":850,"height":768},{"@type":"BreadcrumbList","@id":"https:\/\/www.pakery.pl\/ro\/produkt\/produsul-de-intretinere-a-pompei\/#breadcrumb","itemListElement":[{"@type":"ListItem","position":1,"name":"Strona g\u0142\u00f3wna","item":"https:\/\/www.pakery.pl\/ro\/"},{"@type":"ListItem","position":2,"name":"Magazin","item":"https:\/\/www.pakery.pl\/ro\/magazin\/"},{"@type":"ListItem","position":3,"name":"Produsul de \u00eentre\u021binere a pompei"}]},{"@type":"WebSite","@id":"https:\/\/www.pakery.pl\/ro\/#website","url":"https:\/\/www.pakery.pl\/ro\/","name":"Pakery.pl","description":"Pakery iniekcyjne, Kotwy spiralne, Lance iniekcyjne, W\u0119\u017ce do iniekcji, Pompy iniekcyjne, Serwis pomp iniekcyjnych, Wynajem pomp do iniekcji","publisher":{"@id":"https:\/\/www.pakery.pl\/ro\/#organization"},"potentialAction":[{"@type":"SearchAction","target":{"@type":"EntryPoint","urlTemplate":"https:\/\/www.pakery.pl\/ro\/?s={search_term_string}"},"query-input":{"@type":"PropertyValueSpecification","valueRequired":true,"valueName":"search_term_string"}}],"inLanguage":"ro-RO"},{"@type":"Organization","@id":"https:\/\/www.pakery.pl\/ro\/#organization","name":"PAKERY.PL","url":"https:\/\/www.pakery.pl\/ro\/","logo":{"@type":"ImageObject","inLanguage":"ro-RO","@id":"https:\/\/www.pakery.pl\/ro\/#\/schema\/logo\/image\/","url":"https:\/\/www.pakery.pl\/wp-content\/uploads\/2021\/04\/cropped-PAKERY-LOGO.png","contentUrl":"https:\/\/www.pakery.pl\/wp-content\/uploads\/2021\/04\/cropped-PAKERY-LOGO.png","width":1529,"height":500,"caption":"PAKERY.PL"},"image":{"@id":"https:\/\/www.pakery.pl\/ro\/#\/schema\/logo\/image\/"}}]}},"_links":{"self":[{"href":"https:\/\/www.pakery.pl\/ro\/wp-json\/wp\/v2\/product\/44596","targetHints":{"allow":["GET"]}}],"collection":[{"href":"https:\/\/www.pakery.pl\/ro\/wp-json\/wp\/v2\/product"}],"about":[{"href":"https:\/\/www.pakery.pl\/ro\/wp-json\/wp\/v2\/types\/product"}],"version-history":[{"count":1,"href":"https:\/\/www.pakery.pl\/ro\/wp-json\/wp\/v2\/product\/44596\/revisions"}],"predecessor-version":[{"id":44599,"href":"https:\/\/www.pakery.pl\/ro\/wp-json\/wp\/v2\/product\/44596\/revisions\/44599"}],"wp:featuredmedia":[{"embeddable":true,"href":"https:\/\/www.pakery.pl\/ro\/wp-json\/wp\/v2\/media\/40506"}],"wp:attachment":[{"href":"https:\/\/www.pakery.pl\/ro\/wp-json\/wp\/v2\/media?parent=44596"}],"wp:term":[{"taxonomy":"product_brand","embeddable":true,"href":"https:\/\/www.pakery.pl\/ro\/wp-json\/wp\/v2\/product_brand?post=44596"},{"taxonomy":"product_cat","embeddable":true,"href":"https:\/\/www.pakery.pl\/ro\/wp-json\/wp\/v2\/product_cat?post=44596"},{"taxonomy":"product_tag","embeddable":true,"href":"https:\/\/www.pakery.pl\/ro\/wp-json\/wp\/v2\/product_tag?post=44596"}],"curies":[{"name":"wp","href":"https:\/\/api.w.org\/{rel}","templated":true}]}}