{"id":31972,"date":"2021-04-21T07:53:35","date_gmt":"2021-08-12T14:40:17","guid":{"rendered":"https:\/\/www.pakery.pl\/produkt\/ambalator-injectabil-pi-sph-12-110\/"},"modified":"2021-08-12T16:40:21","modified_gmt":"2021-08-12T14:40:21","slug":"pi-sph-12-110-2","status":"publish","type":"product","link":"https:\/\/www.pakery.pl\/ro\/produkt\/pi-sph-12-110-2\/","title":{"rendered":"Ambalator injectabil PI-SPH 12\/110"},"content":{"rendered":"\t\t<div data-elementor-type=\"product-post\" data-elementor-id=\"31972\" class=\"elementor elementor-31972 elementor-1836\" data-elementor-post-type=\"product\">\n\t\t\t\t\t\t<section class=\"elementor-section elementor-top-section elementor-element elementor-element-3d3a6f9b elementor-section-full_width elementor-section-height-default elementor-section-height-default\" data-id=\"3d3a6f9b\" data-element_type=\"section\" data-e-type=\"section\">\n\t\t\t\t\t\t<div class=\"elementor-container elementor-column-gap-default\">\n\t\t\t\t\t<div class=\"elementor-column elementor-col-100 elementor-top-column elementor-element elementor-element-16b52f81\" data-id=\"16b52f81\" data-element_type=\"column\" data-e-type=\"column\">\n\t\t\t<div class=\"elementor-widget-wrap elementor-element-populated\">\n\t\t\t\t\t\t<div class=\"elementor-element elementor-element-99c4310 elementor-widget elementor-widget-text-editor\" data-id=\"99c4310\" data-element_type=\"widget\" data-e-type=\"widget\" data-widget_type=\"text-editor.default\">\n\t\t\t\t<div class=\"elementor-widget-container\">\n\t\t\t\t\t\t\t\t\t<div>\n<div>\n<p><span style=\"color: #000000;\">Injectorul \u00d812 Hammpack este probabil primul ambalator \u00d812 care a fost scalat cu precizie<strong> pentru gaura de injectie \u00d812.<\/strong> Ofer\u0103 etan\u0219eitate exemplar\u0103 \u00een fiecare domeniu de injec\u021bie.<\/span><\/p>\n<p><span style=\"color: #000000;\"> <\/span><\/p>\n<p><span style=\"color: #808080;\"><strong><em>\u00cenregistra\u021bi-v\u0103 pentru a vedea configuratorul nostru de pachet. Alege\u021bi tipul de calamit.<\/em><\/strong><\/span><\/p>\n<p><span style=\"color: #808080;\"><strong><em> <\/em><\/strong><\/span><\/p>\n<p><strong><span style=\"color: #000000;\">AVANTAJELE AMBALA\u021aILOR HAMMPACK<\/span><\/strong><\/p>\n<ul>\n<li><span style=\"color: #000000;\">cre\u0219terea eficien\u021bei ancor\u0103rii ambalatorului \u00een gaur\u0103, prin ajustarea diametrelor \u0219i umfl\u0103turilor de pe partea superioar\u0103 a cauciucului \u00een expansiune, faciliteaz\u0103 aderen\u021ba \u0219i ancorarea corect\u0103 (acest lucru permite o accelerare semnificativ\u0103 a instal\u0103rii ambalatorului \u0219i o etan\u0219eitate crescut\u0103)<\/span><\/li>\n<li><span style=\"color: #000000;\">rezisten\u021ba sporit\u0103 \u0219i repetabilitatea cauciucurilor de expansiune, reglarea amestecului de cauciuc \u0219i a procesului de r\u0103cire (prin controlul temperaturii), face ca injectorul s\u0103 fie rezistent la ruperea cauciucului \u0219i cauciucul care cade din \u0219aibe.<\/span><\/li>\n<\/ul>\n<\/div>\n<\/div>\n<div>\n<div>\n<div>\n<h2> <\/h2>\n<h2> <\/h2>\n<h2><span style=\"color: #000000;\"><img fetchpriority=\"high\" decoding=\"async\" src=\"https:\/\/www.pakery.pl\/wp-content\/uploads\/2021\/05\/baner-sph-12.png\" alt=\"\" width=\"1800\" height=\"300\"><\/span><\/h2>\n<h2> <\/h2>\n<\/div>\n<\/div>\n<\/div>\n<div>\n<div>\n<div>\n<ul>\n<li style=\"list-style-type: none;\"> <\/li>\n<\/ul>\n<\/div>\n<\/div>\n<\/div>\n\t\t\t\t\t\t\t\t<\/div>\n\t\t\t\t<\/div>\n\t\t\t\t\t<\/div>\n\t\t<\/div>\n\t\t\t\t\t<\/div>\n\t\t<\/section>\n\t\t\t\t<section class=\"elementor-section elementor-top-section elementor-element elementor-element-184e157 elementor-section-full_width elementor-section-height-default elementor-section-height-default\" data-id=\"184e157\" data-element_type=\"section\" data-e-type=\"section\">\n\t\t\t\t\t\t<div class=\"elementor-container elementor-column-gap-default\">\n\t\t\t\t\t<div class=\"elementor-column elementor-col-100 elementor-top-column elementor-element elementor-element-8a8932a\" data-id=\"8a8932a\" data-element_type=\"column\" data-e-type=\"column\">\n\t\t\t<div class=\"elementor-widget-wrap elementor-element-populated\">\n\t\t\t\t\t\t<section class=\"elementor-section elementor-inner-section elementor-element elementor-element-b1d7e0f elementor-section-full_width elementor-section-height-default elementor-section-height-default\" data-id=\"b1d7e0f\" data-element_type=\"section\" data-e-type=\"section\">\n\t\t\t\t\t\t<div class=\"elementor-container elementor-column-gap-default\">\n\t\t\t\t\t<div class=\"elementor-column elementor-col-50 elementor-inner-column elementor-element elementor-element-d152f47\" data-id=\"d152f47\" data-element_type=\"column\" data-e-type=\"column\">\n\t\t\t<div class=\"elementor-widget-wrap elementor-element-populated\">\n\t\t\t\t\t\t<div class=\"elementor-element elementor-element-5dbcc60 elementor-widget elementor-widget-text-editor\" data-id=\"5dbcc60\" data-element_type=\"widget\" data-e-type=\"widget\" data-widget_type=\"text-editor.default\">\n\t\t\t\t<div class=\"elementor-widget-container\">\n\t\t\t\t\t\t\t\t\t<p style=\"font-family: Montserrat, sans-serif; color: #7a7a7a;\"><strong><span style=\"color: #000000;\">CERERE<\/span><\/strong><\/p>\n<ul>\n<li><span style=\"color: #000000;\">R\u0103\u0219ini injectabile poliuretanice \/ poliuretanice spumabile<\/span><\/li>\n<li><span style=\"color: #000000;\">R\u0103\u0219ini epoxidice<\/span><\/li>\n<li><span style=\"color: #000000;\">Silica\u021bi<\/span><\/li>\n<li><span style=\"color: #000000;\">Dispersii de ap\u0103<\/span><\/li>\n<li><span style=\"color: #000000;\">Geluri acrilice<\/span><\/li>\n<li><span style=\"color: #000000;\">Suspensii de ciment p\u00e2n\u0103 la o m\u0103rime a granulelor de 0,5 mm<\/span><\/li>\n<\/ul>\n<div> <\/div>\n<p style=\"font-family: Montserrat, sans-serif; color: #7a7a7a;\"><span style=\"color: #000000;\"><span style=\"font-weight: bold;\"><br \/><\/span><strong>SPECIFICATII TEHNICE<\/strong><\/span><\/p>\n<ul>\n<li><span style=\"color: #000000;\">Material:<strong> o\u0163el<\/strong><\/span><\/li>\n<li><strong><span style=\"color: #000000;\">diametrul orificiului de injec\u021bie: \u00d812<\/span><\/strong><\/li>\n<li><span style=\"color: #000000;\">lungime: 110 mm<\/span><\/li>\n<li><span style=\"color: #000000;\">lungime etan\u0219are: 37 mm<\/span><\/li>\n<li><span style=\"color: #000000;\">cheie: 10 mm<\/span><\/li>\n<li><span style=\"color: #000000;\">sigiliu unic<\/span><\/li>\n<li><span style=\"color: #000000;\">cea mai mare etanseitate<\/span><\/li>\n<li><span style=\"color: #000000;\">Kalamitka SWG, PRE, FWG, FPRE<\/span><\/li>\n<\/ul>\n\t\t\t\t\t\t\t\t<\/div>\n\t\t\t\t<\/div>\n\t\t\t\t\t<\/div>\n\t\t<\/div>\n\t\t\t\t<div class=\"elementor-column elementor-col-50 elementor-inner-column elementor-element elementor-element-a21a1ed\" data-id=\"a21a1ed\" data-element_type=\"column\" data-e-type=\"column\">\n\t\t\t<div class=\"elementor-widget-wrap elementor-element-populated\">\n\t\t\t\t\t\t<div class=\"elementor-element elementor-element-67df438 elementor-widget elementor-widget-image\" data-id=\"67df438\" data-element_type=\"widget\" data-e-type=\"widget\" data-widget_type=\"image.default\">\n\t\t\t\t<div class=\"elementor-widget-container\">\n\t\t\t\t\t\t\t\t\t\t\t\t\t\t\t<img decoding=\"async\" width=\"800\" height=\"600\" src=\"https:\/\/www.pakery.pl\/wp-content\/uploads\/2021\/05\/PI-SPH-14-110pre.gif\" class=\"attachment-large size-large wp-image-31882\" alt=\"\" \/>\t\t\t\t\t\t\t\t\t\t\t\t\t\t\t<\/div>\n\t\t\t\t<\/div>\n\t\t\t\t\t<\/div>\n\t\t<\/div>\n\t\t\t\t\t<\/div>\n\t\t<\/section>\n\t\t\t\t\t<\/div>\n\t\t<\/div>\n\t\t\t\t\t<\/div>\n\t\t<\/section>\n\t\t\t\t<section class=\"elementor-section elementor-top-section elementor-element elementor-element-3b57dbf elementor-section-full_width elementor-section-height-default elementor-section-height-default\" data-id=\"3b57dbf\" data-element_type=\"section\" data-e-type=\"section\">\n\t\t\t\t\t\t<div class=\"elementor-container elementor-column-gap-default\">\n\t\t\t\t\t<div class=\"elementor-column elementor-col-100 elementor-top-column elementor-element elementor-element-5d50d08\" data-id=\"5d50d08\" data-element_type=\"column\" data-e-type=\"column\">\n\t\t\t<div class=\"elementor-widget-wrap elementor-element-populated\">\n\t\t\t\t\t\t<section class=\"elementor-section elementor-inner-section elementor-element elementor-element-27d7c90 elementor-section-full_width elementor-section-height-default elementor-section-height-default\" data-id=\"27d7c90\" data-element_type=\"section\" data-e-type=\"section\">\n\t\t\t\t\t\t<div class=\"elementor-container elementor-column-gap-default\">\n\t\t\t\t\t<div class=\"elementor-column elementor-col-100 elementor-inner-column elementor-element elementor-element-1e4b6b7\" data-id=\"1e4b6b7\" data-element_type=\"column\" data-e-type=\"column\">\n\t\t\t<div class=\"elementor-widget-wrap elementor-element-populated\">\n\t\t\t\t\t\t<div class=\"elementor-element elementor-element-ce032b2 elementor-widget elementor-widget-text-editor\" data-id=\"ce032b2\" data-element_type=\"widget\" data-e-type=\"widget\" data-widget_type=\"text-editor.default\">\n\t\t\t\t<div class=\"elementor-widget-container\">\n\t\t\t\t\t\t\t\t\t<p><span style=\"color: #000000;\"><strong>Calendare specializate HAMMPACK<\/strong> &#8211; sunt supape specializate capabile s\u0103 re\u021bin\u0103 \u0219i s\u0103 alimenteze injec\u021bia f\u0103r\u0103 cea mai mic\u0103 pierdere a materialului (indiferent dac\u0103 este o r\u0103\u0219in\u0103 de injec\u021bie cu v\u00e2scozitate foarte mic\u0103, gel acrilic sau r\u0103\u0219in\u0103 poliuretanic\u0103 foarte spumabil\u0103). Men\u021bin perfect presiunile din spate. \u00centr-un cuv\u00e2nt, nu se scurg.<\/span><\/p>\n<p><span style=\"color: #000000;\"><strong>Kalamitki tip PRE, FPRE &#8211;<\/strong> filetele etrierului pre-acoperite permit str\u00e2ngerea etrierelor dup\u0103 ce r\u0103\u0219ina curge din ambalator, pentru a deeraera \u0219i controla injec\u021bia. Stratul de pre-aplicare sigileaz\u0103 imediat \u00eembinarea filetat\u0103, gata pentru injectare ulterioar\u0103. Acest tip de calamari se livreaz\u0103 nedesprins la injector.<\/span><\/p>\n<p style=\"box-sizing: border-box; outline: none !important; margin-top: 0px; margin-bottom: 1rem;\"><span style=\"box-sizing: border-box; outline: none !important; color: #000000;\"><strong style=\"box-sizing: border-box; outline: none !important; font-weight: bolder;\">Kalamitki SWG \u0219i PRE<\/strong> &#8211; acestea sunt \u0219uruburi str\u00e2nse mecanic la ambalatorul de injec\u021bie, \u00eempreun\u0103 cu un strat de adeziv anaerob. Aceast\u0103 conexiune asigur\u0103 o etan\u0219are exemplar\u0103 a conexiunii filetate.<\/span><\/p>\n\t\t\t\t\t\t\t\t<\/div>\n\t\t\t\t<\/div>\n\t\t\t\t\t<\/div>\n\t\t<\/div>\n\t\t\t\t\t<\/div>\n\t\t<\/section>\n\t\t\t\t\t<\/div>\n\t\t<\/div>\n\t\t\t\t\t<\/div>\n\t\t<\/section>\n\t\t\t\t<\/div>\n\t\t","protected":false},"excerpt":{"rendered":"<p>Injectorul \u00d812 Hammpack este probabil primul ambalator \u00d812 care a fost scalat cu precizie pentru gaura de injectie \u00d812. Ofer\u0103 etan\u0219eitate exemplar\u0103 \u00een fiecare domeniu de injec\u021bie. \u00cenregistra\u021bi-v\u0103 pentru a vedea configuratorul nostru de pachet. Alege\u021bi tipul de calamit. AVANTAJELE AMBALA\u021aILOR HAMMPACK cre\u0219terea eficien\u021bei ancor\u0103rii ambalatorului \u00een gaur\u0103, prin ajustarea diametrelor \u0219i umfl\u0103turilor de pe [&hellip;]<\/p>\n","protected":false},"featured_media":31973,"template":"","meta":{"_acf_changed":false},"product_brand":[],"product_cat":[1330],"product_tag":[],"class_list":{"0":"post-31972","1":"product","2":"type-product","3":"status-publish","4":"has-post-thumbnail","6":"product_cat-ambalatori-hammpack-steel","7":"pa_rodzaj-kalamitki-fpre-ro","8":"pa_rodzaj-kalamitki-fwg-ro","9":"pa_rodzaj-kalamitki-pre-ro","10":"pa_rodzaj-kalamitki-swg-ro","12":"first","13":"instock","14":"taxable","15":"shipping-taxable","16":"purchasable","17":"product-type-variable","18":"has-default-attributes"},"acf":[],"yoast_head":"<!-- This site is optimized with the Yoast SEO plugin v27.3 - https:\/\/yoast.com\/product\/yoast-seo-wordpress\/ -->\n<title>Ambalator pentru injec\u021bii | Ambalaje pentru injec\u021bii PI-SPH 12\/110 - PAKERY.PL<\/title>\n<meta name=\"description\" content=\"Ambalatorul de injec\u021bie de cea mai \u00eenalt\u0103 calitate. Ambalajele de injec\u021bie Hammpack garanteaz\u0103 etan\u0219eitatea perfect\u0103. Alege\u021bi tipul dvs. de kalamitka!\" \/>\n<meta name=\"robots\" content=\"index, follow, max-snippet:-1, max-image-preview:large, max-video-preview:-1\" \/>\n<link rel=\"canonical\" href=\"https:\/\/www.pakery.pl\/ro\/produkt\/pi-sph-12-110-2\/\" \/>\n<meta property=\"og:locale\" content=\"ro_RO\" \/>\n<meta property=\"og:type\" content=\"article\" \/>\n<meta property=\"og:title\" content=\"Ambalator pentru injec\u021bii | Ambalaje pentru injec\u021bii PI-SPH 12\/110 - PAKERY.PL\" \/>\n<meta property=\"og:description\" content=\"Ambalatorul de injec\u021bie de cea mai \u00eenalt\u0103 calitate. Ambalajele de injec\u021bie Hammpack garanteaz\u0103 etan\u0219eitatea perfect\u0103. Alege\u021bi tipul dvs. de kalamitka!\" \/>\n<meta property=\"og:url\" content=\"https:\/\/www.pakery.pl\/ro\/produkt\/pi-sph-12-110-2\/\" \/>\n<meta property=\"og:site_name\" content=\"PAKERY.PL\" \/>\n<meta property=\"article:modified_time\" content=\"2021-08-12T14:40:21+00:00\" \/>\n<meta property=\"og:image\" content=\"https:\/\/www.pakery.pl\/wp-content\/uploads\/2021\/04\/foto-12-SPH--1024x1024.png\" \/>\n\t<meta property=\"og:image:width\" content=\"1024\" \/>\n\t<meta property=\"og:image:height\" content=\"1024\" \/>\n\t<meta property=\"og:image:type\" content=\"image\/png\" \/>\n<meta name=\"twitter:card\" content=\"summary_large_image\" \/>\n<meta name=\"twitter:label1\" content=\"Timp estimat pentru citire\" \/>\n\t<meta name=\"twitter:data1\" content=\"2 minute\" \/>\n<script type=\"application\/ld+json\" class=\"yoast-schema-graph\">{\"@context\":\"https:\\\/\\\/schema.org\",\"@graph\":[{\"@type\":\"WebPage\",\"@id\":\"https:\\\/\\\/www.pakery.pl\\\/ro\\\/produkt\\\/pi-sph-12-110-2\\\/\",\"url\":\"https:\\\/\\\/www.pakery.pl\\\/ro\\\/produkt\\\/pi-sph-12-110-2\\\/\",\"name\":\"Ambalator pentru injec\u021bii | Ambalaje pentru injec\u021bii PI-SPH 12\\\/110 - PAKERY.PL\",\"isPartOf\":{\"@id\":\"https:\\\/\\\/www.pakery.pl\\\/ro\\\/#website\"},\"primaryImageOfPage\":{\"@id\":\"https:\\\/\\\/www.pakery.pl\\\/ro\\\/produkt\\\/pi-sph-12-110-2\\\/#primaryimage\"},\"image\":{\"@id\":\"https:\\\/\\\/www.pakery.pl\\\/ro\\\/produkt\\\/pi-sph-12-110-2\\\/#primaryimage\"},\"thumbnailUrl\":\"https:\\\/\\\/www.pakery.pl\\\/wp-content\\\/uploads\\\/2021\\\/04\\\/foto-12-SPH-.png\",\"datePublished\":\"2021-08-12T14:40:17+00:00\",\"dateModified\":\"2021-08-12T14:40:21+00:00\",\"description\":\"Ambalatorul de injec\u021bie de cea mai \u00eenalt\u0103 calitate. Ambalajele de injec\u021bie Hammpack garanteaz\u0103 etan\u0219eitatea perfect\u0103. Alege\u021bi tipul dvs. de kalamitka!\",\"breadcrumb\":{\"@id\":\"https:\\\/\\\/www.pakery.pl\\\/ro\\\/produkt\\\/pi-sph-12-110-2\\\/#breadcrumb\"},\"inLanguage\":\"ro-RO\",\"potentialAction\":[{\"@type\":\"ReadAction\",\"target\":[\"https:\\\/\\\/www.pakery.pl\\\/ro\\\/produkt\\\/pi-sph-12-110-2\\\/\"]}]},{\"@type\":\"ImageObject\",\"inLanguage\":\"ro-RO\",\"@id\":\"https:\\\/\\\/www.pakery.pl\\\/ro\\\/produkt\\\/pi-sph-12-110-2\\\/#primaryimage\",\"url\":\"https:\\\/\\\/www.pakery.pl\\\/wp-content\\\/uploads\\\/2021\\\/04\\\/foto-12-SPH-.png\",\"contentUrl\":\"https:\\\/\\\/www.pakery.pl\\\/wp-content\\\/uploads\\\/2021\\\/04\\\/foto-12-SPH-.png\",\"width\":2500,\"height\":2500,\"caption\":\"pachet de injec\u021bie pachet de injec\u021bie pachet de injec\u021bie pachet de injec\u021bie\"},{\"@type\":\"BreadcrumbList\",\"@id\":\"https:\\\/\\\/www.pakery.pl\\\/ro\\\/produkt\\\/pi-sph-12-110-2\\\/#breadcrumb\",\"itemListElement\":[{\"@type\":\"ListItem\",\"position\":1,\"name\":\"Strona g\u0142\u00f3wna\",\"item\":\"https:\\\/\\\/www.pakery.pl\\\/ro\\\/\"},{\"@type\":\"ListItem\",\"position\":2,\"name\":\"Magazin\",\"item\":\"https:\\\/\\\/www.pakery.pl\\\/ro\\\/magazin\\\/\"},{\"@type\":\"ListItem\",\"position\":3,\"name\":\"Ambalator injectabil PI-SPH 12\\\/110\"}]},{\"@type\":\"WebSite\",\"@id\":\"https:\\\/\\\/www.pakery.pl\\\/ro\\\/#website\",\"url\":\"https:\\\/\\\/www.pakery.pl\\\/ro\\\/\",\"name\":\"Pakery.pl\",\"description\":\"Pakery iniekcyjne, Kotwy spiralne, Lance iniekcyjne, W\u0119\u017ce do iniekcji, Pompy iniekcyjne, Serwis pomp iniekcyjnych, Wynajem pomp do iniekcji\",\"publisher\":{\"@id\":\"https:\\\/\\\/www.pakery.pl\\\/ro\\\/#organization\"},\"potentialAction\":[{\"@type\":\"SearchAction\",\"target\":{\"@type\":\"EntryPoint\",\"urlTemplate\":\"https:\\\/\\\/www.pakery.pl\\\/ro\\\/?s={search_term_string}\"},\"query-input\":{\"@type\":\"PropertyValueSpecification\",\"valueRequired\":true,\"valueName\":\"search_term_string\"}}],\"inLanguage\":\"ro-RO\"},{\"@type\":\"Organization\",\"@id\":\"https:\\\/\\\/www.pakery.pl\\\/ro\\\/#organization\",\"name\":\"PAKERY.PL\",\"url\":\"https:\\\/\\\/www.pakery.pl\\\/ro\\\/\",\"logo\":{\"@type\":\"ImageObject\",\"inLanguage\":\"ro-RO\",\"@id\":\"https:\\\/\\\/www.pakery.pl\\\/ro\\\/#\\\/schema\\\/logo\\\/image\\\/\",\"url\":\"https:\\\/\\\/www.pakery.pl\\\/wp-content\\\/uploads\\\/2021\\\/04\\\/cropped-PAKERY-LOGO.png\",\"contentUrl\":\"https:\\\/\\\/www.pakery.pl\\\/wp-content\\\/uploads\\\/2021\\\/04\\\/cropped-PAKERY-LOGO.png\",\"width\":1529,\"height\":500,\"caption\":\"PAKERY.PL\"},\"image\":{\"@id\":\"https:\\\/\\\/www.pakery.pl\\\/ro\\\/#\\\/schema\\\/logo\\\/image\\\/\"}}]}<\/script>\n<!-- \/ Yoast SEO plugin. -->","yoast_head_json":{"title":"Ambalator pentru injec\u021bii | Ambalaje pentru injec\u021bii PI-SPH 12\/110 - PAKERY.PL","description":"Ambalatorul de injec\u021bie de cea mai \u00eenalt\u0103 calitate. Ambalajele de injec\u021bie Hammpack garanteaz\u0103 etan\u0219eitatea perfect\u0103. Alege\u021bi tipul dvs. de kalamitka!","robots":{"index":"index","follow":"follow","max-snippet":"max-snippet:-1","max-image-preview":"max-image-preview:large","max-video-preview":"max-video-preview:-1"},"canonical":"https:\/\/www.pakery.pl\/ro\/produkt\/pi-sph-12-110-2\/","og_locale":"ro_RO","og_type":"article","og_title":"Ambalator pentru injec\u021bii | Ambalaje pentru injec\u021bii PI-SPH 12\/110 - PAKERY.PL","og_description":"Ambalatorul de injec\u021bie de cea mai \u00eenalt\u0103 calitate. Ambalajele de injec\u021bie Hammpack garanteaz\u0103 etan\u0219eitatea perfect\u0103. Alege\u021bi tipul dvs. de kalamitka!","og_url":"https:\/\/www.pakery.pl\/ro\/produkt\/pi-sph-12-110-2\/","og_site_name":"PAKERY.PL","article_modified_time":"2021-08-12T14:40:21+00:00","og_image":[{"width":1024,"height":1024,"url":"https:\/\/www.pakery.pl\/wp-content\/uploads\/2021\/04\/foto-12-SPH--1024x1024.png","type":"image\/png"}],"twitter_card":"summary_large_image","twitter_misc":{"Timp estimat pentru citire":"2 minute"},"schema":{"@context":"https:\/\/schema.org","@graph":[{"@type":"WebPage","@id":"https:\/\/www.pakery.pl\/ro\/produkt\/pi-sph-12-110-2\/","url":"https:\/\/www.pakery.pl\/ro\/produkt\/pi-sph-12-110-2\/","name":"Ambalator pentru injec\u021bii | Ambalaje pentru injec\u021bii PI-SPH 12\/110 - PAKERY.PL","isPartOf":{"@id":"https:\/\/www.pakery.pl\/ro\/#website"},"primaryImageOfPage":{"@id":"https:\/\/www.pakery.pl\/ro\/produkt\/pi-sph-12-110-2\/#primaryimage"},"image":{"@id":"https:\/\/www.pakery.pl\/ro\/produkt\/pi-sph-12-110-2\/#primaryimage"},"thumbnailUrl":"https:\/\/www.pakery.pl\/wp-content\/uploads\/2021\/04\/foto-12-SPH-.png","datePublished":"2021-08-12T14:40:17+00:00","dateModified":"2021-08-12T14:40:21+00:00","description":"Ambalatorul de injec\u021bie de cea mai \u00eenalt\u0103 calitate. Ambalajele de injec\u021bie Hammpack garanteaz\u0103 etan\u0219eitatea perfect\u0103. Alege\u021bi tipul dvs. de kalamitka!","breadcrumb":{"@id":"https:\/\/www.pakery.pl\/ro\/produkt\/pi-sph-12-110-2\/#breadcrumb"},"inLanguage":"ro-RO","potentialAction":[{"@type":"ReadAction","target":["https:\/\/www.pakery.pl\/ro\/produkt\/pi-sph-12-110-2\/"]}]},{"@type":"ImageObject","inLanguage":"ro-RO","@id":"https:\/\/www.pakery.pl\/ro\/produkt\/pi-sph-12-110-2\/#primaryimage","url":"https:\/\/www.pakery.pl\/wp-content\/uploads\/2021\/04\/foto-12-SPH-.png","contentUrl":"https:\/\/www.pakery.pl\/wp-content\/uploads\/2021\/04\/foto-12-SPH-.png","width":2500,"height":2500,"caption":"pachet de injec\u021bie pachet de injec\u021bie pachet de injec\u021bie pachet de injec\u021bie"},{"@type":"BreadcrumbList","@id":"https:\/\/www.pakery.pl\/ro\/produkt\/pi-sph-12-110-2\/#breadcrumb","itemListElement":[{"@type":"ListItem","position":1,"name":"Strona g\u0142\u00f3wna","item":"https:\/\/www.pakery.pl\/ro\/"},{"@type":"ListItem","position":2,"name":"Magazin","item":"https:\/\/www.pakery.pl\/ro\/magazin\/"},{"@type":"ListItem","position":3,"name":"Ambalator injectabil PI-SPH 12\/110"}]},{"@type":"WebSite","@id":"https:\/\/www.pakery.pl\/ro\/#website","url":"https:\/\/www.pakery.pl\/ro\/","name":"Pakery.pl","description":"Pakery iniekcyjne, Kotwy spiralne, Lance iniekcyjne, W\u0119\u017ce do iniekcji, Pompy iniekcyjne, Serwis pomp iniekcyjnych, Wynajem pomp do iniekcji","publisher":{"@id":"https:\/\/www.pakery.pl\/ro\/#organization"},"potentialAction":[{"@type":"SearchAction","target":{"@type":"EntryPoint","urlTemplate":"https:\/\/www.pakery.pl\/ro\/?s={search_term_string}"},"query-input":{"@type":"PropertyValueSpecification","valueRequired":true,"valueName":"search_term_string"}}],"inLanguage":"ro-RO"},{"@type":"Organization","@id":"https:\/\/www.pakery.pl\/ro\/#organization","name":"PAKERY.PL","url":"https:\/\/www.pakery.pl\/ro\/","logo":{"@type":"ImageObject","inLanguage":"ro-RO","@id":"https:\/\/www.pakery.pl\/ro\/#\/schema\/logo\/image\/","url":"https:\/\/www.pakery.pl\/wp-content\/uploads\/2021\/04\/cropped-PAKERY-LOGO.png","contentUrl":"https:\/\/www.pakery.pl\/wp-content\/uploads\/2021\/04\/cropped-PAKERY-LOGO.png","width":1529,"height":500,"caption":"PAKERY.PL"},"image":{"@id":"https:\/\/www.pakery.pl\/ro\/#\/schema\/logo\/image\/"}}]}},"_links":{"self":[{"href":"https:\/\/www.pakery.pl\/ro\/wp-json\/wp\/v2\/product\/31972","targetHints":{"allow":["GET"]}}],"collection":[{"href":"https:\/\/www.pakery.pl\/ro\/wp-json\/wp\/v2\/product"}],"about":[{"href":"https:\/\/www.pakery.pl\/ro\/wp-json\/wp\/v2\/types\/product"}],"version-history":[{"count":2,"href":"https:\/\/www.pakery.pl\/ro\/wp-json\/wp\/v2\/product\/31972\/revisions"}],"predecessor-version":[{"id":31988,"href":"https:\/\/www.pakery.pl\/ro\/wp-json\/wp\/v2\/product\/31972\/revisions\/31988"}],"wp:featuredmedia":[{"embeddable":true,"href":"https:\/\/www.pakery.pl\/ro\/wp-json\/wp\/v2\/media\/31973"}],"wp:attachment":[{"href":"https:\/\/www.pakery.pl\/ro\/wp-json\/wp\/v2\/media?parent=31972"}],"wp:term":[{"taxonomy":"product_brand","embeddable":true,"href":"https:\/\/www.pakery.pl\/ro\/wp-json\/wp\/v2\/product_brand?post=31972"},{"taxonomy":"product_cat","embeddable":true,"href":"https:\/\/www.pakery.pl\/ro\/wp-json\/wp\/v2\/product_cat?post=31972"},{"taxonomy":"product_tag","embeddable":true,"href":"https:\/\/www.pakery.pl\/ro\/wp-json\/wp\/v2\/product_tag?post=31972"}],"curies":[{"name":"wp","href":"https:\/\/api.w.org\/{rel}","templated":true}]}}