{"id":31231,"date":"2021-04-22T10:17:48","date_gmt":"2021-08-12T14:12:53","guid":{"rendered":"https:\/\/www.pakery.pl\/produkt\/1-4-calmant-plat\/"},"modified":"2021-08-12T16:12:55","modified_gmt":"2021-08-12T14:12:55","slug":"1-4-calmant-plat","status":"publish","type":"product","link":"https:\/\/www.pakery.pl\/ro\/produkt\/1-4-calmant-plat\/","title":{"rendered":"1\/4 &#8216;calmant plat"},"content":{"rendered":"\t\t<div data-elementor-type=\"product-post\" data-elementor-id=\"31231\" class=\"elementor elementor-31231 elementor-1992\" data-elementor-post-type=\"product\">\n\t\t\t\t\t\t<section class=\"elementor-section elementor-top-section elementor-element elementor-element-bbe259b elementor-section-full_width elementor-section-height-default elementor-section-height-default\" data-id=\"bbe259b\" data-element_type=\"section\" data-e-type=\"section\">\n\t\t\t\t\t\t<div class=\"elementor-container elementor-column-gap-default\">\n\t\t\t\t\t<div class=\"elementor-column elementor-col-50 elementor-top-column elementor-element elementor-element-0ff230c\" data-id=\"0ff230c\" data-element_type=\"column\" data-e-type=\"column\">\n\t\t\t<div class=\"elementor-widget-wrap elementor-element-populated\">\n\t\t\t\t\t\t<div class=\"elementor-element elementor-element-353802d elementor-widget elementor-widget-text-editor\" data-id=\"353802d\" data-element_type=\"widget\" data-e-type=\"widget\" data-widget_type=\"text-editor.default\">\n\t\t\t\t<div class=\"elementor-widget-container\">\n\t\t\t\t\t\t\t\t\t<hr>\n<p><span style=\"color: #000000;\">Calamit plat cu un debit mare adaptat<strong> pentru lance de injec\u021bie \u0219i ambalaje PI-CEM 18\/110, PI-CEM 14\/110<\/strong><\/span><\/p>\n\t\t\t\t\t\t\t\t<\/div>\n\t\t\t\t<\/div>\n\t\t\t\t\t<\/div>\n\t\t<\/div>\n\t\t\t\t<div class=\"elementor-column elementor-col-50 elementor-top-column elementor-element elementor-element-1f71719\" data-id=\"1f71719\" data-element_type=\"column\" data-e-type=\"column\">\n\t\t\t<div class=\"elementor-widget-wrap elementor-element-populated\">\n\t\t\t\t\t\t<div class=\"elementor-element elementor-element-c8cea89 elementor-widget elementor-widget-image\" data-id=\"c8cea89\" data-element_type=\"widget\" data-e-type=\"widget\" data-widget_type=\"image.default\">\n\t\t\t\t<div class=\"elementor-widget-container\">\n\t\t\t\t\t\t\t\t\t\t\t\t\t\t\t<img fetchpriority=\"high\" decoding=\"async\" width=\"300\" height=\"300\" src=\"https:\/\/www.pakery.pl\/wp-content\/uploads\/2021\/05\/plastik-lanca-kalamitka-300x300.png\" class=\"attachment-medium size-medium wp-image-4282\" alt=\"\" srcset=\"https:\/\/www.pakery.pl\/wp-content\/uploads\/2021\/05\/plastik-lanca-kalamitka-300x300.png 300w, https:\/\/www.pakery.pl\/wp-content\/uploads\/2021\/05\/plastik-lanca-kalamitka-1024x1024.png 1024w, https:\/\/www.pakery.pl\/wp-content\/uploads\/2021\/05\/plastik-lanca-kalamitka-150x150.png 150w, https:\/\/www.pakery.pl\/wp-content\/uploads\/2021\/05\/plastik-lanca-kalamitka-768x768.png 768w, https:\/\/www.pakery.pl\/wp-content\/uploads\/2021\/05\/plastik-lanca-kalamitka-1536x1536.png 1536w, https:\/\/www.pakery.pl\/wp-content\/uploads\/2021\/05\/plastik-lanca-kalamitka-2048x2048.png 2048w, https:\/\/www.pakery.pl\/wp-content\/uploads\/2021\/05\/plastik-lanca-kalamitka-683x683.png 683w, https:\/\/www.pakery.pl\/wp-content\/uploads\/2021\/05\/plastik-lanca-kalamitka-602x602.png 602w, https:\/\/www.pakery.pl\/wp-content\/uploads\/2021\/05\/plastik-lanca-kalamitka-110x110.png 110w\" sizes=\"(max-width: 300px) 100vw, 300px\" \/>\t\t\t\t\t\t\t\t\t\t\t\t\t\t\t<\/div>\n\t\t\t\t<\/div>\n\t\t\t\t\t<\/div>\n\t\t<\/div>\n\t\t\t\t\t<\/div>\n\t\t<\/section>\n\t\t\t\t<section class=\"elementor-section elementor-top-section elementor-element elementor-element-3013643 elementor-section-full_width elementor-section-height-default elementor-section-height-default\" data-id=\"3013643\" data-element_type=\"section\" data-e-type=\"section\">\n\t\t\t\t\t\t<div class=\"elementor-container elementor-column-gap-default\">\n\t\t\t\t\t<div class=\"elementor-column elementor-col-100 elementor-top-column elementor-element elementor-element-116259f\" data-id=\"116259f\" data-element_type=\"column\" data-e-type=\"column\">\n\t\t\t<div class=\"elementor-widget-wrap elementor-element-populated\">\n\t\t\t\t\t\t<div class=\"elementor-element elementor-element-bded2b2 elementor-widget elementor-widget-image\" data-id=\"bded2b2\" data-element_type=\"widget\" data-e-type=\"widget\" data-widget_type=\"image.default\">\n\t\t\t\t<div class=\"elementor-widget-container\">\n\t\t\t\t\t\t\t\t\t\t\t\t\t\t\t<img decoding=\"async\" width=\"1763\" height=\"565\" src=\"https:\/\/www.pakery.pl\/wp-content\/uploads\/2021\/05\/schemat-lance-NG-F-14.png\" class=\"attachment-full size-full wp-image-31235\" alt=\"\" srcset=\"https:\/\/www.pakery.pl\/wp-content\/uploads\/2021\/05\/schemat-lance-NG-F-14.png 1763w, https:\/\/www.pakery.pl\/wp-content\/uploads\/2021\/05\/schemat-lance-NG-F-14-300x96.png 300w, https:\/\/www.pakery.pl\/wp-content\/uploads\/2021\/05\/schemat-lance-NG-F-14-1024x328.png 1024w, https:\/\/www.pakery.pl\/wp-content\/uploads\/2021\/05\/schemat-lance-NG-F-14-768x246.png 768w, https:\/\/www.pakery.pl\/wp-content\/uploads\/2021\/05\/schemat-lance-NG-F-14-1536x492.png 1536w, https:\/\/www.pakery.pl\/wp-content\/uploads\/2021\/05\/schemat-lance-NG-F-14-683x219.png 683w, https:\/\/www.pakery.pl\/wp-content\/uploads\/2021\/05\/schemat-lance-NG-F-14-602x193.png 602w\" sizes=\"(max-width: 1763px) 100vw, 1763px\" \/>\t\t\t\t\t\t\t\t\t\t\t\t\t\t\t<\/div>\n\t\t\t\t<\/div>\n\t\t\t\t\t<\/div>\n\t\t<\/div>\n\t\t\t\t\t<\/div>\n\t\t<\/section>\n\t\t\t\t<\/div>\n\t\t","protected":false},"excerpt":{"rendered":"<p>Calamit plat cu un debit mare adaptat pentru lance de injec\u021bie \u0219i ambalaje PI-CEM 18\/110, PI-CEM 14\/110<\/p>\n","protected":false},"featured_media":41409,"template":"","meta":{"_acf_changed":false},"product_brand":[],"product_cat":[1307,1314,1313],"product_tag":[],"class_list":{"0":"post-31231","1":"product","2":"type-product","3":"status-publish","4":"has-post-thumbnail","6":"product_cat-accesorii-pentru-injectie","7":"product_cat-ambalatori-de-ciment","8":"product_cat-lanci-de-injectie","9":"pa_akcesoria-pakerowe-accesorii-pentru-ambalatori","11":"first","12":"instock","13":"taxable","14":"shipping-taxable","15":"purchasable","16":"product-type-variable"},"acf":[],"yoast_head":"<!-- This site is optimized with the Yoast SEO plugin v27.3 - https:\/\/yoast.com\/product\/yoast-seo-wordpress\/ -->\n<title>1\/4 &#039;calmant plat pentru suspensii de ciment - PAKERY.PL<\/title>\n<meta name=\"description\" content=\"Atunci c\u00e2nd folosim un calamus plat, ob\u021binem comoditatea inject\u0103rii, nu este nevoie s\u0103 sus\u021binem r\u0103d\u0103cina ca \u00een cazul unui calamit conic.\" \/>\n<meta name=\"robots\" content=\"index, follow, max-snippet:-1, max-image-preview:large, max-video-preview:-1\" \/>\n<link rel=\"canonical\" href=\"https:\/\/www.pakery.pl\/ro\/produkt\/1-4-calmant-plat\/\" \/>\n<meta property=\"og:locale\" content=\"ro_RO\" \/>\n<meta property=\"og:type\" content=\"article\" \/>\n<meta property=\"og:title\" content=\"1\/4 &#039;calmant plat pentru suspensii de ciment - PAKERY.PL\" \/>\n<meta property=\"og:description\" content=\"Atunci c\u00e2nd folosim un calamus plat, ob\u021binem comoditatea inject\u0103rii, nu este nevoie s\u0103 sus\u021binem r\u0103d\u0103cina ca \u00een cazul unui calamit conic.\" \/>\n<meta property=\"og:url\" content=\"https:\/\/www.pakery.pl\/ro\/produkt\/1-4-calmant-plat\/\" \/>\n<meta property=\"og:site_name\" content=\"PAKERY.PL\" \/>\n<meta property=\"article:modified_time\" content=\"2021-08-12T14:12:55+00:00\" \/>\n<meta property=\"og:image\" content=\"https:\/\/www.pakery.pl\/wp-content\/uploads\/2021\/04\/kalamitka-plaska-do-cementu-602x593-1.png\" \/>\n\t<meta property=\"og:image:width\" content=\"602\" \/>\n\t<meta property=\"og:image:height\" content=\"593\" \/>\n\t<meta property=\"og:image:type\" content=\"image\/png\" \/>\n<meta name=\"twitter:card\" content=\"summary_large_image\" \/>\n<script type=\"application\/ld+json\" class=\"yoast-schema-graph\">{\"@context\":\"https:\\\/\\\/schema.org\",\"@graph\":[{\"@type\":\"WebPage\",\"@id\":\"https:\\\/\\\/www.pakery.pl\\\/ro\\\/produkt\\\/1-4-calmant-plat\\\/\",\"url\":\"https:\\\/\\\/www.pakery.pl\\\/ro\\\/produkt\\\/1-4-calmant-plat\\\/\",\"name\":\"1\\\/4 'calmant plat pentru suspensii de ciment - PAKERY.PL\",\"isPartOf\":{\"@id\":\"https:\\\/\\\/www.pakery.pl\\\/ro\\\/#website\"},\"primaryImageOfPage\":{\"@id\":\"https:\\\/\\\/www.pakery.pl\\\/ro\\\/produkt\\\/1-4-calmant-plat\\\/#primaryimage\"},\"image\":{\"@id\":\"https:\\\/\\\/www.pakery.pl\\\/ro\\\/produkt\\\/1-4-calmant-plat\\\/#primaryimage\"},\"thumbnailUrl\":\"https:\\\/\\\/www.pakery.pl\\\/wp-content\\\/uploads\\\/2021\\\/04\\\/kalamitka-plaska-do-cementu-602x593-1.png\",\"datePublished\":\"2021-08-12T14:12:53+00:00\",\"dateModified\":\"2021-08-12T14:12:55+00:00\",\"description\":\"Atunci c\u00e2nd folosim un calamus plat, ob\u021binem comoditatea inject\u0103rii, nu este nevoie s\u0103 sus\u021binem r\u0103d\u0103cina ca \u00een cazul unui calamit conic.\",\"breadcrumb\":{\"@id\":\"https:\\\/\\\/www.pakery.pl\\\/ro\\\/produkt\\\/1-4-calmant-plat\\\/#breadcrumb\"},\"inLanguage\":\"ro-RO\",\"potentialAction\":[{\"@type\":\"ReadAction\",\"target\":[\"https:\\\/\\\/www.pakery.pl\\\/ro\\\/produkt\\\/1-4-calmant-plat\\\/\"]}]},{\"@type\":\"ImageObject\",\"inLanguage\":\"ro-RO\",\"@id\":\"https:\\\/\\\/www.pakery.pl\\\/ro\\\/produkt\\\/1-4-calmant-plat\\\/#primaryimage\",\"url\":\"https:\\\/\\\/www.pakery.pl\\\/wp-content\\\/uploads\\\/2021\\\/04\\\/kalamitka-plaska-do-cementu-602x593-1.png\",\"contentUrl\":\"https:\\\/\\\/www.pakery.pl\\\/wp-content\\\/uploads\\\/2021\\\/04\\\/kalamitka-plaska-do-cementu-602x593-1.png\",\"width\":602,\"height\":593},{\"@type\":\"BreadcrumbList\",\"@id\":\"https:\\\/\\\/www.pakery.pl\\\/ro\\\/produkt\\\/1-4-calmant-plat\\\/#breadcrumb\",\"itemListElement\":[{\"@type\":\"ListItem\",\"position\":1,\"name\":\"Strona g\u0142\u00f3wna\",\"item\":\"https:\\\/\\\/www.pakery.pl\\\/ro\\\/\"},{\"@type\":\"ListItem\",\"position\":2,\"name\":\"Magazin\",\"item\":\"https:\\\/\\\/www.pakery.pl\\\/ro\\\/magazin\\\/\"},{\"@type\":\"ListItem\",\"position\":3,\"name\":\"1\\\/4 &#8216;calmant plat\"}]},{\"@type\":\"WebSite\",\"@id\":\"https:\\\/\\\/www.pakery.pl\\\/ro\\\/#website\",\"url\":\"https:\\\/\\\/www.pakery.pl\\\/ro\\\/\",\"name\":\"Pakery.pl\",\"description\":\"Pakery iniekcyjne, Kotwy spiralne, Lance iniekcyjne, W\u0119\u017ce do iniekcji, Pompy iniekcyjne, Serwis pomp iniekcyjnych, Wynajem pomp do iniekcji\",\"publisher\":{\"@id\":\"https:\\\/\\\/www.pakery.pl\\\/ro\\\/#organization\"},\"potentialAction\":[{\"@type\":\"SearchAction\",\"target\":{\"@type\":\"EntryPoint\",\"urlTemplate\":\"https:\\\/\\\/www.pakery.pl\\\/ro\\\/?s={search_term_string}\"},\"query-input\":{\"@type\":\"PropertyValueSpecification\",\"valueRequired\":true,\"valueName\":\"search_term_string\"}}],\"inLanguage\":\"ro-RO\"},{\"@type\":\"Organization\",\"@id\":\"https:\\\/\\\/www.pakery.pl\\\/ro\\\/#organization\",\"name\":\"PAKERY.PL\",\"url\":\"https:\\\/\\\/www.pakery.pl\\\/ro\\\/\",\"logo\":{\"@type\":\"ImageObject\",\"inLanguage\":\"ro-RO\",\"@id\":\"https:\\\/\\\/www.pakery.pl\\\/ro\\\/#\\\/schema\\\/logo\\\/image\\\/\",\"url\":\"https:\\\/\\\/www.pakery.pl\\\/wp-content\\\/uploads\\\/2021\\\/04\\\/cropped-PAKERY-LOGO.png\",\"contentUrl\":\"https:\\\/\\\/www.pakery.pl\\\/wp-content\\\/uploads\\\/2021\\\/04\\\/cropped-PAKERY-LOGO.png\",\"width\":1529,\"height\":500,\"caption\":\"PAKERY.PL\"},\"image\":{\"@id\":\"https:\\\/\\\/www.pakery.pl\\\/ro\\\/#\\\/schema\\\/logo\\\/image\\\/\"}}]}<\/script>\n<!-- \/ Yoast SEO plugin. -->","yoast_head_json":{"title":"1\/4 'calmant plat pentru suspensii de ciment - PAKERY.PL","description":"Atunci c\u00e2nd folosim un calamus plat, ob\u021binem comoditatea inject\u0103rii, nu este nevoie s\u0103 sus\u021binem r\u0103d\u0103cina ca \u00een cazul unui calamit conic.","robots":{"index":"index","follow":"follow","max-snippet":"max-snippet:-1","max-image-preview":"max-image-preview:large","max-video-preview":"max-video-preview:-1"},"canonical":"https:\/\/www.pakery.pl\/ro\/produkt\/1-4-calmant-plat\/","og_locale":"ro_RO","og_type":"article","og_title":"1\/4 'calmant plat pentru suspensii de ciment - PAKERY.PL","og_description":"Atunci c\u00e2nd folosim un calamus plat, ob\u021binem comoditatea inject\u0103rii, nu este nevoie s\u0103 sus\u021binem r\u0103d\u0103cina ca \u00een cazul unui calamit conic.","og_url":"https:\/\/www.pakery.pl\/ro\/produkt\/1-4-calmant-plat\/","og_site_name":"PAKERY.PL","article_modified_time":"2021-08-12T14:12:55+00:00","og_image":[{"width":602,"height":593,"url":"https:\/\/www.pakery.pl\/wp-content\/uploads\/2021\/04\/kalamitka-plaska-do-cementu-602x593-1.png","type":"image\/png"}],"twitter_card":"summary_large_image","schema":{"@context":"https:\/\/schema.org","@graph":[{"@type":"WebPage","@id":"https:\/\/www.pakery.pl\/ro\/produkt\/1-4-calmant-plat\/","url":"https:\/\/www.pakery.pl\/ro\/produkt\/1-4-calmant-plat\/","name":"1\/4 'calmant plat pentru suspensii de ciment - PAKERY.PL","isPartOf":{"@id":"https:\/\/www.pakery.pl\/ro\/#website"},"primaryImageOfPage":{"@id":"https:\/\/www.pakery.pl\/ro\/produkt\/1-4-calmant-plat\/#primaryimage"},"image":{"@id":"https:\/\/www.pakery.pl\/ro\/produkt\/1-4-calmant-plat\/#primaryimage"},"thumbnailUrl":"https:\/\/www.pakery.pl\/wp-content\/uploads\/2021\/04\/kalamitka-plaska-do-cementu-602x593-1.png","datePublished":"2021-08-12T14:12:53+00:00","dateModified":"2021-08-12T14:12:55+00:00","description":"Atunci c\u00e2nd folosim un calamus plat, ob\u021binem comoditatea inject\u0103rii, nu este nevoie s\u0103 sus\u021binem r\u0103d\u0103cina ca \u00een cazul unui calamit conic.","breadcrumb":{"@id":"https:\/\/www.pakery.pl\/ro\/produkt\/1-4-calmant-plat\/#breadcrumb"},"inLanguage":"ro-RO","potentialAction":[{"@type":"ReadAction","target":["https:\/\/www.pakery.pl\/ro\/produkt\/1-4-calmant-plat\/"]}]},{"@type":"ImageObject","inLanguage":"ro-RO","@id":"https:\/\/www.pakery.pl\/ro\/produkt\/1-4-calmant-plat\/#primaryimage","url":"https:\/\/www.pakery.pl\/wp-content\/uploads\/2021\/04\/kalamitka-plaska-do-cementu-602x593-1.png","contentUrl":"https:\/\/www.pakery.pl\/wp-content\/uploads\/2021\/04\/kalamitka-plaska-do-cementu-602x593-1.png","width":602,"height":593},{"@type":"BreadcrumbList","@id":"https:\/\/www.pakery.pl\/ro\/produkt\/1-4-calmant-plat\/#breadcrumb","itemListElement":[{"@type":"ListItem","position":1,"name":"Strona g\u0142\u00f3wna","item":"https:\/\/www.pakery.pl\/ro\/"},{"@type":"ListItem","position":2,"name":"Magazin","item":"https:\/\/www.pakery.pl\/ro\/magazin\/"},{"@type":"ListItem","position":3,"name":"1\/4 &#8216;calmant plat"}]},{"@type":"WebSite","@id":"https:\/\/www.pakery.pl\/ro\/#website","url":"https:\/\/www.pakery.pl\/ro\/","name":"Pakery.pl","description":"Pakery iniekcyjne, Kotwy spiralne, Lance iniekcyjne, W\u0119\u017ce do iniekcji, Pompy iniekcyjne, Serwis pomp iniekcyjnych, Wynajem pomp do iniekcji","publisher":{"@id":"https:\/\/www.pakery.pl\/ro\/#organization"},"potentialAction":[{"@type":"SearchAction","target":{"@type":"EntryPoint","urlTemplate":"https:\/\/www.pakery.pl\/ro\/?s={search_term_string}"},"query-input":{"@type":"PropertyValueSpecification","valueRequired":true,"valueName":"search_term_string"}}],"inLanguage":"ro-RO"},{"@type":"Organization","@id":"https:\/\/www.pakery.pl\/ro\/#organization","name":"PAKERY.PL","url":"https:\/\/www.pakery.pl\/ro\/","logo":{"@type":"ImageObject","inLanguage":"ro-RO","@id":"https:\/\/www.pakery.pl\/ro\/#\/schema\/logo\/image\/","url":"https:\/\/www.pakery.pl\/wp-content\/uploads\/2021\/04\/cropped-PAKERY-LOGO.png","contentUrl":"https:\/\/www.pakery.pl\/wp-content\/uploads\/2021\/04\/cropped-PAKERY-LOGO.png","width":1529,"height":500,"caption":"PAKERY.PL"},"image":{"@id":"https:\/\/www.pakery.pl\/ro\/#\/schema\/logo\/image\/"}}]}},"_links":{"self":[{"href":"https:\/\/www.pakery.pl\/ro\/wp-json\/wp\/v2\/product\/31231","targetHints":{"allow":["GET"]}}],"collection":[{"href":"https:\/\/www.pakery.pl\/ro\/wp-json\/wp\/v2\/product"}],"about":[{"href":"https:\/\/www.pakery.pl\/ro\/wp-json\/wp\/v2\/types\/product"}],"version-history":[{"count":1,"href":"https:\/\/www.pakery.pl\/ro\/wp-json\/wp\/v2\/product\/31231\/revisions"}],"predecessor-version":[{"id":31234,"href":"https:\/\/www.pakery.pl\/ro\/wp-json\/wp\/v2\/product\/31231\/revisions\/31234"}],"wp:featuredmedia":[{"embeddable":true,"href":"https:\/\/www.pakery.pl\/ro\/wp-json\/wp\/v2\/media\/41409"}],"wp:attachment":[{"href":"https:\/\/www.pakery.pl\/ro\/wp-json\/wp\/v2\/media?parent=31231"}],"wp:term":[{"taxonomy":"product_brand","embeddable":true,"href":"https:\/\/www.pakery.pl\/ro\/wp-json\/wp\/v2\/product_brand?post=31231"},{"taxonomy":"product_cat","embeddable":true,"href":"https:\/\/www.pakery.pl\/ro\/wp-json\/wp\/v2\/product_cat?post=31231"},{"taxonomy":"product_tag","embeddable":true,"href":"https:\/\/www.pakery.pl\/ro\/wp-json\/wp\/v2\/product_tag?post=31231"}],"curies":[{"name":"wp","href":"https:\/\/api.w.org\/{rel}","templated":true}]}}