{"id":31208,"date":"2021-08-12T16:11:25","date_gmt":"2021-08-12T14:11:25","guid":{"rendered":"https:\/\/www.pakery.pl\/produkt\/ancora-spirala-%e2%8c%808-mm\/"},"modified":"2021-08-23T14:26:32","modified_gmt":"2021-08-23T12:26:32","slug":"ancora-spirala-%e2%8c%808-mm","status":"publish","type":"product","link":"https:\/\/www.pakery.pl\/ro\/produkt\/ancora-spirala-%e2%8c%808-mm\/","title":{"rendered":"Ancor\u0103 spiral\u0103 \u23008 mm"},"content":{"rendered":"\t\t<div data-elementor-type=\"product-post\" data-elementor-id=\"31208\" class=\"elementor elementor-31208 elementor-1861\" data-elementor-post-type=\"product\">\n\t\t\t\t\t\t<section class=\"elementor-section elementor-top-section elementor-element elementor-element-27d19c8 elementor-section-boxed elementor-section-height-default elementor-section-height-default\" data-id=\"27d19c8\" data-element_type=\"section\" data-e-type=\"section\">\n\t\t\t\t\t\t<div class=\"elementor-container elementor-column-gap-default\">\n\t\t\t\t\t<div class=\"elementor-column elementor-col-100 elementor-top-column elementor-element elementor-element-1379c46\" data-id=\"1379c46\" data-element_type=\"column\" data-e-type=\"column\">\n\t\t\t<div class=\"elementor-widget-wrap elementor-element-populated\">\n\t\t\t\t\t\t<section class=\"elementor-section elementor-inner-section elementor-element elementor-element-6a4b693 elementor-section-boxed elementor-section-height-default elementor-section-height-default\" data-id=\"6a4b693\" data-element_type=\"section\" data-e-type=\"section\">\n\t\t\t\t\t\t<div class=\"elementor-container elementor-column-gap-default\">\n\t\t\t\t\t<div class=\"elementor-column elementor-col-50 elementor-inner-column elementor-element elementor-element-9775ea6\" data-id=\"9775ea6\" data-element_type=\"column\" data-e-type=\"column\">\n\t\t\t<div class=\"elementor-widget-wrap elementor-element-populated\">\n\t\t\t\t\t\t<div class=\"elementor-element elementor-element-54aed20 elementor-widget elementor-widget-text-editor\" data-id=\"54aed20\" data-element_type=\"widget\" data-e-type=\"widget\" data-widget_type=\"text-editor.default\">\n\t\t\t\t<div class=\"elementor-widget-container\">\n\t\t\t\t\t\t\t\t\t<div data-id=\"9c16b70\" data-element_type=\"widget\" data-widget_type=\"text-editor.default\">\n<div>\n<div>\n<div><span style=\"color: #000000;\"><strong>SPECIFICATII TEHNICE:<\/strong><\/span><\/div>\n<ul>\n<li><span style=\"color: #000000;\">Diametrul ancorei: 8 mm<\/span><\/li>\n<li><span style=\"color: #000000;\">Arie a sec\u021biunii transversale[mm\u00b2] : 10.00<\/span><\/li>\n<li><span style=\"color: #000000;\">Punct de randament[MPa] : 388,9<\/span><\/li>\n<li><span style=\"color: #000000;\">Rezisten\u021b\u0103 la trac\u021biune[MPa] : 988,7<\/span><\/li>\n<li><span style=\"color: #000000;\">Modul[GPa] : 163,1<\/span><\/li>\n<\/ul>\n<\/div>\n<\/div>\n<\/div>\n<div data-id=\"f10e87b\" data-element_type=\"widget\" data-widget_type=\"text-editor.default\">\n<div>\n<div>\n<p><span style=\"color: #000000;\"><strong>CERERE:<\/strong><\/span><\/p>\n<ul>\n<li><span style=\"color: #000000;\">repararea fisurilor din pere\u021bii structurali din c\u0103r\u0103mid\u0103, piatr\u0103, beton<\/span><\/li>\n<li><span style=\"color: #000000;\">armarea conexiunilor pere\u021bilor desp\u0103r\u021bitori cu cei structurali<\/span><\/li>\n<li><span style=\"color: #000000;\">armarea mansardelor acoperi\u0219ului<\/span><\/li>\n<li><span style=\"color: #000000;\">armarea pl\u0103cilor de balcon<\/span><\/li>\n<li><span style=\"color: #000000;\">repararea \u0219i \u00eent\u0103rirea buiandrugurilor, grinzilor \u0219i tavanelor<\/span><\/li>\n<li><span style=\"color: #000000;\">ancorarea straturilor de acoperire a pere\u021bilor deta\u0219a\u021bi<\/span><\/li>\n<li><span style=\"color: #000000;\">stabilizarea pere\u021bilor cu catarame<\/span><\/li>\n<li><span style=\"color: #000000;\">armarea zidurilor \u00een cl\u0103dirile contemporane<\/span><\/li>\n<\/ul>\n<p><span style=\"color: #000000;\"><strong>AVANTAJELE ARM\u0102RILOR SPIRALE:<\/strong><\/span><\/p>\n<ul>\n<li><span style=\"color: #000000;\">Cre\u0219terea capacit\u0103\u021bii portante a pere\u021bilor, coloanelor, grinzilor, grinzilor, pl\u0103cilor, funda\u021biilor<\/span><\/li>\n<li><span style=\"color: #000000;\">Aplicare rapid\u0103 &#8211; f\u0103r\u0103 pauze tehnologice<\/span><\/li>\n<li><span style=\"color: #000000;\">Invazivitate sc\u0103zut\u0103 &#8211; aplicare f\u0103r\u0103 dezordine \u0219i confuzie<\/span><\/li>\n<li><span style=\"color: #000000;\">Fisurile nu reapar &#8211; tehnologie de \u00eenalt\u0103 performan\u021b\u0103<\/span><\/li>\n<li><span style=\"color: #000000;\">Cost sc\u0103zut<\/span><\/li>\n<\/ul>\n<\/div>\n<\/div>\n<\/div>\n\t\t\t\t\t\t\t\t<\/div>\n\t\t\t\t<\/div>\n\t\t\t\t\t<\/div>\n\t\t<\/div>\n\t\t\t\t<div class=\"elementor-column elementor-col-50 elementor-inner-column elementor-element elementor-element-1c1b2cc\" data-id=\"1c1b2cc\" data-element_type=\"column\" data-e-type=\"column\">\n\t\t\t<div class=\"elementor-widget-wrap elementor-element-populated\">\n\t\t\t\t\t\t<div class=\"elementor-element elementor-element-fb8190c elementor-widget elementor-widget-image\" data-id=\"fb8190c\" data-element_type=\"widget\" data-e-type=\"widget\" data-widget_type=\"image.default\">\n\t\t\t\t<div class=\"elementor-widget-container\">\n\t\t\t\t\t\t\t\t\t\t\t\t\t\t\t<img fetchpriority=\"high\" decoding=\"async\" width=\"691\" height=\"758\" src=\"https:\/\/www.pakery.pl\/wp-content\/uploads\/2021\/04\/Kotwa-spiralna.png\" class=\"attachment-large size-large wp-image-31181\" alt=\"\" srcset=\"https:\/\/www.pakery.pl\/wp-content\/uploads\/2021\/04\/Kotwa-spiralna.png 691w, https:\/\/www.pakery.pl\/wp-content\/uploads\/2021\/04\/Kotwa-spiralna-273x300.png 273w, https:\/\/www.pakery.pl\/wp-content\/uploads\/2021\/04\/Kotwa-spiralna-683x749.png 683w, https:\/\/www.pakery.pl\/wp-content\/uploads\/2021\/04\/Kotwa-spiralna-602x660.png 602w\" sizes=\"(max-width: 691px) 100vw, 691px\" \/>\t\t\t\t\t\t\t\t\t\t\t\t\t\t\t<\/div>\n\t\t\t\t<\/div>\n\t\t\t\t\t<\/div>\n\t\t<\/div>\n\t\t\t\t\t<\/div>\n\t\t<\/section>\n\t\t\t\t\t<\/div>\n\t\t<\/div>\n\t\t\t\t\t<\/div>\n\t\t<\/section>\n\t\t\t\t<section class=\"elementor-section elementor-top-section elementor-element elementor-element-c5684eb elementor-section-boxed elementor-section-height-default elementor-section-height-default\" data-id=\"c5684eb\" data-element_type=\"section\" data-e-type=\"section\">\n\t\t\t\t\t\t<div class=\"elementor-container elementor-column-gap-default\">\n\t\t\t\t\t<div class=\"elementor-column elementor-col-100 elementor-top-column elementor-element elementor-element-a67b020\" data-id=\"a67b020\" data-element_type=\"column\" data-e-type=\"column\">\n\t\t\t<div class=\"elementor-widget-wrap elementor-element-populated\">\n\t\t\t\t\t\t<div class=\"elementor-element elementor-element-4006458 elementor-widget elementor-widget-image\" data-id=\"4006458\" data-element_type=\"widget\" data-e-type=\"widget\" data-widget_type=\"image.default\">\n\t\t\t\t<div class=\"elementor-widget-container\">\n\t\t\t\t\t\t\t\t\t\t\t\t\t\t\t<img decoding=\"async\" width=\"781\" height=\"410\" src=\"https:\/\/www.pakery.pl\/wp-content\/uploads\/2021\/04\/kotwy-eng-.png\" class=\"attachment-large size-large wp-image-36150\" alt=\"\" srcset=\"https:\/\/www.pakery.pl\/wp-content\/uploads\/2021\/04\/kotwy-eng-.png 781w, https:\/\/www.pakery.pl\/wp-content\/uploads\/2021\/04\/kotwy-eng--300x157.png 300w, https:\/\/www.pakery.pl\/wp-content\/uploads\/2021\/04\/kotwy-eng--768x403.png 768w, https:\/\/www.pakery.pl\/wp-content\/uploads\/2021\/04\/kotwy-eng--683x359.png 683w, https:\/\/www.pakery.pl\/wp-content\/uploads\/2021\/04\/kotwy-eng--602x316.png 602w\" sizes=\"(max-width: 781px) 100vw, 781px\" \/>\t\t\t\t\t\t\t\t\t\t\t\t\t\t\t<\/div>\n\t\t\t\t<\/div>\n\t\t\t\t\t<\/div>\n\t\t<\/div>\n\t\t\t\t\t<\/div>\n\t\t<\/section>\n\t\t\t\t<section class=\"elementor-section elementor-top-section elementor-element elementor-element-ec0bf78 elementor-section-boxed elementor-section-height-default elementor-section-height-default\" data-id=\"ec0bf78\" data-element_type=\"section\" data-e-type=\"section\">\n\t\t\t\t\t\t<div class=\"elementor-container elementor-column-gap-default\">\n\t\t\t\t\t<div class=\"elementor-column elementor-col-100 elementor-top-column elementor-element elementor-element-05c2e9e\" data-id=\"05c2e9e\" data-element_type=\"column\" data-e-type=\"column\">\n\t\t\t<div class=\"elementor-widget-wrap elementor-element-populated\">\n\t\t\t\t\t\t<div class=\"elementor-element elementor-element-8369f04 elementor-widget elementor-widget-text-editor\" data-id=\"8369f04\" data-element_type=\"widget\" data-e-type=\"widget\" data-widget_type=\"text-editor.default\">\n\t\t\t\t<div class=\"elementor-widget-container\">\n\t\t\t\t\t\t\t\t\t<p><span style=\"caret-color: #000000; color: #000000;\">Dimensiunile canelurilor pentru ancore spirale, \u00eempreun\u0103 cu consumul aproximativ al mortarului de ancor\u0103, pot fi g\u0103site \u00een tabelul de mai jos:<\/span><\/p>\n\t\t\t\t\t\t\t\t<\/div>\n\t\t\t\t<\/div>\n\t\t\t\t\t<\/div>\n\t\t<\/div>\n\t\t\t\t\t<\/div>\n\t\t<\/section>\n\t\t\t\t<section class=\"elementor-section elementor-top-section elementor-element elementor-element-ab4cb88 elementor-section-boxed elementor-section-height-default elementor-section-height-default\" data-id=\"ab4cb88\" data-element_type=\"section\" data-e-type=\"section\">\n\t\t\t\t\t\t<div class=\"elementor-container elementor-column-gap-default\">\n\t\t\t\t\t<div class=\"elementor-column elementor-col-100 elementor-top-column elementor-element elementor-element-6c18d94\" data-id=\"6c18d94\" data-element_type=\"column\" data-e-type=\"column\">\n\t\t\t<div class=\"elementor-widget-wrap elementor-element-populated\">\n\t\t\t\t\t\t<section class=\"elementor-section elementor-inner-section elementor-element elementor-element-26da927 elementor-section-boxed elementor-section-height-default elementor-section-height-default\" data-id=\"26da927\" data-element_type=\"section\" data-e-type=\"section\">\n\t\t\t\t\t\t<div class=\"elementor-container elementor-column-gap-default\">\n\t\t\t\t\t<div class=\"elementor-column elementor-col-50 elementor-inner-column elementor-element elementor-element-5fb7aab\" data-id=\"5fb7aab\" data-element_type=\"column\" data-e-type=\"column\">\n\t\t\t<div class=\"elementor-widget-wrap elementor-element-populated\">\n\t\t\t\t\t\t<div class=\"elementor-element elementor-element-43c5782 elementor-widget elementor-widget-image\" data-id=\"43c5782\" data-element_type=\"widget\" data-e-type=\"widget\" data-widget_type=\"image.default\">\n\t\t\t\t<div class=\"elementor-widget-container\">\n\t\t\t\t\t\t\t\t\t\t\t\t\t\t\t<img decoding=\"async\" width=\"1024\" height=\"525\" src=\"https:\/\/www.pakery.pl\/wp-content\/uploads\/2021\/04\/table-kotwa-1024x525.png\" class=\"attachment-large size-large wp-image-36177\" alt=\"\" srcset=\"https:\/\/www.pakery.pl\/wp-content\/uploads\/2021\/04\/table-kotwa-1024x525.png 1024w, https:\/\/www.pakery.pl\/wp-content\/uploads\/2021\/04\/table-kotwa-300x154.png 300w, https:\/\/www.pakery.pl\/wp-content\/uploads\/2021\/04\/table-kotwa-768x393.png 768w, https:\/\/www.pakery.pl\/wp-content\/uploads\/2021\/04\/table-kotwa-683x350.png 683w, https:\/\/www.pakery.pl\/wp-content\/uploads\/2021\/04\/table-kotwa-602x308.png 602w, https:\/\/www.pakery.pl\/wp-content\/uploads\/2021\/04\/table-kotwa.png 1058w\" sizes=\"(max-width: 1024px) 100vw, 1024px\" \/>\t\t\t\t\t\t\t\t\t\t\t\t\t\t\t<\/div>\n\t\t\t\t<\/div>\n\t\t\t\t\t<\/div>\n\t\t<\/div>\n\t\t\t\t<div class=\"elementor-column elementor-col-50 elementor-inner-column elementor-element elementor-element-fe237d5\" data-id=\"fe237d5\" data-element_type=\"column\" data-e-type=\"column\">\n\t\t\t<div class=\"elementor-widget-wrap elementor-element-populated\">\n\t\t\t\t\t\t<div class=\"elementor-element elementor-element-a112f5a elementor-widget elementor-widget-text-editor\" data-id=\"a112f5a\" data-element_type=\"widget\" data-e-type=\"widget\" data-widget_type=\"text-editor.default\">\n\t\t\t\t<div class=\"elementor-widget-container\">\n\t\t\t\t\t\t\t\t\t<p><strong><span style=\"font-size: 1rem; color: #000000;\">min. lungimea total\u0103 a ancorei (c\u0103r\u0103mid\u0103 \/ piatr\u0103 \/ zid\u0103rie mixt\u0103) &#8211; 1000 mm<\/span><\/strong><\/p>\n<p><strong><span style=\"color: #000000;\">min. lungimea total\u0103 a ancorei (beton) &#8211; 600 mm<\/span><\/strong><\/p>\n<p><em>La cererea expres\u0103 a clientului, t\u0103iem ancorele la dimensiunea specificat\u0103.<\/em><\/p>\n<p><em>Pentru mai multe sugestii de proiectare, consulta\u021bi documenta\u021bia tehnic\u0103 Hammpack Spiral Hammer.<\/em><\/p>\n\t\t\t\t\t\t\t\t<\/div>\n\t\t\t\t<\/div>\n\t\t\t\t\t<\/div>\n\t\t<\/div>\n\t\t\t\t\t<\/div>\n\t\t<\/section>\n\t\t\t\t\t<\/div>\n\t\t<\/div>\n\t\t\t\t\t<\/div>\n\t\t<\/section>\n\t\t\t\t<\/div>\n\t\t","protected":false},"excerpt":{"rendered":"<p>SPECIFICATII TEHNICE: Diametrul ancorei: 8 mm Arie a sec\u021biunii transversale[mm\u00b2] : 10.00 Punct de randament[MPa] : 388,9 Rezisten\u021b\u0103 la trac\u021biune[MPa] : 988,7 Modul[GPa] : 163,1 CERERE: repararea fisurilor din pere\u021bii structurali din c\u0103r\u0103mid\u0103, piatr\u0103, beton armarea conexiunilor pere\u021bilor desp\u0103r\u021bitori cu cei structurali armarea mansardelor acoperi\u0219ului armarea pl\u0103cilor de balcon repararea \u0219i \u00eent\u0103rirea buiandrugurilor, grinzilor \u0219i [&hellip;]<\/p>\n","protected":false},"featured_media":31174,"template":"","meta":{"_acf_changed":false},"product_brand":[],"product_cat":[1308],"product_tag":[],"class_list":{"0":"post-31208","1":"product","2":"type-product","3":"status-publish","4":"has-post-thumbnail","6":"product_cat-ancore-spiralate","7":"pa_dlugosc-100m-ro","8":"pa_dlugosc-10m-ro","9":"pa_dlugosc-1m-ro","11":"first","12":"instock","13":"taxable","14":"shipping-taxable","15":"purchasable","16":"product-type-variable"},"acf":[],"yoast_head":"<!-- This site is optimized with the Yoast SEO plugin v27.3 - https:\/\/yoast.com\/product\/yoast-seo-wordpress\/ -->\n<title>Ancor\u0103 spiral\u0103 \u23008 mm l Ancor\u0103 spiral\u0103 pentru fisuri \u00een pere\u021bi<\/title>\n<meta name=\"description\" content=\"Ancor\u0103 de cr\u0103p\u0103tur\u0103 de perete | Ancor\u0103 spiral\u0103 | Cre\u0219terea capacit\u0103\u021bii portante a pere\u021bilor, coloanelor, grinzilor, grinzilor, pl\u0103cilor, funda\u021biilor\" \/>\n<meta name=\"robots\" content=\"index, follow, max-snippet:-1, max-image-preview:large, max-video-preview:-1\" \/>\n<link rel=\"canonical\" href=\"https:\/\/www.pakery.pl\/ro\/produkt\/ancora-spirala-%e2%8c%808-mm\/\" \/>\n<meta property=\"og:locale\" content=\"ro_RO\" \/>\n<meta property=\"og:type\" content=\"article\" \/>\n<meta property=\"og:title\" content=\"Ancor\u0103 spiral\u0103 \u23008 mm l Ancor\u0103 spiral\u0103 pentru fisuri \u00een pere\u021bi\" \/>\n<meta property=\"og:description\" content=\"Ancor\u0103 de cr\u0103p\u0103tur\u0103 de perete | Ancor\u0103 spiral\u0103 | Cre\u0219terea capacit\u0103\u021bii portante a pere\u021bilor, coloanelor, grinzilor, grinzilor, pl\u0103cilor, funda\u021biilor\" \/>\n<meta property=\"og:url\" content=\"https:\/\/www.pakery.pl\/ro\/produkt\/ancora-spirala-%e2%8c%808-mm\/\" \/>\n<meta property=\"og:site_name\" content=\"PAKERY.PL\" \/>\n<meta property=\"article:modified_time\" content=\"2021-08-23T12:26:32+00:00\" \/>\n<meta property=\"og:image\" content=\"https:\/\/www.pakery.pl\/wp-content\/uploads\/2021\/05\/kotwy-zbiorcze-1024x1024.png\" \/>\n\t<meta property=\"og:image:width\" content=\"1024\" \/>\n\t<meta property=\"og:image:height\" content=\"1024\" \/>\n\t<meta property=\"og:image:type\" content=\"image\/png\" \/>\n<meta name=\"twitter:card\" content=\"summary_large_image\" \/>\n<meta name=\"twitter:label1\" content=\"Timp estimat pentru citire\" \/>\n\t<meta name=\"twitter:data1\" content=\"1 minut\" \/>\n<script type=\"application\/ld+json\" class=\"yoast-schema-graph\">{\"@context\":\"https:\\\/\\\/schema.org\",\"@graph\":[{\"@type\":\"WebPage\",\"@id\":\"https:\\\/\\\/www.pakery.pl\\\/ro\\\/produkt\\\/ancora-spirala-%e2%8c%808-mm\\\/\",\"url\":\"https:\\\/\\\/www.pakery.pl\\\/ro\\\/produkt\\\/ancora-spirala-%e2%8c%808-mm\\\/\",\"name\":\"Ancor\u0103 spiral\u0103 \u23008 mm l Ancor\u0103 spiral\u0103 pentru fisuri \u00een pere\u021bi\",\"isPartOf\":{\"@id\":\"https:\\\/\\\/www.pakery.pl\\\/ro\\\/#website\"},\"primaryImageOfPage\":{\"@id\":\"https:\\\/\\\/www.pakery.pl\\\/ro\\\/produkt\\\/ancora-spirala-%e2%8c%808-mm\\\/#primaryimage\"},\"image\":{\"@id\":\"https:\\\/\\\/www.pakery.pl\\\/ro\\\/produkt\\\/ancora-spirala-%e2%8c%808-mm\\\/#primaryimage\"},\"thumbnailUrl\":\"https:\\\/\\\/www.pakery.pl\\\/wp-content\\\/uploads\\\/2021\\\/05\\\/kotwy-zbiorcze.png\",\"datePublished\":\"2021-08-12T14:11:25+00:00\",\"dateModified\":\"2021-08-23T12:26:32+00:00\",\"description\":\"Ancor\u0103 de cr\u0103p\u0103tur\u0103 de perete | Ancor\u0103 spiral\u0103 | Cre\u0219terea capacit\u0103\u021bii portante a pere\u021bilor, coloanelor, grinzilor, grinzilor, pl\u0103cilor, funda\u021biilor\",\"breadcrumb\":{\"@id\":\"https:\\\/\\\/www.pakery.pl\\\/ro\\\/produkt\\\/ancora-spirala-%e2%8c%808-mm\\\/#breadcrumb\"},\"inLanguage\":\"ro-RO\",\"potentialAction\":[{\"@type\":\"ReadAction\",\"target\":[\"https:\\\/\\\/www.pakery.pl\\\/ro\\\/produkt\\\/ancora-spirala-%e2%8c%808-mm\\\/\"]}]},{\"@type\":\"ImageObject\",\"inLanguage\":\"ro-RO\",\"@id\":\"https:\\\/\\\/www.pakery.pl\\\/ro\\\/produkt\\\/ancora-spirala-%e2%8c%808-mm\\\/#primaryimage\",\"url\":\"https:\\\/\\\/www.pakery.pl\\\/wp-content\\\/uploads\\\/2021\\\/05\\\/kotwy-zbiorcze.png\",\"contentUrl\":\"https:\\\/\\\/www.pakery.pl\\\/wp-content\\\/uploads\\\/2021\\\/05\\\/kotwy-zbiorcze.png\",\"width\":2500,\"height\":2500},{\"@type\":\"BreadcrumbList\",\"@id\":\"https:\\\/\\\/www.pakery.pl\\\/ro\\\/produkt\\\/ancora-spirala-%e2%8c%808-mm\\\/#breadcrumb\",\"itemListElement\":[{\"@type\":\"ListItem\",\"position\":1,\"name\":\"Strona g\u0142\u00f3wna\",\"item\":\"https:\\\/\\\/www.pakery.pl\\\/ro\\\/\"},{\"@type\":\"ListItem\",\"position\":2,\"name\":\"Magazin\",\"item\":\"https:\\\/\\\/www.pakery.pl\\\/ro\\\/magazin\\\/\"},{\"@type\":\"ListItem\",\"position\":3,\"name\":\"Ancor\u0103 spiral\u0103 \u23008 mm\"}]},{\"@type\":\"WebSite\",\"@id\":\"https:\\\/\\\/www.pakery.pl\\\/ro\\\/#website\",\"url\":\"https:\\\/\\\/www.pakery.pl\\\/ro\\\/\",\"name\":\"Pakery.pl\",\"description\":\"Pakery iniekcyjne, Kotwy spiralne, Lance iniekcyjne, W\u0119\u017ce do iniekcji, Pompy iniekcyjne, Serwis pomp iniekcyjnych, Wynajem pomp do iniekcji\",\"publisher\":{\"@id\":\"https:\\\/\\\/www.pakery.pl\\\/ro\\\/#organization\"},\"potentialAction\":[{\"@type\":\"SearchAction\",\"target\":{\"@type\":\"EntryPoint\",\"urlTemplate\":\"https:\\\/\\\/www.pakery.pl\\\/ro\\\/?s={search_term_string}\"},\"query-input\":{\"@type\":\"PropertyValueSpecification\",\"valueRequired\":true,\"valueName\":\"search_term_string\"}}],\"inLanguage\":\"ro-RO\"},{\"@type\":\"Organization\",\"@id\":\"https:\\\/\\\/www.pakery.pl\\\/ro\\\/#organization\",\"name\":\"PAKERY.PL\",\"url\":\"https:\\\/\\\/www.pakery.pl\\\/ro\\\/\",\"logo\":{\"@type\":\"ImageObject\",\"inLanguage\":\"ro-RO\",\"@id\":\"https:\\\/\\\/www.pakery.pl\\\/ro\\\/#\\\/schema\\\/logo\\\/image\\\/\",\"url\":\"https:\\\/\\\/www.pakery.pl\\\/wp-content\\\/uploads\\\/2021\\\/04\\\/cropped-PAKERY-LOGO.png\",\"contentUrl\":\"https:\\\/\\\/www.pakery.pl\\\/wp-content\\\/uploads\\\/2021\\\/04\\\/cropped-PAKERY-LOGO.png\",\"width\":1529,\"height\":500,\"caption\":\"PAKERY.PL\"},\"image\":{\"@id\":\"https:\\\/\\\/www.pakery.pl\\\/ro\\\/#\\\/schema\\\/logo\\\/image\\\/\"}}]}<\/script>\n<!-- \/ Yoast SEO plugin. -->","yoast_head_json":{"title":"Ancor\u0103 spiral\u0103 \u23008 mm l Ancor\u0103 spiral\u0103 pentru fisuri \u00een pere\u021bi","description":"Ancor\u0103 de cr\u0103p\u0103tur\u0103 de perete | Ancor\u0103 spiral\u0103 | Cre\u0219terea capacit\u0103\u021bii portante a pere\u021bilor, coloanelor, grinzilor, grinzilor, pl\u0103cilor, funda\u021biilor","robots":{"index":"index","follow":"follow","max-snippet":"max-snippet:-1","max-image-preview":"max-image-preview:large","max-video-preview":"max-video-preview:-1"},"canonical":"https:\/\/www.pakery.pl\/ro\/produkt\/ancora-spirala-%e2%8c%808-mm\/","og_locale":"ro_RO","og_type":"article","og_title":"Ancor\u0103 spiral\u0103 \u23008 mm l Ancor\u0103 spiral\u0103 pentru fisuri \u00een pere\u021bi","og_description":"Ancor\u0103 de cr\u0103p\u0103tur\u0103 de perete | Ancor\u0103 spiral\u0103 | Cre\u0219terea capacit\u0103\u021bii portante a pere\u021bilor, coloanelor, grinzilor, grinzilor, pl\u0103cilor, funda\u021biilor","og_url":"https:\/\/www.pakery.pl\/ro\/produkt\/ancora-spirala-%e2%8c%808-mm\/","og_site_name":"PAKERY.PL","article_modified_time":"2021-08-23T12:26:32+00:00","og_image":[{"width":1024,"height":1024,"url":"https:\/\/www.pakery.pl\/wp-content\/uploads\/2021\/05\/kotwy-zbiorcze-1024x1024.png","type":"image\/png"}],"twitter_card":"summary_large_image","twitter_misc":{"Timp estimat pentru citire":"1 minut"},"schema":{"@context":"https:\/\/schema.org","@graph":[{"@type":"WebPage","@id":"https:\/\/www.pakery.pl\/ro\/produkt\/ancora-spirala-%e2%8c%808-mm\/","url":"https:\/\/www.pakery.pl\/ro\/produkt\/ancora-spirala-%e2%8c%808-mm\/","name":"Ancor\u0103 spiral\u0103 \u23008 mm l Ancor\u0103 spiral\u0103 pentru fisuri \u00een pere\u021bi","isPartOf":{"@id":"https:\/\/www.pakery.pl\/ro\/#website"},"primaryImageOfPage":{"@id":"https:\/\/www.pakery.pl\/ro\/produkt\/ancora-spirala-%e2%8c%808-mm\/#primaryimage"},"image":{"@id":"https:\/\/www.pakery.pl\/ro\/produkt\/ancora-spirala-%e2%8c%808-mm\/#primaryimage"},"thumbnailUrl":"https:\/\/www.pakery.pl\/wp-content\/uploads\/2021\/05\/kotwy-zbiorcze.png","datePublished":"2021-08-12T14:11:25+00:00","dateModified":"2021-08-23T12:26:32+00:00","description":"Ancor\u0103 de cr\u0103p\u0103tur\u0103 de perete | Ancor\u0103 spiral\u0103 | Cre\u0219terea capacit\u0103\u021bii portante a pere\u021bilor, coloanelor, grinzilor, grinzilor, pl\u0103cilor, funda\u021biilor","breadcrumb":{"@id":"https:\/\/www.pakery.pl\/ro\/produkt\/ancora-spirala-%e2%8c%808-mm\/#breadcrumb"},"inLanguage":"ro-RO","potentialAction":[{"@type":"ReadAction","target":["https:\/\/www.pakery.pl\/ro\/produkt\/ancora-spirala-%e2%8c%808-mm\/"]}]},{"@type":"ImageObject","inLanguage":"ro-RO","@id":"https:\/\/www.pakery.pl\/ro\/produkt\/ancora-spirala-%e2%8c%808-mm\/#primaryimage","url":"https:\/\/www.pakery.pl\/wp-content\/uploads\/2021\/05\/kotwy-zbiorcze.png","contentUrl":"https:\/\/www.pakery.pl\/wp-content\/uploads\/2021\/05\/kotwy-zbiorcze.png","width":2500,"height":2500},{"@type":"BreadcrumbList","@id":"https:\/\/www.pakery.pl\/ro\/produkt\/ancora-spirala-%e2%8c%808-mm\/#breadcrumb","itemListElement":[{"@type":"ListItem","position":1,"name":"Strona g\u0142\u00f3wna","item":"https:\/\/www.pakery.pl\/ro\/"},{"@type":"ListItem","position":2,"name":"Magazin","item":"https:\/\/www.pakery.pl\/ro\/magazin\/"},{"@type":"ListItem","position":3,"name":"Ancor\u0103 spiral\u0103 \u23008 mm"}]},{"@type":"WebSite","@id":"https:\/\/www.pakery.pl\/ro\/#website","url":"https:\/\/www.pakery.pl\/ro\/","name":"Pakery.pl","description":"Pakery iniekcyjne, Kotwy spiralne, Lance iniekcyjne, W\u0119\u017ce do iniekcji, Pompy iniekcyjne, Serwis pomp iniekcyjnych, Wynajem pomp do iniekcji","publisher":{"@id":"https:\/\/www.pakery.pl\/ro\/#organization"},"potentialAction":[{"@type":"SearchAction","target":{"@type":"EntryPoint","urlTemplate":"https:\/\/www.pakery.pl\/ro\/?s={search_term_string}"},"query-input":{"@type":"PropertyValueSpecification","valueRequired":true,"valueName":"search_term_string"}}],"inLanguage":"ro-RO"},{"@type":"Organization","@id":"https:\/\/www.pakery.pl\/ro\/#organization","name":"PAKERY.PL","url":"https:\/\/www.pakery.pl\/ro\/","logo":{"@type":"ImageObject","inLanguage":"ro-RO","@id":"https:\/\/www.pakery.pl\/ro\/#\/schema\/logo\/image\/","url":"https:\/\/www.pakery.pl\/wp-content\/uploads\/2021\/04\/cropped-PAKERY-LOGO.png","contentUrl":"https:\/\/www.pakery.pl\/wp-content\/uploads\/2021\/04\/cropped-PAKERY-LOGO.png","width":1529,"height":500,"caption":"PAKERY.PL"},"image":{"@id":"https:\/\/www.pakery.pl\/ro\/#\/schema\/logo\/image\/"}}]}},"_links":{"self":[{"href":"https:\/\/www.pakery.pl\/ro\/wp-json\/wp\/v2\/product\/31208","targetHints":{"allow":["GET"]}}],"collection":[{"href":"https:\/\/www.pakery.pl\/ro\/wp-json\/wp\/v2\/product"}],"about":[{"href":"https:\/\/www.pakery.pl\/ro\/wp-json\/wp\/v2\/types\/product"}],"version-history":[{"count":5,"href":"https:\/\/www.pakery.pl\/ro\/wp-json\/wp\/v2\/product\/31208\/revisions"}],"predecessor-version":[{"id":36386,"href":"https:\/\/www.pakery.pl\/ro\/wp-json\/wp\/v2\/product\/31208\/revisions\/36386"}],"wp:featuredmedia":[{"embeddable":true,"href":"https:\/\/www.pakery.pl\/ro\/wp-json\/wp\/v2\/media\/31174"}],"wp:attachment":[{"href":"https:\/\/www.pakery.pl\/ro\/wp-json\/wp\/v2\/media?parent=31208"}],"wp:term":[{"taxonomy":"product_brand","embeddable":true,"href":"https:\/\/www.pakery.pl\/ro\/wp-json\/wp\/v2\/product_brand?post=31208"},{"taxonomy":"product_cat","embeddable":true,"href":"https:\/\/www.pakery.pl\/ro\/wp-json\/wp\/v2\/product_cat?post=31208"},{"taxonomy":"product_tag","embeddable":true,"href":"https:\/\/www.pakery.pl\/ro\/wp-json\/wp\/v2\/product_tag?post=31208"}],"curies":[{"name":"wp","href":"https:\/\/api.w.org\/{rel}","templated":true}]}}