{"id":5579,"date":"2021-04-11T10:00:30","date_gmt":"2021-07-26T14:02:04","guid":{"rendered":"https:\/\/www.pakery.pl\/?post_type=product&#038;p=5579"},"modified":"2021-07-29T16:44:33","modified_gmt":"2021-07-29T14:44:33","slug":"paker-do-iniekcji-pi-p-12-15-84f","status":"publish","type":"product","link":"https:\/\/www.pakery.pl\/pl\/produkt\/paker-do-iniekcji-pi-p-12-15-84f\/","title":{"rendered":"Paker do iniekcji PI-P 12-15\/84F"},"content":{"rendered":"\t\t<div data-elementor-type=\"product-post\" data-elementor-id=\"5579\" class=\"elementor elementor-5579 elementor-1322\" data-elementor-post-type=\"product\">\n\t\t\t\t\t\t<section class=\"elementor-section elementor-top-section elementor-element elementor-element-9026008 elementor-section-full_width elementor-section-height-default elementor-section-height-default\" data-id=\"9026008\" data-element_type=\"section\" data-e-type=\"section\">\n\t\t\t\t\t\t<div class=\"elementor-container elementor-column-gap-default\">\n\t\t\t\t\t<div class=\"elementor-column elementor-col-100 elementor-top-column elementor-element elementor-element-0433e32\" data-id=\"0433e32\" data-element_type=\"column\" data-e-type=\"column\">\n\t\t\t<div class=\"elementor-widget-wrap elementor-element-populated\">\n\t\t\t\t\t\t<section class=\"elementor-section elementor-inner-section elementor-element elementor-element-8f46c97 elementor-section-full_width elementor-section-height-default elementor-section-height-default\" data-id=\"8f46c97\" data-element_type=\"section\" data-e-type=\"section\">\n\t\t\t\t\t\t<div class=\"elementor-container elementor-column-gap-default\">\n\t\t\t\t\t<div class=\"elementor-column elementor-col-50 elementor-inner-column elementor-element elementor-element-bec9393\" data-id=\"bec9393\" data-element_type=\"column\" data-e-type=\"column\">\n\t\t\t<div class=\"elementor-widget-wrap elementor-element-populated\">\n\t\t\t\t\t\t<div class=\"elementor-element elementor-element-a023ef8 elementor-widget elementor-widget-text-editor\" data-id=\"a023ef8\" data-element_type=\"widget\" data-e-type=\"widget\" data-widget_type=\"text-editor.default\">\n\t\t\t\t<div class=\"elementor-widget-container\">\n\t\t\t\t\t\t\t\t\t<ul><li><span style=\"color: #000000;\">materia\u0142: PLASTIK<\/span><\/li><li><span style=\"color: #000000;\">\u015brednica otworu iniekcyjnego: \u00d812-15<\/span><\/li><li><span style=\"color: #000000;\">d\u0142ugo\u015b\u0107: 84 mm<\/span><br \/><span style=\"color: #000000;\"><br \/>paker jest idealnie przystosowany do iniekcji przez jedn\u0105 osob\u0119<\/span><br \/><span style=\"color: #000000;\"><br \/>du\u017ca przepustowo\u015b\u0107 3,1 mm pozwala na iniekcj\u0119 zawiesiny cementowej<\/span><br \/><br \/><span style=\"color: #000000;\">Niew\u0105tpliw\u0105 zalet\u0105 tego pakera iniekcyjnego jest jego du\u017cy zakres \u015brednic. Optymalna \u015brednica otworu iniekcyjnego wynosi \u00d812 mm, ale mo\u017ce on r\u00f3wnie\u017c obs\u0142ugiwa\u0107 otwory o \u015brednicy do \u00d816 mm.<\/span><br \/><br \/><span style=\"color: #000000;\">Paker iniekcyjny z tworzywa sztucznego jest idealny do prac niskoci\u015bnieniowych (dla ci\u015bnie\u0144 poni\u017cej 60 BAR). Niskie ci\u015bnienie otwarcia zaworu grawitacyjnego ( 0 Bar). <\/span><br \/><br \/><span style=\"color: #000000;\">Pakery nadaj\u0105 si\u0119 do nasycania struktur, jak r\u00f3wnie\u017c do iniekcji kurtynowych. Idealne do iniekcji roztwor\u00f3w wodnych, krzemian\u00f3w. Iniektor posiada grawitacyjny zaw\u00f3r zwrotny. Bardzo atrakcyjna cena.<\/span><br \/><br \/><span style=\"color: #000000;\">P\u0142aska kalamitka, znacznie u\u0142atwia podawanie iniektu. Dzi\u0119ki p\u0142askiej nasadce mamy wolne r\u0119ce podczas iniekcji. Przydatne jest to przy iniekcjach z pomp\u0105 r\u0119czn\u0105 (nie potrzeba dodatkowej osoby do podtrzymywania poruszaj\u0105cego si\u0119 w\u0119\u017ca w linii prostej), lub przy iniekcjach gdzie pompujemy du\u017c\u0105 ilo\u015b\u0107 materia\u0142u przez jeden paker.<\/span><br \/><br \/><\/li><\/ul>\t\t\t\t\t\t\t\t<\/div>\n\t\t\t\t<\/div>\n\t\t\t\t\t<\/div>\n\t\t<\/div>\n\t\t\t\t<div class=\"elementor-column elementor-col-50 elementor-inner-column elementor-element elementor-element-6be5105\" data-id=\"6be5105\" data-element_type=\"column\" data-e-type=\"column\">\n\t\t\t<div class=\"elementor-widget-wrap elementor-element-populated\">\n\t\t\t\t\t\t<div class=\"elementor-element elementor-element-7a932f8 elementor-widget elementor-widget-image\" data-id=\"7a932f8\" data-element_type=\"widget\" data-e-type=\"widget\" data-widget_type=\"image.default\">\n\t\t\t\t<div class=\"elementor-widget-container\">\n\t\t\t\t\t\t\t\t\t\t\t\t\t\t\t<img fetchpriority=\"high\" decoding=\"async\" width=\"683\" height=\"683\" src=\"https:\/\/www.pakery.pl\/wp-content\/uploads\/2021\/04\/PL-P-12.png\" class=\"attachment-large size-large wp-image-1323\" alt=\"pakery do iniekcji\" srcset=\"https:\/\/www.pakery.pl\/wp-content\/uploads\/2021\/04\/PL-P-12.png 683w, https:\/\/www.pakery.pl\/wp-content\/uploads\/2021\/04\/PL-P-12-300x300.png 300w, https:\/\/www.pakery.pl\/wp-content\/uploads\/2021\/04\/PL-P-12-150x150.png 150w, https:\/\/www.pakery.pl\/wp-content\/uploads\/2021\/04\/PL-P-12-602x602.png 602w, https:\/\/www.pakery.pl\/wp-content\/uploads\/2021\/04\/PL-P-12-110x110.png 110w\" sizes=\"(max-width: 683px) 100vw, 683px\" \/>\t\t\t\t\t\t\t\t\t\t\t\t\t\t\t<\/div>\n\t\t\t\t<\/div>\n\t\t\t\t\t<\/div>\n\t\t<\/div>\n\t\t\t\t\t<\/div>\n\t\t<\/section>\n\t\t\t\t\t<\/div>\n\t\t<\/div>\n\t\t\t\t\t<\/div>\n\t\t<\/section>\n\t\t\t\t<section class=\"elementor-section elementor-top-section elementor-element elementor-element-e81b930 elementor-section-full_width elementor-section-height-default elementor-section-height-default\" data-id=\"e81b930\" data-element_type=\"section\" data-e-type=\"section\">\n\t\t\t\t\t\t<div class=\"elementor-container elementor-column-gap-default\">\n\t\t\t\t\t<div class=\"elementor-column elementor-col-50 elementor-top-column elementor-element elementor-element-b56c147\" data-id=\"b56c147\" data-element_type=\"column\" data-e-type=\"column\">\n\t\t\t<div class=\"elementor-widget-wrap elementor-element-populated\">\n\t\t\t\t\t\t<div class=\"elementor-element elementor-element-104e7bc elementor-widget elementor-widget-image\" data-id=\"104e7bc\" data-element_type=\"widget\" data-e-type=\"widget\" data-widget_type=\"image.default\">\n\t\t\t\t<div class=\"elementor-widget-container\">\n\t\t\t\t\t\t\t\t\t\t\t\t\t\t\t<img decoding=\"async\" width=\"242\" height=\"300\" src=\"https:\/\/www.pakery.pl\/wp-content\/uploads\/2021\/04\/IMG_2267-242x300.jpg\" class=\"attachment-medium size-medium wp-image-3383\" alt=\"\" srcset=\"https:\/\/www.pakery.pl\/wp-content\/uploads\/2021\/04\/IMG_2267-242x300.jpg 242w, https:\/\/www.pakery.pl\/wp-content\/uploads\/2021\/04\/IMG_2267-827x1024.jpg 827w, https:\/\/www.pakery.pl\/wp-content\/uploads\/2021\/04\/IMG_2267-768x951.jpg 768w, https:\/\/www.pakery.pl\/wp-content\/uploads\/2021\/04\/IMG_2267-1240x1536.jpg 1240w, https:\/\/www.pakery.pl\/wp-content\/uploads\/2021\/04\/IMG_2267-1654x2048.jpg 1654w, https:\/\/www.pakery.pl\/wp-content\/uploads\/2021\/04\/IMG_2267-683x846.jpg 683w, https:\/\/www.pakery.pl\/wp-content\/uploads\/2021\/04\/IMG_2267-552x683.jpg 552w, https:\/\/www.pakery.pl\/wp-content\/uploads\/2021\/04\/IMG_2267.jpg 1800w\" sizes=\"(max-width: 242px) 100vw, 242px\" \/>\t\t\t\t\t\t\t\t\t\t\t\t\t\t\t<\/div>\n\t\t\t\t<\/div>\n\t\t\t\t\t<\/div>\n\t\t<\/div>\n\t\t\t\t<div class=\"elementor-column elementor-col-50 elementor-top-column elementor-element elementor-element-6c81eeb\" data-id=\"6c81eeb\" data-element_type=\"column\" data-e-type=\"column\">\n\t\t\t<div class=\"elementor-widget-wrap elementor-element-populated\">\n\t\t\t\t\t\t<div class=\"elementor-element elementor-element-00207ed elementor-widget elementor-widget-text-editor\" data-id=\"00207ed\" data-element_type=\"widget\" data-e-type=\"widget\" data-widget_type=\"text-editor.default\">\n\t\t\t\t<div class=\"elementor-widget-container\">\n\t\t\t\t\t\t\t\t\t<p><span style=\"color: #000000;\"><strong>MONTA\u017b PAKERA:<\/strong><\/span><\/p><p><span style=\"color: #000000;\">Paker nale\u017cy umie\u015bci\u0107 w otworze iniekcyjnym i stuka\u0107 w niego gumowym m\u0142otkiem lub narz\u0119dziem udarowym z w\u0142\u0105czonym udarem, a\u017c do wyczuwalnego oporu.<\/span><\/p><p><span style=\"color: #000000;\">Po zako\u0144czeniu nale\u017cy wyj\u0105\u0107 paker za pomoc\u0105 \u0142omu.<\/span><\/p>\t\t\t\t\t\t\t\t<\/div>\n\t\t\t\t<\/div>\n\t\t\t\t\t<\/div>\n\t\t<\/div>\n\t\t\t\t\t<\/div>\n\t\t<\/section>\n\t\t\t\t<\/div>\n\t\t","protected":false},"excerpt":{"rendered":"<p>materia\u0142: PLASTIK \u015brednica otworu iniekcyjnego: \u00d812-15 d\u0142ugo\u015b\u0107: 84 mmpaker jest idealnie przystosowany do iniekcji przez jedn\u0105 osob\u0119du\u017ca przepustowo\u015b\u0107 3,1 mm pozwala na iniekcj\u0119 zawiesiny cementowejNiew\u0105tpliw\u0105 zalet\u0105 tego pakera iniekcyjnego jest jego du\u017cy zakres \u015brednic. Optymalna \u015brednica otworu iniekcyjnego wynosi \u00d812 mm, ale mo\u017ce on r\u00f3wnie\u017c obs\u0142ugiwa\u0107 otwory o \u015brednicy do \u00d816 mm. Paker iniekcyjny z [&hellip;]<\/p>\n","protected":false},"featured_media":1323,"template":"","meta":{"_acf_changed":false},"product_brand":[],"product_cat":[27,43],"product_tag":[],"class_list":{"0":"post-5579","1":"product","2":"type-product","3":"status-publish","4":"has-post-thumbnail","6":"product_cat-pakery-iniekcyjne-pakery-do-iniekcji","7":"product_cat-pakery-plastikowe","9":"first","10":"instock","11":"taxable","12":"shipping-taxable","13":"purchasable","14":"product-type-simple"},"acf":[],"yoast_head":"<!-- This site is optimized with the Yoast SEO plugin v27.3 - https:\/\/yoast.com\/product\/yoast-seo-wordpress\/ -->\n<title>Paker do iniekcji PI-P 12-15\/84F - PAKERY.PL<\/title>\n<meta name=\"description\" content=\"Paker do iniekcji PI-P 12-15\/84F | Hammpack\" \/>\n<meta name=\"robots\" content=\"index, follow, max-snippet:-1, max-image-preview:large, max-video-preview:-1\" \/>\n<link rel=\"canonical\" href=\"https:\/\/www.pakery.pl\/pl\/produkt\/paker-do-iniekcji-pi-p-12-15-84f\/\" \/>\n<meta property=\"og:locale\" content=\"pl_PL\" \/>\n<meta property=\"og:type\" content=\"article\" \/>\n<meta property=\"og:title\" content=\"Paker do iniekcji PI-P 12-15\/84F - PAKERY.PL\" \/>\n<meta property=\"og:description\" content=\"Paker do iniekcji PI-P 12-15\/84F | Hammpack\" \/>\n<meta property=\"og:url\" content=\"https:\/\/www.pakery.pl\/pl\/produkt\/paker-do-iniekcji-pi-p-12-15-84f\/\" \/>\n<meta property=\"og:site_name\" content=\"PAKERY.PL\" \/>\n<meta property=\"article:modified_time\" content=\"2021-07-29T14:44:33+00:00\" \/>\n<meta property=\"og:image\" content=\"https:\/\/www.pakery.pl\/wp-content\/uploads\/2021\/04\/PL-P-12.png\" \/>\n\t<meta property=\"og:image:width\" content=\"683\" \/>\n\t<meta property=\"og:image:height\" content=\"683\" \/>\n\t<meta property=\"og:image:type\" content=\"image\/png\" \/>\n<meta name=\"twitter:card\" content=\"summary_large_image\" \/>\n<meta name=\"twitter:label1\" content=\"Szacowany czas czytania\" \/>\n\t<meta name=\"twitter:data1\" content=\"2 minuty\" \/>\n<script type=\"application\/ld+json\" class=\"yoast-schema-graph\">{\"@context\":\"https:\\\/\\\/schema.org\",\"@graph\":[{\"@type\":\"WebPage\",\"@id\":\"https:\\\/\\\/www.pakery.pl\\\/pl\\\/produkt\\\/paker-do-iniekcji-pi-p-12-15-84f\\\/\",\"url\":\"https:\\\/\\\/www.pakery.pl\\\/pl\\\/produkt\\\/paker-do-iniekcji-pi-p-12-15-84f\\\/\",\"name\":\"Paker do iniekcji PI-P 12-15\\\/84F - PAKERY.PL\",\"isPartOf\":{\"@id\":\"https:\\\/\\\/www.pakery.pl\\\/pl\\\/#website\"},\"primaryImageOfPage\":{\"@id\":\"https:\\\/\\\/www.pakery.pl\\\/pl\\\/produkt\\\/paker-do-iniekcji-pi-p-12-15-84f\\\/#primaryimage\"},\"image\":{\"@id\":\"https:\\\/\\\/www.pakery.pl\\\/pl\\\/produkt\\\/paker-do-iniekcji-pi-p-12-15-84f\\\/#primaryimage\"},\"thumbnailUrl\":\"https:\\\/\\\/www.pakery.pl\\\/wp-content\\\/uploads\\\/2021\\\/04\\\/PL-P-12.png\",\"datePublished\":\"2021-07-26T14:02:04+00:00\",\"dateModified\":\"2021-07-29T14:44:33+00:00\",\"description\":\"Paker do iniekcji PI-P 12-15\\\/84F | Hammpack\",\"breadcrumb\":{\"@id\":\"https:\\\/\\\/www.pakery.pl\\\/pl\\\/produkt\\\/paker-do-iniekcji-pi-p-12-15-84f\\\/#breadcrumb\"},\"inLanguage\":\"pl-PL\",\"potentialAction\":[{\"@type\":\"ReadAction\",\"target\":[\"https:\\\/\\\/www.pakery.pl\\\/pl\\\/produkt\\\/paker-do-iniekcji-pi-p-12-15-84f\\\/\"]}]},{\"@type\":\"ImageObject\",\"inLanguage\":\"pl-PL\",\"@id\":\"https:\\\/\\\/www.pakery.pl\\\/pl\\\/produkt\\\/paker-do-iniekcji-pi-p-12-15-84f\\\/#primaryimage\",\"url\":\"https:\\\/\\\/www.pakery.pl\\\/wp-content\\\/uploads\\\/2021\\\/04\\\/PL-P-12.png\",\"contentUrl\":\"https:\\\/\\\/www.pakery.pl\\\/wp-content\\\/uploads\\\/2021\\\/04\\\/PL-P-12.png\",\"width\":683,\"height\":683,\"caption\":\"pakery do iniekcji\"},{\"@type\":\"BreadcrumbList\",\"@id\":\"https:\\\/\\\/www.pakery.pl\\\/pl\\\/produkt\\\/paker-do-iniekcji-pi-p-12-15-84f\\\/#breadcrumb\",\"itemListElement\":[{\"@type\":\"ListItem\",\"position\":1,\"name\":\"Strona g\u0142\u00f3wna\",\"item\":\"https:\\\/\\\/www.pakery.pl\\\/pl\\\/\"},{\"@type\":\"ListItem\",\"position\":2,\"name\":\"Sklep\",\"item\":\"https:\\\/\\\/www.pakery.pl\\\/pl\\\/sklep\\\/\"},{\"@type\":\"ListItem\",\"position\":3,\"name\":\"Paker do iniekcji PI-P 12-15\\\/84F\"}]},{\"@type\":\"WebSite\",\"@id\":\"https:\\\/\\\/www.pakery.pl\\\/pl\\\/#website\",\"url\":\"https:\\\/\\\/www.pakery.pl\\\/pl\\\/\",\"name\":\"Pakery.pl\",\"description\":\"Pakery iniekcyjne, Kotwy spiralne, Lance iniekcyjne, W\u0119\u017ce do iniekcji, Pompy iniekcyjne, Serwis pomp iniekcyjnych, Wynajem pomp do iniekcji\",\"publisher\":{\"@id\":\"https:\\\/\\\/www.pakery.pl\\\/pl\\\/#organization\"},\"potentialAction\":[{\"@type\":\"SearchAction\",\"target\":{\"@type\":\"EntryPoint\",\"urlTemplate\":\"https:\\\/\\\/www.pakery.pl\\\/pl\\\/?s={search_term_string}\"},\"query-input\":{\"@type\":\"PropertyValueSpecification\",\"valueRequired\":true,\"valueName\":\"search_term_string\"}}],\"inLanguage\":\"pl-PL\"},{\"@type\":\"Organization\",\"@id\":\"https:\\\/\\\/www.pakery.pl\\\/pl\\\/#organization\",\"name\":\"PAKERY.PL\",\"url\":\"https:\\\/\\\/www.pakery.pl\\\/pl\\\/\",\"logo\":{\"@type\":\"ImageObject\",\"inLanguage\":\"pl-PL\",\"@id\":\"https:\\\/\\\/www.pakery.pl\\\/pl\\\/#\\\/schema\\\/logo\\\/image\\\/\",\"url\":\"https:\\\/\\\/www.pakery.pl\\\/wp-content\\\/uploads\\\/2021\\\/04\\\/cropped-PAKERY-LOGO.png\",\"contentUrl\":\"https:\\\/\\\/www.pakery.pl\\\/wp-content\\\/uploads\\\/2021\\\/04\\\/cropped-PAKERY-LOGO.png\",\"width\":1529,\"height\":500,\"caption\":\"PAKERY.PL\"},\"image\":{\"@id\":\"https:\\\/\\\/www.pakery.pl\\\/pl\\\/#\\\/schema\\\/logo\\\/image\\\/\"}}]}<\/script>\n<!-- \/ Yoast SEO plugin. -->","yoast_head_json":{"title":"Paker do iniekcji PI-P 12-15\/84F - PAKERY.PL","description":"Paker do iniekcji PI-P 12-15\/84F | Hammpack","robots":{"index":"index","follow":"follow","max-snippet":"max-snippet:-1","max-image-preview":"max-image-preview:large","max-video-preview":"max-video-preview:-1"},"canonical":"https:\/\/www.pakery.pl\/pl\/produkt\/paker-do-iniekcji-pi-p-12-15-84f\/","og_locale":"pl_PL","og_type":"article","og_title":"Paker do iniekcji PI-P 12-15\/84F - PAKERY.PL","og_description":"Paker do iniekcji PI-P 12-15\/84F | Hammpack","og_url":"https:\/\/www.pakery.pl\/pl\/produkt\/paker-do-iniekcji-pi-p-12-15-84f\/","og_site_name":"PAKERY.PL","article_modified_time":"2021-07-29T14:44:33+00:00","og_image":[{"width":683,"height":683,"url":"https:\/\/www.pakery.pl\/wp-content\/uploads\/2021\/04\/PL-P-12.png","type":"image\/png"}],"twitter_card":"summary_large_image","twitter_misc":{"Szacowany czas czytania":"2 minuty"},"schema":{"@context":"https:\/\/schema.org","@graph":[{"@type":"WebPage","@id":"https:\/\/www.pakery.pl\/pl\/produkt\/paker-do-iniekcji-pi-p-12-15-84f\/","url":"https:\/\/www.pakery.pl\/pl\/produkt\/paker-do-iniekcji-pi-p-12-15-84f\/","name":"Paker do iniekcji PI-P 12-15\/84F - PAKERY.PL","isPartOf":{"@id":"https:\/\/www.pakery.pl\/pl\/#website"},"primaryImageOfPage":{"@id":"https:\/\/www.pakery.pl\/pl\/produkt\/paker-do-iniekcji-pi-p-12-15-84f\/#primaryimage"},"image":{"@id":"https:\/\/www.pakery.pl\/pl\/produkt\/paker-do-iniekcji-pi-p-12-15-84f\/#primaryimage"},"thumbnailUrl":"https:\/\/www.pakery.pl\/wp-content\/uploads\/2021\/04\/PL-P-12.png","datePublished":"2021-07-26T14:02:04+00:00","dateModified":"2021-07-29T14:44:33+00:00","description":"Paker do iniekcji PI-P 12-15\/84F | Hammpack","breadcrumb":{"@id":"https:\/\/www.pakery.pl\/pl\/produkt\/paker-do-iniekcji-pi-p-12-15-84f\/#breadcrumb"},"inLanguage":"pl-PL","potentialAction":[{"@type":"ReadAction","target":["https:\/\/www.pakery.pl\/pl\/produkt\/paker-do-iniekcji-pi-p-12-15-84f\/"]}]},{"@type":"ImageObject","inLanguage":"pl-PL","@id":"https:\/\/www.pakery.pl\/pl\/produkt\/paker-do-iniekcji-pi-p-12-15-84f\/#primaryimage","url":"https:\/\/www.pakery.pl\/wp-content\/uploads\/2021\/04\/PL-P-12.png","contentUrl":"https:\/\/www.pakery.pl\/wp-content\/uploads\/2021\/04\/PL-P-12.png","width":683,"height":683,"caption":"pakery do iniekcji"},{"@type":"BreadcrumbList","@id":"https:\/\/www.pakery.pl\/pl\/produkt\/paker-do-iniekcji-pi-p-12-15-84f\/#breadcrumb","itemListElement":[{"@type":"ListItem","position":1,"name":"Strona g\u0142\u00f3wna","item":"https:\/\/www.pakery.pl\/pl\/"},{"@type":"ListItem","position":2,"name":"Sklep","item":"https:\/\/www.pakery.pl\/pl\/sklep\/"},{"@type":"ListItem","position":3,"name":"Paker do iniekcji PI-P 12-15\/84F"}]},{"@type":"WebSite","@id":"https:\/\/www.pakery.pl\/pl\/#website","url":"https:\/\/www.pakery.pl\/pl\/","name":"Pakery.pl","description":"Pakery iniekcyjne, Kotwy spiralne, Lance iniekcyjne, W\u0119\u017ce do iniekcji, Pompy iniekcyjne, Serwis pomp iniekcyjnych, Wynajem pomp do iniekcji","publisher":{"@id":"https:\/\/www.pakery.pl\/pl\/#organization"},"potentialAction":[{"@type":"SearchAction","target":{"@type":"EntryPoint","urlTemplate":"https:\/\/www.pakery.pl\/pl\/?s={search_term_string}"},"query-input":{"@type":"PropertyValueSpecification","valueRequired":true,"valueName":"search_term_string"}}],"inLanguage":"pl-PL"},{"@type":"Organization","@id":"https:\/\/www.pakery.pl\/pl\/#organization","name":"PAKERY.PL","url":"https:\/\/www.pakery.pl\/pl\/","logo":{"@type":"ImageObject","inLanguage":"pl-PL","@id":"https:\/\/www.pakery.pl\/pl\/#\/schema\/logo\/image\/","url":"https:\/\/www.pakery.pl\/wp-content\/uploads\/2021\/04\/cropped-PAKERY-LOGO.png","contentUrl":"https:\/\/www.pakery.pl\/wp-content\/uploads\/2021\/04\/cropped-PAKERY-LOGO.png","width":1529,"height":500,"caption":"PAKERY.PL"},"image":{"@id":"https:\/\/www.pakery.pl\/pl\/#\/schema\/logo\/image\/"}}]}},"_links":{"self":[{"href":"https:\/\/www.pakery.pl\/pl\/wp-json\/wp\/v2\/product\/5579","targetHints":{"allow":["GET"]}}],"collection":[{"href":"https:\/\/www.pakery.pl\/pl\/wp-json\/wp\/v2\/product"}],"about":[{"href":"https:\/\/www.pakery.pl\/pl\/wp-json\/wp\/v2\/types\/product"}],"version-history":[{"count":5,"href":"https:\/\/www.pakery.pl\/pl\/wp-json\/wp\/v2\/product\/5579\/revisions"}],"predecessor-version":[{"id":6349,"href":"https:\/\/www.pakery.pl\/pl\/wp-json\/wp\/v2\/product\/5579\/revisions\/6349"}],"wp:featuredmedia":[{"embeddable":true,"href":"https:\/\/www.pakery.pl\/pl\/wp-json\/wp\/v2\/media\/1323"}],"wp:attachment":[{"href":"https:\/\/www.pakery.pl\/pl\/wp-json\/wp\/v2\/media?parent=5579"}],"wp:term":[{"taxonomy":"product_brand","embeddable":true,"href":"https:\/\/www.pakery.pl\/pl\/wp-json\/wp\/v2\/product_brand?post=5579"},{"taxonomy":"product_cat","embeddable":true,"href":"https:\/\/www.pakery.pl\/pl\/wp-json\/wp\/v2\/product_cat?post=5579"},{"taxonomy":"product_tag","embeddable":true,"href":"https:\/\/www.pakery.pl\/pl\/wp-json\/wp\/v2\/product_tag?post=5579"}],"curies":[{"name":"wp","href":"https:\/\/api.w.org\/{rel}","templated":true}]}}