{"id":48718,"date":"2025-05-12T07:35:50","date_gmt":"2025-05-12T05:35:50","guid":{"rendered":"https:\/\/www.pakery.pl\/?post_type=product&#038;p=48718"},"modified":"2025-12-02T11:10:52","modified_gmt":"2025-12-02T10:10:52","slug":"paker-do-iniekcji-pi-spm-13-200","status":"publish","type":"product","link":"https:\/\/www.pakery.pl\/pl\/produkt\/paker-do-iniekcji-pi-spm-13-200\/","title":{"rendered":"Paker do iniekcji PI-SPM 13\/200"},"content":{"rendered":"<p data-start=\"68\" data-end=\"399\"><span style=\"color: #000000;\"><strong data-start=\"68\" data-end=\"134\">PI-SPM \u2013 nasz flagowy model paker\u00f3w z serii Professional Line.<\/strong><\/span><\/p>\n<p data-start=\"68\" data-end=\"399\"><span style=\"color: #000000;\">To iniektor, kt\u00f3ry od lat cieszy si\u0119 uznaniem dzi\u0119ki swojej wysokiej szczelno\u015bci oraz pewnemu kotwieniu w pod\u0142o\u017cu. Sprawdza si\u0119 w ka\u017cdym rodzaju iniekcji \u2013 zar\u00f3wno wysokoci\u015bnieniowej, jak i niskoci\u015bnieniowej \u2013 zapewniaj\u0105c stabiln\u0105 prac\u0119 i bezpiecze\u0144stwo procesu.<\/span><\/p>\n<p data-start=\"401\" data-end=\"507\"><span style=\"color: #000000;\">Specjalistyczne kalamitki gwarantuj\u0105 idealne trzymanie ci\u015bnienia wstecznego, eliminuj\u0105c ryzyko przeciek\u00f3w.<\/span><\/p>\n<p data-start=\"509\" data-end=\"555\"><span style=\"color: #000000;\">Pakery oferujemy w czterech wariantach kalamitek:<\/span><\/p>\n<ul data-start=\"557\" data-end=\"815\">\n<li data-start=\"557\" data-end=\"686\">\n<p data-start=\"559\" data-end=\"686\"><span style=\"color: #000000;\"><strong data-start=\"559\" data-end=\"576\">Kalamitka SWG<\/strong> \u2013 wkr\u0119cana mechanicznie z u\u017cyciem kleju anaerobowego, co zapewnia trwa\u0142e i szczelne po\u0142\u0105czenie gwintu M6x1.<\/span><\/p>\n<\/li>\n<li data-start=\"687\" data-end=\"815\">\n<p data-start=\"689\" data-end=\"815\"><span style=\"color: #000000;\"><strong data-start=\"689\" data-end=\"706\">Kalamitka PRE<\/strong> \u2013 z fabrycznie na\u0142o\u017con\u0105 pow\u0142ok\u0105 uszczelniaj\u0105c\u0105, kt\u00f3ra daje natychmiastow\u0105 szczelno\u015b\u0107 ju\u017c w momencie monta\u017cu.<\/span><\/p>\n<\/li>\n<li data-start=\"557\" data-end=\"686\">\n<p data-start=\"559\" data-end=\"686\"><span style=\"color: #000000;\"><strong>Kalamitka FWG<\/strong> \u2013 p\u0142aska smarowniczka, wkr\u0119cana mechanicznie z u\u017cyciem kleju anaerobowego, co zapewnia trwa\u0142e i szczelne po\u0142\u0105czenie gwintu M6x1.<\/span><\/p>\n<\/li>\n<li data-start=\"687\" data-end=\"815\">\n<p data-start=\"689\" data-end=\"815\"><span style=\"color: #000000;\"><strong>Kalamitka FPRE<\/strong> \u2013p\u0142aska smarowniczka \u00a0z fabrycznie na\u0142o\u017con\u0105 pow\u0142ok\u0105 uszczelniaj\u0105c\u0105, kt\u00f3ra daje natychmiastow\u0105 szczelno\u015b\u0107 ju\u017c w momencie monta\u017cu.<\/span><\/p>\n<\/li>\n<\/ul>\n<p data-start=\"817\" data-end=\"955\"><span style=\"color: #000000;\">To niezawodne rozwi\u0105zanie dla profesjonalist\u00f3w, poszukuj\u0105cych solidnego pakera o potwierdzonej jako\u015bci i uniwersalnym zastosowaniu.<\/span><\/p>\n","protected":false},"excerpt":{"rendered":"<p>PI-SPM \u2013 nasz flagowy model paker\u00f3w z serii Professional Line. To iniektor, kt\u00f3ry od lat cieszy si\u0119 uznaniem dzi\u0119ki swojej wysokiej szczelno\u015bci oraz pewnemu kotwieniu w pod\u0142o\u017cu. Sprawdza si\u0119 w ka\u017cdym rodzaju iniekcji \u2013 zar\u00f3wno wysokoci\u015bnieniowej, jak i niskoci\u015bnieniowej \u2013 zapewniaj\u0105c stabiln\u0105 prac\u0119 i bezpiecze\u0144stwo procesu. Specjalistyczne kalamitki gwarantuj\u0105 idealne trzymanie ci\u015bnienia wstecznego, eliminuj\u0105c ryzyko [&hellip;]<\/p>\n","protected":false},"featured_media":48719,"template":"","meta":{"_acf_changed":false},"product_brand":[],"product_cat":[36],"product_tag":[],"class_list":{"0":"post-48718","1":"product","2":"type-product","3":"status-publish","4":"has-post-thumbnail","6":"product_cat-pakery-stalowe","8":"first","9":"instock","10":"taxable","11":"shipping-taxable","12":"product-type-simple"},"acf":[],"yoast_head":"<!-- This site is optimized with the Yoast SEO plugin v27.3 - https:\/\/yoast.com\/product\/yoast-seo-wordpress\/ -->\n<title>Paker do iniekcji PI-SPM 13\/200 - PAKERY.PL<\/title>\n<meta name=\"robots\" content=\"index, follow, max-snippet:-1, max-image-preview:large, max-video-preview:-1\" \/>\n<link rel=\"canonical\" href=\"https:\/\/www.pakery.pl\/pl\/produkt\/paker-do-iniekcji-pi-spm-13-200\/\" \/>\n<meta property=\"og:locale\" content=\"pl_PL\" \/>\n<meta property=\"og:type\" content=\"article\" \/>\n<meta property=\"og:title\" content=\"Paker do iniekcji PI-SPM 13\/200 - PAKERY.PL\" \/>\n<meta property=\"og:description\" content=\"PI-SPM \u2013 nasz flagowy model paker\u00f3w z serii Professional Line. To iniektor, kt\u00f3ry od lat cieszy si\u0119 uznaniem dzi\u0119ki swojej wysokiej szczelno\u015bci oraz pewnemu kotwieniu w pod\u0142o\u017cu. Sprawdza si\u0119 w ka\u017cdym rodzaju iniekcji \u2013 zar\u00f3wno wysokoci\u015bnieniowej, jak i niskoci\u015bnieniowej \u2013 zapewniaj\u0105c stabiln\u0105 prac\u0119 i bezpiecze\u0144stwo procesu. Specjalistyczne kalamitki gwarantuj\u0105 idealne trzymanie ci\u015bnienia wstecznego, eliminuj\u0105c ryzyko [&hellip;]\" \/>\n<meta property=\"og:url\" content=\"https:\/\/www.pakery.pl\/pl\/produkt\/paker-do-iniekcji-pi-spm-13-200\/\" \/>\n<meta property=\"og:site_name\" content=\"PAKERY.PL\" \/>\n<meta property=\"article:modified_time\" content=\"2025-12-02T10:10:52+00:00\" \/>\n<meta property=\"og:image\" content=\"https:\/\/www.pakery.pl\/wp-content\/uploads\/2025\/05\/PI-SPM-13200-ikona.png\" \/>\n\t<meta property=\"og:image:width\" content=\"683\" \/>\n\t<meta property=\"og:image:height\" content=\"683\" \/>\n\t<meta property=\"og:image:type\" content=\"image\/png\" \/>\n<meta name=\"twitter:card\" content=\"summary_large_image\" \/>\n<meta name=\"twitter:label1\" content=\"Szacowany czas czytania\" \/>\n\t<meta name=\"twitter:data1\" content=\"1 minuta\" \/>\n<script type=\"application\/ld+json\" class=\"yoast-schema-graph\">{\"@context\":\"https:\\\/\\\/schema.org\",\"@graph\":[{\"@type\":\"WebPage\",\"@id\":\"https:\\\/\\\/www.pakery.pl\\\/pl\\\/produkt\\\/paker-do-iniekcji-pi-spm-13-200\\\/\",\"url\":\"https:\\\/\\\/www.pakery.pl\\\/pl\\\/produkt\\\/paker-do-iniekcji-pi-spm-13-200\\\/\",\"name\":\"Paker do iniekcji PI-SPM 13\\\/200 - PAKERY.PL\",\"isPartOf\":{\"@id\":\"https:\\\/\\\/www.pakery.pl\\\/pl\\\/#website\"},\"primaryImageOfPage\":{\"@id\":\"https:\\\/\\\/www.pakery.pl\\\/pl\\\/produkt\\\/paker-do-iniekcji-pi-spm-13-200\\\/#primaryimage\"},\"image\":{\"@id\":\"https:\\\/\\\/www.pakery.pl\\\/pl\\\/produkt\\\/paker-do-iniekcji-pi-spm-13-200\\\/#primaryimage\"},\"thumbnailUrl\":\"https:\\\/\\\/www.pakery.pl\\\/wp-content\\\/uploads\\\/2025\\\/05\\\/PI-SPM-13200-ikona.png\",\"datePublished\":\"2025-05-12T05:35:50+00:00\",\"dateModified\":\"2025-12-02T10:10:52+00:00\",\"breadcrumb\":{\"@id\":\"https:\\\/\\\/www.pakery.pl\\\/pl\\\/produkt\\\/paker-do-iniekcji-pi-spm-13-200\\\/#breadcrumb\"},\"inLanguage\":\"pl-PL\",\"potentialAction\":[{\"@type\":\"ReadAction\",\"target\":[\"https:\\\/\\\/www.pakery.pl\\\/pl\\\/produkt\\\/paker-do-iniekcji-pi-spm-13-200\\\/\"]}]},{\"@type\":\"ImageObject\",\"inLanguage\":\"pl-PL\",\"@id\":\"https:\\\/\\\/www.pakery.pl\\\/pl\\\/produkt\\\/paker-do-iniekcji-pi-spm-13-200\\\/#primaryimage\",\"url\":\"https:\\\/\\\/www.pakery.pl\\\/wp-content\\\/uploads\\\/2025\\\/05\\\/PI-SPM-13200-ikona.png\",\"contentUrl\":\"https:\\\/\\\/www.pakery.pl\\\/wp-content\\\/uploads\\\/2025\\\/05\\\/PI-SPM-13200-ikona.png\",\"width\":683,\"height\":683},{\"@type\":\"BreadcrumbList\",\"@id\":\"https:\\\/\\\/www.pakery.pl\\\/pl\\\/produkt\\\/paker-do-iniekcji-pi-spm-13-200\\\/#breadcrumb\",\"itemListElement\":[{\"@type\":\"ListItem\",\"position\":1,\"name\":\"Strona g\u0142\u00f3wna\",\"item\":\"https:\\\/\\\/www.pakery.pl\\\/pl\\\/\"},{\"@type\":\"ListItem\",\"position\":2,\"name\":\"Sklep\",\"item\":\"https:\\\/\\\/www.pakery.pl\\\/pl\\\/sklep\\\/\"},{\"@type\":\"ListItem\",\"position\":3,\"name\":\"Paker do iniekcji PI-SPM 13\\\/200\"}]},{\"@type\":\"WebSite\",\"@id\":\"https:\\\/\\\/www.pakery.pl\\\/pl\\\/#website\",\"url\":\"https:\\\/\\\/www.pakery.pl\\\/pl\\\/\",\"name\":\"Pakery.pl\",\"description\":\"Pakery iniekcyjne, Kotwy spiralne, Lance iniekcyjne, W\u0119\u017ce do iniekcji, Pompy iniekcyjne, Serwis pomp iniekcyjnych, Wynajem pomp do iniekcji\",\"publisher\":{\"@id\":\"https:\\\/\\\/www.pakery.pl\\\/pl\\\/#organization\"},\"potentialAction\":[{\"@type\":\"SearchAction\",\"target\":{\"@type\":\"EntryPoint\",\"urlTemplate\":\"https:\\\/\\\/www.pakery.pl\\\/pl\\\/?s={search_term_string}\"},\"query-input\":{\"@type\":\"PropertyValueSpecification\",\"valueRequired\":true,\"valueName\":\"search_term_string\"}}],\"inLanguage\":\"pl-PL\"},{\"@type\":\"Organization\",\"@id\":\"https:\\\/\\\/www.pakery.pl\\\/pl\\\/#organization\",\"name\":\"PAKERY.PL\",\"url\":\"https:\\\/\\\/www.pakery.pl\\\/pl\\\/\",\"logo\":{\"@type\":\"ImageObject\",\"inLanguage\":\"pl-PL\",\"@id\":\"https:\\\/\\\/www.pakery.pl\\\/pl\\\/#\\\/schema\\\/logo\\\/image\\\/\",\"url\":\"https:\\\/\\\/www.pakery.pl\\\/wp-content\\\/uploads\\\/2021\\\/04\\\/cropped-PAKERY-LOGO.png\",\"contentUrl\":\"https:\\\/\\\/www.pakery.pl\\\/wp-content\\\/uploads\\\/2021\\\/04\\\/cropped-PAKERY-LOGO.png\",\"width\":1529,\"height\":500,\"caption\":\"PAKERY.PL\"},\"image\":{\"@id\":\"https:\\\/\\\/www.pakery.pl\\\/pl\\\/#\\\/schema\\\/logo\\\/image\\\/\"}}]}<\/script>\n<!-- \/ Yoast SEO plugin. -->","yoast_head_json":{"title":"Paker do iniekcji PI-SPM 13\/200 - PAKERY.PL","robots":{"index":"index","follow":"follow","max-snippet":"max-snippet:-1","max-image-preview":"max-image-preview:large","max-video-preview":"max-video-preview:-1"},"canonical":"https:\/\/www.pakery.pl\/pl\/produkt\/paker-do-iniekcji-pi-spm-13-200\/","og_locale":"pl_PL","og_type":"article","og_title":"Paker do iniekcji PI-SPM 13\/200 - PAKERY.PL","og_description":"PI-SPM \u2013 nasz flagowy model paker\u00f3w z serii Professional Line. To iniektor, kt\u00f3ry od lat cieszy si\u0119 uznaniem dzi\u0119ki swojej wysokiej szczelno\u015bci oraz pewnemu kotwieniu w pod\u0142o\u017cu. Sprawdza si\u0119 w ka\u017cdym rodzaju iniekcji \u2013 zar\u00f3wno wysokoci\u015bnieniowej, jak i niskoci\u015bnieniowej \u2013 zapewniaj\u0105c stabiln\u0105 prac\u0119 i bezpiecze\u0144stwo procesu. Specjalistyczne kalamitki gwarantuj\u0105 idealne trzymanie ci\u015bnienia wstecznego, eliminuj\u0105c ryzyko [&hellip;]","og_url":"https:\/\/www.pakery.pl\/pl\/produkt\/paker-do-iniekcji-pi-spm-13-200\/","og_site_name":"PAKERY.PL","article_modified_time":"2025-12-02T10:10:52+00:00","og_image":[{"width":683,"height":683,"url":"https:\/\/www.pakery.pl\/wp-content\/uploads\/2025\/05\/PI-SPM-13200-ikona.png","type":"image\/png"}],"twitter_card":"summary_large_image","twitter_misc":{"Szacowany czas czytania":"1 minuta"},"schema":{"@context":"https:\/\/schema.org","@graph":[{"@type":"WebPage","@id":"https:\/\/www.pakery.pl\/pl\/produkt\/paker-do-iniekcji-pi-spm-13-200\/","url":"https:\/\/www.pakery.pl\/pl\/produkt\/paker-do-iniekcji-pi-spm-13-200\/","name":"Paker do iniekcji PI-SPM 13\/200 - PAKERY.PL","isPartOf":{"@id":"https:\/\/www.pakery.pl\/pl\/#website"},"primaryImageOfPage":{"@id":"https:\/\/www.pakery.pl\/pl\/produkt\/paker-do-iniekcji-pi-spm-13-200\/#primaryimage"},"image":{"@id":"https:\/\/www.pakery.pl\/pl\/produkt\/paker-do-iniekcji-pi-spm-13-200\/#primaryimage"},"thumbnailUrl":"https:\/\/www.pakery.pl\/wp-content\/uploads\/2025\/05\/PI-SPM-13200-ikona.png","datePublished":"2025-05-12T05:35:50+00:00","dateModified":"2025-12-02T10:10:52+00:00","breadcrumb":{"@id":"https:\/\/www.pakery.pl\/pl\/produkt\/paker-do-iniekcji-pi-spm-13-200\/#breadcrumb"},"inLanguage":"pl-PL","potentialAction":[{"@type":"ReadAction","target":["https:\/\/www.pakery.pl\/pl\/produkt\/paker-do-iniekcji-pi-spm-13-200\/"]}]},{"@type":"ImageObject","inLanguage":"pl-PL","@id":"https:\/\/www.pakery.pl\/pl\/produkt\/paker-do-iniekcji-pi-spm-13-200\/#primaryimage","url":"https:\/\/www.pakery.pl\/wp-content\/uploads\/2025\/05\/PI-SPM-13200-ikona.png","contentUrl":"https:\/\/www.pakery.pl\/wp-content\/uploads\/2025\/05\/PI-SPM-13200-ikona.png","width":683,"height":683},{"@type":"BreadcrumbList","@id":"https:\/\/www.pakery.pl\/pl\/produkt\/paker-do-iniekcji-pi-spm-13-200\/#breadcrumb","itemListElement":[{"@type":"ListItem","position":1,"name":"Strona g\u0142\u00f3wna","item":"https:\/\/www.pakery.pl\/pl\/"},{"@type":"ListItem","position":2,"name":"Sklep","item":"https:\/\/www.pakery.pl\/pl\/sklep\/"},{"@type":"ListItem","position":3,"name":"Paker do iniekcji PI-SPM 13\/200"}]},{"@type":"WebSite","@id":"https:\/\/www.pakery.pl\/pl\/#website","url":"https:\/\/www.pakery.pl\/pl\/","name":"Pakery.pl","description":"Pakery iniekcyjne, Kotwy spiralne, Lance iniekcyjne, W\u0119\u017ce do iniekcji, Pompy iniekcyjne, Serwis pomp iniekcyjnych, Wynajem pomp do iniekcji","publisher":{"@id":"https:\/\/www.pakery.pl\/pl\/#organization"},"potentialAction":[{"@type":"SearchAction","target":{"@type":"EntryPoint","urlTemplate":"https:\/\/www.pakery.pl\/pl\/?s={search_term_string}"},"query-input":{"@type":"PropertyValueSpecification","valueRequired":true,"valueName":"search_term_string"}}],"inLanguage":"pl-PL"},{"@type":"Organization","@id":"https:\/\/www.pakery.pl\/pl\/#organization","name":"PAKERY.PL","url":"https:\/\/www.pakery.pl\/pl\/","logo":{"@type":"ImageObject","inLanguage":"pl-PL","@id":"https:\/\/www.pakery.pl\/pl\/#\/schema\/logo\/image\/","url":"https:\/\/www.pakery.pl\/wp-content\/uploads\/2021\/04\/cropped-PAKERY-LOGO.png","contentUrl":"https:\/\/www.pakery.pl\/wp-content\/uploads\/2021\/04\/cropped-PAKERY-LOGO.png","width":1529,"height":500,"caption":"PAKERY.PL"},"image":{"@id":"https:\/\/www.pakery.pl\/pl\/#\/schema\/logo\/image\/"}}]}},"_links":{"self":[{"href":"https:\/\/www.pakery.pl\/pl\/wp-json\/wp\/v2\/product\/48718","targetHints":{"allow":["GET"]}}],"collection":[{"href":"https:\/\/www.pakery.pl\/pl\/wp-json\/wp\/v2\/product"}],"about":[{"href":"https:\/\/www.pakery.pl\/pl\/wp-json\/wp\/v2\/types\/product"}],"version-history":[{"count":2,"href":"https:\/\/www.pakery.pl\/pl\/wp-json\/wp\/v2\/product\/48718\/revisions"}],"predecessor-version":[{"id":50787,"href":"https:\/\/www.pakery.pl\/pl\/wp-json\/wp\/v2\/product\/48718\/revisions\/50787"}],"wp:featuredmedia":[{"embeddable":true,"href":"https:\/\/www.pakery.pl\/pl\/wp-json\/wp\/v2\/media\/48719"}],"wp:attachment":[{"href":"https:\/\/www.pakery.pl\/pl\/wp-json\/wp\/v2\/media?parent=48718"}],"wp:term":[{"taxonomy":"product_brand","embeddable":true,"href":"https:\/\/www.pakery.pl\/pl\/wp-json\/wp\/v2\/product_brand?post=48718"},{"taxonomy":"product_cat","embeddable":true,"href":"https:\/\/www.pakery.pl\/pl\/wp-json\/wp\/v2\/product_cat?post=48718"},{"taxonomy":"product_tag","embeddable":true,"href":"https:\/\/www.pakery.pl\/pl\/wp-json\/wp\/v2\/product_tag?post=48718"}],"curies":[{"name":"wp","href":"https:\/\/api.w.org\/{rel}","templated":true}]}}