{"id":4829,"date":"2021-06-21T13:58:32","date_gmt":"2021-06-21T11:58:32","guid":{"rendered":"https:\/\/www.pakery.pl\/?post_type=product&#038;p=4829"},"modified":"2022-06-08T11:01:18","modified_gmt":"2022-06-08T09:01:18","slug":"waz-do-iniekcji-iniekcyjny","status":"publish","type":"product","link":"https:\/\/www.pakery.pl\/pl\/produkt\/waz-do-iniekcji-iniekcyjny\/","title":{"rendered":"W\u0105\u017c do iniekcji \/ iniekcyjny 18 mm \/ 100 m"},"content":{"rendered":"\t\t<div data-elementor-type=\"product-post\" data-elementor-id=\"4829\" class=\"elementor elementor-4829\" data-elementor-post-type=\"product\">\n\t\t\t\t\t\t<section class=\"elementor-section elementor-top-section elementor-element elementor-element-720f304b elementor-section-boxed elementor-section-height-default elementor-section-height-default\" data-id=\"720f304b\" data-element_type=\"section\" data-e-type=\"section\">\n\t\t\t\t\t\t<div class=\"elementor-container elementor-column-gap-default\">\n\t\t\t\t\t<div class=\"elementor-column elementor-col-100 elementor-top-column elementor-element elementor-element-4d736291\" data-id=\"4d736291\" data-element_type=\"column\" data-e-type=\"column\">\n\t\t\t<div class=\"elementor-widget-wrap elementor-element-populated\">\n\t\t\t\t\t\t<section class=\"elementor-section elementor-inner-section elementor-element elementor-element-c813456 elementor-section-boxed elementor-section-height-default elementor-section-height-default\" data-id=\"c813456\" data-element_type=\"section\" data-e-type=\"section\">\n\t\t\t\t\t\t<div class=\"elementor-container elementor-column-gap-default\">\n\t\t\t\t\t<div class=\"elementor-column elementor-col-50 elementor-inner-column elementor-element elementor-element-1160251\" data-id=\"1160251\" data-element_type=\"column\" data-e-type=\"column\">\n\t\t\t<div class=\"elementor-widget-wrap elementor-element-populated\">\n\t\t\t\t\t\t<div class=\"elementor-element elementor-element-41af3b3 elementor-widget elementor-widget-text-editor\" data-id=\"41af3b3\" data-element_type=\"widget\" data-e-type=\"widget\" data-widget_type=\"text-editor.default\">\n\t\t\t\t<div class=\"elementor-widget-container\">\n\t\t\t\t\t\t\t\t\t<p><span style=\"color: #000000;\">W\u0105\u017c iniekcyjny systemu\u00a0<b><i>SMARTHOSE<\/i><\/b>\u00a0nale\u017cy wbudowa\u0107 w przerwy robocze uczelnianych konstrukcji. W\u0105\u017c powinien by\u0107 montowany do g\u0142adkiej, czystej powierzchni przy pomocy specjalnych uchwyt\u00f3w Ho-keeper. Przy monta\u017cu w\u0119\u017ca nale\u017cy zwr\u00f3ci\u0107 uwag\u0119 \u017ceby nie uszkodzi\u0107 oplotu w\u0119\u017ca.<\/span><br \/><span style=\"color: #000000;\">System\u00a0<em><strong>SMARTHOSE<\/strong><\/em>\u00a0jest kompletnym systemem umo\u017cliwiaj\u0105cym sprawne przeprowadzenie prac.<\/span><br \/><span style=\"color: #000000;\">W przypadku wykorzystywania element\u00f3w systemu\u00a0<em><strong>SMARTHOSE\u00a0<\/strong><\/em>do po\u0142\u0105cze\u0144 innych w\u0119\u017cy iniekcyjnych prosimy o upewnienie si\u0119 czy s\u0105 kompatybilne.<\/span><\/p>\t\t\t\t\t\t\t\t<\/div>\n\t\t\t\t<\/div>\n\t\t\t\t\t<\/div>\n\t\t<\/div>\n\t\t\t\t<div class=\"elementor-column elementor-col-50 elementor-inner-column elementor-element elementor-element-1ddcc23\" data-id=\"1ddcc23\" data-element_type=\"column\" data-e-type=\"column\">\n\t\t\t<div class=\"elementor-widget-wrap elementor-element-populated\">\n\t\t\t\t\t\t<div class=\"elementor-element elementor-element-8f6613e elementor-widget elementor-widget-image\" data-id=\"8f6613e\" data-element_type=\"widget\" data-e-type=\"widget\" data-widget_type=\"image.default\">\n\t\t\t\t<div class=\"elementor-widget-container\">\n\t\t\t\t\t\t\t\t\t\t\t\t\t\t\t<img fetchpriority=\"high\" decoding=\"async\" width=\"768\" height=\"602\" src=\"https:\/\/www.pakery.pl\/wp-content\/uploads\/2021\/06\/waz-iniekcyjny-przekroj-768x602.png\" class=\"attachment-medium_large size-medium_large wp-image-5005\" alt=\"\" srcset=\"https:\/\/www.pakery.pl\/wp-content\/uploads\/2021\/06\/waz-iniekcyjny-przekroj-768x602.png 768w, https:\/\/www.pakery.pl\/wp-content\/uploads\/2021\/06\/waz-iniekcyjny-przekroj-300x235.png 300w, https:\/\/www.pakery.pl\/wp-content\/uploads\/2021\/06\/waz-iniekcyjny-przekroj-1024x803.png 1024w, https:\/\/www.pakery.pl\/wp-content\/uploads\/2021\/06\/waz-iniekcyjny-przekroj-1536x1204.png 1536w, https:\/\/www.pakery.pl\/wp-content\/uploads\/2021\/06\/waz-iniekcyjny-przekroj-683x535.png 683w, https:\/\/www.pakery.pl\/wp-content\/uploads\/2021\/06\/waz-iniekcyjny-przekroj-602x472.png 602w, https:\/\/www.pakery.pl\/wp-content\/uploads\/2021\/06\/waz-iniekcyjny-przekroj.png 1800w\" sizes=\"(max-width: 768px) 100vw, 768px\" \/>\t\t\t\t\t\t\t\t\t\t\t\t\t\t\t<\/div>\n\t\t\t\t<\/div>\n\t\t\t\t\t<\/div>\n\t\t<\/div>\n\t\t\t\t\t<\/div>\n\t\t<\/section>\n\t\t\t\t\t<\/div>\n\t\t<\/div>\n\t\t\t\t\t<\/div>\n\t\t<\/section>\n\t\t\t\t<section class=\"elementor-section elementor-top-section elementor-element elementor-element-8442f32 elementor-section-boxed elementor-section-height-default elementor-section-height-default\" data-id=\"8442f32\" data-element_type=\"section\" data-e-type=\"section\">\n\t\t\t\t\t\t<div class=\"elementor-container elementor-column-gap-default\">\n\t\t\t\t\t<div class=\"elementor-column elementor-col-100 elementor-top-column elementor-element elementor-element-600b722\" data-id=\"600b722\" data-element_type=\"column\" data-e-type=\"column\">\n\t\t\t<div class=\"elementor-widget-wrap elementor-element-populated\">\n\t\t\t\t\t\t<div class=\"elementor-element elementor-element-9c44c9b elementor-widget elementor-widget-image\" data-id=\"9c44c9b\" data-element_type=\"widget\" data-e-type=\"widget\" data-widget_type=\"image.default\">\n\t\t\t\t<div class=\"elementor-widget-container\">\n\t\t\t\t\t\t\t\t\t\t\t\t\t\t\t<img decoding=\"async\" width=\"1024\" height=\"389\" src=\"https:\/\/www.pakery.pl\/wp-content\/uploads\/2021\/06\/scheamt-wezy-iniekcyjnych-e1624542119579-1024x389.png\" class=\"attachment-large size-large wp-image-5020\" alt=\"\" srcset=\"https:\/\/www.pakery.pl\/wp-content\/uploads\/2021\/06\/scheamt-wezy-iniekcyjnych-e1624542119579-1024x389.png 1024w, https:\/\/www.pakery.pl\/wp-content\/uploads\/2021\/06\/scheamt-wezy-iniekcyjnych-e1624542119579-300x114.png 300w, https:\/\/www.pakery.pl\/wp-content\/uploads\/2021\/06\/scheamt-wezy-iniekcyjnych-e1624542119579-768x292.png 768w, https:\/\/www.pakery.pl\/wp-content\/uploads\/2021\/06\/scheamt-wezy-iniekcyjnych-e1624542119579-1536x583.png 1536w, https:\/\/www.pakery.pl\/wp-content\/uploads\/2021\/06\/scheamt-wezy-iniekcyjnych-e1624542119579-2048x778.png 2048w, https:\/\/www.pakery.pl\/wp-content\/uploads\/2021\/06\/scheamt-wezy-iniekcyjnych-e1624542119579-683x259.png 683w, https:\/\/www.pakery.pl\/wp-content\/uploads\/2021\/06\/scheamt-wezy-iniekcyjnych-e1624542119579-602x229.png 602w\" sizes=\"(max-width: 1024px) 100vw, 1024px\" \/>\t\t\t\t\t\t\t\t\t\t\t\t\t\t\t<\/div>\n\t\t\t\t<\/div>\n\t\t\t\t\t<\/div>\n\t\t<\/div>\n\t\t\t\t\t<\/div>\n\t\t<\/section>\n\t\t\t\t<\/div>\n\t\t","protected":false},"excerpt":{"rendered":"<p>W\u0105\u017c iniekcyjny systemu\u00a0SMARTHOSE\u00a0nale\u017cy wbudowa\u0107 w przerwy robocze uczelnianych konstrukcji. W\u0105\u017c powinien by\u0107 montowany do g\u0142adkiej, czystej powierzchni przy pomocy specjalnych uchwyt\u00f3w Ho-keeper. Przy monta\u017cu w\u0119\u017ca nale\u017cy zwr\u00f3ci\u0107 uwag\u0119 \u017ceby nie uszkodzi\u0107 oplotu w\u0119\u017ca. System\u00a0SMARTHOSE\u00a0jest kompletnym systemem umo\u017cliwiaj\u0105cym sprawne przeprowadzenie prac. W przypadku wykorzystywania element\u00f3w systemu\u00a0SMARTHOSE\u00a0do po\u0142\u0105cze\u0144 innych w\u0119\u017cy iniekcyjnych prosimy o upewnienie si\u0119 czy s\u0105 [&hellip;]<\/p>\n","protected":false},"featured_media":4835,"template":"","meta":{"_acf_changed":false},"product_brand":[],"product_cat":[30],"product_tag":[],"class_list":{"0":"post-4829","1":"product","2":"type-product","3":"status-publish","4":"has-post-thumbnail","6":"product_cat-weze-iniekcyjne","8":"first","9":"instock","10":"taxable","11":"shipping-taxable","12":"purchasable","13":"product-type-simple"},"acf":[],"yoast_head":"<!-- This site is optimized with the Yoast SEO plugin v27.3 - https:\/\/yoast.com\/product\/yoast-seo-wordpress\/ -->\n<title>W\u0105\u017c do iniekcji \/ iniekcyjny 18 mm \/ 100 m - fi 18 mm | PAKERY.PL<\/title>\n<meta name=\"robots\" content=\"index, follow, max-snippet:-1, max-image-preview:large, max-video-preview:-1\" \/>\n<link rel=\"canonical\" href=\"https:\/\/www.pakery.pl\/pl\/produkt\/waz-do-iniekcji-iniekcyjny\/\" \/>\n<meta property=\"og:locale\" content=\"pl_PL\" \/>\n<meta property=\"og:type\" content=\"article\" \/>\n<meta property=\"og:title\" content=\"W\u0105\u017c do iniekcji \/ iniekcyjny 18 mm \/ 100 m - fi 18 mm | PAKERY.PL\" \/>\n<meta property=\"og:description\" content=\"W\u0105\u017c iniekcyjny systemu\u00a0SMARTHOSE\u00a0nale\u017cy wbudowa\u0107 w przerwy robocze uczelnianych konstrukcji. W\u0105\u017c powinien by\u0107 montowany do g\u0142adkiej, czystej powierzchni przy pomocy specjalnych uchwyt\u00f3w Ho-keeper. Przy monta\u017cu w\u0119\u017ca nale\u017cy zwr\u00f3ci\u0107 uwag\u0119 \u017ceby nie uszkodzi\u0107 oplotu w\u0119\u017ca. System\u00a0SMARTHOSE\u00a0jest kompletnym systemem umo\u017cliwiaj\u0105cym sprawne przeprowadzenie prac. W przypadku wykorzystywania element\u00f3w systemu\u00a0SMARTHOSE\u00a0do po\u0142\u0105cze\u0144 innych w\u0119\u017cy iniekcyjnych prosimy o upewnienie si\u0119 czy s\u0105 [&hellip;]\" \/>\n<meta property=\"og:url\" content=\"https:\/\/www.pakery.pl\/pl\/produkt\/waz-do-iniekcji-iniekcyjny\/\" \/>\n<meta property=\"og:site_name\" content=\"PAKERY.PL\" \/>\n<meta property=\"article:modified_time\" content=\"2022-06-08T09:01:18+00:00\" \/>\n<meta property=\"og:image\" content=\"https:\/\/www.pakery.pl\/wp-content\/uploads\/2021\/06\/waz-iniekcyjny-18mm-1024x1024.png\" \/>\n\t<meta property=\"og:image:width\" content=\"1024\" \/>\n\t<meta property=\"og:image:height\" content=\"1024\" \/>\n\t<meta property=\"og:image:type\" content=\"image\/png\" \/>\n<meta name=\"twitter:card\" content=\"summary_large_image\" \/>\n<meta name=\"twitter:label1\" content=\"Szacowany czas czytania\" \/>\n\t<meta name=\"twitter:data1\" content=\"1 minuta\" \/>\n<script type=\"application\/ld+json\" class=\"yoast-schema-graph\">{\"@context\":\"https:\\\/\\\/schema.org\",\"@graph\":[{\"@type\":\"WebPage\",\"@id\":\"https:\\\/\\\/www.pakery.pl\\\/pl\\\/produkt\\\/waz-do-iniekcji-iniekcyjny\\\/\",\"url\":\"https:\\\/\\\/www.pakery.pl\\\/pl\\\/produkt\\\/waz-do-iniekcji-iniekcyjny\\\/\",\"name\":\"W\u0105\u017c do iniekcji \\\/ iniekcyjny 18 mm \\\/ 100 m - fi 18 mm | PAKERY.PL\",\"isPartOf\":{\"@id\":\"https:\\\/\\\/www.pakery.pl\\\/pl\\\/#website\"},\"primaryImageOfPage\":{\"@id\":\"https:\\\/\\\/www.pakery.pl\\\/pl\\\/produkt\\\/waz-do-iniekcji-iniekcyjny\\\/#primaryimage\"},\"image\":{\"@id\":\"https:\\\/\\\/www.pakery.pl\\\/pl\\\/produkt\\\/waz-do-iniekcji-iniekcyjny\\\/#primaryimage\"},\"thumbnailUrl\":\"https:\\\/\\\/www.pakery.pl\\\/wp-content\\\/uploads\\\/2021\\\/06\\\/waz-iniekcyjny-18mm-e1624276788212.png\",\"datePublished\":\"2021-06-21T11:58:32+00:00\",\"dateModified\":\"2022-06-08T09:01:18+00:00\",\"breadcrumb\":{\"@id\":\"https:\\\/\\\/www.pakery.pl\\\/pl\\\/produkt\\\/waz-do-iniekcji-iniekcyjny\\\/#breadcrumb\"},\"inLanguage\":\"pl-PL\",\"potentialAction\":[{\"@type\":\"ReadAction\",\"target\":[\"https:\\\/\\\/www.pakery.pl\\\/pl\\\/produkt\\\/waz-do-iniekcji-iniekcyjny\\\/\"]}]},{\"@type\":\"ImageObject\",\"inLanguage\":\"pl-PL\",\"@id\":\"https:\\\/\\\/www.pakery.pl\\\/pl\\\/produkt\\\/waz-do-iniekcji-iniekcyjny\\\/#primaryimage\",\"url\":\"https:\\\/\\\/www.pakery.pl\\\/wp-content\\\/uploads\\\/2021\\\/06\\\/waz-iniekcyjny-18mm-e1624276788212.png\",\"contentUrl\":\"https:\\\/\\\/www.pakery.pl\\\/wp-content\\\/uploads\\\/2021\\\/06\\\/waz-iniekcyjny-18mm-e1624276788212.png\",\"width\":2500,\"height\":2500},{\"@type\":\"BreadcrumbList\",\"@id\":\"https:\\\/\\\/www.pakery.pl\\\/pl\\\/produkt\\\/waz-do-iniekcji-iniekcyjny\\\/#breadcrumb\",\"itemListElement\":[{\"@type\":\"ListItem\",\"position\":1,\"name\":\"Strona g\u0142\u00f3wna\",\"item\":\"https:\\\/\\\/www.pakery.pl\\\/pl\\\/\"},{\"@type\":\"ListItem\",\"position\":2,\"name\":\"Sklep\",\"item\":\"https:\\\/\\\/www.pakery.pl\\\/pl\\\/sklep\\\/\"},{\"@type\":\"ListItem\",\"position\":3,\"name\":\"W\u0105\u017c do iniekcji \\\/ iniekcyjny 18 mm \\\/ 100 m\"}]},{\"@type\":\"WebSite\",\"@id\":\"https:\\\/\\\/www.pakery.pl\\\/pl\\\/#website\",\"url\":\"https:\\\/\\\/www.pakery.pl\\\/pl\\\/\",\"name\":\"Pakery.pl\",\"description\":\"Pakery iniekcyjne, Kotwy spiralne, Lance iniekcyjne, W\u0119\u017ce do iniekcji, Pompy iniekcyjne, Serwis pomp iniekcyjnych, Wynajem pomp do iniekcji\",\"publisher\":{\"@id\":\"https:\\\/\\\/www.pakery.pl\\\/pl\\\/#organization\"},\"potentialAction\":[{\"@type\":\"SearchAction\",\"target\":{\"@type\":\"EntryPoint\",\"urlTemplate\":\"https:\\\/\\\/www.pakery.pl\\\/pl\\\/?s={search_term_string}\"},\"query-input\":{\"@type\":\"PropertyValueSpecification\",\"valueRequired\":true,\"valueName\":\"search_term_string\"}}],\"inLanguage\":\"pl-PL\"},{\"@type\":\"Organization\",\"@id\":\"https:\\\/\\\/www.pakery.pl\\\/pl\\\/#organization\",\"name\":\"PAKERY.PL\",\"url\":\"https:\\\/\\\/www.pakery.pl\\\/pl\\\/\",\"logo\":{\"@type\":\"ImageObject\",\"inLanguage\":\"pl-PL\",\"@id\":\"https:\\\/\\\/www.pakery.pl\\\/pl\\\/#\\\/schema\\\/logo\\\/image\\\/\",\"url\":\"https:\\\/\\\/www.pakery.pl\\\/wp-content\\\/uploads\\\/2021\\\/04\\\/cropped-PAKERY-LOGO.png\",\"contentUrl\":\"https:\\\/\\\/www.pakery.pl\\\/wp-content\\\/uploads\\\/2021\\\/04\\\/cropped-PAKERY-LOGO.png\",\"width\":1529,\"height\":500,\"caption\":\"PAKERY.PL\"},\"image\":{\"@id\":\"https:\\\/\\\/www.pakery.pl\\\/pl\\\/#\\\/schema\\\/logo\\\/image\\\/\"}}]}<\/script>\n<!-- \/ Yoast SEO plugin. -->","yoast_head_json":{"title":"W\u0105\u017c do iniekcji \/ iniekcyjny 18 mm \/ 100 m - fi 18 mm | PAKERY.PL","robots":{"index":"index","follow":"follow","max-snippet":"max-snippet:-1","max-image-preview":"max-image-preview:large","max-video-preview":"max-video-preview:-1"},"canonical":"https:\/\/www.pakery.pl\/pl\/produkt\/waz-do-iniekcji-iniekcyjny\/","og_locale":"pl_PL","og_type":"article","og_title":"W\u0105\u017c do iniekcji \/ iniekcyjny 18 mm \/ 100 m - fi 18 mm | PAKERY.PL","og_description":"W\u0105\u017c iniekcyjny systemu\u00a0SMARTHOSE\u00a0nale\u017cy wbudowa\u0107 w przerwy robocze uczelnianych konstrukcji. W\u0105\u017c powinien by\u0107 montowany do g\u0142adkiej, czystej powierzchni przy pomocy specjalnych uchwyt\u00f3w Ho-keeper. Przy monta\u017cu w\u0119\u017ca nale\u017cy zwr\u00f3ci\u0107 uwag\u0119 \u017ceby nie uszkodzi\u0107 oplotu w\u0119\u017ca. System\u00a0SMARTHOSE\u00a0jest kompletnym systemem umo\u017cliwiaj\u0105cym sprawne przeprowadzenie prac. W przypadku wykorzystywania element\u00f3w systemu\u00a0SMARTHOSE\u00a0do po\u0142\u0105cze\u0144 innych w\u0119\u017cy iniekcyjnych prosimy o upewnienie si\u0119 czy s\u0105 [&hellip;]","og_url":"https:\/\/www.pakery.pl\/pl\/produkt\/waz-do-iniekcji-iniekcyjny\/","og_site_name":"PAKERY.PL","article_modified_time":"2022-06-08T09:01:18+00:00","og_image":[{"width":1024,"height":1024,"url":"https:\/\/www.pakery.pl\/wp-content\/uploads\/2021\/06\/waz-iniekcyjny-18mm-1024x1024.png","type":"image\/png"}],"twitter_card":"summary_large_image","twitter_misc":{"Szacowany czas czytania":"1 minuta"},"schema":{"@context":"https:\/\/schema.org","@graph":[{"@type":"WebPage","@id":"https:\/\/www.pakery.pl\/pl\/produkt\/waz-do-iniekcji-iniekcyjny\/","url":"https:\/\/www.pakery.pl\/pl\/produkt\/waz-do-iniekcji-iniekcyjny\/","name":"W\u0105\u017c do iniekcji \/ iniekcyjny 18 mm \/ 100 m - fi 18 mm | PAKERY.PL","isPartOf":{"@id":"https:\/\/www.pakery.pl\/pl\/#website"},"primaryImageOfPage":{"@id":"https:\/\/www.pakery.pl\/pl\/produkt\/waz-do-iniekcji-iniekcyjny\/#primaryimage"},"image":{"@id":"https:\/\/www.pakery.pl\/pl\/produkt\/waz-do-iniekcji-iniekcyjny\/#primaryimage"},"thumbnailUrl":"https:\/\/www.pakery.pl\/wp-content\/uploads\/2021\/06\/waz-iniekcyjny-18mm-e1624276788212.png","datePublished":"2021-06-21T11:58:32+00:00","dateModified":"2022-06-08T09:01:18+00:00","breadcrumb":{"@id":"https:\/\/www.pakery.pl\/pl\/produkt\/waz-do-iniekcji-iniekcyjny\/#breadcrumb"},"inLanguage":"pl-PL","potentialAction":[{"@type":"ReadAction","target":["https:\/\/www.pakery.pl\/pl\/produkt\/waz-do-iniekcji-iniekcyjny\/"]}]},{"@type":"ImageObject","inLanguage":"pl-PL","@id":"https:\/\/www.pakery.pl\/pl\/produkt\/waz-do-iniekcji-iniekcyjny\/#primaryimage","url":"https:\/\/www.pakery.pl\/wp-content\/uploads\/2021\/06\/waz-iniekcyjny-18mm-e1624276788212.png","contentUrl":"https:\/\/www.pakery.pl\/wp-content\/uploads\/2021\/06\/waz-iniekcyjny-18mm-e1624276788212.png","width":2500,"height":2500},{"@type":"BreadcrumbList","@id":"https:\/\/www.pakery.pl\/pl\/produkt\/waz-do-iniekcji-iniekcyjny\/#breadcrumb","itemListElement":[{"@type":"ListItem","position":1,"name":"Strona g\u0142\u00f3wna","item":"https:\/\/www.pakery.pl\/pl\/"},{"@type":"ListItem","position":2,"name":"Sklep","item":"https:\/\/www.pakery.pl\/pl\/sklep\/"},{"@type":"ListItem","position":3,"name":"W\u0105\u017c do iniekcji \/ iniekcyjny 18 mm \/ 100 m"}]},{"@type":"WebSite","@id":"https:\/\/www.pakery.pl\/pl\/#website","url":"https:\/\/www.pakery.pl\/pl\/","name":"Pakery.pl","description":"Pakery iniekcyjne, Kotwy spiralne, Lance iniekcyjne, W\u0119\u017ce do iniekcji, Pompy iniekcyjne, Serwis pomp iniekcyjnych, Wynajem pomp do iniekcji","publisher":{"@id":"https:\/\/www.pakery.pl\/pl\/#organization"},"potentialAction":[{"@type":"SearchAction","target":{"@type":"EntryPoint","urlTemplate":"https:\/\/www.pakery.pl\/pl\/?s={search_term_string}"},"query-input":{"@type":"PropertyValueSpecification","valueRequired":true,"valueName":"search_term_string"}}],"inLanguage":"pl-PL"},{"@type":"Organization","@id":"https:\/\/www.pakery.pl\/pl\/#organization","name":"PAKERY.PL","url":"https:\/\/www.pakery.pl\/pl\/","logo":{"@type":"ImageObject","inLanguage":"pl-PL","@id":"https:\/\/www.pakery.pl\/pl\/#\/schema\/logo\/image\/","url":"https:\/\/www.pakery.pl\/wp-content\/uploads\/2021\/04\/cropped-PAKERY-LOGO.png","contentUrl":"https:\/\/www.pakery.pl\/wp-content\/uploads\/2021\/04\/cropped-PAKERY-LOGO.png","width":1529,"height":500,"caption":"PAKERY.PL"},"image":{"@id":"https:\/\/www.pakery.pl\/pl\/#\/schema\/logo\/image\/"}}]}},"_links":{"self":[{"href":"https:\/\/www.pakery.pl\/pl\/wp-json\/wp\/v2\/product\/4829","targetHints":{"allow":["GET"]}}],"collection":[{"href":"https:\/\/www.pakery.pl\/pl\/wp-json\/wp\/v2\/product"}],"about":[{"href":"https:\/\/www.pakery.pl\/pl\/wp-json\/wp\/v2\/types\/product"}],"version-history":[{"count":5,"href":"https:\/\/www.pakery.pl\/pl\/wp-json\/wp\/v2\/product\/4829\/revisions"}],"predecessor-version":[{"id":5528,"href":"https:\/\/www.pakery.pl\/pl\/wp-json\/wp\/v2\/product\/4829\/revisions\/5528"}],"wp:featuredmedia":[{"embeddable":true,"href":"https:\/\/www.pakery.pl\/pl\/wp-json\/wp\/v2\/media\/4835"}],"wp:attachment":[{"href":"https:\/\/www.pakery.pl\/pl\/wp-json\/wp\/v2\/media?parent=4829"}],"wp:term":[{"taxonomy":"product_brand","embeddable":true,"href":"https:\/\/www.pakery.pl\/pl\/wp-json\/wp\/v2\/product_brand?post=4829"},{"taxonomy":"product_cat","embeddable":true,"href":"https:\/\/www.pakery.pl\/pl\/wp-json\/wp\/v2\/product_cat?post=4829"},{"taxonomy":"product_tag","embeddable":true,"href":"https:\/\/www.pakery.pl\/pl\/wp-json\/wp\/v2\/product_tag?post=4829"}],"curies":[{"name":"wp","href":"https:\/\/api.w.org\/{rel}","templated":true}]}}