{"id":4632,"date":"2021-06-08T12:16:34","date_gmt":"2021-06-08T10:16:34","guid":{"rendered":"https:\/\/www.pakery.pl\/?post_type=product&#038;p=4632"},"modified":"2022-07-01T12:27:38","modified_gmt":"2022-07-01T10:27:38","slug":"zawor-do-iniekcji-z-manometrem","status":"publish","type":"product","link":"https:\/\/www.pakery.pl\/pl\/produkt\/zawor-do-iniekcji-z-manometrem\/","title":{"rendered":"Zaw\u00f3r Do Iniekcji Z Manometrem"},"content":{"rendered":"<p><b>Zastosowanie:<\/b>\u00a0Do dozowania iniektu.<\/p>\n<p><b>W\u0142a\u015bciwo\u015bci:<\/b>\u00a0zaw\u00f3r iniekcyjny z pod\u0142\u0105czeniem 1\/4.<\/p>\n<p>W zestawie z w\u0119\u017cykiem iniekcynym o d\u0142ugo\u015bci 50 cm oraz ko\u0144c\u00f3wk\u0105 czteroszcz\u0119kow\u0105, manometrem u\u0142atwiaj\u0105cym kontrol\u0119 czy iniekt rozchodzi si\u0119 w rys\u0119.<\/p>\n","protected":false},"excerpt":{"rendered":"<p>Zastosowanie:\u00a0Do dozowania iniektu. W\u0142a\u015bciwo\u015bci:\u00a0zaw\u00f3r iniekcyjny z pod\u0142\u0105czeniem 1\/4. W zestawie z w\u0119\u017cykiem iniekcynym o d\u0142ugo\u015bci 50 cm oraz ko\u0144c\u00f3wk\u0105 czteroszcz\u0119kow\u0105, manometrem u\u0142atwiaj\u0105cym kontrol\u0119 czy iniekt rozchodzi si\u0119 w rys\u0119.<\/p>\n","protected":false},"featured_media":4633,"template":"","meta":{"_acf_changed":false},"product_brand":[],"product_cat":[33,82],"product_tag":[],"class_list":{"0":"post-4632","1":"product","2":"type-product","3":"status-publish","4":"has-post-thumbnail","6":"product_cat-akcesoria-iniekcyjne","7":"product_cat-pistolety","8":"pa_przylacza-i-czyszczenie-przylacza-i-czyszczenie","10":"first","11":"instock","12":"taxable","13":"shipping-taxable","14":"purchasable","15":"product-type-simple"},"acf":[],"yoast_head":"<!-- This site is optimized with the Yoast SEO plugin v27.3 - https:\/\/yoast.com\/product\/yoast-seo-wordpress\/ -->\n<title>Zaw\u00f3r Do Iniekcji Z Manometrem - PAKERY.PL<\/title>\n<meta name=\"robots\" content=\"index, follow, max-snippet:-1, max-image-preview:large, max-video-preview:-1\" \/>\n<link rel=\"canonical\" href=\"https:\/\/www.pakery.pl\/pl\/produkt\/zawor-do-iniekcji-z-manometrem\/\" \/>\n<meta property=\"og:locale\" content=\"pl_PL\" \/>\n<meta property=\"og:type\" content=\"article\" \/>\n<meta property=\"og:title\" content=\"Zaw\u00f3r Do Iniekcji Z Manometrem - PAKERY.PL\" \/>\n<meta property=\"og:description\" content=\"Zastosowanie:\u00a0Do dozowania iniektu. W\u0142a\u015bciwo\u015bci:\u00a0zaw\u00f3r iniekcyjny z pod\u0142\u0105czeniem 1\/4. W zestawie z w\u0119\u017cykiem iniekcynym o d\u0142ugo\u015bci 50 cm oraz ko\u0144c\u00f3wk\u0105 czteroszcz\u0119kow\u0105, manometrem u\u0142atwiaj\u0105cym kontrol\u0119 czy iniekt rozchodzi si\u0119 w rys\u0119.\" \/>\n<meta property=\"og:url\" content=\"https:\/\/www.pakery.pl\/pl\/produkt\/zawor-do-iniekcji-z-manometrem\/\" \/>\n<meta property=\"og:site_name\" content=\"PAKERY.PL\" \/>\n<meta property=\"article:modified_time\" content=\"2022-07-01T10:27:38+00:00\" \/>\n<meta property=\"og:image\" content=\"https:\/\/www.pakery.pl\/wp-content\/uploads\/2021\/06\/zawor-do-iniekcji-z-manometrem.png\" \/>\n\t<meta property=\"og:image:width\" content=\"2500\" \/>\n\t<meta property=\"og:image:height\" content=\"2500\" \/>\n\t<meta property=\"og:image:type\" content=\"image\/png\" \/>\n<meta name=\"twitter:card\" content=\"summary_large_image\" \/>\n<meta name=\"twitter:label1\" content=\"Szacowany czas czytania\" \/>\n\t<meta name=\"twitter:data1\" content=\"1 minuta\" \/>\n<script type=\"application\/ld+json\" class=\"yoast-schema-graph\">{\"@context\":\"https:\\\/\\\/schema.org\",\"@graph\":[{\"@type\":\"WebPage\",\"@id\":\"https:\\\/\\\/www.pakery.pl\\\/pl\\\/produkt\\\/zawor-do-iniekcji-z-manometrem\\\/\",\"url\":\"https:\\\/\\\/www.pakery.pl\\\/pl\\\/produkt\\\/zawor-do-iniekcji-z-manometrem\\\/\",\"name\":\"Zaw\u00f3r Do Iniekcji Z Manometrem - PAKERY.PL\",\"isPartOf\":{\"@id\":\"https:\\\/\\\/www.pakery.pl\\\/pl\\\/#website\"},\"primaryImageOfPage\":{\"@id\":\"https:\\\/\\\/www.pakery.pl\\\/pl\\\/produkt\\\/zawor-do-iniekcji-z-manometrem\\\/#primaryimage\"},\"image\":{\"@id\":\"https:\\\/\\\/www.pakery.pl\\\/pl\\\/produkt\\\/zawor-do-iniekcji-z-manometrem\\\/#primaryimage\"},\"thumbnailUrl\":\"https:\\\/\\\/www.pakery.pl\\\/wp-content\\\/uploads\\\/2021\\\/06\\\/zawor-do-iniekcji-z-manometrem.png\",\"datePublished\":\"2021-06-08T10:16:34+00:00\",\"dateModified\":\"2022-07-01T10:27:38+00:00\",\"breadcrumb\":{\"@id\":\"https:\\\/\\\/www.pakery.pl\\\/pl\\\/produkt\\\/zawor-do-iniekcji-z-manometrem\\\/#breadcrumb\"},\"inLanguage\":\"pl-PL\",\"potentialAction\":[{\"@type\":\"ReadAction\",\"target\":[\"https:\\\/\\\/www.pakery.pl\\\/pl\\\/produkt\\\/zawor-do-iniekcji-z-manometrem\\\/\"]}]},{\"@type\":\"ImageObject\",\"inLanguage\":\"pl-PL\",\"@id\":\"https:\\\/\\\/www.pakery.pl\\\/pl\\\/produkt\\\/zawor-do-iniekcji-z-manometrem\\\/#primaryimage\",\"url\":\"https:\\\/\\\/www.pakery.pl\\\/wp-content\\\/uploads\\\/2021\\\/06\\\/zawor-do-iniekcji-z-manometrem.png\",\"contentUrl\":\"https:\\\/\\\/www.pakery.pl\\\/wp-content\\\/uploads\\\/2021\\\/06\\\/zawor-do-iniekcji-z-manometrem.png\",\"width\":2500,\"height\":2500},{\"@type\":\"BreadcrumbList\",\"@id\":\"https:\\\/\\\/www.pakery.pl\\\/pl\\\/produkt\\\/zawor-do-iniekcji-z-manometrem\\\/#breadcrumb\",\"itemListElement\":[{\"@type\":\"ListItem\",\"position\":1,\"name\":\"Strona g\u0142\u00f3wna\",\"item\":\"https:\\\/\\\/www.pakery.pl\\\/pl\\\/\"},{\"@type\":\"ListItem\",\"position\":2,\"name\":\"Sklep\",\"item\":\"https:\\\/\\\/www.pakery.pl\\\/pl\\\/sklep\\\/\"},{\"@type\":\"ListItem\",\"position\":3,\"name\":\"Zaw\u00f3r Do Iniekcji Z Manometrem\"}]},{\"@type\":\"WebSite\",\"@id\":\"https:\\\/\\\/www.pakery.pl\\\/pl\\\/#website\",\"url\":\"https:\\\/\\\/www.pakery.pl\\\/pl\\\/\",\"name\":\"Pakery.pl\",\"description\":\"Pakery iniekcyjne, Kotwy spiralne, Lance iniekcyjne, W\u0119\u017ce do iniekcji, Pompy iniekcyjne, Serwis pomp iniekcyjnych, Wynajem pomp do iniekcji\",\"publisher\":{\"@id\":\"https:\\\/\\\/www.pakery.pl\\\/pl\\\/#organization\"},\"potentialAction\":[{\"@type\":\"SearchAction\",\"target\":{\"@type\":\"EntryPoint\",\"urlTemplate\":\"https:\\\/\\\/www.pakery.pl\\\/pl\\\/?s={search_term_string}\"},\"query-input\":{\"@type\":\"PropertyValueSpecification\",\"valueRequired\":true,\"valueName\":\"search_term_string\"}}],\"inLanguage\":\"pl-PL\"},{\"@type\":\"Organization\",\"@id\":\"https:\\\/\\\/www.pakery.pl\\\/pl\\\/#organization\",\"name\":\"PAKERY.PL\",\"url\":\"https:\\\/\\\/www.pakery.pl\\\/pl\\\/\",\"logo\":{\"@type\":\"ImageObject\",\"inLanguage\":\"pl-PL\",\"@id\":\"https:\\\/\\\/www.pakery.pl\\\/pl\\\/#\\\/schema\\\/logo\\\/image\\\/\",\"url\":\"https:\\\/\\\/www.pakery.pl\\\/wp-content\\\/uploads\\\/2021\\\/04\\\/cropped-PAKERY-LOGO.png\",\"contentUrl\":\"https:\\\/\\\/www.pakery.pl\\\/wp-content\\\/uploads\\\/2021\\\/04\\\/cropped-PAKERY-LOGO.png\",\"width\":1529,\"height\":500,\"caption\":\"PAKERY.PL\"},\"image\":{\"@id\":\"https:\\\/\\\/www.pakery.pl\\\/pl\\\/#\\\/schema\\\/logo\\\/image\\\/\"}}]}<\/script>\n<!-- \/ Yoast SEO plugin. -->","yoast_head_json":{"title":"Zaw\u00f3r Do Iniekcji Z Manometrem - PAKERY.PL","robots":{"index":"index","follow":"follow","max-snippet":"max-snippet:-1","max-image-preview":"max-image-preview:large","max-video-preview":"max-video-preview:-1"},"canonical":"https:\/\/www.pakery.pl\/pl\/produkt\/zawor-do-iniekcji-z-manometrem\/","og_locale":"pl_PL","og_type":"article","og_title":"Zaw\u00f3r Do Iniekcji Z Manometrem - PAKERY.PL","og_description":"Zastosowanie:\u00a0Do dozowania iniektu. W\u0142a\u015bciwo\u015bci:\u00a0zaw\u00f3r iniekcyjny z pod\u0142\u0105czeniem 1\/4. W zestawie z w\u0119\u017cykiem iniekcynym o d\u0142ugo\u015bci 50 cm oraz ko\u0144c\u00f3wk\u0105 czteroszcz\u0119kow\u0105, manometrem u\u0142atwiaj\u0105cym kontrol\u0119 czy iniekt rozchodzi si\u0119 w rys\u0119.","og_url":"https:\/\/www.pakery.pl\/pl\/produkt\/zawor-do-iniekcji-z-manometrem\/","og_site_name":"PAKERY.PL","article_modified_time":"2022-07-01T10:27:38+00:00","og_image":[{"width":2500,"height":2500,"url":"https:\/\/www.pakery.pl\/wp-content\/uploads\/2021\/06\/zawor-do-iniekcji-z-manometrem.png","type":"image\/png"}],"twitter_card":"summary_large_image","twitter_misc":{"Szacowany czas czytania":"1 minuta"},"schema":{"@context":"https:\/\/schema.org","@graph":[{"@type":"WebPage","@id":"https:\/\/www.pakery.pl\/pl\/produkt\/zawor-do-iniekcji-z-manometrem\/","url":"https:\/\/www.pakery.pl\/pl\/produkt\/zawor-do-iniekcji-z-manometrem\/","name":"Zaw\u00f3r Do Iniekcji Z Manometrem - PAKERY.PL","isPartOf":{"@id":"https:\/\/www.pakery.pl\/pl\/#website"},"primaryImageOfPage":{"@id":"https:\/\/www.pakery.pl\/pl\/produkt\/zawor-do-iniekcji-z-manometrem\/#primaryimage"},"image":{"@id":"https:\/\/www.pakery.pl\/pl\/produkt\/zawor-do-iniekcji-z-manometrem\/#primaryimage"},"thumbnailUrl":"https:\/\/www.pakery.pl\/wp-content\/uploads\/2021\/06\/zawor-do-iniekcji-z-manometrem.png","datePublished":"2021-06-08T10:16:34+00:00","dateModified":"2022-07-01T10:27:38+00:00","breadcrumb":{"@id":"https:\/\/www.pakery.pl\/pl\/produkt\/zawor-do-iniekcji-z-manometrem\/#breadcrumb"},"inLanguage":"pl-PL","potentialAction":[{"@type":"ReadAction","target":["https:\/\/www.pakery.pl\/pl\/produkt\/zawor-do-iniekcji-z-manometrem\/"]}]},{"@type":"ImageObject","inLanguage":"pl-PL","@id":"https:\/\/www.pakery.pl\/pl\/produkt\/zawor-do-iniekcji-z-manometrem\/#primaryimage","url":"https:\/\/www.pakery.pl\/wp-content\/uploads\/2021\/06\/zawor-do-iniekcji-z-manometrem.png","contentUrl":"https:\/\/www.pakery.pl\/wp-content\/uploads\/2021\/06\/zawor-do-iniekcji-z-manometrem.png","width":2500,"height":2500},{"@type":"BreadcrumbList","@id":"https:\/\/www.pakery.pl\/pl\/produkt\/zawor-do-iniekcji-z-manometrem\/#breadcrumb","itemListElement":[{"@type":"ListItem","position":1,"name":"Strona g\u0142\u00f3wna","item":"https:\/\/www.pakery.pl\/pl\/"},{"@type":"ListItem","position":2,"name":"Sklep","item":"https:\/\/www.pakery.pl\/pl\/sklep\/"},{"@type":"ListItem","position":3,"name":"Zaw\u00f3r Do Iniekcji Z Manometrem"}]},{"@type":"WebSite","@id":"https:\/\/www.pakery.pl\/pl\/#website","url":"https:\/\/www.pakery.pl\/pl\/","name":"Pakery.pl","description":"Pakery iniekcyjne, Kotwy spiralne, Lance iniekcyjne, W\u0119\u017ce do iniekcji, Pompy iniekcyjne, Serwis pomp iniekcyjnych, Wynajem pomp do iniekcji","publisher":{"@id":"https:\/\/www.pakery.pl\/pl\/#organization"},"potentialAction":[{"@type":"SearchAction","target":{"@type":"EntryPoint","urlTemplate":"https:\/\/www.pakery.pl\/pl\/?s={search_term_string}"},"query-input":{"@type":"PropertyValueSpecification","valueRequired":true,"valueName":"search_term_string"}}],"inLanguage":"pl-PL"},{"@type":"Organization","@id":"https:\/\/www.pakery.pl\/pl\/#organization","name":"PAKERY.PL","url":"https:\/\/www.pakery.pl\/pl\/","logo":{"@type":"ImageObject","inLanguage":"pl-PL","@id":"https:\/\/www.pakery.pl\/pl\/#\/schema\/logo\/image\/","url":"https:\/\/www.pakery.pl\/wp-content\/uploads\/2021\/04\/cropped-PAKERY-LOGO.png","contentUrl":"https:\/\/www.pakery.pl\/wp-content\/uploads\/2021\/04\/cropped-PAKERY-LOGO.png","width":1529,"height":500,"caption":"PAKERY.PL"},"image":{"@id":"https:\/\/www.pakery.pl\/pl\/#\/schema\/logo\/image\/"}}]}},"_links":{"self":[{"href":"https:\/\/www.pakery.pl\/pl\/wp-json\/wp\/v2\/product\/4632","targetHints":{"allow":["GET"]}}],"collection":[{"href":"https:\/\/www.pakery.pl\/pl\/wp-json\/wp\/v2\/product"}],"about":[{"href":"https:\/\/www.pakery.pl\/pl\/wp-json\/wp\/v2\/types\/product"}],"version-history":[{"count":2,"href":"https:\/\/www.pakery.pl\/pl\/wp-json\/wp\/v2\/product\/4632\/revisions"}],"predecessor-version":[{"id":4636,"href":"https:\/\/www.pakery.pl\/pl\/wp-json\/wp\/v2\/product\/4632\/revisions\/4636"}],"wp:featuredmedia":[{"embeddable":true,"href":"https:\/\/www.pakery.pl\/pl\/wp-json\/wp\/v2\/media\/4633"}],"wp:attachment":[{"href":"https:\/\/www.pakery.pl\/pl\/wp-json\/wp\/v2\/media?parent=4632"}],"wp:term":[{"taxonomy":"product_brand","embeddable":true,"href":"https:\/\/www.pakery.pl\/pl\/wp-json\/wp\/v2\/product_brand?post=4632"},{"taxonomy":"product_cat","embeddable":true,"href":"https:\/\/www.pakery.pl\/pl\/wp-json\/wp\/v2\/product_cat?post=4632"},{"taxonomy":"product_tag","embeddable":true,"href":"https:\/\/www.pakery.pl\/pl\/wp-json\/wp\/v2\/product_tag?post=4632"}],"curies":[{"name":"wp","href":"https:\/\/api.w.org\/{rel}","templated":true}]}}