{"id":4621,"date":"2021-06-08T12:08:49","date_gmt":"2021-06-08T10:08:49","guid":{"rendered":"https:\/\/www.pakery.pl\/?post_type=product&#038;p=4621"},"modified":"2022-07-01T12:47:23","modified_gmt":"2022-07-01T10:47:23","slug":"modul-iniekcyjny-do-pump-integrale-800","status":"publish","type":"product","link":"https:\/\/www.pakery.pl\/pl\/produkt\/modul-iniekcyjny-do-pump-integrale-800\/","title":{"rendered":"Modu\u0142 Do PUMP INTEGRALE 800"},"content":{"rendered":"<h1>Modu\u0142 iniekcyjny\u00a0do pompy Pump Integrale 800<\/h1>\n<p>Modu\u0142 pasuje do ka\u017cdej pompy PUMP INTEGRALE 800<\/p>\n<p>Zaopatrzony jest w nasad\u0119 p\u0142ask\u0105 CPF i zaw\u00f3r kulowy<\/p>\n<p>Pozwala na wt\u0142oczenie materia\u0142u (np. krzemiany, lub dyspersje wodne) do konstrukcji przez pakera iniekcyjnego PI-PH 12-15\/84F z si\u0142\u0105 do 1 BAR.<\/p>\n","protected":false},"excerpt":{"rendered":"<p>Modu\u0142 iniekcyjny\u00a0do pompy Pump Integrale 800 Modu\u0142 pasuje do ka\u017cdej pompy PUMP INTEGRALE 800 Zaopatrzony jest w nasad\u0119 p\u0142ask\u0105 CPF i zaw\u00f3r kulowy Pozwala na wt\u0142oczenie materia\u0142u (np. krzemiany, lub dyspersje wodne) do konstrukcji przez pakera iniekcyjnego PI-PH 12-15\/84F z si\u0142\u0105 do 1 BAR.<\/p>\n","protected":false},"featured_media":4622,"template":"","meta":{"_acf_changed":false},"product_brand":[],"product_cat":[33],"product_tag":[],"class_list":{"0":"post-4621","1":"product","2":"type-product","3":"status-publish","4":"has-post-thumbnail","6":"product_cat-akcesoria-iniekcyjne","7":"pa_przylacza-i-czyszczenie-przylacza-i-czyszczenie","9":"first","10":"instock","11":"taxable","12":"shipping-taxable","13":"purchasable","14":"product-type-simple"},"acf":[],"yoast_head":"<!-- This site is optimized with the Yoast SEO plugin v27.3 - https:\/\/yoast.com\/product\/yoast-seo-wordpress\/ -->\n<title>Modu\u0142 Do PUMP INTEGRALE 800 - PAKERY.PL<\/title>\n<meta name=\"robots\" content=\"index, follow, max-snippet:-1, max-image-preview:large, max-video-preview:-1\" \/>\n<link rel=\"canonical\" href=\"https:\/\/www.pakery.pl\/pl\/produkt\/modul-iniekcyjny-do-pump-integrale-800\/\" \/>\n<meta property=\"og:locale\" content=\"pl_PL\" \/>\n<meta property=\"og:type\" content=\"article\" \/>\n<meta property=\"og:title\" content=\"Modu\u0142 Do PUMP INTEGRALE 800 - PAKERY.PL\" \/>\n<meta property=\"og:description\" content=\"Modu\u0142 iniekcyjny\u00a0do pompy Pump Integrale 800 Modu\u0142 pasuje do ka\u017cdej pompy PUMP INTEGRALE 800 Zaopatrzony jest w nasad\u0119 p\u0142ask\u0105 CPF i zaw\u00f3r kulowy Pozwala na wt\u0142oczenie materia\u0142u (np. krzemiany, lub dyspersje wodne) do konstrukcji przez pakera iniekcyjnego PI-PH 12-15\/84F z si\u0142\u0105 do 1 BAR.\" \/>\n<meta property=\"og:url\" content=\"https:\/\/www.pakery.pl\/pl\/produkt\/modul-iniekcyjny-do-pump-integrale-800\/\" \/>\n<meta property=\"og:site_name\" content=\"PAKERY.PL\" \/>\n<meta property=\"article:modified_time\" content=\"2022-07-01T10:47:23+00:00\" \/>\n<meta property=\"og:image\" content=\"https:\/\/www.pakery.pl\/wp-content\/uploads\/2021\/06\/modul-do-iniekcji.png\" \/>\n\t<meta property=\"og:image:width\" content=\"2500\" \/>\n\t<meta property=\"og:image:height\" content=\"2500\" \/>\n\t<meta property=\"og:image:type\" content=\"image\/png\" \/>\n<meta name=\"twitter:card\" content=\"summary_large_image\" \/>\n<meta name=\"twitter:label1\" content=\"Szacowany czas czytania\" \/>\n\t<meta name=\"twitter:data1\" content=\"1 minuta\" \/>\n<script type=\"application\/ld+json\" class=\"yoast-schema-graph\">{\"@context\":\"https:\\\/\\\/schema.org\",\"@graph\":[{\"@type\":\"WebPage\",\"@id\":\"https:\\\/\\\/www.pakery.pl\\\/pl\\\/produkt\\\/modul-iniekcyjny-do-pump-integrale-800\\\/\",\"url\":\"https:\\\/\\\/www.pakery.pl\\\/pl\\\/produkt\\\/modul-iniekcyjny-do-pump-integrale-800\\\/\",\"name\":\"Modu\u0142 Do PUMP INTEGRALE 800 - PAKERY.PL\",\"isPartOf\":{\"@id\":\"https:\\\/\\\/www.pakery.pl\\\/pl\\\/#website\"},\"primaryImageOfPage\":{\"@id\":\"https:\\\/\\\/www.pakery.pl\\\/pl\\\/produkt\\\/modul-iniekcyjny-do-pump-integrale-800\\\/#primaryimage\"},\"image\":{\"@id\":\"https:\\\/\\\/www.pakery.pl\\\/pl\\\/produkt\\\/modul-iniekcyjny-do-pump-integrale-800\\\/#primaryimage\"},\"thumbnailUrl\":\"https:\\\/\\\/www.pakery.pl\\\/wp-content\\\/uploads\\\/2021\\\/06\\\/modul-do-iniekcji.png\",\"datePublished\":\"2021-06-08T10:08:49+00:00\",\"dateModified\":\"2022-07-01T10:47:23+00:00\",\"breadcrumb\":{\"@id\":\"https:\\\/\\\/www.pakery.pl\\\/pl\\\/produkt\\\/modul-iniekcyjny-do-pump-integrale-800\\\/#breadcrumb\"},\"inLanguage\":\"pl-PL\",\"potentialAction\":[{\"@type\":\"ReadAction\",\"target\":[\"https:\\\/\\\/www.pakery.pl\\\/pl\\\/produkt\\\/modul-iniekcyjny-do-pump-integrale-800\\\/\"]}]},{\"@type\":\"ImageObject\",\"inLanguage\":\"pl-PL\",\"@id\":\"https:\\\/\\\/www.pakery.pl\\\/pl\\\/produkt\\\/modul-iniekcyjny-do-pump-integrale-800\\\/#primaryimage\",\"url\":\"https:\\\/\\\/www.pakery.pl\\\/wp-content\\\/uploads\\\/2021\\\/06\\\/modul-do-iniekcji.png\",\"contentUrl\":\"https:\\\/\\\/www.pakery.pl\\\/wp-content\\\/uploads\\\/2021\\\/06\\\/modul-do-iniekcji.png\",\"width\":2500,\"height\":2500},{\"@type\":\"BreadcrumbList\",\"@id\":\"https:\\\/\\\/www.pakery.pl\\\/pl\\\/produkt\\\/modul-iniekcyjny-do-pump-integrale-800\\\/#breadcrumb\",\"itemListElement\":[{\"@type\":\"ListItem\",\"position\":1,\"name\":\"Strona g\u0142\u00f3wna\",\"item\":\"https:\\\/\\\/www.pakery.pl\\\/pl\\\/\"},{\"@type\":\"ListItem\",\"position\":2,\"name\":\"Sklep\",\"item\":\"https:\\\/\\\/www.pakery.pl\\\/pl\\\/sklep\\\/\"},{\"@type\":\"ListItem\",\"position\":3,\"name\":\"Modu\u0142 Do PUMP INTEGRALE 800\"}]},{\"@type\":\"WebSite\",\"@id\":\"https:\\\/\\\/www.pakery.pl\\\/pl\\\/#website\",\"url\":\"https:\\\/\\\/www.pakery.pl\\\/pl\\\/\",\"name\":\"Pakery.pl\",\"description\":\"Pakery iniekcyjne, Kotwy spiralne, Lance iniekcyjne, W\u0119\u017ce do iniekcji, Pompy iniekcyjne, Serwis pomp iniekcyjnych, Wynajem pomp do iniekcji\",\"publisher\":{\"@id\":\"https:\\\/\\\/www.pakery.pl\\\/pl\\\/#organization\"},\"potentialAction\":[{\"@type\":\"SearchAction\",\"target\":{\"@type\":\"EntryPoint\",\"urlTemplate\":\"https:\\\/\\\/www.pakery.pl\\\/pl\\\/?s={search_term_string}\"},\"query-input\":{\"@type\":\"PropertyValueSpecification\",\"valueRequired\":true,\"valueName\":\"search_term_string\"}}],\"inLanguage\":\"pl-PL\"},{\"@type\":\"Organization\",\"@id\":\"https:\\\/\\\/www.pakery.pl\\\/pl\\\/#organization\",\"name\":\"PAKERY.PL\",\"url\":\"https:\\\/\\\/www.pakery.pl\\\/pl\\\/\",\"logo\":{\"@type\":\"ImageObject\",\"inLanguage\":\"pl-PL\",\"@id\":\"https:\\\/\\\/www.pakery.pl\\\/pl\\\/#\\\/schema\\\/logo\\\/image\\\/\",\"url\":\"https:\\\/\\\/www.pakery.pl\\\/wp-content\\\/uploads\\\/2021\\\/04\\\/cropped-PAKERY-LOGO.png\",\"contentUrl\":\"https:\\\/\\\/www.pakery.pl\\\/wp-content\\\/uploads\\\/2021\\\/04\\\/cropped-PAKERY-LOGO.png\",\"width\":1529,\"height\":500,\"caption\":\"PAKERY.PL\"},\"image\":{\"@id\":\"https:\\\/\\\/www.pakery.pl\\\/pl\\\/#\\\/schema\\\/logo\\\/image\\\/\"}}]}<\/script>\n<!-- \/ Yoast SEO plugin. -->","yoast_head_json":{"title":"Modu\u0142 Do PUMP INTEGRALE 800 - PAKERY.PL","robots":{"index":"index","follow":"follow","max-snippet":"max-snippet:-1","max-image-preview":"max-image-preview:large","max-video-preview":"max-video-preview:-1"},"canonical":"https:\/\/www.pakery.pl\/pl\/produkt\/modul-iniekcyjny-do-pump-integrale-800\/","og_locale":"pl_PL","og_type":"article","og_title":"Modu\u0142 Do PUMP INTEGRALE 800 - PAKERY.PL","og_description":"Modu\u0142 iniekcyjny\u00a0do pompy Pump Integrale 800 Modu\u0142 pasuje do ka\u017cdej pompy PUMP INTEGRALE 800 Zaopatrzony jest w nasad\u0119 p\u0142ask\u0105 CPF i zaw\u00f3r kulowy Pozwala na wt\u0142oczenie materia\u0142u (np. krzemiany, lub dyspersje wodne) do konstrukcji przez pakera iniekcyjnego PI-PH 12-15\/84F z si\u0142\u0105 do 1 BAR.","og_url":"https:\/\/www.pakery.pl\/pl\/produkt\/modul-iniekcyjny-do-pump-integrale-800\/","og_site_name":"PAKERY.PL","article_modified_time":"2022-07-01T10:47:23+00:00","og_image":[{"width":2500,"height":2500,"url":"https:\/\/www.pakery.pl\/wp-content\/uploads\/2021\/06\/modul-do-iniekcji.png","type":"image\/png"}],"twitter_card":"summary_large_image","twitter_misc":{"Szacowany czas czytania":"1 minuta"},"schema":{"@context":"https:\/\/schema.org","@graph":[{"@type":"WebPage","@id":"https:\/\/www.pakery.pl\/pl\/produkt\/modul-iniekcyjny-do-pump-integrale-800\/","url":"https:\/\/www.pakery.pl\/pl\/produkt\/modul-iniekcyjny-do-pump-integrale-800\/","name":"Modu\u0142 Do PUMP INTEGRALE 800 - PAKERY.PL","isPartOf":{"@id":"https:\/\/www.pakery.pl\/pl\/#website"},"primaryImageOfPage":{"@id":"https:\/\/www.pakery.pl\/pl\/produkt\/modul-iniekcyjny-do-pump-integrale-800\/#primaryimage"},"image":{"@id":"https:\/\/www.pakery.pl\/pl\/produkt\/modul-iniekcyjny-do-pump-integrale-800\/#primaryimage"},"thumbnailUrl":"https:\/\/www.pakery.pl\/wp-content\/uploads\/2021\/06\/modul-do-iniekcji.png","datePublished":"2021-06-08T10:08:49+00:00","dateModified":"2022-07-01T10:47:23+00:00","breadcrumb":{"@id":"https:\/\/www.pakery.pl\/pl\/produkt\/modul-iniekcyjny-do-pump-integrale-800\/#breadcrumb"},"inLanguage":"pl-PL","potentialAction":[{"@type":"ReadAction","target":["https:\/\/www.pakery.pl\/pl\/produkt\/modul-iniekcyjny-do-pump-integrale-800\/"]}]},{"@type":"ImageObject","inLanguage":"pl-PL","@id":"https:\/\/www.pakery.pl\/pl\/produkt\/modul-iniekcyjny-do-pump-integrale-800\/#primaryimage","url":"https:\/\/www.pakery.pl\/wp-content\/uploads\/2021\/06\/modul-do-iniekcji.png","contentUrl":"https:\/\/www.pakery.pl\/wp-content\/uploads\/2021\/06\/modul-do-iniekcji.png","width":2500,"height":2500},{"@type":"BreadcrumbList","@id":"https:\/\/www.pakery.pl\/pl\/produkt\/modul-iniekcyjny-do-pump-integrale-800\/#breadcrumb","itemListElement":[{"@type":"ListItem","position":1,"name":"Strona g\u0142\u00f3wna","item":"https:\/\/www.pakery.pl\/pl\/"},{"@type":"ListItem","position":2,"name":"Sklep","item":"https:\/\/www.pakery.pl\/pl\/sklep\/"},{"@type":"ListItem","position":3,"name":"Modu\u0142 Do PUMP INTEGRALE 800"}]},{"@type":"WebSite","@id":"https:\/\/www.pakery.pl\/pl\/#website","url":"https:\/\/www.pakery.pl\/pl\/","name":"Pakery.pl","description":"Pakery iniekcyjne, Kotwy spiralne, Lance iniekcyjne, W\u0119\u017ce do iniekcji, Pompy iniekcyjne, Serwis pomp iniekcyjnych, Wynajem pomp do iniekcji","publisher":{"@id":"https:\/\/www.pakery.pl\/pl\/#organization"},"potentialAction":[{"@type":"SearchAction","target":{"@type":"EntryPoint","urlTemplate":"https:\/\/www.pakery.pl\/pl\/?s={search_term_string}"},"query-input":{"@type":"PropertyValueSpecification","valueRequired":true,"valueName":"search_term_string"}}],"inLanguage":"pl-PL"},{"@type":"Organization","@id":"https:\/\/www.pakery.pl\/pl\/#organization","name":"PAKERY.PL","url":"https:\/\/www.pakery.pl\/pl\/","logo":{"@type":"ImageObject","inLanguage":"pl-PL","@id":"https:\/\/www.pakery.pl\/pl\/#\/schema\/logo\/image\/","url":"https:\/\/www.pakery.pl\/wp-content\/uploads\/2021\/04\/cropped-PAKERY-LOGO.png","contentUrl":"https:\/\/www.pakery.pl\/wp-content\/uploads\/2021\/04\/cropped-PAKERY-LOGO.png","width":1529,"height":500,"caption":"PAKERY.PL"},"image":{"@id":"https:\/\/www.pakery.pl\/pl\/#\/schema\/logo\/image\/"}}]}},"_links":{"self":[{"href":"https:\/\/www.pakery.pl\/pl\/wp-json\/wp\/v2\/product\/4621","targetHints":{"allow":["GET"]}}],"collection":[{"href":"https:\/\/www.pakery.pl\/pl\/wp-json\/wp\/v2\/product"}],"about":[{"href":"https:\/\/www.pakery.pl\/pl\/wp-json\/wp\/v2\/types\/product"}],"version-history":[{"count":3,"href":"https:\/\/www.pakery.pl\/pl\/wp-json\/wp\/v2\/product\/4621\/revisions"}],"predecessor-version":[{"id":4626,"href":"https:\/\/www.pakery.pl\/pl\/wp-json\/wp\/v2\/product\/4621\/revisions\/4626"}],"wp:featuredmedia":[{"embeddable":true,"href":"https:\/\/www.pakery.pl\/pl\/wp-json\/wp\/v2\/media\/4622"}],"wp:attachment":[{"href":"https:\/\/www.pakery.pl\/pl\/wp-json\/wp\/v2\/media?parent=4621"}],"wp:term":[{"taxonomy":"product_brand","embeddable":true,"href":"https:\/\/www.pakery.pl\/pl\/wp-json\/wp\/v2\/product_brand?post=4621"},{"taxonomy":"product_cat","embeddable":true,"href":"https:\/\/www.pakery.pl\/pl\/wp-json\/wp\/v2\/product_cat?post=4621"},{"taxonomy":"product_tag","embeddable":true,"href":"https:\/\/www.pakery.pl\/pl\/wp-json\/wp\/v2\/product_tag?post=4621"}],"curies":[{"name":"wp","href":"https:\/\/api.w.org\/{rel}","templated":true}]}}