{"id":37285,"date":"2021-09-09T09:25:13","date_gmt":"2021-09-09T07:25:13","guid":{"rendered":"https:\/\/www.pakery.pl\/?post_type=product&#038;p=37285"},"modified":"2021-09-13T11:57:56","modified_gmt":"2021-09-13T09:57:56","slug":"paker-iniekcyjny-klinowy-rysa-od-25-mm","status":"publish","type":"product","link":"https:\/\/www.pakery.pl\/pl\/produkt\/paker-iniekcyjny-klinowy-rysa-od-25-mm\/","title":{"rendered":"Paker iniekcyjny klinowy &#8211; rysa od 2,5 mm"},"content":{"rendered":"\t\t<div data-elementor-type=\"product-post\" data-elementor-id=\"37285\" class=\"elementor elementor-37285 elementor-37286\" data-elementor-post-type=\"product\">\n\t\t\t\t\t\t<section class=\"elementor-section elementor-top-section elementor-element elementor-element-cf557bc elementor-section-full_width elementor-section-height-default elementor-section-height-default\" data-id=\"cf557bc\" data-element_type=\"section\" data-e-type=\"section\">\n\t\t\t\t\t\t<div class=\"elementor-container elementor-column-gap-default\">\n\t\t\t\t\t<div class=\"elementor-column elementor-col-100 elementor-top-column elementor-element elementor-element-6557a9f\" data-id=\"6557a9f\" data-element_type=\"column\" data-e-type=\"column\">\n\t\t\t<div class=\"elementor-widget-wrap elementor-element-populated\">\n\t\t\t\t\t\t<div class=\"elementor-element elementor-element-b29c443 elementor-widget elementor-widget-text-editor\" data-id=\"b29c443\" data-element_type=\"widget\" data-e-type=\"widget\" data-widget_type=\"text-editor.default\">\n\t\t\t\t<div class=\"elementor-widget-container\">\n\t\t\t\t\t\t\t\t\t<p style=\"font-size: 16px; color: #222222; font-family: 'Open Sans', sans-serif;\"><span style=\"color: #000000;\">Do bezpo\u015bredniego wbijania w rysy.<\/span><\/p><p style=\"font-size: 16px; color: #222222; font-family: 'Open Sans', sans-serif;\"><span style=\"color: #000000;\">Do stosowania przy iniekcji rys we wszystkich popularnych materia\u0142ach budowlanych, takich jak:<\/span><\/p><ul style=\"font-size: 16px; color: #222222; font-family: 'Open Sans', sans-serif; list-style-type: circle;\"><li><span style=\"color: #000000;\">beton,<\/span><\/li><li><span style=\"color: #000000;\">granit,<\/span><\/li><li><span style=\"color: #000000;\">pustak,<\/span><\/li><li><span style=\"color: #000000;\">ceg\u0142a,<\/span><\/li><li><span style=\"color: #000000;\">piaskowiec<\/span><\/li><\/ul><p style=\"font-size: 16px; color: #222222; font-family: 'Open Sans', sans-serif;\"><span style=\"color: #000000;\">Nadaje si\u0119 do iniekcji\u00a0<b>\u017cywicy epoksydowej, \u017cywicy poliuretanowej, zawiesiny mikrocementowej.<\/b><\/span><\/p><p style=\"font-size: 16px; color: #222222; font-family: 'Open Sans', sans-serif;\"><span style=\"color: #000000;\">Bardzo dobrze nadaje si\u0119 do bezpo\u015bredniego wbijania w drewno, do impregnacji ci\u015bnieniowej, do impregnacji \u015brodkami ochrony drewna lub \u017cywic\u0105 epoksydow\u0105 do konsolidacji drewna. Pakery klinowe mo\u017cna \u0142atwo usun\u0105\u0107 z materia\u0142\u00f3w budowlanych bez pozostawiania \u015blad\u00f3w. Przy mocnym osadzeniu mog\u0105 by\u0107 stosowane przy maksymalnym ci\u015bnieniu wtrysku do 50 bar.<\/span><\/p>\t\t\t\t\t\t\t\t<\/div>\n\t\t\t\t<\/div>\n\t\t\t\t\t<\/div>\n\t\t<\/div>\n\t\t\t\t\t<\/div>\n\t\t<\/section>\n\t\t\t\t<\/div>\n\t\t","protected":false},"excerpt":{"rendered":"<p>Do bezpo\u015bredniego wbijania w rysy. Do stosowania przy iniekcji rys we wszystkich popularnych materia\u0142ach budowlanych, takich jak: beton, granit, pustak, ceg\u0142a, piaskowiec Nadaje si\u0119 do iniekcji\u00a0\u017cywicy epoksydowej, \u017cywicy poliuretanowej, zawiesiny mikrocementowej. Bardzo dobrze nadaje si\u0119 do bezpo\u015bredniego wbijania w drewno, do impregnacji ci\u015bnieniowej, do impregnacji \u015brodkami ochrony drewna lub \u017cywic\u0105 epoksydow\u0105 do konsolidacji drewna. Pakery [&hellip;]<\/p>\n","protected":false},"featured_media":37476,"template":"","meta":{"_acf_changed":false},"product_brand":[],"product_cat":[81,27,43],"product_tag":[],"class_list":{"0":"post-37285","1":"product","2":"type-product","3":"status-publish","4":"has-post-thumbnail","6":"product_cat-pakery-do-cementu","7":"product_cat-pakery-iniekcyjne-pakery-do-iniekcji","8":"product_cat-pakery-plastikowe","9":"pa_typ-kalamitki-bez-kalamitki","10":"pa_typ-kalamitki-kalamitka-plaska","11":"pa_typ-kalamitki-nasada-szczypcowa","13":"first","14":"instock","15":"taxable","16":"shipping-taxable","17":"purchasable","18":"product-type-variable"},"acf":[],"yoast_head":"<!-- This site is optimized with the Yoast SEO plugin v27.3 - https:\/\/yoast.com\/product\/yoast-seo-wordpress\/ -->\n<title>Paker iniekcyjny klinowy - rysa od 2,5 mm - PAKERY.PL<\/title>\n<meta name=\"description\" content=\"Paker iniekcyjny klinowy - rysa od 2,5 mm, HAMMPACK\" \/>\n<meta name=\"robots\" content=\"index, follow, max-snippet:-1, max-image-preview:large, max-video-preview:-1\" \/>\n<link rel=\"canonical\" href=\"https:\/\/www.pakery.pl\/pl\/produkt\/paker-iniekcyjny-klinowy-rysa-od-25-mm\/\" \/>\n<meta property=\"og:locale\" content=\"pl_PL\" \/>\n<meta property=\"og:type\" content=\"article\" \/>\n<meta property=\"og:title\" content=\"Paker iniekcyjny klinowy - rysa od 2,5 mm - PAKERY.PL\" \/>\n<meta property=\"og:description\" content=\"Paker iniekcyjny klinowy - rysa od 2,5 mm, HAMMPACK\" \/>\n<meta property=\"og:url\" content=\"https:\/\/www.pakery.pl\/pl\/produkt\/paker-iniekcyjny-klinowy-rysa-od-25-mm\/\" \/>\n<meta property=\"og:site_name\" content=\"PAKERY.PL\" \/>\n<meta property=\"article:modified_time\" content=\"2021-09-13T09:57:56+00:00\" \/>\n<meta property=\"og:image\" content=\"https:\/\/www.pakery.pl\/wp-content\/uploads\/2021\/09\/Paker-klinowy-25-mm-2-3.png\" \/>\n\t<meta property=\"og:image:width\" content=\"2500\" \/>\n\t<meta property=\"og:image:height\" content=\"2500\" \/>\n\t<meta property=\"og:image:type\" content=\"image\/png\" \/>\n<meta name=\"twitter:card\" content=\"summary_large_image\" \/>\n<script type=\"application\/ld+json\" class=\"yoast-schema-graph\">{\"@context\":\"https:\\\/\\\/schema.org\",\"@graph\":[{\"@type\":\"WebPage\",\"@id\":\"https:\\\/\\\/www.pakery.pl\\\/pl\\\/produkt\\\/paker-iniekcyjny-klinowy-rysa-od-25-mm\\\/\",\"url\":\"https:\\\/\\\/www.pakery.pl\\\/pl\\\/produkt\\\/paker-iniekcyjny-klinowy-rysa-od-25-mm\\\/\",\"name\":\"Paker iniekcyjny klinowy - rysa od 2,5 mm - PAKERY.PL\",\"isPartOf\":{\"@id\":\"https:\\\/\\\/www.pakery.pl\\\/pl\\\/#website\"},\"primaryImageOfPage\":{\"@id\":\"https:\\\/\\\/www.pakery.pl\\\/pl\\\/produkt\\\/paker-iniekcyjny-klinowy-rysa-od-25-mm\\\/#primaryimage\"},\"image\":{\"@id\":\"https:\\\/\\\/www.pakery.pl\\\/pl\\\/produkt\\\/paker-iniekcyjny-klinowy-rysa-od-25-mm\\\/#primaryimage\"},\"thumbnailUrl\":\"https:\\\/\\\/www.pakery.pl\\\/wp-content\\\/uploads\\\/2021\\\/09\\\/Paker-klinowy-25-mm-2-3.png\",\"datePublished\":\"2021-09-09T07:25:13+00:00\",\"dateModified\":\"2021-09-13T09:57:56+00:00\",\"description\":\"Paker iniekcyjny klinowy - rysa od 2,5 mm, HAMMPACK\",\"breadcrumb\":{\"@id\":\"https:\\\/\\\/www.pakery.pl\\\/pl\\\/produkt\\\/paker-iniekcyjny-klinowy-rysa-od-25-mm\\\/#breadcrumb\"},\"inLanguage\":\"pl-PL\",\"potentialAction\":[{\"@type\":\"ReadAction\",\"target\":[\"https:\\\/\\\/www.pakery.pl\\\/pl\\\/produkt\\\/paker-iniekcyjny-klinowy-rysa-od-25-mm\\\/\"]}]},{\"@type\":\"ImageObject\",\"inLanguage\":\"pl-PL\",\"@id\":\"https:\\\/\\\/www.pakery.pl\\\/pl\\\/produkt\\\/paker-iniekcyjny-klinowy-rysa-od-25-mm\\\/#primaryimage\",\"url\":\"https:\\\/\\\/www.pakery.pl\\\/wp-content\\\/uploads\\\/2021\\\/09\\\/Paker-klinowy-25-mm-2-3.png\",\"contentUrl\":\"https:\\\/\\\/www.pakery.pl\\\/wp-content\\\/uploads\\\/2021\\\/09\\\/Paker-klinowy-25-mm-2-3.png\",\"width\":2500,\"height\":2500},{\"@type\":\"BreadcrumbList\",\"@id\":\"https:\\\/\\\/www.pakery.pl\\\/pl\\\/produkt\\\/paker-iniekcyjny-klinowy-rysa-od-25-mm\\\/#breadcrumb\",\"itemListElement\":[{\"@type\":\"ListItem\",\"position\":1,\"name\":\"Strona g\u0142\u00f3wna\",\"item\":\"https:\\\/\\\/www.pakery.pl\\\/pl\\\/\"},{\"@type\":\"ListItem\",\"position\":2,\"name\":\"Sklep\",\"item\":\"https:\\\/\\\/www.pakery.pl\\\/pl\\\/sklep\\\/\"},{\"@type\":\"ListItem\",\"position\":3,\"name\":\"Paker iniekcyjny klinowy &#8211; rysa od 2,5 mm\"}]},{\"@type\":\"WebSite\",\"@id\":\"https:\\\/\\\/www.pakery.pl\\\/pl\\\/#website\",\"url\":\"https:\\\/\\\/www.pakery.pl\\\/pl\\\/\",\"name\":\"Pakery.pl\",\"description\":\"Pakery iniekcyjne, Kotwy spiralne, Lance iniekcyjne, W\u0119\u017ce do iniekcji, Pompy iniekcyjne, Serwis pomp iniekcyjnych, Wynajem pomp do iniekcji\",\"publisher\":{\"@id\":\"https:\\\/\\\/www.pakery.pl\\\/pl\\\/#organization\"},\"potentialAction\":[{\"@type\":\"SearchAction\",\"target\":{\"@type\":\"EntryPoint\",\"urlTemplate\":\"https:\\\/\\\/www.pakery.pl\\\/pl\\\/?s={search_term_string}\"},\"query-input\":{\"@type\":\"PropertyValueSpecification\",\"valueRequired\":true,\"valueName\":\"search_term_string\"}}],\"inLanguage\":\"pl-PL\"},{\"@type\":\"Organization\",\"@id\":\"https:\\\/\\\/www.pakery.pl\\\/pl\\\/#organization\",\"name\":\"PAKERY.PL\",\"url\":\"https:\\\/\\\/www.pakery.pl\\\/pl\\\/\",\"logo\":{\"@type\":\"ImageObject\",\"inLanguage\":\"pl-PL\",\"@id\":\"https:\\\/\\\/www.pakery.pl\\\/pl\\\/#\\\/schema\\\/logo\\\/image\\\/\",\"url\":\"https:\\\/\\\/www.pakery.pl\\\/wp-content\\\/uploads\\\/2021\\\/04\\\/cropped-PAKERY-LOGO.png\",\"contentUrl\":\"https:\\\/\\\/www.pakery.pl\\\/wp-content\\\/uploads\\\/2021\\\/04\\\/cropped-PAKERY-LOGO.png\",\"width\":1529,\"height\":500,\"caption\":\"PAKERY.PL\"},\"image\":{\"@id\":\"https:\\\/\\\/www.pakery.pl\\\/pl\\\/#\\\/schema\\\/logo\\\/image\\\/\"}}]}<\/script>\n<!-- \/ Yoast SEO plugin. -->","yoast_head_json":{"title":"Paker iniekcyjny klinowy - rysa od 2,5 mm - PAKERY.PL","description":"Paker iniekcyjny klinowy - rysa od 2,5 mm, HAMMPACK","robots":{"index":"index","follow":"follow","max-snippet":"max-snippet:-1","max-image-preview":"max-image-preview:large","max-video-preview":"max-video-preview:-1"},"canonical":"https:\/\/www.pakery.pl\/pl\/produkt\/paker-iniekcyjny-klinowy-rysa-od-25-mm\/","og_locale":"pl_PL","og_type":"article","og_title":"Paker iniekcyjny klinowy - rysa od 2,5 mm - PAKERY.PL","og_description":"Paker iniekcyjny klinowy - rysa od 2,5 mm, HAMMPACK","og_url":"https:\/\/www.pakery.pl\/pl\/produkt\/paker-iniekcyjny-klinowy-rysa-od-25-mm\/","og_site_name":"PAKERY.PL","article_modified_time":"2021-09-13T09:57:56+00:00","og_image":[{"width":2500,"height":2500,"url":"https:\/\/www.pakery.pl\/wp-content\/uploads\/2021\/09\/Paker-klinowy-25-mm-2-3.png","type":"image\/png"}],"twitter_card":"summary_large_image","schema":{"@context":"https:\/\/schema.org","@graph":[{"@type":"WebPage","@id":"https:\/\/www.pakery.pl\/pl\/produkt\/paker-iniekcyjny-klinowy-rysa-od-25-mm\/","url":"https:\/\/www.pakery.pl\/pl\/produkt\/paker-iniekcyjny-klinowy-rysa-od-25-mm\/","name":"Paker iniekcyjny klinowy - rysa od 2,5 mm - PAKERY.PL","isPartOf":{"@id":"https:\/\/www.pakery.pl\/pl\/#website"},"primaryImageOfPage":{"@id":"https:\/\/www.pakery.pl\/pl\/produkt\/paker-iniekcyjny-klinowy-rysa-od-25-mm\/#primaryimage"},"image":{"@id":"https:\/\/www.pakery.pl\/pl\/produkt\/paker-iniekcyjny-klinowy-rysa-od-25-mm\/#primaryimage"},"thumbnailUrl":"https:\/\/www.pakery.pl\/wp-content\/uploads\/2021\/09\/Paker-klinowy-25-mm-2-3.png","datePublished":"2021-09-09T07:25:13+00:00","dateModified":"2021-09-13T09:57:56+00:00","description":"Paker iniekcyjny klinowy - rysa od 2,5 mm, HAMMPACK","breadcrumb":{"@id":"https:\/\/www.pakery.pl\/pl\/produkt\/paker-iniekcyjny-klinowy-rysa-od-25-mm\/#breadcrumb"},"inLanguage":"pl-PL","potentialAction":[{"@type":"ReadAction","target":["https:\/\/www.pakery.pl\/pl\/produkt\/paker-iniekcyjny-klinowy-rysa-od-25-mm\/"]}]},{"@type":"ImageObject","inLanguage":"pl-PL","@id":"https:\/\/www.pakery.pl\/pl\/produkt\/paker-iniekcyjny-klinowy-rysa-od-25-mm\/#primaryimage","url":"https:\/\/www.pakery.pl\/wp-content\/uploads\/2021\/09\/Paker-klinowy-25-mm-2-3.png","contentUrl":"https:\/\/www.pakery.pl\/wp-content\/uploads\/2021\/09\/Paker-klinowy-25-mm-2-3.png","width":2500,"height":2500},{"@type":"BreadcrumbList","@id":"https:\/\/www.pakery.pl\/pl\/produkt\/paker-iniekcyjny-klinowy-rysa-od-25-mm\/#breadcrumb","itemListElement":[{"@type":"ListItem","position":1,"name":"Strona g\u0142\u00f3wna","item":"https:\/\/www.pakery.pl\/pl\/"},{"@type":"ListItem","position":2,"name":"Sklep","item":"https:\/\/www.pakery.pl\/pl\/sklep\/"},{"@type":"ListItem","position":3,"name":"Paker iniekcyjny klinowy &#8211; rysa od 2,5 mm"}]},{"@type":"WebSite","@id":"https:\/\/www.pakery.pl\/pl\/#website","url":"https:\/\/www.pakery.pl\/pl\/","name":"Pakery.pl","description":"Pakery iniekcyjne, Kotwy spiralne, Lance iniekcyjne, W\u0119\u017ce do iniekcji, Pompy iniekcyjne, Serwis pomp iniekcyjnych, Wynajem pomp do iniekcji","publisher":{"@id":"https:\/\/www.pakery.pl\/pl\/#organization"},"potentialAction":[{"@type":"SearchAction","target":{"@type":"EntryPoint","urlTemplate":"https:\/\/www.pakery.pl\/pl\/?s={search_term_string}"},"query-input":{"@type":"PropertyValueSpecification","valueRequired":true,"valueName":"search_term_string"}}],"inLanguage":"pl-PL"},{"@type":"Organization","@id":"https:\/\/www.pakery.pl\/pl\/#organization","name":"PAKERY.PL","url":"https:\/\/www.pakery.pl\/pl\/","logo":{"@type":"ImageObject","inLanguage":"pl-PL","@id":"https:\/\/www.pakery.pl\/pl\/#\/schema\/logo\/image\/","url":"https:\/\/www.pakery.pl\/wp-content\/uploads\/2021\/04\/cropped-PAKERY-LOGO.png","contentUrl":"https:\/\/www.pakery.pl\/wp-content\/uploads\/2021\/04\/cropped-PAKERY-LOGO.png","width":1529,"height":500,"caption":"PAKERY.PL"},"image":{"@id":"https:\/\/www.pakery.pl\/pl\/#\/schema\/logo\/image\/"}}]}},"_links":{"self":[{"href":"https:\/\/www.pakery.pl\/pl\/wp-json\/wp\/v2\/product\/37285","targetHints":{"allow":["GET"]}}],"collection":[{"href":"https:\/\/www.pakery.pl\/pl\/wp-json\/wp\/v2\/product"}],"about":[{"href":"https:\/\/www.pakery.pl\/pl\/wp-json\/wp\/v2\/types\/product"}],"version-history":[{"count":2,"href":"https:\/\/www.pakery.pl\/pl\/wp-json\/wp\/v2\/product\/37285\/revisions"}],"predecessor-version":[{"id":37288,"href":"https:\/\/www.pakery.pl\/pl\/wp-json\/wp\/v2\/product\/37285\/revisions\/37288"}],"wp:featuredmedia":[{"embeddable":true,"href":"https:\/\/www.pakery.pl\/pl\/wp-json\/wp\/v2\/media\/37476"}],"wp:attachment":[{"href":"https:\/\/www.pakery.pl\/pl\/wp-json\/wp\/v2\/media?parent=37285"}],"wp:term":[{"taxonomy":"product_brand","embeddable":true,"href":"https:\/\/www.pakery.pl\/pl\/wp-json\/wp\/v2\/product_brand?post=37285"},{"taxonomy":"product_cat","embeddable":true,"href":"https:\/\/www.pakery.pl\/pl\/wp-json\/wp\/v2\/product_cat?post=37285"},{"taxonomy":"product_tag","embeddable":true,"href":"https:\/\/www.pakery.pl\/pl\/wp-json\/wp\/v2\/product_tag?post=37285"}],"curies":[{"name":"wp","href":"https:\/\/api.w.org\/{rel}","templated":true}]}}