{"id":3707,"date":"2021-05-18T16:11:39","date_gmt":"2021-05-18T14:11:39","guid":{"rendered":"https:\/\/www.pakery.pl\/?post_type=product&#038;p=3707"},"modified":"2022-07-01T12:50:27","modified_gmt":"2022-07-01T10:50:27","slug":"komplet-4-dysz-do-natrysku-do-glowicy-natryskowej-do-natrysku-mas-bitumicznych","status":"publish","type":"product","link":"https:\/\/www.pakery.pl\/pl\/produkt\/komplet-4-dysz-do-natrysku-do-glowicy-natryskowej-do-natrysku-mas-bitumicznych\/","title":{"rendered":"Komplet 4 dysz do natrysku"},"content":{"rendered":"","protected":false},"excerpt":{"rendered":"","protected":false},"featured_media":3916,"template":"","meta":{"_acf_changed":false},"product_brand":[],"product_cat":[33,81],"product_tag":[],"class_list":{"0":"post-3707","1":"product","2":"type-product","3":"status-publish","4":"has-post-thumbnail","6":"product_cat-akcesoria-iniekcyjne","7":"product_cat-pakery-do-cementu","8":"pa_pozostale-pozostale","10":"first","11":"instock","12":"taxable","13":"shipping-taxable","14":"purchasable","15":"product-type-simple"},"acf":[],"yoast_head":"<!-- This site is optimized with the Yoast SEO plugin v27.3 - https:\/\/yoast.com\/product\/yoast-seo-wordpress\/ -->\n<title>Komplet 4 dysz do natrysku - PAKERY.PL | G\u0142owica natryskowa<\/title>\n<meta name=\"description\" content=\"Komplet dysz do g\u0142owicy do natrysku mas bitumicznych Dysze do natrysku materia\u0142\u00f3w bitumicznych i mineralnych 4 mm 6 mm 8 mm 10 mm\" \/>\n<meta name=\"robots\" content=\"index, follow, max-snippet:-1, max-image-preview:large, max-video-preview:-1\" \/>\n<link rel=\"canonical\" href=\"https:\/\/www.pakery.pl\/pl\/produkt\/komplet-4-dysz-do-natrysku-do-glowicy-natryskowej-do-natrysku-mas-bitumicznych\/\" \/>\n<meta property=\"og:locale\" content=\"pl_PL\" \/>\n<meta property=\"og:type\" content=\"article\" \/>\n<meta property=\"og:title\" content=\"Komplet 4 dysz do natrysku - PAKERY.PL | G\u0142owica natryskowa\" \/>\n<meta property=\"og:description\" content=\"Komplet dysz do g\u0142owicy do natrysku mas bitumicznych Dysze do natrysku materia\u0142\u00f3w bitumicznych i mineralnych 4 mm 6 mm 8 mm 10 mm\" \/>\n<meta property=\"og:url\" content=\"https:\/\/www.pakery.pl\/pl\/produkt\/komplet-4-dysz-do-natrysku-do-glowicy-natryskowej-do-natrysku-mas-bitumicznych\/\" \/>\n<meta property=\"og:site_name\" content=\"PAKERY.PL\" \/>\n<meta property=\"article:modified_time\" content=\"2022-07-01T10:50:27+00:00\" \/>\n<meta property=\"og:image\" content=\"https:\/\/www.pakery.pl\/wp-content\/uploads\/2021\/05\/koncowki-do-fugownicy-.png\" \/>\n\t<meta property=\"og:image:width\" content=\"2500\" \/>\n\t<meta property=\"og:image:height\" content=\"2500\" \/>\n\t<meta property=\"og:image:type\" content=\"image\/png\" \/>\n<meta name=\"twitter:card\" content=\"summary_large_image\" \/>\n<script type=\"application\/ld+json\" class=\"yoast-schema-graph\">{\"@context\":\"https:\\\/\\\/schema.org\",\"@graph\":[{\"@type\":\"WebPage\",\"@id\":\"https:\\\/\\\/www.pakery.pl\\\/pl\\\/produkt\\\/komplet-4-dysz-do-natrysku-do-glowicy-natryskowej-do-natrysku-mas-bitumicznych\\\/\",\"url\":\"https:\\\/\\\/www.pakery.pl\\\/pl\\\/produkt\\\/komplet-4-dysz-do-natrysku-do-glowicy-natryskowej-do-natrysku-mas-bitumicznych\\\/\",\"name\":\"Komplet 4 dysz do natrysku - PAKERY.PL | G\u0142owica natryskowa\",\"isPartOf\":{\"@id\":\"https:\\\/\\\/www.pakery.pl\\\/pl\\\/#website\"},\"primaryImageOfPage\":{\"@id\":\"https:\\\/\\\/www.pakery.pl\\\/pl\\\/produkt\\\/komplet-4-dysz-do-natrysku-do-glowicy-natryskowej-do-natrysku-mas-bitumicznych\\\/#primaryimage\"},\"image\":{\"@id\":\"https:\\\/\\\/www.pakery.pl\\\/pl\\\/produkt\\\/komplet-4-dysz-do-natrysku-do-glowicy-natryskowej-do-natrysku-mas-bitumicznych\\\/#primaryimage\"},\"thumbnailUrl\":\"https:\\\/\\\/www.pakery.pl\\\/wp-content\\\/uploads\\\/2021\\\/05\\\/koncowki-do-fugownicy-.png\",\"datePublished\":\"2021-05-18T14:11:39+00:00\",\"dateModified\":\"2022-07-01T10:50:27+00:00\",\"description\":\"Komplet dysz do g\u0142owicy do natrysku mas bitumicznych Dysze do natrysku materia\u0142\u00f3w bitumicznych i mineralnych 4 mm 6 mm 8 mm 10 mm\",\"breadcrumb\":{\"@id\":\"https:\\\/\\\/www.pakery.pl\\\/pl\\\/produkt\\\/komplet-4-dysz-do-natrysku-do-glowicy-natryskowej-do-natrysku-mas-bitumicznych\\\/#breadcrumb\"},\"inLanguage\":\"pl-PL\",\"potentialAction\":[{\"@type\":\"ReadAction\",\"target\":[\"https:\\\/\\\/www.pakery.pl\\\/pl\\\/produkt\\\/komplet-4-dysz-do-natrysku-do-glowicy-natryskowej-do-natrysku-mas-bitumicznych\\\/\"]}]},{\"@type\":\"ImageObject\",\"inLanguage\":\"pl-PL\",\"@id\":\"https:\\\/\\\/www.pakery.pl\\\/pl\\\/produkt\\\/komplet-4-dysz-do-natrysku-do-glowicy-natryskowej-do-natrysku-mas-bitumicznych\\\/#primaryimage\",\"url\":\"https:\\\/\\\/www.pakery.pl\\\/wp-content\\\/uploads\\\/2021\\\/05\\\/koncowki-do-fugownicy-.png\",\"contentUrl\":\"https:\\\/\\\/www.pakery.pl\\\/wp-content\\\/uploads\\\/2021\\\/05\\\/koncowki-do-fugownicy-.png\",\"width\":2500,\"height\":2500},{\"@type\":\"BreadcrumbList\",\"@id\":\"https:\\\/\\\/www.pakery.pl\\\/pl\\\/produkt\\\/komplet-4-dysz-do-natrysku-do-glowicy-natryskowej-do-natrysku-mas-bitumicznych\\\/#breadcrumb\",\"itemListElement\":[{\"@type\":\"ListItem\",\"position\":1,\"name\":\"Strona g\u0142\u00f3wna\",\"item\":\"https:\\\/\\\/www.pakery.pl\\\/pl\\\/\"},{\"@type\":\"ListItem\",\"position\":2,\"name\":\"Sklep\",\"item\":\"https:\\\/\\\/www.pakery.pl\\\/pl\\\/sklep\\\/\"},{\"@type\":\"ListItem\",\"position\":3,\"name\":\"Komplet 4 dysz do natrysku\"}]},{\"@type\":\"WebSite\",\"@id\":\"https:\\\/\\\/www.pakery.pl\\\/pl\\\/#website\",\"url\":\"https:\\\/\\\/www.pakery.pl\\\/pl\\\/\",\"name\":\"Pakery.pl\",\"description\":\"Pakery iniekcyjne, Kotwy spiralne, Lance iniekcyjne, W\u0119\u017ce do iniekcji, Pompy iniekcyjne, Serwis pomp iniekcyjnych, Wynajem pomp do iniekcji\",\"publisher\":{\"@id\":\"https:\\\/\\\/www.pakery.pl\\\/pl\\\/#organization\"},\"potentialAction\":[{\"@type\":\"SearchAction\",\"target\":{\"@type\":\"EntryPoint\",\"urlTemplate\":\"https:\\\/\\\/www.pakery.pl\\\/pl\\\/?s={search_term_string}\"},\"query-input\":{\"@type\":\"PropertyValueSpecification\",\"valueRequired\":true,\"valueName\":\"search_term_string\"}}],\"inLanguage\":\"pl-PL\"},{\"@type\":\"Organization\",\"@id\":\"https:\\\/\\\/www.pakery.pl\\\/pl\\\/#organization\",\"name\":\"PAKERY.PL\",\"url\":\"https:\\\/\\\/www.pakery.pl\\\/pl\\\/\",\"logo\":{\"@type\":\"ImageObject\",\"inLanguage\":\"pl-PL\",\"@id\":\"https:\\\/\\\/www.pakery.pl\\\/pl\\\/#\\\/schema\\\/logo\\\/image\\\/\",\"url\":\"https:\\\/\\\/www.pakery.pl\\\/wp-content\\\/uploads\\\/2021\\\/04\\\/cropped-PAKERY-LOGO.png\",\"contentUrl\":\"https:\\\/\\\/www.pakery.pl\\\/wp-content\\\/uploads\\\/2021\\\/04\\\/cropped-PAKERY-LOGO.png\",\"width\":1529,\"height\":500,\"caption\":\"PAKERY.PL\"},\"image\":{\"@id\":\"https:\\\/\\\/www.pakery.pl\\\/pl\\\/#\\\/schema\\\/logo\\\/image\\\/\"}}]}<\/script>\n<!-- \/ Yoast SEO plugin. -->","yoast_head_json":{"title":"Komplet 4 dysz do natrysku - PAKERY.PL | G\u0142owica natryskowa","description":"Komplet dysz do g\u0142owicy do natrysku mas bitumicznych Dysze do natrysku materia\u0142\u00f3w bitumicznych i mineralnych 4 mm 6 mm 8 mm 10 mm","robots":{"index":"index","follow":"follow","max-snippet":"max-snippet:-1","max-image-preview":"max-image-preview:large","max-video-preview":"max-video-preview:-1"},"canonical":"https:\/\/www.pakery.pl\/pl\/produkt\/komplet-4-dysz-do-natrysku-do-glowicy-natryskowej-do-natrysku-mas-bitumicznych\/","og_locale":"pl_PL","og_type":"article","og_title":"Komplet 4 dysz do natrysku - PAKERY.PL | G\u0142owica natryskowa","og_description":"Komplet dysz do g\u0142owicy do natrysku mas bitumicznych Dysze do natrysku materia\u0142\u00f3w bitumicznych i mineralnych 4 mm 6 mm 8 mm 10 mm","og_url":"https:\/\/www.pakery.pl\/pl\/produkt\/komplet-4-dysz-do-natrysku-do-glowicy-natryskowej-do-natrysku-mas-bitumicznych\/","og_site_name":"PAKERY.PL","article_modified_time":"2022-07-01T10:50:27+00:00","og_image":[{"width":2500,"height":2500,"url":"https:\/\/www.pakery.pl\/wp-content\/uploads\/2021\/05\/koncowki-do-fugownicy-.png","type":"image\/png"}],"twitter_card":"summary_large_image","schema":{"@context":"https:\/\/schema.org","@graph":[{"@type":"WebPage","@id":"https:\/\/www.pakery.pl\/pl\/produkt\/komplet-4-dysz-do-natrysku-do-glowicy-natryskowej-do-natrysku-mas-bitumicznych\/","url":"https:\/\/www.pakery.pl\/pl\/produkt\/komplet-4-dysz-do-natrysku-do-glowicy-natryskowej-do-natrysku-mas-bitumicznych\/","name":"Komplet 4 dysz do natrysku - PAKERY.PL | G\u0142owica natryskowa","isPartOf":{"@id":"https:\/\/www.pakery.pl\/pl\/#website"},"primaryImageOfPage":{"@id":"https:\/\/www.pakery.pl\/pl\/produkt\/komplet-4-dysz-do-natrysku-do-glowicy-natryskowej-do-natrysku-mas-bitumicznych\/#primaryimage"},"image":{"@id":"https:\/\/www.pakery.pl\/pl\/produkt\/komplet-4-dysz-do-natrysku-do-glowicy-natryskowej-do-natrysku-mas-bitumicznych\/#primaryimage"},"thumbnailUrl":"https:\/\/www.pakery.pl\/wp-content\/uploads\/2021\/05\/koncowki-do-fugownicy-.png","datePublished":"2021-05-18T14:11:39+00:00","dateModified":"2022-07-01T10:50:27+00:00","description":"Komplet dysz do g\u0142owicy do natrysku mas bitumicznych Dysze do natrysku materia\u0142\u00f3w bitumicznych i mineralnych 4 mm 6 mm 8 mm 10 mm","breadcrumb":{"@id":"https:\/\/www.pakery.pl\/pl\/produkt\/komplet-4-dysz-do-natrysku-do-glowicy-natryskowej-do-natrysku-mas-bitumicznych\/#breadcrumb"},"inLanguage":"pl-PL","potentialAction":[{"@type":"ReadAction","target":["https:\/\/www.pakery.pl\/pl\/produkt\/komplet-4-dysz-do-natrysku-do-glowicy-natryskowej-do-natrysku-mas-bitumicznych\/"]}]},{"@type":"ImageObject","inLanguage":"pl-PL","@id":"https:\/\/www.pakery.pl\/pl\/produkt\/komplet-4-dysz-do-natrysku-do-glowicy-natryskowej-do-natrysku-mas-bitumicznych\/#primaryimage","url":"https:\/\/www.pakery.pl\/wp-content\/uploads\/2021\/05\/koncowki-do-fugownicy-.png","contentUrl":"https:\/\/www.pakery.pl\/wp-content\/uploads\/2021\/05\/koncowki-do-fugownicy-.png","width":2500,"height":2500},{"@type":"BreadcrumbList","@id":"https:\/\/www.pakery.pl\/pl\/produkt\/komplet-4-dysz-do-natrysku-do-glowicy-natryskowej-do-natrysku-mas-bitumicznych\/#breadcrumb","itemListElement":[{"@type":"ListItem","position":1,"name":"Strona g\u0142\u00f3wna","item":"https:\/\/www.pakery.pl\/pl\/"},{"@type":"ListItem","position":2,"name":"Sklep","item":"https:\/\/www.pakery.pl\/pl\/sklep\/"},{"@type":"ListItem","position":3,"name":"Komplet 4 dysz do natrysku"}]},{"@type":"WebSite","@id":"https:\/\/www.pakery.pl\/pl\/#website","url":"https:\/\/www.pakery.pl\/pl\/","name":"Pakery.pl","description":"Pakery iniekcyjne, Kotwy spiralne, Lance iniekcyjne, W\u0119\u017ce do iniekcji, Pompy iniekcyjne, Serwis pomp iniekcyjnych, Wynajem pomp do iniekcji","publisher":{"@id":"https:\/\/www.pakery.pl\/pl\/#organization"},"potentialAction":[{"@type":"SearchAction","target":{"@type":"EntryPoint","urlTemplate":"https:\/\/www.pakery.pl\/pl\/?s={search_term_string}"},"query-input":{"@type":"PropertyValueSpecification","valueRequired":true,"valueName":"search_term_string"}}],"inLanguage":"pl-PL"},{"@type":"Organization","@id":"https:\/\/www.pakery.pl\/pl\/#organization","name":"PAKERY.PL","url":"https:\/\/www.pakery.pl\/pl\/","logo":{"@type":"ImageObject","inLanguage":"pl-PL","@id":"https:\/\/www.pakery.pl\/pl\/#\/schema\/logo\/image\/","url":"https:\/\/www.pakery.pl\/wp-content\/uploads\/2021\/04\/cropped-PAKERY-LOGO.png","contentUrl":"https:\/\/www.pakery.pl\/wp-content\/uploads\/2021\/04\/cropped-PAKERY-LOGO.png","width":1529,"height":500,"caption":"PAKERY.PL"},"image":{"@id":"https:\/\/www.pakery.pl\/pl\/#\/schema\/logo\/image\/"}}]}},"_links":{"self":[{"href":"https:\/\/www.pakery.pl\/pl\/wp-json\/wp\/v2\/product\/3707","targetHints":{"allow":["GET"]}}],"collection":[{"href":"https:\/\/www.pakery.pl\/pl\/wp-json\/wp\/v2\/product"}],"about":[{"href":"https:\/\/www.pakery.pl\/pl\/wp-json\/wp\/v2\/types\/product"}],"version-history":[{"count":3,"href":"https:\/\/www.pakery.pl\/pl\/wp-json\/wp\/v2\/product\/3707\/revisions"}],"predecessor-version":[{"id":4577,"href":"https:\/\/www.pakery.pl\/pl\/wp-json\/wp\/v2\/product\/3707\/revisions\/4577"}],"wp:featuredmedia":[{"embeddable":true,"href":"https:\/\/www.pakery.pl\/pl\/wp-json\/wp\/v2\/media\/3916"}],"wp:attachment":[{"href":"https:\/\/www.pakery.pl\/pl\/wp-json\/wp\/v2\/media?parent=3707"}],"wp:term":[{"taxonomy":"product_brand","embeddable":true,"href":"https:\/\/www.pakery.pl\/pl\/wp-json\/wp\/v2\/product_brand?post=3707"},{"taxonomy":"product_cat","embeddable":true,"href":"https:\/\/www.pakery.pl\/pl\/wp-json\/wp\/v2\/product_cat?post=3707"},{"taxonomy":"product_tag","embeddable":true,"href":"https:\/\/www.pakery.pl\/pl\/wp-json\/wp\/v2\/product_tag?post=3707"}],"curies":[{"name":"wp","href":"https:\/\/api.w.org\/{rel}","templated":true}]}}