{"id":2245,"date":"2021-05-04T16:57:04","date_gmt":"2021-05-04T14:57:04","guid":{"rendered":"https:\/\/www.pakery.pl\/?post_type=product&#038;p=2245"},"modified":"2021-07-26T11:54:05","modified_gmt":"2021-07-26T09:54:05","slug":"wtyk-dolny-do-korpusu","status":"publish","type":"product","link":"https:\/\/www.pakery.pl\/pl\/produkt\/wtyk-dolny-do-korpusu\/","title":{"rendered":"Wtyk dolny do korpusu (CA4211)"},"content":{"rendered":"\t\t<div data-elementor-type=\"product-post\" data-elementor-id=\"2245\" class=\"elementor elementor-2245\" data-elementor-post-type=\"product\">\n\t\t\t\t\t\t<section class=\"elementor-section elementor-top-section elementor-element elementor-element-7facda9 elementor-section-boxed elementor-section-height-default elementor-section-height-default\" data-id=\"7facda9\" data-element_type=\"section\" data-e-type=\"section\">\n\t\t\t\t\t\t<div class=\"elementor-container elementor-column-gap-default\">\n\t\t\t\t\t<div class=\"elementor-column elementor-col-50 elementor-top-column elementor-element elementor-element-07cc066\" data-id=\"07cc066\" data-element_type=\"column\" data-e-type=\"column\">\n\t\t\t<div class=\"elementor-widget-wrap elementor-element-populated\">\n\t\t\t\t\t\t<div class=\"elementor-element elementor-element-267de75 elementor-widget elementor-widget-text-editor\" data-id=\"267de75\" data-element_type=\"widget\" data-e-type=\"widget\" data-widget_type=\"text-editor.default\">\n\t\t\t\t<div class=\"elementor-widget-container\">\n\t\t\t\t\t\t\t\t\t<table style=\"border-color: black;\" border=\"\" cellspacing=\"0\" cellpadding=\"0\"><tbody><tr><td valign=\"middle\"><p align=\"center\"><span style=\"color: #000000; font-family: Helvetica Neue; font-size: small;\">NR<\/span><\/p><\/td><td valign=\"middle\"><p align=\"center\"><span style=\"color: #000000; font-family: Helvetica Neue; font-size: small;\">KOD<\/span><\/p><\/td><td valign=\"middle\"><p align=\"center\"><span style=\"color: #000000; font-family: Helvetica Neue; font-size: small;\">NAZWA<\/span><\/p><\/td><\/tr><tr><td valign=\"middle\"><p align=\"center\"><span style=\"color: #000000; font-family: Helvetica Neue; font-size: small;\">32<\/span><\/p><\/td><td valign=\"middle\"><p align=\"center\"><span style=\"color: #000000; font-family: Helvetica Neue; font-size: small;\">A03115<\/span><\/p><\/td><td valign=\"middle\"><p align=\"center\"><span style=\"color: #000000; font-family: Helvetica Neue; font-size: small;\">Obudowa Olejowa<\/span><\/p><\/td><\/tr><tr><td valign=\"middle\"><p align=\"center\"><span style=\"color: #000000; font-family: Helvetica Neue; font-size: small;\">33-34<\/span><\/p><\/td><td valign=\"middle\"><p align=\"center\"><span style=\"color: #000000; font-family: Helvetica Neue; font-size: small;\">A03109<\/span><\/p><\/td><td valign=\"middle\"><p align=\"center\"><span style=\"color: #000000; font-family: Helvetica Neue; font-size: small;\">wska\u017anik poziomu oleju<\/span><\/p><\/td><\/tr><tr><td valign=\"middle\"><p align=\"center\"><strong><span style=\"color: #000000; font-family: Helvetica Neue; font-size: small;\">35<\/span><\/strong><\/p><\/td><td valign=\"middle\"><p align=\"center\"><strong><span style=\"color: #000000; font-family: Helvetica Neue; font-size: small;\">CA4211<\/span><\/strong><\/p><\/td><td valign=\"middle\"><p align=\"center\"><strong><span style=\"color: #000000; font-family: Helvetica Neue; font-size: small;\">Wtyk dolny do korpusu<\/span><\/strong><\/p><\/td><\/tr><tr><td valign=\"middle\"><p align=\"center\"><span style=\"color: #000000; font-family: Helvetica Neue; font-size: small;\">36+37+38<\/span><\/p><\/td><td valign=\"middle\"><p align=\"center\"><span style=\"color: #000000; font-family: Helvetica Neue; font-size: small;\">CA10120<br \/>S110730<br \/>CA10070<\/span><\/p><\/td><td valign=\"middle\"><p align=\"center\"><span style=\"color: #000000; font-family: Helvetica Neue; font-size: small;\">Noga do pompy<\/span><\/p><\/td><\/tr><tr><td valign=\"middle\"><p align=\"center\"><span style=\"color: #000000; font-family: Helvetica Neue; font-size: small;\">39<\/span><\/p><\/td><td valign=\"middle\"><p align=\"center\"><span style=\"color: #000000; font-family: Helvetica Neue; font-size: small;\">A03126E<\/span><\/p><\/td><td valign=\"middle\"><p align=\"center\"><span style=\"color: #000000; font-family: Helvetica Neue; font-size: small;\">Podk\u0142adka membrany<\/span><\/p><\/td><\/tr><tr><td valign=\"middle\"><p align=\"center\"><span style=\"color: #000000; font-family: Helvetica Neue; font-size: small;\">40<\/span><\/p><\/td><td valign=\"middle\"><p align=\"center\"><span style=\"color: #000000; font-family: Helvetica Neue; font-size: small;\">A03125E<\/span><\/p><\/td><td valign=\"middle\"><p align=\"center\"><span style=\"color: #000000; font-family: Helvetica Neue; font-size: small;\">Membrana<\/span><\/p><\/td><\/tr><tr><td valign=\"middle\"><p align=\"center\"><span style=\"color: #000000; font-family: Helvetica Neue; font-size: small;\">41<\/span><\/p><\/td><td valign=\"middle\"><p align=\"center\"><span style=\"color: #000000; font-family: Helvetica Neue; font-size: small;\">A03124<\/span><\/p><\/td><td valign=\"middle\"><p align=\"center\"><span style=\"color: #000000; font-family: Helvetica Neue; font-size: small;\">Spr\u0119\u017cyna t\u0142oka<\/span><\/p><\/td><\/tr><tr><td valign=\"middle\"><p align=\"center\"><span style=\"color: #000000; font-family: Helvetica Neue; font-size: small;\">42<\/span><\/p><\/td><td valign=\"middle\"><p align=\"center\"><span style=\"color: #000000; font-family: Helvetica Neue; font-size: small;\">A03123<\/span><\/p><\/td><td valign=\"middle\"><p align=\"center\"><span style=\"color: #000000; font-family: Helvetica Neue; font-size: small;\">Talerz spr\u0119\u017cynowy<\/span><\/p><\/td><\/tr><tr><td valign=\"middle\"><p align=\"center\"><span style=\"color: #000000; font-family: Helvetica Neue; font-size: small;\">43<\/span><\/p><\/td><td valign=\"middle\"><p align=\"center\"><span style=\"color: #000000; font-family: Helvetica Neue; font-size: small;\">A03122<\/span><\/p><\/td><td valign=\"middle\"><p align=\"center\"><span style=\"color: #000000; font-family: Helvetica Neue; font-size: small;\">T\u0142oczek<\/span><\/p><\/td><\/tr><tr><td valign=\"middle\"><p align=\"center\"><span style=\"color: #000000; font-family: Helvetica Neue; font-size: small;\">44<\/span><\/p><\/td><td valign=\"middle\"><p align=\"center\"><span style=\"color: #000000; font-family: Helvetica Neue; font-size: small;\">A04488<\/span><\/p><\/td><td valign=\"middle\"><p align=\"center\"><span style=\"color: #000000; font-family: Helvetica Neue; font-size: small;\">Seeger<\/span><\/p><\/td><\/tr><tr><td valign=\"middle\"><p align=\"center\"><span style=\"color: #000000; font-family: Helvetica Neue; font-size: small;\">45<\/span><\/p><\/td><td valign=\"middle\"><p align=\"center\"><span style=\"color: #000000; font-family: Helvetica Neue; font-size: small;\">A03120<\/span><\/p><\/td><td valign=\"middle\"><p align=\"center\"><span style=\"color: #000000; font-family: Helvetica Neue; font-size: small;\">Cylinder<\/span><\/p><\/td><\/tr><tr><td valign=\"middle\"><p align=\"center\"><span style=\"color: #000000; font-family: Helvetica Neue; font-size: small;\">46<\/span><\/p><\/td><td valign=\"middle\"><p align=\"center\"><span style=\"color: #000000; font-family: Helvetica Neue; font-size: small;\">A03114<\/span><\/p><\/td><td valign=\"middle\"><p align=\"center\"><span style=\"color: #000000; font-family: Helvetica Neue; font-size: small;\">Wtyczka olejowa<\/span><\/p><\/td><\/tr><\/tbody><\/table>\t\t\t\t\t\t\t\t<\/div>\n\t\t\t\t<\/div>\n\t\t\t\t\t<\/div>\n\t\t<\/div>\n\t\t\t\t<div class=\"elementor-column elementor-col-50 elementor-top-column elementor-element elementor-element-d6a0bed\" data-id=\"d6a0bed\" data-element_type=\"column\" data-e-type=\"column\">\n\t\t\t<div class=\"elementor-widget-wrap\">\n\t\t\t\t\t\t\t<\/div>\n\t\t<\/div>\n\t\t\t\t\t<\/div>\n\t\t<\/section>\n\t\t\t\t<\/div>\n\t\t","protected":false},"excerpt":{"rendered":"<p>NR KOD NAZWA 32 A03115 Obudowa Olejowa 33-34 A03109 wska\u017anik poziomu oleju 35 CA4211 Wtyk dolny do korpusu 36+37+38 CA10120S110730CA10070 Noga do pompy 39 A03126E Podk\u0142adka membrany 40 A03125E Membrana 41 A03124 Spr\u0119\u017cyna t\u0142oka 42 A03123 Talerz spr\u0119\u017cynowy 43 A03122 T\u0142oczek 44 A04488 Seeger 45 A03120 Cylinder 46 A03114 Wtyczka olejowa<\/p>\n","protected":false},"featured_media":2246,"template":"","meta":{"_acf_changed":false},"product_brand":[],"product_cat":[149,87],"product_tag":[],"class_list":{"0":"post-2245","1":"product","2":"type-product","3":"status-publish","4":"has-post-thumbnail","6":"product_cat-czesci-do-pomp","7":"product_cat-pi-pump-4000","9":"first","10":"instock","11":"taxable","12":"shipping-taxable","13":"purchasable","14":"product-type-simple"},"acf":[],"yoast_head":"<!-- This site is optimized with the Yoast SEO plugin v27.3 - https:\/\/yoast.com\/product\/yoast-seo-wordpress\/ -->\n<title>Wtyk dolny do korpusu (CA4211) - PAKERY.PL<\/title>\n<meta name=\"description\" content=\"Wtyk dolny do korpusu | CA4211 | PI-PUMP 4000\" \/>\n<meta name=\"robots\" content=\"index, follow, max-snippet:-1, max-image-preview:large, max-video-preview:-1\" \/>\n<link rel=\"canonical\" href=\"https:\/\/www.pakery.pl\/pl\/produkt\/wtyk-dolny-do-korpusu\/\" \/>\n<meta property=\"og:locale\" content=\"pl_PL\" \/>\n<meta property=\"og:type\" content=\"article\" \/>\n<meta property=\"og:title\" content=\"Wtyk dolny do korpusu (CA4211) - PAKERY.PL\" \/>\n<meta property=\"og:description\" content=\"Wtyk dolny do korpusu | CA4211 | PI-PUMP 4000\" \/>\n<meta property=\"og:url\" content=\"https:\/\/www.pakery.pl\/pl\/produkt\/wtyk-dolny-do-korpusu\/\" \/>\n<meta property=\"og:site_name\" content=\"PAKERY.PL\" \/>\n<meta property=\"article:modified_time\" content=\"2021-07-26T09:54:05+00:00\" \/>\n<meta property=\"og:image\" content=\"https:\/\/www.pakery.pl\/wp-content\/uploads\/2021\/05\/ca4211.png\" \/>\n\t<meta property=\"og:image:width\" content=\"2500\" \/>\n\t<meta property=\"og:image:height\" content=\"2500\" \/>\n\t<meta property=\"og:image:type\" content=\"image\/png\" \/>\n<meta name=\"twitter:card\" content=\"summary_large_image\" \/>\n<script type=\"application\/ld+json\" class=\"yoast-schema-graph\">{\"@context\":\"https:\\\/\\\/schema.org\",\"@graph\":[{\"@type\":\"WebPage\",\"@id\":\"https:\\\/\\\/www.pakery.pl\\\/pl\\\/produkt\\\/wtyk-dolny-do-korpusu\\\/\",\"url\":\"https:\\\/\\\/www.pakery.pl\\\/pl\\\/produkt\\\/wtyk-dolny-do-korpusu\\\/\",\"name\":\"Wtyk dolny do korpusu (CA4211) - PAKERY.PL\",\"isPartOf\":{\"@id\":\"https:\\\/\\\/www.pakery.pl\\\/pl\\\/#website\"},\"primaryImageOfPage\":{\"@id\":\"https:\\\/\\\/www.pakery.pl\\\/pl\\\/produkt\\\/wtyk-dolny-do-korpusu\\\/#primaryimage\"},\"image\":{\"@id\":\"https:\\\/\\\/www.pakery.pl\\\/pl\\\/produkt\\\/wtyk-dolny-do-korpusu\\\/#primaryimage\"},\"thumbnailUrl\":\"https:\\\/\\\/www.pakery.pl\\\/wp-content\\\/uploads\\\/2021\\\/05\\\/ca4211.png\",\"datePublished\":\"2021-05-04T14:57:04+00:00\",\"dateModified\":\"2021-07-26T09:54:05+00:00\",\"description\":\"Wtyk dolny do korpusu | CA4211 | PI-PUMP 4000\",\"breadcrumb\":{\"@id\":\"https:\\\/\\\/www.pakery.pl\\\/pl\\\/produkt\\\/wtyk-dolny-do-korpusu\\\/#breadcrumb\"},\"inLanguage\":\"pl-PL\",\"potentialAction\":[{\"@type\":\"ReadAction\",\"target\":[\"https:\\\/\\\/www.pakery.pl\\\/pl\\\/produkt\\\/wtyk-dolny-do-korpusu\\\/\"]}]},{\"@type\":\"ImageObject\",\"inLanguage\":\"pl-PL\",\"@id\":\"https:\\\/\\\/www.pakery.pl\\\/pl\\\/produkt\\\/wtyk-dolny-do-korpusu\\\/#primaryimage\",\"url\":\"https:\\\/\\\/www.pakery.pl\\\/wp-content\\\/uploads\\\/2021\\\/05\\\/ca4211.png\",\"contentUrl\":\"https:\\\/\\\/www.pakery.pl\\\/wp-content\\\/uploads\\\/2021\\\/05\\\/ca4211.png\",\"width\":2500,\"height\":2500,\"caption\":\"Wtyk dolny do korpusu\"},{\"@type\":\"BreadcrumbList\",\"@id\":\"https:\\\/\\\/www.pakery.pl\\\/pl\\\/produkt\\\/wtyk-dolny-do-korpusu\\\/#breadcrumb\",\"itemListElement\":[{\"@type\":\"ListItem\",\"position\":1,\"name\":\"Strona g\u0142\u00f3wna\",\"item\":\"https:\\\/\\\/www.pakery.pl\\\/pl\\\/\"},{\"@type\":\"ListItem\",\"position\":2,\"name\":\"Sklep\",\"item\":\"https:\\\/\\\/www.pakery.pl\\\/pl\\\/sklep\\\/\"},{\"@type\":\"ListItem\",\"position\":3,\"name\":\"Wtyk dolny do korpusu (CA4211)\"}]},{\"@type\":\"WebSite\",\"@id\":\"https:\\\/\\\/www.pakery.pl\\\/pl\\\/#website\",\"url\":\"https:\\\/\\\/www.pakery.pl\\\/pl\\\/\",\"name\":\"Pakery.pl\",\"description\":\"Pakery iniekcyjne, Kotwy spiralne, Lance iniekcyjne, W\u0119\u017ce do iniekcji, Pompy iniekcyjne, Serwis pomp iniekcyjnych, Wynajem pomp do iniekcji\",\"publisher\":{\"@id\":\"https:\\\/\\\/www.pakery.pl\\\/pl\\\/#organization\"},\"potentialAction\":[{\"@type\":\"SearchAction\",\"target\":{\"@type\":\"EntryPoint\",\"urlTemplate\":\"https:\\\/\\\/www.pakery.pl\\\/pl\\\/?s={search_term_string}\"},\"query-input\":{\"@type\":\"PropertyValueSpecification\",\"valueRequired\":true,\"valueName\":\"search_term_string\"}}],\"inLanguage\":\"pl-PL\"},{\"@type\":\"Organization\",\"@id\":\"https:\\\/\\\/www.pakery.pl\\\/pl\\\/#organization\",\"name\":\"PAKERY.PL\",\"url\":\"https:\\\/\\\/www.pakery.pl\\\/pl\\\/\",\"logo\":{\"@type\":\"ImageObject\",\"inLanguage\":\"pl-PL\",\"@id\":\"https:\\\/\\\/www.pakery.pl\\\/pl\\\/#\\\/schema\\\/logo\\\/image\\\/\",\"url\":\"https:\\\/\\\/www.pakery.pl\\\/wp-content\\\/uploads\\\/2021\\\/04\\\/cropped-PAKERY-LOGO.png\",\"contentUrl\":\"https:\\\/\\\/www.pakery.pl\\\/wp-content\\\/uploads\\\/2021\\\/04\\\/cropped-PAKERY-LOGO.png\",\"width\":1529,\"height\":500,\"caption\":\"PAKERY.PL\"},\"image\":{\"@id\":\"https:\\\/\\\/www.pakery.pl\\\/pl\\\/#\\\/schema\\\/logo\\\/image\\\/\"}}]}<\/script>\n<!-- \/ Yoast SEO plugin. -->","yoast_head_json":{"title":"Wtyk dolny do korpusu (CA4211) - PAKERY.PL","description":"Wtyk dolny do korpusu | CA4211 | PI-PUMP 4000","robots":{"index":"index","follow":"follow","max-snippet":"max-snippet:-1","max-image-preview":"max-image-preview:large","max-video-preview":"max-video-preview:-1"},"canonical":"https:\/\/www.pakery.pl\/pl\/produkt\/wtyk-dolny-do-korpusu\/","og_locale":"pl_PL","og_type":"article","og_title":"Wtyk dolny do korpusu (CA4211) - PAKERY.PL","og_description":"Wtyk dolny do korpusu | CA4211 | PI-PUMP 4000","og_url":"https:\/\/www.pakery.pl\/pl\/produkt\/wtyk-dolny-do-korpusu\/","og_site_name":"PAKERY.PL","article_modified_time":"2021-07-26T09:54:05+00:00","og_image":[{"width":2500,"height":2500,"url":"https:\/\/www.pakery.pl\/wp-content\/uploads\/2021\/05\/ca4211.png","type":"image\/png"}],"twitter_card":"summary_large_image","schema":{"@context":"https:\/\/schema.org","@graph":[{"@type":"WebPage","@id":"https:\/\/www.pakery.pl\/pl\/produkt\/wtyk-dolny-do-korpusu\/","url":"https:\/\/www.pakery.pl\/pl\/produkt\/wtyk-dolny-do-korpusu\/","name":"Wtyk dolny do korpusu (CA4211) - PAKERY.PL","isPartOf":{"@id":"https:\/\/www.pakery.pl\/pl\/#website"},"primaryImageOfPage":{"@id":"https:\/\/www.pakery.pl\/pl\/produkt\/wtyk-dolny-do-korpusu\/#primaryimage"},"image":{"@id":"https:\/\/www.pakery.pl\/pl\/produkt\/wtyk-dolny-do-korpusu\/#primaryimage"},"thumbnailUrl":"https:\/\/www.pakery.pl\/wp-content\/uploads\/2021\/05\/ca4211.png","datePublished":"2021-05-04T14:57:04+00:00","dateModified":"2021-07-26T09:54:05+00:00","description":"Wtyk dolny do korpusu | CA4211 | PI-PUMP 4000","breadcrumb":{"@id":"https:\/\/www.pakery.pl\/pl\/produkt\/wtyk-dolny-do-korpusu\/#breadcrumb"},"inLanguage":"pl-PL","potentialAction":[{"@type":"ReadAction","target":["https:\/\/www.pakery.pl\/pl\/produkt\/wtyk-dolny-do-korpusu\/"]}]},{"@type":"ImageObject","inLanguage":"pl-PL","@id":"https:\/\/www.pakery.pl\/pl\/produkt\/wtyk-dolny-do-korpusu\/#primaryimage","url":"https:\/\/www.pakery.pl\/wp-content\/uploads\/2021\/05\/ca4211.png","contentUrl":"https:\/\/www.pakery.pl\/wp-content\/uploads\/2021\/05\/ca4211.png","width":2500,"height":2500,"caption":"Wtyk dolny do korpusu"},{"@type":"BreadcrumbList","@id":"https:\/\/www.pakery.pl\/pl\/produkt\/wtyk-dolny-do-korpusu\/#breadcrumb","itemListElement":[{"@type":"ListItem","position":1,"name":"Strona g\u0142\u00f3wna","item":"https:\/\/www.pakery.pl\/pl\/"},{"@type":"ListItem","position":2,"name":"Sklep","item":"https:\/\/www.pakery.pl\/pl\/sklep\/"},{"@type":"ListItem","position":3,"name":"Wtyk dolny do korpusu (CA4211)"}]},{"@type":"WebSite","@id":"https:\/\/www.pakery.pl\/pl\/#website","url":"https:\/\/www.pakery.pl\/pl\/","name":"Pakery.pl","description":"Pakery iniekcyjne, Kotwy spiralne, Lance iniekcyjne, W\u0119\u017ce do iniekcji, Pompy iniekcyjne, Serwis pomp iniekcyjnych, Wynajem pomp do iniekcji","publisher":{"@id":"https:\/\/www.pakery.pl\/pl\/#organization"},"potentialAction":[{"@type":"SearchAction","target":{"@type":"EntryPoint","urlTemplate":"https:\/\/www.pakery.pl\/pl\/?s={search_term_string}"},"query-input":{"@type":"PropertyValueSpecification","valueRequired":true,"valueName":"search_term_string"}}],"inLanguage":"pl-PL"},{"@type":"Organization","@id":"https:\/\/www.pakery.pl\/pl\/#organization","name":"PAKERY.PL","url":"https:\/\/www.pakery.pl\/pl\/","logo":{"@type":"ImageObject","inLanguage":"pl-PL","@id":"https:\/\/www.pakery.pl\/pl\/#\/schema\/logo\/image\/","url":"https:\/\/www.pakery.pl\/wp-content\/uploads\/2021\/04\/cropped-PAKERY-LOGO.png","contentUrl":"https:\/\/www.pakery.pl\/wp-content\/uploads\/2021\/04\/cropped-PAKERY-LOGO.png","width":1529,"height":500,"caption":"PAKERY.PL"},"image":{"@id":"https:\/\/www.pakery.pl\/pl\/#\/schema\/logo\/image\/"}}]}},"_links":{"self":[{"href":"https:\/\/www.pakery.pl\/pl\/wp-json\/wp\/v2\/product\/2245","targetHints":{"allow":["GET"]}}],"collection":[{"href":"https:\/\/www.pakery.pl\/pl\/wp-json\/wp\/v2\/product"}],"about":[{"href":"https:\/\/www.pakery.pl\/pl\/wp-json\/wp\/v2\/types\/product"}],"version-history":[{"count":3,"href":"https:\/\/www.pakery.pl\/pl\/wp-json\/wp\/v2\/product\/2245\/revisions"}],"predecessor-version":[{"id":3628,"href":"https:\/\/www.pakery.pl\/pl\/wp-json\/wp\/v2\/product\/2245\/revisions\/3628"}],"wp:featuredmedia":[{"embeddable":true,"href":"https:\/\/www.pakery.pl\/pl\/wp-json\/wp\/v2\/media\/2246"}],"wp:attachment":[{"href":"https:\/\/www.pakery.pl\/pl\/wp-json\/wp\/v2\/media?parent=2245"}],"wp:term":[{"taxonomy":"product_brand","embeddable":true,"href":"https:\/\/www.pakery.pl\/pl\/wp-json\/wp\/v2\/product_brand?post=2245"},{"taxonomy":"product_cat","embeddable":true,"href":"https:\/\/www.pakery.pl\/pl\/wp-json\/wp\/v2\/product_cat?post=2245"},{"taxonomy":"product_tag","embeddable":true,"href":"https:\/\/www.pakery.pl\/pl\/wp-json\/wp\/v2\/product_tag?post=2245"}],"curies":[{"name":"wp","href":"https:\/\/api.w.org\/{rel}","templated":true}]}}