{"id":2236,"date":"2021-05-04T16:32:04","date_gmt":"2021-05-04T14:32:04","guid":{"rendered":"https:\/\/www.pakery.pl\/?post_type=product&#038;p=2236"},"modified":"2021-07-26T11:54:26","modified_gmt":"2021-07-26T09:54:26","slug":"oslona-olejowa","status":"publish","type":"product","link":"https:\/\/www.pakery.pl\/pl\/produkt\/oslona-olejowa\/","title":{"rendered":"Os\u0142ona olejowa (A03111)"},"content":{"rendered":"\t\t<div data-elementor-type=\"product-post\" data-elementor-id=\"2236\" class=\"elementor elementor-2236\" data-elementor-post-type=\"product\">\n\t\t\t\t\t\t<section class=\"elementor-section elementor-top-section elementor-element elementor-element-321edf6 elementor-section-boxed elementor-section-height-default elementor-section-height-default\" data-id=\"321edf6\" data-element_type=\"section\" data-e-type=\"section\">\n\t\t\t\t\t\t<div class=\"elementor-container elementor-column-gap-default\">\n\t\t\t\t\t<div class=\"elementor-column elementor-col-50 elementor-top-column elementor-element elementor-element-08b4650\" data-id=\"08b4650\" data-element_type=\"column\" data-e-type=\"column\">\n\t\t\t<div class=\"elementor-widget-wrap elementor-element-populated\">\n\t\t\t\t\t\t<div class=\"elementor-element elementor-element-85f367d elementor-widget elementor-widget-text-editor\" data-id=\"85f367d\" data-element_type=\"widget\" data-e-type=\"widget\" data-widget_type=\"text-editor.default\">\n\t\t\t\t<div class=\"elementor-widget-container\">\n\t\t\t\t\t\t\t\t\t<table style=\"border-color: black;\" border=\"\" cellspacing=\"0\" cellpadding=\"0\"><tbody><tr><td valign=\"middle\"><p align=\"center\"><span style=\"color: #000000; font-family: Helvetica Neue; font-size: small;\">NR<\/span><\/p><\/td><td valign=\"middle\"><p align=\"center\"><span style=\"color: #000000; font-family: Helvetica Neue; font-size: small;\">KOD<\/span><\/p><\/td><td valign=\"middle\"><p align=\"center\"><span style=\"color: #000000; font-family: Helvetica Neue; font-size: small;\">NAZWA<\/span><\/p><\/td><\/tr><tr><td valign=\"middle\"><p align=\"center\"><span style=\"color: #000000; font-family: Helvetica Neue; font-size: small;\">23<\/span><\/p><\/td><td valign=\"middle\"><p align=\"center\"><span style=\"color: #000000; font-family: Helvetica Neue; font-size: small;\">CA428\/S4<\/span><\/p><\/td><td valign=\"middle\"><p align=\"center\"><span style=\"color: #000000; font-family: Helvetica Neue; font-size: small;\">W\u0142\u0105cznik elektryczny<\/span><\/p><\/td><\/tr><tr><td valign=\"middle\"><p align=\"center\"><span style=\"color: #000000; font-family: Helvetica Neue; font-size: small;\">24+27<\/span><\/p><\/td><td valign=\"middle\"><p align=\"center\"><span style=\"color: #000000; font-family: Helvetica Neue; font-size: small;\">CA428BOX<\/span><\/p><\/td><td valign=\"middle\"><p align=\"center\"><span style=\"color: #000000; font-family: Helvetica Neue; font-size: small;\">Skrzynka elektryczna<\/span><\/p><\/td><\/tr><tr><td valign=\"middle\"><p align=\"center\"><span style=\"color: #000000; font-family: Helvetica Neue; font-size: small;\">25<\/span><\/p><\/td><td valign=\"middle\"><p align=\"center\"><span style=\"color: #000000; font-family: Helvetica Neue; font-size: small;\">A03105<\/span><\/p><\/td><td valign=\"middle\"><p align=\"center\"><span style=\"color: #000000; font-family: Helvetica Neue; font-size: small;\">Motor<\/span><\/p><\/td><\/tr><tr><td valign=\"middle\"><p align=\"center\"><span style=\"color: #000000; font-family: Helvetica Neue; font-size: small;\">26<\/span><\/p><\/td><td valign=\"middle\"><p align=\"center\"><span style=\"color: #000000; font-family: Helvetica Neue; font-size: small;\">A03108<\/span><\/p><\/td><td valign=\"middle\"><p align=\"center\"><span style=\"color: #000000; font-family: Helvetica Neue; font-size: small;\">Kondensato<\/span><span style=\"color: #000000; font-family: Helvetica Neue; font-size: small;\">r<\/span><\/p><\/td><\/tr><tr><td valign=\"middle\"><p align=\"center\"><span style=\"color: #000000; font-family: Helvetica Neue; font-size: small;\">28<\/span><\/p><\/td><td valign=\"middle\"><p align=\"center\"><span style=\"color: #000000; font-family: Helvetica Neue; font-size: small;\">A03113<\/span><\/p><\/td><td valign=\"middle\"><p align=\"center\"><span style=\"color: #000000; font-family: Helvetica Neue; font-size: small;\">Ko\u0142o zamachowe<\/span><\/p><\/td><\/tr><tr><td valign=\"middle\"><p align=\"center\"><span style=\"color: #000000; font-family: Helvetica Neue; font-size: small;\">29<\/span><\/p><\/td><td valign=\"middle\"><p align=\"center\"><span style=\"color: #000000; font-family: Helvetica Neue; font-size: small;\">A03112<\/span><\/p><\/td><td valign=\"middle\"><p align=\"center\"><span style=\"color: #000000; font-family: Helvetica Neue; font-size: small;\">Przek\u0142adka<\/span><\/p><\/td><\/tr><tr style=\"background-color: #cdd0d4;\"><td valign=\"middle\"><p align=\"center\"><strong><span style=\"color: #000000; font-family: Helvetica Neue; font-size: small;\">30<\/span><\/strong><\/p><\/td><td valign=\"middle\"><p align=\"center\"><strong><span style=\"color: #000000; font-family: Helvetica Neue; font-size: small;\">A03111<\/span><\/strong><\/p><\/td><td valign=\"middle\"><p align=\"center\"><strong><span style=\"color: #000000; font-family: Helvetica Neue; font-size: small;\">Os\u0142ona olejowa<\/span><\/strong><\/p><\/td><\/tr><tr><td valign=\"middle\"><p align=\"center\"><span style=\"color: #000000; font-family: Helvetica Neue; font-size: small;\">31<\/span><\/p><\/td><td valign=\"middle\"><p align=\"center\"><span style=\"color: #000000; font-family: Helvetica Neue; font-size: small;\">A03110<\/span><\/p><\/td><td valign=\"middle\"><p align=\"center\"><span style=\"color: #000000; font-family: Helvetica Neue; font-size: small;\">\u0141o\u017cysko<\/span><\/p><\/td><\/tr><\/tbody><\/table>\t\t\t\t\t\t\t\t<\/div>\n\t\t\t\t<\/div>\n\t\t\t\t\t<\/div>\n\t\t<\/div>\n\t\t\t\t<div class=\"elementor-column elementor-col-50 elementor-top-column elementor-element elementor-element-752a9fa\" data-id=\"752a9fa\" data-element_type=\"column\" data-e-type=\"column\">\n\t\t\t<div class=\"elementor-widget-wrap\">\n\t\t\t\t\t\t\t<\/div>\n\t\t<\/div>\n\t\t\t\t\t<\/div>\n\t\t<\/section>\n\t\t\t\t<\/div>\n\t\t","protected":false},"excerpt":{"rendered":"<p>NR KOD NAZWA 23 CA428\/S4 W\u0142\u0105cznik elektryczny 24+27 CA428BOX Skrzynka elektryczna 25 A03105 Motor 26 A03108 Kondensator 28 A03113 Ko\u0142o zamachowe 29 A03112 Przek\u0142adka 30 A03111 Os\u0142ona olejowa 31 A03110 \u0141o\u017cysko<\/p>\n","protected":false},"featured_media":2239,"template":"","meta":{"_acf_changed":false},"product_brand":[],"product_cat":[149,87],"product_tag":[],"class_list":{"0":"post-2236","1":"product","2":"type-product","3":"status-publish","4":"has-post-thumbnail","6":"product_cat-czesci-do-pomp","7":"product_cat-pi-pump-4000","9":"first","10":"instock","11":"taxable","12":"shipping-taxable","13":"purchasable","14":"product-type-simple"},"acf":[],"yoast_head":"<!-- This site is optimized with the Yoast SEO plugin v27.3 - https:\/\/yoast.com\/product\/yoast-seo-wordpress\/ -->\n<title>Os\u0142ona olejowa (A03111) - PAKERY.PL<\/title>\n<meta name=\"robots\" content=\"index, follow, max-snippet:-1, max-image-preview:large, max-video-preview:-1\" \/>\n<link rel=\"canonical\" href=\"https:\/\/www.pakery.pl\/pl\/produkt\/oslona-olejowa\/\" \/>\n<meta property=\"og:locale\" content=\"pl_PL\" \/>\n<meta property=\"og:type\" content=\"article\" \/>\n<meta property=\"og:title\" content=\"Os\u0142ona olejowa (A03111) - PAKERY.PL\" \/>\n<meta property=\"og:description\" content=\"NR KOD NAZWA 23 CA428\/S4 W\u0142\u0105cznik elektryczny 24+27 CA428BOX Skrzynka elektryczna 25 A03105 Motor 26 A03108 Kondensator 28 A03113 Ko\u0142o zamachowe 29 A03112 Przek\u0142adka 30 A03111 Os\u0142ona olejowa 31 A03110 \u0141o\u017cysko\" \/>\n<meta property=\"og:url\" content=\"https:\/\/www.pakery.pl\/pl\/produkt\/oslona-olejowa\/\" \/>\n<meta property=\"og:site_name\" content=\"PAKERY.PL\" \/>\n<meta property=\"article:modified_time\" content=\"2021-07-26T09:54:26+00:00\" \/>\n<meta property=\"og:image\" content=\"https:\/\/www.pakery.pl\/wp-content\/uploads\/2021\/05\/a03111-1.png\" \/>\n\t<meta property=\"og:image:width\" content=\"2500\" \/>\n\t<meta property=\"og:image:height\" content=\"2500\" \/>\n\t<meta property=\"og:image:type\" content=\"image\/png\" \/>\n<meta name=\"twitter:card\" content=\"summary_large_image\" \/>\n<script type=\"application\/ld+json\" class=\"yoast-schema-graph\">{\"@context\":\"https:\\\/\\\/schema.org\",\"@graph\":[{\"@type\":\"WebPage\",\"@id\":\"https:\\\/\\\/www.pakery.pl\\\/pl\\\/produkt\\\/oslona-olejowa\\\/\",\"url\":\"https:\\\/\\\/www.pakery.pl\\\/pl\\\/produkt\\\/oslona-olejowa\\\/\",\"name\":\"Os\u0142ona olejowa (A03111) - PAKERY.PL\",\"isPartOf\":{\"@id\":\"https:\\\/\\\/www.pakery.pl\\\/pl\\\/#website\"},\"primaryImageOfPage\":{\"@id\":\"https:\\\/\\\/www.pakery.pl\\\/pl\\\/produkt\\\/oslona-olejowa\\\/#primaryimage\"},\"image\":{\"@id\":\"https:\\\/\\\/www.pakery.pl\\\/pl\\\/produkt\\\/oslona-olejowa\\\/#primaryimage\"},\"thumbnailUrl\":\"https:\\\/\\\/www.pakery.pl\\\/wp-content\\\/uploads\\\/2021\\\/05\\\/a03111-1.png\",\"datePublished\":\"2021-05-04T14:32:04+00:00\",\"dateModified\":\"2021-07-26T09:54:26+00:00\",\"breadcrumb\":{\"@id\":\"https:\\\/\\\/www.pakery.pl\\\/pl\\\/produkt\\\/oslona-olejowa\\\/#breadcrumb\"},\"inLanguage\":\"pl-PL\",\"potentialAction\":[{\"@type\":\"ReadAction\",\"target\":[\"https:\\\/\\\/www.pakery.pl\\\/pl\\\/produkt\\\/oslona-olejowa\\\/\"]}]},{\"@type\":\"ImageObject\",\"inLanguage\":\"pl-PL\",\"@id\":\"https:\\\/\\\/www.pakery.pl\\\/pl\\\/produkt\\\/oslona-olejowa\\\/#primaryimage\",\"url\":\"https:\\\/\\\/www.pakery.pl\\\/wp-content\\\/uploads\\\/2021\\\/05\\\/a03111-1.png\",\"contentUrl\":\"https:\\\/\\\/www.pakery.pl\\\/wp-content\\\/uploads\\\/2021\\\/05\\\/a03111-1.png\",\"width\":2500,\"height\":2500,\"caption\":\"Os\u0142ona olejowa\"},{\"@type\":\"BreadcrumbList\",\"@id\":\"https:\\\/\\\/www.pakery.pl\\\/pl\\\/produkt\\\/oslona-olejowa\\\/#breadcrumb\",\"itemListElement\":[{\"@type\":\"ListItem\",\"position\":1,\"name\":\"Strona g\u0142\u00f3wna\",\"item\":\"https:\\\/\\\/www.pakery.pl\\\/pl\\\/\"},{\"@type\":\"ListItem\",\"position\":2,\"name\":\"Sklep\",\"item\":\"https:\\\/\\\/www.pakery.pl\\\/pl\\\/sklep\\\/\"},{\"@type\":\"ListItem\",\"position\":3,\"name\":\"Os\u0142ona olejowa (A03111)\"}]},{\"@type\":\"WebSite\",\"@id\":\"https:\\\/\\\/www.pakery.pl\\\/pl\\\/#website\",\"url\":\"https:\\\/\\\/www.pakery.pl\\\/pl\\\/\",\"name\":\"Pakery.pl\",\"description\":\"Pakery iniekcyjne, Kotwy spiralne, Lance iniekcyjne, W\u0119\u017ce do iniekcji, Pompy iniekcyjne, Serwis pomp iniekcyjnych, Wynajem pomp do iniekcji\",\"publisher\":{\"@id\":\"https:\\\/\\\/www.pakery.pl\\\/pl\\\/#organization\"},\"potentialAction\":[{\"@type\":\"SearchAction\",\"target\":{\"@type\":\"EntryPoint\",\"urlTemplate\":\"https:\\\/\\\/www.pakery.pl\\\/pl\\\/?s={search_term_string}\"},\"query-input\":{\"@type\":\"PropertyValueSpecification\",\"valueRequired\":true,\"valueName\":\"search_term_string\"}}],\"inLanguage\":\"pl-PL\"},{\"@type\":\"Organization\",\"@id\":\"https:\\\/\\\/www.pakery.pl\\\/pl\\\/#organization\",\"name\":\"PAKERY.PL\",\"url\":\"https:\\\/\\\/www.pakery.pl\\\/pl\\\/\",\"logo\":{\"@type\":\"ImageObject\",\"inLanguage\":\"pl-PL\",\"@id\":\"https:\\\/\\\/www.pakery.pl\\\/pl\\\/#\\\/schema\\\/logo\\\/image\\\/\",\"url\":\"https:\\\/\\\/www.pakery.pl\\\/wp-content\\\/uploads\\\/2021\\\/04\\\/cropped-PAKERY-LOGO.png\",\"contentUrl\":\"https:\\\/\\\/www.pakery.pl\\\/wp-content\\\/uploads\\\/2021\\\/04\\\/cropped-PAKERY-LOGO.png\",\"width\":1529,\"height\":500,\"caption\":\"PAKERY.PL\"},\"image\":{\"@id\":\"https:\\\/\\\/www.pakery.pl\\\/pl\\\/#\\\/schema\\\/logo\\\/image\\\/\"}}]}<\/script>\n<!-- \/ Yoast SEO plugin. -->","yoast_head_json":{"title":"Os\u0142ona olejowa (A03111) - PAKERY.PL","robots":{"index":"index","follow":"follow","max-snippet":"max-snippet:-1","max-image-preview":"max-image-preview:large","max-video-preview":"max-video-preview:-1"},"canonical":"https:\/\/www.pakery.pl\/pl\/produkt\/oslona-olejowa\/","og_locale":"pl_PL","og_type":"article","og_title":"Os\u0142ona olejowa (A03111) - PAKERY.PL","og_description":"NR KOD NAZWA 23 CA428\/S4 W\u0142\u0105cznik elektryczny 24+27 CA428BOX Skrzynka elektryczna 25 A03105 Motor 26 A03108 Kondensator 28 A03113 Ko\u0142o zamachowe 29 A03112 Przek\u0142adka 30 A03111 Os\u0142ona olejowa 31 A03110 \u0141o\u017cysko","og_url":"https:\/\/www.pakery.pl\/pl\/produkt\/oslona-olejowa\/","og_site_name":"PAKERY.PL","article_modified_time":"2021-07-26T09:54:26+00:00","og_image":[{"width":2500,"height":2500,"url":"https:\/\/www.pakery.pl\/wp-content\/uploads\/2021\/05\/a03111-1.png","type":"image\/png"}],"twitter_card":"summary_large_image","schema":{"@context":"https:\/\/schema.org","@graph":[{"@type":"WebPage","@id":"https:\/\/www.pakery.pl\/pl\/produkt\/oslona-olejowa\/","url":"https:\/\/www.pakery.pl\/pl\/produkt\/oslona-olejowa\/","name":"Os\u0142ona olejowa (A03111) - PAKERY.PL","isPartOf":{"@id":"https:\/\/www.pakery.pl\/pl\/#website"},"primaryImageOfPage":{"@id":"https:\/\/www.pakery.pl\/pl\/produkt\/oslona-olejowa\/#primaryimage"},"image":{"@id":"https:\/\/www.pakery.pl\/pl\/produkt\/oslona-olejowa\/#primaryimage"},"thumbnailUrl":"https:\/\/www.pakery.pl\/wp-content\/uploads\/2021\/05\/a03111-1.png","datePublished":"2021-05-04T14:32:04+00:00","dateModified":"2021-07-26T09:54:26+00:00","breadcrumb":{"@id":"https:\/\/www.pakery.pl\/pl\/produkt\/oslona-olejowa\/#breadcrumb"},"inLanguage":"pl-PL","potentialAction":[{"@type":"ReadAction","target":["https:\/\/www.pakery.pl\/pl\/produkt\/oslona-olejowa\/"]}]},{"@type":"ImageObject","inLanguage":"pl-PL","@id":"https:\/\/www.pakery.pl\/pl\/produkt\/oslona-olejowa\/#primaryimage","url":"https:\/\/www.pakery.pl\/wp-content\/uploads\/2021\/05\/a03111-1.png","contentUrl":"https:\/\/www.pakery.pl\/wp-content\/uploads\/2021\/05\/a03111-1.png","width":2500,"height":2500,"caption":"Os\u0142ona olejowa"},{"@type":"BreadcrumbList","@id":"https:\/\/www.pakery.pl\/pl\/produkt\/oslona-olejowa\/#breadcrumb","itemListElement":[{"@type":"ListItem","position":1,"name":"Strona g\u0142\u00f3wna","item":"https:\/\/www.pakery.pl\/pl\/"},{"@type":"ListItem","position":2,"name":"Sklep","item":"https:\/\/www.pakery.pl\/pl\/sklep\/"},{"@type":"ListItem","position":3,"name":"Os\u0142ona olejowa (A03111)"}]},{"@type":"WebSite","@id":"https:\/\/www.pakery.pl\/pl\/#website","url":"https:\/\/www.pakery.pl\/pl\/","name":"Pakery.pl","description":"Pakery iniekcyjne, Kotwy spiralne, Lance iniekcyjne, W\u0119\u017ce do iniekcji, Pompy iniekcyjne, Serwis pomp iniekcyjnych, Wynajem pomp do iniekcji","publisher":{"@id":"https:\/\/www.pakery.pl\/pl\/#organization"},"potentialAction":[{"@type":"SearchAction","target":{"@type":"EntryPoint","urlTemplate":"https:\/\/www.pakery.pl\/pl\/?s={search_term_string}"},"query-input":{"@type":"PropertyValueSpecification","valueRequired":true,"valueName":"search_term_string"}}],"inLanguage":"pl-PL"},{"@type":"Organization","@id":"https:\/\/www.pakery.pl\/pl\/#organization","name":"PAKERY.PL","url":"https:\/\/www.pakery.pl\/pl\/","logo":{"@type":"ImageObject","inLanguage":"pl-PL","@id":"https:\/\/www.pakery.pl\/pl\/#\/schema\/logo\/image\/","url":"https:\/\/www.pakery.pl\/wp-content\/uploads\/2021\/04\/cropped-PAKERY-LOGO.png","contentUrl":"https:\/\/www.pakery.pl\/wp-content\/uploads\/2021\/04\/cropped-PAKERY-LOGO.png","width":1529,"height":500,"caption":"PAKERY.PL"},"image":{"@id":"https:\/\/www.pakery.pl\/pl\/#\/schema\/logo\/image\/"}}]}},"_links":{"self":[{"href":"https:\/\/www.pakery.pl\/pl\/wp-json\/wp\/v2\/product\/2236","targetHints":{"allow":["GET"]}}],"collection":[{"href":"https:\/\/www.pakery.pl\/pl\/wp-json\/wp\/v2\/product"}],"about":[{"href":"https:\/\/www.pakery.pl\/pl\/wp-json\/wp\/v2\/types\/product"}],"version-history":[{"count":3,"href":"https:\/\/www.pakery.pl\/pl\/wp-json\/wp\/v2\/product\/2236\/revisions"}],"predecessor-version":[{"id":3923,"href":"https:\/\/www.pakery.pl\/pl\/wp-json\/wp\/v2\/product\/2236\/revisions\/3923"}],"wp:featuredmedia":[{"embeddable":true,"href":"https:\/\/www.pakery.pl\/pl\/wp-json\/wp\/v2\/media\/2239"}],"wp:attachment":[{"href":"https:\/\/www.pakery.pl\/pl\/wp-json\/wp\/v2\/media?parent=2236"}],"wp:term":[{"taxonomy":"product_brand","embeddable":true,"href":"https:\/\/www.pakery.pl\/pl\/wp-json\/wp\/v2\/product_brand?post=2236"},{"taxonomy":"product_cat","embeddable":true,"href":"https:\/\/www.pakery.pl\/pl\/wp-json\/wp\/v2\/product_cat?post=2236"},{"taxonomy":"product_tag","embeddable":true,"href":"https:\/\/www.pakery.pl\/pl\/wp-json\/wp\/v2\/product_tag?post=2236"}],"curies":[{"name":"wp","href":"https:\/\/api.w.org\/{rel}","templated":true}]}}