{"id":2071,"date":"2021-04-23T11:08:58","date_gmt":"2021-04-23T09:08:58","guid":{"rendered":"https:\/\/www.pakery.pl\/?post_type=product&#038;p=2071"},"modified":"2021-11-09T10:55:46","modified_gmt":"2021-11-09T09:55:46","slug":"glowica-2k","status":"publish","type":"product","link":"https:\/\/www.pakery.pl\/pl\/produkt\/glowica-2k\/","title":{"rendered":"HAMMPACK 2K"},"content":{"rendered":"\t\t<div data-elementor-type=\"product-post\" data-elementor-id=\"2071\" class=\"elementor elementor-2071\" data-elementor-post-type=\"product\">\n\t\t\t\t\t\t<section class=\"elementor-section elementor-top-section elementor-element elementor-element-06cc62d elementor-section-full_width elementor-section-height-default elementor-section-height-default\" data-id=\"06cc62d\" data-element_type=\"section\" data-e-type=\"section\">\n\t\t\t\t\t\t<div class=\"elementor-container elementor-column-gap-default\">\n\t\t\t\t\t<div class=\"elementor-column elementor-col-50 elementor-top-column elementor-element elementor-element-6d8bcd1\" data-id=\"6d8bcd1\" data-element_type=\"column\" data-e-type=\"column\">\n\t\t\t<div class=\"elementor-widget-wrap elementor-element-populated\">\n\t\t\t\t\t\t<div class=\"elementor-element elementor-element-8a443fe elementor-widget elementor-widget-text-editor\" data-id=\"8a443fe\" data-element_type=\"widget\" data-e-type=\"widget\" data-widget_type=\"text-editor.default\">\n\t\t\t\t<div class=\"elementor-widget-container\">\n\t\t\t\t\t\t\t\t\t<p><span style=\"color: #000000;\"><strong>PARAMETRY TECHNICZNE:<\/strong><\/span><\/p><ul><li><span style=\"color: #000000;\">stal nierdzewna \/ aluminium<\/span><\/li><li><span style=\"color: #000000;\">waga: 1,53 kg<\/span><\/li><li><span style=\"color: #000000;\">wej\u015bcie 1\/4 BSP<\/span><\/li><li><span style=\"color: #000000;\">wylot m10x1<\/span><\/li><\/ul><div><span style=\"color: #000000;\"><span style=\"caret-color: #000000;\"><b><i>\u00a0<\/i><\/b><\/span><\/span><\/div><div><p><span style=\"color: #000000;\"><strong>ZAWIERA:<\/strong><\/span><\/p><ul><li><span style=\"color: #000000;\">4 szt. zapasowych o-ring\u00f3w do zawor\u00f3w zwrotnych<\/span><\/li><li><span style=\"color: #000000;\">ko\u0144c\u00f3wka do iniekcji wysokoci\u015bnieniowej m10x1<\/span><\/li><li><span style=\"color: #000000;\">nasadka 4-szcz\u0119kowa CPX<\/span><\/li><li><span style=\"color: #000000;\">wej\u015bcie 1\/4 BSP<\/span><\/li><li><span style=\"color: #000000;\">Przed\u0142u\u017cenie sekcji mieszacz<\/span><\/li><\/ul><div><span style=\"color: #000000;\"><span style=\"caret-color: #000000;\"><i>\u00a0<\/i><\/span><\/span><\/div><p><span style=\"color: #000000;\"><strong>KORZY\u015aCI:<\/strong><\/span><\/p><ul><li><span style=\"color: #000000;\">l\u017cejsza praca zaworu pod ci\u015bnieniem<\/span><\/li><li><span style=\"color: #000000;\">Zwi\u0119kszony przep\u0142yw i lepsza szczelno\u015b\u0107 dzi\u0119ki przej\u015bciu z kulowych zawor\u00f3w zwrotnych na nasz system p\u0142ywakowy z o-ringiem ze stali nierdzewnej<\/span><\/li><li><span style=\"color: #000000;\">kana\u0142y techniczne umo\u017cliwiaj\u0105 \u0142atwe czyszczenie<\/span><\/li><li><span style=\"color: #000000;\">ze wzgl\u0119du na zwi\u0119kszon\u0105 szczelno\u015b\u0107 zawor\u00f3w zwrotnych i ich monta\u017c bezpo\u015brednio za zaworami kulowymi, sama g\u0142owica rzadziej si\u0119 zatyka<\/span><\/li><li><span style=\"color: #000000;\">g\u0142owica mo\u017ce by\u0107 regenerowana\/serwisowana i posiada pe\u0142n\u0105 dost\u0119pno\u015b\u0107 cz\u0119\u015bci zamiennych<\/span><\/li><li><span style=\"color: #000000;\">posiada ergonomiczny uchwyt, a poprzez maksymalne zmniejszenie wagi zwi\u0119ksza komfort pracy<\/span><\/li><\/ul><p><span style=\"color: #000000;\"><strong>FUNKCJE:<\/strong><\/span><\/p><p><span style=\"color: #000000;\">Umo\u017cliwia oddzielne p\u0142ukanie ka\u017cdego kana\u0142u. Wykonane ze stali nierdzewnej i anodyzowanego aluminium dla trwa\u0142o\u015bci i lat u\u017cytkowania. Prosta konstrukcja umo\u017cliwia szybkie czyszczenie. Zmniejszona waga i ergonomiczny uchwyt zapewniaj\u0105 wygodn\u0105 pozycj\u0119 podczas pracy. Bardzo atrakcyjna cena oraz pe\u0142ny serwis i cz\u0119\u015bci zamienne.<\/span><\/p><\/div>\t\t\t\t\t\t\t\t<\/div>\n\t\t\t\t<\/div>\n\t\t\t\t\t<\/div>\n\t\t<\/div>\n\t\t\t\t<div class=\"elementor-column elementor-col-50 elementor-top-column elementor-element elementor-element-5f3d153\" data-id=\"5f3d153\" data-element_type=\"column\" data-e-type=\"column\">\n\t\t\t<div class=\"elementor-widget-wrap elementor-element-populated\">\n\t\t\t\t\t\t<div class=\"elementor-element elementor-element-f8dc553 elementor-widget elementor-widget-image\" data-id=\"f8dc553\" data-element_type=\"widget\" data-e-type=\"widget\" data-widget_type=\"image.default\">\n\t\t\t\t<div class=\"elementor-widget-container\">\n\t\t\t\t\t\t\t\t\t\t\t\t\t\t\t<img fetchpriority=\"high\" decoding=\"async\" width=\"811\" height=\"1024\" src=\"https:\/\/www.pakery.pl\/wp-content\/uploads\/2021\/05\/GLOWICA-2K-STRONA-e1621413622360-811x1024.png\" class=\"attachment-large size-large wp-image-3868\" alt=\"\" srcset=\"https:\/\/www.pakery.pl\/wp-content\/uploads\/2021\/05\/GLOWICA-2K-STRONA-e1621413622360-811x1024.png 811w, https:\/\/www.pakery.pl\/wp-content\/uploads\/2021\/05\/GLOWICA-2K-STRONA-e1621413622360-238x300.png 238w, https:\/\/www.pakery.pl\/wp-content\/uploads\/2021\/05\/GLOWICA-2K-STRONA-e1621413622360-768x969.png 768w, https:\/\/www.pakery.pl\/wp-content\/uploads\/2021\/05\/GLOWICA-2K-STRONA-e1621413622360-1217x1536.png 1217w, https:\/\/www.pakery.pl\/wp-content\/uploads\/2021\/05\/GLOWICA-2K-STRONA-e1621413622360-1623x2048.png 1623w, https:\/\/www.pakery.pl\/wp-content\/uploads\/2021\/05\/GLOWICA-2K-STRONA-e1621413622360-683x862.png 683w, https:\/\/www.pakery.pl\/wp-content\/uploads\/2021\/05\/GLOWICA-2K-STRONA-e1621413622360-541x683.png 541w, https:\/\/www.pakery.pl\/wp-content\/uploads\/2021\/05\/GLOWICA-2K-STRONA-e1621413622360.png 1981w\" sizes=\"(max-width: 811px) 100vw, 811px\" \/>\t\t\t\t\t\t\t\t\t\t\t\t\t\t\t<\/div>\n\t\t\t\t<\/div>\n\t\t\t\t\t<\/div>\n\t\t<\/div>\n\t\t\t\t\t<\/div>\n\t\t<\/section>\n\t\t\t\t<section class=\"elementor-section elementor-top-section elementor-element elementor-element-a79eb69 elementor-section-full_width elementor-section-height-default elementor-section-height-default\" data-id=\"a79eb69\" data-element_type=\"section\" data-e-type=\"section\">\n\t\t\t\t\t\t<div class=\"elementor-container elementor-column-gap-default\">\n\t\t\t\t\t<div class=\"elementor-column elementor-col-100 elementor-top-column elementor-element elementor-element-d98a3f4\" data-id=\"d98a3f4\" data-element_type=\"column\" data-e-type=\"column\">\n\t\t\t<div class=\"elementor-widget-wrap elementor-element-populated\">\n\t\t\t\t\t\t<div class=\"elementor-element elementor-element-9b477e2 elementor-widget elementor-widget-text-editor\" data-id=\"9b477e2\" data-element_type=\"widget\" data-e-type=\"widget\" data-widget_type=\"text-editor.default\">\n\t\t\t\t<div class=\"elementor-widget-container\">\n\t\t\t\t\t\t\t\t\t<p><span style=\"color: #000000;\">System Hammpack 2K i 3K osi\u0105ga wyj\u0105tkowo szczelny uk\u0142ad zaw\u00f3r-zaw\u00f3r poprzez zastosowanie zawor\u00f3w p\u0142ywakowych o wysokim przep\u0142ywie oraz poprzez wymuszone uszczelnienie ka\u017cdego p\u0142ynu osobno w ruchu wirowym. Problem przep\u0142ywu p\u0142ynu pomi\u0119dzy kana\u0142ami (r\u00f3\u017cne g\u0119sto\u015bci, ci\u015bnienia i nat\u0119\u017cenia przep\u0142ywu) jest wyeliminowany w g\u0142owicach Hammpack.<\/span><\/p>\t\t\t\t\t\t\t\t<\/div>\n\t\t\t\t<\/div>\n\t\t\t\t\t<\/div>\n\t\t<\/div>\n\t\t\t\t\t<\/div>\n\t\t<\/section>\n\t\t\t\t<\/div>\n\t\t","protected":false},"excerpt":{"rendered":"<p>PARAMETRY TECHNICZNE: stal nierdzewna \/ aluminium waga: 1,53 kg wej\u015bcie 1\/4 BSP wylot m10x1 \u00a0 ZAWIERA: 4 szt. zapasowych o-ring\u00f3w do zawor\u00f3w zwrotnych ko\u0144c\u00f3wka do iniekcji wysokoci\u015bnieniowej m10x1 nasadka 4-szcz\u0119kowa CPX wej\u015bcie 1\/4 BSP Przed\u0142u\u017cenie sekcji mieszacz \u00a0 KORZY\u015aCI: l\u017cejsza praca zaworu pod ci\u015bnieniem Zwi\u0119kszony przep\u0142yw i lepsza szczelno\u015b\u0107 dzi\u0119ki przej\u015bciu z kulowych zawor\u00f3w zwrotnych [&hellip;]<\/p>\n","protected":false},"featured_media":3935,"template":"","meta":{"_acf_changed":false},"product_brand":[],"product_cat":[82],"product_tag":[],"class_list":{"0":"post-2071","1":"product","2":"type-product","3":"status-publish","4":"has-post-thumbnail","6":"product_cat-pistolety","8":"first","9":"instock","10":"taxable","11":"shipping-taxable","12":"purchasable","13":"product-type-simple"},"acf":[],"yoast_head":"<!-- This site is optimized with the Yoast SEO plugin v27.3 - https:\/\/yoast.com\/product\/yoast-seo-wordpress\/ -->\n<title>G\u0142owica iniekcyjna mieszaj\u0105ca HAMMPACK 2K - PAKERY.PL<\/title>\n<meta name=\"description\" content=\"G\u0142owica Hammpack 2K umo\u017cliwia oddzielne czyszczenie ka\u017cdego kana\u0142u. Wykonana ze stali nierdzewnej, co gwarantuje bezproblemowe u\u017cytkowanie\" \/>\n<meta name=\"robots\" content=\"index, follow, max-snippet:-1, max-image-preview:large, max-video-preview:-1\" \/>\n<link rel=\"canonical\" href=\"https:\/\/www.pakery.pl\/pl\/produkt\/glowica-2k\/\" \/>\n<meta property=\"og:locale\" content=\"pl_PL\" \/>\n<meta property=\"og:type\" content=\"article\" \/>\n<meta property=\"og:title\" content=\"G\u0142owica iniekcyjna mieszaj\u0105ca HAMMPACK 2K - PAKERY.PL\" \/>\n<meta property=\"og:description\" content=\"G\u0142owica Hammpack 2K umo\u017cliwia oddzielne czyszczenie ka\u017cdego kana\u0142u. Wykonana ze stali nierdzewnej, co gwarantuje bezproblemowe u\u017cytkowanie\" \/>\n<meta property=\"og:url\" content=\"https:\/\/www.pakery.pl\/pl\/produkt\/glowica-2k\/\" \/>\n<meta property=\"og:site_name\" content=\"PAKERY.PL\" \/>\n<meta property=\"article:modified_time\" content=\"2021-11-09T09:55:46+00:00\" \/>\n<meta property=\"og:image\" content=\"https:\/\/www.pakery.pl\/wp-content\/uploads\/2021\/05\/glowica-2k-V2.png\" \/>\n\t<meta property=\"og:image:width\" content=\"2500\" \/>\n\t<meta property=\"og:image:height\" content=\"2500\" \/>\n\t<meta property=\"og:image:type\" content=\"image\/png\" \/>\n<meta name=\"twitter:card\" content=\"summary_large_image\" \/>\n<meta name=\"twitter:label1\" content=\"Szacowany czas czytania\" \/>\n\t<meta name=\"twitter:data1\" content=\"1 minuta\" \/>\n<script type=\"application\/ld+json\" class=\"yoast-schema-graph\">{\"@context\":\"https:\\\/\\\/schema.org\",\"@graph\":[{\"@type\":\"WebPage\",\"@id\":\"https:\\\/\\\/www.pakery.pl\\\/pl\\\/produkt\\\/glowica-2k\\\/\",\"url\":\"https:\\\/\\\/www.pakery.pl\\\/pl\\\/produkt\\\/glowica-2k\\\/\",\"name\":\"G\u0142owica iniekcyjna mieszaj\u0105ca HAMMPACK 2K - PAKERY.PL\",\"isPartOf\":{\"@id\":\"https:\\\/\\\/www.pakery.pl\\\/pl\\\/#website\"},\"primaryImageOfPage\":{\"@id\":\"https:\\\/\\\/www.pakery.pl\\\/pl\\\/produkt\\\/glowica-2k\\\/#primaryimage\"},\"image\":{\"@id\":\"https:\\\/\\\/www.pakery.pl\\\/pl\\\/produkt\\\/glowica-2k\\\/#primaryimage\"},\"thumbnailUrl\":\"https:\\\/\\\/www.pakery.pl\\\/wp-content\\\/uploads\\\/2021\\\/05\\\/glowica-2k-V2.png\",\"datePublished\":\"2021-04-23T09:08:58+00:00\",\"dateModified\":\"2021-11-09T09:55:46+00:00\",\"description\":\"G\u0142owica Hammpack 2K umo\u017cliwia oddzielne czyszczenie ka\u017cdego kana\u0142u. Wykonana ze stali nierdzewnej, co gwarantuje bezproblemowe u\u017cytkowanie\",\"breadcrumb\":{\"@id\":\"https:\\\/\\\/www.pakery.pl\\\/pl\\\/produkt\\\/glowica-2k\\\/#breadcrumb\"},\"inLanguage\":\"pl-PL\",\"potentialAction\":[{\"@type\":\"ReadAction\",\"target\":[\"https:\\\/\\\/www.pakery.pl\\\/pl\\\/produkt\\\/glowica-2k\\\/\"]}]},{\"@type\":\"ImageObject\",\"inLanguage\":\"pl-PL\",\"@id\":\"https:\\\/\\\/www.pakery.pl\\\/pl\\\/produkt\\\/glowica-2k\\\/#primaryimage\",\"url\":\"https:\\\/\\\/www.pakery.pl\\\/wp-content\\\/uploads\\\/2021\\\/05\\\/glowica-2k-V2.png\",\"contentUrl\":\"https:\\\/\\\/www.pakery.pl\\\/wp-content\\\/uploads\\\/2021\\\/05\\\/glowica-2k-V2.png\",\"width\":2500,\"height\":2500,\"caption\":\"G\u0142owica mieszaj\u0105ca\"},{\"@type\":\"BreadcrumbList\",\"@id\":\"https:\\\/\\\/www.pakery.pl\\\/pl\\\/produkt\\\/glowica-2k\\\/#breadcrumb\",\"itemListElement\":[{\"@type\":\"ListItem\",\"position\":1,\"name\":\"Strona g\u0142\u00f3wna\",\"item\":\"https:\\\/\\\/www.pakery.pl\\\/pl\\\/\"},{\"@type\":\"ListItem\",\"position\":2,\"name\":\"Sklep\",\"item\":\"https:\\\/\\\/www.pakery.pl\\\/pl\\\/sklep\\\/\"},{\"@type\":\"ListItem\",\"position\":3,\"name\":\"HAMMPACK 2K\"}]},{\"@type\":\"WebSite\",\"@id\":\"https:\\\/\\\/www.pakery.pl\\\/pl\\\/#website\",\"url\":\"https:\\\/\\\/www.pakery.pl\\\/pl\\\/\",\"name\":\"Pakery.pl\",\"description\":\"Pakery iniekcyjne, Kotwy spiralne, Lance iniekcyjne, W\u0119\u017ce do iniekcji, Pompy iniekcyjne, Serwis pomp iniekcyjnych, Wynajem pomp do iniekcji\",\"publisher\":{\"@id\":\"https:\\\/\\\/www.pakery.pl\\\/pl\\\/#organization\"},\"potentialAction\":[{\"@type\":\"SearchAction\",\"target\":{\"@type\":\"EntryPoint\",\"urlTemplate\":\"https:\\\/\\\/www.pakery.pl\\\/pl\\\/?s={search_term_string}\"},\"query-input\":{\"@type\":\"PropertyValueSpecification\",\"valueRequired\":true,\"valueName\":\"search_term_string\"}}],\"inLanguage\":\"pl-PL\"},{\"@type\":\"Organization\",\"@id\":\"https:\\\/\\\/www.pakery.pl\\\/pl\\\/#organization\",\"name\":\"PAKERY.PL\",\"url\":\"https:\\\/\\\/www.pakery.pl\\\/pl\\\/\",\"logo\":{\"@type\":\"ImageObject\",\"inLanguage\":\"pl-PL\",\"@id\":\"https:\\\/\\\/www.pakery.pl\\\/pl\\\/#\\\/schema\\\/logo\\\/image\\\/\",\"url\":\"https:\\\/\\\/www.pakery.pl\\\/wp-content\\\/uploads\\\/2021\\\/04\\\/cropped-PAKERY-LOGO.png\",\"contentUrl\":\"https:\\\/\\\/www.pakery.pl\\\/wp-content\\\/uploads\\\/2021\\\/04\\\/cropped-PAKERY-LOGO.png\",\"width\":1529,\"height\":500,\"caption\":\"PAKERY.PL\"},\"image\":{\"@id\":\"https:\\\/\\\/www.pakery.pl\\\/pl\\\/#\\\/schema\\\/logo\\\/image\\\/\"}}]}<\/script>\n<!-- \/ Yoast SEO plugin. -->","yoast_head_json":{"title":"G\u0142owica iniekcyjna mieszaj\u0105ca HAMMPACK 2K - PAKERY.PL","description":"G\u0142owica Hammpack 2K umo\u017cliwia oddzielne czyszczenie ka\u017cdego kana\u0142u. Wykonana ze stali nierdzewnej, co gwarantuje bezproblemowe u\u017cytkowanie","robots":{"index":"index","follow":"follow","max-snippet":"max-snippet:-1","max-image-preview":"max-image-preview:large","max-video-preview":"max-video-preview:-1"},"canonical":"https:\/\/www.pakery.pl\/pl\/produkt\/glowica-2k\/","og_locale":"pl_PL","og_type":"article","og_title":"G\u0142owica iniekcyjna mieszaj\u0105ca HAMMPACK 2K - PAKERY.PL","og_description":"G\u0142owica Hammpack 2K umo\u017cliwia oddzielne czyszczenie ka\u017cdego kana\u0142u. Wykonana ze stali nierdzewnej, co gwarantuje bezproblemowe u\u017cytkowanie","og_url":"https:\/\/www.pakery.pl\/pl\/produkt\/glowica-2k\/","og_site_name":"PAKERY.PL","article_modified_time":"2021-11-09T09:55:46+00:00","og_image":[{"width":2500,"height":2500,"url":"https:\/\/www.pakery.pl\/wp-content\/uploads\/2021\/05\/glowica-2k-V2.png","type":"image\/png"}],"twitter_card":"summary_large_image","twitter_misc":{"Szacowany czas czytania":"1 minuta"},"schema":{"@context":"https:\/\/schema.org","@graph":[{"@type":"WebPage","@id":"https:\/\/www.pakery.pl\/pl\/produkt\/glowica-2k\/","url":"https:\/\/www.pakery.pl\/pl\/produkt\/glowica-2k\/","name":"G\u0142owica iniekcyjna mieszaj\u0105ca HAMMPACK 2K - PAKERY.PL","isPartOf":{"@id":"https:\/\/www.pakery.pl\/pl\/#website"},"primaryImageOfPage":{"@id":"https:\/\/www.pakery.pl\/pl\/produkt\/glowica-2k\/#primaryimage"},"image":{"@id":"https:\/\/www.pakery.pl\/pl\/produkt\/glowica-2k\/#primaryimage"},"thumbnailUrl":"https:\/\/www.pakery.pl\/wp-content\/uploads\/2021\/05\/glowica-2k-V2.png","datePublished":"2021-04-23T09:08:58+00:00","dateModified":"2021-11-09T09:55:46+00:00","description":"G\u0142owica Hammpack 2K umo\u017cliwia oddzielne czyszczenie ka\u017cdego kana\u0142u. Wykonana ze stali nierdzewnej, co gwarantuje bezproblemowe u\u017cytkowanie","breadcrumb":{"@id":"https:\/\/www.pakery.pl\/pl\/produkt\/glowica-2k\/#breadcrumb"},"inLanguage":"pl-PL","potentialAction":[{"@type":"ReadAction","target":["https:\/\/www.pakery.pl\/pl\/produkt\/glowica-2k\/"]}]},{"@type":"ImageObject","inLanguage":"pl-PL","@id":"https:\/\/www.pakery.pl\/pl\/produkt\/glowica-2k\/#primaryimage","url":"https:\/\/www.pakery.pl\/wp-content\/uploads\/2021\/05\/glowica-2k-V2.png","contentUrl":"https:\/\/www.pakery.pl\/wp-content\/uploads\/2021\/05\/glowica-2k-V2.png","width":2500,"height":2500,"caption":"G\u0142owica mieszaj\u0105ca"},{"@type":"BreadcrumbList","@id":"https:\/\/www.pakery.pl\/pl\/produkt\/glowica-2k\/#breadcrumb","itemListElement":[{"@type":"ListItem","position":1,"name":"Strona g\u0142\u00f3wna","item":"https:\/\/www.pakery.pl\/pl\/"},{"@type":"ListItem","position":2,"name":"Sklep","item":"https:\/\/www.pakery.pl\/pl\/sklep\/"},{"@type":"ListItem","position":3,"name":"HAMMPACK 2K"}]},{"@type":"WebSite","@id":"https:\/\/www.pakery.pl\/pl\/#website","url":"https:\/\/www.pakery.pl\/pl\/","name":"Pakery.pl","description":"Pakery iniekcyjne, Kotwy spiralne, Lance iniekcyjne, W\u0119\u017ce do iniekcji, Pompy iniekcyjne, Serwis pomp iniekcyjnych, Wynajem pomp do iniekcji","publisher":{"@id":"https:\/\/www.pakery.pl\/pl\/#organization"},"potentialAction":[{"@type":"SearchAction","target":{"@type":"EntryPoint","urlTemplate":"https:\/\/www.pakery.pl\/pl\/?s={search_term_string}"},"query-input":{"@type":"PropertyValueSpecification","valueRequired":true,"valueName":"search_term_string"}}],"inLanguage":"pl-PL"},{"@type":"Organization","@id":"https:\/\/www.pakery.pl\/pl\/#organization","name":"PAKERY.PL","url":"https:\/\/www.pakery.pl\/pl\/","logo":{"@type":"ImageObject","inLanguage":"pl-PL","@id":"https:\/\/www.pakery.pl\/pl\/#\/schema\/logo\/image\/","url":"https:\/\/www.pakery.pl\/wp-content\/uploads\/2021\/04\/cropped-PAKERY-LOGO.png","contentUrl":"https:\/\/www.pakery.pl\/wp-content\/uploads\/2021\/04\/cropped-PAKERY-LOGO.png","width":1529,"height":500,"caption":"PAKERY.PL"},"image":{"@id":"https:\/\/www.pakery.pl\/pl\/#\/schema\/logo\/image\/"}}]}},"_links":{"self":[{"href":"https:\/\/www.pakery.pl\/pl\/wp-json\/wp\/v2\/product\/2071","targetHints":{"allow":["GET"]}}],"collection":[{"href":"https:\/\/www.pakery.pl\/pl\/wp-json\/wp\/v2\/product"}],"about":[{"href":"https:\/\/www.pakery.pl\/pl\/wp-json\/wp\/v2\/types\/product"}],"version-history":[{"count":5,"href":"https:\/\/www.pakery.pl\/pl\/wp-json\/wp\/v2\/product\/2071\/revisions"}],"predecessor-version":[{"id":39536,"href":"https:\/\/www.pakery.pl\/pl\/wp-json\/wp\/v2\/product\/2071\/revisions\/39536"}],"wp:featuredmedia":[{"embeddable":true,"href":"https:\/\/www.pakery.pl\/pl\/wp-json\/wp\/v2\/media\/3935"}],"wp:attachment":[{"href":"https:\/\/www.pakery.pl\/pl\/wp-json\/wp\/v2\/media?parent=2071"}],"wp:term":[{"taxonomy":"product_brand","embeddable":true,"href":"https:\/\/www.pakery.pl\/pl\/wp-json\/wp\/v2\/product_brand?post=2071"},{"taxonomy":"product_cat","embeddable":true,"href":"https:\/\/www.pakery.pl\/pl\/wp-json\/wp\/v2\/product_cat?post=2071"},{"taxonomy":"product_tag","embeddable":true,"href":"https:\/\/www.pakery.pl\/pl\/wp-json\/wp\/v2\/product_tag?post=2071"}],"curies":[{"name":"wp","href":"https:\/\/api.w.org\/{rel}","templated":true}]}}