{"id":2059,"date":"2021-04-23T10:30:59","date_gmt":"2021-04-23T08:30:59","guid":{"rendered":"https:\/\/www.pakery.pl\/?post_type=product&#038;p=2059"},"modified":"2022-07-01T12:25:27","modified_gmt":"2022-07-01T10:25:27","slug":"zawor-do-iniekcji-sztywny-1k","status":"publish","type":"product","link":"https:\/\/www.pakery.pl\/pl\/produkt\/zawor-do-iniekcji-sztywny-1k\/","title":{"rendered":"Zaw\u00f3r do iniekcji sztywny 1K"},"content":{"rendered":"","protected":false},"excerpt":{"rendered":"","protected":false},"featured_media":2060,"template":"","meta":{"_acf_changed":false},"product_brand":[],"product_cat":[33,82],"product_tag":[],"class_list":{"0":"post-2059","1":"product","2":"type-product","3":"status-publish","4":"has-post-thumbnail","6":"product_cat-akcesoria-iniekcyjne","7":"product_cat-pistolety","8":"pa_przylacza-i-czyszczenie-przylacza-i-czyszczenie","10":"first","11":"instock","12":"taxable","13":"shipping-taxable","14":"purchasable","15":"product-type-simple"},"acf":[],"yoast_head":"<!-- This site is optimized with the Yoast SEO plugin v27.3 - https:\/\/yoast.com\/product\/yoast-seo-wordpress\/ -->\n<title>Zaw\u00f3r do iniekcji \/ iniekcyjny sztywny 1K - PAKERY.PL<\/title>\n<meta name=\"description\" content=\"Wysokoci\u015bnieniowy (500 BAR), chemoodporny zaw\u00f3r do iniekcji \/ iniekcyjny z pod\u0142\u0105czeniem 1\/4. W zestawie z nasad\u0105 czteroszcz\u0119kow\u0105\" \/>\n<meta name=\"robots\" content=\"index, follow, max-snippet:-1, max-image-preview:large, max-video-preview:-1\" \/>\n<link rel=\"canonical\" href=\"https:\/\/www.pakery.pl\/pl\/produkt\/zawor-do-iniekcji-sztywny-1k\/\" \/>\n<meta property=\"og:locale\" content=\"pl_PL\" \/>\n<meta property=\"og:type\" content=\"article\" \/>\n<meta property=\"og:title\" content=\"Zaw\u00f3r do iniekcji \/ iniekcyjny sztywny 1K - PAKERY.PL\" \/>\n<meta property=\"og:description\" content=\"Wysokoci\u015bnieniowy (500 BAR), chemoodporny zaw\u00f3r do iniekcji \/ iniekcyjny z pod\u0142\u0105czeniem 1\/4. W zestawie z nasad\u0105 czteroszcz\u0119kow\u0105\" \/>\n<meta property=\"og:url\" content=\"https:\/\/www.pakery.pl\/pl\/produkt\/zawor-do-iniekcji-sztywny-1k\/\" \/>\n<meta property=\"og:site_name\" content=\"PAKERY.PL\" \/>\n<meta property=\"article:modified_time\" content=\"2022-07-01T10:25:27+00:00\" \/>\n<meta property=\"og:image\" content=\"https:\/\/www.pakery.pl\/wp-content\/uploads\/2021\/04\/zawor-do-iniekcji-sztywny.png\" \/>\n\t<meta property=\"og:image:width\" content=\"2500\" \/>\n\t<meta property=\"og:image:height\" content=\"2500\" \/>\n\t<meta property=\"og:image:type\" content=\"image\/png\" \/>\n<meta name=\"twitter:card\" content=\"summary_large_image\" \/>\n<script type=\"application\/ld+json\" class=\"yoast-schema-graph\">{\"@context\":\"https:\\\/\\\/schema.org\",\"@graph\":[{\"@type\":\"WebPage\",\"@id\":\"https:\\\/\\\/www.pakery.pl\\\/pl\\\/produkt\\\/zawor-do-iniekcji-sztywny-1k\\\/\",\"url\":\"https:\\\/\\\/www.pakery.pl\\\/pl\\\/produkt\\\/zawor-do-iniekcji-sztywny-1k\\\/\",\"name\":\"Zaw\u00f3r do iniekcji \\\/ iniekcyjny sztywny 1K - PAKERY.PL\",\"isPartOf\":{\"@id\":\"https:\\\/\\\/www.pakery.pl\\\/pl\\\/#website\"},\"primaryImageOfPage\":{\"@id\":\"https:\\\/\\\/www.pakery.pl\\\/pl\\\/produkt\\\/zawor-do-iniekcji-sztywny-1k\\\/#primaryimage\"},\"image\":{\"@id\":\"https:\\\/\\\/www.pakery.pl\\\/pl\\\/produkt\\\/zawor-do-iniekcji-sztywny-1k\\\/#primaryimage\"},\"thumbnailUrl\":\"https:\\\/\\\/www.pakery.pl\\\/wp-content\\\/uploads\\\/2021\\\/04\\\/zawor-do-iniekcji-sztywny.png\",\"datePublished\":\"2021-04-23T08:30:59+00:00\",\"dateModified\":\"2022-07-01T10:25:27+00:00\",\"description\":\"Wysokoci\u015bnieniowy (500 BAR), chemoodporny zaw\u00f3r do iniekcji \\\/ iniekcyjny z pod\u0142\u0105czeniem 1\\\/4. W zestawie z nasad\u0105 czteroszcz\u0119kow\u0105\",\"breadcrumb\":{\"@id\":\"https:\\\/\\\/www.pakery.pl\\\/pl\\\/produkt\\\/zawor-do-iniekcji-sztywny-1k\\\/#breadcrumb\"},\"inLanguage\":\"pl-PL\",\"potentialAction\":[{\"@type\":\"ReadAction\",\"target\":[\"https:\\\/\\\/www.pakery.pl\\\/pl\\\/produkt\\\/zawor-do-iniekcji-sztywny-1k\\\/\"]}]},{\"@type\":\"ImageObject\",\"inLanguage\":\"pl-PL\",\"@id\":\"https:\\\/\\\/www.pakery.pl\\\/pl\\\/produkt\\\/zawor-do-iniekcji-sztywny-1k\\\/#primaryimage\",\"url\":\"https:\\\/\\\/www.pakery.pl\\\/wp-content\\\/uploads\\\/2021\\\/04\\\/zawor-do-iniekcji-sztywny.png\",\"contentUrl\":\"https:\\\/\\\/www.pakery.pl\\\/wp-content\\\/uploads\\\/2021\\\/04\\\/zawor-do-iniekcji-sztywny.png\",\"width\":2500,\"height\":2500,\"caption\":\"zaw\u00f3r do iniekcji\"},{\"@type\":\"BreadcrumbList\",\"@id\":\"https:\\\/\\\/www.pakery.pl\\\/pl\\\/produkt\\\/zawor-do-iniekcji-sztywny-1k\\\/#breadcrumb\",\"itemListElement\":[{\"@type\":\"ListItem\",\"position\":1,\"name\":\"Strona g\u0142\u00f3wna\",\"item\":\"https:\\\/\\\/www.pakery.pl\\\/pl\\\/\"},{\"@type\":\"ListItem\",\"position\":2,\"name\":\"Sklep\",\"item\":\"https:\\\/\\\/www.pakery.pl\\\/pl\\\/sklep\\\/\"},{\"@type\":\"ListItem\",\"position\":3,\"name\":\"Zaw\u00f3r do iniekcji sztywny 1K\"}]},{\"@type\":\"WebSite\",\"@id\":\"https:\\\/\\\/www.pakery.pl\\\/pl\\\/#website\",\"url\":\"https:\\\/\\\/www.pakery.pl\\\/pl\\\/\",\"name\":\"Pakery.pl\",\"description\":\"Pakery iniekcyjne, Kotwy spiralne, Lance iniekcyjne, W\u0119\u017ce do iniekcji, Pompy iniekcyjne, Serwis pomp iniekcyjnych, Wynajem pomp do iniekcji\",\"publisher\":{\"@id\":\"https:\\\/\\\/www.pakery.pl\\\/pl\\\/#organization\"},\"potentialAction\":[{\"@type\":\"SearchAction\",\"target\":{\"@type\":\"EntryPoint\",\"urlTemplate\":\"https:\\\/\\\/www.pakery.pl\\\/pl\\\/?s={search_term_string}\"},\"query-input\":{\"@type\":\"PropertyValueSpecification\",\"valueRequired\":true,\"valueName\":\"search_term_string\"}}],\"inLanguage\":\"pl-PL\"},{\"@type\":\"Organization\",\"@id\":\"https:\\\/\\\/www.pakery.pl\\\/pl\\\/#organization\",\"name\":\"PAKERY.PL\",\"url\":\"https:\\\/\\\/www.pakery.pl\\\/pl\\\/\",\"logo\":{\"@type\":\"ImageObject\",\"inLanguage\":\"pl-PL\",\"@id\":\"https:\\\/\\\/www.pakery.pl\\\/pl\\\/#\\\/schema\\\/logo\\\/image\\\/\",\"url\":\"https:\\\/\\\/www.pakery.pl\\\/wp-content\\\/uploads\\\/2021\\\/04\\\/cropped-PAKERY-LOGO.png\",\"contentUrl\":\"https:\\\/\\\/www.pakery.pl\\\/wp-content\\\/uploads\\\/2021\\\/04\\\/cropped-PAKERY-LOGO.png\",\"width\":1529,\"height\":500,\"caption\":\"PAKERY.PL\"},\"image\":{\"@id\":\"https:\\\/\\\/www.pakery.pl\\\/pl\\\/#\\\/schema\\\/logo\\\/image\\\/\"}}]}<\/script>\n<!-- \/ Yoast SEO plugin. -->","yoast_head_json":{"title":"Zaw\u00f3r do iniekcji \/ iniekcyjny sztywny 1K - PAKERY.PL","description":"Wysokoci\u015bnieniowy (500 BAR), chemoodporny zaw\u00f3r do iniekcji \/ iniekcyjny z pod\u0142\u0105czeniem 1\/4. W zestawie z nasad\u0105 czteroszcz\u0119kow\u0105","robots":{"index":"index","follow":"follow","max-snippet":"max-snippet:-1","max-image-preview":"max-image-preview:large","max-video-preview":"max-video-preview:-1"},"canonical":"https:\/\/www.pakery.pl\/pl\/produkt\/zawor-do-iniekcji-sztywny-1k\/","og_locale":"pl_PL","og_type":"article","og_title":"Zaw\u00f3r do iniekcji \/ iniekcyjny sztywny 1K - PAKERY.PL","og_description":"Wysokoci\u015bnieniowy (500 BAR), chemoodporny zaw\u00f3r do iniekcji \/ iniekcyjny z pod\u0142\u0105czeniem 1\/4. W zestawie z nasad\u0105 czteroszcz\u0119kow\u0105","og_url":"https:\/\/www.pakery.pl\/pl\/produkt\/zawor-do-iniekcji-sztywny-1k\/","og_site_name":"PAKERY.PL","article_modified_time":"2022-07-01T10:25:27+00:00","og_image":[{"width":2500,"height":2500,"url":"https:\/\/www.pakery.pl\/wp-content\/uploads\/2021\/04\/zawor-do-iniekcji-sztywny.png","type":"image\/png"}],"twitter_card":"summary_large_image","schema":{"@context":"https:\/\/schema.org","@graph":[{"@type":"WebPage","@id":"https:\/\/www.pakery.pl\/pl\/produkt\/zawor-do-iniekcji-sztywny-1k\/","url":"https:\/\/www.pakery.pl\/pl\/produkt\/zawor-do-iniekcji-sztywny-1k\/","name":"Zaw\u00f3r do iniekcji \/ iniekcyjny sztywny 1K - PAKERY.PL","isPartOf":{"@id":"https:\/\/www.pakery.pl\/pl\/#website"},"primaryImageOfPage":{"@id":"https:\/\/www.pakery.pl\/pl\/produkt\/zawor-do-iniekcji-sztywny-1k\/#primaryimage"},"image":{"@id":"https:\/\/www.pakery.pl\/pl\/produkt\/zawor-do-iniekcji-sztywny-1k\/#primaryimage"},"thumbnailUrl":"https:\/\/www.pakery.pl\/wp-content\/uploads\/2021\/04\/zawor-do-iniekcji-sztywny.png","datePublished":"2021-04-23T08:30:59+00:00","dateModified":"2022-07-01T10:25:27+00:00","description":"Wysokoci\u015bnieniowy (500 BAR), chemoodporny zaw\u00f3r do iniekcji \/ iniekcyjny z pod\u0142\u0105czeniem 1\/4. W zestawie z nasad\u0105 czteroszcz\u0119kow\u0105","breadcrumb":{"@id":"https:\/\/www.pakery.pl\/pl\/produkt\/zawor-do-iniekcji-sztywny-1k\/#breadcrumb"},"inLanguage":"pl-PL","potentialAction":[{"@type":"ReadAction","target":["https:\/\/www.pakery.pl\/pl\/produkt\/zawor-do-iniekcji-sztywny-1k\/"]}]},{"@type":"ImageObject","inLanguage":"pl-PL","@id":"https:\/\/www.pakery.pl\/pl\/produkt\/zawor-do-iniekcji-sztywny-1k\/#primaryimage","url":"https:\/\/www.pakery.pl\/wp-content\/uploads\/2021\/04\/zawor-do-iniekcji-sztywny.png","contentUrl":"https:\/\/www.pakery.pl\/wp-content\/uploads\/2021\/04\/zawor-do-iniekcji-sztywny.png","width":2500,"height":2500,"caption":"zaw\u00f3r do iniekcji"},{"@type":"BreadcrumbList","@id":"https:\/\/www.pakery.pl\/pl\/produkt\/zawor-do-iniekcji-sztywny-1k\/#breadcrumb","itemListElement":[{"@type":"ListItem","position":1,"name":"Strona g\u0142\u00f3wna","item":"https:\/\/www.pakery.pl\/pl\/"},{"@type":"ListItem","position":2,"name":"Sklep","item":"https:\/\/www.pakery.pl\/pl\/sklep\/"},{"@type":"ListItem","position":3,"name":"Zaw\u00f3r do iniekcji sztywny 1K"}]},{"@type":"WebSite","@id":"https:\/\/www.pakery.pl\/pl\/#website","url":"https:\/\/www.pakery.pl\/pl\/","name":"Pakery.pl","description":"Pakery iniekcyjne, Kotwy spiralne, Lance iniekcyjne, W\u0119\u017ce do iniekcji, Pompy iniekcyjne, Serwis pomp iniekcyjnych, Wynajem pomp do iniekcji","publisher":{"@id":"https:\/\/www.pakery.pl\/pl\/#organization"},"potentialAction":[{"@type":"SearchAction","target":{"@type":"EntryPoint","urlTemplate":"https:\/\/www.pakery.pl\/pl\/?s={search_term_string}"},"query-input":{"@type":"PropertyValueSpecification","valueRequired":true,"valueName":"search_term_string"}}],"inLanguage":"pl-PL"},{"@type":"Organization","@id":"https:\/\/www.pakery.pl\/pl\/#organization","name":"PAKERY.PL","url":"https:\/\/www.pakery.pl\/pl\/","logo":{"@type":"ImageObject","inLanguage":"pl-PL","@id":"https:\/\/www.pakery.pl\/pl\/#\/schema\/logo\/image\/","url":"https:\/\/www.pakery.pl\/wp-content\/uploads\/2021\/04\/cropped-PAKERY-LOGO.png","contentUrl":"https:\/\/www.pakery.pl\/wp-content\/uploads\/2021\/04\/cropped-PAKERY-LOGO.png","width":1529,"height":500,"caption":"PAKERY.PL"},"image":{"@id":"https:\/\/www.pakery.pl\/pl\/#\/schema\/logo\/image\/"}}]}},"_links":{"self":[{"href":"https:\/\/www.pakery.pl\/pl\/wp-json\/wp\/v2\/product\/2059","targetHints":{"allow":["GET"]}}],"collection":[{"href":"https:\/\/www.pakery.pl\/pl\/wp-json\/wp\/v2\/product"}],"about":[{"href":"https:\/\/www.pakery.pl\/pl\/wp-json\/wp\/v2\/types\/product"}],"version-history":[{"count":1,"href":"https:\/\/www.pakery.pl\/pl\/wp-json\/wp\/v2\/product\/2059\/revisions"}],"predecessor-version":[{"id":4412,"href":"https:\/\/www.pakery.pl\/pl\/wp-json\/wp\/v2\/product\/2059\/revisions\/4412"}],"wp:featuredmedia":[{"embeddable":true,"href":"https:\/\/www.pakery.pl\/pl\/wp-json\/wp\/v2\/media\/2060"}],"wp:attachment":[{"href":"https:\/\/www.pakery.pl\/pl\/wp-json\/wp\/v2\/media?parent=2059"}],"wp:term":[{"taxonomy":"product_brand","embeddable":true,"href":"https:\/\/www.pakery.pl\/pl\/wp-json\/wp\/v2\/product_brand?post=2059"},{"taxonomy":"product_cat","embeddable":true,"href":"https:\/\/www.pakery.pl\/pl\/wp-json\/wp\/v2\/product_cat?post=2059"},{"taxonomy":"product_tag","embeddable":true,"href":"https:\/\/www.pakery.pl\/pl\/wp-json\/wp\/v2\/product_tag?post=2059"}],"curies":[{"name":"wp","href":"https:\/\/api.w.org\/{rel}","templated":true}]}}