{"id":2050,"date":"2021-04-22T14:36:47","date_gmt":"2021-04-22T12:36:47","guid":{"rendered":"https:\/\/www.pakery.pl\/?post_type=product&#038;p=2050"},"modified":"2022-07-01T12:42:17","modified_gmt":"2022-07-01T10:42:17","slug":"wezyk-iniekcyjny-05m","status":"publish","type":"product","link":"https:\/\/www.pakery.pl\/pl\/produkt\/wezyk-iniekcyjny-05m\/","title":{"rendered":"W\u0119\u017cyk iniekcyjny 0,5m"},"content":{"rendered":"","protected":false},"excerpt":{"rendered":"","protected":false},"featured_media":2051,"template":"","meta":{"_acf_changed":false},"product_brand":[],"product_cat":[33],"product_tag":[],"class_list":{"0":"post-2050","1":"product","2":"type-product","3":"status-publish","4":"has-post-thumbnail","6":"product_cat-akcesoria-iniekcyjne","7":"pa_weze-do-pomp-weze-do-pomp","9":"first","10":"instock","11":"taxable","12":"shipping-taxable","13":"purchasable","14":"product-type-simple"},"acf":[],"yoast_head":"<!-- This site is optimized with the Yoast SEO plugin v27.3 - https:\/\/yoast.com\/product\/yoast-seo-wordpress\/ -->\n<title>W\u0119\u017cyk iniekcyjny 0,5m - PAKERY.PL | W\u0105\u017c do iniekcji<\/title>\n<meta name=\"description\" content=\"W\u0119\u017cyk iniekcyjny 50 cm | W\u0105\u017c do iniekcji | Maksymalne ci\u015bnienie 1000 BAR | Gwint M10x1 | Chemoodporny | Pompy iniekcyjne | Pakery do iniekcji\" \/>\n<meta name=\"robots\" content=\"index, follow, max-snippet:-1, max-image-preview:large, max-video-preview:-1\" \/>\n<link rel=\"canonical\" href=\"https:\/\/www.pakery.pl\/pl\/produkt\/wezyk-iniekcyjny-05m\/\" \/>\n<meta property=\"og:locale\" content=\"pl_PL\" \/>\n<meta property=\"og:type\" content=\"article\" \/>\n<meta property=\"og:title\" content=\"W\u0119\u017cyk iniekcyjny 0,5m - PAKERY.PL | W\u0105\u017c do iniekcji\" \/>\n<meta property=\"og:description\" content=\"W\u0119\u017cyk iniekcyjny 50 cm | W\u0105\u017c do iniekcji | Maksymalne ci\u015bnienie 1000 BAR | Gwint M10x1 | Chemoodporny | Pompy iniekcyjne | Pakery do iniekcji\" \/>\n<meta property=\"og:url\" content=\"https:\/\/www.pakery.pl\/pl\/produkt\/wezyk-iniekcyjny-05m\/\" \/>\n<meta property=\"og:site_name\" content=\"PAKERY.PL\" \/>\n<meta property=\"article:modified_time\" content=\"2022-07-01T10:42:17+00:00\" \/>\n<meta property=\"og:image\" content=\"https:\/\/www.pakery.pl\/wp-content\/uploads\/2021\/04\/bacik-50cm.png\" \/>\n\t<meta property=\"og:image:width\" content=\"2500\" \/>\n\t<meta property=\"og:image:height\" content=\"2500\" \/>\n\t<meta property=\"og:image:type\" content=\"image\/png\" \/>\n<meta name=\"twitter:card\" content=\"summary_large_image\" \/>\n<script type=\"application\/ld+json\" class=\"yoast-schema-graph\">{\"@context\":\"https:\\\/\\\/schema.org\",\"@graph\":[{\"@type\":\"WebPage\",\"@id\":\"https:\\\/\\\/www.pakery.pl\\\/pl\\\/produkt\\\/wezyk-iniekcyjny-05m\\\/\",\"url\":\"https:\\\/\\\/www.pakery.pl\\\/pl\\\/produkt\\\/wezyk-iniekcyjny-05m\\\/\",\"name\":\"W\u0119\u017cyk iniekcyjny 0,5m - PAKERY.PL | W\u0105\u017c do iniekcji\",\"isPartOf\":{\"@id\":\"https:\\\/\\\/www.pakery.pl\\\/pl\\\/#website\"},\"primaryImageOfPage\":{\"@id\":\"https:\\\/\\\/www.pakery.pl\\\/pl\\\/produkt\\\/wezyk-iniekcyjny-05m\\\/#primaryimage\"},\"image\":{\"@id\":\"https:\\\/\\\/www.pakery.pl\\\/pl\\\/produkt\\\/wezyk-iniekcyjny-05m\\\/#primaryimage\"},\"thumbnailUrl\":\"https:\\\/\\\/www.pakery.pl\\\/wp-content\\\/uploads\\\/2021\\\/04\\\/bacik-50cm.png\",\"datePublished\":\"2021-04-22T12:36:47+00:00\",\"dateModified\":\"2022-07-01T10:42:17+00:00\",\"description\":\"W\u0119\u017cyk iniekcyjny 50 cm | W\u0105\u017c do iniekcji | Maksymalne ci\u015bnienie 1000 BAR | Gwint M10x1 | Chemoodporny | Pompy iniekcyjne | Pakery do iniekcji\",\"breadcrumb\":{\"@id\":\"https:\\\/\\\/www.pakery.pl\\\/pl\\\/produkt\\\/wezyk-iniekcyjny-05m\\\/#breadcrumb\"},\"inLanguage\":\"pl-PL\",\"potentialAction\":[{\"@type\":\"ReadAction\",\"target\":[\"https:\\\/\\\/www.pakery.pl\\\/pl\\\/produkt\\\/wezyk-iniekcyjny-05m\\\/\"]}]},{\"@type\":\"ImageObject\",\"inLanguage\":\"pl-PL\",\"@id\":\"https:\\\/\\\/www.pakery.pl\\\/pl\\\/produkt\\\/wezyk-iniekcyjny-05m\\\/#primaryimage\",\"url\":\"https:\\\/\\\/www.pakery.pl\\\/wp-content\\\/uploads\\\/2021\\\/04\\\/bacik-50cm.png\",\"contentUrl\":\"https:\\\/\\\/www.pakery.pl\\\/wp-content\\\/uploads\\\/2021\\\/04\\\/bacik-50cm.png\",\"width\":2500,\"height\":2500},{\"@type\":\"BreadcrumbList\",\"@id\":\"https:\\\/\\\/www.pakery.pl\\\/pl\\\/produkt\\\/wezyk-iniekcyjny-05m\\\/#breadcrumb\",\"itemListElement\":[{\"@type\":\"ListItem\",\"position\":1,\"name\":\"Strona g\u0142\u00f3wna\",\"item\":\"https:\\\/\\\/www.pakery.pl\\\/pl\\\/\"},{\"@type\":\"ListItem\",\"position\":2,\"name\":\"Sklep\",\"item\":\"https:\\\/\\\/www.pakery.pl\\\/pl\\\/sklep\\\/\"},{\"@type\":\"ListItem\",\"position\":3,\"name\":\"W\u0119\u017cyk iniekcyjny 0,5m\"}]},{\"@type\":\"WebSite\",\"@id\":\"https:\\\/\\\/www.pakery.pl\\\/pl\\\/#website\",\"url\":\"https:\\\/\\\/www.pakery.pl\\\/pl\\\/\",\"name\":\"Pakery.pl\",\"description\":\"Pakery iniekcyjne, Kotwy spiralne, Lance iniekcyjne, W\u0119\u017ce do iniekcji, Pompy iniekcyjne, Serwis pomp iniekcyjnych, Wynajem pomp do iniekcji\",\"publisher\":{\"@id\":\"https:\\\/\\\/www.pakery.pl\\\/pl\\\/#organization\"},\"potentialAction\":[{\"@type\":\"SearchAction\",\"target\":{\"@type\":\"EntryPoint\",\"urlTemplate\":\"https:\\\/\\\/www.pakery.pl\\\/pl\\\/?s={search_term_string}\"},\"query-input\":{\"@type\":\"PropertyValueSpecification\",\"valueRequired\":true,\"valueName\":\"search_term_string\"}}],\"inLanguage\":\"pl-PL\"},{\"@type\":\"Organization\",\"@id\":\"https:\\\/\\\/www.pakery.pl\\\/pl\\\/#organization\",\"name\":\"PAKERY.PL\",\"url\":\"https:\\\/\\\/www.pakery.pl\\\/pl\\\/\",\"logo\":{\"@type\":\"ImageObject\",\"inLanguage\":\"pl-PL\",\"@id\":\"https:\\\/\\\/www.pakery.pl\\\/pl\\\/#\\\/schema\\\/logo\\\/image\\\/\",\"url\":\"https:\\\/\\\/www.pakery.pl\\\/wp-content\\\/uploads\\\/2021\\\/04\\\/cropped-PAKERY-LOGO.png\",\"contentUrl\":\"https:\\\/\\\/www.pakery.pl\\\/wp-content\\\/uploads\\\/2021\\\/04\\\/cropped-PAKERY-LOGO.png\",\"width\":1529,\"height\":500,\"caption\":\"PAKERY.PL\"},\"image\":{\"@id\":\"https:\\\/\\\/www.pakery.pl\\\/pl\\\/#\\\/schema\\\/logo\\\/image\\\/\"}}]}<\/script>\n<!-- \/ Yoast SEO plugin. -->","yoast_head_json":{"title":"W\u0119\u017cyk iniekcyjny 0,5m - PAKERY.PL | W\u0105\u017c do iniekcji","description":"W\u0119\u017cyk iniekcyjny 50 cm | W\u0105\u017c do iniekcji | Maksymalne ci\u015bnienie 1000 BAR | Gwint M10x1 | Chemoodporny | Pompy iniekcyjne | Pakery do iniekcji","robots":{"index":"index","follow":"follow","max-snippet":"max-snippet:-1","max-image-preview":"max-image-preview:large","max-video-preview":"max-video-preview:-1"},"canonical":"https:\/\/www.pakery.pl\/pl\/produkt\/wezyk-iniekcyjny-05m\/","og_locale":"pl_PL","og_type":"article","og_title":"W\u0119\u017cyk iniekcyjny 0,5m - PAKERY.PL | W\u0105\u017c do iniekcji","og_description":"W\u0119\u017cyk iniekcyjny 50 cm | W\u0105\u017c do iniekcji | Maksymalne ci\u015bnienie 1000 BAR | Gwint M10x1 | Chemoodporny | Pompy iniekcyjne | Pakery do iniekcji","og_url":"https:\/\/www.pakery.pl\/pl\/produkt\/wezyk-iniekcyjny-05m\/","og_site_name":"PAKERY.PL","article_modified_time":"2022-07-01T10:42:17+00:00","og_image":[{"width":2500,"height":2500,"url":"https:\/\/www.pakery.pl\/wp-content\/uploads\/2021\/04\/bacik-50cm.png","type":"image\/png"}],"twitter_card":"summary_large_image","schema":{"@context":"https:\/\/schema.org","@graph":[{"@type":"WebPage","@id":"https:\/\/www.pakery.pl\/pl\/produkt\/wezyk-iniekcyjny-05m\/","url":"https:\/\/www.pakery.pl\/pl\/produkt\/wezyk-iniekcyjny-05m\/","name":"W\u0119\u017cyk iniekcyjny 0,5m - PAKERY.PL | W\u0105\u017c do iniekcji","isPartOf":{"@id":"https:\/\/www.pakery.pl\/pl\/#website"},"primaryImageOfPage":{"@id":"https:\/\/www.pakery.pl\/pl\/produkt\/wezyk-iniekcyjny-05m\/#primaryimage"},"image":{"@id":"https:\/\/www.pakery.pl\/pl\/produkt\/wezyk-iniekcyjny-05m\/#primaryimage"},"thumbnailUrl":"https:\/\/www.pakery.pl\/wp-content\/uploads\/2021\/04\/bacik-50cm.png","datePublished":"2021-04-22T12:36:47+00:00","dateModified":"2022-07-01T10:42:17+00:00","description":"W\u0119\u017cyk iniekcyjny 50 cm | W\u0105\u017c do iniekcji | Maksymalne ci\u015bnienie 1000 BAR | Gwint M10x1 | Chemoodporny | Pompy iniekcyjne | Pakery do iniekcji","breadcrumb":{"@id":"https:\/\/www.pakery.pl\/pl\/produkt\/wezyk-iniekcyjny-05m\/#breadcrumb"},"inLanguage":"pl-PL","potentialAction":[{"@type":"ReadAction","target":["https:\/\/www.pakery.pl\/pl\/produkt\/wezyk-iniekcyjny-05m\/"]}]},{"@type":"ImageObject","inLanguage":"pl-PL","@id":"https:\/\/www.pakery.pl\/pl\/produkt\/wezyk-iniekcyjny-05m\/#primaryimage","url":"https:\/\/www.pakery.pl\/wp-content\/uploads\/2021\/04\/bacik-50cm.png","contentUrl":"https:\/\/www.pakery.pl\/wp-content\/uploads\/2021\/04\/bacik-50cm.png","width":2500,"height":2500},{"@type":"BreadcrumbList","@id":"https:\/\/www.pakery.pl\/pl\/produkt\/wezyk-iniekcyjny-05m\/#breadcrumb","itemListElement":[{"@type":"ListItem","position":1,"name":"Strona g\u0142\u00f3wna","item":"https:\/\/www.pakery.pl\/pl\/"},{"@type":"ListItem","position":2,"name":"Sklep","item":"https:\/\/www.pakery.pl\/pl\/sklep\/"},{"@type":"ListItem","position":3,"name":"W\u0119\u017cyk iniekcyjny 0,5m"}]},{"@type":"WebSite","@id":"https:\/\/www.pakery.pl\/pl\/#website","url":"https:\/\/www.pakery.pl\/pl\/","name":"Pakery.pl","description":"Pakery iniekcyjne, Kotwy spiralne, Lance iniekcyjne, W\u0119\u017ce do iniekcji, Pompy iniekcyjne, Serwis pomp iniekcyjnych, Wynajem pomp do iniekcji","publisher":{"@id":"https:\/\/www.pakery.pl\/pl\/#organization"},"potentialAction":[{"@type":"SearchAction","target":{"@type":"EntryPoint","urlTemplate":"https:\/\/www.pakery.pl\/pl\/?s={search_term_string}"},"query-input":{"@type":"PropertyValueSpecification","valueRequired":true,"valueName":"search_term_string"}}],"inLanguage":"pl-PL"},{"@type":"Organization","@id":"https:\/\/www.pakery.pl\/pl\/#organization","name":"PAKERY.PL","url":"https:\/\/www.pakery.pl\/pl\/","logo":{"@type":"ImageObject","inLanguage":"pl-PL","@id":"https:\/\/www.pakery.pl\/pl\/#\/schema\/logo\/image\/","url":"https:\/\/www.pakery.pl\/wp-content\/uploads\/2021\/04\/cropped-PAKERY-LOGO.png","contentUrl":"https:\/\/www.pakery.pl\/wp-content\/uploads\/2021\/04\/cropped-PAKERY-LOGO.png","width":1529,"height":500,"caption":"PAKERY.PL"},"image":{"@id":"https:\/\/www.pakery.pl\/pl\/#\/schema\/logo\/image\/"}}]}},"_links":{"self":[{"href":"https:\/\/www.pakery.pl\/pl\/wp-json\/wp\/v2\/product\/2050","targetHints":{"allow":["GET"]}}],"collection":[{"href":"https:\/\/www.pakery.pl\/pl\/wp-json\/wp\/v2\/product"}],"about":[{"href":"https:\/\/www.pakery.pl\/pl\/wp-json\/wp\/v2\/types\/product"}],"version-history":[{"count":1,"href":"https:\/\/www.pakery.pl\/pl\/wp-json\/wp\/v2\/product\/2050\/revisions"}],"predecessor-version":[{"id":4407,"href":"https:\/\/www.pakery.pl\/pl\/wp-json\/wp\/v2\/product\/2050\/revisions\/4407"}],"wp:featuredmedia":[{"embeddable":true,"href":"https:\/\/www.pakery.pl\/pl\/wp-json\/wp\/v2\/media\/2051"}],"wp:attachment":[{"href":"https:\/\/www.pakery.pl\/pl\/wp-json\/wp\/v2\/media?parent=2050"}],"wp:term":[{"taxonomy":"product_brand","embeddable":true,"href":"https:\/\/www.pakery.pl\/pl\/wp-json\/wp\/v2\/product_brand?post=2050"},{"taxonomy":"product_cat","embeddable":true,"href":"https:\/\/www.pakery.pl\/pl\/wp-json\/wp\/v2\/product_cat?post=2050"},{"taxonomy":"product_tag","embeddable":true,"href":"https:\/\/www.pakery.pl\/pl\/wp-json\/wp\/v2\/product_tag?post=2050"}],"curies":[{"name":"wp","href":"https:\/\/api.w.org\/{rel}","templated":true}]}}