{"id":1996,"date":"2021-04-22T10:31:25","date_gmt":"2021-04-22T08:31:25","guid":{"rendered":"https:\/\/www.pakery.pl\/?post_type=product&#038;p=1996"},"modified":"2023-07-21T15:48:37","modified_gmt":"2023-07-21T13:48:37","slug":"nasada-szczypcowa-1-4","status":"publish","type":"product","link":"https:\/\/www.pakery.pl\/pl\/produkt\/nasada-szczypcowa-1-4\/","title":{"rendered":"Nasada szczypcowa"},"content":{"rendered":"\t\t<div data-elementor-type=\"product-post\" data-elementor-id=\"1996\" class=\"elementor elementor-1996\" data-elementor-post-type=\"product\">\n\t\t\t\t\t\t<section class=\"elementor-section elementor-top-section elementor-element elementor-element-2bfc58e elementor-section-full_width elementor-section-height-default elementor-section-height-default\" data-id=\"2bfc58e\" data-element_type=\"section\" data-e-type=\"section\">\n\t\t\t\t\t\t<div class=\"elementor-container elementor-column-gap-default\">\n\t\t\t\t\t<div class=\"elementor-column elementor-col-50 elementor-top-column elementor-element elementor-element-eb87ad6\" data-id=\"eb87ad6\" data-element_type=\"column\" data-e-type=\"column\">\n\t\t\t<div class=\"elementor-widget-wrap elementor-element-populated\">\n\t\t\t\t\t\t<div class=\"elementor-element elementor-element-d16ad32 elementor-widget elementor-widget-text-editor\" data-id=\"d16ad32\" data-element_type=\"widget\" data-e-type=\"widget\" data-widget_type=\"text-editor.default\">\n\t\t\t\t<div class=\"elementor-widget-container\">\n\t\t\t\t\t\t\t\t\t<p><span style=\"color: #000000;\"><b>W\u0141A\u015aCIWO\u015aCI<br \/><\/b><\/span><\/p><ul><li><span style=\"color: #000000;\">\u0141atwy monta\u017c<\/span><\/li><li><span style=\"color: #000000;\">Wygoda pracy<\/span><\/li><li><span style=\"color: #000000;\">Do suspensji cementowych<\/span><\/li><li><span style=\"color: #000000;\">Do dyspersji wodach<\/span><\/li><li><span style=\"color: #000000;\">Du\u017cy przelot 7,5 mm<\/span><\/li><li><span style=\"color: #000000;\">Kompatybilne ze szczypcami do iniekcji<\/span><\/li><\/ul><p><span style=\"color: #000000;\">Nasada CPC w \u0142atwy spos\u00f3b umo\u017cliwia obserwacj\u0119 i kontrol\u0119 iniekcji poprzez zasuwany zaw\u00f3r wielokrotnego u\u017cytku, obustronnie uszczelniony oringami.\u00a0<\/span><\/p><p><span style=\"caret-color: #000000; color: #000000;\">Nasada szczypcowa\u00a0<\/span><span style=\"caret-color: #000000; color: #000000;\"><b>M10x1<\/b>\u00a0<\/span><span style=\"caret-color: #000000; color: #000000;\">pasuje do paker\u00f3w:\u00a0<\/span><span style=\"caret-color: #000000; color: #000000;\"><b>PI-JG 18\/150<\/b>\u00a0<\/span><span style=\"color: #000000;\"><br \/><\/span><\/p><p><span style=\"color: #000000;\">Nasada szczypcowa <b>GW 1\/4&#8242; <\/b>pasuje do paker\u00f3w: <b>PI-CEM 14\/100, PI-CEM 18\/110,<\/b> oraz do systemu lanc iniekcyjnych <b>Hammpack JG-System.<\/b><\/span><\/p>\t\t\t\t\t\t\t\t<\/div>\n\t\t\t\t<\/div>\n\t\t\t\t\t<\/div>\n\t\t<\/div>\n\t\t\t\t<div class=\"elementor-column elementor-col-50 elementor-top-column elementor-element elementor-element-044bba4\" data-id=\"044bba4\" data-element_type=\"column\" data-e-type=\"column\">\n\t\t\t<div class=\"elementor-widget-wrap elementor-element-populated\">\n\t\t\t\t\t\t<div class=\"elementor-element elementor-element-75dea71 elementor-widget elementor-widget-image\" data-id=\"75dea71\" data-element_type=\"widget\" data-e-type=\"widget\" data-widget_type=\"image.default\">\n\t\t\t\t<div class=\"elementor-widget-container\">\n\t\t\t\t\t\t\t\t\t\t\t\t\t\t\t<img fetchpriority=\"high\" decoding=\"async\" width=\"300\" height=\"196\" src=\"https:\/\/www.pakery.pl\/wp-content\/uploads\/2021\/05\/Baner-pakery-cement-300x196.png\" class=\"attachment-medium size-medium wp-image-2983\" alt=\"\" srcset=\"https:\/\/www.pakery.pl\/wp-content\/uploads\/2021\/05\/Baner-pakery-cement-300x196.png 300w, https:\/\/www.pakery.pl\/wp-content\/uploads\/2021\/05\/Baner-pakery-cement-1024x671.png 1024w, https:\/\/www.pakery.pl\/wp-content\/uploads\/2021\/05\/Baner-pakery-cement-768x503.png 768w, https:\/\/www.pakery.pl\/wp-content\/uploads\/2021\/05\/Baner-pakery-cement-683x447.png 683w, https:\/\/www.pakery.pl\/wp-content\/uploads\/2021\/05\/Baner-pakery-cement-602x394.png 602w, https:\/\/www.pakery.pl\/wp-content\/uploads\/2021\/05\/Baner-pakery-cement.png 1365w\" sizes=\"(max-width: 300px) 100vw, 300px\" \/>\t\t\t\t\t\t\t\t\t\t\t\t\t\t\t<\/div>\n\t\t\t\t<\/div>\n\t\t\t\t\t<\/div>\n\t\t<\/div>\n\t\t\t\t\t<\/div>\n\t\t<\/section>\n\t\t\t\t<section class=\"elementor-section elementor-top-section elementor-element elementor-element-f714686 elementor-section-full_width elementor-section-height-default elementor-section-height-default\" data-id=\"f714686\" data-element_type=\"section\" data-e-type=\"section\">\n\t\t\t\t\t\t<div class=\"elementor-container elementor-column-gap-default\">\n\t\t\t\t\t<div class=\"elementor-column elementor-col-100 elementor-top-column elementor-element elementor-element-cbb3c9d\" data-id=\"cbb3c9d\" data-element_type=\"column\" data-e-type=\"column\">\n\t\t\t<div class=\"elementor-widget-wrap elementor-element-populated\">\n\t\t\t\t\t\t<div class=\"elementor-element elementor-element-1068e64 elementor-widget elementor-widget-image\" data-id=\"1068e64\" data-element_type=\"widget\" data-e-type=\"widget\" data-widget_type=\"image.default\">\n\t\t\t\t<div class=\"elementor-widget-container\">\n\t\t\t\t\t\t\t\t\t\t\t\t\t\t\t<img decoding=\"async\" width=\"1024\" height=\"328\" src=\"https:\/\/www.pakery.pl\/wp-content\/uploads\/2021\/05\/schemat-lance-CPC-14-1024x328.png\" class=\"attachment-large size-large wp-image-3983\" alt=\"\" srcset=\"https:\/\/www.pakery.pl\/wp-content\/uploads\/2021\/05\/schemat-lance-CPC-14-1024x328.png 1024w, https:\/\/www.pakery.pl\/wp-content\/uploads\/2021\/05\/schemat-lance-CPC-14-300x96.png 300w, https:\/\/www.pakery.pl\/wp-content\/uploads\/2021\/05\/schemat-lance-CPC-14-768x246.png 768w, https:\/\/www.pakery.pl\/wp-content\/uploads\/2021\/05\/schemat-lance-CPC-14-1536x492.png 1536w, https:\/\/www.pakery.pl\/wp-content\/uploads\/2021\/05\/schemat-lance-CPC-14-683x219.png 683w, https:\/\/www.pakery.pl\/wp-content\/uploads\/2021\/05\/schemat-lance-CPC-14-602x193.png 602w, https:\/\/www.pakery.pl\/wp-content\/uploads\/2021\/05\/schemat-lance-CPC-14.png 1763w\" sizes=\"(max-width: 1024px) 100vw, 1024px\" \/>\t\t\t\t\t\t\t\t\t\t\t\t\t\t\t<\/div>\n\t\t\t\t<\/div>\n\t\t\t\t\t<\/div>\n\t\t<\/div>\n\t\t\t\t\t<\/div>\n\t\t<\/section>\n\t\t\t\t<\/div>\n\t\t","protected":false},"excerpt":{"rendered":"<p>W\u0141A\u015aCIWO\u015aCI \u0141atwy monta\u017c Wygoda pracy Do suspensji cementowych Do dyspersji wodach Du\u017cy przelot 7,5 mm Kompatybilne ze szczypcami do iniekcji Nasada CPC w \u0142atwy spos\u00f3b umo\u017cliwia obserwacj\u0119 i kontrol\u0119 iniekcji poprzez zasuwany zaw\u00f3r wielokrotnego u\u017cytku, obustronnie uszczelniony oringami. Nasada szczypcowa\u00a0M10x1\u00a0pasuje do paker\u00f3w:\u00a0PI-JG 18\/150 Nasada szczypcowa GW 1\/4&#8242; pasuje do paker\u00f3w: PI-CEM 14\/100, PI-CEM 18\/110, oraz [&hellip;]<\/p>\n","protected":false},"featured_media":41478,"template":"","meta":{"_acf_changed":false},"product_brand":[],"product_cat":[33,29,1979,81],"product_tag":[],"class_list":{"0":"post-1996","1":"product","2":"type-product","3":"status-publish","4":"has-post-thumbnail","6":"product_cat-akcesoria-iniekcyjne","7":"product_cat-lance-iniekcyjne","8":"product_cat-lance-iniekcyjne-jg-system-213","9":"product_cat-pakery-do-cementu","10":"pa_akcesoria-pakerowe-117","12":"first","13":"instock","14":"taxable","15":"shipping-taxable","16":"purchasable","17":"product-type-variable"},"acf":[],"yoast_head":"<!-- This site is optimized with the Yoast SEO plugin v27.3 - https:\/\/yoast.com\/product\/yoast-seo-wordpress\/ -->\n<title>Nasada szczypcowa | Pakery do cementu - PAKERY.PL<\/title>\n<meta name=\"description\" content=\"Przy u\u017cyciu nasady szczypcowej zyskujemy wygod\u0119 iniekcji. Szczypce do iniekcji s\u0105 kompatybilne z takim rodzajem nasady.\" \/>\n<meta name=\"robots\" content=\"index, follow, max-snippet:-1, max-image-preview:large, max-video-preview:-1\" \/>\n<link rel=\"canonical\" href=\"https:\/\/www.pakery.pl\/pl\/produkt\/nasada-szczypcowa-1-4\/\" \/>\n<meta property=\"og:locale\" content=\"pl_PL\" \/>\n<meta property=\"og:type\" content=\"article\" \/>\n<meta property=\"og:title\" content=\"Nasada szczypcowa | Pakery do cementu - PAKERY.PL\" \/>\n<meta property=\"og:description\" content=\"Przy u\u017cyciu nasady szczypcowej zyskujemy wygod\u0119 iniekcji. Szczypce do iniekcji s\u0105 kompatybilne z takim rodzajem nasady.\" \/>\n<meta property=\"og:url\" content=\"https:\/\/www.pakery.pl\/pl\/produkt\/nasada-szczypcowa-1-4\/\" \/>\n<meta property=\"og:site_name\" content=\"PAKERY.PL\" \/>\n<meta property=\"article:modified_time\" content=\"2023-07-21T13:48:37+00:00\" \/>\n<meta property=\"og:image\" content=\"https:\/\/www.pakery.pl\/wp-content\/uploads\/2021\/04\/nasada-m10x1-602x602-1.png\" \/>\n\t<meta property=\"og:image:width\" content=\"602\" \/>\n\t<meta property=\"og:image:height\" content=\"602\" \/>\n\t<meta property=\"og:image:type\" content=\"image\/png\" \/>\n<meta name=\"twitter:card\" content=\"summary_large_image\" \/>\n<script type=\"application\/ld+json\" class=\"yoast-schema-graph\">{\"@context\":\"https:\\\/\\\/schema.org\",\"@graph\":[{\"@type\":\"WebPage\",\"@id\":\"https:\\\/\\\/www.pakery.pl\\\/pl\\\/produkt\\\/nasada-szczypcowa-1-4\\\/\",\"url\":\"https:\\\/\\\/www.pakery.pl\\\/pl\\\/produkt\\\/nasada-szczypcowa-1-4\\\/\",\"name\":\"Nasada szczypcowa | Pakery do cementu - PAKERY.PL\",\"isPartOf\":{\"@id\":\"https:\\\/\\\/www.pakery.pl\\\/pl\\\/#website\"},\"primaryImageOfPage\":{\"@id\":\"https:\\\/\\\/www.pakery.pl\\\/pl\\\/produkt\\\/nasada-szczypcowa-1-4\\\/#primaryimage\"},\"image\":{\"@id\":\"https:\\\/\\\/www.pakery.pl\\\/pl\\\/produkt\\\/nasada-szczypcowa-1-4\\\/#primaryimage\"},\"thumbnailUrl\":\"https:\\\/\\\/www.pakery.pl\\\/wp-content\\\/uploads\\\/2021\\\/04\\\/nasada-m10x1-602x602-1.png\",\"datePublished\":\"2021-04-22T08:31:25+00:00\",\"dateModified\":\"2023-07-21T13:48:37+00:00\",\"description\":\"Przy u\u017cyciu nasady szczypcowej zyskujemy wygod\u0119 iniekcji. Szczypce do iniekcji s\u0105 kompatybilne z takim rodzajem nasady.\",\"breadcrumb\":{\"@id\":\"https:\\\/\\\/www.pakery.pl\\\/pl\\\/produkt\\\/nasada-szczypcowa-1-4\\\/#breadcrumb\"},\"inLanguage\":\"pl-PL\",\"potentialAction\":[{\"@type\":\"ReadAction\",\"target\":[\"https:\\\/\\\/www.pakery.pl\\\/pl\\\/produkt\\\/nasada-szczypcowa-1-4\\\/\"]}]},{\"@type\":\"ImageObject\",\"inLanguage\":\"pl-PL\",\"@id\":\"https:\\\/\\\/www.pakery.pl\\\/pl\\\/produkt\\\/nasada-szczypcowa-1-4\\\/#primaryimage\",\"url\":\"https:\\\/\\\/www.pakery.pl\\\/wp-content\\\/uploads\\\/2021\\\/04\\\/nasada-m10x1-602x602-1.png\",\"contentUrl\":\"https:\\\/\\\/www.pakery.pl\\\/wp-content\\\/uploads\\\/2021\\\/04\\\/nasada-m10x1-602x602-1.png\",\"width\":602,\"height\":602},{\"@type\":\"BreadcrumbList\",\"@id\":\"https:\\\/\\\/www.pakery.pl\\\/pl\\\/produkt\\\/nasada-szczypcowa-1-4\\\/#breadcrumb\",\"itemListElement\":[{\"@type\":\"ListItem\",\"position\":1,\"name\":\"Strona g\u0142\u00f3wna\",\"item\":\"https:\\\/\\\/www.pakery.pl\\\/pl\\\/\"},{\"@type\":\"ListItem\",\"position\":2,\"name\":\"Sklep\",\"item\":\"https:\\\/\\\/www.pakery.pl\\\/pl\\\/sklep\\\/\"},{\"@type\":\"ListItem\",\"position\":3,\"name\":\"Nasada szczypcowa\"}]},{\"@type\":\"WebSite\",\"@id\":\"https:\\\/\\\/www.pakery.pl\\\/pl\\\/#website\",\"url\":\"https:\\\/\\\/www.pakery.pl\\\/pl\\\/\",\"name\":\"Pakery.pl\",\"description\":\"Pakery iniekcyjne, Kotwy spiralne, Lance iniekcyjne, W\u0119\u017ce do iniekcji, Pompy iniekcyjne, Serwis pomp iniekcyjnych, Wynajem pomp do iniekcji\",\"publisher\":{\"@id\":\"https:\\\/\\\/www.pakery.pl\\\/pl\\\/#organization\"},\"potentialAction\":[{\"@type\":\"SearchAction\",\"target\":{\"@type\":\"EntryPoint\",\"urlTemplate\":\"https:\\\/\\\/www.pakery.pl\\\/pl\\\/?s={search_term_string}\"},\"query-input\":{\"@type\":\"PropertyValueSpecification\",\"valueRequired\":true,\"valueName\":\"search_term_string\"}}],\"inLanguage\":\"pl-PL\"},{\"@type\":\"Organization\",\"@id\":\"https:\\\/\\\/www.pakery.pl\\\/pl\\\/#organization\",\"name\":\"PAKERY.PL\",\"url\":\"https:\\\/\\\/www.pakery.pl\\\/pl\\\/\",\"logo\":{\"@type\":\"ImageObject\",\"inLanguage\":\"pl-PL\",\"@id\":\"https:\\\/\\\/www.pakery.pl\\\/pl\\\/#\\\/schema\\\/logo\\\/image\\\/\",\"url\":\"https:\\\/\\\/www.pakery.pl\\\/wp-content\\\/uploads\\\/2021\\\/04\\\/cropped-PAKERY-LOGO.png\",\"contentUrl\":\"https:\\\/\\\/www.pakery.pl\\\/wp-content\\\/uploads\\\/2021\\\/04\\\/cropped-PAKERY-LOGO.png\",\"width\":1529,\"height\":500,\"caption\":\"PAKERY.PL\"},\"image\":{\"@id\":\"https:\\\/\\\/www.pakery.pl\\\/pl\\\/#\\\/schema\\\/logo\\\/image\\\/\"}}]}<\/script>\n<!-- \/ Yoast SEO plugin. -->","yoast_head_json":{"title":"Nasada szczypcowa | Pakery do cementu - PAKERY.PL","description":"Przy u\u017cyciu nasady szczypcowej zyskujemy wygod\u0119 iniekcji. Szczypce do iniekcji s\u0105 kompatybilne z takim rodzajem nasady.","robots":{"index":"index","follow":"follow","max-snippet":"max-snippet:-1","max-image-preview":"max-image-preview:large","max-video-preview":"max-video-preview:-1"},"canonical":"https:\/\/www.pakery.pl\/pl\/produkt\/nasada-szczypcowa-1-4\/","og_locale":"pl_PL","og_type":"article","og_title":"Nasada szczypcowa | Pakery do cementu - PAKERY.PL","og_description":"Przy u\u017cyciu nasady szczypcowej zyskujemy wygod\u0119 iniekcji. Szczypce do iniekcji s\u0105 kompatybilne z takim rodzajem nasady.","og_url":"https:\/\/www.pakery.pl\/pl\/produkt\/nasada-szczypcowa-1-4\/","og_site_name":"PAKERY.PL","article_modified_time":"2023-07-21T13:48:37+00:00","og_image":[{"width":602,"height":602,"url":"https:\/\/www.pakery.pl\/wp-content\/uploads\/2021\/04\/nasada-m10x1-602x602-1.png","type":"image\/png"}],"twitter_card":"summary_large_image","schema":{"@context":"https:\/\/schema.org","@graph":[{"@type":"WebPage","@id":"https:\/\/www.pakery.pl\/pl\/produkt\/nasada-szczypcowa-1-4\/","url":"https:\/\/www.pakery.pl\/pl\/produkt\/nasada-szczypcowa-1-4\/","name":"Nasada szczypcowa | Pakery do cementu - PAKERY.PL","isPartOf":{"@id":"https:\/\/www.pakery.pl\/pl\/#website"},"primaryImageOfPage":{"@id":"https:\/\/www.pakery.pl\/pl\/produkt\/nasada-szczypcowa-1-4\/#primaryimage"},"image":{"@id":"https:\/\/www.pakery.pl\/pl\/produkt\/nasada-szczypcowa-1-4\/#primaryimage"},"thumbnailUrl":"https:\/\/www.pakery.pl\/wp-content\/uploads\/2021\/04\/nasada-m10x1-602x602-1.png","datePublished":"2021-04-22T08:31:25+00:00","dateModified":"2023-07-21T13:48:37+00:00","description":"Przy u\u017cyciu nasady szczypcowej zyskujemy wygod\u0119 iniekcji. Szczypce do iniekcji s\u0105 kompatybilne z takim rodzajem nasady.","breadcrumb":{"@id":"https:\/\/www.pakery.pl\/pl\/produkt\/nasada-szczypcowa-1-4\/#breadcrumb"},"inLanguage":"pl-PL","potentialAction":[{"@type":"ReadAction","target":["https:\/\/www.pakery.pl\/pl\/produkt\/nasada-szczypcowa-1-4\/"]}]},{"@type":"ImageObject","inLanguage":"pl-PL","@id":"https:\/\/www.pakery.pl\/pl\/produkt\/nasada-szczypcowa-1-4\/#primaryimage","url":"https:\/\/www.pakery.pl\/wp-content\/uploads\/2021\/04\/nasada-m10x1-602x602-1.png","contentUrl":"https:\/\/www.pakery.pl\/wp-content\/uploads\/2021\/04\/nasada-m10x1-602x602-1.png","width":602,"height":602},{"@type":"BreadcrumbList","@id":"https:\/\/www.pakery.pl\/pl\/produkt\/nasada-szczypcowa-1-4\/#breadcrumb","itemListElement":[{"@type":"ListItem","position":1,"name":"Strona g\u0142\u00f3wna","item":"https:\/\/www.pakery.pl\/pl\/"},{"@type":"ListItem","position":2,"name":"Sklep","item":"https:\/\/www.pakery.pl\/pl\/sklep\/"},{"@type":"ListItem","position":3,"name":"Nasada szczypcowa"}]},{"@type":"WebSite","@id":"https:\/\/www.pakery.pl\/pl\/#website","url":"https:\/\/www.pakery.pl\/pl\/","name":"Pakery.pl","description":"Pakery iniekcyjne, Kotwy spiralne, Lance iniekcyjne, W\u0119\u017ce do iniekcji, Pompy iniekcyjne, Serwis pomp iniekcyjnych, Wynajem pomp do iniekcji","publisher":{"@id":"https:\/\/www.pakery.pl\/pl\/#organization"},"potentialAction":[{"@type":"SearchAction","target":{"@type":"EntryPoint","urlTemplate":"https:\/\/www.pakery.pl\/pl\/?s={search_term_string}"},"query-input":{"@type":"PropertyValueSpecification","valueRequired":true,"valueName":"search_term_string"}}],"inLanguage":"pl-PL"},{"@type":"Organization","@id":"https:\/\/www.pakery.pl\/pl\/#organization","name":"PAKERY.PL","url":"https:\/\/www.pakery.pl\/pl\/","logo":{"@type":"ImageObject","inLanguage":"pl-PL","@id":"https:\/\/www.pakery.pl\/pl\/#\/schema\/logo\/image\/","url":"https:\/\/www.pakery.pl\/wp-content\/uploads\/2021\/04\/cropped-PAKERY-LOGO.png","contentUrl":"https:\/\/www.pakery.pl\/wp-content\/uploads\/2021\/04\/cropped-PAKERY-LOGO.png","width":1529,"height":500,"caption":"PAKERY.PL"},"image":{"@id":"https:\/\/www.pakery.pl\/pl\/#\/schema\/logo\/image\/"}}]}},"_links":{"self":[{"href":"https:\/\/www.pakery.pl\/pl\/wp-json\/wp\/v2\/product\/1996","targetHints":{"allow":["GET"]}}],"collection":[{"href":"https:\/\/www.pakery.pl\/pl\/wp-json\/wp\/v2\/product"}],"about":[{"href":"https:\/\/www.pakery.pl\/pl\/wp-json\/wp\/v2\/types\/product"}],"version-history":[{"count":5,"href":"https:\/\/www.pakery.pl\/pl\/wp-json\/wp\/v2\/product\/1996\/revisions"}],"predecessor-version":[{"id":41555,"href":"https:\/\/www.pakery.pl\/pl\/wp-json\/wp\/v2\/product\/1996\/revisions\/41555"}],"wp:featuredmedia":[{"embeddable":true,"href":"https:\/\/www.pakery.pl\/pl\/wp-json\/wp\/v2\/media\/41478"}],"wp:attachment":[{"href":"https:\/\/www.pakery.pl\/pl\/wp-json\/wp\/v2\/media?parent=1996"}],"wp:term":[{"taxonomy":"product_brand","embeddable":true,"href":"https:\/\/www.pakery.pl\/pl\/wp-json\/wp\/v2\/product_brand?post=1996"},{"taxonomy":"product_cat","embeddable":true,"href":"https:\/\/www.pakery.pl\/pl\/wp-json\/wp\/v2\/product_cat?post=1996"},{"taxonomy":"product_tag","embeddable":true,"href":"https:\/\/www.pakery.pl\/pl\/wp-json\/wp\/v2\/product_tag?post=1996"}],"curies":[{"name":"wp","href":"https:\/\/api.w.org\/{rel}","templated":true}]}}