{"id":1898,"date":"2021-04-21T11:24:36","date_gmt":"2021-04-21T09:24:36","guid":{"rendered":"https:\/\/www.pakery.pl\/?post_type=product&#038;p=1898"},"modified":"2025-05-19T14:28:17","modified_gmt":"2025-05-19T12:28:17","slug":"pi-a-13-200","status":"publish","type":"product","link":"https:\/\/www.pakery.pl\/pl\/produkt\/pi-a-13-200\/","title":{"rendered":"Paker do iniekcji PI-A 13\/200"},"content":{"rendered":"<p><b>Paker aluminiowy z\u00a0kalamitami najwy\u017cszej jako\u015bci SWG \/ PRE \/ FWG znanych z serii professional line<\/b>.<\/p>\n<p>Iniektor zapewnia wzorow\u0105 szczelno\u015b\u0107, oraz dobre kotwienie. Iniektor zapewnia szczelne podawanie iniektu przy niskich oraz wysokich ci\u015bnieniach. Bardzo atrakcyjna cena.<\/p>\n<p>Paker wyst\u0119puje w r\u00f3\u017cnych d\u0142ugo\u015bciach korpusu: 110 \/ 150 \/ <strong>200<\/strong> \/ 300 \/ 450 mm.<\/p>\n<p>Niew\u0105tpliw\u0105 zalet\u0105 jest mo\u017cliwo\u015b\u0107 utr\u0105cenia pakera m\u0142otkiem.<\/p>\n","protected":false},"excerpt":{"rendered":"<p>Paker aluminiowy z\u00a0kalamitami najwy\u017cszej jako\u015bci SWG \/ PRE \/ FWG znanych z serii professional line. Iniektor zapewnia wzorow\u0105 szczelno\u015b\u0107, oraz dobre kotwienie. Iniektor zapewnia szczelne podawanie iniektu przy niskich oraz wysokich ci\u015bnieniach. Bardzo atrakcyjna cena. Paker wyst\u0119puje w r\u00f3\u017cnych d\u0142ugo\u015bciach korpusu: 110 \/ 150 \/ 200 \/ 300 \/ 450 mm. Niew\u0105tpliw\u0105 zalet\u0105 jest mo\u017cliwo\u015b\u0107 [&hellip;]<\/p>\n","protected":false},"featured_media":3227,"template":"","meta":{"_acf_changed":false},"product_brand":[],"product_cat":[36],"product_tag":[],"class_list":{"0":"post-1898","1":"product","2":"type-product","3":"status-publish","4":"has-post-thumbnail","6":"product_cat-pakery-stalowe","7":"pa_rodzaj-kalamitki-fwg","8":"pa_rodzaj-kalamitki-pre","9":"pa_rodzaj-kalamitki-swg","11":"first","12":"instock","13":"taxable","14":"shipping-taxable","15":"purchasable","16":"product-type-variable"},"acf":[],"yoast_head":"<!-- This site is optimized with the Yoast SEO plugin v27.3 - https:\/\/yoast.com\/product\/yoast-seo-wordpress\/ -->\n<title>Paker do iniekcji aluminiowy PI-A 13\/200 - PAKERY.PL<\/title>\n<meta name=\"description\" content=\"Paker do iniekcji aluminiowy. Nasze kalamitki zapewniaj\u0105 wzorow\u0105 szczelno\u015b\u0107 nawet przy bardzo wysokim ci\u015bnieniu.\" \/>\n<meta name=\"robots\" content=\"index, follow, max-snippet:-1, max-image-preview:large, max-video-preview:-1\" \/>\n<link rel=\"canonical\" href=\"https:\/\/www.pakery.pl\/pl\/produkt\/pi-a-13-200\/\" \/>\n<meta property=\"og:locale\" content=\"pl_PL\" \/>\n<meta property=\"og:type\" content=\"article\" \/>\n<meta property=\"og:title\" content=\"Paker do iniekcji aluminiowy PI-A 13\/200 - PAKERY.PL\" \/>\n<meta property=\"og:description\" content=\"Paker do iniekcji aluminiowy. Nasze kalamitki zapewniaj\u0105 wzorow\u0105 szczelno\u015b\u0107 nawet przy bardzo wysokim ci\u015bnieniu.\" \/>\n<meta property=\"og:url\" content=\"https:\/\/www.pakery.pl\/pl\/produkt\/pi-a-13-200\/\" \/>\n<meta property=\"og:site_name\" content=\"PAKERY.PL\" \/>\n<meta property=\"article:modified_time\" content=\"2025-05-19T12:28:17+00:00\" \/>\n<meta property=\"og:image\" content=\"https:\/\/www.pakery.pl\/wp-content\/uploads\/2021\/04\/PI-A-13100-1024x1024.png\" \/>\n\t<meta property=\"og:image:width\" content=\"1024\" \/>\n\t<meta property=\"og:image:height\" content=\"1024\" \/>\n\t<meta property=\"og:image:type\" content=\"image\/png\" \/>\n<meta name=\"twitter:card\" content=\"summary_large_image\" \/>\n<meta name=\"twitter:label1\" content=\"Szacowany czas czytania\" \/>\n\t<meta name=\"twitter:data1\" content=\"1 minuta\" \/>\n<script type=\"application\/ld+json\" class=\"yoast-schema-graph\">{\"@context\":\"https:\\\/\\\/schema.org\",\"@graph\":[{\"@type\":\"WebPage\",\"@id\":\"https:\\\/\\\/www.pakery.pl\\\/pl\\\/produkt\\\/pi-a-13-200\\\/\",\"url\":\"https:\\\/\\\/www.pakery.pl\\\/pl\\\/produkt\\\/pi-a-13-200\\\/\",\"name\":\"Paker do iniekcji aluminiowy PI-A 13\\\/200 - PAKERY.PL\",\"isPartOf\":{\"@id\":\"https:\\\/\\\/www.pakery.pl\\\/pl\\\/#website\"},\"primaryImageOfPage\":{\"@id\":\"https:\\\/\\\/www.pakery.pl\\\/pl\\\/produkt\\\/pi-a-13-200\\\/#primaryimage\"},\"image\":{\"@id\":\"https:\\\/\\\/www.pakery.pl\\\/pl\\\/produkt\\\/pi-a-13-200\\\/#primaryimage\"},\"thumbnailUrl\":\"https:\\\/\\\/www.pakery.pl\\\/wp-content\\\/uploads\\\/2021\\\/04\\\/PI-A-13100.png\",\"datePublished\":\"2021-04-21T09:24:36+00:00\",\"dateModified\":\"2025-05-19T12:28:17+00:00\",\"description\":\"Paker do iniekcji aluminiowy. Nasze kalamitki zapewniaj\u0105 wzorow\u0105 szczelno\u015b\u0107 nawet przy bardzo wysokim ci\u015bnieniu.\",\"breadcrumb\":{\"@id\":\"https:\\\/\\\/www.pakery.pl\\\/pl\\\/produkt\\\/pi-a-13-200\\\/#breadcrumb\"},\"inLanguage\":\"pl-PL\",\"potentialAction\":[{\"@type\":\"ReadAction\",\"target\":[\"https:\\\/\\\/www.pakery.pl\\\/pl\\\/produkt\\\/pi-a-13-200\\\/\"]}]},{\"@type\":\"ImageObject\",\"inLanguage\":\"pl-PL\",\"@id\":\"https:\\\/\\\/www.pakery.pl\\\/pl\\\/produkt\\\/pi-a-13-200\\\/#primaryimage\",\"url\":\"https:\\\/\\\/www.pakery.pl\\\/wp-content\\\/uploads\\\/2021\\\/04\\\/PI-A-13100.png\",\"contentUrl\":\"https:\\\/\\\/www.pakery.pl\\\/wp-content\\\/uploads\\\/2021\\\/04\\\/PI-A-13100.png\",\"width\":2500,\"height\":2500,\"caption\":\"Paker do iniekcji paker iniekcyjny\"},{\"@type\":\"BreadcrumbList\",\"@id\":\"https:\\\/\\\/www.pakery.pl\\\/pl\\\/produkt\\\/pi-a-13-200\\\/#breadcrumb\",\"itemListElement\":[{\"@type\":\"ListItem\",\"position\":1,\"name\":\"Strona g\u0142\u00f3wna\",\"item\":\"https:\\\/\\\/www.pakery.pl\\\/pl\\\/\"},{\"@type\":\"ListItem\",\"position\":2,\"name\":\"Sklep\",\"item\":\"https:\\\/\\\/www.pakery.pl\\\/pl\\\/sklep\\\/\"},{\"@type\":\"ListItem\",\"position\":3,\"name\":\"Paker do iniekcji PI-A 13\\\/200\"}]},{\"@type\":\"WebSite\",\"@id\":\"https:\\\/\\\/www.pakery.pl\\\/pl\\\/#website\",\"url\":\"https:\\\/\\\/www.pakery.pl\\\/pl\\\/\",\"name\":\"Pakery.pl\",\"description\":\"Pakery iniekcyjne, Kotwy spiralne, Lance iniekcyjne, W\u0119\u017ce do iniekcji, Pompy iniekcyjne, Serwis pomp iniekcyjnych, Wynajem pomp do iniekcji\",\"publisher\":{\"@id\":\"https:\\\/\\\/www.pakery.pl\\\/pl\\\/#organization\"},\"potentialAction\":[{\"@type\":\"SearchAction\",\"target\":{\"@type\":\"EntryPoint\",\"urlTemplate\":\"https:\\\/\\\/www.pakery.pl\\\/pl\\\/?s={search_term_string}\"},\"query-input\":{\"@type\":\"PropertyValueSpecification\",\"valueRequired\":true,\"valueName\":\"search_term_string\"}}],\"inLanguage\":\"pl-PL\"},{\"@type\":\"Organization\",\"@id\":\"https:\\\/\\\/www.pakery.pl\\\/pl\\\/#organization\",\"name\":\"PAKERY.PL\",\"url\":\"https:\\\/\\\/www.pakery.pl\\\/pl\\\/\",\"logo\":{\"@type\":\"ImageObject\",\"inLanguage\":\"pl-PL\",\"@id\":\"https:\\\/\\\/www.pakery.pl\\\/pl\\\/#\\\/schema\\\/logo\\\/image\\\/\",\"url\":\"https:\\\/\\\/www.pakery.pl\\\/wp-content\\\/uploads\\\/2021\\\/04\\\/cropped-PAKERY-LOGO.png\",\"contentUrl\":\"https:\\\/\\\/www.pakery.pl\\\/wp-content\\\/uploads\\\/2021\\\/04\\\/cropped-PAKERY-LOGO.png\",\"width\":1529,\"height\":500,\"caption\":\"PAKERY.PL\"},\"image\":{\"@id\":\"https:\\\/\\\/www.pakery.pl\\\/pl\\\/#\\\/schema\\\/logo\\\/image\\\/\"}}]}<\/script>\n<!-- \/ Yoast SEO plugin. -->","yoast_head_json":{"title":"Paker do iniekcji aluminiowy PI-A 13\/200 - PAKERY.PL","description":"Paker do iniekcji aluminiowy. Nasze kalamitki zapewniaj\u0105 wzorow\u0105 szczelno\u015b\u0107 nawet przy bardzo wysokim ci\u015bnieniu.","robots":{"index":"index","follow":"follow","max-snippet":"max-snippet:-1","max-image-preview":"max-image-preview:large","max-video-preview":"max-video-preview:-1"},"canonical":"https:\/\/www.pakery.pl\/pl\/produkt\/pi-a-13-200\/","og_locale":"pl_PL","og_type":"article","og_title":"Paker do iniekcji aluminiowy PI-A 13\/200 - PAKERY.PL","og_description":"Paker do iniekcji aluminiowy. Nasze kalamitki zapewniaj\u0105 wzorow\u0105 szczelno\u015b\u0107 nawet przy bardzo wysokim ci\u015bnieniu.","og_url":"https:\/\/www.pakery.pl\/pl\/produkt\/pi-a-13-200\/","og_site_name":"PAKERY.PL","article_modified_time":"2025-05-19T12:28:17+00:00","og_image":[{"width":1024,"height":1024,"url":"https:\/\/www.pakery.pl\/wp-content\/uploads\/2021\/04\/PI-A-13100-1024x1024.png","type":"image\/png"}],"twitter_card":"summary_large_image","twitter_misc":{"Szacowany czas czytania":"1 minuta"},"schema":{"@context":"https:\/\/schema.org","@graph":[{"@type":"WebPage","@id":"https:\/\/www.pakery.pl\/pl\/produkt\/pi-a-13-200\/","url":"https:\/\/www.pakery.pl\/pl\/produkt\/pi-a-13-200\/","name":"Paker do iniekcji aluminiowy PI-A 13\/200 - PAKERY.PL","isPartOf":{"@id":"https:\/\/www.pakery.pl\/pl\/#website"},"primaryImageOfPage":{"@id":"https:\/\/www.pakery.pl\/pl\/produkt\/pi-a-13-200\/#primaryimage"},"image":{"@id":"https:\/\/www.pakery.pl\/pl\/produkt\/pi-a-13-200\/#primaryimage"},"thumbnailUrl":"https:\/\/www.pakery.pl\/wp-content\/uploads\/2021\/04\/PI-A-13100.png","datePublished":"2021-04-21T09:24:36+00:00","dateModified":"2025-05-19T12:28:17+00:00","description":"Paker do iniekcji aluminiowy. Nasze kalamitki zapewniaj\u0105 wzorow\u0105 szczelno\u015b\u0107 nawet przy bardzo wysokim ci\u015bnieniu.","breadcrumb":{"@id":"https:\/\/www.pakery.pl\/pl\/produkt\/pi-a-13-200\/#breadcrumb"},"inLanguage":"pl-PL","potentialAction":[{"@type":"ReadAction","target":["https:\/\/www.pakery.pl\/pl\/produkt\/pi-a-13-200\/"]}]},{"@type":"ImageObject","inLanguage":"pl-PL","@id":"https:\/\/www.pakery.pl\/pl\/produkt\/pi-a-13-200\/#primaryimage","url":"https:\/\/www.pakery.pl\/wp-content\/uploads\/2021\/04\/PI-A-13100.png","contentUrl":"https:\/\/www.pakery.pl\/wp-content\/uploads\/2021\/04\/PI-A-13100.png","width":2500,"height":2500,"caption":"Paker do iniekcji paker iniekcyjny"},{"@type":"BreadcrumbList","@id":"https:\/\/www.pakery.pl\/pl\/produkt\/pi-a-13-200\/#breadcrumb","itemListElement":[{"@type":"ListItem","position":1,"name":"Strona g\u0142\u00f3wna","item":"https:\/\/www.pakery.pl\/pl\/"},{"@type":"ListItem","position":2,"name":"Sklep","item":"https:\/\/www.pakery.pl\/pl\/sklep\/"},{"@type":"ListItem","position":3,"name":"Paker do iniekcji PI-A 13\/200"}]},{"@type":"WebSite","@id":"https:\/\/www.pakery.pl\/pl\/#website","url":"https:\/\/www.pakery.pl\/pl\/","name":"Pakery.pl","description":"Pakery iniekcyjne, Kotwy spiralne, Lance iniekcyjne, W\u0119\u017ce do iniekcji, Pompy iniekcyjne, Serwis pomp iniekcyjnych, Wynajem pomp do iniekcji","publisher":{"@id":"https:\/\/www.pakery.pl\/pl\/#organization"},"potentialAction":[{"@type":"SearchAction","target":{"@type":"EntryPoint","urlTemplate":"https:\/\/www.pakery.pl\/pl\/?s={search_term_string}"},"query-input":{"@type":"PropertyValueSpecification","valueRequired":true,"valueName":"search_term_string"}}],"inLanguage":"pl-PL"},{"@type":"Organization","@id":"https:\/\/www.pakery.pl\/pl\/#organization","name":"PAKERY.PL","url":"https:\/\/www.pakery.pl\/pl\/","logo":{"@type":"ImageObject","inLanguage":"pl-PL","@id":"https:\/\/www.pakery.pl\/pl\/#\/schema\/logo\/image\/","url":"https:\/\/www.pakery.pl\/wp-content\/uploads\/2021\/04\/cropped-PAKERY-LOGO.png","contentUrl":"https:\/\/www.pakery.pl\/wp-content\/uploads\/2021\/04\/cropped-PAKERY-LOGO.png","width":1529,"height":500,"caption":"PAKERY.PL"},"image":{"@id":"https:\/\/www.pakery.pl\/pl\/#\/schema\/logo\/image\/"}}]}},"_links":{"self":[{"href":"https:\/\/www.pakery.pl\/pl\/wp-json\/wp\/v2\/product\/1898","targetHints":{"allow":["GET"]}}],"collection":[{"href":"https:\/\/www.pakery.pl\/pl\/wp-json\/wp\/v2\/product"}],"about":[{"href":"https:\/\/www.pakery.pl\/pl\/wp-json\/wp\/v2\/types\/product"}],"version-history":[{"count":5,"href":"https:\/\/www.pakery.pl\/pl\/wp-json\/wp\/v2\/product\/1898\/revisions"}],"predecessor-version":[{"id":50058,"href":"https:\/\/www.pakery.pl\/pl\/wp-json\/wp\/v2\/product\/1898\/revisions\/50058"}],"wp:featuredmedia":[{"embeddable":true,"href":"https:\/\/www.pakery.pl\/pl\/wp-json\/wp\/v2\/media\/3227"}],"wp:attachment":[{"href":"https:\/\/www.pakery.pl\/pl\/wp-json\/wp\/v2\/media?parent=1898"}],"wp:term":[{"taxonomy":"product_brand","embeddable":true,"href":"https:\/\/www.pakery.pl\/pl\/wp-json\/wp\/v2\/product_brand?post=1898"},{"taxonomy":"product_cat","embeddable":true,"href":"https:\/\/www.pakery.pl\/pl\/wp-json\/wp\/v2\/product_cat?post=1898"},{"taxonomy":"product_tag","embeddable":true,"href":"https:\/\/www.pakery.pl\/pl\/wp-json\/wp\/v2\/product_tag?post=1898"}],"curies":[{"name":"wp","href":"https:\/\/api.w.org\/{rel}","templated":true}]}}